{"id":2814,"date":"2017-06-14T00:30:54","date_gmt":"2017-06-14T00:30:54","guid":{"rendered":"http:\/\/mmfss.ca\/?post_type=product&#038;p=2814"},"modified":"2020-04-27T21:22:47","modified_gmt":"2020-04-27T21:22:47","slug":"quarter-turn-hydrant-valve-2-5-65mm","status":"publish","type":"product","link":"https:\/\/safetysourcefire.ca\/fr\/produit\/quarter-turn-hydrant-valve-2-5-65mm\/","title":{"rendered":"Vanne de bouche d&#039;incendie quart de tour 2,5 \u2033 (65MM)"},"content":{"rendered":"<p>La voie d'eau \u00e0 plein d\u00e9bit de 2,5\u2033 (65 mm) fournit un d\u00e9bit d'eau maximal tout en assurant une perte minimale. La poign\u00e9e de la vanne quart de tour s'op\u00e8re facilement et n\u00e9cessite une faible force pour s'ouvrir\/se fermer, m\u00eame sous pression. Pi\u00e8ce moul\u00e9e en alliage d'aluminium l\u00e9ger et robuste avec rev\u00eatement en poudre durable \u00e0 l'int\u00e9rieur et \u00e0 l'ext\u00e9rieur, raccords anodis\u00e9s, poign\u00e9e pliante en nylon ultrar\u00e9sistant. Le raccord d'entr\u00e9e (cosse \u00e0 bascule pivotante femelle de 2,5 po -65 mm) est standard.<strong>\u00a0<\/strong><\/p>\n<p>La valve quart de tour de 2 \u00bd pouces de TFT est une valve l\u00e9g\u00e8re avec une voie d'eau compl\u00e8te de 2 \u00bd pouces. La pression de fonctionnement est de 300 psi (20 bar), de chaque c\u00f4t\u00e9 de la vanne. Si\u00e8ge de soupape rempla\u00e7able sur le site de travail. La poign\u00e9e de la vanne s'op\u00e8re sans grande force,  m\u00eame sous pression. Le verrouillage automatique de la vanne maintient la position de la vanne tout permettant l'\u00e9coulement par des ouvertures partielles. Tous les composants du c\u00f4t\u00e9 humide de la vanne sont en aluminium anodis\u00e9 pour une protection suppl\u00e9mentaire contre la corrosion. Orifices filet\u00e9s pour manom\u00e8tre ou purgeur. Trou pour la fixation du capuchon d'attache. Le moulage d'aluminium est anodis\u00e9 dur et recouvert d'un rev\u00eatement en poudre TFT argent\u00e9 \u00e0 l'int\u00e9rieur et \u00e0 l'ext\u00e9rieur pour une protection maximale contre la corrosion.<\/p>","protected":false},"excerpt":{"rendered":"<p>Ces vannes \u00e0 bille en aluminium assurent une \u00e9tanch\u00e9it\u00e9 totale (quart de tour).<\/p>","protected":false},"featured_media":2785,"template":"","meta":[],"product_brand":[179],"product_cat":[44,64],"product_tag":[355,354],"class_list":{"0":"post-2814","1":"product","2":"type-product","3":"status-publish","4":"has-post-thumbnail","6":"product_brand-tft","7":"product_cat-fire-suppression","8":"product_cat-hardware-appliances-adapters","9":"product_tag-task-force-tips","10":"product_tag-tft","12":"first","13":"instock","14":"shipping-taxable","15":"product-type-simple"},"yoast_head":"<!-- This site is optimized with the Yoast SEO plugin v27.4 - https:\/\/yoast.com\/product\/yoast-seo-wordpress\/ -->\n<title>Quarter Turn Hydrant Valve 2.5&quot; (65MM) - Safety Source Fire<\/title>\n<meta name=\"robots\" content=\"index, follow, max-snippet:-1, max-image-preview:large, max-video-preview:-1\" \/>\n<link rel=\"canonical\" href=\"https:\/\/safetysourcefire.ca\/fr\/?product=quarter-turn-hydrant-valve-2-5-65mm\" \/>\n<meta property=\"og:locale\" content=\"fr_CA\" \/>\n<meta property=\"og:type\" content=\"article\" \/>\n<meta property=\"og:title\" content=\"Quarter Turn Hydrant Valve 2.5&quot; (65MM) - Safety Source Fire\" \/>\n<meta property=\"og:description\" content=\"Quarter-turn aluminum ball valves provide a positive shutoff.\" \/>\n<meta property=\"og:url\" content=\"https:\/\/safetysourcefire.ca\/fr\/?product=quarter-turn-hydrant-valve-2-5-65mm\" \/>\n<meta property=\"og:site_name\" content=\"Safety Source Fire\" \/>\n<meta property=\"article:publisher\" content=\"https:\/\/www.facebook.com\/mmfssca\" \/>\n<meta property=\"article:modified_time\" content=\"2020-04-27T21:22:47+00:00\" \/>\n<meta property=\"og:image\" content=\"https:\/\/safetysourcefire.ca\/wp-content\/uploads\/2017\/06\/AV5NJ-NJ.jpg\" \/>\n\t<meta property=\"og:image:width\" content=\"600\" \/>\n\t<meta property=\"og:image:height\" content=\"600\" \/>\n\t<meta property=\"og:image:type\" content=\"image\/jpeg\" \/>\n<meta name=\"twitter:card\" content=\"summary_large_image\" \/>\n<meta name=\"twitter:site\" content=\"@mmfssca\" \/>\n<meta name=\"twitter:label1\" content=\"Estimation du temps de lecture\" \/>\n\t<meta name=\"twitter:data1\" content=\"1 minute\" \/>\n<script type=\"application\/ld+json\" class=\"yoast-schema-graph\">{\"@context\":\"https:\\\/\\\/schema.org\",\"@graph\":[{\"@type\":\"WebPage\",\"@id\":\"https:\\\/\\\/safetysourcefire.ca\\\/?product=quarter-turn-hydrant-valve-2-5-65mm\",\"url\":\"https:\\\/\\\/safetysourcefire.ca\\\/?product=quarter-turn-hydrant-valve-2-5-65mm\",\"name\":\"Quarter Turn Hydrant Valve 2.5\\\" (65MM) - Safety Source Fire\",\"isPartOf\":{\"@id\":\"https:\\\/\\\/safetysourcefire.ca\\\/#website\"},\"primaryImageOfPage\":{\"@id\":\"https:\\\/\\\/safetysourcefire.ca\\\/?product=quarter-turn-hydrant-valve-2-5-65mm#primaryimage\"},\"image\":{\"@id\":\"https:\\\/\\\/safetysourcefire.ca\\\/?product=quarter-turn-hydrant-valve-2-5-65mm#primaryimage\"},\"thumbnailUrl\":\"https:\\\/\\\/safetysourcefire.ca\\\/wp-content\\\/uploads\\\/2017\\\/06\\\/AV5NJ-NJ.jpg\",\"datePublished\":\"2017-06-14T00:30:54+00:00\",\"dateModified\":\"2020-04-27T21:22:47+00:00\",\"breadcrumb\":{\"@id\":\"https:\\\/\\\/safetysourcefire.ca\\\/?product=quarter-turn-hydrant-valve-2-5-65mm#breadcrumb\"},\"inLanguage\":\"fr-CA\",\"potentialAction\":[{\"@type\":\"ReadAction\",\"target\":[\"https:\\\/\\\/safetysourcefire.ca\\\/?product=quarter-turn-hydrant-valve-2-5-65mm\"]}]},{\"@type\":\"ImageObject\",\"inLanguage\":\"fr-CA\",\"@id\":\"https:\\\/\\\/safetysourcefire.ca\\\/?product=quarter-turn-hydrant-valve-2-5-65mm#primaryimage\",\"url\":\"https:\\\/\\\/safetysourcefire.ca\\\/wp-content\\\/uploads\\\/2017\\\/06\\\/AV5NJ-NJ.jpg\",\"contentUrl\":\"https:\\\/\\\/safetysourcefire.ca\\\/wp-content\\\/uploads\\\/2017\\\/06\\\/AV5NJ-NJ.jpg\",\"width\":600,\"height\":600,\"caption\":\"AV5NJ-NJ\"},{\"@type\":\"BreadcrumbList\",\"@id\":\"https:\\\/\\\/safetysourcefire.ca\\\/?product=quarter-turn-hydrant-valve-2-5-65mm#breadcrumb\",\"itemListElement\":[{\"@type\":\"ListItem\",\"position\":1,\"name\":\"Home\",\"item\":\"https:\\\/\\\/safetysourcefire.ca\\\/\"},{\"@type\":\"ListItem\",\"position\":2,\"name\":\"Products\",\"item\":\"https:\\\/\\\/safetysourcefire.ca\\\/shop\\\/\"},{\"@type\":\"ListItem\",\"position\":3,\"name\":\"Quarter Turn Hydrant Valve 2.5&#8243; (65MM)\"}]},{\"@type\":\"WebSite\",\"@id\":\"https:\\\/\\\/safetysourcefire.ca\\\/#website\",\"url\":\"https:\\\/\\\/safetysourcefire.ca\\\/\",\"name\":\"Safety Source Fire\",\"description\":\"\",\"publisher\":{\"@id\":\"https:\\\/\\\/safetysourcefire.ca\\\/#organization\"},\"potentialAction\":[{\"@type\":\"SearchAction\",\"target\":{\"@type\":\"EntryPoint\",\"urlTemplate\":\"https:\\\/\\\/safetysourcefire.ca\\\/?s={search_term_string}\"},\"query-input\":{\"@type\":\"PropertyValueSpecification\",\"valueRequired\":true,\"valueName\":\"search_term_string\"}}],\"inLanguage\":\"fr-CA\"},{\"@type\":\"Organization\",\"@id\":\"https:\\\/\\\/safetysourcefire.ca\\\/#organization\",\"name\":\"Safety Source Fire\",\"url\":\"https:\\\/\\\/safetysourcefire.ca\\\/\",\"logo\":{\"@type\":\"ImageObject\",\"inLanguage\":\"fr-CA\",\"@id\":\"https:\\\/\\\/safetysourcefire.ca\\\/#\\\/schema\\\/logo\\\/image\\\/\",\"url\":\"https:\\\/\\\/safetysourcefire.ca\\\/wp-content\\\/uploads\\\/2021\\\/01\\\/SSF_logo_CC0000-3.png\",\"contentUrl\":\"https:\\\/\\\/safetysourcefire.ca\\\/wp-content\\\/uploads\\\/2021\\\/01\\\/SSF_logo_CC0000-3.png\",\"width\":1107,\"height\":365,\"caption\":\"Safety Source Fire\"},\"image\":{\"@id\":\"https:\\\/\\\/safetysourcefire.ca\\\/#\\\/schema\\\/logo\\\/image\\\/\"},\"sameAs\":[\"https:\\\/\\\/www.facebook.com\\\/mmfssca\",\"https:\\\/\\\/x.com\\\/mmfssca\"]}]}<\/script>\n<!-- \/ Yoast SEO plugin. -->","yoast_head_json":{"title":"Quarter Turn Hydrant Valve 2.5\" (65MM) - Safety Source Fire","robots":{"index":"index","follow":"follow","max-snippet":"max-snippet:-1","max-image-preview":"max-image-preview:large","max-video-preview":"max-video-preview:-1"},"canonical":"https:\/\/safetysourcefire.ca\/fr\/?product=quarter-turn-hydrant-valve-2-5-65mm","og_locale":"fr_CA","og_type":"article","og_title":"Quarter Turn Hydrant Valve 2.5\" (65MM) - Safety Source Fire","og_description":"Quarter-turn aluminum ball valves provide a positive shutoff.","og_url":"https:\/\/safetysourcefire.ca\/fr\/?product=quarter-turn-hydrant-valve-2-5-65mm","og_site_name":"Safety Source Fire","article_publisher":"https:\/\/www.facebook.com\/mmfssca","article_modified_time":"2020-04-27T21:22:47+00:00","og_image":[{"width":600,"height":600,"url":"https:\/\/safetysourcefire.ca\/wp-content\/uploads\/2017\/06\/AV5NJ-NJ.jpg","type":"image\/jpeg"}],"twitter_card":"summary_large_image","twitter_site":"@mmfssca","twitter_misc":{"Estimation du temps de lecture":"1 minute"},"schema":{"@context":"https:\/\/schema.org","@graph":[{"@type":"WebPage","@id":"https:\/\/safetysourcefire.ca\/?product=quarter-turn-hydrant-valve-2-5-65mm","url":"https:\/\/safetysourcefire.ca\/?product=quarter-turn-hydrant-valve-2-5-65mm","name":"Quarter Turn Hydrant Valve 2.5\" (65MM) - Safety Source Fire","isPartOf":{"@id":"https:\/\/safetysourcefire.ca\/#website"},"primaryImageOfPage":{"@id":"https:\/\/safetysourcefire.ca\/?product=quarter-turn-hydrant-valve-2-5-65mm#primaryimage"},"image":{"@id":"https:\/\/safetysourcefire.ca\/?product=quarter-turn-hydrant-valve-2-5-65mm#primaryimage"},"thumbnailUrl":"https:\/\/safetysourcefire.ca\/wp-content\/uploads\/2017\/06\/AV5NJ-NJ.jpg","datePublished":"2017-06-14T00:30:54+00:00","dateModified":"2020-04-27T21:22:47+00:00","breadcrumb":{"@id":"https:\/\/safetysourcefire.ca\/?product=quarter-turn-hydrant-valve-2-5-65mm#breadcrumb"},"inLanguage":"fr-CA","potentialAction":[{"@type":"ReadAction","target":["https:\/\/safetysourcefire.ca\/?product=quarter-turn-hydrant-valve-2-5-65mm"]}]},{"@type":"ImageObject","inLanguage":"fr-CA","@id":"https:\/\/safetysourcefire.ca\/?product=quarter-turn-hydrant-valve-2-5-65mm#primaryimage","url":"https:\/\/safetysourcefire.ca\/wp-content\/uploads\/2017\/06\/AV5NJ-NJ.jpg","contentUrl":"https:\/\/safetysourcefire.ca\/wp-content\/uploads\/2017\/06\/AV5NJ-NJ.jpg","width":600,"height":600,"caption":"AV5NJ-NJ"},{"@type":"BreadcrumbList","@id":"https:\/\/safetysourcefire.ca\/?product=quarter-turn-hydrant-valve-2-5-65mm#breadcrumb","itemListElement":[{"@type":"ListItem","position":1,"name":"Home","item":"https:\/\/safetysourcefire.ca\/"},{"@type":"ListItem","position":2,"name":"Products","item":"https:\/\/safetysourcefire.ca\/shop\/"},{"@type":"ListItem","position":3,"name":"Quarter Turn Hydrant Valve 2.5&#8243; (65MM)"}]},{"@type":"WebSite","@id":"https:\/\/safetysourcefire.ca\/#website","url":"https:\/\/safetysourcefire.ca\/","name":"Safety Source Fire","description":"","publisher":{"@id":"https:\/\/safetysourcefire.ca\/#organization"},"potentialAction":[{"@type":"SearchAction","target":{"@type":"EntryPoint","urlTemplate":"https:\/\/safetysourcefire.ca\/?s={search_term_string}"},"query-input":{"@type":"PropertyValueSpecification","valueRequired":true,"valueName":"search_term_string"}}],"inLanguage":"fr-CA"},{"@type":"Organization","@id":"https:\/\/safetysourcefire.ca\/#organization","name":"Safety Source Fire","url":"https:\/\/safetysourcefire.ca\/","logo":{"@type":"ImageObject","inLanguage":"fr-CA","@id":"https:\/\/safetysourcefire.ca\/#\/schema\/logo\/image\/","url":"https:\/\/safetysourcefire.ca\/wp-content\/uploads\/2021\/01\/SSF_logo_CC0000-3.png","contentUrl":"https:\/\/safetysourcefire.ca\/wp-content\/uploads\/2021\/01\/SSF_logo_CC0000-3.png","width":1107,"height":365,"caption":"Safety Source Fire"},"image":{"@id":"https:\/\/safetysourcefire.ca\/#\/schema\/logo\/image\/"},"sameAs":["https:\/\/www.facebook.com\/mmfssca","https:\/\/x.com\/mmfssca"]}]}},"_links":{"self":[{"href":"https:\/\/safetysourcefire.ca\/fr\/wp-json\/wp\/v2\/product\/2814","targetHints":{"allow":["GET"]}}],"collection":[{"href":"https:\/\/safetysourcefire.ca\/fr\/wp-json\/wp\/v2\/product"}],"about":[{"href":"https:\/\/safetysourcefire.ca\/fr\/wp-json\/wp\/v2\/types\/product"}],"wp:featuredmedia":[{"embeddable":true,"href":"https:\/\/safetysourcefire.ca\/fr\/wp-json\/wp\/v2\/media\/2785"}],"wp:attachment":[{"href":"https:\/\/safetysourcefire.ca\/fr\/wp-json\/wp\/v2\/media?parent=2814"}],"wp:term":[{"taxonomy":"product_brand","embeddable":true,"href":"https:\/\/safetysourcefire.ca\/fr\/wp-json\/wp\/v2\/product_brand?post=2814"},{"taxonomy":"product_cat","embeddable":true,"href":"https:\/\/safetysourcefire.ca\/fr\/wp-json\/wp\/v2\/product_cat?post=2814"},{"taxonomy":"product_tag","embeddable":true,"href":"https:\/\/safetysourcefire.ca\/fr\/wp-json\/wp\/v2\/product_tag?post=2814"}],"curies":[{"name":"wp","href":"https:\/\/api.w.org\/{rel}","templated":true}]}}