{"id":2819,"date":"2017-06-14T00:37:54","date_gmt":"2017-06-14T00:37:54","guid":{"rendered":"http:\/\/mmfss.ca\/?post_type=product&#038;p=2819"},"modified":"2020-04-27T21:22:46","modified_gmt":"2020-04-27T21:22:46","slug":"3-way-valved-manifold-5-storz-x-3-2-5m","status":"publish","type":"product","link":"https:\/\/safetysourcefire.ca\/fr\/produit\/3-way-valved-manifold-5-storz-x-3-2-5m\/","title":{"rendered":"Collecteur \u00e0 valve 3 voies 5 &quot;Storz X (3) 2,5&quot; M"},"content":{"rendered":"<p>La pression de fonctionnement maximale est de 250 psi. Les si\u00e8ges de soupape sont rempla\u00e7ables facilement sans longue intervention. Poign\u00e9es de vanne au quart de tour, facile \u00e0 d\u00e9placer, m\u00eame sous pression. Le verrouillage automatique de la vanne garde sa position, tout en laissant la possibilit\u00e9 de travailler en ouverture partielle. Les poign\u00e9es pliantes minimisent l'espace requis pour ranger l'appareil. La sangle de transport aide \u00e0 transporter et \u00e0 faire glisser le tuyau. Le moulage en aluminium est anodis\u00e9 Hardcoat et la finition en poudre TFT argent\u00e9e \u00e0 l'int\u00e9rieur ainsi qu'\u00e0 l'ext\u00e9rieur offre une protection maximale contre la corrosion. Soupape de surpression r\u00e9glable en option conforme \u00e0 la norme NFPA 1901 (\u00e9dition 2009). Soupape de purge d'air robuste en option de po (19 mm) pour purger rapidement l'air des conduits ou pour \u00e9vacuer l'eau du bo\u00eetier de la soupape. Contactez le service client TFT pour les configurations suppl\u00e9mentaires.<\/p>","protected":false},"excerpt":{"rendered":"<p>Le collecteur \u00e0 3 voies de TFT est un collecteur robuste avec trois orifices de d\u00e9charge \u00e0 soupape de 2 \u00bd pouces, chacun avec une voie d&#039;eau compl\u00e8te de 2 \u00bd pouces.<\/p>","protected":false},"featured_media":2773,"template":"","meta":[],"product_brand":[179],"product_cat":[44,64],"product_tag":[355,354],"class_list":{"0":"post-2819","1":"product","2":"type-product","3":"status-publish","4":"has-post-thumbnail","6":"product_brand-tft","7":"product_cat-fire-suppression","8":"product_cat-hardware-appliances-adapters","9":"product_tag-task-force-tips","10":"product_tag-tft","12":"first","13":"instock","14":"shipping-taxable","15":"product-type-simple"},"yoast_head":"<!-- This site is optimized with the Yoast SEO plugin v27.4 - https:\/\/yoast.com\/product\/yoast-seo-wordpress\/ -->\n<title>3-Way Valved Manifold 5\u201d Storz X (3) 2.5&quot;M - Safety Source Fire<\/title>\n<meta name=\"robots\" content=\"index, follow, max-snippet:-1, max-image-preview:large, max-video-preview:-1\" \/>\n<link rel=\"canonical\" href=\"https:\/\/safetysourcefire.ca\/fr\/?product=3-way-valved-manifold-5-storz-x-3-2-5m\" \/>\n<meta property=\"og:locale\" content=\"fr_CA\" \/>\n<meta property=\"og:type\" content=\"article\" \/>\n<meta property=\"og:title\" content=\"3-Way Valved Manifold 5\u201d Storz X (3) 2.5&quot;M - Safety Source Fire\" \/>\n<meta property=\"og:description\" content=\"TFT&#039;s 3-Way Valved Manifold is a rugged manifold with three 2 \u00bd inch valved discharge ports, each with a full 2 \u00bd inch waterway.\" \/>\n<meta property=\"og:url\" content=\"https:\/\/safetysourcefire.ca\/fr\/?product=3-way-valved-manifold-5-storz-x-3-2-5m\" \/>\n<meta property=\"og:site_name\" content=\"Safety Source Fire\" \/>\n<meta property=\"article:publisher\" content=\"https:\/\/www.facebook.com\/mmfssca\" \/>\n<meta property=\"article:modified_time\" content=\"2020-04-27T21:22:46+00:00\" \/>\n<meta property=\"og:image\" content=\"https:\/\/safetysourcefire.ca\/wp-content\/uploads\/2017\/06\/AL32T0.jpg\" \/>\n\t<meta property=\"og:image:width\" content=\"600\" \/>\n\t<meta property=\"og:image:height\" content=\"600\" \/>\n\t<meta property=\"og:image:type\" content=\"image\/jpeg\" \/>\n<meta name=\"twitter:card\" content=\"summary_large_image\" \/>\n<meta name=\"twitter:site\" content=\"@mmfssca\" \/>\n<meta name=\"twitter:label1\" content=\"Estimation du temps de lecture\" \/>\n\t<meta name=\"twitter:data1\" content=\"1 minute\" \/>\n<script type=\"application\/ld+json\" class=\"yoast-schema-graph\">{\"@context\":\"https:\\\/\\\/schema.org\",\"@graph\":[{\"@type\":\"WebPage\",\"@id\":\"https:\\\/\\\/safetysourcefire.ca\\\/?product=3-way-valved-manifold-5-storz-x-3-2-5m\",\"url\":\"https:\\\/\\\/safetysourcefire.ca\\\/?product=3-way-valved-manifold-5-storz-x-3-2-5m\",\"name\":\"3-Way Valved Manifold 5\u201d Storz X (3) 2.5\\\"M - Safety Source Fire\",\"isPartOf\":{\"@id\":\"https:\\\/\\\/safetysourcefire.ca\\\/#website\"},\"primaryImageOfPage\":{\"@id\":\"https:\\\/\\\/safetysourcefire.ca\\\/?product=3-way-valved-manifold-5-storz-x-3-2-5m#primaryimage\"},\"image\":{\"@id\":\"https:\\\/\\\/safetysourcefire.ca\\\/?product=3-way-valved-manifold-5-storz-x-3-2-5m#primaryimage\"},\"thumbnailUrl\":\"https:\\\/\\\/safetysourcefire.ca\\\/wp-content\\\/uploads\\\/2017\\\/06\\\/AL32T0.jpg\",\"datePublished\":\"2017-06-14T00:37:54+00:00\",\"dateModified\":\"2020-04-27T21:22:46+00:00\",\"breadcrumb\":{\"@id\":\"https:\\\/\\\/safetysourcefire.ca\\\/?product=3-way-valved-manifold-5-storz-x-3-2-5m#breadcrumb\"},\"inLanguage\":\"fr-CA\",\"potentialAction\":[{\"@type\":\"ReadAction\",\"target\":[\"https:\\\/\\\/safetysourcefire.ca\\\/?product=3-way-valved-manifold-5-storz-x-3-2-5m\"]}]},{\"@type\":\"ImageObject\",\"inLanguage\":\"fr-CA\",\"@id\":\"https:\\\/\\\/safetysourcefire.ca\\\/?product=3-way-valved-manifold-5-storz-x-3-2-5m#primaryimage\",\"url\":\"https:\\\/\\\/safetysourcefire.ca\\\/wp-content\\\/uploads\\\/2017\\\/06\\\/AL32T0.jpg\",\"contentUrl\":\"https:\\\/\\\/safetysourcefire.ca\\\/wp-content\\\/uploads\\\/2017\\\/06\\\/AL32T0.jpg\",\"width\":600,\"height\":600,\"caption\":\"3-way valved manifold\"},{\"@type\":\"BreadcrumbList\",\"@id\":\"https:\\\/\\\/safetysourcefire.ca\\\/?product=3-way-valved-manifold-5-storz-x-3-2-5m#breadcrumb\",\"itemListElement\":[{\"@type\":\"ListItem\",\"position\":1,\"name\":\"Home\",\"item\":\"https:\\\/\\\/safetysourcefire.ca\\\/\"},{\"@type\":\"ListItem\",\"position\":2,\"name\":\"Products\",\"item\":\"https:\\\/\\\/safetysourcefire.ca\\\/shop\\\/\"},{\"@type\":\"ListItem\",\"position\":3,\"name\":\"3-Way Valved Manifold 5\u201d Storz X (3) 2.5&#8243;M\"}]},{\"@type\":\"WebSite\",\"@id\":\"https:\\\/\\\/safetysourcefire.ca\\\/#website\",\"url\":\"https:\\\/\\\/safetysourcefire.ca\\\/\",\"name\":\"Safety Source Fire\",\"description\":\"\",\"publisher\":{\"@id\":\"https:\\\/\\\/safetysourcefire.ca\\\/#organization\"},\"potentialAction\":[{\"@type\":\"SearchAction\",\"target\":{\"@type\":\"EntryPoint\",\"urlTemplate\":\"https:\\\/\\\/safetysourcefire.ca\\\/?s={search_term_string}\"},\"query-input\":{\"@type\":\"PropertyValueSpecification\",\"valueRequired\":true,\"valueName\":\"search_term_string\"}}],\"inLanguage\":\"fr-CA\"},{\"@type\":\"Organization\",\"@id\":\"https:\\\/\\\/safetysourcefire.ca\\\/#organization\",\"name\":\"Safety Source Fire\",\"url\":\"https:\\\/\\\/safetysourcefire.ca\\\/\",\"logo\":{\"@type\":\"ImageObject\",\"inLanguage\":\"fr-CA\",\"@id\":\"https:\\\/\\\/safetysourcefire.ca\\\/#\\\/schema\\\/logo\\\/image\\\/\",\"url\":\"https:\\\/\\\/safetysourcefire.ca\\\/wp-content\\\/uploads\\\/2021\\\/01\\\/SSF_logo_CC0000-3.png\",\"contentUrl\":\"https:\\\/\\\/safetysourcefire.ca\\\/wp-content\\\/uploads\\\/2021\\\/01\\\/SSF_logo_CC0000-3.png\",\"width\":1107,\"height\":365,\"caption\":\"Safety Source Fire\"},\"image\":{\"@id\":\"https:\\\/\\\/safetysourcefire.ca\\\/#\\\/schema\\\/logo\\\/image\\\/\"},\"sameAs\":[\"https:\\\/\\\/www.facebook.com\\\/mmfssca\",\"https:\\\/\\\/x.com\\\/mmfssca\"]}]}<\/script>\n<!-- \/ Yoast SEO plugin. -->","yoast_head_json":{"title":"3-Way Valved Manifold 5\u201d Storz X (3) 2.5\"M - Safety Source Fire","robots":{"index":"index","follow":"follow","max-snippet":"max-snippet:-1","max-image-preview":"max-image-preview:large","max-video-preview":"max-video-preview:-1"},"canonical":"https:\/\/safetysourcefire.ca\/fr\/?product=3-way-valved-manifold-5-storz-x-3-2-5m","og_locale":"fr_CA","og_type":"article","og_title":"3-Way Valved Manifold 5\u201d Storz X (3) 2.5\"M - Safety Source Fire","og_description":"TFT's 3-Way Valved Manifold is a rugged manifold with three 2 \u00bd inch valved discharge ports, each with a full 2 \u00bd inch waterway.","og_url":"https:\/\/safetysourcefire.ca\/fr\/?product=3-way-valved-manifold-5-storz-x-3-2-5m","og_site_name":"Safety Source Fire","article_publisher":"https:\/\/www.facebook.com\/mmfssca","article_modified_time":"2020-04-27T21:22:46+00:00","og_image":[{"width":600,"height":600,"url":"https:\/\/safetysourcefire.ca\/wp-content\/uploads\/2017\/06\/AL32T0.jpg","type":"image\/jpeg"}],"twitter_card":"summary_large_image","twitter_site":"@mmfssca","twitter_misc":{"Estimation du temps de lecture":"1 minute"},"schema":{"@context":"https:\/\/schema.org","@graph":[{"@type":"WebPage","@id":"https:\/\/safetysourcefire.ca\/?product=3-way-valved-manifold-5-storz-x-3-2-5m","url":"https:\/\/safetysourcefire.ca\/?product=3-way-valved-manifold-5-storz-x-3-2-5m","name":"3-Way Valved Manifold 5\u201d Storz X (3) 2.5\"M - Safety Source Fire","isPartOf":{"@id":"https:\/\/safetysourcefire.ca\/#website"},"primaryImageOfPage":{"@id":"https:\/\/safetysourcefire.ca\/?product=3-way-valved-manifold-5-storz-x-3-2-5m#primaryimage"},"image":{"@id":"https:\/\/safetysourcefire.ca\/?product=3-way-valved-manifold-5-storz-x-3-2-5m#primaryimage"},"thumbnailUrl":"https:\/\/safetysourcefire.ca\/wp-content\/uploads\/2017\/06\/AL32T0.jpg","datePublished":"2017-06-14T00:37:54+00:00","dateModified":"2020-04-27T21:22:46+00:00","breadcrumb":{"@id":"https:\/\/safetysourcefire.ca\/?product=3-way-valved-manifold-5-storz-x-3-2-5m#breadcrumb"},"inLanguage":"fr-CA","potentialAction":[{"@type":"ReadAction","target":["https:\/\/safetysourcefire.ca\/?product=3-way-valved-manifold-5-storz-x-3-2-5m"]}]},{"@type":"ImageObject","inLanguage":"fr-CA","@id":"https:\/\/safetysourcefire.ca\/?product=3-way-valved-manifold-5-storz-x-3-2-5m#primaryimage","url":"https:\/\/safetysourcefire.ca\/wp-content\/uploads\/2017\/06\/AL32T0.jpg","contentUrl":"https:\/\/safetysourcefire.ca\/wp-content\/uploads\/2017\/06\/AL32T0.jpg","width":600,"height":600,"caption":"3-way valved manifold"},{"@type":"BreadcrumbList","@id":"https:\/\/safetysourcefire.ca\/?product=3-way-valved-manifold-5-storz-x-3-2-5m#breadcrumb","itemListElement":[{"@type":"ListItem","position":1,"name":"Home","item":"https:\/\/safetysourcefire.ca\/"},{"@type":"ListItem","position":2,"name":"Products","item":"https:\/\/safetysourcefire.ca\/shop\/"},{"@type":"ListItem","position":3,"name":"3-Way Valved Manifold 5\u201d Storz X (3) 2.5&#8243;M"}]},{"@type":"WebSite","@id":"https:\/\/safetysourcefire.ca\/#website","url":"https:\/\/safetysourcefire.ca\/","name":"Safety Source Fire","description":"","publisher":{"@id":"https:\/\/safetysourcefire.ca\/#organization"},"potentialAction":[{"@type":"SearchAction","target":{"@type":"EntryPoint","urlTemplate":"https:\/\/safetysourcefire.ca\/?s={search_term_string}"},"query-input":{"@type":"PropertyValueSpecification","valueRequired":true,"valueName":"search_term_string"}}],"inLanguage":"fr-CA"},{"@type":"Organization","@id":"https:\/\/safetysourcefire.ca\/#organization","name":"Safety Source Fire","url":"https:\/\/safetysourcefire.ca\/","logo":{"@type":"ImageObject","inLanguage":"fr-CA","@id":"https:\/\/safetysourcefire.ca\/#\/schema\/logo\/image\/","url":"https:\/\/safetysourcefire.ca\/wp-content\/uploads\/2021\/01\/SSF_logo_CC0000-3.png","contentUrl":"https:\/\/safetysourcefire.ca\/wp-content\/uploads\/2021\/01\/SSF_logo_CC0000-3.png","width":1107,"height":365,"caption":"Safety Source Fire"},"image":{"@id":"https:\/\/safetysourcefire.ca\/#\/schema\/logo\/image\/"},"sameAs":["https:\/\/www.facebook.com\/mmfssca","https:\/\/x.com\/mmfssca"]}]}},"_links":{"self":[{"href":"https:\/\/safetysourcefire.ca\/fr\/wp-json\/wp\/v2\/product\/2819","targetHints":{"allow":["GET"]}}],"collection":[{"href":"https:\/\/safetysourcefire.ca\/fr\/wp-json\/wp\/v2\/product"}],"about":[{"href":"https:\/\/safetysourcefire.ca\/fr\/wp-json\/wp\/v2\/types\/product"}],"wp:featuredmedia":[{"embeddable":true,"href":"https:\/\/safetysourcefire.ca\/fr\/wp-json\/wp\/v2\/media\/2773"}],"wp:attachment":[{"href":"https:\/\/safetysourcefire.ca\/fr\/wp-json\/wp\/v2\/media?parent=2819"}],"wp:term":[{"taxonomy":"product_brand","embeddable":true,"href":"https:\/\/safetysourcefire.ca\/fr\/wp-json\/wp\/v2\/product_brand?post=2819"},{"taxonomy":"product_cat","embeddable":true,"href":"https:\/\/safetysourcefire.ca\/fr\/wp-json\/wp\/v2\/product_cat?post=2819"},{"taxonomy":"product_tag","embeddable":true,"href":"https:\/\/safetysourcefire.ca\/fr\/wp-json\/wp\/v2\/product_tag?post=2819"}],"curies":[{"name":"wp","href":"https:\/\/api.w.org\/{rel}","templated":true}]}}