{"id":2829,"date":"2017-06-14T00:49:43","date_gmt":"2017-06-14T00:49:43","guid":{"rendered":"http:\/\/mmfss.ca\/?post_type=product&#038;p=2829"},"modified":"2020-04-27T21:22:25","modified_gmt":"2020-04-27T21:22:25","slug":"low-profile-ball-intake-valve","status":"publish","type":"product","link":"https:\/\/safetysourcefire.ca\/fr\/produit\/low-profile-ball-intake-valve\/","title":{"rendered":"Soupape d'alimentation \u00e0 bille \u00e0 profil bas"},"content":{"rendered":"<p>La construction l\u00e9g\u00e8re en alliage d'aluminium est anodis\u00e9e et enduite de poudre pour une r\u00e9sistance maximale \u00e0 la corrosion, m\u00eame dans les contexte d'utilisation les plus difficiles.<\/p>\n<p>Une soupape de surpression int\u00e9gr\u00e9e offre des choix de pression s\u00e9lectionn\u00e9s par l&#039;op\u00e9rateur pour prot\u00e9ger les tuyaux et les syst\u00e8mes de pompage contre les pics de pression ind\u00e9sirables. La fermeture \u00e0 bille unique permet \u00e0 la vanne de rester s\u00e8che lorsqu&#039;elle est ferm\u00e9e. Une vanne de purge d&#039;air permet \u00e0 l&#039;air ind\u00e9sirable de s&#039;\u00e9chapper, simplifiant ainsi les op\u00e9rations de pompage d&#039;alimentation en eau.<\/p>\n<ul>\n<li>Compacte et l\u00e9g\u00e8re, elle peut s'int\u00e9grer facilement dans les panneaux les plus \u00e9troits des pompes<\/li>\n<li>Garantie de 5 ans contre la corrosion<\/li>\n<li>Soupape de d\u00e9charge de pression r\u00e9glable int\u00e9gr\u00e9e offrant une protection contre les coups de b\u00e9lier et les haut volume \u00e0 r\u00e9action rapide  dans les conduits de tuyau.<\/li>\n<li>S\u00e9rialis\u00e9 individuellement pour le suivi, le service continu et le support technique<\/li>\n<li>Indicateur de position de vanne tr\u00e8s visible &amp; fonctionnement \u00e0 fermeture lente d\u00e9passant toutes les exigences des normes<\/li>\n<li>Perte de d\u00e9bit de moins de 5 psi au d\u00e9bit nominal de 1250 gpm.<\/li>\n<\/ul>","protected":false},"excerpt":{"rendered":"<p>Offrant des performances maximales de d\u00e9bit, dans un bo\u00eetier extr\u00eamement compact,  cette soupape \u00e0 profil bas offre une valeur incroyable pour les appareils critiques ou les op\u00e9rations d'alimentation en eau.<\/p>","protected":false},"featured_media":2757,"template":"","meta":[],"product_brand":[179],"product_cat":[44,64],"product_tag":[355,354],"class_list":{"0":"post-2829","1":"product","2":"type-product","3":"status-publish","4":"has-post-thumbnail","6":"product_brand-tft","7":"product_cat-fire-suppression","8":"product_cat-hardware-appliances-adapters","9":"product_tag-task-force-tips","10":"product_tag-tft","12":"first","13":"instock","14":"shipping-taxable","15":"product-type-simple"},"yoast_head":"<!-- This site is optimized with the Yoast SEO plugin v27.4 - https:\/\/yoast.com\/product\/yoast-seo-wordpress\/ -->\n<title>Low Profile Ball Intake Valve - Safety Source Fire<\/title>\n<meta name=\"robots\" content=\"index, follow, max-snippet:-1, max-image-preview:large, max-video-preview:-1\" \/>\n<link rel=\"canonical\" href=\"https:\/\/safetysourcefire.ca\/fr\/?product=low-profile-ball-intake-valve\" \/>\n<meta property=\"og:locale\" content=\"fr_CA\" \/>\n<meta property=\"og:type\" content=\"article\" \/>\n<meta property=\"og:title\" content=\"Low Profile Ball Intake Valve - Safety Source Fire\" \/>\n<meta property=\"og:description\" content=\"Providing maximum flow performance in an extremely compact package, this low profile intake\/discharge ball style valve delivers incredible value for critical apparatus or industrial water supply operations.\" \/>\n<meta property=\"og:url\" content=\"https:\/\/safetysourcefire.ca\/fr\/?product=low-profile-ball-intake-valve\" \/>\n<meta property=\"og:site_name\" content=\"Safety Source Fire\" \/>\n<meta property=\"article:publisher\" content=\"https:\/\/www.facebook.com\/mmfssca\" \/>\n<meta property=\"article:modified_time\" content=\"2020-04-27T21:22:25+00:00\" \/>\n<meta property=\"og:image\" content=\"https:\/\/safetysourcefire.ca\/wp-content\/uploads\/2017\/06\/ABD3ST-NX.jpg\" \/>\n\t<meta property=\"og:image:width\" content=\"600\" \/>\n\t<meta property=\"og:image:height\" content=\"600\" \/>\n\t<meta property=\"og:image:type\" content=\"image\/jpeg\" \/>\n<meta name=\"twitter:card\" content=\"summary_large_image\" \/>\n<meta name=\"twitter:site\" content=\"@mmfssca\" \/>\n<meta name=\"twitter:label1\" content=\"Estimation du temps de lecture\" \/>\n\t<meta name=\"twitter:data1\" content=\"1 minute\" \/>\n<script type=\"application\/ld+json\" class=\"yoast-schema-graph\">{\"@context\":\"https:\\\/\\\/schema.org\",\"@graph\":[{\"@type\":\"WebPage\",\"@id\":\"https:\\\/\\\/safetysourcefire.ca\\\/?product=low-profile-ball-intake-valve\",\"url\":\"https:\\\/\\\/safetysourcefire.ca\\\/?product=low-profile-ball-intake-valve\",\"name\":\"Low Profile Ball Intake Valve - Safety Source Fire\",\"isPartOf\":{\"@id\":\"https:\\\/\\\/safetysourcefire.ca\\\/#website\"},\"primaryImageOfPage\":{\"@id\":\"https:\\\/\\\/safetysourcefire.ca\\\/?product=low-profile-ball-intake-valve#primaryimage\"},\"image\":{\"@id\":\"https:\\\/\\\/safetysourcefire.ca\\\/?product=low-profile-ball-intake-valve#primaryimage\"},\"thumbnailUrl\":\"https:\\\/\\\/safetysourcefire.ca\\\/wp-content\\\/uploads\\\/2017\\\/06\\\/ABD3ST-NX.jpg\",\"datePublished\":\"2017-06-14T00:49:43+00:00\",\"dateModified\":\"2020-04-27T21:22:25+00:00\",\"breadcrumb\":{\"@id\":\"https:\\\/\\\/safetysourcefire.ca\\\/?product=low-profile-ball-intake-valve#breadcrumb\"},\"inLanguage\":\"fr-CA\",\"potentialAction\":[{\"@type\":\"ReadAction\",\"target\":[\"https:\\\/\\\/safetysourcefire.ca\\\/?product=low-profile-ball-intake-valve\"]}]},{\"@type\":\"ImageObject\",\"inLanguage\":\"fr-CA\",\"@id\":\"https:\\\/\\\/safetysourcefire.ca\\\/?product=low-profile-ball-intake-valve#primaryimage\",\"url\":\"https:\\\/\\\/safetysourcefire.ca\\\/wp-content\\\/uploads\\\/2017\\\/06\\\/ABD3ST-NX.jpg\",\"contentUrl\":\"https:\\\/\\\/safetysourcefire.ca\\\/wp-content\\\/uploads\\\/2017\\\/06\\\/ABD3ST-NX.jpg\",\"width\":600,\"height\":600,\"caption\":\"Low Profile Ball Intake Valve\"},{\"@type\":\"BreadcrumbList\",\"@id\":\"https:\\\/\\\/safetysourcefire.ca\\\/?product=low-profile-ball-intake-valve#breadcrumb\",\"itemListElement\":[{\"@type\":\"ListItem\",\"position\":1,\"name\":\"Home\",\"item\":\"https:\\\/\\\/safetysourcefire.ca\\\/\"},{\"@type\":\"ListItem\",\"position\":2,\"name\":\"Products\",\"item\":\"https:\\\/\\\/safetysourcefire.ca\\\/shop\\\/\"},{\"@type\":\"ListItem\",\"position\":3,\"name\":\"Low Profile Ball Intake Valve\"}]},{\"@type\":\"WebSite\",\"@id\":\"https:\\\/\\\/safetysourcefire.ca\\\/#website\",\"url\":\"https:\\\/\\\/safetysourcefire.ca\\\/\",\"name\":\"Safety Source Fire\",\"description\":\"\",\"publisher\":{\"@id\":\"https:\\\/\\\/safetysourcefire.ca\\\/#organization\"},\"potentialAction\":[{\"@type\":\"SearchAction\",\"target\":{\"@type\":\"EntryPoint\",\"urlTemplate\":\"https:\\\/\\\/safetysourcefire.ca\\\/?s={search_term_string}\"},\"query-input\":{\"@type\":\"PropertyValueSpecification\",\"valueRequired\":true,\"valueName\":\"search_term_string\"}}],\"inLanguage\":\"fr-CA\"},{\"@type\":\"Organization\",\"@id\":\"https:\\\/\\\/safetysourcefire.ca\\\/#organization\",\"name\":\"Safety Source Fire\",\"url\":\"https:\\\/\\\/safetysourcefire.ca\\\/\",\"logo\":{\"@type\":\"ImageObject\",\"inLanguage\":\"fr-CA\",\"@id\":\"https:\\\/\\\/safetysourcefire.ca\\\/#\\\/schema\\\/logo\\\/image\\\/\",\"url\":\"https:\\\/\\\/safetysourcefire.ca\\\/wp-content\\\/uploads\\\/2021\\\/01\\\/SSF_logo_CC0000-3.png\",\"contentUrl\":\"https:\\\/\\\/safetysourcefire.ca\\\/wp-content\\\/uploads\\\/2021\\\/01\\\/SSF_logo_CC0000-3.png\",\"width\":1107,\"height\":365,\"caption\":\"Safety Source Fire\"},\"image\":{\"@id\":\"https:\\\/\\\/safetysourcefire.ca\\\/#\\\/schema\\\/logo\\\/image\\\/\"},\"sameAs\":[\"https:\\\/\\\/www.facebook.com\\\/mmfssca\",\"https:\\\/\\\/x.com\\\/mmfssca\"]}]}<\/script>\n<!-- \/ Yoast SEO plugin. -->","yoast_head_json":{"title":"Soupape d&#039;admission \u00e0 bille \u00e0 profil bas - Source de s\u00e9curit\u00e9 incendie","robots":{"index":"index","follow":"follow","max-snippet":"max-snippet:-1","max-image-preview":"max-image-preview:large","max-video-preview":"max-video-preview:-1"},"canonical":"https:\/\/safetysourcefire.ca\/fr\/?product=low-profile-ball-intake-valve","og_locale":"fr_CA","og_type":"article","og_title":"Low Profile Ball Intake Valve - Safety Source Fire","og_description":"Providing maximum flow performance in an extremely compact package, this low profile intake\/discharge ball style valve delivers incredible value for critical apparatus or industrial water supply operations.","og_url":"https:\/\/safetysourcefire.ca\/fr\/?product=low-profile-ball-intake-valve","og_site_name":"Safety Source Fire","article_publisher":"https:\/\/www.facebook.com\/mmfssca","article_modified_time":"2020-04-27T21:22:25+00:00","og_image":[{"width":600,"height":600,"url":"https:\/\/safetysourcefire.ca\/wp-content\/uploads\/2017\/06\/ABD3ST-NX.jpg","type":"image\/jpeg"}],"twitter_card":"summary_large_image","twitter_site":"@mmfssca","twitter_misc":{"Estimation du temps de lecture":"1 minute"},"schema":{"@context":"https:\/\/schema.org","@graph":[{"@type":"WebPage","@id":"https:\/\/safetysourcefire.ca\/?product=low-profile-ball-intake-valve","url":"https:\/\/safetysourcefire.ca\/?product=low-profile-ball-intake-valve","name":"Soupape d&#039;admission \u00e0 bille \u00e0 profil bas - Source de s\u00e9curit\u00e9 incendie","isPartOf":{"@id":"https:\/\/safetysourcefire.ca\/#website"},"primaryImageOfPage":{"@id":"https:\/\/safetysourcefire.ca\/?product=low-profile-ball-intake-valve#primaryimage"},"image":{"@id":"https:\/\/safetysourcefire.ca\/?product=low-profile-ball-intake-valve#primaryimage"},"thumbnailUrl":"https:\/\/safetysourcefire.ca\/wp-content\/uploads\/2017\/06\/ABD3ST-NX.jpg","datePublished":"2017-06-14T00:49:43+00:00","dateModified":"2020-04-27T21:22:25+00:00","breadcrumb":{"@id":"https:\/\/safetysourcefire.ca\/?product=low-profile-ball-intake-valve#breadcrumb"},"inLanguage":"fr-CA","potentialAction":[{"@type":"ReadAction","target":["https:\/\/safetysourcefire.ca\/?product=low-profile-ball-intake-valve"]}]},{"@type":"ImageObject","inLanguage":"fr-CA","@id":"https:\/\/safetysourcefire.ca\/?product=low-profile-ball-intake-valve#primaryimage","url":"https:\/\/safetysourcefire.ca\/wp-content\/uploads\/2017\/06\/ABD3ST-NX.jpg","contentUrl":"https:\/\/safetysourcefire.ca\/wp-content\/uploads\/2017\/06\/ABD3ST-NX.jpg","width":600,"height":600,"caption":"Low Profile Ball Intake Valve"},{"@type":"BreadcrumbList","@id":"https:\/\/safetysourcefire.ca\/?product=low-profile-ball-intake-valve#breadcrumb","itemListElement":[{"@type":"ListItem","position":1,"name":"Home","item":"https:\/\/safetysourcefire.ca\/"},{"@type":"ListItem","position":2,"name":"Products","item":"https:\/\/safetysourcefire.ca\/shop\/"},{"@type":"ListItem","position":3,"name":"Low Profile Ball Intake Valve"}]},{"@type":"WebSite","@id":"https:\/\/safetysourcefire.ca\/#website","url":"https:\/\/safetysourcefire.ca\/","name":"Safety Source Fire","description":"","publisher":{"@id":"https:\/\/safetysourcefire.ca\/#organization"},"potentialAction":[{"@type":"SearchAction","target":{"@type":"EntryPoint","urlTemplate":"https:\/\/safetysourcefire.ca\/?s={search_term_string}"},"query-input":{"@type":"PropertyValueSpecification","valueRequired":true,"valueName":"search_term_string"}}],"inLanguage":"fr-CA"},{"@type":"Organization","@id":"https:\/\/safetysourcefire.ca\/#organization","name":"Safety Source Fire","url":"https:\/\/safetysourcefire.ca\/","logo":{"@type":"ImageObject","inLanguage":"fr-CA","@id":"https:\/\/safetysourcefire.ca\/#\/schema\/logo\/image\/","url":"https:\/\/safetysourcefire.ca\/wp-content\/uploads\/2021\/01\/SSF_logo_CC0000-3.png","contentUrl":"https:\/\/safetysourcefire.ca\/wp-content\/uploads\/2021\/01\/SSF_logo_CC0000-3.png","width":1107,"height":365,"caption":"Safety Source Fire"},"image":{"@id":"https:\/\/safetysourcefire.ca\/#\/schema\/logo\/image\/"},"sameAs":["https:\/\/www.facebook.com\/mmfssca","https:\/\/x.com\/mmfssca"]}]}},"_links":{"self":[{"href":"https:\/\/safetysourcefire.ca\/fr\/wp-json\/wp\/v2\/product\/2829","targetHints":{"allow":["GET"]}}],"collection":[{"href":"https:\/\/safetysourcefire.ca\/fr\/wp-json\/wp\/v2\/product"}],"about":[{"href":"https:\/\/safetysourcefire.ca\/fr\/wp-json\/wp\/v2\/types\/product"}],"wp:featuredmedia":[{"embeddable":true,"href":"https:\/\/safetysourcefire.ca\/fr\/wp-json\/wp\/v2\/media\/2757"}],"wp:attachment":[{"href":"https:\/\/safetysourcefire.ca\/fr\/wp-json\/wp\/v2\/media?parent=2829"}],"wp:term":[{"taxonomy":"product_brand","embeddable":true,"href":"https:\/\/safetysourcefire.ca\/fr\/wp-json\/wp\/v2\/product_brand?post=2829"},{"taxonomy":"product_cat","embeddable":true,"href":"https:\/\/safetysourcefire.ca\/fr\/wp-json\/wp\/v2\/product_cat?post=2829"},{"taxonomy":"product_tag","embeddable":true,"href":"https:\/\/safetysourcefire.ca\/fr\/wp-json\/wp\/v2\/product_tag?post=2829"}],"curies":[{"name":"wp","href":"https:\/\/api.w.org\/{rel}","templated":true}]}}