{"id":2832,"date":"2017-06-14T00:54:46","date_gmt":"2017-06-14T00:54:46","guid":{"rendered":"http:\/\/mmfss.ca\/?post_type=product&#038;p=2832"},"modified":"2023-01-04T18:02:33","modified_gmt":"2023-01-04T18:02:33","slug":"piercing-nozzle-plus-system","status":"publish","type":"product","link":"https:\/\/safetysourcefire.ca\/fr\/produit\/piercing-nozzle-plus-system\/","title":{"rendered":"Syst\u00e8me de lances perforatrices- Transformer PLUS"},"content":{"rendered":"<p>Une s\u00e9rie de petits jets de pointe cr\u00e9e ensemble un jet large \u00e0 un d\u00e9bit nominal de 150 gpm \u00e0 100 psi (570 l\/min \u00e0 7 bar).<\/p>\n<p>Une buse de distribution \u00e9valu\u00e9e \u00e0 150 gpm (570 l\/min) est \u00e9galement fournie, permettant une vaporisation \u00e0 grand angle. Un adaptateur (inclus) permet d'utiliser la buse du distributeur sur n'importe quel tuyau filet\u00e9 de 1,5 po.<\/p>\n<p>&nbsp;<\/p>\n<p>Le syst\u00e8me comprend une vanne d'arr\u00eat \u00e0 poign\u00e9e tournante unique, un bloc de jonction \u00e0 3 ports avec t\u00eate de frappe, une poign\u00e9e pistolet, 2 tubes d'extension, une buse de distribution avec adaptateur et le tube d'\u00e9coulement avec point de per\u00e7age. La vanne d'arr\u00eat \u00e0 poign\u00e9e tournante, robuste et facile \u00e0 utiliser, r\u00e9gule le d\u00e9bit de la buse sans avoir besoin d'une vanne d'arr\u00eat suppl\u00e9mentaire.<\/p>\n<p>Le bloc de jonction \u00e0 3 ports ainsi que la t\u00eate permettent \u00e0 la buse d'\u00eatre configur\u00e9e pour des combinaisons courtes, moyennes, longues ou en forme de L, ce qui la rend facilement adaptable \u00e0 des situations d'incendie sp\u00e9cifiques.<\/p>\n<p>Le syst\u00e8me de buse de per\u00e7age Transformer Plus comprend une buse de distribution \u00e0 pointe durcie en aluminium et en acier inoxydable.<\/p>","protected":false},"excerpt":{"rendered":"<p>Le syst\u00e8me transformer Task Force Tips  est con\u00e7u pour acheminer des solutions d'eau ou de mousse dans les zones inaccessibles aux pompiers.<\/p>","protected":false},"featured_media":2631,"template":"","meta":[],"product_brand":[179],"product_cat":[44,64,66],"product_tag":[355,354],"class_list":{"0":"post-2832","1":"product","2":"type-product","3":"status-publish","4":"has-post-thumbnail","6":"product_brand-tft","7":"product_cat-fire-suppression","8":"product_cat-hardware-appliances-adapters","9":"product_cat-nozzles-monitors","10":"product_tag-task-force-tips","11":"product_tag-tft","13":"first","14":"instock","15":"shipping-taxable","16":"product-type-simple"},"yoast_head":"<!-- This site is optimized with the Yoast SEO plugin v27.4 - https:\/\/yoast.com\/product\/yoast-seo-wordpress\/ -->\n<title>Piercing Nozzle PLUS System - Safety Source Fire<\/title>\n<meta name=\"robots\" content=\"index, follow, max-snippet:-1, max-image-preview:large, max-video-preview:-1\" \/>\n<link rel=\"canonical\" href=\"https:\/\/safetysourcefire.ca\/fr\/?product=piercing-nozzle-plus-system\" \/>\n<meta property=\"og:locale\" content=\"fr_CA\" \/>\n<meta property=\"og:type\" content=\"article\" \/>\n<meta property=\"og:title\" content=\"Piercing Nozzle PLUS System - Safety Source Fire\" \/>\n<meta property=\"og:description\" content=\"The Task Force Tips Transformer Plus Piercing Nozzle System is designed to deliver water or foam solutions to areas inaccessible to the firefighter.\" \/>\n<meta property=\"og:url\" content=\"https:\/\/safetysourcefire.ca\/fr\/?product=piercing-nozzle-plus-system\" \/>\n<meta property=\"og:site_name\" content=\"Safety Source Fire\" \/>\n<meta property=\"article:publisher\" content=\"https:\/\/www.facebook.com\/mmfssca\" \/>\n<meta property=\"article:modified_time\" content=\"2023-01-04T18:02:33+00:00\" \/>\n<meta property=\"og:image\" content=\"https:\/\/safetysourcefire.ca\/wp-content\/uploads\/2017\/06\/PA-2.jpg\" \/>\n\t<meta property=\"og:image:width\" content=\"600\" \/>\n\t<meta property=\"og:image:height\" content=\"600\" \/>\n\t<meta property=\"og:image:type\" content=\"image\/jpeg\" \/>\n<meta name=\"twitter:card\" content=\"summary_large_image\" \/>\n<meta name=\"twitter:site\" content=\"@mmfssca\" \/>\n<meta name=\"twitter:label1\" content=\"Estimation du temps de lecture\" \/>\n\t<meta name=\"twitter:data1\" content=\"1 minute\" \/>\n<script type=\"application\/ld+json\" class=\"yoast-schema-graph\">{\"@context\":\"https:\\\/\\\/schema.org\",\"@graph\":[{\"@type\":\"WebPage\",\"@id\":\"https:\\\/\\\/safetysourcefire.ca\\\/?product=piercing-nozzle-plus-system\",\"url\":\"https:\\\/\\\/safetysourcefire.ca\\\/?product=piercing-nozzle-plus-system\",\"name\":\"Piercing Nozzle PLUS System - Safety Source Fire\",\"isPartOf\":{\"@id\":\"https:\\\/\\\/safetysourcefire.ca\\\/#website\"},\"primaryImageOfPage\":{\"@id\":\"https:\\\/\\\/safetysourcefire.ca\\\/?product=piercing-nozzle-plus-system#primaryimage\"},\"image\":{\"@id\":\"https:\\\/\\\/safetysourcefire.ca\\\/?product=piercing-nozzle-plus-system#primaryimage\"},\"thumbnailUrl\":\"https:\\\/\\\/safetysourcefire.ca\\\/wp-content\\\/uploads\\\/2017\\\/06\\\/PA-2.jpg\",\"datePublished\":\"2017-06-14T00:54:46+00:00\",\"dateModified\":\"2023-01-04T18:02:33+00:00\",\"breadcrumb\":{\"@id\":\"https:\\\/\\\/safetysourcefire.ca\\\/?product=piercing-nozzle-plus-system#breadcrumb\"},\"inLanguage\":\"fr-CA\",\"potentialAction\":[{\"@type\":\"ReadAction\",\"target\":[\"https:\\\/\\\/safetysourcefire.ca\\\/?product=piercing-nozzle-plus-system\"]}]},{\"@type\":\"ImageObject\",\"inLanguage\":\"fr-CA\",\"@id\":\"https:\\\/\\\/safetysourcefire.ca\\\/?product=piercing-nozzle-plus-system#primaryimage\",\"url\":\"https:\\\/\\\/safetysourcefire.ca\\\/wp-content\\\/uploads\\\/2017\\\/06\\\/PA-2.jpg\",\"contentUrl\":\"https:\\\/\\\/safetysourcefire.ca\\\/wp-content\\\/uploads\\\/2017\\\/06\\\/PA-2.jpg\",\"width\":600,\"height\":600,\"caption\":\"Piercing Nozzle PLUS System\"},{\"@type\":\"BreadcrumbList\",\"@id\":\"https:\\\/\\\/safetysourcefire.ca\\\/?product=piercing-nozzle-plus-system#breadcrumb\",\"itemListElement\":[{\"@type\":\"ListItem\",\"position\":1,\"name\":\"Home\",\"item\":\"https:\\\/\\\/safetysourcefire.ca\\\/\"},{\"@type\":\"ListItem\",\"position\":2,\"name\":\"Products\",\"item\":\"https:\\\/\\\/safetysourcefire.ca\\\/shop\\\/\"},{\"@type\":\"ListItem\",\"position\":3,\"name\":\"Piercing Nozzle PLUS System\"}]},{\"@type\":\"WebSite\",\"@id\":\"https:\\\/\\\/safetysourcefire.ca\\\/#website\",\"url\":\"https:\\\/\\\/safetysourcefire.ca\\\/\",\"name\":\"Safety Source Fire\",\"description\":\"\",\"publisher\":{\"@id\":\"https:\\\/\\\/safetysourcefire.ca\\\/#organization\"},\"potentialAction\":[{\"@type\":\"SearchAction\",\"target\":{\"@type\":\"EntryPoint\",\"urlTemplate\":\"https:\\\/\\\/safetysourcefire.ca\\\/?s={search_term_string}\"},\"query-input\":{\"@type\":\"PropertyValueSpecification\",\"valueRequired\":true,\"valueName\":\"search_term_string\"}}],\"inLanguage\":\"fr-CA\"},{\"@type\":\"Organization\",\"@id\":\"https:\\\/\\\/safetysourcefire.ca\\\/#organization\",\"name\":\"Safety Source Fire\",\"url\":\"https:\\\/\\\/safetysourcefire.ca\\\/\",\"logo\":{\"@type\":\"ImageObject\",\"inLanguage\":\"fr-CA\",\"@id\":\"https:\\\/\\\/safetysourcefire.ca\\\/#\\\/schema\\\/logo\\\/image\\\/\",\"url\":\"https:\\\/\\\/safetysourcefire.ca\\\/wp-content\\\/uploads\\\/2021\\\/01\\\/SSF_logo_CC0000-3.png\",\"contentUrl\":\"https:\\\/\\\/safetysourcefire.ca\\\/wp-content\\\/uploads\\\/2021\\\/01\\\/SSF_logo_CC0000-3.png\",\"width\":1107,\"height\":365,\"caption\":\"Safety Source Fire\"},\"image\":{\"@id\":\"https:\\\/\\\/safetysourcefire.ca\\\/#\\\/schema\\\/logo\\\/image\\\/\"},\"sameAs\":[\"https:\\\/\\\/www.facebook.com\\\/mmfssca\",\"https:\\\/\\\/x.com\\\/mmfssca\"]}]}<\/script>\n<!-- \/ Yoast SEO plugin. -->","yoast_head_json":{"title":"Syst\u00e8me de buse de per\u00e7age PLUS - Source de s\u00e9curit\u00e9 incendie","robots":{"index":"index","follow":"follow","max-snippet":"max-snippet:-1","max-image-preview":"max-image-preview:large","max-video-preview":"max-video-preview:-1"},"canonical":"https:\/\/safetysourcefire.ca\/fr\/?product=piercing-nozzle-plus-system","og_locale":"fr_CA","og_type":"article","og_title":"Piercing Nozzle PLUS System - Safety Source Fire","og_description":"The Task Force Tips Transformer Plus Piercing Nozzle System is designed to deliver water or foam solutions to areas inaccessible to the firefighter.","og_url":"https:\/\/safetysourcefire.ca\/fr\/?product=piercing-nozzle-plus-system","og_site_name":"Safety Source Fire","article_publisher":"https:\/\/www.facebook.com\/mmfssca","article_modified_time":"2023-01-04T18:02:33+00:00","og_image":[{"width":600,"height":600,"url":"https:\/\/safetysourcefire.ca\/wp-content\/uploads\/2017\/06\/PA-2.jpg","type":"image\/jpeg"}],"twitter_card":"summary_large_image","twitter_site":"@mmfssca","twitter_misc":{"Estimation du temps de lecture":"1 minute"},"schema":{"@context":"https:\/\/schema.org","@graph":[{"@type":"WebPage","@id":"https:\/\/safetysourcefire.ca\/?product=piercing-nozzle-plus-system","url":"https:\/\/safetysourcefire.ca\/?product=piercing-nozzle-plus-system","name":"Syst\u00e8me de buse de per\u00e7age PLUS - Source de s\u00e9curit\u00e9 incendie","isPartOf":{"@id":"https:\/\/safetysourcefire.ca\/#website"},"primaryImageOfPage":{"@id":"https:\/\/safetysourcefire.ca\/?product=piercing-nozzle-plus-system#primaryimage"},"image":{"@id":"https:\/\/safetysourcefire.ca\/?product=piercing-nozzle-plus-system#primaryimage"},"thumbnailUrl":"https:\/\/safetysourcefire.ca\/wp-content\/uploads\/2017\/06\/PA-2.jpg","datePublished":"2017-06-14T00:54:46+00:00","dateModified":"2023-01-04T18:02:33+00:00","breadcrumb":{"@id":"https:\/\/safetysourcefire.ca\/?product=piercing-nozzle-plus-system#breadcrumb"},"inLanguage":"fr-CA","potentialAction":[{"@type":"ReadAction","target":["https:\/\/safetysourcefire.ca\/?product=piercing-nozzle-plus-system"]}]},{"@type":"ImageObject","inLanguage":"fr-CA","@id":"https:\/\/safetysourcefire.ca\/?product=piercing-nozzle-plus-system#primaryimage","url":"https:\/\/safetysourcefire.ca\/wp-content\/uploads\/2017\/06\/PA-2.jpg","contentUrl":"https:\/\/safetysourcefire.ca\/wp-content\/uploads\/2017\/06\/PA-2.jpg","width":600,"height":600,"caption":"Piercing Nozzle PLUS System"},{"@type":"BreadcrumbList","@id":"https:\/\/safetysourcefire.ca\/?product=piercing-nozzle-plus-system#breadcrumb","itemListElement":[{"@type":"ListItem","position":1,"name":"Home","item":"https:\/\/safetysourcefire.ca\/"},{"@type":"ListItem","position":2,"name":"Products","item":"https:\/\/safetysourcefire.ca\/shop\/"},{"@type":"ListItem","position":3,"name":"Piercing Nozzle PLUS System"}]},{"@type":"WebSite","@id":"https:\/\/safetysourcefire.ca\/#website","url":"https:\/\/safetysourcefire.ca\/","name":"Safety Source Fire","description":"","publisher":{"@id":"https:\/\/safetysourcefire.ca\/#organization"},"potentialAction":[{"@type":"SearchAction","target":{"@type":"EntryPoint","urlTemplate":"https:\/\/safetysourcefire.ca\/?s={search_term_string}"},"query-input":{"@type":"PropertyValueSpecification","valueRequired":true,"valueName":"search_term_string"}}],"inLanguage":"fr-CA"},{"@type":"Organization","@id":"https:\/\/safetysourcefire.ca\/#organization","name":"Safety Source Fire","url":"https:\/\/safetysourcefire.ca\/","logo":{"@type":"ImageObject","inLanguage":"fr-CA","@id":"https:\/\/safetysourcefire.ca\/#\/schema\/logo\/image\/","url":"https:\/\/safetysourcefire.ca\/wp-content\/uploads\/2021\/01\/SSF_logo_CC0000-3.png","contentUrl":"https:\/\/safetysourcefire.ca\/wp-content\/uploads\/2021\/01\/SSF_logo_CC0000-3.png","width":1107,"height":365,"caption":"Safety Source Fire"},"image":{"@id":"https:\/\/safetysourcefire.ca\/#\/schema\/logo\/image\/"},"sameAs":["https:\/\/www.facebook.com\/mmfssca","https:\/\/x.com\/mmfssca"]}]}},"_links":{"self":[{"href":"https:\/\/safetysourcefire.ca\/fr\/wp-json\/wp\/v2\/product\/2832","targetHints":{"allow":["GET"]}}],"collection":[{"href":"https:\/\/safetysourcefire.ca\/fr\/wp-json\/wp\/v2\/product"}],"about":[{"href":"https:\/\/safetysourcefire.ca\/fr\/wp-json\/wp\/v2\/types\/product"}],"wp:featuredmedia":[{"embeddable":true,"href":"https:\/\/safetysourcefire.ca\/fr\/wp-json\/wp\/v2\/media\/2631"}],"wp:attachment":[{"href":"https:\/\/safetysourcefire.ca\/fr\/wp-json\/wp\/v2\/media?parent=2832"}],"wp:term":[{"taxonomy":"product_brand","embeddable":true,"href":"https:\/\/safetysourcefire.ca\/fr\/wp-json\/wp\/v2\/product_brand?post=2832"},{"taxonomy":"product_cat","embeddable":true,"href":"https:\/\/safetysourcefire.ca\/fr\/wp-json\/wp\/v2\/product_cat?post=2832"},{"taxonomy":"product_tag","embeddable":true,"href":"https:\/\/safetysourcefire.ca\/fr\/wp-json\/wp\/v2\/product_tag?post=2832"}],"curies":[{"name":"wp","href":"https:\/\/api.w.org\/{rel}","templated":true}]}}