{"id":28321,"date":"2023-11-15T13:23:30","date_gmt":"2023-11-15T13:23:30","guid":{"rendered":"https:\/\/safetysourcefire.ca\/?post_type=product&#038;p=28321"},"modified":"2023-11-15T13:43:15","modified_gmt":"2023-11-15T13:43:15","slug":"powerheart-g5","status":"publish","type":"product","link":"https:\/\/safetysourcefire.ca\/fr\/produit\/powerheart-g5\/","title":{"rendered":"C\u0153ur puissant G5"},"content":{"rendered":"<p>Intellisense\u2122 CPR (ICPR) offre une r\u00e9troaction en temps r\u00e9el bas\u00e9e sur des lignes directrices, tandis qu&#039;une fonctionnalit\u00e9 bilingue permet de garantir que tous les secouristes peuvent effectuer une RCP de haute qualit\u00e9 pour aider \u00e0 sauver la vie d&#039;une victime d&#039;un arr\u00eat cardiaque soudain.<\/p>\n<p><strong>Technologie Intellisense CPR (ICPR)<\/strong><\/p>\n<p>La technologie ICPR fournit des invites correctives pour aider les sauveteurs de tous niveaux \u00e0 effectuer une RCP de haute qualit\u00e9 tout au long du sauvetage. L&#039;ICPR mesure et surveille chaque compression et fournit des commentaires par voix et texte pour garantir que la qualit\u00e9 de la RCP reste conforme aux derni\u00e8res directives de l&#039;AHA.<\/p>\n<p><strong>RescueCoach\u00ae<\/strong><\/p>\n<p>Des invites adapt\u00e9es \u00e0 l&#039;utilisateur guident le sauveteur \u00e9tape par \u00e9tape tout au long du sauvetage, fournissant \u00e9galement des instructions de RCP pour promouvoir une technique optimale. La technologie RescueCoach surveille les actions du sauveteur pour garantir qu&#039;il accomplit chaque t\u00e2che critique avant de passer \u00e0 la suivante.<\/p>\n<p><strong>Fonctionnalit\u00e9 bilingue<\/strong><\/p>\n<p>D&#039;une simple pression sur un bouton, les sauveteurs peuvent basculer vers une autre langue \u00e0 tout moment du sauvetage. Fournir des instructions de sauvetage et des instructions de RCR en deux langues \u00e9largit le champ des sauveteurs potentiels. Cette fonctionnalit\u00e9 est particuli\u00e8rement utile pour les DAE \u00e0 acc\u00e8s public.<\/p>\n<p><strong>DAE Powerheart G5 avec moniteur Rescue Ready<\/strong><\/p>\n<p>Connectez un moniteur Rescue Ready\u00ae \u00e0 votre DAE G5 pour surveiller en permanence l&#039;\u00e9tat de pr\u00e9paration via WiFi. Le moniteur \u00e9coute la tonalit\u00e9 d&#039;erreur distincte \u00e9mise pour signaler que le DAE n\u00e9cessite une attention, d\u00e9clenchant une alerte imm\u00e9diate du logiciel PlusTrac\u00ae connect\u00e9. Cela vous permet d&#039;agir rapidement pour vous assurer que votre DAE Powerheart G5 est pr\u00eat \u00e0 \u00eatre secouru.<\/p>\n<p><strong>caract\u00e9ristiques du produit<\/strong><\/p>\n<ul>\n<li>La technologie ICPR fournit des informations de RCP en temps r\u00e9el, bas\u00e9es sur des lignes directrices, sur la qualit\u00e9 des compressions thoraciques.<\/li>\n<li>RescueCoach vous invite \u00e0 avancer \u00e0 la fin de chaque t\u00e2che de sauvetage<\/li>\n<li>La fonction bilingue permet aux utilisateurs de basculer entre les langues principales et secondaires pr\u00e9d\u00e9finies en appuyant simplement sur un bouton.<\/li>\n<li>L&#039;unit\u00e9 G5 enti\u00e8rement automatique d\u00e9livre automatiquement un choc lorsqu&#039;elle d\u00e9tecte un rythme cardiaque susceptible d&#039;\u00eatre choqu\u00e9.<\/li>\n<li>Le DAE stocke 90 minutes de donn\u00e9es de sauvetage, accessibles par c\u00e2ble USB ou cl\u00e9 USB<\/li>\n<li>Indice de protection IP (indice de protection) IP55 pour la poussi\u00e8re et l&#039;eau<\/li>\n<li>La conception robuste r\u00e9siste \u00e0 des conditions telles que des temp\u00e9ratures extr\u00eames, des altitudes \u00e9lev\u00e9es et des vibrations<\/li>\n<li>Les \u00e9lectrodes de d\u00e9fibrillation Intellisense\u2122 non polaris\u00e9es offrent une dur\u00e9e de conservation de 2 ans<\/li>\n<li>La batterie Intellisense\u00ae Lithium offre une dur\u00e9e de conservation de 4 ans<\/li>\n<li>Capacit\u00e9 p\u00e9diatrique avec les \u00e9lectrodes de d\u00e9fibrillation p\u00e9diatriques Intellisense\u2122 (recommand\u00e9es pour les patients \u00e2g\u00e9s de 8 ans ou moins ou pesant moins de 55 livres (25 kg))<\/li>\n<li>L&#039;indicateur Rescue Ready\u00ae indique l&#039;\u00e9tat de pr\u00e9paration de la batterie, des \u00e9lectrodes et de l&#039;appareil<\/li>\n<li>\u00c9tui de transport souple pour un voyage facile<\/li>\n<\/ul>\n<p>&nbsp;<\/p>\n<p><a href=\"https:\/\/www.zoll.com\/-\/media\/uploadedfiles\/public_site\/markets\/public_safety\/literature\/powerheart-g5-brochure_pp_0516.ashx\">T\u00e9l\u00e9charger la brochure<\/a><\/p>\n<p style=\"text-align: center;\"><iframe class=\"youtube-video\" title=\"lecteur vid\u00e9o YouTube\" src=\"https:\/\/www.youtube.com\/embed\/g2uFWb2NgVE?si=wncPjqdonBIER8YU\" frameborder=\"0\" allowfullscreen=\"allowfullscreen\"><\/iframe><\/p>","protected":false},"excerpt":{"rendered":"<p>Con\u00e7u pour les premiers intervenants ainsi que pour les sauveteurs exp\u00e9riment\u00e9s, le d\u00e9fibrillateur externe automatis\u00e9 (DEA) Powerheart\u00ae G5 allie facilit\u00e9 d&#039;utilisation et technologie de pointe.<\/p>","protected":false},"featured_media":28322,"template":"","meta":[],"product_brand":[172],"product_cat":[115,49],"product_tag":[363],"class_list":{"0":"post-28321","1":"product","2":"type-product","3":"status-publish","4":"has-post-thumbnail","6":"product_brand-zoll","7":"product_cat-defibrillators","8":"product_cat-medical","9":"product_tag-zoll","11":"first","12":"instock","13":"shipping-taxable","14":"product-type-simple"},"yoast_head":"<!-- This site is optimized with the Yoast SEO plugin v27.4 - https:\/\/yoast.com\/product\/yoast-seo-wordpress\/ -->\n<title>Powerheart G5 - Safety Source Fire<\/title>\n<meta name=\"robots\" content=\"index, follow, max-snippet:-1, max-image-preview:large, max-video-preview:-1\" \/>\n<link rel=\"canonical\" href=\"https:\/\/safetysourcefire.ca\/fr\/produit\/powerheart-g5\/\" \/>\n<meta property=\"og:locale\" content=\"fr_CA\" \/>\n<meta property=\"og:type\" content=\"article\" \/>\n<meta property=\"og:title\" content=\"Powerheart G5 - Safety Source Fire\" \/>\n<meta property=\"og:description\" content=\"Designed for first-time responders as well as experienced rescuers, the Powerheart\u00ae G5 automated external defibrillator (AED) combines ease of use with advanced technology.\" \/>\n<meta property=\"og:url\" content=\"https:\/\/safetysourcefire.ca\/fr\/produit\/powerheart-g5\/\" \/>\n<meta property=\"og:site_name\" content=\"Safety Source Fire\" \/>\n<meta property=\"article:publisher\" content=\"https:\/\/www.facebook.com\/mmfssca\" \/>\n<meta property=\"article:modified_time\" content=\"2023-11-15T13:43:15+00:00\" \/>\n<meta property=\"og:image\" content=\"https:\/\/safetysourcefire.ca\/wp-content\/uploads\/2023\/11\/G5_RRM_ps_st_fr_464x464.jpg\" \/>\n\t<meta property=\"og:image:width\" content=\"600\" \/>\n\t<meta property=\"og:image:height\" content=\"600\" \/>\n\t<meta property=\"og:image:type\" content=\"image\/jpeg\" \/>\n<meta name=\"twitter:card\" content=\"summary_large_image\" \/>\n<meta name=\"twitter:site\" content=\"@mmfssca\" \/>\n<meta name=\"twitter:label1\" content=\"Estimation du temps de lecture\" \/>\n\t<meta name=\"twitter:data1\" content=\"2 minutes\" \/>\n<script type=\"application\/ld+json\" class=\"yoast-schema-graph\">{\"@context\":\"https:\\\/\\\/schema.org\",\"@graph\":[{\"@type\":\"WebPage\",\"@id\":\"https:\\\/\\\/safetysourcefire.ca\\\/product\\\/powerheart-g5\\\/\",\"url\":\"https:\\\/\\\/safetysourcefire.ca\\\/product\\\/powerheart-g5\\\/\",\"name\":\"Powerheart G5 - Safety Source Fire\",\"isPartOf\":{\"@id\":\"https:\\\/\\\/safetysourcefire.ca\\\/#website\"},\"primaryImageOfPage\":{\"@id\":\"https:\\\/\\\/safetysourcefire.ca\\\/product\\\/powerheart-g5\\\/#primaryimage\"},\"image\":{\"@id\":\"https:\\\/\\\/safetysourcefire.ca\\\/product\\\/powerheart-g5\\\/#primaryimage\"},\"thumbnailUrl\":\"https:\\\/\\\/safetysourcefire.ca\\\/wp-content\\\/uploads\\\/2023\\\/11\\\/G5_RRM_ps_st_fr_464x464.jpg\",\"datePublished\":\"2023-11-15T13:23:30+00:00\",\"dateModified\":\"2023-11-15T13:43:15+00:00\",\"breadcrumb\":{\"@id\":\"https:\\\/\\\/safetysourcefire.ca\\\/product\\\/powerheart-g5\\\/#breadcrumb\"},\"inLanguage\":\"fr-CA\",\"potentialAction\":[{\"@type\":\"ReadAction\",\"target\":[\"https:\\\/\\\/safetysourcefire.ca\\\/product\\\/powerheart-g5\\\/\"]}]},{\"@type\":\"ImageObject\",\"inLanguage\":\"fr-CA\",\"@id\":\"https:\\\/\\\/safetysourcefire.ca\\\/product\\\/powerheart-g5\\\/#primaryimage\",\"url\":\"https:\\\/\\\/safetysourcefire.ca\\\/wp-content\\\/uploads\\\/2023\\\/11\\\/G5_RRM_ps_st_fr_464x464.jpg\",\"contentUrl\":\"https:\\\/\\\/safetysourcefire.ca\\\/wp-content\\\/uploads\\\/2023\\\/11\\\/G5_RRM_ps_st_fr_464x464.jpg\",\"width\":600,\"height\":600,\"caption\":\"G5 powerheart\"},{\"@type\":\"BreadcrumbList\",\"@id\":\"https:\\\/\\\/safetysourcefire.ca\\\/product\\\/powerheart-g5\\\/#breadcrumb\",\"itemListElement\":[{\"@type\":\"ListItem\",\"position\":1,\"name\":\"Home\",\"item\":\"https:\\\/\\\/safetysourcefire.ca\\\/\"},{\"@type\":\"ListItem\",\"position\":2,\"name\":\"Products\",\"item\":\"https:\\\/\\\/safetysourcefire.ca\\\/shop\\\/\"},{\"@type\":\"ListItem\",\"position\":3,\"name\":\"Powerheart G5\"}]},{\"@type\":\"WebSite\",\"@id\":\"https:\\\/\\\/safetysourcefire.ca\\\/#website\",\"url\":\"https:\\\/\\\/safetysourcefire.ca\\\/\",\"name\":\"Safety Source Fire\",\"description\":\"\",\"publisher\":{\"@id\":\"https:\\\/\\\/safetysourcefire.ca\\\/#organization\"},\"potentialAction\":[{\"@type\":\"SearchAction\",\"target\":{\"@type\":\"EntryPoint\",\"urlTemplate\":\"https:\\\/\\\/safetysourcefire.ca\\\/?s={search_term_string}\"},\"query-input\":{\"@type\":\"PropertyValueSpecification\",\"valueRequired\":true,\"valueName\":\"search_term_string\"}}],\"inLanguage\":\"fr-CA\"},{\"@type\":\"Organization\",\"@id\":\"https:\\\/\\\/safetysourcefire.ca\\\/#organization\",\"name\":\"Safety Source Fire\",\"url\":\"https:\\\/\\\/safetysourcefire.ca\\\/\",\"logo\":{\"@type\":\"ImageObject\",\"inLanguage\":\"fr-CA\",\"@id\":\"https:\\\/\\\/safetysourcefire.ca\\\/#\\\/schema\\\/logo\\\/image\\\/\",\"url\":\"https:\\\/\\\/safetysourcefire.ca\\\/wp-content\\\/uploads\\\/2021\\\/01\\\/SSF_logo_CC0000-3.png\",\"contentUrl\":\"https:\\\/\\\/safetysourcefire.ca\\\/wp-content\\\/uploads\\\/2021\\\/01\\\/SSF_logo_CC0000-3.png\",\"width\":1107,\"height\":365,\"caption\":\"Safety Source Fire\"},\"image\":{\"@id\":\"https:\\\/\\\/safetysourcefire.ca\\\/#\\\/schema\\\/logo\\\/image\\\/\"},\"sameAs\":[\"https:\\\/\\\/www.facebook.com\\\/mmfssca\",\"https:\\\/\\\/x.com\\\/mmfssca\"]}]}<\/script>\n<!-- \/ Yoast SEO plugin. -->","yoast_head_json":{"title":"Powerheart G5 - Source de s\u00e9curit\u00e9 incendie","robots":{"index":"index","follow":"follow","max-snippet":"max-snippet:-1","max-image-preview":"max-image-preview:large","max-video-preview":"max-video-preview:-1"},"canonical":"https:\/\/safetysourcefire.ca\/fr\/produit\/powerheart-g5\/","og_locale":"fr_CA","og_type":"article","og_title":"Powerheart G5 - Safety Source Fire","og_description":"Designed for first-time responders as well as experienced rescuers, the Powerheart\u00ae G5 automated external defibrillator (AED) combines ease of use with advanced technology.","og_url":"https:\/\/safetysourcefire.ca\/fr\/produit\/powerheart-g5\/","og_site_name":"Safety Source Fire","article_publisher":"https:\/\/www.facebook.com\/mmfssca","article_modified_time":"2023-11-15T13:43:15+00:00","og_image":[{"width":600,"height":600,"url":"https:\/\/safetysourcefire.ca\/wp-content\/uploads\/2023\/11\/G5_RRM_ps_st_fr_464x464.jpg","type":"image\/jpeg"}],"twitter_card":"summary_large_image","twitter_site":"@mmfssca","twitter_misc":{"Estimation du temps de lecture":"2 minutes"},"schema":{"@context":"https:\/\/schema.org","@graph":[{"@type":"WebPage","@id":"https:\/\/safetysourcefire.ca\/product\/powerheart-g5\/","url":"https:\/\/safetysourcefire.ca\/product\/powerheart-g5\/","name":"Powerheart G5 - Source de s\u00e9curit\u00e9 incendie","isPartOf":{"@id":"https:\/\/safetysourcefire.ca\/#website"},"primaryImageOfPage":{"@id":"https:\/\/safetysourcefire.ca\/product\/powerheart-g5\/#primaryimage"},"image":{"@id":"https:\/\/safetysourcefire.ca\/product\/powerheart-g5\/#primaryimage"},"thumbnailUrl":"https:\/\/safetysourcefire.ca\/wp-content\/uploads\/2023\/11\/G5_RRM_ps_st_fr_464x464.jpg","datePublished":"2023-11-15T13:23:30+00:00","dateModified":"2023-11-15T13:43:15+00:00","breadcrumb":{"@id":"https:\/\/safetysourcefire.ca\/product\/powerheart-g5\/#breadcrumb"},"inLanguage":"fr-CA","potentialAction":[{"@type":"ReadAction","target":["https:\/\/safetysourcefire.ca\/product\/powerheart-g5\/"]}]},{"@type":"ImageObject","inLanguage":"fr-CA","@id":"https:\/\/safetysourcefire.ca\/product\/powerheart-g5\/#primaryimage","url":"https:\/\/safetysourcefire.ca\/wp-content\/uploads\/2023\/11\/G5_RRM_ps_st_fr_464x464.jpg","contentUrl":"https:\/\/safetysourcefire.ca\/wp-content\/uploads\/2023\/11\/G5_RRM_ps_st_fr_464x464.jpg","width":600,"height":600,"caption":"G5 powerheart"},{"@type":"BreadcrumbList","@id":"https:\/\/safetysourcefire.ca\/product\/powerheart-g5\/#breadcrumb","itemListElement":[{"@type":"ListItem","position":1,"name":"Home","item":"https:\/\/safetysourcefire.ca\/"},{"@type":"ListItem","position":2,"name":"Products","item":"https:\/\/safetysourcefire.ca\/shop\/"},{"@type":"ListItem","position":3,"name":"Powerheart G5"}]},{"@type":"WebSite","@id":"https:\/\/safetysourcefire.ca\/#website","url":"https:\/\/safetysourcefire.ca\/","name":"Safety Source Fire","description":"","publisher":{"@id":"https:\/\/safetysourcefire.ca\/#organization"},"potentialAction":[{"@type":"SearchAction","target":{"@type":"EntryPoint","urlTemplate":"https:\/\/safetysourcefire.ca\/?s={search_term_string}"},"query-input":{"@type":"PropertyValueSpecification","valueRequired":true,"valueName":"search_term_string"}}],"inLanguage":"fr-CA"},{"@type":"Organization","@id":"https:\/\/safetysourcefire.ca\/#organization","name":"Safety Source Fire","url":"https:\/\/safetysourcefire.ca\/","logo":{"@type":"ImageObject","inLanguage":"fr-CA","@id":"https:\/\/safetysourcefire.ca\/#\/schema\/logo\/image\/","url":"https:\/\/safetysourcefire.ca\/wp-content\/uploads\/2021\/01\/SSF_logo_CC0000-3.png","contentUrl":"https:\/\/safetysourcefire.ca\/wp-content\/uploads\/2021\/01\/SSF_logo_CC0000-3.png","width":1107,"height":365,"caption":"Safety Source Fire"},"image":{"@id":"https:\/\/safetysourcefire.ca\/#\/schema\/logo\/image\/"},"sameAs":["https:\/\/www.facebook.com\/mmfssca","https:\/\/x.com\/mmfssca"]}]}},"_links":{"self":[{"href":"https:\/\/safetysourcefire.ca\/fr\/wp-json\/wp\/v2\/product\/28321","targetHints":{"allow":["GET"]}}],"collection":[{"href":"https:\/\/safetysourcefire.ca\/fr\/wp-json\/wp\/v2\/product"}],"about":[{"href":"https:\/\/safetysourcefire.ca\/fr\/wp-json\/wp\/v2\/types\/product"}],"wp:featuredmedia":[{"embeddable":true,"href":"https:\/\/safetysourcefire.ca\/fr\/wp-json\/wp\/v2\/media\/28322"}],"wp:attachment":[{"href":"https:\/\/safetysourcefire.ca\/fr\/wp-json\/wp\/v2\/media?parent=28321"}],"wp:term":[{"taxonomy":"product_brand","embeddable":true,"href":"https:\/\/safetysourcefire.ca\/fr\/wp-json\/wp\/v2\/product_brand?post=28321"},{"taxonomy":"product_cat","embeddable":true,"href":"https:\/\/safetysourcefire.ca\/fr\/wp-json\/wp\/v2\/product_cat?post=28321"},{"taxonomy":"product_tag","embeddable":true,"href":"https:\/\/safetysourcefire.ca\/fr\/wp-json\/wp\/v2\/product_tag?post=28321"}],"curies":[{"name":"wp","href":"https:\/\/api.w.org\/{rel}","templated":true}]}}