{"id":28326,"date":"2023-11-15T13:39:50","date_gmt":"2023-11-15T13:39:50","guid":{"rendered":"https:\/\/safetysourcefire.ca\/?post_type=product&#038;p=28326"},"modified":"2023-11-15T13:44:15","modified_gmt":"2023-11-15T13:44:15","slug":"aed-pro-for-ems","status":"publish","type":"product","link":"https:\/\/safetysourcefire.ca\/fr\/produit\/aed-pro-for-ems\/","title":{"rendered":"DAE Pro pour EMS"},"content":{"rendered":"<p><strong>Soutien \u00e0 tous les sauveteurs<\/strong><\/p>\n<p>Con\u00e7u pour les soins de r\u00e9animation de base et avanc\u00e9s, le d\u00e9fibrillateur AED Pro\u00ae fournit non seulement un retour avanc\u00e9 de RCP, mais il constitue \u00e9galement un moniteur de signes vitaux pour les patients qui peut \u00eatre configur\u00e9 en fonction de votre fa\u00e7on de travailler.<\/p>\n<p>L&#039;AED Pro offre la flexibilit\u00e9 n\u00e9cessaire pour r\u00e9pondre \u00e0 vos besoins. Vous pouvez choisir entre une batterie non rechargeable longue dur\u00e9e ou l\u2019une des deux batteries rechargeables avec diff\u00e9rentes dur\u00e9es de conservation.<\/p>\n<p><strong>Technologie ZOLL \u00e9prouv\u00e9e pour am\u00e9liorer les r\u00e9sultats<\/strong><\/p>\n<p>Le d\u00e9fibrillateur AED Pro fournit le feedback utilis\u00e9 par les sauveteurs pour presque tripler les taux de survie.1 Il fournit le feedback dont les professionnels ainsi que les sauveteurs non professionnels ont besoin pour effectuer une RCP optimale.<\/p>\n<p>L&#039;American Heart Association et le Conseil europ\u00e9en de r\u00e9animation soulignent l&#039;importance du retour d&#039;information sur la RCR\u00a0:\u00a0\u00ab\u00a0La mesure de la qualit\u00e9 de la RCR est n\u00e9cessaire pour fournir un retour d&#039;information en temps opportun aux prestataires qui r\u00e9pondent.\u00a0\u00bb L&#039;appareil ZOLL\u00ae AED Pro fournit les informations dont les professionnels et les secouristes non professionnels ont besoin pour effectuer une RCP optimale.<\/p>\n<p>Lorsqu&#039;un choc est n\u00e9cessaire, ZOLL offre une efficacit\u00e9 de d\u00e9fibrillation plus actuelle et plus \u00e9prouv\u00e9e avec sa forme d&#039;onde biphasique rectiligne (RBW) que ses principaux concurrents. RBW a \u00e9t\u00e9 con\u00e7u sp\u00e9cifiquement pour la d\u00e9fibrillation externe afin de contr\u00f4ler les variations d&#039;imp\u00e9dance du patient. RBW fournit le courant moyen maximum possible maintenu pendant la dur\u00e9e optimale. Seul le ZOLL RBW a d\u00e9montr\u00e9 une sup\u00e9riorit\u00e9 clinique statistique par rapport aux formes d&#039;onde monophasiques dans des essais contr\u00f4l\u00e9s randomis\u00e9s \u00e9valu\u00e9s par des pairs ainsi que gr\u00e2ce aux donn\u00e9es compl\u00e9mentaires provenant de plus de 11 500 patients. 2,3<\/p>\n<p>Le See-Thru CPR\u00ae de ZOLL r\u00e9duit la dur\u00e9e des interruptions gr\u00e2ce \u00e0 un filtre qui permet aux intervenants de voir les rythmes organis\u00e9s sous-jacents pendant les compressions.<\/p>\n<p>Caract\u00e9ristiques du ZOLL AED Pro\u00a0:<\/p>\n<ul>\n<li>Real CPR Help\u00ae pour aider les sauveteurs \u00e0 d\u00e9livrer des compressions optimales et \u00e0 am\u00e9liorer les chances de survie<\/li>\n<li>See-Thru CPR\u00ae pour r\u00e9duire la dur\u00e9e des interruptions en supprimant les artefacts de compression<\/li>\n<li>Des modes de fonctionnement flexibles permettent au secouriste professionnel d&#039;appliquer la commande manuelle pour acc\u00e9der \u00e0 des fonctionnalit\u00e9s plus avanc\u00e9es, notamment l&#039;affichage de la fr\u00e9quence cardiaque, et pour d\u00e9cider si et quand administrer un traitement.<\/li>\n<li>Contient un c\u00e2ble \u00e0 trois fils pour une surveillance de base \u00e0 l'aide d'\u00e9lectrodes ECG<\/li>\n<li>Un \u00e9cran LCD \u00e0 gain automatique haute r\u00e9solution qui maintient le trac\u00e9 ECG dans des zones sp\u00e9cifiques, affichant toujours le gain afin que le secouriste puisse facilement voir le rythme du patient.<\/li>\n<li>Avec CaseReview\u00ae, les donn\u00e9es d\u00e9taill\u00e9es sur les performances de sauvetage peuvent \u00eatre facilement transf\u00e9r\u00e9es via USB. Les donn\u00e9es sur le taux de RCP, la profondeur, la vitesse de lib\u00e9ration et la fraction de compression peuvent \u00eatre \u00e9valu\u00e9es et utilis\u00e9es pour am\u00e9liorer les performances des futurs intervenants.<\/li>\n<\/ul>\n<p><a href=\"https:\/\/www.zoll.com\/-\/media\/uploadedfiles\/public_site\/products\/aed_pro\/aedpro_brochure-pdf.ashx\">T\u00e9l\u00e9chargez la brochure<\/a><\/p>\n<p>1Bobrow BJ, et al. Ann Emerg Med. Juillet 2013;62(1):47\u201356.e1.<br \/>\n2Mittal S, et coll. 1 JACC. 1999;34:1595-160<br \/>\n3Mittal S, et coll. Circulation. 2000;101\u00a0:\u00a01282-1287.<\/p>\n<p style=\"text-align: center;\"><iframe class=\"youtube-video\" title=\"lecteur vid\u00e9o YouTube\" src=\"https:\/\/www.youtube.com\/embed\/ETvWx2eq6go?si=dELcarvxd6YrAUNM\" frameborder=\"0\" allowfullscreen=\"allowfullscreen\"><\/iframe><\/p>","protected":false},"excerpt":{"rendered":"<p>Le d\u00e9fibrillateur AED Pro est con\u00e7u pour les soins de r\u00e9animation de base et avanc\u00e9s. Bien qu&#039;il offre des conseils au sauveteur BLS, il offre \u00e9galement des capacit\u00e9s plus avanc\u00e9es au sauveteur professionnel.<\/p>","protected":false},"featured_media":28327,"template":"","meta":[],"product_brand":[172],"product_cat":[115,49],"product_tag":[363],"class_list":{"0":"post-28326","1":"product","2":"type-product","3":"status-publish","4":"has-post-thumbnail","6":"product_brand-zoll","7":"product_cat-defibrillators","8":"product_cat-medical","9":"product_tag-zoll","11":"first","12":"instock","13":"shipping-taxable","14":"product-type-simple"},"yoast_head":"<!-- This site is optimized with the Yoast SEO plugin v27.5 - https:\/\/yoast.com\/product\/yoast-seo-wordpress\/ -->\n<title>AED Pro for EMS - Safety Source Fire<\/title>\n<meta name=\"robots\" content=\"index, follow, max-snippet:-1, max-image-preview:large, max-video-preview:-1\" \/>\n<link rel=\"canonical\" href=\"https:\/\/safetysourcefire.ca\/fr\/produit\/aed-pro-for-ems\/\" \/>\n<meta property=\"og:locale\" content=\"fr_CA\" \/>\n<meta property=\"og:type\" content=\"article\" \/>\n<meta property=\"og:title\" content=\"AED Pro for EMS - Safety Source Fire\" \/>\n<meta property=\"og:description\" content=\"The AED Pro defibrillator is designed for both basic and advanced life support. While it offers guidance to the BLS rescuer, it also provides more advanced capabilities for the professional rescuer.\" \/>\n<meta property=\"og:url\" content=\"https:\/\/safetysourcefire.ca\/fr\/produit\/aed-pro-for-ems\/\" \/>\n<meta property=\"og:site_name\" content=\"Safety Source Fire\" \/>\n<meta property=\"article:publisher\" content=\"https:\/\/www.facebook.com\/mmfssca\" \/>\n<meta property=\"article:modified_time\" content=\"2023-11-15T13:44:15+00:00\" \/>\n<meta property=\"og:image\" content=\"https:\/\/safetysourcefire.ca\/wp-content\/uploads\/2023\/11\/aedpro_EMS_studio_frontleft_web.jpg\" \/>\n\t<meta property=\"og:image:width\" content=\"600\" \/>\n\t<meta property=\"og:image:height\" content=\"600\" \/>\n\t<meta property=\"og:image:type\" content=\"image\/jpeg\" \/>\n<meta name=\"twitter:card\" content=\"summary_large_image\" \/>\n<meta name=\"twitter:site\" content=\"@mmfssca\" \/>\n<meta name=\"twitter:label1\" content=\"Estimation du temps de lecture\" \/>\n\t<meta name=\"twitter:data1\" content=\"2 minutes\" \/>\n<script type=\"application\/ld+json\" class=\"yoast-schema-graph\">{\"@context\":\"https:\\\/\\\/schema.org\",\"@graph\":[{\"@type\":\"WebPage\",\"@id\":\"https:\\\/\\\/safetysourcefire.ca\\\/product\\\/aed-pro-for-ems\\\/\",\"url\":\"https:\\\/\\\/safetysourcefire.ca\\\/product\\\/aed-pro-for-ems\\\/\",\"name\":\"AED Pro for EMS - Safety Source Fire\",\"isPartOf\":{\"@id\":\"https:\\\/\\\/safetysourcefire.ca\\\/#website\"},\"primaryImageOfPage\":{\"@id\":\"https:\\\/\\\/safetysourcefire.ca\\\/product\\\/aed-pro-for-ems\\\/#primaryimage\"},\"image\":{\"@id\":\"https:\\\/\\\/safetysourcefire.ca\\\/product\\\/aed-pro-for-ems\\\/#primaryimage\"},\"thumbnailUrl\":\"https:\\\/\\\/safetysourcefire.ca\\\/wp-content\\\/uploads\\\/2023\\\/11\\\/aedpro_EMS_studio_frontleft_web.jpg\",\"datePublished\":\"2023-11-15T13:39:50+00:00\",\"dateModified\":\"2023-11-15T13:44:15+00:00\",\"breadcrumb\":{\"@id\":\"https:\\\/\\\/safetysourcefire.ca\\\/product\\\/aed-pro-for-ems\\\/#breadcrumb\"},\"inLanguage\":\"fr-CA\",\"potentialAction\":[{\"@type\":\"ReadAction\",\"target\":[\"https:\\\/\\\/safetysourcefire.ca\\\/product\\\/aed-pro-for-ems\\\/\"]}]},{\"@type\":\"ImageObject\",\"inLanguage\":\"fr-CA\",\"@id\":\"https:\\\/\\\/safetysourcefire.ca\\\/product\\\/aed-pro-for-ems\\\/#primaryimage\",\"url\":\"https:\\\/\\\/safetysourcefire.ca\\\/wp-content\\\/uploads\\\/2023\\\/11\\\/aedpro_EMS_studio_frontleft_web.jpg\",\"contentUrl\":\"https:\\\/\\\/safetysourcefire.ca\\\/wp-content\\\/uploads\\\/2023\\\/11\\\/aedpro_EMS_studio_frontleft_web.jpg\",\"width\":600,\"height\":600,\"caption\":\"AED Pro\"},{\"@type\":\"BreadcrumbList\",\"@id\":\"https:\\\/\\\/safetysourcefire.ca\\\/product\\\/aed-pro-for-ems\\\/#breadcrumb\",\"itemListElement\":[{\"@type\":\"ListItem\",\"position\":1,\"name\":\"Home\",\"item\":\"https:\\\/\\\/safetysourcefire.ca\\\/\"},{\"@type\":\"ListItem\",\"position\":2,\"name\":\"Products\",\"item\":\"https:\\\/\\\/safetysourcefire.ca\\\/shop\\\/\"},{\"@type\":\"ListItem\",\"position\":3,\"name\":\"AED Pro for EMS\"}]},{\"@type\":\"WebSite\",\"@id\":\"https:\\\/\\\/safetysourcefire.ca\\\/#website\",\"url\":\"https:\\\/\\\/safetysourcefire.ca\\\/\",\"name\":\"Safety Source Fire\",\"description\":\"\",\"publisher\":{\"@id\":\"https:\\\/\\\/safetysourcefire.ca\\\/#organization\"},\"potentialAction\":[{\"@type\":\"SearchAction\",\"target\":{\"@type\":\"EntryPoint\",\"urlTemplate\":\"https:\\\/\\\/safetysourcefire.ca\\\/?s={search_term_string}\"},\"query-input\":{\"@type\":\"PropertyValueSpecification\",\"valueRequired\":true,\"valueName\":\"search_term_string\"}}],\"inLanguage\":\"fr-CA\"},{\"@type\":\"Organization\",\"@id\":\"https:\\\/\\\/safetysourcefire.ca\\\/#organization\",\"name\":\"Safety Source Fire\",\"url\":\"https:\\\/\\\/safetysourcefire.ca\\\/\",\"logo\":{\"@type\":\"ImageObject\",\"inLanguage\":\"fr-CA\",\"@id\":\"https:\\\/\\\/safetysourcefire.ca\\\/#\\\/schema\\\/logo\\\/image\\\/\",\"url\":\"https:\\\/\\\/safetysourcefire.ca\\\/wp-content\\\/uploads\\\/2021\\\/01\\\/SSF_logo_CC0000-3.png\",\"contentUrl\":\"https:\\\/\\\/safetysourcefire.ca\\\/wp-content\\\/uploads\\\/2021\\\/01\\\/SSF_logo_CC0000-3.png\",\"width\":1107,\"height\":365,\"caption\":\"Safety Source Fire\"},\"image\":{\"@id\":\"https:\\\/\\\/safetysourcefire.ca\\\/#\\\/schema\\\/logo\\\/image\\\/\"},\"sameAs\":[\"https:\\\/\\\/www.facebook.com\\\/mmfssca\",\"https:\\\/\\\/x.com\\\/mmfssca\"]}]}<\/script>\n<!-- \/ Yoast SEO plugin. -->","yoast_head_json":{"title":"AED Pro pour les services m\u00e9dicaux d&#039;urgence - S\u00e9curit\u00e9 incendie","robots":{"index":"index","follow":"follow","max-snippet":"max-snippet:-1","max-image-preview":"max-image-preview:large","max-video-preview":"max-video-preview:-1"},"canonical":"https:\/\/safetysourcefire.ca\/fr\/produit\/aed-pro-for-ems\/","og_locale":"fr_CA","og_type":"article","og_title":"AED Pro for EMS - Safety Source Fire","og_description":"The AED Pro defibrillator is designed for both basic and advanced life support. While it offers guidance to the BLS rescuer, it also provides more advanced capabilities for the professional rescuer.","og_url":"https:\/\/safetysourcefire.ca\/fr\/produit\/aed-pro-for-ems\/","og_site_name":"Safety Source Fire","article_publisher":"https:\/\/www.facebook.com\/mmfssca","article_modified_time":"2023-11-15T13:44:15+00:00","og_image":[{"width":600,"height":600,"url":"https:\/\/safetysourcefire.ca\/wp-content\/uploads\/2023\/11\/aedpro_EMS_studio_frontleft_web.jpg","type":"image\/jpeg"}],"twitter_card":"summary_large_image","twitter_site":"@mmfssca","twitter_misc":{"Estimation du temps de lecture":"2 minutes"},"schema":{"@context":"https:\/\/schema.org","@graph":[{"@type":"WebPage","@id":"https:\/\/safetysourcefire.ca\/product\/aed-pro-for-ems\/","url":"https:\/\/safetysourcefire.ca\/product\/aed-pro-for-ems\/","name":"AED Pro pour les services m\u00e9dicaux d&#039;urgence - S\u00e9curit\u00e9 incendie","isPartOf":{"@id":"https:\/\/safetysourcefire.ca\/#website"},"primaryImageOfPage":{"@id":"https:\/\/safetysourcefire.ca\/product\/aed-pro-for-ems\/#primaryimage"},"image":{"@id":"https:\/\/safetysourcefire.ca\/product\/aed-pro-for-ems\/#primaryimage"},"thumbnailUrl":"https:\/\/safetysourcefire.ca\/wp-content\/uploads\/2023\/11\/aedpro_EMS_studio_frontleft_web.jpg","datePublished":"2023-11-15T13:39:50+00:00","dateModified":"2023-11-15T13:44:15+00:00","breadcrumb":{"@id":"https:\/\/safetysourcefire.ca\/product\/aed-pro-for-ems\/#breadcrumb"},"inLanguage":"fr-CA","potentialAction":[{"@type":"ReadAction","target":["https:\/\/safetysourcefire.ca\/product\/aed-pro-for-ems\/"]}]},{"@type":"ImageObject","inLanguage":"fr-CA","@id":"https:\/\/safetysourcefire.ca\/product\/aed-pro-for-ems\/#primaryimage","url":"https:\/\/safetysourcefire.ca\/wp-content\/uploads\/2023\/11\/aedpro_EMS_studio_frontleft_web.jpg","contentUrl":"https:\/\/safetysourcefire.ca\/wp-content\/uploads\/2023\/11\/aedpro_EMS_studio_frontleft_web.jpg","width":600,"height":600,"caption":"AED Pro"},{"@type":"BreadcrumbList","@id":"https:\/\/safetysourcefire.ca\/product\/aed-pro-for-ems\/#breadcrumb","itemListElement":[{"@type":"ListItem","position":1,"name":"Home","item":"https:\/\/safetysourcefire.ca\/"},{"@type":"ListItem","position":2,"name":"Products","item":"https:\/\/safetysourcefire.ca\/shop\/"},{"@type":"ListItem","position":3,"name":"AED Pro for EMS"}]},{"@type":"WebSite","@id":"https:\/\/safetysourcefire.ca\/#website","url":"https:\/\/safetysourcefire.ca\/","name":"Safety Source Fire","description":"","publisher":{"@id":"https:\/\/safetysourcefire.ca\/#organization"},"potentialAction":[{"@type":"SearchAction","target":{"@type":"EntryPoint","urlTemplate":"https:\/\/safetysourcefire.ca\/?s={search_term_string}"},"query-input":{"@type":"PropertyValueSpecification","valueRequired":true,"valueName":"search_term_string"}}],"inLanguage":"fr-CA"},{"@type":"Organization","@id":"https:\/\/safetysourcefire.ca\/#organization","name":"Safety Source Fire","url":"https:\/\/safetysourcefire.ca\/","logo":{"@type":"ImageObject","inLanguage":"fr-CA","@id":"https:\/\/safetysourcefire.ca\/#\/schema\/logo\/image\/","url":"https:\/\/safetysourcefire.ca\/wp-content\/uploads\/2021\/01\/SSF_logo_CC0000-3.png","contentUrl":"https:\/\/safetysourcefire.ca\/wp-content\/uploads\/2021\/01\/SSF_logo_CC0000-3.png","width":1107,"height":365,"caption":"Safety Source Fire"},"image":{"@id":"https:\/\/safetysourcefire.ca\/#\/schema\/logo\/image\/"},"sameAs":["https:\/\/www.facebook.com\/mmfssca","https:\/\/x.com\/mmfssca"]}]}},"_links":{"self":[{"href":"https:\/\/safetysourcefire.ca\/fr\/wp-json\/wp\/v2\/product\/28326","targetHints":{"allow":["GET"]}}],"collection":[{"href":"https:\/\/safetysourcefire.ca\/fr\/wp-json\/wp\/v2\/product"}],"about":[{"href":"https:\/\/safetysourcefire.ca\/fr\/wp-json\/wp\/v2\/types\/product"}],"wp:featuredmedia":[{"embeddable":true,"href":"https:\/\/safetysourcefire.ca\/fr\/wp-json\/wp\/v2\/media\/28327"}],"wp:attachment":[{"href":"https:\/\/safetysourcefire.ca\/fr\/wp-json\/wp\/v2\/media?parent=28326"}],"wp:term":[{"taxonomy":"product_brand","embeddable":true,"href":"https:\/\/safetysourcefire.ca\/fr\/wp-json\/wp\/v2\/product_brand?post=28326"},{"taxonomy":"product_cat","embeddable":true,"href":"https:\/\/safetysourcefire.ca\/fr\/wp-json\/wp\/v2\/product_cat?post=28326"},{"taxonomy":"product_tag","embeddable":true,"href":"https:\/\/safetysourcefire.ca\/fr\/wp-json\/wp\/v2\/product_tag?post=28326"}],"curies":[{"name":"wp","href":"https:\/\/api.w.org\/{rel}","templated":true}]}}