{"id":2833,"date":"2017-06-14T00:55:49","date_gmt":"2017-06-14T00:55:49","guid":{"rendered":"http:\/\/mmfss.ca\/?post_type=product&#038;p=2833"},"modified":"2020-06-24T16:41:57","modified_gmt":"2020-06-24T16:41:57","slug":"propak-portable-multipurpose-foam-system","status":"publish","type":"product","link":"https:\/\/safetysourcefire.ca\/fr\/produit\/propak-portable-multipurpose-foam-system\/","title":{"rendered":"Syst\u00e8me PRO\/pak polyvalent &amp; portatif pour mousse"},"content":{"rendered":"<p>Tout ce dont vous avez besoin est contenu dans un seul emballage qui se fixe \u00e0 l'extr\u00e9mit\u00e9 de votre tuyau d'incendie de 1\u2033 (2,5 cm) ou 1,5\u2033 (3,8 cm). Le PRO\/pak est dot\u00e9 d'un r\u00e9servoir de mousse \u00e0 fort impact de 2,5 gallons (9,5 l) avec un \u00e9jecteur int\u00e9gr\u00e9 qui peut \u00eatre r\u00e9gl\u00e9 en fonction du rapport de mousse ou d'agents mouillants utilis\u00e9s. Le grand orifice de remplissage facile \u00e0 ouvrir poss\u00e8de un indicateur pour montrer le type de liquide pr\u00e9sent dans le r\u00e9servoir. Le d\u00e9bit est contr\u00f4l\u00e9 par une vanne \u00e0 poign\u00e9e tournante qui sert \u00e9galement de poign\u00e9e de transport.<\/p>\n<p>Avec trois diff\u00e9rentes buses \u00e0 connexion rapide incluses, le syst\u00e8me PRO\/pak est capable de produire une mousse \u00e0 expansion faible ou moyenne, tout en fonctionnant avec de faibles pressions d'entr\u00e9e.<\/p>\n<ul>\n<li>Syst\u00e8me de mousse \u00e0 suppression rapide qui est robuste, compact et l\u00e9ger<\/li>\n<li>Fonctionne avec tous les concentr\u00e9s de mousse de classe A, AFFF ou r\u00e9sistants \u00e0 l&#039;alcool<\/li>\n<li>Pressions d&#039;entr\u00e9e de 40 \u00e0 500 psi (3 \u00e0 14 bar) avec un d\u00e9bit nominal de 12 gpm \u00e0 100 psi (45 l\/min \u00e0 7 bar)<\/li>\n<\/ul>","protected":false},"excerpt":{"rendered":"<p>Le syst\u00e8me d&#039;injection et d&#039;application de mousse PRO \/ pak de TFT est le choix id\u00e9al pour une suppression rapide des vapeurs avec tout \u00e9mulseur de classe A, AFFF ou r\u00e9sistant \u00e0 l&#039;alcool.<\/p>","protected":false},"featured_media":2412,"template":"","meta":[],"product_brand":[179],"product_cat":[462,44,63,64,463],"product_tag":[355,354],"class_list":{"0":"post-2833","1":"product","2":"type-product","3":"status-publish","4":"has-post-thumbnail","6":"product_brand-tft","7":"product_cat-emergency-preparedness","8":"product_cat-fire-suppression","9":"product_cat-foam","10":"product_cat-hardware-appliances-adapters","11":"product_cat-wildland-fire","12":"product_tag-task-force-tips","13":"product_tag-tft","15":"first","16":"instock","17":"shipping-taxable","18":"product-type-simple"},"yoast_head":"<!-- This site is optimized with the Yoast SEO plugin v27.4 - https:\/\/yoast.com\/product\/yoast-seo-wordpress\/ -->\n<title>PRO\/pak Portable Multipurpose Foam System - Safety Source Fire<\/title>\n<meta name=\"robots\" content=\"index, follow, max-snippet:-1, max-image-preview:large, max-video-preview:-1\" \/>\n<link rel=\"canonical\" href=\"https:\/\/safetysourcefire.ca\/fr\/produit\/propak-portable-multipurpose-foam-system\/\" \/>\n<meta property=\"og:locale\" content=\"fr_CA\" \/>\n<meta property=\"og:type\" content=\"article\" \/>\n<meta property=\"og:title\" content=\"PRO\/pak Portable Multipurpose Foam System - Safety Source Fire\" \/>\n<meta property=\"og:description\" content=\"TFT&#039;s PRO\/pak foam injection and application system is the ideal choice for rapid vapor suppression with any Class A, AFFF or Alcohol Resistant foam concentrate.\" \/>\n<meta property=\"og:url\" content=\"https:\/\/safetysourcefire.ca\/fr\/produit\/propak-portable-multipurpose-foam-system\/\" \/>\n<meta property=\"og:site_name\" content=\"Safety Source Fire\" \/>\n<meta property=\"article:publisher\" content=\"https:\/\/www.facebook.com\/mmfssca\" \/>\n<meta property=\"article:modified_time\" content=\"2020-06-24T16:41:57+00:00\" \/>\n<meta property=\"og:image\" content=\"https:\/\/safetysourcefire.ca\/wp-content\/uploads\/2017\/06\/UM12-IF.jpg\" \/>\n\t<meta property=\"og:image:width\" content=\"600\" \/>\n\t<meta property=\"og:image:height\" content=\"600\" \/>\n\t<meta property=\"og:image:type\" content=\"image\/jpeg\" \/>\n<meta name=\"twitter:card\" content=\"summary_large_image\" \/>\n<meta name=\"twitter:site\" content=\"@mmfssca\" \/>\n<meta name=\"twitter:label1\" content=\"Estimation du temps de lecture\" \/>\n\t<meta name=\"twitter:data1\" content=\"1 minute\" \/>\n<script type=\"application\/ld+json\" class=\"yoast-schema-graph\">{\"@context\":\"https:\\\/\\\/schema.org\",\"@graph\":[{\"@type\":\"WebPage\",\"@id\":\"https:\\\/\\\/safetysourcefire.ca\\\/product\\\/propak-portable-multipurpose-foam-system\\\/\",\"url\":\"https:\\\/\\\/safetysourcefire.ca\\\/product\\\/propak-portable-multipurpose-foam-system\\\/\",\"name\":\"PRO\\\/pak Portable Multipurpose Foam System - Safety Source Fire\",\"isPartOf\":{\"@id\":\"https:\\\/\\\/safetysourcefire.ca\\\/#website\"},\"primaryImageOfPage\":{\"@id\":\"https:\\\/\\\/safetysourcefire.ca\\\/product\\\/propak-portable-multipurpose-foam-system\\\/#primaryimage\"},\"image\":{\"@id\":\"https:\\\/\\\/safetysourcefire.ca\\\/product\\\/propak-portable-multipurpose-foam-system\\\/#primaryimage\"},\"thumbnailUrl\":\"https:\\\/\\\/safetysourcefire.ca\\\/wp-content\\\/uploads\\\/2017\\\/06\\\/UM12-IF.jpg\",\"datePublished\":\"2017-06-14T00:55:49+00:00\",\"dateModified\":\"2020-06-24T16:41:57+00:00\",\"breadcrumb\":{\"@id\":\"https:\\\/\\\/safetysourcefire.ca\\\/product\\\/propak-portable-multipurpose-foam-system\\\/#breadcrumb\"},\"inLanguage\":\"fr-CA\",\"potentialAction\":[{\"@type\":\"ReadAction\",\"target\":[\"https:\\\/\\\/safetysourcefire.ca\\\/product\\\/propak-portable-multipurpose-foam-system\\\/\"]}]},{\"@type\":\"ImageObject\",\"inLanguage\":\"fr-CA\",\"@id\":\"https:\\\/\\\/safetysourcefire.ca\\\/product\\\/propak-portable-multipurpose-foam-system\\\/#primaryimage\",\"url\":\"https:\\\/\\\/safetysourcefire.ca\\\/wp-content\\\/uploads\\\/2017\\\/06\\\/UM12-IF.jpg\",\"contentUrl\":\"https:\\\/\\\/safetysourcefire.ca\\\/wp-content\\\/uploads\\\/2017\\\/06\\\/UM12-IF.jpg\",\"width\":600,\"height\":600,\"caption\":\"PRO\\\/pak Portable Multipurpose Foam System\"},{\"@type\":\"BreadcrumbList\",\"@id\":\"https:\\\/\\\/safetysourcefire.ca\\\/product\\\/propak-portable-multipurpose-foam-system\\\/#breadcrumb\",\"itemListElement\":[{\"@type\":\"ListItem\",\"position\":1,\"name\":\"Home\",\"item\":\"https:\\\/\\\/safetysourcefire.ca\\\/\"},{\"@type\":\"ListItem\",\"position\":2,\"name\":\"Products\",\"item\":\"https:\\\/\\\/safetysourcefire.ca\\\/shop\\\/\"},{\"@type\":\"ListItem\",\"position\":3,\"name\":\"PRO\\\/pak Portable Multipurpose Foam System\"}]},{\"@type\":\"WebSite\",\"@id\":\"https:\\\/\\\/safetysourcefire.ca\\\/#website\",\"url\":\"https:\\\/\\\/safetysourcefire.ca\\\/\",\"name\":\"Safety Source Fire\",\"description\":\"\",\"publisher\":{\"@id\":\"https:\\\/\\\/safetysourcefire.ca\\\/#organization\"},\"potentialAction\":[{\"@type\":\"SearchAction\",\"target\":{\"@type\":\"EntryPoint\",\"urlTemplate\":\"https:\\\/\\\/safetysourcefire.ca\\\/?s={search_term_string}\"},\"query-input\":{\"@type\":\"PropertyValueSpecification\",\"valueRequired\":true,\"valueName\":\"search_term_string\"}}],\"inLanguage\":\"fr-CA\"},{\"@type\":\"Organization\",\"@id\":\"https:\\\/\\\/safetysourcefire.ca\\\/#organization\",\"name\":\"Safety Source Fire\",\"url\":\"https:\\\/\\\/safetysourcefire.ca\\\/\",\"logo\":{\"@type\":\"ImageObject\",\"inLanguage\":\"fr-CA\",\"@id\":\"https:\\\/\\\/safetysourcefire.ca\\\/#\\\/schema\\\/logo\\\/image\\\/\",\"url\":\"https:\\\/\\\/safetysourcefire.ca\\\/wp-content\\\/uploads\\\/2021\\\/01\\\/SSF_logo_CC0000-3.png\",\"contentUrl\":\"https:\\\/\\\/safetysourcefire.ca\\\/wp-content\\\/uploads\\\/2021\\\/01\\\/SSF_logo_CC0000-3.png\",\"width\":1107,\"height\":365,\"caption\":\"Safety Source Fire\"},\"image\":{\"@id\":\"https:\\\/\\\/safetysourcefire.ca\\\/#\\\/schema\\\/logo\\\/image\\\/\"},\"sameAs\":[\"https:\\\/\\\/www.facebook.com\\\/mmfssca\",\"https:\\\/\\\/x.com\\\/mmfssca\"]}]}<\/script>\n<!-- \/ Yoast SEO plugin. -->","yoast_head_json":{"title":"Syst\u00e8me de mousse portable polyvalent PRO\/pak - Safety Source Fire","robots":{"index":"index","follow":"follow","max-snippet":"max-snippet:-1","max-image-preview":"max-image-preview:large","max-video-preview":"max-video-preview:-1"},"canonical":"https:\/\/safetysourcefire.ca\/fr\/produit\/propak-portable-multipurpose-foam-system\/","og_locale":"fr_CA","og_type":"article","og_title":"PRO\/pak Portable Multipurpose Foam System - Safety Source Fire","og_description":"TFT's PRO\/pak foam injection and application system is the ideal choice for rapid vapor suppression with any Class A, AFFF or Alcohol Resistant foam concentrate.","og_url":"https:\/\/safetysourcefire.ca\/fr\/produit\/propak-portable-multipurpose-foam-system\/","og_site_name":"Safety Source Fire","article_publisher":"https:\/\/www.facebook.com\/mmfssca","article_modified_time":"2020-06-24T16:41:57+00:00","og_image":[{"width":600,"height":600,"url":"https:\/\/safetysourcefire.ca\/wp-content\/uploads\/2017\/06\/UM12-IF.jpg","type":"image\/jpeg"}],"twitter_card":"summary_large_image","twitter_site":"@mmfssca","twitter_misc":{"Estimation du temps de lecture":"1 minute"},"schema":{"@context":"https:\/\/schema.org","@graph":[{"@type":"WebPage","@id":"https:\/\/safetysourcefire.ca\/product\/propak-portable-multipurpose-foam-system\/","url":"https:\/\/safetysourcefire.ca\/product\/propak-portable-multipurpose-foam-system\/","name":"Syst\u00e8me de mousse portable polyvalent PRO\/pak - Safety Source Fire","isPartOf":{"@id":"https:\/\/safetysourcefire.ca\/#website"},"primaryImageOfPage":{"@id":"https:\/\/safetysourcefire.ca\/product\/propak-portable-multipurpose-foam-system\/#primaryimage"},"image":{"@id":"https:\/\/safetysourcefire.ca\/product\/propak-portable-multipurpose-foam-system\/#primaryimage"},"thumbnailUrl":"https:\/\/safetysourcefire.ca\/wp-content\/uploads\/2017\/06\/UM12-IF.jpg","datePublished":"2017-06-14T00:55:49+00:00","dateModified":"2020-06-24T16:41:57+00:00","breadcrumb":{"@id":"https:\/\/safetysourcefire.ca\/product\/propak-portable-multipurpose-foam-system\/#breadcrumb"},"inLanguage":"fr-CA","potentialAction":[{"@type":"ReadAction","target":["https:\/\/safetysourcefire.ca\/product\/propak-portable-multipurpose-foam-system\/"]}]},{"@type":"ImageObject","inLanguage":"fr-CA","@id":"https:\/\/safetysourcefire.ca\/product\/propak-portable-multipurpose-foam-system\/#primaryimage","url":"https:\/\/safetysourcefire.ca\/wp-content\/uploads\/2017\/06\/UM12-IF.jpg","contentUrl":"https:\/\/safetysourcefire.ca\/wp-content\/uploads\/2017\/06\/UM12-IF.jpg","width":600,"height":600,"caption":"PRO\/pak Portable Multipurpose Foam System"},{"@type":"BreadcrumbList","@id":"https:\/\/safetysourcefire.ca\/product\/propak-portable-multipurpose-foam-system\/#breadcrumb","itemListElement":[{"@type":"ListItem","position":1,"name":"Home","item":"https:\/\/safetysourcefire.ca\/"},{"@type":"ListItem","position":2,"name":"Products","item":"https:\/\/safetysourcefire.ca\/shop\/"},{"@type":"ListItem","position":3,"name":"PRO\/pak Portable Multipurpose Foam System"}]},{"@type":"WebSite","@id":"https:\/\/safetysourcefire.ca\/#website","url":"https:\/\/safetysourcefire.ca\/","name":"Safety Source Fire","description":"","publisher":{"@id":"https:\/\/safetysourcefire.ca\/#organization"},"potentialAction":[{"@type":"SearchAction","target":{"@type":"EntryPoint","urlTemplate":"https:\/\/safetysourcefire.ca\/?s={search_term_string}"},"query-input":{"@type":"PropertyValueSpecification","valueRequired":true,"valueName":"search_term_string"}}],"inLanguage":"fr-CA"},{"@type":"Organization","@id":"https:\/\/safetysourcefire.ca\/#organization","name":"Safety Source Fire","url":"https:\/\/safetysourcefire.ca\/","logo":{"@type":"ImageObject","inLanguage":"fr-CA","@id":"https:\/\/safetysourcefire.ca\/#\/schema\/logo\/image\/","url":"https:\/\/safetysourcefire.ca\/wp-content\/uploads\/2021\/01\/SSF_logo_CC0000-3.png","contentUrl":"https:\/\/safetysourcefire.ca\/wp-content\/uploads\/2021\/01\/SSF_logo_CC0000-3.png","width":1107,"height":365,"caption":"Safety Source Fire"},"image":{"@id":"https:\/\/safetysourcefire.ca\/#\/schema\/logo\/image\/"},"sameAs":["https:\/\/www.facebook.com\/mmfssca","https:\/\/x.com\/mmfssca"]}]}},"_links":{"self":[{"href":"https:\/\/safetysourcefire.ca\/fr\/wp-json\/wp\/v2\/product\/2833","targetHints":{"allow":["GET"]}}],"collection":[{"href":"https:\/\/safetysourcefire.ca\/fr\/wp-json\/wp\/v2\/product"}],"about":[{"href":"https:\/\/safetysourcefire.ca\/fr\/wp-json\/wp\/v2\/types\/product"}],"wp:featuredmedia":[{"embeddable":true,"href":"https:\/\/safetysourcefire.ca\/fr\/wp-json\/wp\/v2\/media\/2412"}],"wp:attachment":[{"href":"https:\/\/safetysourcefire.ca\/fr\/wp-json\/wp\/v2\/media?parent=2833"}],"wp:term":[{"taxonomy":"product_brand","embeddable":true,"href":"https:\/\/safetysourcefire.ca\/fr\/wp-json\/wp\/v2\/product_brand?post=2833"},{"taxonomy":"product_cat","embeddable":true,"href":"https:\/\/safetysourcefire.ca\/fr\/wp-json\/wp\/v2\/product_cat?post=2833"},{"taxonomy":"product_tag","embeddable":true,"href":"https:\/\/safetysourcefire.ca\/fr\/wp-json\/wp\/v2\/product_tag?post=2833"}],"curies":[{"name":"wp","href":"https:\/\/api.w.org\/{rel}","templated":true}]}}