{"id":2837,"date":"2017-06-14T01:01:07","date_gmt":"2017-06-14T01:01:07","guid":{"rendered":"http:\/\/mmfss.ca\/?post_type=product&#038;p=2837"},"modified":"2023-02-15T20:39:46","modified_gmt":"2023-02-15T20:39:46","slug":"vortex-tip-only-1-5f-x-1-5m","status":"publish","type":"product","link":"https:\/\/safetysourcefire.ca\/fr\/produit\/vortex-tip-only-1-5f-x-1-5m\/","title":{"rendered":"Valve Vortex (Pointe seulement) 1,5 \u2033 FX 1,5 \u2033 M"},"content":{"rendered":"<ul>\n<li>La s\u00e9rie Valve Integral Tip (VIT) est disponible en deux mod\u00e8les distincts. Le mod\u00e8le d'origine offre la flexibilit\u00e9 d'inserts individuels \u00e0 al\u00e9sage lisse qui peuvent \u00eatre facilement modifi\u00e9s pour correspondre aux directives op\u00e9rationnelles des services d'incendie, mais ne contient pas le redresseur de jet int\u00e9gr\u00e9 et la protection de filetage du nouveau mod\u00e8le. Plus court et un peu plus l\u00e9ger, le mod\u00e8le d'origine \u00e9tait souvent utilis\u00e9 avec un redresseur de flux s\u00e9par\u00e9 pour am\u00e9liorer la qualit\u00e9 du flux \u00e0 basse pression de fonctionnement. Les inserts inclus dans l'emballage sont de grandeur 7\/8\u2033, 15\/16\u2033, 1\u2033, 1-1\/8\u2033. Notez bien que souvent, pour ceux qui utilisent CAFS, aucun insert n'est utilis\u00e9 pour fournir une voie d'eau compl\u00e8te de 1-3\/8\u2033.<\/li>\n<li>La s\u00e9rie VIT utilise une voie d'eau compl\u00e8te de 1-3\/8\u2033. Elle est contr\u00f4l\u00e9e par la fermeture unique de l'anse, permettant un meilleur niveau de contr\u00f4le \u00e0 l'op\u00e9rateur de la buse. Le nouveau style de VIT int\u00e8gre un protecteur de filetage en caoutchouc r\u00e9tractable qui peut \u00eatre facilement rotationn\u00e9 pour permettre soit une connexion de buse combin\u00e9e, soit une protection compl\u00e8te des filetages de sortie m\u00e2les.<\/li>\n<li>La s\u00e9rie VIT est disponible avec des poign\u00e9es pistolet munies d'un code couleur. Le nouveau style de VIT int\u00e8gre un al\u00e9sage lisse conique plus long, pour des performances de flux accrues. Le redresseur de flux int\u00e9gr\u00e9 maintient l'ensemble compact et l\u00e9ger, ce qui le rend particuli\u00e8rement id\u00e9al pour des op\u00e9rations en hauteur. Tous les mod\u00e8les VIT comprennent un service exclusif 24 heures sur 24 ainsi qu'une garantie TFT de 5 ans.<\/li>\n<\/ul>","protected":false},"excerpt":{"rendered":"<p>Disponible en deux mod\u00e8les.<\/p>","protected":false},"featured_media":2634,"template":"","meta":[],"product_brand":[179],"product_cat":[44,66],"product_tag":[355,354],"class_list":{"0":"post-2837","1":"product","2":"type-product","3":"status-publish","4":"has-post-thumbnail","6":"product_brand-tft","7":"product_cat-fire-suppression","8":"product_cat-nozzles-monitors","9":"product_tag-task-force-tips","10":"product_tag-tft","12":"first","13":"instock","14":"shipping-taxable","15":"product-type-simple"},"yoast_head":"<!-- This site is optimized with the Yoast SEO plugin v27.4 - https:\/\/yoast.com\/product\/yoast-seo-wordpress\/ -->\n<title>Vortex Tip Only 1.5&quot;F X 1.5&quot;M - Safety Source Fire<\/title>\n<meta name=\"robots\" content=\"index, follow, max-snippet:-1, max-image-preview:large, max-video-preview:-1\" \/>\n<link rel=\"canonical\" href=\"https:\/\/safetysourcefire.ca\/fr\/?product=vortex-tip-only-1-5f-x-1-5m\" \/>\n<meta property=\"og:locale\" content=\"fr_CA\" \/>\n<meta property=\"og:type\" content=\"article\" \/>\n<meta property=\"og:title\" content=\"Vortex Tip Only 1.5&quot;F X 1.5&quot;M - Safety Source Fire\" \/>\n<meta property=\"og:description\" content=\"Available in two models.\" \/>\n<meta property=\"og:url\" content=\"https:\/\/safetysourcefire.ca\/fr\/?product=vortex-tip-only-1-5f-x-1-5m\" \/>\n<meta property=\"og:site_name\" content=\"Safety Source Fire\" \/>\n<meta property=\"article:publisher\" content=\"https:\/\/www.facebook.com\/mmfssca\" \/>\n<meta property=\"article:modified_time\" content=\"2023-02-15T20:39:46+00:00\" \/>\n<meta property=\"og:image\" content=\"https:\/\/safetysourcefire.ca\/wp-content\/uploads\/2017\/06\/SVFT.jpg\" \/>\n\t<meta property=\"og:image:width\" content=\"600\" \/>\n\t<meta property=\"og:image:height\" content=\"600\" \/>\n\t<meta property=\"og:image:type\" content=\"image\/jpeg\" \/>\n<meta name=\"twitter:card\" content=\"summary_large_image\" \/>\n<meta name=\"twitter:site\" content=\"@mmfssca\" \/>\n<meta name=\"twitter:label1\" content=\"Estimation du temps de lecture\" \/>\n\t<meta name=\"twitter:data1\" content=\"1 minute\" \/>\n<script type=\"application\/ld+json\" class=\"yoast-schema-graph\">{\"@context\":\"https:\\\/\\\/schema.org\",\"@graph\":[{\"@type\":\"WebPage\",\"@id\":\"https:\\\/\\\/safetysourcefire.ca\\\/?product=vortex-tip-only-1-5f-x-1-5m\",\"url\":\"https:\\\/\\\/safetysourcefire.ca\\\/?product=vortex-tip-only-1-5f-x-1-5m\",\"name\":\"Vortex Tip Only 1.5\\\"F X 1.5\\\"M - Safety Source Fire\",\"isPartOf\":{\"@id\":\"https:\\\/\\\/safetysourcefire.ca\\\/#website\"},\"primaryImageOfPage\":{\"@id\":\"https:\\\/\\\/safetysourcefire.ca\\\/?product=vortex-tip-only-1-5f-x-1-5m#primaryimage\"},\"image\":{\"@id\":\"https:\\\/\\\/safetysourcefire.ca\\\/?product=vortex-tip-only-1-5f-x-1-5m#primaryimage\"},\"thumbnailUrl\":\"https:\\\/\\\/safetysourcefire.ca\\\/wp-content\\\/uploads\\\/2017\\\/06\\\/SVFT.jpg\",\"datePublished\":\"2017-06-14T01:01:07+00:00\",\"dateModified\":\"2023-02-15T20:39:46+00:00\",\"breadcrumb\":{\"@id\":\"https:\\\/\\\/safetysourcefire.ca\\\/?product=vortex-tip-only-1-5f-x-1-5m#breadcrumb\"},\"inLanguage\":\"fr-CA\",\"potentialAction\":[{\"@type\":\"ReadAction\",\"target\":[\"https:\\\/\\\/safetysourcefire.ca\\\/?product=vortex-tip-only-1-5f-x-1-5m\"]}]},{\"@type\":\"ImageObject\",\"inLanguage\":\"fr-CA\",\"@id\":\"https:\\\/\\\/safetysourcefire.ca\\\/?product=vortex-tip-only-1-5f-x-1-5m#primaryimage\",\"url\":\"https:\\\/\\\/safetysourcefire.ca\\\/wp-content\\\/uploads\\\/2017\\\/06\\\/SVFT.jpg\",\"contentUrl\":\"https:\\\/\\\/safetysourcefire.ca\\\/wp-content\\\/uploads\\\/2017\\\/06\\\/SVFT.jpg\",\"width\":600,\"height\":600,\"caption\":\"Vortex tip\"},{\"@type\":\"BreadcrumbList\",\"@id\":\"https:\\\/\\\/safetysourcefire.ca\\\/?product=vortex-tip-only-1-5f-x-1-5m#breadcrumb\",\"itemListElement\":[{\"@type\":\"ListItem\",\"position\":1,\"name\":\"Home\",\"item\":\"https:\\\/\\\/safetysourcefire.ca\\\/\"},{\"@type\":\"ListItem\",\"position\":2,\"name\":\"Products\",\"item\":\"https:\\\/\\\/safetysourcefire.ca\\\/shop\\\/\"},{\"@type\":\"ListItem\",\"position\":3,\"name\":\"Vortex Tip Only 1.5&#8243;F X 1.5&#8243;M\"}]},{\"@type\":\"WebSite\",\"@id\":\"https:\\\/\\\/safetysourcefire.ca\\\/#website\",\"url\":\"https:\\\/\\\/safetysourcefire.ca\\\/\",\"name\":\"Safety Source Fire\",\"description\":\"\",\"publisher\":{\"@id\":\"https:\\\/\\\/safetysourcefire.ca\\\/#organization\"},\"potentialAction\":[{\"@type\":\"SearchAction\",\"target\":{\"@type\":\"EntryPoint\",\"urlTemplate\":\"https:\\\/\\\/safetysourcefire.ca\\\/?s={search_term_string}\"},\"query-input\":{\"@type\":\"PropertyValueSpecification\",\"valueRequired\":true,\"valueName\":\"search_term_string\"}}],\"inLanguage\":\"fr-CA\"},{\"@type\":\"Organization\",\"@id\":\"https:\\\/\\\/safetysourcefire.ca\\\/#organization\",\"name\":\"Safety Source Fire\",\"url\":\"https:\\\/\\\/safetysourcefire.ca\\\/\",\"logo\":{\"@type\":\"ImageObject\",\"inLanguage\":\"fr-CA\",\"@id\":\"https:\\\/\\\/safetysourcefire.ca\\\/#\\\/schema\\\/logo\\\/image\\\/\",\"url\":\"https:\\\/\\\/safetysourcefire.ca\\\/wp-content\\\/uploads\\\/2021\\\/01\\\/SSF_logo_CC0000-3.png\",\"contentUrl\":\"https:\\\/\\\/safetysourcefire.ca\\\/wp-content\\\/uploads\\\/2021\\\/01\\\/SSF_logo_CC0000-3.png\",\"width\":1107,\"height\":365,\"caption\":\"Safety Source Fire\"},\"image\":{\"@id\":\"https:\\\/\\\/safetysourcefire.ca\\\/#\\\/schema\\\/logo\\\/image\\\/\"},\"sameAs\":[\"https:\\\/\\\/www.facebook.com\\\/mmfssca\",\"https:\\\/\\\/x.com\\\/mmfssca\"]}]}<\/script>\n<!-- \/ Yoast SEO plugin. -->","yoast_head_json":{"title":"Pointe Vortex uniquement 1,5&quot;FX 1,5&quot;M - Source de s\u00e9curit\u00e9 incendie","robots":{"index":"index","follow":"follow","max-snippet":"max-snippet:-1","max-image-preview":"max-image-preview:large","max-video-preview":"max-video-preview:-1"},"canonical":"https:\/\/safetysourcefire.ca\/fr\/?product=vortex-tip-only-1-5f-x-1-5m","og_locale":"fr_CA","og_type":"article","og_title":"Vortex Tip Only 1.5\"F X 1.5\"M - Safety Source Fire","og_description":"Available in two models.","og_url":"https:\/\/safetysourcefire.ca\/fr\/?product=vortex-tip-only-1-5f-x-1-5m","og_site_name":"Safety Source Fire","article_publisher":"https:\/\/www.facebook.com\/mmfssca","article_modified_time":"2023-02-15T20:39:46+00:00","og_image":[{"width":600,"height":600,"url":"https:\/\/safetysourcefire.ca\/wp-content\/uploads\/2017\/06\/SVFT.jpg","type":"image\/jpeg"}],"twitter_card":"summary_large_image","twitter_site":"@mmfssca","twitter_misc":{"Estimation du temps de lecture":"1 minute"},"schema":{"@context":"https:\/\/schema.org","@graph":[{"@type":"WebPage","@id":"https:\/\/safetysourcefire.ca\/?product=vortex-tip-only-1-5f-x-1-5m","url":"https:\/\/safetysourcefire.ca\/?product=vortex-tip-only-1-5f-x-1-5m","name":"Pointe Vortex uniquement 1,5&quot;FX 1,5&quot;M - Source de s\u00e9curit\u00e9 incendie","isPartOf":{"@id":"https:\/\/safetysourcefire.ca\/#website"},"primaryImageOfPage":{"@id":"https:\/\/safetysourcefire.ca\/?product=vortex-tip-only-1-5f-x-1-5m#primaryimage"},"image":{"@id":"https:\/\/safetysourcefire.ca\/?product=vortex-tip-only-1-5f-x-1-5m#primaryimage"},"thumbnailUrl":"https:\/\/safetysourcefire.ca\/wp-content\/uploads\/2017\/06\/SVFT.jpg","datePublished":"2017-06-14T01:01:07+00:00","dateModified":"2023-02-15T20:39:46+00:00","breadcrumb":{"@id":"https:\/\/safetysourcefire.ca\/?product=vortex-tip-only-1-5f-x-1-5m#breadcrumb"},"inLanguage":"fr-CA","potentialAction":[{"@type":"ReadAction","target":["https:\/\/safetysourcefire.ca\/?product=vortex-tip-only-1-5f-x-1-5m"]}]},{"@type":"ImageObject","inLanguage":"fr-CA","@id":"https:\/\/safetysourcefire.ca\/?product=vortex-tip-only-1-5f-x-1-5m#primaryimage","url":"https:\/\/safetysourcefire.ca\/wp-content\/uploads\/2017\/06\/SVFT.jpg","contentUrl":"https:\/\/safetysourcefire.ca\/wp-content\/uploads\/2017\/06\/SVFT.jpg","width":600,"height":600,"caption":"Vortex tip"},{"@type":"BreadcrumbList","@id":"https:\/\/safetysourcefire.ca\/?product=vortex-tip-only-1-5f-x-1-5m#breadcrumb","itemListElement":[{"@type":"ListItem","position":1,"name":"Home","item":"https:\/\/safetysourcefire.ca\/"},{"@type":"ListItem","position":2,"name":"Products","item":"https:\/\/safetysourcefire.ca\/shop\/"},{"@type":"ListItem","position":3,"name":"Vortex Tip Only 1.5&#8243;F X 1.5&#8243;M"}]},{"@type":"WebSite","@id":"https:\/\/safetysourcefire.ca\/#website","url":"https:\/\/safetysourcefire.ca\/","name":"Safety Source Fire","description":"","publisher":{"@id":"https:\/\/safetysourcefire.ca\/#organization"},"potentialAction":[{"@type":"SearchAction","target":{"@type":"EntryPoint","urlTemplate":"https:\/\/safetysourcefire.ca\/?s={search_term_string}"},"query-input":{"@type":"PropertyValueSpecification","valueRequired":true,"valueName":"search_term_string"}}],"inLanguage":"fr-CA"},{"@type":"Organization","@id":"https:\/\/safetysourcefire.ca\/#organization","name":"Safety Source Fire","url":"https:\/\/safetysourcefire.ca\/","logo":{"@type":"ImageObject","inLanguage":"fr-CA","@id":"https:\/\/safetysourcefire.ca\/#\/schema\/logo\/image\/","url":"https:\/\/safetysourcefire.ca\/wp-content\/uploads\/2021\/01\/SSF_logo_CC0000-3.png","contentUrl":"https:\/\/safetysourcefire.ca\/wp-content\/uploads\/2021\/01\/SSF_logo_CC0000-3.png","width":1107,"height":365,"caption":"Safety Source Fire"},"image":{"@id":"https:\/\/safetysourcefire.ca\/#\/schema\/logo\/image\/"},"sameAs":["https:\/\/www.facebook.com\/mmfssca","https:\/\/x.com\/mmfssca"]}]}},"_links":{"self":[{"href":"https:\/\/safetysourcefire.ca\/fr\/wp-json\/wp\/v2\/product\/2837","targetHints":{"allow":["GET"]}}],"collection":[{"href":"https:\/\/safetysourcefire.ca\/fr\/wp-json\/wp\/v2\/product"}],"about":[{"href":"https:\/\/safetysourcefire.ca\/fr\/wp-json\/wp\/v2\/types\/product"}],"wp:featuredmedia":[{"embeddable":true,"href":"https:\/\/safetysourcefire.ca\/fr\/wp-json\/wp\/v2\/media\/2634"}],"wp:attachment":[{"href":"https:\/\/safetysourcefire.ca\/fr\/wp-json\/wp\/v2\/media?parent=2837"}],"wp:term":[{"taxonomy":"product_brand","embeddable":true,"href":"https:\/\/safetysourcefire.ca\/fr\/wp-json\/wp\/v2\/product_brand?post=2837"},{"taxonomy":"product_cat","embeddable":true,"href":"https:\/\/safetysourcefire.ca\/fr\/wp-json\/wp\/v2\/product_cat?post=2837"},{"taxonomy":"product_tag","embeddable":true,"href":"https:\/\/safetysourcefire.ca\/fr\/wp-json\/wp\/v2\/product_tag?post=2837"}],"curies":[{"name":"wp","href":"https:\/\/api.w.org\/{rel}","templated":true}]}}