{"id":28376,"date":"2023-12-11T14:23:42","date_gmt":"2023-12-11T14:23:42","guid":{"rendered":"https:\/\/safetysourcefire.ca\/?post_type=product&#038;p=28376"},"modified":"2026-01-29T17:27:37","modified_gmt":"2026-01-29T17:27:37","slug":"aquaeye-pro-handheld-sonar","status":"publish","type":"product","link":"https:\/\/safetysourcefire.ca\/fr\/produit\/aquaeye-pro-handheld-sonar\/","title":{"rendered":"Sondeur portable AquaEye Pro"},"content":{"rendered":"<p>Sonar intelligent portable pour localiser rapidement les humains dans l&#039;eau.<\/p>\n<p>AquaEye Pro est un scanner sous-marin de pointe, utilisant les derni\u00e8res technologies en mati\u00e8re d&#039;ultrasons et d&#039;intelligence artificielle pour explorer pr\u00e8s de 4\u00a0000 m\u00b2 d&#039;eau en moins d&#039;une minute. AquaEye est utilis\u00e9 par les pompiers, les sauveteurs, les forces de l&#039;ordre et les \u00e9quipes de recherche et de sauvetage pour localiser rapidement une personne \u00e0 secourir ou \u00e0 r\u00e9cup\u00e9rer. AquaEye est le premier sonar portatif au monde utilisant l&#039;intelligence artificielle sp\u00e9cifiquement pour la recherche de personnes dans l&#039;eau.<\/p>\n<p><span data-olk-copy-source=\"MessageBody\">AquaEye Pro est disponible en versions Scout, Tactical et Command Hub. Contactez votre repr\u00e9sentant commercial pour conna\u00eetre la version la mieux adapt\u00e9e aux op\u00e9rations de votre \u00e9quipe.<\/span><\/p>\n<p><strong>Comment \u00e7a fonctionne<\/strong><\/p>\n<ul>\n<li>AquaEye est un scanner sous-marin avanc\u00e9, utilisant les derni\u00e8res technologies en mati\u00e8re d&#039;ultrasons et d&#039;intelligence artificielle pour identifier les corps humains sous l&#039;eau.<\/li>\n<li>AquaEye envoie une impulsion sonar \u00e0 50 m\u00e8tres ou 165 pieds et \u00e9coute l&#039;\u00e9cho de retour. AquaEye d\u00e9cide alors quels \u00e9chos correspondent aux \u00e9chos d&#039;un corps humain et indique l&#039;emplacement des personnes disparues sur l&#039;\u00e9cran.<\/li>\n<li>AquaEye peut scanner 1 acre d&#039;eau en moins de 2 minutes.<\/li>\n<\/ul>\n<p><strong>Ce qu&#039;il fait pour votre \u00e9quipe<\/strong><\/p>\n<ul>\n<li>Le sonar portable AquaEye permet aux sauveteurs d&#039;acc\u00e9der rapidement \u00e0 une sc\u00e8ne et d&#039;identifier les victimes potentielles quelques secondes apr\u00e8s leur entr\u00e9e dans l&#039;eau.<\/li>\n<li>Assurer la s\u00e9curit\u00e9 de votre \u00e9quipe est essentiel, et l\u2019eau est un endroit dangereux. En acc\u00e9l\u00e9rant la recherche, AquaEye r\u00e9duit le temps pass\u00e9 par votre \u00e9quipe dans l&#039;eau.<\/li>\n<li>\u00catre efficace avec vos ressources est \u00e9galement important. Les \u00e9quipes bloqu\u00e9es lors d&#039;un long sauvetage ou r\u00e9cup\u00e9ration en eau cr\u00e9ent des contraintes de ressources qui peuvent entra\u00eener des d\u00e9lais de r\u00e9ponse plus longs et une augmentation des heures de travail.<\/li>\n<\/ul>\n<p><strong>Portable et r\u00e9sistant<\/strong><\/p>\n<ul>\n<li>En sauvetage en bord de mer, chaque seconde compte, c&#039;est pourquoi AquaEye est con\u00e7u pour les situations de prise en main. Il restera compl\u00e8tement charg\u00e9 sur sa station de chargement et, une fois retir\u00e9, fonctionnera en continu pendant 8 heures avant de n\u00e9cessiter une recharge. Si un AquaEye reste en veille sans \u00eatre utilis\u00e9 pendant de longues p\u00e9riodes, nous vous recommandons de le recharger une fois tous les 2-3 mois.<\/li>\n<li>AquaEye est con\u00e7u pour survivre dans des conditions r\u00e9elles. Les sauveteurs op\u00e8rent par tous les temps et dans des environnements impr\u00e9visibles et leur \u00e9quipement doit faire de m\u00eame. La qualit\u00e9 du scanner AquaEye\u00ae est robuste, flottante, \u00e9tanche, peut r\u00e9sister au sel et au sable et est con\u00e7ue pour r\u00e9sister aux impacts.<\/li>\n<li>Les \u00e9quipes de sauvetage aquatique et de r\u00e9cup\u00e9ration investissent dans AquaEye pour trois raisons\u00a0:\n<ul>\n<li>Rapide\u00a0: acc\u00e9l\u00e9rez les sauvetages et les r\u00e9cup\u00e9rations<\/li>\n<li>S\u00fbr\u00a0: augmentez la s\u00e9curit\u00e9 des \u00e9quipes<\/li>\n<li>Intelligent\u00a0: interpr\u00e8te les donn\u00e9es du sonar pour vous<\/li>\n<\/ul>\n<\/li>\n<\/ul>\n<p style=\"text-align: center;\"><iframe class=\"youtube-video\" title=\"lecteur vid\u00e9o YouTube\" src=\"https:\/\/www.youtube.com\/embed\/k8mgYWNONdg?si=ZkemnhUcEMBilz5-\" frameborder=\"0\" allowfullscreen=\"allowfullscreen\"><\/iframe><\/p>\n<p style=\"text-align: center;\"><iframe class=\"youtube-video\" title=\"lecteur vid\u00e9o YouTube\" src=\"https:\/\/www.youtube.com\/embed\/GMueDSTOObo?si=pJypuBuJvymFLgfv\" frameborder=\"0\" allowfullscreen=\"allowfullscreen\"><\/iframe><\/p>","protected":false},"excerpt":{"rendered":"<p>Sauvetage aquatique rapide, s\u00fbr et intelligent<\/p>","protected":false},"featured_media":30182,"template":"","meta":[],"product_brand":[622],"product_cat":[462,464,51,135],"product_tag":[623,624],"class_list":{"0":"post-28376","1":"product","2":"type-product","3":"status-publish","4":"has-post-thumbnail","6":"product_brand-aquaeye","7":"product_cat-emergency-preparedness","8":"product_cat-flood","9":"product_cat-rescue","10":"product_cat-water-ice-rescue","11":"product_tag-aquaeye","12":"product_tag-voda","14":"first","15":"instock","16":"featured","17":"shipping-taxable","18":"product-type-simple"},"yoast_head":"<!-- This site is optimized with the Yoast SEO plugin v27.4 - https:\/\/yoast.com\/product\/yoast-seo-wordpress\/ -->\n<title>AquaEye Pro Handheld Sonar - Safety Source Fire<\/title>\n<meta name=\"robots\" content=\"index, follow, max-snippet:-1, max-image-preview:large, max-video-preview:-1\" \/>\n<link rel=\"canonical\" href=\"https:\/\/safetysourcefire.ca\/fr\/produit\/aquaeye-pro-handheld-sonar\/\" \/>\n<meta property=\"og:locale\" content=\"fr_CA\" \/>\n<meta property=\"og:type\" content=\"article\" \/>\n<meta property=\"og:title\" content=\"AquaEye Pro Handheld Sonar - Safety Source Fire\" \/>\n<meta property=\"og:description\" content=\"Fast, safe, intelligent water rescue\" \/>\n<meta property=\"og:url\" content=\"https:\/\/safetysourcefire.ca\/fr\/produit\/aquaeye-pro-handheld-sonar\/\" \/>\n<meta property=\"og:site_name\" content=\"Safety Source Fire\" \/>\n<meta property=\"article:publisher\" content=\"https:\/\/www.facebook.com\/mmfssca\" \/>\n<meta property=\"article:modified_time\" content=\"2026-01-29T17:27:37+00:00\" \/>\n<meta property=\"og:image\" content=\"https:\/\/safetysourcefire.ca\/wp-content\/uploads\/2026\/01\/AquaEye-Pro_600x600.jpg\" \/>\n\t<meta property=\"og:image:width\" content=\"600\" \/>\n\t<meta property=\"og:image:height\" content=\"600\" \/>\n\t<meta property=\"og:image:type\" content=\"image\/jpeg\" \/>\n<meta name=\"twitter:card\" content=\"summary_large_image\" \/>\n<meta name=\"twitter:site\" content=\"@mmfssca\" \/>\n<meta name=\"twitter:label1\" content=\"Estimation du temps de lecture\" \/>\n\t<meta name=\"twitter:data1\" content=\"2 minutes\" \/>\n<script type=\"application\/ld+json\" class=\"yoast-schema-graph\">{\"@context\":\"https:\\\/\\\/schema.org\",\"@graph\":[{\"@type\":\"WebPage\",\"@id\":\"https:\\\/\\\/safetysourcefire.ca\\\/product\\\/aquaeye-pro-handheld-sonar\\\/\",\"url\":\"https:\\\/\\\/safetysourcefire.ca\\\/product\\\/aquaeye-pro-handheld-sonar\\\/\",\"name\":\"AquaEye Pro Handheld Sonar - Safety Source Fire\",\"isPartOf\":{\"@id\":\"https:\\\/\\\/safetysourcefire.ca\\\/#website\"},\"primaryImageOfPage\":{\"@id\":\"https:\\\/\\\/safetysourcefire.ca\\\/product\\\/aquaeye-pro-handheld-sonar\\\/#primaryimage\"},\"image\":{\"@id\":\"https:\\\/\\\/safetysourcefire.ca\\\/product\\\/aquaeye-pro-handheld-sonar\\\/#primaryimage\"},\"thumbnailUrl\":\"https:\\\/\\\/safetysourcefire.ca\\\/wp-content\\\/uploads\\\/2026\\\/01\\\/AquaEye-Pro_600x600.jpg\",\"datePublished\":\"2023-12-11T14:23:42+00:00\",\"dateModified\":\"2026-01-29T17:27:37+00:00\",\"breadcrumb\":{\"@id\":\"https:\\\/\\\/safetysourcefire.ca\\\/product\\\/aquaeye-pro-handheld-sonar\\\/#breadcrumb\"},\"inLanguage\":\"fr-CA\",\"potentialAction\":[{\"@type\":\"ReadAction\",\"target\":[\"https:\\\/\\\/safetysourcefire.ca\\\/product\\\/aquaeye-pro-handheld-sonar\\\/\"]}]},{\"@type\":\"ImageObject\",\"inLanguage\":\"fr-CA\",\"@id\":\"https:\\\/\\\/safetysourcefire.ca\\\/product\\\/aquaeye-pro-handheld-sonar\\\/#primaryimage\",\"url\":\"https:\\\/\\\/safetysourcefire.ca\\\/wp-content\\\/uploads\\\/2026\\\/01\\\/AquaEye-Pro_600x600.jpg\",\"contentUrl\":\"https:\\\/\\\/safetysourcefire.ca\\\/wp-content\\\/uploads\\\/2026\\\/01\\\/AquaEye-Pro_600x600.jpg\",\"width\":600,\"height\":600,\"caption\":\"AquaEye Pro\"},{\"@type\":\"BreadcrumbList\",\"@id\":\"https:\\\/\\\/safetysourcefire.ca\\\/product\\\/aquaeye-pro-handheld-sonar\\\/#breadcrumb\",\"itemListElement\":[{\"@type\":\"ListItem\",\"position\":1,\"name\":\"Home\",\"item\":\"https:\\\/\\\/safetysourcefire.ca\\\/\"},{\"@type\":\"ListItem\",\"position\":2,\"name\":\"Products\",\"item\":\"https:\\\/\\\/safetysourcefire.ca\\\/shop\\\/\"},{\"@type\":\"ListItem\",\"position\":3,\"name\":\"AquaEye Pro Handheld Sonar\"}]},{\"@type\":\"WebSite\",\"@id\":\"https:\\\/\\\/safetysourcefire.ca\\\/#website\",\"url\":\"https:\\\/\\\/safetysourcefire.ca\\\/\",\"name\":\"Safety Source Fire\",\"description\":\"\",\"publisher\":{\"@id\":\"https:\\\/\\\/safetysourcefire.ca\\\/#organization\"},\"potentialAction\":[{\"@type\":\"SearchAction\",\"target\":{\"@type\":\"EntryPoint\",\"urlTemplate\":\"https:\\\/\\\/safetysourcefire.ca\\\/?s={search_term_string}\"},\"query-input\":{\"@type\":\"PropertyValueSpecification\",\"valueRequired\":true,\"valueName\":\"search_term_string\"}}],\"inLanguage\":\"fr-CA\"},{\"@type\":\"Organization\",\"@id\":\"https:\\\/\\\/safetysourcefire.ca\\\/#organization\",\"name\":\"Safety Source Fire\",\"url\":\"https:\\\/\\\/safetysourcefire.ca\\\/\",\"logo\":{\"@type\":\"ImageObject\",\"inLanguage\":\"fr-CA\",\"@id\":\"https:\\\/\\\/safetysourcefire.ca\\\/#\\\/schema\\\/logo\\\/image\\\/\",\"url\":\"https:\\\/\\\/safetysourcefire.ca\\\/wp-content\\\/uploads\\\/2021\\\/01\\\/SSF_logo_CC0000-3.png\",\"contentUrl\":\"https:\\\/\\\/safetysourcefire.ca\\\/wp-content\\\/uploads\\\/2021\\\/01\\\/SSF_logo_CC0000-3.png\",\"width\":1107,\"height\":365,\"caption\":\"Safety Source Fire\"},\"image\":{\"@id\":\"https:\\\/\\\/safetysourcefire.ca\\\/#\\\/schema\\\/logo\\\/image\\\/\"},\"sameAs\":[\"https:\\\/\\\/www.facebook.com\\\/mmfssca\",\"https:\\\/\\\/x.com\\\/mmfssca\"]}]}<\/script>\n<!-- \/ Yoast SEO plugin. -->","yoast_head_json":{"title":"AquaEye Pro Handheld Sonar - Safety Source Fire","robots":{"index":"index","follow":"follow","max-snippet":"max-snippet:-1","max-image-preview":"max-image-preview:large","max-video-preview":"max-video-preview:-1"},"canonical":"https:\/\/safetysourcefire.ca\/fr\/produit\/aquaeye-pro-handheld-sonar\/","og_locale":"fr_CA","og_type":"article","og_title":"AquaEye Pro Handheld Sonar - Safety Source Fire","og_description":"Fast, safe, intelligent water rescue","og_url":"https:\/\/safetysourcefire.ca\/fr\/produit\/aquaeye-pro-handheld-sonar\/","og_site_name":"Safety Source Fire","article_publisher":"https:\/\/www.facebook.com\/mmfssca","article_modified_time":"2026-01-29T17:27:37+00:00","og_image":[{"width":600,"height":600,"url":"https:\/\/safetysourcefire.ca\/wp-content\/uploads\/2026\/01\/AquaEye-Pro_600x600.jpg","type":"image\/jpeg"}],"twitter_card":"summary_large_image","twitter_site":"@mmfssca","twitter_misc":{"Estimation du temps de lecture":"2 minutes"},"schema":{"@context":"https:\/\/schema.org","@graph":[{"@type":"WebPage","@id":"https:\/\/safetysourcefire.ca\/product\/aquaeye-pro-handheld-sonar\/","url":"https:\/\/safetysourcefire.ca\/product\/aquaeye-pro-handheld-sonar\/","name":"AquaEye Pro Handheld Sonar - Safety Source Fire","isPartOf":{"@id":"https:\/\/safetysourcefire.ca\/#website"},"primaryImageOfPage":{"@id":"https:\/\/safetysourcefire.ca\/product\/aquaeye-pro-handheld-sonar\/#primaryimage"},"image":{"@id":"https:\/\/safetysourcefire.ca\/product\/aquaeye-pro-handheld-sonar\/#primaryimage"},"thumbnailUrl":"https:\/\/safetysourcefire.ca\/wp-content\/uploads\/2026\/01\/AquaEye-Pro_600x600.jpg","datePublished":"2023-12-11T14:23:42+00:00","dateModified":"2026-01-29T17:27:37+00:00","breadcrumb":{"@id":"https:\/\/safetysourcefire.ca\/product\/aquaeye-pro-handheld-sonar\/#breadcrumb"},"inLanguage":"fr-CA","potentialAction":[{"@type":"ReadAction","target":["https:\/\/safetysourcefire.ca\/product\/aquaeye-pro-handheld-sonar\/"]}]},{"@type":"ImageObject","inLanguage":"fr-CA","@id":"https:\/\/safetysourcefire.ca\/product\/aquaeye-pro-handheld-sonar\/#primaryimage","url":"https:\/\/safetysourcefire.ca\/wp-content\/uploads\/2026\/01\/AquaEye-Pro_600x600.jpg","contentUrl":"https:\/\/safetysourcefire.ca\/wp-content\/uploads\/2026\/01\/AquaEye-Pro_600x600.jpg","width":600,"height":600,"caption":"AquaEye Pro"},{"@type":"BreadcrumbList","@id":"https:\/\/safetysourcefire.ca\/product\/aquaeye-pro-handheld-sonar\/#breadcrumb","itemListElement":[{"@type":"ListItem","position":1,"name":"Home","item":"https:\/\/safetysourcefire.ca\/"},{"@type":"ListItem","position":2,"name":"Products","item":"https:\/\/safetysourcefire.ca\/shop\/"},{"@type":"ListItem","position":3,"name":"AquaEye Pro Handheld Sonar"}]},{"@type":"WebSite","@id":"https:\/\/safetysourcefire.ca\/#website","url":"https:\/\/safetysourcefire.ca\/","name":"Safety Source Fire","description":"","publisher":{"@id":"https:\/\/safetysourcefire.ca\/#organization"},"potentialAction":[{"@type":"SearchAction","target":{"@type":"EntryPoint","urlTemplate":"https:\/\/safetysourcefire.ca\/?s={search_term_string}"},"query-input":{"@type":"PropertyValueSpecification","valueRequired":true,"valueName":"search_term_string"}}],"inLanguage":"fr-CA"},{"@type":"Organization","@id":"https:\/\/safetysourcefire.ca\/#organization","name":"Safety Source Fire","url":"https:\/\/safetysourcefire.ca\/","logo":{"@type":"ImageObject","inLanguage":"fr-CA","@id":"https:\/\/safetysourcefire.ca\/#\/schema\/logo\/image\/","url":"https:\/\/safetysourcefire.ca\/wp-content\/uploads\/2021\/01\/SSF_logo_CC0000-3.png","contentUrl":"https:\/\/safetysourcefire.ca\/wp-content\/uploads\/2021\/01\/SSF_logo_CC0000-3.png","width":1107,"height":365,"caption":"Safety Source Fire"},"image":{"@id":"https:\/\/safetysourcefire.ca\/#\/schema\/logo\/image\/"},"sameAs":["https:\/\/www.facebook.com\/mmfssca","https:\/\/x.com\/mmfssca"]}]}},"_links":{"self":[{"href":"https:\/\/safetysourcefire.ca\/fr\/wp-json\/wp\/v2\/product\/28376","targetHints":{"allow":["GET"]}}],"collection":[{"href":"https:\/\/safetysourcefire.ca\/fr\/wp-json\/wp\/v2\/product"}],"about":[{"href":"https:\/\/safetysourcefire.ca\/fr\/wp-json\/wp\/v2\/types\/product"}],"wp:featuredmedia":[{"embeddable":true,"href":"https:\/\/safetysourcefire.ca\/fr\/wp-json\/wp\/v2\/media\/30182"}],"wp:attachment":[{"href":"https:\/\/safetysourcefire.ca\/fr\/wp-json\/wp\/v2\/media?parent=28376"}],"wp:term":[{"taxonomy":"product_brand","embeddable":true,"href":"https:\/\/safetysourcefire.ca\/fr\/wp-json\/wp\/v2\/product_brand?post=28376"},{"taxonomy":"product_cat","embeddable":true,"href":"https:\/\/safetysourcefire.ca\/fr\/wp-json\/wp\/v2\/product_cat?post=28376"},{"taxonomy":"product_tag","embeddable":true,"href":"https:\/\/safetysourcefire.ca\/fr\/wp-json\/wp\/v2\/product_tag?post=28376"}],"curies":[{"name":"wp","href":"https:\/\/api.w.org\/{rel}","templated":true}]}}