{"id":28414,"date":"2023-12-18T15:13:19","date_gmt":"2023-12-18T15:13:19","guid":{"rendered":"https:\/\/safetysourcefire.ca\/?post_type=product&#038;p=28414"},"modified":"2025-07-18T13:09:12","modified_gmt":"2025-07-18T13:09:12","slug":"viking-firefighter-chainsaw-boots-vw91","status":"publish","type":"product","link":"https:\/\/safetysourcefire.ca\/fr\/produit\/viking-firefighter-chainsaw-boots-vw91\/","title":{"rendered":"Bottes de tron\u00e7onneuse Firefighter\u00ae VW91"},"content":{"rendered":"<ul>\n<li>Doublure non tiss\u00e9e para\/m\u00e9ta aramide. Tr\u00e8s confortable &amp; excellente propri\u00e9t\u00e9 ignifuge.<\/li>\n<li>Conception ajust\u00e9e de 16 po de hauteur. Semelle int\u00e9rieure ergonomique, plus semelle en feutre (en option) pour un ajustement encore plus personnalis\u00e9.<\/li>\n<li>Partie supp\u00e9rieure en caoutchouc hautement r\u00e9sistant aux produits chimiques<\/li>\n<li>Partie supp\u00e9rieure de la botte en caoutchouc ignifuge<\/li>\n<li>Semelle arri\u00e8re renforc\u00e9e pour protection des tendons du talon<\/li>\n<li>Protection des m\u00e9tatarses et du tibia. Protection contre les tron\u00e7onneuses gr\u00e2ce \u00e0 plusieurs couches de polyamide et de caoutchouc<\/li>\n<li>Tige de la botte \u00e9galement doubl\u00e9e de polyaramide pour protection accrue<\/li>\n<li>Rembourrage autour de la cheville et mousse suppl\u00e9mentaire au milieu de la jambe pour soutien et protection<\/li>\n<li>Semelle ext\u00e9rieure Viking NJV - en caoutchouc chloropr\u00e8ne r\u00e9sistante \u00e0 l'abrasion, aux produits chimiques et au glissement<\/li>\n<li>Ultra flexible : D\u00e9passe 305 000 Flex Rating<\/li>\n<li>Bordure de s\u00e9curit\u00e9 r\u00e9fl\u00e9chissante \u00e0 l'arri\u00e8re de la botte<\/li>\n<li>Sangles de traction en caoutchouc robuste<\/li>\n<\/ul>","protected":false},"excerpt":{"rendered":"<div class=\"boxedtext\">\n<p><span style=\"color: #cc0000;\"><strong>LIQUIDATION EN STOCK<br \/>\n<\/strong><\/span><em>Quantit\u00e9s et tailles limit\u00e9es disponibles \u00e0 des prix de liquidation. Veuillez demander un devis pour d&#039;autres options. Remarque\u00a0: les ventes d&#039;articles en liquidation sont d\u00e9finitives\u00a0; aucun \u00e9change ni retour.<\/em><\/p>\n<p>Prix de liquidation : $150,00<\/p>\n<ul>\n<li style=\"list-style-type: none;\">\n<ul>\n<li class=\"x_MsoNormal\" style=\"text-align: left;\">(qt\u00e9 1) taille 8,5 (2022)<\/li>\n<\/ul>\n<\/li>\n<\/ul>\n<p class=\"x_MsoNormal\" style=\"text-align: left;\">\n<\/div>","protected":false},"featured_media":28415,"template":"","meta":[],"product_brand":[627],"product_cat":[121,43,50],"product_tag":[629],"class_list":{"0":"post-28414","1":"product","2":"type-product","3":"status-publish","4":"has-post-thumbnail","6":"product_brand-viking","7":"product_cat-boots","8":"product_cat-clearance","9":"product_cat-personal-protective-equipment","10":"product_tag-viking","12":"first","13":"instock","14":"shipping-taxable","15":"product-type-simple"},"yoast_head":"<!-- This site is optimized with the Yoast SEO plugin v27.5 - https:\/\/yoast.com\/product\/yoast-seo-wordpress\/ -->\n<title>Firefighter\u00ae Chainsaw Boots VW91 - Safety Source Fire<\/title>\n<meta name=\"robots\" content=\"index, follow, max-snippet:-1, max-image-preview:large, max-video-preview:-1\" \/>\n<link rel=\"canonical\" href=\"https:\/\/safetysourcefire.ca\/fr\/produit\/viking-firefighter-chainsaw-boots-vw91\/\" \/>\n<meta property=\"og:locale\" content=\"fr_CA\" \/>\n<meta property=\"og:type\" content=\"article\" \/>\n<meta property=\"og:title\" content=\"Firefighter\u00ae Chainsaw Boots VW91 - Safety Source Fire\" \/>\n<meta property=\"og:description\" content=\"IN-STOCK CLEARANCE Limited quantities and sizes available at clearance prices. Please request a quote for other options. Please note: Clearance item sales are final; no exchanges or returns.  Clearance Price: $150.00      (qty 1) size 8.5 (2022)\" \/>\n<meta property=\"og:url\" content=\"https:\/\/safetysourcefire.ca\/fr\/produit\/viking-firefighter-chainsaw-boots-vw91\/\" \/>\n<meta property=\"og:site_name\" content=\"Safety Source Fire\" \/>\n<meta property=\"article:publisher\" content=\"https:\/\/www.facebook.com\/mmfssca\" \/>\n<meta property=\"article:modified_time\" content=\"2025-07-18T13:09:12+00:00\" \/>\n<meta property=\"og:image\" content=\"https:\/\/safetysourcefire.ca\/wp-content\/uploads\/2023\/12\/vw91.jpg\" \/>\n\t<meta property=\"og:image:width\" content=\"600\" \/>\n\t<meta property=\"og:image:height\" content=\"600\" \/>\n\t<meta property=\"og:image:type\" content=\"image\/jpeg\" \/>\n<meta name=\"twitter:card\" content=\"summary_large_image\" \/>\n<meta name=\"twitter:site\" content=\"@mmfssca\" \/>\n<meta name=\"twitter:label1\" content=\"Estimation du temps de lecture\" \/>\n\t<meta name=\"twitter:data1\" content=\"1 minute\" \/>\n<script type=\"application\/ld+json\" class=\"yoast-schema-graph\">{\"@context\":\"https:\\\/\\\/schema.org\",\"@graph\":[{\"@type\":\"WebPage\",\"@id\":\"https:\\\/\\\/safetysourcefire.ca\\\/product\\\/viking-firefighter-chainsaw-boots-vw91\\\/\",\"url\":\"https:\\\/\\\/safetysourcefire.ca\\\/product\\\/viking-firefighter-chainsaw-boots-vw91\\\/\",\"name\":\"Firefighter\u00ae Chainsaw Boots VW91 - Safety Source Fire\",\"isPartOf\":{\"@id\":\"https:\\\/\\\/safetysourcefire.ca\\\/#website\"},\"primaryImageOfPage\":{\"@id\":\"https:\\\/\\\/safetysourcefire.ca\\\/product\\\/viking-firefighter-chainsaw-boots-vw91\\\/#primaryimage\"},\"image\":{\"@id\":\"https:\\\/\\\/safetysourcefire.ca\\\/product\\\/viking-firefighter-chainsaw-boots-vw91\\\/#primaryimage\"},\"thumbnailUrl\":\"https:\\\/\\\/safetysourcefire.ca\\\/wp-content\\\/uploads\\\/2023\\\/12\\\/vw91.jpg\",\"datePublished\":\"2023-12-18T15:13:19+00:00\",\"dateModified\":\"2025-07-18T13:09:12+00:00\",\"breadcrumb\":{\"@id\":\"https:\\\/\\\/safetysourcefire.ca\\\/product\\\/viking-firefighter-chainsaw-boots-vw91\\\/#breadcrumb\"},\"inLanguage\":\"fr-CA\",\"potentialAction\":[{\"@type\":\"ReadAction\",\"target\":[\"https:\\\/\\\/safetysourcefire.ca\\\/product\\\/viking-firefighter-chainsaw-boots-vw91\\\/\"]}]},{\"@type\":\"ImageObject\",\"inLanguage\":\"fr-CA\",\"@id\":\"https:\\\/\\\/safetysourcefire.ca\\\/product\\\/viking-firefighter-chainsaw-boots-vw91\\\/#primaryimage\",\"url\":\"https:\\\/\\\/safetysourcefire.ca\\\/wp-content\\\/uploads\\\/2023\\\/12\\\/vw91.jpg\",\"contentUrl\":\"https:\\\/\\\/safetysourcefire.ca\\\/wp-content\\\/uploads\\\/2023\\\/12\\\/vw91.jpg\",\"width\":600,\"height\":600,\"caption\":\"boots\"},{\"@type\":\"BreadcrumbList\",\"@id\":\"https:\\\/\\\/safetysourcefire.ca\\\/product\\\/viking-firefighter-chainsaw-boots-vw91\\\/#breadcrumb\",\"itemListElement\":[{\"@type\":\"ListItem\",\"position\":1,\"name\":\"Home\",\"item\":\"https:\\\/\\\/safetysourcefire.ca\\\/\"},{\"@type\":\"ListItem\",\"position\":2,\"name\":\"Products\",\"item\":\"https:\\\/\\\/safetysourcefire.ca\\\/shop\\\/\"},{\"@type\":\"ListItem\",\"position\":3,\"name\":\"Firefighter\u00ae Chainsaw Boots VW91\"}]},{\"@type\":\"WebSite\",\"@id\":\"https:\\\/\\\/safetysourcefire.ca\\\/#website\",\"url\":\"https:\\\/\\\/safetysourcefire.ca\\\/\",\"name\":\"Safety Source Fire\",\"description\":\"\",\"publisher\":{\"@id\":\"https:\\\/\\\/safetysourcefire.ca\\\/#organization\"},\"potentialAction\":[{\"@type\":\"SearchAction\",\"target\":{\"@type\":\"EntryPoint\",\"urlTemplate\":\"https:\\\/\\\/safetysourcefire.ca\\\/?s={search_term_string}\"},\"query-input\":{\"@type\":\"PropertyValueSpecification\",\"valueRequired\":true,\"valueName\":\"search_term_string\"}}],\"inLanguage\":\"fr-CA\"},{\"@type\":\"Organization\",\"@id\":\"https:\\\/\\\/safetysourcefire.ca\\\/#organization\",\"name\":\"Safety Source Fire\",\"url\":\"https:\\\/\\\/safetysourcefire.ca\\\/\",\"logo\":{\"@type\":\"ImageObject\",\"inLanguage\":\"fr-CA\",\"@id\":\"https:\\\/\\\/safetysourcefire.ca\\\/#\\\/schema\\\/logo\\\/image\\\/\",\"url\":\"https:\\\/\\\/safetysourcefire.ca\\\/wp-content\\\/uploads\\\/2021\\\/01\\\/SSF_logo_CC0000-3.png\",\"contentUrl\":\"https:\\\/\\\/safetysourcefire.ca\\\/wp-content\\\/uploads\\\/2021\\\/01\\\/SSF_logo_CC0000-3.png\",\"width\":1107,\"height\":365,\"caption\":\"Safety Source Fire\"},\"image\":{\"@id\":\"https:\\\/\\\/safetysourcefire.ca\\\/#\\\/schema\\\/logo\\\/image\\\/\"},\"sameAs\":[\"https:\\\/\\\/www.facebook.com\\\/mmfssca\",\"https:\\\/\\\/x.com\\\/mmfssca\"]}]}<\/script>\n<!-- \/ Yoast SEO plugin. -->","yoast_head_json":{"title":"Bottes anti-coupure Firefighter\u00ae VW91 - Safety Source Fire","robots":{"index":"index","follow":"follow","max-snippet":"max-snippet:-1","max-image-preview":"max-image-preview:large","max-video-preview":"max-video-preview:-1"},"canonical":"https:\/\/safetysourcefire.ca\/fr\/produit\/viking-firefighter-chainsaw-boots-vw91\/","og_locale":"fr_CA","og_type":"article","og_title":"Firefighter\u00ae Chainsaw Boots VW91 - Safety Source Fire","og_description":"IN-STOCK CLEARANCE Limited quantities and sizes available at clearance prices. Please request a quote for other options. Please note: Clearance item sales are final; no exchanges or returns.  Clearance Price: $150.00      (qty 1) size 8.5 (2022)","og_url":"https:\/\/safetysourcefire.ca\/fr\/produit\/viking-firefighter-chainsaw-boots-vw91\/","og_site_name":"Safety Source Fire","article_publisher":"https:\/\/www.facebook.com\/mmfssca","article_modified_time":"2025-07-18T13:09:12+00:00","og_image":[{"width":600,"height":600,"url":"https:\/\/safetysourcefire.ca\/wp-content\/uploads\/2023\/12\/vw91.jpg","type":"image\/jpeg"}],"twitter_card":"summary_large_image","twitter_site":"@mmfssca","twitter_misc":{"Estimation du temps de lecture":"1 minute"},"schema":{"@context":"https:\/\/schema.org","@graph":[{"@type":"WebPage","@id":"https:\/\/safetysourcefire.ca\/product\/viking-firefighter-chainsaw-boots-vw91\/","url":"https:\/\/safetysourcefire.ca\/product\/viking-firefighter-chainsaw-boots-vw91\/","name":"Bottes anti-coupure Firefighter\u00ae VW91 - Safety Source Fire","isPartOf":{"@id":"https:\/\/safetysourcefire.ca\/#website"},"primaryImageOfPage":{"@id":"https:\/\/safetysourcefire.ca\/product\/viking-firefighter-chainsaw-boots-vw91\/#primaryimage"},"image":{"@id":"https:\/\/safetysourcefire.ca\/product\/viking-firefighter-chainsaw-boots-vw91\/#primaryimage"},"thumbnailUrl":"https:\/\/safetysourcefire.ca\/wp-content\/uploads\/2023\/12\/vw91.jpg","datePublished":"2023-12-18T15:13:19+00:00","dateModified":"2025-07-18T13:09:12+00:00","breadcrumb":{"@id":"https:\/\/safetysourcefire.ca\/product\/viking-firefighter-chainsaw-boots-vw91\/#breadcrumb"},"inLanguage":"fr-CA","potentialAction":[{"@type":"ReadAction","target":["https:\/\/safetysourcefire.ca\/product\/viking-firefighter-chainsaw-boots-vw91\/"]}]},{"@type":"ImageObject","inLanguage":"fr-CA","@id":"https:\/\/safetysourcefire.ca\/product\/viking-firefighter-chainsaw-boots-vw91\/#primaryimage","url":"https:\/\/safetysourcefire.ca\/wp-content\/uploads\/2023\/12\/vw91.jpg","contentUrl":"https:\/\/safetysourcefire.ca\/wp-content\/uploads\/2023\/12\/vw91.jpg","width":600,"height":600,"caption":"boots"},{"@type":"BreadcrumbList","@id":"https:\/\/safetysourcefire.ca\/product\/viking-firefighter-chainsaw-boots-vw91\/#breadcrumb","itemListElement":[{"@type":"ListItem","position":1,"name":"Home","item":"https:\/\/safetysourcefire.ca\/"},{"@type":"ListItem","position":2,"name":"Products","item":"https:\/\/safetysourcefire.ca\/shop\/"},{"@type":"ListItem","position":3,"name":"Firefighter\u00ae Chainsaw Boots VW91"}]},{"@type":"WebSite","@id":"https:\/\/safetysourcefire.ca\/#website","url":"https:\/\/safetysourcefire.ca\/","name":"Safety Source Fire","description":"","publisher":{"@id":"https:\/\/safetysourcefire.ca\/#organization"},"potentialAction":[{"@type":"SearchAction","target":{"@type":"EntryPoint","urlTemplate":"https:\/\/safetysourcefire.ca\/?s={search_term_string}"},"query-input":{"@type":"PropertyValueSpecification","valueRequired":true,"valueName":"search_term_string"}}],"inLanguage":"fr-CA"},{"@type":"Organization","@id":"https:\/\/safetysourcefire.ca\/#organization","name":"Safety Source Fire","url":"https:\/\/safetysourcefire.ca\/","logo":{"@type":"ImageObject","inLanguage":"fr-CA","@id":"https:\/\/safetysourcefire.ca\/#\/schema\/logo\/image\/","url":"https:\/\/safetysourcefire.ca\/wp-content\/uploads\/2021\/01\/SSF_logo_CC0000-3.png","contentUrl":"https:\/\/safetysourcefire.ca\/wp-content\/uploads\/2021\/01\/SSF_logo_CC0000-3.png","width":1107,"height":365,"caption":"Safety Source Fire"},"image":{"@id":"https:\/\/safetysourcefire.ca\/#\/schema\/logo\/image\/"},"sameAs":["https:\/\/www.facebook.com\/mmfssca","https:\/\/x.com\/mmfssca"]}]}},"_links":{"self":[{"href":"https:\/\/safetysourcefire.ca\/fr\/wp-json\/wp\/v2\/product\/28414","targetHints":{"allow":["GET"]}}],"collection":[{"href":"https:\/\/safetysourcefire.ca\/fr\/wp-json\/wp\/v2\/product"}],"about":[{"href":"https:\/\/safetysourcefire.ca\/fr\/wp-json\/wp\/v2\/types\/product"}],"wp:featuredmedia":[{"embeddable":true,"href":"https:\/\/safetysourcefire.ca\/fr\/wp-json\/wp\/v2\/media\/28415"}],"wp:attachment":[{"href":"https:\/\/safetysourcefire.ca\/fr\/wp-json\/wp\/v2\/media?parent=28414"}],"wp:term":[{"taxonomy":"product_brand","embeddable":true,"href":"https:\/\/safetysourcefire.ca\/fr\/wp-json\/wp\/v2\/product_brand?post=28414"},{"taxonomy":"product_cat","embeddable":true,"href":"https:\/\/safetysourcefire.ca\/fr\/wp-json\/wp\/v2\/product_cat?post=28414"},{"taxonomy":"product_tag","embeddable":true,"href":"https:\/\/safetysourcefire.ca\/fr\/wp-json\/wp\/v2\/product_tag?post=28414"}],"curies":[{"name":"wp","href":"https:\/\/api.w.org\/{rel}","templated":true}]}}