{"id":28486,"date":"2024-01-18T20:09:46","date_gmt":"2024-01-18T20:09:46","guid":{"rendered":"https:\/\/safetysourcefire.ca\/?post_type=product&#038;p=28486"},"modified":"2024-01-18T22:39:58","modified_gmt":"2024-01-18T22:39:58","slug":"airpower-xr1-pro","status":"publish","type":"product","link":"https:\/\/safetysourcefire.ca\/fr\/produit\/airpower-xr1-pro\/","title":{"rendered":"Airpower\u00ae XR1 PRO"},"content":{"rendered":"<p><strong>HAIX\u00ae Secura Liner\u00ae<\/strong><\/p>\n<p>Doublure int\u00e9rieure des chaussures qui ne se d\u00e9tachera jamais et ne se froissera jamais avec le temps\u00a0; la doublure est fermement fix\u00e9e et scell\u00e9e avec le cuir sup\u00e9rieur sous la semelle.<\/p>\n<p><strong>Cuir r\u00e9fl\u00e9chissant le soleil HAIX\u00ae<\/strong><\/p>\n<p>R\u00e9duit l&#039;effet chauffant du cuir sup\u00e9rieur d\u00fb \u00e0 la lumi\u00e8re directe du soleil. La lumi\u00e8re du soleil est r\u00e9fl\u00e9chie par le cuir, gardant le cuir et les pieds au frais.<\/p>\n<p><strong>Syst\u00e8me HAIX\u00ae AS<\/strong><\/p>\n<p>Le syst\u00e8me de support de vo\u00fbte plantaire HAIX\u00ae soutient la courbure naturelle du pied. Les orteils et les articulations disposent ainsi de suffisamment plus d&#039;espace. Maintient le pied dans la meilleure position pour une sant\u00e9 optimale des pieds.<\/p>\n<p><strong>Barri\u00e8re contre l&#039;humidit\u00e9<\/strong><\/p>\n<p>Chaussures CROSSTECH\u00ae, avec doublure int\u00e9rieure en tricot cha\u00eene, tr\u00e8s r\u00e9sistantes \u00e0 l&#039;abrasion et \u00e0 s\u00e9chage rapide, imperm\u00e9ables, respirantes, NFPA 1999 contre le sang et les fluides corporels et r\u00e9sistance chimique courante.<\/p>\n<p><strong>Mat\u00e9riau sup\u00e9rieur<\/strong><\/p>\n<p>Cuir imperm\u00e9able doux et souple, hydrophobe, respirant.<\/p>\n<p><strong>Embout HAIX\u00ae Composite<\/strong><\/p>\n<p>Embout de protection anatomique et ultral\u00e9ger en plastique renforc\u00e9 de fibres pour les exigences de s\u00e9curit\u00e9 les plus \u00e9lev\u00e9es. Sp\u00e9cification standard ASTM 2413-2018 pour les exigences de performance pour les chaussures \u00e0 embout de protection (s\u00e9curit\u00e9) et norme CSA Z 195-2014 sur les chaussures de protection.<\/p>\n<p><strong>HAIX\u00ae Semelle de protection<\/strong><\/p>\n<p>Semelle interm\u00e9diaire protectrice flexible et sans m\u00e9tal. Sp\u00e9cification standard ASTM 2413-2018 pour les exigences de performance pour les chaussures \u00e0 embout de protection (s\u00e9curit\u00e9) et norme CSA Z 195-2014 sur les chaussures de protection.<\/p>\n<p><strong>Unique<\/strong><\/p>\n<p>Semelle en caoutchouc extr\u00eamement antid\u00e9rapante avec cale en PU r\u00e9sistante au fioul et antid\u00e9rapante, avec bande de roulement non marquante et autonettoyante. Excellente isolation contre la chaleur et le froid. La semelle est r\u00e9sistante \u00e0 la chaleur. Risque \u00e9lectrique r\u00e9sistant \u00e0 18 kV selon. selon ASTM F2413-18 et CSA Z195-2014<\/p>\n<p><strong>Semelle int\u00e9rieure<\/strong><\/p>\n<p>Insert de confort \u00e9vacuant l&#039;humidit\u00e9 avec effet amortissant. La coque de talon s\u00e9par\u00e9e assure un amorti et un guidage du pied optimis\u00e9s. Canaux \u00ab AIRFLOW \u00bb. Marquage \u00ab Perfect-Fit \u00bb pour un choix de taille de chaussure optimis\u00e9. Lavable \u00e0 86 \u00b0F.<\/p>\n<p><strong>Autre<\/strong><\/p>\n<p>Languette de forme anatomique et l\u00e9g\u00e8rement rembourr\u00e9e, courbure de talon int\u00e9gr\u00e9e, pointe sur\u00e9lev\u00e9e, syst\u00e8me de la\u00e7age brevet\u00e9 HAIX\u00ae\u00a0: unit\u00e9 combin\u00e9e de la\u00e7age et de fermeture \u00e0 glissi\u00e8re, embout externe lisse en TPU.<\/p>\n<p><strong>Programme de port prolong\u00e9\u00a0:<\/strong><\/p>\n<p>Les chaussures hors garantie peuvent \u00eatre remises \u00e0 neuf avec des pi\u00e8ces d'origine usin\u00e9es gr\u00e2ce au forfait d'usure prolong\u00e9e. Ce forfait comprend tout remplacement ou r\u00e9paration n\u00e9cessaire des coutures, des embouts en caoutchouc profil\u00e9s, des semelles int\u00e9rieures et du rechapage des semelles. Les chaussures seront nettoy\u00e9es et d\u00e9sodoris\u00e9es. Les propri\u00e9taires de chaussures HAIX ont \u00e9galement le choix entre un rechapage de semelle (unique) ou un remplacement d'embout (unique).<\/p>\n<p><a href=\"https:\/\/safetysourcefire.ca\/wp-content\/uploads\/2024\/01\/605128-29_Airpower_XR1_pro_en.pdf\">T\u00e9l\u00e9charger la fiche technique<\/a><\/p>","protected":false},"excerpt":{"rendered":"<p>Vous sauvez des vies. Nous veillons \u00e0 ce que vous restiez en s\u00e9curit\u00e9 avec votre Airpower XR1 Pro certifi\u00e9 quad NFPA, que ce soit dans la station, lors d&#039;une course EMS ou pour \u00e9teindre des feux de brousse.<\/p>","protected":false},"featured_media":28488,"template":"","meta":[],"product_brand":[243],"product_cat":[121,50],"product_tag":[304],"class_list":{"0":"post-28486","1":"product","2":"type-product","3":"status-publish","4":"has-post-thumbnail","6":"product_brand-haix","7":"product_cat-boots","8":"product_cat-personal-protective-equipment","9":"product_tag-haix","11":"first","12":"instock","13":"shipping-taxable","14":"product-type-simple"},"yoast_head":"<!-- This site is optimized with the Yoast SEO plugin v27.4 - https:\/\/yoast.com\/product\/yoast-seo-wordpress\/ -->\n<title>Airpower\u00ae XR1 PRO - Safety Source Fire<\/title>\n<meta name=\"robots\" content=\"index, follow, max-snippet:-1, max-image-preview:large, max-video-preview:-1\" \/>\n<link rel=\"canonical\" href=\"https:\/\/safetysourcefire.ca\/fr\/?product=airpower-xr1-pro\" \/>\n<meta property=\"og:locale\" content=\"fr_CA\" \/>\n<meta property=\"og:type\" content=\"article\" \/>\n<meta property=\"og:title\" content=\"Airpower\u00ae XR1 PRO - Safety Source Fire\" \/>\n<meta property=\"og:description\" content=\"You save lives. We make sure you stay safe with your NFPA quad-certified Airpower XR1 Pro, whether in the station, on an EMS run, or putting out brush fires.\" \/>\n<meta property=\"og:url\" content=\"https:\/\/safetysourcefire.ca\/fr\/?product=airpower-xr1-pro\" \/>\n<meta property=\"og:site_name\" content=\"Safety Source Fire\" \/>\n<meta property=\"article:publisher\" content=\"https:\/\/www.facebook.com\/mmfssca\" \/>\n<meta property=\"article:modified_time\" content=\"2024-01-18T22:39:58+00:00\" \/>\n<meta property=\"og:image\" content=\"https:\/\/safetysourcefire.ca\/wp-content\/uploads\/2024\/01\/605113_Airpower-XR1.jpg\" \/>\n\t<meta property=\"og:image:width\" content=\"600\" \/>\n\t<meta property=\"og:image:height\" content=\"600\" \/>\n\t<meta property=\"og:image:type\" content=\"image\/jpeg\" \/>\n<meta name=\"twitter:card\" content=\"summary_large_image\" \/>\n<meta name=\"twitter:site\" content=\"@mmfssca\" \/>\n<meta name=\"twitter:label1\" content=\"Estimation du temps de lecture\" \/>\n\t<meta name=\"twitter:data1\" content=\"2 minutes\" \/>\n<script type=\"application\/ld+json\" class=\"yoast-schema-graph\">{\"@context\":\"https:\\\/\\\/schema.org\",\"@graph\":[{\"@type\":\"WebPage\",\"@id\":\"https:\\\/\\\/safetysourcefire.ca\\\/?product=airpower-xr1-pro\",\"url\":\"https:\\\/\\\/safetysourcefire.ca\\\/?product=airpower-xr1-pro\",\"name\":\"Airpower\u00ae XR1 PRO - Safety Source Fire\",\"isPartOf\":{\"@id\":\"https:\\\/\\\/safetysourcefire.ca\\\/#website\"},\"primaryImageOfPage\":{\"@id\":\"https:\\\/\\\/safetysourcefire.ca\\\/?product=airpower-xr1-pro#primaryimage\"},\"image\":{\"@id\":\"https:\\\/\\\/safetysourcefire.ca\\\/?product=airpower-xr1-pro#primaryimage\"},\"thumbnailUrl\":\"https:\\\/\\\/safetysourcefire.ca\\\/wp-content\\\/uploads\\\/2024\\\/01\\\/605113_Airpower-XR1.jpg\",\"datePublished\":\"2024-01-18T20:09:46+00:00\",\"dateModified\":\"2024-01-18T22:39:58+00:00\",\"breadcrumb\":{\"@id\":\"https:\\\/\\\/safetysourcefire.ca\\\/?product=airpower-xr1-pro#breadcrumb\"},\"inLanguage\":\"fr-CA\",\"potentialAction\":[{\"@type\":\"ReadAction\",\"target\":[\"https:\\\/\\\/safetysourcefire.ca\\\/?product=airpower-xr1-pro\"]}]},{\"@type\":\"ImageObject\",\"inLanguage\":\"fr-CA\",\"@id\":\"https:\\\/\\\/safetysourcefire.ca\\\/?product=airpower-xr1-pro#primaryimage\",\"url\":\"https:\\\/\\\/safetysourcefire.ca\\\/wp-content\\\/uploads\\\/2024\\\/01\\\/605113_Airpower-XR1.jpg\",\"contentUrl\":\"https:\\\/\\\/safetysourcefire.ca\\\/wp-content\\\/uploads\\\/2024\\\/01\\\/605113_Airpower-XR1.jpg\",\"width\":600,\"height\":600,\"caption\":\"airpower XR1 boot\"},{\"@type\":\"BreadcrumbList\",\"@id\":\"https:\\\/\\\/safetysourcefire.ca\\\/?product=airpower-xr1-pro#breadcrumb\",\"itemListElement\":[{\"@type\":\"ListItem\",\"position\":1,\"name\":\"Home\",\"item\":\"https:\\\/\\\/safetysourcefire.ca\\\/\"},{\"@type\":\"ListItem\",\"position\":2,\"name\":\"Products\",\"item\":\"https:\\\/\\\/safetysourcefire.ca\\\/shop\\\/\"},{\"@type\":\"ListItem\",\"position\":3,\"name\":\"Airpower\u00ae XR1 PRO\"}]},{\"@type\":\"WebSite\",\"@id\":\"https:\\\/\\\/safetysourcefire.ca\\\/#website\",\"url\":\"https:\\\/\\\/safetysourcefire.ca\\\/\",\"name\":\"Safety Source Fire\",\"description\":\"\",\"publisher\":{\"@id\":\"https:\\\/\\\/safetysourcefire.ca\\\/#organization\"},\"potentialAction\":[{\"@type\":\"SearchAction\",\"target\":{\"@type\":\"EntryPoint\",\"urlTemplate\":\"https:\\\/\\\/safetysourcefire.ca\\\/?s={search_term_string}\"},\"query-input\":{\"@type\":\"PropertyValueSpecification\",\"valueRequired\":true,\"valueName\":\"search_term_string\"}}],\"inLanguage\":\"fr-CA\"},{\"@type\":\"Organization\",\"@id\":\"https:\\\/\\\/safetysourcefire.ca\\\/#organization\",\"name\":\"Safety Source Fire\",\"url\":\"https:\\\/\\\/safetysourcefire.ca\\\/\",\"logo\":{\"@type\":\"ImageObject\",\"inLanguage\":\"fr-CA\",\"@id\":\"https:\\\/\\\/safetysourcefire.ca\\\/#\\\/schema\\\/logo\\\/image\\\/\",\"url\":\"https:\\\/\\\/safetysourcefire.ca\\\/wp-content\\\/uploads\\\/2021\\\/01\\\/SSF_logo_CC0000-3.png\",\"contentUrl\":\"https:\\\/\\\/safetysourcefire.ca\\\/wp-content\\\/uploads\\\/2021\\\/01\\\/SSF_logo_CC0000-3.png\",\"width\":1107,\"height\":365,\"caption\":\"Safety Source Fire\"},\"image\":{\"@id\":\"https:\\\/\\\/safetysourcefire.ca\\\/#\\\/schema\\\/logo\\\/image\\\/\"},\"sameAs\":[\"https:\\\/\\\/www.facebook.com\\\/mmfssca\",\"https:\\\/\\\/x.com\\\/mmfssca\"]}]}<\/script>\n<!-- \/ Yoast SEO plugin. -->","yoast_head_json":{"title":"Airpower\u00ae XR1 PRO - Source de s\u00e9curit\u00e9 incendie","robots":{"index":"index","follow":"follow","max-snippet":"max-snippet:-1","max-image-preview":"max-image-preview:large","max-video-preview":"max-video-preview:-1"},"canonical":"https:\/\/safetysourcefire.ca\/fr\/?product=airpower-xr1-pro","og_locale":"fr_CA","og_type":"article","og_title":"Airpower\u00ae XR1 PRO - Safety Source Fire","og_description":"You save lives. We make sure you stay safe with your NFPA quad-certified Airpower XR1 Pro, whether in the station, on an EMS run, or putting out brush fires.","og_url":"https:\/\/safetysourcefire.ca\/fr\/?product=airpower-xr1-pro","og_site_name":"Safety Source Fire","article_publisher":"https:\/\/www.facebook.com\/mmfssca","article_modified_time":"2024-01-18T22:39:58+00:00","og_image":[{"width":600,"height":600,"url":"https:\/\/safetysourcefire.ca\/wp-content\/uploads\/2024\/01\/605113_Airpower-XR1.jpg","type":"image\/jpeg"}],"twitter_card":"summary_large_image","twitter_site":"@mmfssca","twitter_misc":{"Estimation du temps de lecture":"2 minutes"},"schema":{"@context":"https:\/\/schema.org","@graph":[{"@type":"WebPage","@id":"https:\/\/safetysourcefire.ca\/?product=airpower-xr1-pro","url":"https:\/\/safetysourcefire.ca\/?product=airpower-xr1-pro","name":"Airpower\u00ae XR1 PRO - Source de s\u00e9curit\u00e9 incendie","isPartOf":{"@id":"https:\/\/safetysourcefire.ca\/#website"},"primaryImageOfPage":{"@id":"https:\/\/safetysourcefire.ca\/?product=airpower-xr1-pro#primaryimage"},"image":{"@id":"https:\/\/safetysourcefire.ca\/?product=airpower-xr1-pro#primaryimage"},"thumbnailUrl":"https:\/\/safetysourcefire.ca\/wp-content\/uploads\/2024\/01\/605113_Airpower-XR1.jpg","datePublished":"2024-01-18T20:09:46+00:00","dateModified":"2024-01-18T22:39:58+00:00","breadcrumb":{"@id":"https:\/\/safetysourcefire.ca\/?product=airpower-xr1-pro#breadcrumb"},"inLanguage":"fr-CA","potentialAction":[{"@type":"ReadAction","target":["https:\/\/safetysourcefire.ca\/?product=airpower-xr1-pro"]}]},{"@type":"ImageObject","inLanguage":"fr-CA","@id":"https:\/\/safetysourcefire.ca\/?product=airpower-xr1-pro#primaryimage","url":"https:\/\/safetysourcefire.ca\/wp-content\/uploads\/2024\/01\/605113_Airpower-XR1.jpg","contentUrl":"https:\/\/safetysourcefire.ca\/wp-content\/uploads\/2024\/01\/605113_Airpower-XR1.jpg","width":600,"height":600,"caption":"airpower XR1 boot"},{"@type":"BreadcrumbList","@id":"https:\/\/safetysourcefire.ca\/?product=airpower-xr1-pro#breadcrumb","itemListElement":[{"@type":"ListItem","position":1,"name":"Home","item":"https:\/\/safetysourcefire.ca\/"},{"@type":"ListItem","position":2,"name":"Products","item":"https:\/\/safetysourcefire.ca\/shop\/"},{"@type":"ListItem","position":3,"name":"Airpower\u00ae XR1 PRO"}]},{"@type":"WebSite","@id":"https:\/\/safetysourcefire.ca\/#website","url":"https:\/\/safetysourcefire.ca\/","name":"Safety Source Fire","description":"","publisher":{"@id":"https:\/\/safetysourcefire.ca\/#organization"},"potentialAction":[{"@type":"SearchAction","target":{"@type":"EntryPoint","urlTemplate":"https:\/\/safetysourcefire.ca\/?s={search_term_string}"},"query-input":{"@type":"PropertyValueSpecification","valueRequired":true,"valueName":"search_term_string"}}],"inLanguage":"fr-CA"},{"@type":"Organization","@id":"https:\/\/safetysourcefire.ca\/#organization","name":"Safety Source Fire","url":"https:\/\/safetysourcefire.ca\/","logo":{"@type":"ImageObject","inLanguage":"fr-CA","@id":"https:\/\/safetysourcefire.ca\/#\/schema\/logo\/image\/","url":"https:\/\/safetysourcefire.ca\/wp-content\/uploads\/2021\/01\/SSF_logo_CC0000-3.png","contentUrl":"https:\/\/safetysourcefire.ca\/wp-content\/uploads\/2021\/01\/SSF_logo_CC0000-3.png","width":1107,"height":365,"caption":"Safety Source Fire"},"image":{"@id":"https:\/\/safetysourcefire.ca\/#\/schema\/logo\/image\/"},"sameAs":["https:\/\/www.facebook.com\/mmfssca","https:\/\/x.com\/mmfssca"]}]}},"_links":{"self":[{"href":"https:\/\/safetysourcefire.ca\/fr\/wp-json\/wp\/v2\/product\/28486","targetHints":{"allow":["GET"]}}],"collection":[{"href":"https:\/\/safetysourcefire.ca\/fr\/wp-json\/wp\/v2\/product"}],"about":[{"href":"https:\/\/safetysourcefire.ca\/fr\/wp-json\/wp\/v2\/types\/product"}],"wp:featuredmedia":[{"embeddable":true,"href":"https:\/\/safetysourcefire.ca\/fr\/wp-json\/wp\/v2\/media\/28488"}],"wp:attachment":[{"href":"https:\/\/safetysourcefire.ca\/fr\/wp-json\/wp\/v2\/media?parent=28486"}],"wp:term":[{"taxonomy":"product_brand","embeddable":true,"href":"https:\/\/safetysourcefire.ca\/fr\/wp-json\/wp\/v2\/product_brand?post=28486"},{"taxonomy":"product_cat","embeddable":true,"href":"https:\/\/safetysourcefire.ca\/fr\/wp-json\/wp\/v2\/product_cat?post=28486"},{"taxonomy":"product_tag","embeddable":true,"href":"https:\/\/safetysourcefire.ca\/fr\/wp-json\/wp\/v2\/product_tag?post=28486"}],"curies":[{"name":"wp","href":"https:\/\/api.w.org\/{rel}","templated":true}]}}