{"id":28506,"date":"2024-01-18T22:06:18","date_gmt":"2024-01-18T22:06:18","guid":{"rendered":"https:\/\/safetysourcefire.ca\/?post_type=product&#038;p=28506"},"modified":"2024-02-06T15:05:41","modified_gmt":"2024-02-06T15:05:41","slug":"fire-eagle-xtreme","status":"publish","type":"product","link":"https:\/\/safetysourcefire.ca\/fr\/produit\/fire-eagle-xtreme\/","title":{"rendered":"Aigle de Feu Xtreme"},"content":{"rendered":"<p><strong>Protection certifi\u00e9e Quad pour les premiers intervenants actifs<\/strong><br \/>\nBotte de lutte contre l&#039;incendie multifonctionnelle offrant une protection ultime.<\/p>\n<p><strong>Protection certifi\u00e9e Xtreme<\/strong><br \/>\nDe sa semelle extr\u00eamement antid\u00e9rapante et r\u00e9sistante aux perforations \u00e0 son cuir de taureau durable en passant par ses capacit\u00e9s de r\u00e9duction des d\u00e9bris, Fire Eagle Xtreme vous couvre quelles que soient les exigences de votre travail.<\/p>\n<p><strong>Protection Xtreme des orteils et des m\u00e9tatarsiens<\/strong><br \/>\nL&#039;embout composite l\u00e9ger et spacieux d\u00e9passe toutes les exigences de s\u00e9curit\u00e9 tandis que la plaque m\u00e9tatarsienne maintient la partie la plus vuln\u00e9rable de votre pied en s\u00e9curit\u00e9.<\/p>\n<p><strong>Protection Xtreme contre les liquides, les agents pathog\u00e8nes et les produits chimiques<\/strong><br \/>\nNotre doublure int\u00e9rieure CROSSTECH\u00ae garde non seulement vos pieds au sec et confortables, mais elle offre une protection imp\u00e9n\u00e9trable contre les produits chimiques, le sang et les fluides corporels. Un brassard \u00e0 fermeture douce emp\u00eache les d\u00e9bris et les contaminants d&#039;entrer.<\/p>\n<p><strong>R\u00e9sistance au glissement extr\u00eame<\/strong><br \/>\nNotre semelle r\u00e9volutionnaire au design athl\u00e9tique offre une traction in\u00e9gal\u00e9e sur l&#039;eau, la glace et la neige et une protection suppl\u00e9mentaire contre la chaleur et le froid que vous rencontrez sur le terrain de feu. Les marquages jaunes vous rendent plus visible dans des conditions sombres et le cric de d\u00e9marrage int\u00e9gr\u00e9 facilite le retrait de vos bottes.<\/p>\n<p><strong>Confort athl\u00e9tique l\u00e9ger avec un ajustement personnalis\u00e9<\/strong><br \/>\nPour un m\u00e9tier qui vous pousse \u00e0 vos limites.<\/p>\n<p><strong>Coupe athl\u00e9tique l\u00e9g\u00e8re<\/strong><br \/>\nFire Eagle Xtreme a \u00e9t\u00e9 cr\u00e9\u00e9 pour alimenter l&#039;athl\u00e8te qui sommeille en vous. Incroyablement l\u00e9ger et r\u00e9actif, vous permettant de vous d\u00e9placer et de man\u0153uvrer facilement. L&#039;ajustement s\u00e9curis\u00e9 soutient votre cheville sans sacrifier la flexibilit\u00e9. Tout en offrant une protection maximale au travail.<\/p>\n<p><strong>Ajustement personnalis\u00e9<\/strong><br \/>\nLe syst\u00e8me de la\u00e7age RAPIDfit de Fire Eagle Xtreme vous permet de personnaliser votre ajustement, offrant une meilleure s\u00e9curit\u00e9 et stabilit\u00e9 au bas de la jambe et \u00e0 la cheville, ce qui signifie moins de risques de blessures. Les lacets doubles vous permettent de fixer rapidement la semelle int\u00e9rieure et la tige de la botte ind\u00e9pendamment l&#039;une de l&#039;autre en une seule traction. Verrouillez et partez.<\/p>\n<p><strong>Semelle int\u00e9rieure confort<\/strong><br \/>\nLa semelle int\u00e9rieure nouvellement con\u00e7ue du Fire Eagle Xtreme offre encore plus de confort qu&#039;auparavant. Le PU ajout\u00e9 \u00e0 la semelle int\u00e9rieure offre non seulement plus de coussin sur lequel se tenir debout, mais il r\u00e9siste \u00e0 l&#039;aplatissement au fil du temps. Rafra\u00eechissez-les avec un lavage en machine et s\u00e9chez-les \u00e0 l\u2019air.<\/p>\n<p><strong>Confort respirant<\/strong><br \/>\nFire Eagle Xtreme maintient la temp\u00e9rature de vos pieds r\u00e9gul\u00e9e en gardant l&#039;air circuler entre le cuir et les doublures. L&#039;air humide est remplac\u00e9 par de l&#039;air frais \u00e0 chaque pas, gardant les pieds plus secs et plus confortables.<\/p>\n<p><a href=\"https:\/\/safetysourcefire.ca\/wp-content\/uploads\/2024\/02\/507530-31_fire-eagle-xtreme_en.pdf\">T\u00e9l\u00e9charger la fiche technique<\/a><\/p>\n<p><iframe loading=\"lazy\" class=\"youtube-video\" title=\"lecteur vid\u00e9o YouTube\" src=\"https:\/\/www.youtube.com\/embed\/QxFiNTkRo1c?si=Wvle82XKTc22vvfG\" width=\"560\" height=\"315\" frameborder=\"0\" allowfullscreen=\"allowfullscreen\"><\/iframe><\/p>","protected":false},"excerpt":{"rendered":"<p>Vous ne savez jamais \u00e0 quel d\u00e9fi vous serez confront\u00e9 au travail. Nous nous assurons que vous \u00eates pr\u00eat avec notre Fire Eagle Xtreme certifi\u00e9 Quad.<\/p>","protected":false},"featured_media":28510,"template":"","meta":[],"product_brand":[243],"product_cat":[121,50],"product_tag":[304],"class_list":{"0":"post-28506","1":"product","2":"type-product","3":"status-publish","4":"has-post-thumbnail","6":"product_brand-haix","7":"product_cat-boots","8":"product_cat-personal-protective-equipment","9":"product_tag-haix","11":"first","12":"instock","13":"shipping-taxable","14":"product-type-simple"},"yoast_head":"<!-- This site is optimized with the Yoast SEO plugin v27.4 - https:\/\/yoast.com\/product\/yoast-seo-wordpress\/ -->\n<title>Fire Eagle Xtreme - Safety Source Fire<\/title>\n<meta name=\"robots\" content=\"index, follow, max-snippet:-1, max-image-preview:large, max-video-preview:-1\" \/>\n<link rel=\"canonical\" href=\"https:\/\/safetysourcefire.ca\/fr\/?product=fire-eagle-xtreme\" \/>\n<meta property=\"og:locale\" content=\"fr_CA\" \/>\n<meta property=\"og:type\" content=\"article\" \/>\n<meta property=\"og:title\" content=\"Fire Eagle Xtreme - Safety Source Fire\" \/>\n<meta property=\"og:description\" content=\"You never know what challenge you will face on the job. We make sure you are ready with our Quad-certified Fire Eagle Xtreme.\" \/>\n<meta property=\"og:url\" content=\"https:\/\/safetysourcefire.ca\/fr\/?product=fire-eagle-xtreme\" \/>\n<meta property=\"og:site_name\" content=\"Safety Source Fire\" \/>\n<meta property=\"article:publisher\" content=\"https:\/\/www.facebook.com\/mmfssca\" \/>\n<meta property=\"article:modified_time\" content=\"2024-02-06T15:05:41+00:00\" \/>\n<meta property=\"og:image\" content=\"https:\/\/safetysourcefire.ca\/wp-content\/uploads\/2024\/01\/507530-31_fe-extreme-medium_web.jpg\" \/>\n\t<meta property=\"og:image:width\" content=\"600\" \/>\n\t<meta property=\"og:image:height\" content=\"600\" \/>\n\t<meta property=\"og:image:type\" content=\"image\/jpeg\" \/>\n<meta name=\"twitter:card\" content=\"summary_large_image\" \/>\n<meta name=\"twitter:site\" content=\"@mmfssca\" \/>\n<meta name=\"twitter:label1\" content=\"Estimation du temps de lecture\" \/>\n\t<meta name=\"twitter:data1\" content=\"2 minutes\" \/>\n<script type=\"application\/ld+json\" class=\"yoast-schema-graph\">{\"@context\":\"https:\\\/\\\/schema.org\",\"@graph\":[{\"@type\":\"WebPage\",\"@id\":\"https:\\\/\\\/safetysourcefire.ca\\\/?product=fire-eagle-xtreme\",\"url\":\"https:\\\/\\\/safetysourcefire.ca\\\/?product=fire-eagle-xtreme\",\"name\":\"Fire Eagle Xtreme - Safety Source Fire\",\"isPartOf\":{\"@id\":\"https:\\\/\\\/safetysourcefire.ca\\\/#website\"},\"primaryImageOfPage\":{\"@id\":\"https:\\\/\\\/safetysourcefire.ca\\\/?product=fire-eagle-xtreme#primaryimage\"},\"image\":{\"@id\":\"https:\\\/\\\/safetysourcefire.ca\\\/?product=fire-eagle-xtreme#primaryimage\"},\"thumbnailUrl\":\"https:\\\/\\\/safetysourcefire.ca\\\/wp-content\\\/uploads\\\/2024\\\/01\\\/507530-31_fe-extreme-medium_web.jpg\",\"datePublished\":\"2024-01-18T22:06:18+00:00\",\"dateModified\":\"2024-02-06T15:05:41+00:00\",\"breadcrumb\":{\"@id\":\"https:\\\/\\\/safetysourcefire.ca\\\/?product=fire-eagle-xtreme#breadcrumb\"},\"inLanguage\":\"fr-CA\",\"potentialAction\":[{\"@type\":\"ReadAction\",\"target\":[\"https:\\\/\\\/safetysourcefire.ca\\\/?product=fire-eagle-xtreme\"]}]},{\"@type\":\"ImageObject\",\"inLanguage\":\"fr-CA\",\"@id\":\"https:\\\/\\\/safetysourcefire.ca\\\/?product=fire-eagle-xtreme#primaryimage\",\"url\":\"https:\\\/\\\/safetysourcefire.ca\\\/wp-content\\\/uploads\\\/2024\\\/01\\\/507530-31_fe-extreme-medium_web.jpg\",\"contentUrl\":\"https:\\\/\\\/safetysourcefire.ca\\\/wp-content\\\/uploads\\\/2024\\\/01\\\/507530-31_fe-extreme-medium_web.jpg\",\"width\":600,\"height\":600,\"caption\":\"fire eagle xtreme\"},{\"@type\":\"BreadcrumbList\",\"@id\":\"https:\\\/\\\/safetysourcefire.ca\\\/?product=fire-eagle-xtreme#breadcrumb\",\"itemListElement\":[{\"@type\":\"ListItem\",\"position\":1,\"name\":\"Home\",\"item\":\"https:\\\/\\\/safetysourcefire.ca\\\/\"},{\"@type\":\"ListItem\",\"position\":2,\"name\":\"Products\",\"item\":\"https:\\\/\\\/safetysourcefire.ca\\\/shop\\\/\"},{\"@type\":\"ListItem\",\"position\":3,\"name\":\"Fire Eagle Xtreme\"}]},{\"@type\":\"WebSite\",\"@id\":\"https:\\\/\\\/safetysourcefire.ca\\\/#website\",\"url\":\"https:\\\/\\\/safetysourcefire.ca\\\/\",\"name\":\"Safety Source Fire\",\"description\":\"\",\"publisher\":{\"@id\":\"https:\\\/\\\/safetysourcefire.ca\\\/#organization\"},\"potentialAction\":[{\"@type\":\"SearchAction\",\"target\":{\"@type\":\"EntryPoint\",\"urlTemplate\":\"https:\\\/\\\/safetysourcefire.ca\\\/?s={search_term_string}\"},\"query-input\":{\"@type\":\"PropertyValueSpecification\",\"valueRequired\":true,\"valueName\":\"search_term_string\"}}],\"inLanguage\":\"fr-CA\"},{\"@type\":\"Organization\",\"@id\":\"https:\\\/\\\/safetysourcefire.ca\\\/#organization\",\"name\":\"Safety Source Fire\",\"url\":\"https:\\\/\\\/safetysourcefire.ca\\\/\",\"logo\":{\"@type\":\"ImageObject\",\"inLanguage\":\"fr-CA\",\"@id\":\"https:\\\/\\\/safetysourcefire.ca\\\/#\\\/schema\\\/logo\\\/image\\\/\",\"url\":\"https:\\\/\\\/safetysourcefire.ca\\\/wp-content\\\/uploads\\\/2021\\\/01\\\/SSF_logo_CC0000-3.png\",\"contentUrl\":\"https:\\\/\\\/safetysourcefire.ca\\\/wp-content\\\/uploads\\\/2021\\\/01\\\/SSF_logo_CC0000-3.png\",\"width\":1107,\"height\":365,\"caption\":\"Safety Source Fire\"},\"image\":{\"@id\":\"https:\\\/\\\/safetysourcefire.ca\\\/#\\\/schema\\\/logo\\\/image\\\/\"},\"sameAs\":[\"https:\\\/\\\/www.facebook.com\\\/mmfssca\",\"https:\\\/\\\/x.com\\\/mmfssca\"]}]}<\/script>\n<!-- \/ Yoast SEO plugin. -->","yoast_head_json":{"title":"Fire Eagle Xtreme - Source de s\u00e9curit\u00e9 incendie","robots":{"index":"index","follow":"follow","max-snippet":"max-snippet:-1","max-image-preview":"max-image-preview:large","max-video-preview":"max-video-preview:-1"},"canonical":"https:\/\/safetysourcefire.ca\/fr\/?product=fire-eagle-xtreme","og_locale":"fr_CA","og_type":"article","og_title":"Fire Eagle Xtreme - Safety Source Fire","og_description":"You never know what challenge you will face on the job. We make sure you are ready with our Quad-certified Fire Eagle Xtreme.","og_url":"https:\/\/safetysourcefire.ca\/fr\/?product=fire-eagle-xtreme","og_site_name":"Safety Source Fire","article_publisher":"https:\/\/www.facebook.com\/mmfssca","article_modified_time":"2024-02-06T15:05:41+00:00","og_image":[{"width":600,"height":600,"url":"https:\/\/safetysourcefire.ca\/wp-content\/uploads\/2024\/01\/507530-31_fe-extreme-medium_web.jpg","type":"image\/jpeg"}],"twitter_card":"summary_large_image","twitter_site":"@mmfssca","twitter_misc":{"Estimation du temps de lecture":"2 minutes"},"schema":{"@context":"https:\/\/schema.org","@graph":[{"@type":"WebPage","@id":"https:\/\/safetysourcefire.ca\/?product=fire-eagle-xtreme","url":"https:\/\/safetysourcefire.ca\/?product=fire-eagle-xtreme","name":"Fire Eagle Xtreme - Source de s\u00e9curit\u00e9 incendie","isPartOf":{"@id":"https:\/\/safetysourcefire.ca\/#website"},"primaryImageOfPage":{"@id":"https:\/\/safetysourcefire.ca\/?product=fire-eagle-xtreme#primaryimage"},"image":{"@id":"https:\/\/safetysourcefire.ca\/?product=fire-eagle-xtreme#primaryimage"},"thumbnailUrl":"https:\/\/safetysourcefire.ca\/wp-content\/uploads\/2024\/01\/507530-31_fe-extreme-medium_web.jpg","datePublished":"2024-01-18T22:06:18+00:00","dateModified":"2024-02-06T15:05:41+00:00","breadcrumb":{"@id":"https:\/\/safetysourcefire.ca\/?product=fire-eagle-xtreme#breadcrumb"},"inLanguage":"fr-CA","potentialAction":[{"@type":"ReadAction","target":["https:\/\/safetysourcefire.ca\/?product=fire-eagle-xtreme"]}]},{"@type":"ImageObject","inLanguage":"fr-CA","@id":"https:\/\/safetysourcefire.ca\/?product=fire-eagle-xtreme#primaryimage","url":"https:\/\/safetysourcefire.ca\/wp-content\/uploads\/2024\/01\/507530-31_fe-extreme-medium_web.jpg","contentUrl":"https:\/\/safetysourcefire.ca\/wp-content\/uploads\/2024\/01\/507530-31_fe-extreme-medium_web.jpg","width":600,"height":600,"caption":"fire eagle xtreme"},{"@type":"BreadcrumbList","@id":"https:\/\/safetysourcefire.ca\/?product=fire-eagle-xtreme#breadcrumb","itemListElement":[{"@type":"ListItem","position":1,"name":"Home","item":"https:\/\/safetysourcefire.ca\/"},{"@type":"ListItem","position":2,"name":"Products","item":"https:\/\/safetysourcefire.ca\/shop\/"},{"@type":"ListItem","position":3,"name":"Fire Eagle Xtreme"}]},{"@type":"WebSite","@id":"https:\/\/safetysourcefire.ca\/#website","url":"https:\/\/safetysourcefire.ca\/","name":"Safety Source Fire","description":"","publisher":{"@id":"https:\/\/safetysourcefire.ca\/#organization"},"potentialAction":[{"@type":"SearchAction","target":{"@type":"EntryPoint","urlTemplate":"https:\/\/safetysourcefire.ca\/?s={search_term_string}"},"query-input":{"@type":"PropertyValueSpecification","valueRequired":true,"valueName":"search_term_string"}}],"inLanguage":"fr-CA"},{"@type":"Organization","@id":"https:\/\/safetysourcefire.ca\/#organization","name":"Safety Source Fire","url":"https:\/\/safetysourcefire.ca\/","logo":{"@type":"ImageObject","inLanguage":"fr-CA","@id":"https:\/\/safetysourcefire.ca\/#\/schema\/logo\/image\/","url":"https:\/\/safetysourcefire.ca\/wp-content\/uploads\/2021\/01\/SSF_logo_CC0000-3.png","contentUrl":"https:\/\/safetysourcefire.ca\/wp-content\/uploads\/2021\/01\/SSF_logo_CC0000-3.png","width":1107,"height":365,"caption":"Safety Source Fire"},"image":{"@id":"https:\/\/safetysourcefire.ca\/#\/schema\/logo\/image\/"},"sameAs":["https:\/\/www.facebook.com\/mmfssca","https:\/\/x.com\/mmfssca"]}]}},"_links":{"self":[{"href":"https:\/\/safetysourcefire.ca\/fr\/wp-json\/wp\/v2\/product\/28506","targetHints":{"allow":["GET"]}}],"collection":[{"href":"https:\/\/safetysourcefire.ca\/fr\/wp-json\/wp\/v2\/product"}],"about":[{"href":"https:\/\/safetysourcefire.ca\/fr\/wp-json\/wp\/v2\/types\/product"}],"wp:featuredmedia":[{"embeddable":true,"href":"https:\/\/safetysourcefire.ca\/fr\/wp-json\/wp\/v2\/media\/28510"}],"wp:attachment":[{"href":"https:\/\/safetysourcefire.ca\/fr\/wp-json\/wp\/v2\/media?parent=28506"}],"wp:term":[{"taxonomy":"product_brand","embeddable":true,"href":"https:\/\/safetysourcefire.ca\/fr\/wp-json\/wp\/v2\/product_brand?post=28506"},{"taxonomy":"product_cat","embeddable":true,"href":"https:\/\/safetysourcefire.ca\/fr\/wp-json\/wp\/v2\/product_cat?post=28506"},{"taxonomy":"product_tag","embeddable":true,"href":"https:\/\/safetysourcefire.ca\/fr\/wp-json\/wp\/v2\/product_tag?post=28506"}],"curies":[{"name":"wp","href":"https:\/\/api.w.org\/{rel}","templated":true}]}}