{"id":28509,"date":"2024-01-18T22:17:13","date_gmt":"2024-01-18T22:17:13","guid":{"rendered":"https:\/\/safetysourcefire.ca\/?post_type=product&#038;p=28509"},"modified":"2024-02-06T15:03:24","modified_gmt":"2024-02-06T15:03:24","slug":"fire-eagle-air-grip-xtreme","status":"publish","type":"product","link":"https:\/\/safetysourcefire.ca\/fr\/produit\/fire-eagle-air-grip-xtreme\/","title":{"rendered":"Fire Eagle Air Grip Xtreme"},"content":{"rendered":"<p><strong>S\u00e9curit\u00e9 maximale pour les premiers intervenants<\/strong><br \/>\nVous vous concentrez sur ce qui compte : sauver des vies ou mettre \u00e0 l\u2019\u00e9preuve vos comp\u00e9tences techniques en mati\u00e8re de sauvetage. Votre Fire Eagle Air Grip Xtreme vous assure non seulement votre s\u00e9curit\u00e9 sur les lignes de front, mais il vous permet \u00e9galement de rester debout par temps hivernal rigoureux.<\/p>\n<p><strong>Protection maximale<\/strong><br \/>\nFire Eagle Air Grip Xtreme est votre armure personnelle pour garder vos pieds prot\u00e9g\u00e9s de la chaleur et des flammes. Le cuir de taureau durable, la plaque perfor\u00e9e en acier, l&#039;embout composite et la semelle homologu\u00e9e EH vous prot\u00e8gent et vous prot\u00e8gent comme aucun autre.<\/p>\n<p><strong>Protection des orteils l\u00e9g\u00e8re et confortable<\/strong><br \/>\nL&#039;embout de s\u00e9curit\u00e9 composite l\u00e9ger du Fire Eagle Air Grip Xtreme offre non seulement un confort spacieux \u00e0 vos orteils, mais il vous offre \u00e9galement moins de fatigue des pieds et des jambes, associ\u00e9 \u00e0 une protection de s\u00e9curit\u00e9 maximale.<\/p>\n<p><strong>\u00c9tanche avec un niveau de protection suppl\u00e9mentaire<\/strong><br \/>\nLa doublure int\u00e9rieure CROSSTECH\u00ae du Fire Eagle Air Grip Xtreme garde vos pieds au sec et est respirante tout en vous prot\u00e9geant des produits chimiques, du sang et des fluides corporels.<\/p>\n<p><strong>Semelle haute performance con\u00e7ue pour l&#039;hiver<\/strong><br \/>\nQuelle que soit la m\u00e9t\u00e9o, la nouvelle semelle Grip Xtreme du Fire Eagle Air Grip Xtreme vous accompagne lorsque vous avez un travail \u00e0 faire. Les \u00e9l\u00e9ments de pr\u00e9hension jaunes int\u00e9gr\u00e9s vous offrent une meilleure adh\u00e9rence sur la neige et la glace. La semelle maintient vos pieds isol\u00e9s des terrains de feu chauds et froids. Le Fire Eagle Air Grip Xtreme est \u00e9galement class\u00e9 EH jusqu&#039;\u00e0 18 kv et r\u00e9siste aux incendies les plus chauds.<\/p>\n<p><strong>Construction Confort<\/strong><br \/>\nCon\u00e7u pour l&#039;un des travaux les plus exigeants physiquement de la plan\u00e8te.<\/p>\n<p><strong>Coupe et sensation athl\u00e9tiques<\/strong><br \/>\nFire Eagle Air Grip Xtreme a une coupe et une sensation athl\u00e9tiques et est r\u00e9sistant aux pompiers. L\u00e9ger mais durable, il vous permet de rester plus r\u00e9actif et au top de votre jeu.<\/p>\n<p><strong>Meilleur ajustement et plus de flexibilit\u00e9<\/strong><br \/>\nLe syst\u00e8me Ankle Flex de Fire Eagle Air Grip Xtreme offre un ajustement s\u00fbr et stable adapt\u00e9 \u00e0 vous et permet une plus grande libert\u00e9 de mouvement lors de l&#039;escalade, de l&#039;agenouillement et de la conduite. La stabilit\u00e9 et la flexibilit\u00e9 du pied et de la cheville trouv\u00e9es dans cette botte deviennent encore plus importantes lorsque vous travaillez sur la neige ou la glace.<\/p>\n<p><strong>Semelle int\u00e9rieure rembourr\u00e9e et performante<\/strong><br \/>\nLes semelles int\u00e9rieures Fire Eagle Air Grip Xtreme fonctionnent aussi dur que vous. Gr\u00e2ce \u00e0 une absorption de l&#039;humidit\u00e9 et une respirabilit\u00e9 exceptionnelles, vos pieds resteront au sec et confortables, quelle que soit la chaleur du travail. Le rembourrage en PU ajout\u00e9 vous fera ressentir le confort dans chaque botte.<\/p>\n<p><strong>Confort respirant dans des conditions difficiles<\/strong><br \/>\nFire Eagle Air Grip Xtreme est dot\u00e9 d&#039;un syst\u00e8me climatique de r\u00e9gulation de la temp\u00e9rature qui garde les pieds au chaud lorsqu&#039;il fait froid et au frais lorsqu&#039;il fait chaud. L&#039;air frais est filtr\u00e9 tandis que l&#039;air humide s&#039;\u00e9chappe par les trous d&#039;a\u00e9ration situ\u00e9s en haut de la botte \u00e0 chaque pas que vous faites.<\/p>\n<p><a href=\"https:\/\/safetysourcefire.ca\/wp-content\/uploads\/2024\/02\/507534M_fire-eagle-air-grip-xtreme_medium_en.pdf\">T\u00e9l\u00e9charger la fiche technique<\/a><\/p>","protected":false},"excerpt":{"rendered":"<p>Vous sauvez des vies et des biens des dommages caus\u00e9s par le feu. Nous veillons \u00e0 ce que vous restiez en s\u00e9curit\u00e9 avec notre Fire Eagle Air Grip Xtreme doublement certifi\u00e9 NFPA.<\/p>","protected":false},"featured_media":28508,"template":"","meta":[],"product_brand":[243],"product_cat":[121,50],"product_tag":[304],"class_list":{"0":"post-28509","1":"product","2":"type-product","3":"status-publish","4":"has-post-thumbnail","6":"product_brand-haix","7":"product_cat-boots","8":"product_cat-personal-protective-equipment","9":"product_tag-haix","11":"first","12":"instock","13":"shipping-taxable","14":"product-type-simple"},"yoast_head":"<!-- This site is optimized with the Yoast SEO plugin v27.4 - https:\/\/yoast.com\/product\/yoast-seo-wordpress\/ -->\n<title>Fire Eagle Air Grip Xtreme - Safety Source Fire<\/title>\n<meta name=\"robots\" content=\"index, follow, max-snippet:-1, max-image-preview:large, max-video-preview:-1\" \/>\n<link rel=\"canonical\" href=\"https:\/\/safetysourcefire.ca\/fr\/?product=fire-eagle-air-grip-xtreme\" \/>\n<meta property=\"og:locale\" content=\"fr_CA\" \/>\n<meta property=\"og:type\" content=\"article\" \/>\n<meta property=\"og:title\" content=\"Fire Eagle Air Grip Xtreme - Safety Source Fire\" \/>\n<meta property=\"og:description\" content=\"You save lives and property from fire&#039;s harm. We ensure you stay safe with our NFPA dual certified Fire Eagle Air Grip Xtreme.\" \/>\n<meta property=\"og:url\" content=\"https:\/\/safetysourcefire.ca\/fr\/?product=fire-eagle-air-grip-xtreme\" \/>\n<meta property=\"og:site_name\" content=\"Safety Source Fire\" \/>\n<meta property=\"article:publisher\" content=\"https:\/\/www.facebook.com\/mmfssca\" \/>\n<meta property=\"article:modified_time\" content=\"2024-02-06T15:03:24+00:00\" \/>\n<meta property=\"og:image\" content=\"https:\/\/safetysourcefire.ca\/wp-content\/uploads\/2024\/01\/507534M_fire-eagle-air-grip-xtreme_medium_web.jpg\" \/>\n\t<meta property=\"og:image:width\" content=\"600\" \/>\n\t<meta property=\"og:image:height\" content=\"600\" \/>\n\t<meta property=\"og:image:type\" content=\"image\/jpeg\" \/>\n<meta name=\"twitter:card\" content=\"summary_large_image\" \/>\n<meta name=\"twitter:site\" content=\"@mmfssca\" \/>\n<meta name=\"twitter:label1\" content=\"Estimation du temps de lecture\" \/>\n\t<meta name=\"twitter:data1\" content=\"3 minutes\" \/>\n<script type=\"application\/ld+json\" class=\"yoast-schema-graph\">{\"@context\":\"https:\\\/\\\/schema.org\",\"@graph\":[{\"@type\":\"WebPage\",\"@id\":\"https:\\\/\\\/safetysourcefire.ca\\\/?product=fire-eagle-air-grip-xtreme\",\"url\":\"https:\\\/\\\/safetysourcefire.ca\\\/?product=fire-eagle-air-grip-xtreme\",\"name\":\"Fire Eagle Air Grip Xtreme - Safety Source Fire\",\"isPartOf\":{\"@id\":\"https:\\\/\\\/safetysourcefire.ca\\\/#website\"},\"primaryImageOfPage\":{\"@id\":\"https:\\\/\\\/safetysourcefire.ca\\\/?product=fire-eagle-air-grip-xtreme#primaryimage\"},\"image\":{\"@id\":\"https:\\\/\\\/safetysourcefire.ca\\\/?product=fire-eagle-air-grip-xtreme#primaryimage\"},\"thumbnailUrl\":\"https:\\\/\\\/safetysourcefire.ca\\\/wp-content\\\/uploads\\\/2024\\\/01\\\/507534M_fire-eagle-air-grip-xtreme_medium_web.jpg\",\"datePublished\":\"2024-01-18T22:17:13+00:00\",\"dateModified\":\"2024-02-06T15:03:24+00:00\",\"breadcrumb\":{\"@id\":\"https:\\\/\\\/safetysourcefire.ca\\\/?product=fire-eagle-air-grip-xtreme#breadcrumb\"},\"inLanguage\":\"fr-CA\",\"potentialAction\":[{\"@type\":\"ReadAction\",\"target\":[\"https:\\\/\\\/safetysourcefire.ca\\\/?product=fire-eagle-air-grip-xtreme\"]}]},{\"@type\":\"ImageObject\",\"inLanguage\":\"fr-CA\",\"@id\":\"https:\\\/\\\/safetysourcefire.ca\\\/?product=fire-eagle-air-grip-xtreme#primaryimage\",\"url\":\"https:\\\/\\\/safetysourcefire.ca\\\/wp-content\\\/uploads\\\/2024\\\/01\\\/507534M_fire-eagle-air-grip-xtreme_medium_web.jpg\",\"contentUrl\":\"https:\\\/\\\/safetysourcefire.ca\\\/wp-content\\\/uploads\\\/2024\\\/01\\\/507534M_fire-eagle-air-grip-xtreme_medium_web.jpg\",\"width\":600,\"height\":600,\"caption\":\"fire eagle air grip xtreme\"},{\"@type\":\"BreadcrumbList\",\"@id\":\"https:\\\/\\\/safetysourcefire.ca\\\/?product=fire-eagle-air-grip-xtreme#breadcrumb\",\"itemListElement\":[{\"@type\":\"ListItem\",\"position\":1,\"name\":\"Home\",\"item\":\"https:\\\/\\\/safetysourcefire.ca\\\/\"},{\"@type\":\"ListItem\",\"position\":2,\"name\":\"Products\",\"item\":\"https:\\\/\\\/safetysourcefire.ca\\\/shop\\\/\"},{\"@type\":\"ListItem\",\"position\":3,\"name\":\"Fire Eagle Air Grip Xtreme\"}]},{\"@type\":\"WebSite\",\"@id\":\"https:\\\/\\\/safetysourcefire.ca\\\/#website\",\"url\":\"https:\\\/\\\/safetysourcefire.ca\\\/\",\"name\":\"Safety Source Fire\",\"description\":\"\",\"publisher\":{\"@id\":\"https:\\\/\\\/safetysourcefire.ca\\\/#organization\"},\"potentialAction\":[{\"@type\":\"SearchAction\",\"target\":{\"@type\":\"EntryPoint\",\"urlTemplate\":\"https:\\\/\\\/safetysourcefire.ca\\\/?s={search_term_string}\"},\"query-input\":{\"@type\":\"PropertyValueSpecification\",\"valueRequired\":true,\"valueName\":\"search_term_string\"}}],\"inLanguage\":\"fr-CA\"},{\"@type\":\"Organization\",\"@id\":\"https:\\\/\\\/safetysourcefire.ca\\\/#organization\",\"name\":\"Safety Source Fire\",\"url\":\"https:\\\/\\\/safetysourcefire.ca\\\/\",\"logo\":{\"@type\":\"ImageObject\",\"inLanguage\":\"fr-CA\",\"@id\":\"https:\\\/\\\/safetysourcefire.ca\\\/#\\\/schema\\\/logo\\\/image\\\/\",\"url\":\"https:\\\/\\\/safetysourcefire.ca\\\/wp-content\\\/uploads\\\/2021\\\/01\\\/SSF_logo_CC0000-3.png\",\"contentUrl\":\"https:\\\/\\\/safetysourcefire.ca\\\/wp-content\\\/uploads\\\/2021\\\/01\\\/SSF_logo_CC0000-3.png\",\"width\":1107,\"height\":365,\"caption\":\"Safety Source Fire\"},\"image\":{\"@id\":\"https:\\\/\\\/safetysourcefire.ca\\\/#\\\/schema\\\/logo\\\/image\\\/\"},\"sameAs\":[\"https:\\\/\\\/www.facebook.com\\\/mmfssca\",\"https:\\\/\\\/x.com\\\/mmfssca\"]}]}<\/script>\n<!-- \/ Yoast SEO plugin. -->","yoast_head_json":{"title":"Fire Eagle Air Grip Xtreme - Source de s\u00e9curit\u00e9 incendie","robots":{"index":"index","follow":"follow","max-snippet":"max-snippet:-1","max-image-preview":"max-image-preview:large","max-video-preview":"max-video-preview:-1"},"canonical":"https:\/\/safetysourcefire.ca\/fr\/?product=fire-eagle-air-grip-xtreme","og_locale":"fr_CA","og_type":"article","og_title":"Fire Eagle Air Grip Xtreme - Safety Source Fire","og_description":"You save lives and property from fire's harm. We ensure you stay safe with our NFPA dual certified Fire Eagle Air Grip Xtreme.","og_url":"https:\/\/safetysourcefire.ca\/fr\/?product=fire-eagle-air-grip-xtreme","og_site_name":"Safety Source Fire","article_publisher":"https:\/\/www.facebook.com\/mmfssca","article_modified_time":"2024-02-06T15:03:24+00:00","og_image":[{"width":600,"height":600,"url":"https:\/\/safetysourcefire.ca\/wp-content\/uploads\/2024\/01\/507534M_fire-eagle-air-grip-xtreme_medium_web.jpg","type":"image\/jpeg"}],"twitter_card":"summary_large_image","twitter_site":"@mmfssca","twitter_misc":{"Estimation du temps de lecture":"3 minutes"},"schema":{"@context":"https:\/\/schema.org","@graph":[{"@type":"WebPage","@id":"https:\/\/safetysourcefire.ca\/?product=fire-eagle-air-grip-xtreme","url":"https:\/\/safetysourcefire.ca\/?product=fire-eagle-air-grip-xtreme","name":"Fire Eagle Air Grip Xtreme - Source de s\u00e9curit\u00e9 incendie","isPartOf":{"@id":"https:\/\/safetysourcefire.ca\/#website"},"primaryImageOfPage":{"@id":"https:\/\/safetysourcefire.ca\/?product=fire-eagle-air-grip-xtreme#primaryimage"},"image":{"@id":"https:\/\/safetysourcefire.ca\/?product=fire-eagle-air-grip-xtreme#primaryimage"},"thumbnailUrl":"https:\/\/safetysourcefire.ca\/wp-content\/uploads\/2024\/01\/507534M_fire-eagle-air-grip-xtreme_medium_web.jpg","datePublished":"2024-01-18T22:17:13+00:00","dateModified":"2024-02-06T15:03:24+00:00","breadcrumb":{"@id":"https:\/\/safetysourcefire.ca\/?product=fire-eagle-air-grip-xtreme#breadcrumb"},"inLanguage":"fr-CA","potentialAction":[{"@type":"ReadAction","target":["https:\/\/safetysourcefire.ca\/?product=fire-eagle-air-grip-xtreme"]}]},{"@type":"ImageObject","inLanguage":"fr-CA","@id":"https:\/\/safetysourcefire.ca\/?product=fire-eagle-air-grip-xtreme#primaryimage","url":"https:\/\/safetysourcefire.ca\/wp-content\/uploads\/2024\/01\/507534M_fire-eagle-air-grip-xtreme_medium_web.jpg","contentUrl":"https:\/\/safetysourcefire.ca\/wp-content\/uploads\/2024\/01\/507534M_fire-eagle-air-grip-xtreme_medium_web.jpg","width":600,"height":600,"caption":"fire eagle air grip xtreme"},{"@type":"BreadcrumbList","@id":"https:\/\/safetysourcefire.ca\/?product=fire-eagle-air-grip-xtreme#breadcrumb","itemListElement":[{"@type":"ListItem","position":1,"name":"Home","item":"https:\/\/safetysourcefire.ca\/"},{"@type":"ListItem","position":2,"name":"Products","item":"https:\/\/safetysourcefire.ca\/shop\/"},{"@type":"ListItem","position":3,"name":"Fire Eagle Air Grip Xtreme"}]},{"@type":"WebSite","@id":"https:\/\/safetysourcefire.ca\/#website","url":"https:\/\/safetysourcefire.ca\/","name":"Safety Source Fire","description":"","publisher":{"@id":"https:\/\/safetysourcefire.ca\/#organization"},"potentialAction":[{"@type":"SearchAction","target":{"@type":"EntryPoint","urlTemplate":"https:\/\/safetysourcefire.ca\/?s={search_term_string}"},"query-input":{"@type":"PropertyValueSpecification","valueRequired":true,"valueName":"search_term_string"}}],"inLanguage":"fr-CA"},{"@type":"Organization","@id":"https:\/\/safetysourcefire.ca\/#organization","name":"Safety Source Fire","url":"https:\/\/safetysourcefire.ca\/","logo":{"@type":"ImageObject","inLanguage":"fr-CA","@id":"https:\/\/safetysourcefire.ca\/#\/schema\/logo\/image\/","url":"https:\/\/safetysourcefire.ca\/wp-content\/uploads\/2021\/01\/SSF_logo_CC0000-3.png","contentUrl":"https:\/\/safetysourcefire.ca\/wp-content\/uploads\/2021\/01\/SSF_logo_CC0000-3.png","width":1107,"height":365,"caption":"Safety Source Fire"},"image":{"@id":"https:\/\/safetysourcefire.ca\/#\/schema\/logo\/image\/"},"sameAs":["https:\/\/www.facebook.com\/mmfssca","https:\/\/x.com\/mmfssca"]}]}},"_links":{"self":[{"href":"https:\/\/safetysourcefire.ca\/fr\/wp-json\/wp\/v2\/product\/28509","targetHints":{"allow":["GET"]}}],"collection":[{"href":"https:\/\/safetysourcefire.ca\/fr\/wp-json\/wp\/v2\/product"}],"about":[{"href":"https:\/\/safetysourcefire.ca\/fr\/wp-json\/wp\/v2\/types\/product"}],"wp:featuredmedia":[{"embeddable":true,"href":"https:\/\/safetysourcefire.ca\/fr\/wp-json\/wp\/v2\/media\/28508"}],"wp:attachment":[{"href":"https:\/\/safetysourcefire.ca\/fr\/wp-json\/wp\/v2\/media?parent=28509"}],"wp:term":[{"taxonomy":"product_brand","embeddable":true,"href":"https:\/\/safetysourcefire.ca\/fr\/wp-json\/wp\/v2\/product_brand?post=28509"},{"taxonomy":"product_cat","embeddable":true,"href":"https:\/\/safetysourcefire.ca\/fr\/wp-json\/wp\/v2\/product_cat?post=28509"},{"taxonomy":"product_tag","embeddable":true,"href":"https:\/\/safetysourcefire.ca\/fr\/wp-json\/wp\/v2\/product_tag?post=28509"}],"curies":[{"name":"wp","href":"https:\/\/api.w.org\/{rel}","templated":true}]}}