{"id":28540,"date":"2024-01-30T19:38:17","date_gmt":"2024-01-30T19:38:17","guid":{"rendered":"https:\/\/safetysourcefire.ca\/?post_type=product&#038;p=28540"},"modified":"2025-03-14T14:28:29","modified_gmt":"2025-03-14T14:28:29","slug":"hi-combat","status":"publish","type":"product","link":"https:\/\/safetysourcefire.ca\/fr\/produit\/hi-combat\/","title":{"rendered":"Salut-Combat"},"content":{"rendered":"<p>Hi-Combat exploite la derni\u00e8re technologie de tuyaux de lutte contre l&#039;incendie pour alimenter des op\u00e9rations de combat int\u00e9rieures agressives. Sa conception unique de tuyau \u00e0 double enveloppe offre aux pompiers de combat les performances, la flexibilit\u00e9 et l&#039;endurance n\u00e9cessaires pour faire face aux d\u00e9fis les plus difficiles. Une gaine ext\u00e9rieure en nylon-polyester de haute technologie \u00e0 tissage sp\u00e9cial enveloppe une doublure int\u00e9rieure compos\u00e9e d&#039;un tuyau monobloc extrud\u00e9 \u00e0 travers le tissage pour des performances et une fiabilit\u00e9 optimales.<\/p>\n<p>Gr\u00e2ce \u00e0 un mat\u00e9riau haute visibilit\u00e9 tiss\u00e9 directement dans le tuyau, les pompiers peuvent suivre les marquages \u00ab\u00a0sortie\u00a0\u00bb et les fl\u00e8ches en toute s\u00e9curit\u00e9. BullDog peut \u00e9galement ajouter jusqu&#039;\u00e0 32 caract\u00e8res personnalis\u00e9s cousus dans le tuyau.* Les tuyaux Hi-Combat sont disponibles en cinq couleurs NFPA extrud\u00e9es \u00e0 travers le tissage, non teints et ne d\u00e9teignent pas et ne s&#039;usent pas. Ce tuyau de lutte contre l&#039;incendie combine une r\u00e9sistance \u00e9lev\u00e9e \u00e0 la chaleur, \u00e0 l&#039;abrasion et aux produits chimiques avec une r\u00e9sistance in\u00e9gal\u00e9e au vrillage et une facilit\u00e9 de tra\u00een\u00e9e sup\u00e9rieure.<\/p>\n<p>Con\u00e7u par BullDog, Hi-Combat est garanti pour r\u00e9pondre \u00e0 la pression d&#039;\u00e9clatement sp\u00e9cifi\u00e9e et d\u00e9passer la norme NFPA 1961. Les attributs super puissants de Hi-Combat \u00e9tablissent des normes en mati\u00e8re de lance \u00e0 incendie que chaque pompier m\u00e9rite.<\/p>\n<p>* Disponible sur 1-3\/4&quot; et 2&quot; seulement. Exigence de commande minimum de 1000&#039;.<\/p>\n<p>Fonctionnalit\u00e9s de combat<\/p>\n<ul>\n<li>Con\u00e7u pour les op\u00e9rations de combat int\u00e9rieures agressives<\/li>\n<li>Perte de friction minimis\u00e9e<\/li>\n<li>Excellente r\u00e9sistance au pliage \u2013 La r\u00e9sistance au pliage d\u00e9passe celle des tuyaux \u00e0 gaine classiques.<\/li>\n<li>Performance d&#039;abrasion sup\u00e9rieure \u2013 La gaine ext\u00e9rieure r\u00e9sistante \u00e0 l&#039;abrasion est con\u00e7ue et fabriqu\u00e9e pour r\u00e9sister \u00e0 un minimum de 2 000 cycles sur le test d&#039;abrasion UL et de 12 000 cycles sur les programmes de test d&#039;abrasion FM.<\/li>\n<li>Coefficient de tra\u00een\u00e9e le plus bas \u2013 Le coefficient de tra\u00een\u00e9e est le plus bas de toutes les lances \u00e0 incendie test\u00e9es par BullDog, ce qui facilite l&#039;avanc\u00e9e pendant les op\u00e9rations d&#039;attaque.<\/li>\n<li>Id\u00e9al pour les moniteurs portables personnels et les op\u00e9rations de lutte contre les incendies en hauteur<\/li>\n<li>Technologie anti-\u00e9clatement \u2013 garantit qu&#039;il n&#039;\u00e9clatera pas de mani\u00e8re catastrophique, m\u00eame avec un trou de 1\/2&quot; de diam\u00e8tre \u00e0 travers la gaine et la doublure.<\/li>\n<li>D\u00e9passe les normes \u2013 Hi-Combat est fabriqu\u00e9 pour respecter ou d\u00e9passer la norme NFPA 1961.<\/li>\n<li>Rev\u00eatement r\u00e9sistant aux produits chimiques \u2013 Prot\u00e8ge de l\u2019exposition \u00e0 l\u2019eau et de la contamination par la plupart des substances chimiques, hydrocarbures, huiles et graisses.<\/li>\n<li>Plage de temp\u00e9rature -36\u00b0F \u00e0 158\u00b0F (-37\u00b0C \u00e0 70\u00b0C)<\/li>\n<li>ULC \u2013 Disponible en 1-3\/4\u201d et 2-1\/2\u201d.<\/li>\n<\/ul>\n<p><a href=\"https:\/\/puck.com\/wp-content\/uploads\/2024\/01\/hi-combat-Updated-1.9.24.pdf\">Fiche technique<\/a><\/p>\n<p><a href=\"https:\/\/puck.com\/wp-content\/uploads\/2024\/01\/19-BHC-0186_CA-Brochure-Updated-1.9.24-1.pdf\">Brochure de produit<\/a><\/p>\n<p>&nbsp;<\/p>\n<p style=\"text-align: center;\"><iframe class=\"youtube-video\" title=\"lecteur vid\u00e9o YouTube\" src=\"https:\/\/www.youtube.com\/embed\/znS3d0zHnCo?si=IbtDfK83zGA-gFo6\" frameborder=\"0\" allowfullscreen=\"allowfullscreen\"><\/iframe><\/p>","protected":false},"excerpt":{"rendered":"<p>Tuyau de lutte contre l&#039;incendie de ligne d&#039;attaque agressive<\/p>","protected":false},"featured_media":28541,"template":"","meta":[],"product_brand":[381],"product_cat":[44,65],"product_tag":[382],"class_list":{"0":"post-28540","1":"product","2":"type-product","3":"status-publish","4":"has-post-thumbnail","6":"product_brand-bulldog-hose","7":"product_cat-fire-suppression","8":"product_cat-hose","9":"product_tag-bulldog-hose","11":"first","12":"instock","13":"shipping-taxable","14":"product-type-simple"},"yoast_head":"<!-- This site is optimized with the Yoast SEO plugin v27.5 - https:\/\/yoast.com\/product\/yoast-seo-wordpress\/ -->\n<title>Hi-Combat - Safety Source Fire<\/title>\n<meta name=\"robots\" content=\"index, follow, max-snippet:-1, max-image-preview:large, max-video-preview:-1\" \/>\n<link rel=\"canonical\" href=\"https:\/\/safetysourcefire.ca\/fr\/produit\/hi-combat\/\" \/>\n<meta property=\"og:locale\" content=\"fr_CA\" \/>\n<meta property=\"og:type\" content=\"article\" \/>\n<meta property=\"og:title\" content=\"Hi-Combat - Safety Source Fire\" \/>\n<meta property=\"og:description\" content=\"Aggressive Attack Line Firefighting Hose\" \/>\n<meta property=\"og:url\" content=\"https:\/\/safetysourcefire.ca\/fr\/produit\/hi-combat\/\" \/>\n<meta property=\"og:site_name\" content=\"Safety Source Fire\" \/>\n<meta property=\"article:publisher\" content=\"https:\/\/www.facebook.com\/mmfssca\" \/>\n<meta property=\"article:modified_time\" content=\"2025-03-14T14:28:29+00:00\" \/>\n<meta property=\"og:image\" content=\"https:\/\/safetysourcefire.ca\/wp-content\/uploads\/2024\/01\/HI-COMBAT-II-COLORS-clip_nowhite-Updated-1.9.jpg\" \/>\n\t<meta property=\"og:image:width\" content=\"600\" \/>\n\t<meta property=\"og:image:height\" content=\"600\" \/>\n\t<meta property=\"og:image:type\" content=\"image\/jpeg\" \/>\n<meta name=\"twitter:card\" content=\"summary_large_image\" \/>\n<meta name=\"twitter:site\" content=\"@mmfssca\" \/>\n<meta name=\"twitter:label1\" content=\"Estimation du temps de lecture\" \/>\n\t<meta name=\"twitter:data1\" content=\"2 minutes\" \/>\n<script type=\"application\/ld+json\" class=\"yoast-schema-graph\">{\"@context\":\"https:\\\/\\\/schema.org\",\"@graph\":[{\"@type\":\"WebPage\",\"@id\":\"https:\\\/\\\/safetysourcefire.ca\\\/product\\\/hi-combat\\\/\",\"url\":\"https:\\\/\\\/safetysourcefire.ca\\\/product\\\/hi-combat\\\/\",\"name\":\"Hi-Combat - Safety Source Fire\",\"isPartOf\":{\"@id\":\"https:\\\/\\\/safetysourcefire.ca\\\/#website\"},\"primaryImageOfPage\":{\"@id\":\"https:\\\/\\\/safetysourcefire.ca\\\/product\\\/hi-combat\\\/#primaryimage\"},\"image\":{\"@id\":\"https:\\\/\\\/safetysourcefire.ca\\\/product\\\/hi-combat\\\/#primaryimage\"},\"thumbnailUrl\":\"https:\\\/\\\/safetysourcefire.ca\\\/wp-content\\\/uploads\\\/2024\\\/01\\\/HI-COMBAT-II-COLORS-clip_nowhite-Updated-1.9.jpg\",\"datePublished\":\"2024-01-30T19:38:17+00:00\",\"dateModified\":\"2025-03-14T14:28:29+00:00\",\"breadcrumb\":{\"@id\":\"https:\\\/\\\/safetysourcefire.ca\\\/product\\\/hi-combat\\\/#breadcrumb\"},\"inLanguage\":\"fr-CA\",\"potentialAction\":[{\"@type\":\"ReadAction\",\"target\":[\"https:\\\/\\\/safetysourcefire.ca\\\/product\\\/hi-combat\\\/\"]}]},{\"@type\":\"ImageObject\",\"inLanguage\":\"fr-CA\",\"@id\":\"https:\\\/\\\/safetysourcefire.ca\\\/product\\\/hi-combat\\\/#primaryimage\",\"url\":\"https:\\\/\\\/safetysourcefire.ca\\\/wp-content\\\/uploads\\\/2024\\\/01\\\/HI-COMBAT-II-COLORS-clip_nowhite-Updated-1.9.jpg\",\"contentUrl\":\"https:\\\/\\\/safetysourcefire.ca\\\/wp-content\\\/uploads\\\/2024\\\/01\\\/HI-COMBAT-II-COLORS-clip_nowhite-Updated-1.9.jpg\",\"width\":600,\"height\":600,\"caption\":\"hose\"},{\"@type\":\"BreadcrumbList\",\"@id\":\"https:\\\/\\\/safetysourcefire.ca\\\/product\\\/hi-combat\\\/#breadcrumb\",\"itemListElement\":[{\"@type\":\"ListItem\",\"position\":1,\"name\":\"Home\",\"item\":\"https:\\\/\\\/safetysourcefire.ca\\\/\"},{\"@type\":\"ListItem\",\"position\":2,\"name\":\"Products\",\"item\":\"https:\\\/\\\/safetysourcefire.ca\\\/shop\\\/\"},{\"@type\":\"ListItem\",\"position\":3,\"name\":\"Hi-Combat\"}]},{\"@type\":\"WebSite\",\"@id\":\"https:\\\/\\\/safetysourcefire.ca\\\/#website\",\"url\":\"https:\\\/\\\/safetysourcefire.ca\\\/\",\"name\":\"Safety Source Fire\",\"description\":\"\",\"publisher\":{\"@id\":\"https:\\\/\\\/safetysourcefire.ca\\\/#organization\"},\"potentialAction\":[{\"@type\":\"SearchAction\",\"target\":{\"@type\":\"EntryPoint\",\"urlTemplate\":\"https:\\\/\\\/safetysourcefire.ca\\\/?s={search_term_string}\"},\"query-input\":{\"@type\":\"PropertyValueSpecification\",\"valueRequired\":true,\"valueName\":\"search_term_string\"}}],\"inLanguage\":\"fr-CA\"},{\"@type\":\"Organization\",\"@id\":\"https:\\\/\\\/safetysourcefire.ca\\\/#organization\",\"name\":\"Safety Source Fire\",\"url\":\"https:\\\/\\\/safetysourcefire.ca\\\/\",\"logo\":{\"@type\":\"ImageObject\",\"inLanguage\":\"fr-CA\",\"@id\":\"https:\\\/\\\/safetysourcefire.ca\\\/#\\\/schema\\\/logo\\\/image\\\/\",\"url\":\"https:\\\/\\\/safetysourcefire.ca\\\/wp-content\\\/uploads\\\/2021\\\/01\\\/SSF_logo_CC0000-3.png\",\"contentUrl\":\"https:\\\/\\\/safetysourcefire.ca\\\/wp-content\\\/uploads\\\/2021\\\/01\\\/SSF_logo_CC0000-3.png\",\"width\":1107,\"height\":365,\"caption\":\"Safety Source Fire\"},\"image\":{\"@id\":\"https:\\\/\\\/safetysourcefire.ca\\\/#\\\/schema\\\/logo\\\/image\\\/\"},\"sameAs\":[\"https:\\\/\\\/www.facebook.com\\\/mmfssca\",\"https:\\\/\\\/x.com\\\/mmfssca\"]}]}<\/script>\n<!-- \/ Yoast SEO plugin. -->","yoast_head_json":{"title":"Hi-Combat - Source de s\u00e9curit\u00e9 incendie","robots":{"index":"index","follow":"follow","max-snippet":"max-snippet:-1","max-image-preview":"max-image-preview:large","max-video-preview":"max-video-preview:-1"},"canonical":"https:\/\/safetysourcefire.ca\/fr\/produit\/hi-combat\/","og_locale":"fr_CA","og_type":"article","og_title":"Hi-Combat - Safety Source Fire","og_description":"Aggressive Attack Line Firefighting Hose","og_url":"https:\/\/safetysourcefire.ca\/fr\/produit\/hi-combat\/","og_site_name":"Safety Source Fire","article_publisher":"https:\/\/www.facebook.com\/mmfssca","article_modified_time":"2025-03-14T14:28:29+00:00","og_image":[{"width":600,"height":600,"url":"https:\/\/safetysourcefire.ca\/wp-content\/uploads\/2024\/01\/HI-COMBAT-II-COLORS-clip_nowhite-Updated-1.9.jpg","type":"image\/jpeg"}],"twitter_card":"summary_large_image","twitter_site":"@mmfssca","twitter_misc":{"Estimation du temps de lecture":"2 minutes"},"schema":{"@context":"https:\/\/schema.org","@graph":[{"@type":"WebPage","@id":"https:\/\/safetysourcefire.ca\/product\/hi-combat\/","url":"https:\/\/safetysourcefire.ca\/product\/hi-combat\/","name":"Hi-Combat - Source de s\u00e9curit\u00e9 incendie","isPartOf":{"@id":"https:\/\/safetysourcefire.ca\/#website"},"primaryImageOfPage":{"@id":"https:\/\/safetysourcefire.ca\/product\/hi-combat\/#primaryimage"},"image":{"@id":"https:\/\/safetysourcefire.ca\/product\/hi-combat\/#primaryimage"},"thumbnailUrl":"https:\/\/safetysourcefire.ca\/wp-content\/uploads\/2024\/01\/HI-COMBAT-II-COLORS-clip_nowhite-Updated-1.9.jpg","datePublished":"2024-01-30T19:38:17+00:00","dateModified":"2025-03-14T14:28:29+00:00","breadcrumb":{"@id":"https:\/\/safetysourcefire.ca\/product\/hi-combat\/#breadcrumb"},"inLanguage":"fr-CA","potentialAction":[{"@type":"ReadAction","target":["https:\/\/safetysourcefire.ca\/product\/hi-combat\/"]}]},{"@type":"ImageObject","inLanguage":"fr-CA","@id":"https:\/\/safetysourcefire.ca\/product\/hi-combat\/#primaryimage","url":"https:\/\/safetysourcefire.ca\/wp-content\/uploads\/2024\/01\/HI-COMBAT-II-COLORS-clip_nowhite-Updated-1.9.jpg","contentUrl":"https:\/\/safetysourcefire.ca\/wp-content\/uploads\/2024\/01\/HI-COMBAT-II-COLORS-clip_nowhite-Updated-1.9.jpg","width":600,"height":600,"caption":"hose"},{"@type":"BreadcrumbList","@id":"https:\/\/safetysourcefire.ca\/product\/hi-combat\/#breadcrumb","itemListElement":[{"@type":"ListItem","position":1,"name":"Home","item":"https:\/\/safetysourcefire.ca\/"},{"@type":"ListItem","position":2,"name":"Products","item":"https:\/\/safetysourcefire.ca\/shop\/"},{"@type":"ListItem","position":3,"name":"Hi-Combat"}]},{"@type":"WebSite","@id":"https:\/\/safetysourcefire.ca\/#website","url":"https:\/\/safetysourcefire.ca\/","name":"Safety Source Fire","description":"","publisher":{"@id":"https:\/\/safetysourcefire.ca\/#organization"},"potentialAction":[{"@type":"SearchAction","target":{"@type":"EntryPoint","urlTemplate":"https:\/\/safetysourcefire.ca\/?s={search_term_string}"},"query-input":{"@type":"PropertyValueSpecification","valueRequired":true,"valueName":"search_term_string"}}],"inLanguage":"fr-CA"},{"@type":"Organization","@id":"https:\/\/safetysourcefire.ca\/#organization","name":"Safety Source Fire","url":"https:\/\/safetysourcefire.ca\/","logo":{"@type":"ImageObject","inLanguage":"fr-CA","@id":"https:\/\/safetysourcefire.ca\/#\/schema\/logo\/image\/","url":"https:\/\/safetysourcefire.ca\/wp-content\/uploads\/2021\/01\/SSF_logo_CC0000-3.png","contentUrl":"https:\/\/safetysourcefire.ca\/wp-content\/uploads\/2021\/01\/SSF_logo_CC0000-3.png","width":1107,"height":365,"caption":"Safety Source Fire"},"image":{"@id":"https:\/\/safetysourcefire.ca\/#\/schema\/logo\/image\/"},"sameAs":["https:\/\/www.facebook.com\/mmfssca","https:\/\/x.com\/mmfssca"]}]}},"_links":{"self":[{"href":"https:\/\/safetysourcefire.ca\/fr\/wp-json\/wp\/v2\/product\/28540","targetHints":{"allow":["GET"]}}],"collection":[{"href":"https:\/\/safetysourcefire.ca\/fr\/wp-json\/wp\/v2\/product"}],"about":[{"href":"https:\/\/safetysourcefire.ca\/fr\/wp-json\/wp\/v2\/types\/product"}],"wp:featuredmedia":[{"embeddable":true,"href":"https:\/\/safetysourcefire.ca\/fr\/wp-json\/wp\/v2\/media\/28541"}],"wp:attachment":[{"href":"https:\/\/safetysourcefire.ca\/fr\/wp-json\/wp\/v2\/media?parent=28540"}],"wp:term":[{"taxonomy":"product_brand","embeddable":true,"href":"https:\/\/safetysourcefire.ca\/fr\/wp-json\/wp\/v2\/product_brand?post=28540"},{"taxonomy":"product_cat","embeddable":true,"href":"https:\/\/safetysourcefire.ca\/fr\/wp-json\/wp\/v2\/product_cat?post=28540"},{"taxonomy":"product_tag","embeddable":true,"href":"https:\/\/safetysourcefire.ca\/fr\/wp-json\/wp\/v2\/product_tag?post=28540"}],"curies":[{"name":"wp","href":"https:\/\/api.w.org\/{rel}","templated":true}]}}