{"id":29062,"date":"2024-08-01T02:28:22","date_gmt":"2024-08-01T02:28:22","guid":{"rendered":"https:\/\/safetysourcefire.ca\/?post_type=product&#038;p=29062"},"modified":"2024-08-01T03:03:16","modified_gmt":"2024-08-01T03:03:16","slug":"high-expansion-foam","status":"publish","type":"product","link":"https:\/\/safetysourcefire.ca\/fr\/produit\/high-expansion-foam\/","title":{"rendered":"Mousse \u00e0 Haut Foisonnement\u00ae"},"content":{"rendered":"<p>Haute Expansion \u00ae1-1\/2%<br \/>\nHI EX\u00ae2%<\/p>\n<ul>\n<li>Structure de bulles uniforme, stable et durable<\/li>\n<li>Convient pour une utilisation avec de l&#039;eau douce ou de la mer<\/li>\n<li>Compatible avec les \u00e9quipements de dosage standards<\/li>\n<li>Excellentes capacit\u00e9s de mouillage et de p\u00e9n\u00e9tration lorsqu\u2019il est utilis\u00e9 pour lutter contre les incendies de classe A<\/li>\n<li>Convient pour une utilisation avec des agents extincteurs \u00e0 poudre s\u00e8che compatibles avec la mousse<\/li>\n<\/ul>\n<p>Les \u00e9mulseurs National Foam \u00e0 haut foisonnement sont des \u00e9mulseurs synth\u00e9tiques de qualit\u00e9 sup\u00e9rieure pour \u00e9teindre les incendies o\u00f9 une application d&#039;inondation totale est souhait\u00e9e. La mousse g\u00e9n\u00e9r\u00e9e \u00e0 partir d\u2019\u00e9mulseurs \u00e0 haut foisonnement a un effet d\u2019extinction de deux mani\u00e8res\u00a0: l&#039;inondation totale de la zone concern\u00e9e limite la quantit\u00e9 d&#039;oxyg\u00e8ne n\u00e9cessaire pour entretenir une combustion libre et la mousse fournit une lib\u00e9ration lente et continue de solution moussante pour le refroidissement et la p\u00e9n\u00e9tration.<\/p>\n<p>Les \u00e9mulseurs \u00e0 haut foisonnement sont des agents moussants \u00e0 faible \u00e9nergie con\u00e7us pour \u00eatre utilis\u00e9s avec les g\u00e9n\u00e9rateurs de mousse \u00e0 haut foisonnement correspondants. La mousse \u00e0 haut foisonnement convient \u00e0 la lutte contre les incendies dans les b\u00e2timents, les zones de traitement, les entrep\u00f4ts et les syst\u00e8mes de hangars d&#039;avions. Les syst\u00e8mes de mousse \u00e0 haut foisonnement peuvent \u00eatre utilis\u00e9s pour prot\u00e9ger les zones de stockage de GNL en recouvrant rapidement la surface du liquide inflammable et en aidant \u00e0 contr\u00f4ler la lib\u00e9ration de vapeur.<\/p>\n<p>Respectueux de l&#039;environnement, HI-EX 2% est la prochaine g\u00e9n\u00e9ration d&#039;\u00e9mulseurs \u00e0 haut foisonnement et est approuv\u00e9 par les Underwriters Laboratories.<\/p>\n<p>T\u00e9l\u00e9charger les fiches techniques (pdf) :<\/p>\n<ul>\n<li><a href=\"https:\/\/nationalfoam.com\/wp-content\/uploads\/sites\/4\/NFC720-High-Expansion-1%C2%BD.pdf\">Haute expansion 1-1\/2%<\/a><\/li>\n<li><a href=\"https:\/\/nationalfoam.com\/wp-content\/uploads\/sites\/4\/NFC722-High-Expansion-2.pdf\">HI-EX2%<\/a><\/li>\n<\/ul>","protected":false},"excerpt":{"rendered":"<p>Les \u00e9mulseurs National Foam \u00e0 haut foisonnement sont des \u00e9mulseurs synth\u00e9tiques de qualit\u00e9 sup\u00e9rieure pour \u00e9teindre les incendies o\u00f9 une application d&#039;inondation totale est souhait\u00e9e.<\/p>","protected":false},"featured_media":29055,"template":"","meta":[],"product_brand":[630],"product_cat":[44,63],"product_tag":[631],"class_list":{"0":"post-29062","1":"product","2":"type-product","3":"status-publish","4":"has-post-thumbnail","6":"product_brand-national-foam","7":"product_cat-fire-suppression","8":"product_cat-foam","9":"product_tag-national-foam","11":"first","12":"instock","13":"shipping-taxable","14":"product-type-simple"},"yoast_head":"<!-- This site is optimized with the Yoast SEO plugin v27.4 - https:\/\/yoast.com\/product\/yoast-seo-wordpress\/ -->\n<title>High Expansion\u00ae Foam - Safety Source Fire<\/title>\n<meta name=\"robots\" content=\"index, follow, max-snippet:-1, max-image-preview:large, max-video-preview:-1\" \/>\n<link rel=\"canonical\" href=\"https:\/\/safetysourcefire.ca\/fr\/produit\/high-expansion-foam\/\" \/>\n<meta property=\"og:locale\" content=\"fr_CA\" \/>\n<meta property=\"og:type\" content=\"article\" \/>\n<meta property=\"og:title\" content=\"High Expansion\u00ae Foam - Safety Source Fire\" \/>\n<meta property=\"og:description\" content=\"National Foam High Expansion foam concentrates are superior quality synthetic foam concentrates for extinguishing fires where total flooding application is desired.\" \/>\n<meta property=\"og:url\" content=\"https:\/\/safetysourcefire.ca\/fr\/produit\/high-expansion-foam\/\" \/>\n<meta property=\"og:site_name\" content=\"Safety Source Fire\" \/>\n<meta property=\"article:publisher\" content=\"https:\/\/www.facebook.com\/mmfssca\" \/>\n<meta property=\"article:modified_time\" content=\"2024-08-01T03:03:16+00:00\" \/>\n<meta property=\"og:image\" content=\"https:\/\/safetysourcefire.ca\/wp-content\/uploads\/2024\/08\/Hi-Ex-Banner.jpg\" \/>\n\t<meta property=\"og:image:width\" content=\"600\" \/>\n\t<meta property=\"og:image:height\" content=\"600\" \/>\n\t<meta property=\"og:image:type\" content=\"image\/jpeg\" \/>\n<meta name=\"twitter:card\" content=\"summary_large_image\" \/>\n<meta name=\"twitter:site\" content=\"@mmfssca\" \/>\n<meta name=\"twitter:label1\" content=\"Estimation du temps de lecture\" \/>\n\t<meta name=\"twitter:data1\" content=\"2 minutes\" \/>\n<script type=\"application\/ld+json\" class=\"yoast-schema-graph\">{\"@context\":\"https:\\\/\\\/schema.org\",\"@graph\":[{\"@type\":\"WebPage\",\"@id\":\"https:\\\/\\\/safetysourcefire.ca\\\/product\\\/high-expansion-foam\\\/\",\"url\":\"https:\\\/\\\/safetysourcefire.ca\\\/product\\\/high-expansion-foam\\\/\",\"name\":\"High Expansion\u00ae Foam - Safety Source Fire\",\"isPartOf\":{\"@id\":\"https:\\\/\\\/safetysourcefire.ca\\\/#website\"},\"primaryImageOfPage\":{\"@id\":\"https:\\\/\\\/safetysourcefire.ca\\\/product\\\/high-expansion-foam\\\/#primaryimage\"},\"image\":{\"@id\":\"https:\\\/\\\/safetysourcefire.ca\\\/product\\\/high-expansion-foam\\\/#primaryimage\"},\"thumbnailUrl\":\"https:\\\/\\\/safetysourcefire.ca\\\/wp-content\\\/uploads\\\/2024\\\/08\\\/Hi-Ex-Banner.jpg\",\"datePublished\":\"2024-08-01T02:28:22+00:00\",\"dateModified\":\"2024-08-01T03:03:16+00:00\",\"breadcrumb\":{\"@id\":\"https:\\\/\\\/safetysourcefire.ca\\\/product\\\/high-expansion-foam\\\/#breadcrumb\"},\"inLanguage\":\"fr-CA\",\"potentialAction\":[{\"@type\":\"ReadAction\",\"target\":[\"https:\\\/\\\/safetysourcefire.ca\\\/product\\\/high-expansion-foam\\\/\"]}]},{\"@type\":\"ImageObject\",\"inLanguage\":\"fr-CA\",\"@id\":\"https:\\\/\\\/safetysourcefire.ca\\\/product\\\/high-expansion-foam\\\/#primaryimage\",\"url\":\"https:\\\/\\\/safetysourcefire.ca\\\/wp-content\\\/uploads\\\/2024\\\/08\\\/Hi-Ex-Banner.jpg\",\"contentUrl\":\"https:\\\/\\\/safetysourcefire.ca\\\/wp-content\\\/uploads\\\/2024\\\/08\\\/Hi-Ex-Banner.jpg\",\"width\":600,\"height\":600,\"caption\":\"High Expansion foam\"},{\"@type\":\"BreadcrumbList\",\"@id\":\"https:\\\/\\\/safetysourcefire.ca\\\/product\\\/high-expansion-foam\\\/#breadcrumb\",\"itemListElement\":[{\"@type\":\"ListItem\",\"position\":1,\"name\":\"Home\",\"item\":\"https:\\\/\\\/safetysourcefire.ca\\\/\"},{\"@type\":\"ListItem\",\"position\":2,\"name\":\"Products\",\"item\":\"https:\\\/\\\/safetysourcefire.ca\\\/shop\\\/\"},{\"@type\":\"ListItem\",\"position\":3,\"name\":\"High Expansion\u00ae Foam\"}]},{\"@type\":\"WebSite\",\"@id\":\"https:\\\/\\\/safetysourcefire.ca\\\/#website\",\"url\":\"https:\\\/\\\/safetysourcefire.ca\\\/\",\"name\":\"Safety Source Fire\",\"description\":\"\",\"publisher\":{\"@id\":\"https:\\\/\\\/safetysourcefire.ca\\\/#organization\"},\"potentialAction\":[{\"@type\":\"SearchAction\",\"target\":{\"@type\":\"EntryPoint\",\"urlTemplate\":\"https:\\\/\\\/safetysourcefire.ca\\\/?s={search_term_string}\"},\"query-input\":{\"@type\":\"PropertyValueSpecification\",\"valueRequired\":true,\"valueName\":\"search_term_string\"}}],\"inLanguage\":\"fr-CA\"},{\"@type\":\"Organization\",\"@id\":\"https:\\\/\\\/safetysourcefire.ca\\\/#organization\",\"name\":\"Safety Source Fire\",\"url\":\"https:\\\/\\\/safetysourcefire.ca\\\/\",\"logo\":{\"@type\":\"ImageObject\",\"inLanguage\":\"fr-CA\",\"@id\":\"https:\\\/\\\/safetysourcefire.ca\\\/#\\\/schema\\\/logo\\\/image\\\/\",\"url\":\"https:\\\/\\\/safetysourcefire.ca\\\/wp-content\\\/uploads\\\/2021\\\/01\\\/SSF_logo_CC0000-3.png\",\"contentUrl\":\"https:\\\/\\\/safetysourcefire.ca\\\/wp-content\\\/uploads\\\/2021\\\/01\\\/SSF_logo_CC0000-3.png\",\"width\":1107,\"height\":365,\"caption\":\"Safety Source Fire\"},\"image\":{\"@id\":\"https:\\\/\\\/safetysourcefire.ca\\\/#\\\/schema\\\/logo\\\/image\\\/\"},\"sameAs\":[\"https:\\\/\\\/www.facebook.com\\\/mmfssca\",\"https:\\\/\\\/x.com\\\/mmfssca\"]}]}<\/script>\n<!-- \/ Yoast SEO plugin. -->","yoast_head_json":{"title":"Mousse \u00e0 haut foisonnement\u00ae - S\u00e9curit\u00e9 incendie","robots":{"index":"index","follow":"follow","max-snippet":"max-snippet:-1","max-image-preview":"max-image-preview:large","max-video-preview":"max-video-preview:-1"},"canonical":"https:\/\/safetysourcefire.ca\/fr\/produit\/high-expansion-foam\/","og_locale":"fr_CA","og_type":"article","og_title":"High Expansion\u00ae Foam - Safety Source Fire","og_description":"National Foam High Expansion foam concentrates are superior quality synthetic foam concentrates for extinguishing fires where total flooding application is desired.","og_url":"https:\/\/safetysourcefire.ca\/fr\/produit\/high-expansion-foam\/","og_site_name":"Safety Source Fire","article_publisher":"https:\/\/www.facebook.com\/mmfssca","article_modified_time":"2024-08-01T03:03:16+00:00","og_image":[{"width":600,"height":600,"url":"https:\/\/safetysourcefire.ca\/wp-content\/uploads\/2024\/08\/Hi-Ex-Banner.jpg","type":"image\/jpeg"}],"twitter_card":"summary_large_image","twitter_site":"@mmfssca","twitter_misc":{"Estimation du temps de lecture":"2 minutes"},"schema":{"@context":"https:\/\/schema.org","@graph":[{"@type":"WebPage","@id":"https:\/\/safetysourcefire.ca\/product\/high-expansion-foam\/","url":"https:\/\/safetysourcefire.ca\/product\/high-expansion-foam\/","name":"Mousse \u00e0 haut foisonnement\u00ae - S\u00e9curit\u00e9 incendie","isPartOf":{"@id":"https:\/\/safetysourcefire.ca\/#website"},"primaryImageOfPage":{"@id":"https:\/\/safetysourcefire.ca\/product\/high-expansion-foam\/#primaryimage"},"image":{"@id":"https:\/\/safetysourcefire.ca\/product\/high-expansion-foam\/#primaryimage"},"thumbnailUrl":"https:\/\/safetysourcefire.ca\/wp-content\/uploads\/2024\/08\/Hi-Ex-Banner.jpg","datePublished":"2024-08-01T02:28:22+00:00","dateModified":"2024-08-01T03:03:16+00:00","breadcrumb":{"@id":"https:\/\/safetysourcefire.ca\/product\/high-expansion-foam\/#breadcrumb"},"inLanguage":"fr-CA","potentialAction":[{"@type":"ReadAction","target":["https:\/\/safetysourcefire.ca\/product\/high-expansion-foam\/"]}]},{"@type":"ImageObject","inLanguage":"fr-CA","@id":"https:\/\/safetysourcefire.ca\/product\/high-expansion-foam\/#primaryimage","url":"https:\/\/safetysourcefire.ca\/wp-content\/uploads\/2024\/08\/Hi-Ex-Banner.jpg","contentUrl":"https:\/\/safetysourcefire.ca\/wp-content\/uploads\/2024\/08\/Hi-Ex-Banner.jpg","width":600,"height":600,"caption":"High Expansion foam"},{"@type":"BreadcrumbList","@id":"https:\/\/safetysourcefire.ca\/product\/high-expansion-foam\/#breadcrumb","itemListElement":[{"@type":"ListItem","position":1,"name":"Home","item":"https:\/\/safetysourcefire.ca\/"},{"@type":"ListItem","position":2,"name":"Products","item":"https:\/\/safetysourcefire.ca\/shop\/"},{"@type":"ListItem","position":3,"name":"High Expansion\u00ae Foam"}]},{"@type":"WebSite","@id":"https:\/\/safetysourcefire.ca\/#website","url":"https:\/\/safetysourcefire.ca\/","name":"Safety Source Fire","description":"","publisher":{"@id":"https:\/\/safetysourcefire.ca\/#organization"},"potentialAction":[{"@type":"SearchAction","target":{"@type":"EntryPoint","urlTemplate":"https:\/\/safetysourcefire.ca\/?s={search_term_string}"},"query-input":{"@type":"PropertyValueSpecification","valueRequired":true,"valueName":"search_term_string"}}],"inLanguage":"fr-CA"},{"@type":"Organization","@id":"https:\/\/safetysourcefire.ca\/#organization","name":"Safety Source Fire","url":"https:\/\/safetysourcefire.ca\/","logo":{"@type":"ImageObject","inLanguage":"fr-CA","@id":"https:\/\/safetysourcefire.ca\/#\/schema\/logo\/image\/","url":"https:\/\/safetysourcefire.ca\/wp-content\/uploads\/2021\/01\/SSF_logo_CC0000-3.png","contentUrl":"https:\/\/safetysourcefire.ca\/wp-content\/uploads\/2021\/01\/SSF_logo_CC0000-3.png","width":1107,"height":365,"caption":"Safety Source Fire"},"image":{"@id":"https:\/\/safetysourcefire.ca\/#\/schema\/logo\/image\/"},"sameAs":["https:\/\/www.facebook.com\/mmfssca","https:\/\/x.com\/mmfssca"]}]}},"_links":{"self":[{"href":"https:\/\/safetysourcefire.ca\/fr\/wp-json\/wp\/v2\/product\/29062","targetHints":{"allow":["GET"]}}],"collection":[{"href":"https:\/\/safetysourcefire.ca\/fr\/wp-json\/wp\/v2\/product"}],"about":[{"href":"https:\/\/safetysourcefire.ca\/fr\/wp-json\/wp\/v2\/types\/product"}],"wp:featuredmedia":[{"embeddable":true,"href":"https:\/\/safetysourcefire.ca\/fr\/wp-json\/wp\/v2\/media\/29055"}],"wp:attachment":[{"href":"https:\/\/safetysourcefire.ca\/fr\/wp-json\/wp\/v2\/media?parent=29062"}],"wp:term":[{"taxonomy":"product_brand","embeddable":true,"href":"https:\/\/safetysourcefire.ca\/fr\/wp-json\/wp\/v2\/product_brand?post=29062"},{"taxonomy":"product_cat","embeddable":true,"href":"https:\/\/safetysourcefire.ca\/fr\/wp-json\/wp\/v2\/product_cat?post=29062"},{"taxonomy":"product_tag","embeddable":true,"href":"https:\/\/safetysourcefire.ca\/fr\/wp-json\/wp\/v2\/product_tag?post=29062"}],"curies":[{"name":"wp","href":"https:\/\/api.w.org\/{rel}","templated":true}]}}