{"id":2912,"date":"2017-06-14T17:20:14","date_gmt":"2017-06-14T17:20:14","guid":{"rendered":"http:\/\/mmfss.ca\/?post_type=product&#038;p=2912"},"modified":"2026-03-23T14:11:09","modified_gmt":"2026-03-23T14:11:09","slug":"b2x-23-hp-portable","status":"publish","type":"product","link":"https:\/\/safetysourcefire.ca\/fr\/produit\/b2x-23-hp-portable\/","title":{"rendered":"Pompe B2X de milieu de gamme"},"content":{"rendered":"<p>Les diff\u00e9rents mod\u00e8les sont \u00e9quip\u00e9s, au choix, d&#039;un moteur Briggs &amp; Stratton Vanguard ou Honda 4 temps. Alliant pression et d\u00e9bit, la pompe B2X est id\u00e9ale pour les interventions sur deux lignes d&#039;attaque, le transfert d&#039;eau \u00e0 distance et la protection des structures. Elle offre les meilleures performances de sa cat\u00e9gorie pour un co\u00fbt d&#039;exploitation minimal. Contrairement aux autres pompes, la B2X utilise un syst\u00e8me d&#039;entra\u00eenement par courroie n\u00e9cessitant peu d&#039;entretien, garantissant un fonctionnement efficace et fiable.<\/p>\n<p>Cet appareil est disponible en diff\u00e9rentes configurations\u00a0:<\/p>\n<ul>\n<li>Portable<\/li>\n<li>mont\u00e9 sur v\u00e9hicule<\/li>\n<li>Orientations d&#039;entra\u00eenement horizontales et verticales<\/li>\n<li>panneau de commande mont\u00e9 sur le moteur<\/li>\n<li>R\u00e9servoir \u00e0 carburant<\/li>\n<li>Amorce d&#039;\u00e9chappement<\/li>\n<\/ul>\n<p>Applications<\/p>\n<ul>\n<li>Op\u00e9rations d&#039;interface sur les feux de for\u00eat<\/li>\n<li>Applications mont\u00e9es sur v\u00e9hicule<\/li>\n<li>Camions de broussailles<\/li>\n<li>unit\u00e9s d&#039;attaque initiales<\/li>\n<li>Unit\u00e9s \u00e0 enfiler<\/li>\n<li>Protection des structures<\/li>\n<li>Transfert d&#039;eau<\/li>\n<li>pompe \u00e0 incendie pour bateau<\/li>\n<li>Lignes d&#039;attaque simultan\u00e9es<\/li>\n<\/ul>\n<p>Caract\u00e9ristiques et avantages<\/p>\n<ul>\n<li>Collier de serrage \u00e0 d\u00e9gagement rapide et extr\u00e9mit\u00e9 de pompe d\u00e9tachable pour faciliter la maintenance et minimiser les temps d&#039;arr\u00eat de l&#039;\u00e9quipement.<\/li>\n<li>Joint rotatif m\u00e9canique unique r\u00e9sistant aux bulles pour prolonger la dur\u00e9e de vie de l&#039;extr\u00e9mit\u00e9 de la pompe<\/li>\n<li>Roulement \u00e9tanche pour \u00e9liminer le graissage de l&#039;extr\u00e9mit\u00e9 de la pompe sur le terrain<\/li>\n<li>Ensemble d&#039;entra\u00eenement pour des performances fiables et n\u00e9cessitant peu d&#039;entretien<\/li>\n<li>Composants de pompe en alliage d&#039;aluminium et pi\u00e8ces anodis\u00e9es pour un poids plus l\u00e9ger et une meilleure r\u00e9sistance \u00e0 la corrosion<\/li>\n<li>C\u00e2ble Fastwire inclus sur toutes les unit\u00e9s mont\u00e9es sur v\u00e9hicule<\/li>\n<li>certifi\u00e9 EPA<\/li>\n<\/ul>\n<p><a href=\"https:\/\/waterax.imgix.net\/products\/documents\/b2x-one-pager.pdf\">Document B2X d&#039;une page<\/a><\/p>","protected":false},"excerpt":{"rendered":"<p>La pompe B2X est une pompe \u00e0 incendie de milieu de gamme, disponible en versions mont\u00e9es sur v\u00e9hicule et portables, d\u00e9di\u00e9e aux op\u00e9rations en zone p\u00e9riurbaine et urbaine.<\/p>","protected":false},"featured_media":30280,"template":"","meta":[],"product_brand":[185],"product_cat":[462,44,68,463],"product_tag":[358],"class_list":{"0":"post-2912","1":"product","2":"type-product","3":"status-publish","4":"has-post-thumbnail","6":"product_brand-waterax","7":"product_cat-emergency-preparedness","8":"product_cat-fire-suppression","9":"product_cat-portable-pumps","10":"product_cat-wildland-fire","11":"product_tag-waterax","13":"first","14":"instock","15":"shipping-taxable","16":"product-type-simple"},"yoast_head":"<!-- This site is optimized with the Yoast SEO plugin v27.4 - https:\/\/yoast.com\/product\/yoast-seo-wordpress\/ -->\n<title>B2X Mid-Range Pump - Safety Source Fire<\/title>\n<meta name=\"robots\" content=\"index, follow, max-snippet:-1, max-image-preview:large, max-video-preview:-1\" \/>\n<link rel=\"canonical\" href=\"https:\/\/safetysourcefire.ca\/fr\/produit\/b2x-23-hp-portable\/\" \/>\n<meta property=\"og:locale\" content=\"fr_CA\" \/>\n<meta property=\"og:type\" content=\"article\" \/>\n<meta property=\"og:title\" content=\"B2X Mid-Range Pump - Safety Source Fire\" \/>\n<meta property=\"og:description\" content=\"The B2X pump is a mid-range fire pump, available in vehicle-mounted and portable configurations, dedicated to wildland and urban interface operations.\" \/>\n<meta property=\"og:url\" content=\"https:\/\/safetysourcefire.ca\/fr\/produit\/b2x-23-hp-portable\/\" \/>\n<meta property=\"og:site_name\" content=\"Safety Source Fire\" \/>\n<meta property=\"article:publisher\" content=\"https:\/\/www.facebook.com\/mmfssca\" \/>\n<meta property=\"article:modified_time\" content=\"2026-03-23T14:11:09+00:00\" \/>\n<meta property=\"og:image\" content=\"https:\/\/safetysourcefire.ca\/wp-content\/uploads\/2017\/06\/B2X-23PC.jpg\" \/>\n\t<meta property=\"og:image:width\" content=\"600\" \/>\n\t<meta property=\"og:image:height\" content=\"600\" \/>\n\t<meta property=\"og:image:type\" content=\"image\/jpeg\" \/>\n<meta name=\"twitter:card\" content=\"summary_large_image\" \/>\n<meta name=\"twitter:site\" content=\"@mmfssca\" \/>\n<meta name=\"twitter:label1\" content=\"Estimation du temps de lecture\" \/>\n\t<meta name=\"twitter:data1\" content=\"1 minute\" \/>\n<script type=\"application\/ld+json\" class=\"yoast-schema-graph\">{\"@context\":\"https:\\\/\\\/schema.org\",\"@graph\":[{\"@type\":\"WebPage\",\"@id\":\"https:\\\/\\\/safetysourcefire.ca\\\/product\\\/b2x-23-hp-portable\\\/\",\"url\":\"https:\\\/\\\/safetysourcefire.ca\\\/product\\\/b2x-23-hp-portable\\\/\",\"name\":\"B2X Mid-Range Pump - Safety Source Fire\",\"isPartOf\":{\"@id\":\"https:\\\/\\\/safetysourcefire.ca\\\/#website\"},\"primaryImageOfPage\":{\"@id\":\"https:\\\/\\\/safetysourcefire.ca\\\/product\\\/b2x-23-hp-portable\\\/#primaryimage\"},\"image\":{\"@id\":\"https:\\\/\\\/safetysourcefire.ca\\\/product\\\/b2x-23-hp-portable\\\/#primaryimage\"},\"thumbnailUrl\":\"https:\\\/\\\/safetysourcefire.ca\\\/wp-content\\\/uploads\\\/2017\\\/06\\\/B2X-23PC.jpg\",\"datePublished\":\"2017-06-14T17:20:14+00:00\",\"dateModified\":\"2026-03-23T14:11:09+00:00\",\"breadcrumb\":{\"@id\":\"https:\\\/\\\/safetysourcefire.ca\\\/product\\\/b2x-23-hp-portable\\\/#breadcrumb\"},\"inLanguage\":\"fr-CA\",\"potentialAction\":[{\"@type\":\"ReadAction\",\"target\":[\"https:\\\/\\\/safetysourcefire.ca\\\/product\\\/b2x-23-hp-portable\\\/\"]}]},{\"@type\":\"ImageObject\",\"inLanguage\":\"fr-CA\",\"@id\":\"https:\\\/\\\/safetysourcefire.ca\\\/product\\\/b2x-23-hp-portable\\\/#primaryimage\",\"url\":\"https:\\\/\\\/safetysourcefire.ca\\\/wp-content\\\/uploads\\\/2017\\\/06\\\/B2X-23PC.jpg\",\"contentUrl\":\"https:\\\/\\\/safetysourcefire.ca\\\/wp-content\\\/uploads\\\/2017\\\/06\\\/B2X-23PC.jpg\",\"width\":600,\"height\":600,\"caption\":\"B2X pump\"},{\"@type\":\"BreadcrumbList\",\"@id\":\"https:\\\/\\\/safetysourcefire.ca\\\/product\\\/b2x-23-hp-portable\\\/#breadcrumb\",\"itemListElement\":[{\"@type\":\"ListItem\",\"position\":1,\"name\":\"Home\",\"item\":\"https:\\\/\\\/safetysourcefire.ca\\\/\"},{\"@type\":\"ListItem\",\"position\":2,\"name\":\"Products\",\"item\":\"https:\\\/\\\/safetysourcefire.ca\\\/shop\\\/\"},{\"@type\":\"ListItem\",\"position\":3,\"name\":\"B2X Mid-Range Pump\"}]},{\"@type\":\"WebSite\",\"@id\":\"https:\\\/\\\/safetysourcefire.ca\\\/#website\",\"url\":\"https:\\\/\\\/safetysourcefire.ca\\\/\",\"name\":\"Safety Source Fire\",\"description\":\"\",\"publisher\":{\"@id\":\"https:\\\/\\\/safetysourcefire.ca\\\/#organization\"},\"potentialAction\":[{\"@type\":\"SearchAction\",\"target\":{\"@type\":\"EntryPoint\",\"urlTemplate\":\"https:\\\/\\\/safetysourcefire.ca\\\/?s={search_term_string}\"},\"query-input\":{\"@type\":\"PropertyValueSpecification\",\"valueRequired\":true,\"valueName\":\"search_term_string\"}}],\"inLanguage\":\"fr-CA\"},{\"@type\":\"Organization\",\"@id\":\"https:\\\/\\\/safetysourcefire.ca\\\/#organization\",\"name\":\"Safety Source Fire\",\"url\":\"https:\\\/\\\/safetysourcefire.ca\\\/\",\"logo\":{\"@type\":\"ImageObject\",\"inLanguage\":\"fr-CA\",\"@id\":\"https:\\\/\\\/safetysourcefire.ca\\\/#\\\/schema\\\/logo\\\/image\\\/\",\"url\":\"https:\\\/\\\/safetysourcefire.ca\\\/wp-content\\\/uploads\\\/2021\\\/01\\\/SSF_logo_CC0000-3.png\",\"contentUrl\":\"https:\\\/\\\/safetysourcefire.ca\\\/wp-content\\\/uploads\\\/2021\\\/01\\\/SSF_logo_CC0000-3.png\",\"width\":1107,\"height\":365,\"caption\":\"Safety Source Fire\"},\"image\":{\"@id\":\"https:\\\/\\\/safetysourcefire.ca\\\/#\\\/schema\\\/logo\\\/image\\\/\"},\"sameAs\":[\"https:\\\/\\\/www.facebook.com\\\/mmfssca\",\"https:\\\/\\\/x.com\\\/mmfssca\"]}]}<\/script>\n<!-- \/ Yoast SEO plugin. -->","yoast_head_json":{"title":"B2X Mid-Range Pump - Safety Source Fire","robots":{"index":"index","follow":"follow","max-snippet":"max-snippet:-1","max-image-preview":"max-image-preview:large","max-video-preview":"max-video-preview:-1"},"canonical":"https:\/\/safetysourcefire.ca\/fr\/produit\/b2x-23-hp-portable\/","og_locale":"fr_CA","og_type":"article","og_title":"B2X Mid-Range Pump - Safety Source Fire","og_description":"The B2X pump is a mid-range fire pump, available in vehicle-mounted and portable configurations, dedicated to wildland and urban interface operations.","og_url":"https:\/\/safetysourcefire.ca\/fr\/produit\/b2x-23-hp-portable\/","og_site_name":"Safety Source Fire","article_publisher":"https:\/\/www.facebook.com\/mmfssca","article_modified_time":"2026-03-23T14:11:09+00:00","og_image":[{"width":600,"height":600,"url":"https:\/\/safetysourcefire.ca\/wp-content\/uploads\/2017\/06\/B2X-23PC.jpg","type":"image\/jpeg"}],"twitter_card":"summary_large_image","twitter_site":"@mmfssca","twitter_misc":{"Estimation du temps de lecture":"1 minute"},"schema":{"@context":"https:\/\/schema.org","@graph":[{"@type":"WebPage","@id":"https:\/\/safetysourcefire.ca\/product\/b2x-23-hp-portable\/","url":"https:\/\/safetysourcefire.ca\/product\/b2x-23-hp-portable\/","name":"B2X Mid-Range Pump - Safety Source Fire","isPartOf":{"@id":"https:\/\/safetysourcefire.ca\/#website"},"primaryImageOfPage":{"@id":"https:\/\/safetysourcefire.ca\/product\/b2x-23-hp-portable\/#primaryimage"},"image":{"@id":"https:\/\/safetysourcefire.ca\/product\/b2x-23-hp-portable\/#primaryimage"},"thumbnailUrl":"https:\/\/safetysourcefire.ca\/wp-content\/uploads\/2017\/06\/B2X-23PC.jpg","datePublished":"2017-06-14T17:20:14+00:00","dateModified":"2026-03-23T14:11:09+00:00","breadcrumb":{"@id":"https:\/\/safetysourcefire.ca\/product\/b2x-23-hp-portable\/#breadcrumb"},"inLanguage":"fr-CA","potentialAction":[{"@type":"ReadAction","target":["https:\/\/safetysourcefire.ca\/product\/b2x-23-hp-portable\/"]}]},{"@type":"ImageObject","inLanguage":"fr-CA","@id":"https:\/\/safetysourcefire.ca\/product\/b2x-23-hp-portable\/#primaryimage","url":"https:\/\/safetysourcefire.ca\/wp-content\/uploads\/2017\/06\/B2X-23PC.jpg","contentUrl":"https:\/\/safetysourcefire.ca\/wp-content\/uploads\/2017\/06\/B2X-23PC.jpg","width":600,"height":600,"caption":"B2X pump"},{"@type":"BreadcrumbList","@id":"https:\/\/safetysourcefire.ca\/product\/b2x-23-hp-portable\/#breadcrumb","itemListElement":[{"@type":"ListItem","position":1,"name":"Home","item":"https:\/\/safetysourcefire.ca\/"},{"@type":"ListItem","position":2,"name":"Products","item":"https:\/\/safetysourcefire.ca\/shop\/"},{"@type":"ListItem","position":3,"name":"B2X Mid-Range Pump"}]},{"@type":"WebSite","@id":"https:\/\/safetysourcefire.ca\/#website","url":"https:\/\/safetysourcefire.ca\/","name":"Safety Source Fire","description":"","publisher":{"@id":"https:\/\/safetysourcefire.ca\/#organization"},"potentialAction":[{"@type":"SearchAction","target":{"@type":"EntryPoint","urlTemplate":"https:\/\/safetysourcefire.ca\/?s={search_term_string}"},"query-input":{"@type":"PropertyValueSpecification","valueRequired":true,"valueName":"search_term_string"}}],"inLanguage":"fr-CA"},{"@type":"Organization","@id":"https:\/\/safetysourcefire.ca\/#organization","name":"Safety Source Fire","url":"https:\/\/safetysourcefire.ca\/","logo":{"@type":"ImageObject","inLanguage":"fr-CA","@id":"https:\/\/safetysourcefire.ca\/#\/schema\/logo\/image\/","url":"https:\/\/safetysourcefire.ca\/wp-content\/uploads\/2021\/01\/SSF_logo_CC0000-3.png","contentUrl":"https:\/\/safetysourcefire.ca\/wp-content\/uploads\/2021\/01\/SSF_logo_CC0000-3.png","width":1107,"height":365,"caption":"Safety Source Fire"},"image":{"@id":"https:\/\/safetysourcefire.ca\/#\/schema\/logo\/image\/"},"sameAs":["https:\/\/www.facebook.com\/mmfssca","https:\/\/x.com\/mmfssca"]}]}},"_links":{"self":[{"href":"https:\/\/safetysourcefire.ca\/fr\/wp-json\/wp\/v2\/product\/2912","targetHints":{"allow":["GET"]}}],"collection":[{"href":"https:\/\/safetysourcefire.ca\/fr\/wp-json\/wp\/v2\/product"}],"about":[{"href":"https:\/\/safetysourcefire.ca\/fr\/wp-json\/wp\/v2\/types\/product"}],"wp:featuredmedia":[{"embeddable":true,"href":"https:\/\/safetysourcefire.ca\/fr\/wp-json\/wp\/v2\/media\/30280"}],"wp:attachment":[{"href":"https:\/\/safetysourcefire.ca\/fr\/wp-json\/wp\/v2\/media?parent=2912"}],"wp:term":[{"taxonomy":"product_brand","embeddable":true,"href":"https:\/\/safetysourcefire.ca\/fr\/wp-json\/wp\/v2\/product_brand?post=2912"},{"taxonomy":"product_cat","embeddable":true,"href":"https:\/\/safetysourcefire.ca\/fr\/wp-json\/wp\/v2\/product_cat?post=2912"},{"taxonomy":"product_tag","embeddable":true,"href":"https:\/\/safetysourcefire.ca\/fr\/wp-json\/wp\/v2\/product_tag?post=2912"}],"curies":[{"name":"wp","href":"https:\/\/api.w.org\/{rel}","templated":true}]}}