{"id":29137,"date":"2024-08-27T19:13:17","date_gmt":"2024-08-27T19:13:17","guid":{"rendered":"https:\/\/safetysourcefire.ca\/?post_type=product&#038;p=29137"},"modified":"2024-08-27T19:36:08","modified_gmt":"2024-08-27T19:36:08","slug":"firewrap-sft","status":"publish","type":"product","link":"https:\/\/safetysourcefire.ca\/fr\/produit\/firewrap-sft\/","title":{"rendered":"Kit de poign\u00e9es FireWrap\u00ae SFT"},"content":{"rendered":"<p>Ce syst\u00e8me de poign\u00e9e ultra-r\u00e9sistant est parfait pour une vari\u00e9t\u00e9 d&#039;\u00e9quipements sportifs et d&#039;outils \u00e0 main plus petits. Ce kit peut couvrir suffisamment d&#039;adh\u00e9rence pour deux haches, plusieurs marteaux ou deux pi\u00e8ces d&#039;\u00e9quipement sportif, c&#039;est-\u00e0-dire un b\u00e2ton de hockey ou une batte de baseball.<\/p>\n<p>FireWrap\u00ae SFT est un syst\u00e8me de grip en caoutchouc renforc\u00e9 de fibres, absorbant les chocs et haute performance qui durera des ann\u00e9es plus longtemps que votre ruban de hockey standard ! Am\u00e9liorez votre adh\u00e9rence et arr\u00eatez de r\u00e9envelopper votre \u00e9quipement toute l&#039;ann\u00e9e !<\/p>\n<p>Faits en bref<\/p>\n<ul>\n<li>FireWrap\u00ae SFT n&#039;a pas besoin de couche de finition liquide adh\u00e9rente<\/li>\n<li>Ces produits ont pass\u00e9 avec succ\u00e8s le test de \u00ab gel\/d\u00e9gel \u00bb.<\/li>\n<li>Protection \u00e9lectrique \u2013 500v<\/li>\n<li>Sensation de caoutchouc souple<\/li>\n<li>Antid\u00e9rapant<\/li>\n<li>Amortisseur de chocs<\/li>\n<\/ul>\n<p>Les kits de poign\u00e9es FireWrap\u00ae SFT comprennent\u00a0:<\/p>\n<ul>\n<li>16 anneaux de la\u00e7age \u2013 8 grands, 8 petits<\/li>\n<li>2 rouleaux \u2013 ruban adh\u00e9sif en fibre 2\u2033 x 60\u2033<\/li>\n<li>gants en vinyle<\/li>\n<li>rouleau de compression<\/li>\n<\/ul>","protected":false},"excerpt":{"rendered":"<p>Le seul kit de poign\u00e9e con\u00e7u pour les pompiers avec un ruban en fibre ultra r\u00e9sistant et un syst\u00e8me d&#039;anneau de la\u00e7age personnalis\u00e9. D\u00e9sormais encore plus facile \u00e0 installer. Il suffit d&#039;enrouler, de mouiller et de compresser ! SFT forme une poign\u00e9e caoutchout\u00e9e souple sur les outils et les articles de sport.<\/p>","protected":false},"featured_media":29138,"template":"","meta":[],"product_brand":[553],"product_cat":[69,46,72],"product_tag":[554],"class_list":{"0":"post-29137","1":"product","2":"type-product","3":"status-publish","4":"has-post-thumbnail","6":"product_brand-fire-maul","7":"product_cat-axes","8":"product_cat-hand-tools","9":"product_cat-miscellaneous-hand-tools","10":"product_tag-fire-maul","12":"first","13":"instock","14":"shipping-taxable","15":"product-type-simple"},"yoast_head":"<!-- This site is optimized with the Yoast SEO plugin v27.4 - https:\/\/yoast.com\/product\/yoast-seo-wordpress\/ -->\n<title>FireWrap\u00ae SFT Grip Kit - Safety Source Fire<\/title>\n<meta name=\"robots\" content=\"index, follow, max-snippet:-1, max-image-preview:large, max-video-preview:-1\" \/>\n<link rel=\"canonical\" href=\"https:\/\/safetysourcefire.ca\/fr\/?product=firewrap-sft\" \/>\n<meta property=\"og:locale\" content=\"fr_CA\" \/>\n<meta property=\"og:type\" content=\"article\" \/>\n<meta property=\"og:title\" content=\"FireWrap\u00ae SFT Grip Kit - Safety Source Fire\" \/>\n<meta property=\"og:description\" content=\"The only made-for-firefighter grip kit with ultra durable fiber tape and custom lacing ring system. Now even easier to install. Just wrap, wet, and compress! SFT forms a soft rubberized grip on both tools and sporting goods.\" \/>\n<meta property=\"og:url\" content=\"https:\/\/safetysourcefire.ca\/fr\/?product=firewrap-sft\" \/>\n<meta property=\"og:site_name\" content=\"Safety Source Fire\" \/>\n<meta property=\"article:publisher\" content=\"https:\/\/www.facebook.com\/mmfssca\" \/>\n<meta property=\"article:modified_time\" content=\"2024-08-27T19:36:08+00:00\" \/>\n<meta property=\"og:image\" content=\"https:\/\/safetysourcefire.ca\/wp-content\/uploads\/2024\/08\/FW-SFT-product3.jpg\" \/>\n\t<meta property=\"og:image:width\" content=\"600\" \/>\n\t<meta property=\"og:image:height\" content=\"600\" \/>\n\t<meta property=\"og:image:type\" content=\"image\/jpeg\" \/>\n<meta name=\"twitter:card\" content=\"summary_large_image\" \/>\n<meta name=\"twitter:site\" content=\"@mmfssca\" \/>\n<meta name=\"twitter:label1\" content=\"Estimation du temps de lecture\" \/>\n\t<meta name=\"twitter:data1\" content=\"1 minute\" \/>\n<script type=\"application\/ld+json\" class=\"yoast-schema-graph\">{\"@context\":\"https:\\\/\\\/schema.org\",\"@graph\":[{\"@type\":\"WebPage\",\"@id\":\"https:\\\/\\\/safetysourcefire.ca\\\/?product=firewrap-sft\",\"url\":\"https:\\\/\\\/safetysourcefire.ca\\\/?product=firewrap-sft\",\"name\":\"FireWrap\u00ae SFT Grip Kit - Safety Source Fire\",\"isPartOf\":{\"@id\":\"https:\\\/\\\/safetysourcefire.ca\\\/#website\"},\"primaryImageOfPage\":{\"@id\":\"https:\\\/\\\/safetysourcefire.ca\\\/?product=firewrap-sft#primaryimage\"},\"image\":{\"@id\":\"https:\\\/\\\/safetysourcefire.ca\\\/?product=firewrap-sft#primaryimage\"},\"thumbnailUrl\":\"https:\\\/\\\/safetysourcefire.ca\\\/wp-content\\\/uploads\\\/2024\\\/08\\\/FW-SFT-product3.jpg\",\"datePublished\":\"2024-08-27T19:13:17+00:00\",\"dateModified\":\"2024-08-27T19:36:08+00:00\",\"breadcrumb\":{\"@id\":\"https:\\\/\\\/safetysourcefire.ca\\\/?product=firewrap-sft#breadcrumb\"},\"inLanguage\":\"fr-CA\",\"potentialAction\":[{\"@type\":\"ReadAction\",\"target\":[\"https:\\\/\\\/safetysourcefire.ca\\\/?product=firewrap-sft\"]}]},{\"@type\":\"ImageObject\",\"inLanguage\":\"fr-CA\",\"@id\":\"https:\\\/\\\/safetysourcefire.ca\\\/?product=firewrap-sft#primaryimage\",\"url\":\"https:\\\/\\\/safetysourcefire.ca\\\/wp-content\\\/uploads\\\/2024\\\/08\\\/FW-SFT-product3.jpg\",\"contentUrl\":\"https:\\\/\\\/safetysourcefire.ca\\\/wp-content\\\/uploads\\\/2024\\\/08\\\/FW-SFT-product3.jpg\",\"width\":600,\"height\":600,\"caption\":\"FireWrap SFT\"},{\"@type\":\"BreadcrumbList\",\"@id\":\"https:\\\/\\\/safetysourcefire.ca\\\/?product=firewrap-sft#breadcrumb\",\"itemListElement\":[{\"@type\":\"ListItem\",\"position\":1,\"name\":\"Home\",\"item\":\"https:\\\/\\\/safetysourcefire.ca\\\/\"},{\"@type\":\"ListItem\",\"position\":2,\"name\":\"Products\",\"item\":\"https:\\\/\\\/safetysourcefire.ca\\\/shop\\\/\"},{\"@type\":\"ListItem\",\"position\":3,\"name\":\"FireWrap\u00ae SFT Grip Kit\"}]},{\"@type\":\"WebSite\",\"@id\":\"https:\\\/\\\/safetysourcefire.ca\\\/#website\",\"url\":\"https:\\\/\\\/safetysourcefire.ca\\\/\",\"name\":\"Safety Source Fire\",\"description\":\"\",\"publisher\":{\"@id\":\"https:\\\/\\\/safetysourcefire.ca\\\/#organization\"},\"potentialAction\":[{\"@type\":\"SearchAction\",\"target\":{\"@type\":\"EntryPoint\",\"urlTemplate\":\"https:\\\/\\\/safetysourcefire.ca\\\/?s={search_term_string}\"},\"query-input\":{\"@type\":\"PropertyValueSpecification\",\"valueRequired\":true,\"valueName\":\"search_term_string\"}}],\"inLanguage\":\"fr-CA\"},{\"@type\":\"Organization\",\"@id\":\"https:\\\/\\\/safetysourcefire.ca\\\/#organization\",\"name\":\"Safety Source Fire\",\"url\":\"https:\\\/\\\/safetysourcefire.ca\\\/\",\"logo\":{\"@type\":\"ImageObject\",\"inLanguage\":\"fr-CA\",\"@id\":\"https:\\\/\\\/safetysourcefire.ca\\\/#\\\/schema\\\/logo\\\/image\\\/\",\"url\":\"https:\\\/\\\/safetysourcefire.ca\\\/wp-content\\\/uploads\\\/2021\\\/01\\\/SSF_logo_CC0000-3.png\",\"contentUrl\":\"https:\\\/\\\/safetysourcefire.ca\\\/wp-content\\\/uploads\\\/2021\\\/01\\\/SSF_logo_CC0000-3.png\",\"width\":1107,\"height\":365,\"caption\":\"Safety Source Fire\"},\"image\":{\"@id\":\"https:\\\/\\\/safetysourcefire.ca\\\/#\\\/schema\\\/logo\\\/image\\\/\"},\"sameAs\":[\"https:\\\/\\\/www.facebook.com\\\/mmfssca\",\"https:\\\/\\\/x.com\\\/mmfssca\"]}]}<\/script>\n<!-- \/ Yoast SEO plugin. -->","yoast_head_json":{"title":"Kit de pr\u00e9hension FireWrap\u00ae SFT - Source de s\u00e9curit\u00e9 incendie","robots":{"index":"index","follow":"follow","max-snippet":"max-snippet:-1","max-image-preview":"max-image-preview:large","max-video-preview":"max-video-preview:-1"},"canonical":"https:\/\/safetysourcefire.ca\/fr\/?product=firewrap-sft","og_locale":"fr_CA","og_type":"article","og_title":"FireWrap\u00ae SFT Grip Kit - Safety Source Fire","og_description":"The only made-for-firefighter grip kit with ultra durable fiber tape and custom lacing ring system. Now even easier to install. Just wrap, wet, and compress! SFT forms a soft rubberized grip on both tools and sporting goods.","og_url":"https:\/\/safetysourcefire.ca\/fr\/?product=firewrap-sft","og_site_name":"Safety Source Fire","article_publisher":"https:\/\/www.facebook.com\/mmfssca","article_modified_time":"2024-08-27T19:36:08+00:00","og_image":[{"width":600,"height":600,"url":"https:\/\/safetysourcefire.ca\/wp-content\/uploads\/2024\/08\/FW-SFT-product3.jpg","type":"image\/jpeg"}],"twitter_card":"summary_large_image","twitter_site":"@mmfssca","twitter_misc":{"Estimation du temps de lecture":"1 minute"},"schema":{"@context":"https:\/\/schema.org","@graph":[{"@type":"WebPage","@id":"https:\/\/safetysourcefire.ca\/?product=firewrap-sft","url":"https:\/\/safetysourcefire.ca\/?product=firewrap-sft","name":"Kit de pr\u00e9hension FireWrap\u00ae SFT - Source de s\u00e9curit\u00e9 incendie","isPartOf":{"@id":"https:\/\/safetysourcefire.ca\/#website"},"primaryImageOfPage":{"@id":"https:\/\/safetysourcefire.ca\/?product=firewrap-sft#primaryimage"},"image":{"@id":"https:\/\/safetysourcefire.ca\/?product=firewrap-sft#primaryimage"},"thumbnailUrl":"https:\/\/safetysourcefire.ca\/wp-content\/uploads\/2024\/08\/FW-SFT-product3.jpg","datePublished":"2024-08-27T19:13:17+00:00","dateModified":"2024-08-27T19:36:08+00:00","breadcrumb":{"@id":"https:\/\/safetysourcefire.ca\/?product=firewrap-sft#breadcrumb"},"inLanguage":"fr-CA","potentialAction":[{"@type":"ReadAction","target":["https:\/\/safetysourcefire.ca\/?product=firewrap-sft"]}]},{"@type":"ImageObject","inLanguage":"fr-CA","@id":"https:\/\/safetysourcefire.ca\/?product=firewrap-sft#primaryimage","url":"https:\/\/safetysourcefire.ca\/wp-content\/uploads\/2024\/08\/FW-SFT-product3.jpg","contentUrl":"https:\/\/safetysourcefire.ca\/wp-content\/uploads\/2024\/08\/FW-SFT-product3.jpg","width":600,"height":600,"caption":"FireWrap SFT"},{"@type":"BreadcrumbList","@id":"https:\/\/safetysourcefire.ca\/?product=firewrap-sft#breadcrumb","itemListElement":[{"@type":"ListItem","position":1,"name":"Home","item":"https:\/\/safetysourcefire.ca\/"},{"@type":"ListItem","position":2,"name":"Products","item":"https:\/\/safetysourcefire.ca\/shop\/"},{"@type":"ListItem","position":3,"name":"FireWrap\u00ae SFT Grip Kit"}]},{"@type":"WebSite","@id":"https:\/\/safetysourcefire.ca\/#website","url":"https:\/\/safetysourcefire.ca\/","name":"Safety Source Fire","description":"","publisher":{"@id":"https:\/\/safetysourcefire.ca\/#organization"},"potentialAction":[{"@type":"SearchAction","target":{"@type":"EntryPoint","urlTemplate":"https:\/\/safetysourcefire.ca\/?s={search_term_string}"},"query-input":{"@type":"PropertyValueSpecification","valueRequired":true,"valueName":"search_term_string"}}],"inLanguage":"fr-CA"},{"@type":"Organization","@id":"https:\/\/safetysourcefire.ca\/#organization","name":"Safety Source Fire","url":"https:\/\/safetysourcefire.ca\/","logo":{"@type":"ImageObject","inLanguage":"fr-CA","@id":"https:\/\/safetysourcefire.ca\/#\/schema\/logo\/image\/","url":"https:\/\/safetysourcefire.ca\/wp-content\/uploads\/2021\/01\/SSF_logo_CC0000-3.png","contentUrl":"https:\/\/safetysourcefire.ca\/wp-content\/uploads\/2021\/01\/SSF_logo_CC0000-3.png","width":1107,"height":365,"caption":"Safety Source Fire"},"image":{"@id":"https:\/\/safetysourcefire.ca\/#\/schema\/logo\/image\/"},"sameAs":["https:\/\/www.facebook.com\/mmfssca","https:\/\/x.com\/mmfssca"]}]}},"_links":{"self":[{"href":"https:\/\/safetysourcefire.ca\/fr\/wp-json\/wp\/v2\/product\/29137","targetHints":{"allow":["GET"]}}],"collection":[{"href":"https:\/\/safetysourcefire.ca\/fr\/wp-json\/wp\/v2\/product"}],"about":[{"href":"https:\/\/safetysourcefire.ca\/fr\/wp-json\/wp\/v2\/types\/product"}],"wp:featuredmedia":[{"embeddable":true,"href":"https:\/\/safetysourcefire.ca\/fr\/wp-json\/wp\/v2\/media\/29138"}],"wp:attachment":[{"href":"https:\/\/safetysourcefire.ca\/fr\/wp-json\/wp\/v2\/media?parent=29137"}],"wp:term":[{"taxonomy":"product_brand","embeddable":true,"href":"https:\/\/safetysourcefire.ca\/fr\/wp-json\/wp\/v2\/product_brand?post=29137"},{"taxonomy":"product_cat","embeddable":true,"href":"https:\/\/safetysourcefire.ca\/fr\/wp-json\/wp\/v2\/product_cat?post=29137"},{"taxonomy":"product_tag","embeddable":true,"href":"https:\/\/safetysourcefire.ca\/fr\/wp-json\/wp\/v2\/product_tag?post=29137"}],"curies":[{"name":"wp","href":"https:\/\/api.w.org\/{rel}","templated":true}]}}