{"id":29141,"date":"2024-08-27T19:21:28","date_gmt":"2024-08-27T19:21:28","guid":{"rendered":"https:\/\/safetysourcefire.ca\/?post_type=product&#038;p=29141"},"modified":"2024-08-27T19:31:21","modified_gmt":"2024-08-27T19:31:21","slug":"firewrap-hrd","status":"publish","type":"product","link":"https:\/\/safetysourcefire.ca\/fr\/produit\/firewrap-hrd\/","title":{"rendered":"Kit de poign\u00e9es FireWrap\u00ae HRD"},"content":{"rendered":"<p>La r\u00e9sine est activ\u00e9e en mouillant le ruban pour former une liaison ultra-forte en 10 minutes. FireWrap\u00ae HRD est un ruban de r\u00e9paration permanent qui durcit comme l&#039;acier et peut \u00eatre utilis\u00e9 pour la r\u00e9paration de poign\u00e9es, de protections de haches, d&#039;enveloppes de poign\u00e9es, de meubles, d&#039;articles de sport et d&#039;\u00e9quipements de plein air. 1 kit peut couvrir 2 haches\/halligans ou 1 poteau\/crochet. Couleurs disponibles : noir, blanc, rouge et vert phosphorescent.<\/p>\n<p>Faits en bref<\/p>\n<ul>\n<li>FireWrap\u00ae HRD n&#039;a pas besoin de couche de finition Liquid Grip<\/li>\n<li>Ces produits ont pass\u00e9 avec succ\u00e8s le test de \u00ab gel\/d\u00e9gel \u00bb.<\/li>\n<li>Protection \u00e9lectrique \u2013 500V<\/li>\n<li>Peut \u00eatre peint<\/li>\n<li>Amortisseur de chocs<\/li>\n<\/ul>\n<p>Les kits FireWrap\u00ae HRD comprennent\u00a0:<\/p>\n<ul>\n<li>10 grands anneaux de la\u00e7age<\/li>\n<li>2 rouleaux \u2013 Ruban adh\u00e9sif en fibre 2\u2033 X 60\u2033<\/li>\n<li>Gants en vinyle<\/li>\n<li>Rouleau de compression<\/li>\n<\/ul>","protected":false},"excerpt":{"rendered":"<p>FireWrap\u00ae HRD est un ruban renforc\u00e9 de fibres \u00e0 haute r\u00e9sistance int\u00e9gr\u00e9 dans une r\u00e9sine r\u00e9active \u00e0 l&#039;eau.<\/p>","protected":false},"featured_media":29142,"template":"","meta":[],"product_brand":[553],"product_cat":[69,46,72],"product_tag":[554],"class_list":{"0":"post-29141","1":"product","2":"type-product","3":"status-publish","4":"has-post-thumbnail","6":"product_brand-fire-maul","7":"product_cat-axes","8":"product_cat-hand-tools","9":"product_cat-miscellaneous-hand-tools","10":"product_tag-fire-maul","12":"first","13":"instock","14":"shipping-taxable","15":"product-type-simple"},"yoast_head":"<!-- This site is optimized with the Yoast SEO plugin v27.4 - https:\/\/yoast.com\/product\/yoast-seo-wordpress\/ -->\n<title>FireWrap\u00ae HRD Grip Kit - Safety Source Fire<\/title>\n<meta name=\"robots\" content=\"index, follow, max-snippet:-1, max-image-preview:large, max-video-preview:-1\" \/>\n<link rel=\"canonical\" href=\"https:\/\/safetysourcefire.ca\/fr\/?product=firewrap-hrd\" \/>\n<meta property=\"og:locale\" content=\"fr_CA\" \/>\n<meta property=\"og:type\" content=\"article\" \/>\n<meta property=\"og:title\" content=\"FireWrap\u00ae HRD Grip Kit - Safety Source Fire\" \/>\n<meta property=\"og:description\" content=\"FireWrap\u00ae HRD is a high-strength fiber reinforced tape embedded in water reactive resin.\" \/>\n<meta property=\"og:url\" content=\"https:\/\/safetysourcefire.ca\/fr\/?product=firewrap-hrd\" \/>\n<meta property=\"og:site_name\" content=\"Safety Source Fire\" \/>\n<meta property=\"article:publisher\" content=\"https:\/\/www.facebook.com\/mmfssca\" \/>\n<meta property=\"article:modified_time\" content=\"2024-08-27T19:31:21+00:00\" \/>\n<meta property=\"og:image\" content=\"https:\/\/safetysourcefire.ca\/wp-content\/uploads\/2024\/08\/FW-HRD-Product3.jpg\" \/>\n\t<meta property=\"og:image:width\" content=\"600\" \/>\n\t<meta property=\"og:image:height\" content=\"600\" \/>\n\t<meta property=\"og:image:type\" content=\"image\/jpeg\" \/>\n<meta name=\"twitter:card\" content=\"summary_large_image\" \/>\n<meta name=\"twitter:site\" content=\"@mmfssca\" \/>\n<meta name=\"twitter:label1\" content=\"Estimation du temps de lecture\" \/>\n\t<meta name=\"twitter:data1\" content=\"1 minute\" \/>\n<script type=\"application\/ld+json\" class=\"yoast-schema-graph\">{\"@context\":\"https:\\\/\\\/schema.org\",\"@graph\":[{\"@type\":\"WebPage\",\"@id\":\"https:\\\/\\\/safetysourcefire.ca\\\/?product=firewrap-hrd\",\"url\":\"https:\\\/\\\/safetysourcefire.ca\\\/?product=firewrap-hrd\",\"name\":\"FireWrap\u00ae HRD Grip Kit - Safety Source Fire\",\"isPartOf\":{\"@id\":\"https:\\\/\\\/safetysourcefire.ca\\\/#website\"},\"primaryImageOfPage\":{\"@id\":\"https:\\\/\\\/safetysourcefire.ca\\\/?product=firewrap-hrd#primaryimage\"},\"image\":{\"@id\":\"https:\\\/\\\/safetysourcefire.ca\\\/?product=firewrap-hrd#primaryimage\"},\"thumbnailUrl\":\"https:\\\/\\\/safetysourcefire.ca\\\/wp-content\\\/uploads\\\/2024\\\/08\\\/FW-HRD-Product3.jpg\",\"datePublished\":\"2024-08-27T19:21:28+00:00\",\"dateModified\":\"2024-08-27T19:31:21+00:00\",\"breadcrumb\":{\"@id\":\"https:\\\/\\\/safetysourcefire.ca\\\/?product=firewrap-hrd#breadcrumb\"},\"inLanguage\":\"fr-CA\",\"potentialAction\":[{\"@type\":\"ReadAction\",\"target\":[\"https:\\\/\\\/safetysourcefire.ca\\\/?product=firewrap-hrd\"]}]},{\"@type\":\"ImageObject\",\"inLanguage\":\"fr-CA\",\"@id\":\"https:\\\/\\\/safetysourcefire.ca\\\/?product=firewrap-hrd#primaryimage\",\"url\":\"https:\\\/\\\/safetysourcefire.ca\\\/wp-content\\\/uploads\\\/2024\\\/08\\\/FW-HRD-Product3.jpg\",\"contentUrl\":\"https:\\\/\\\/safetysourcefire.ca\\\/wp-content\\\/uploads\\\/2024\\\/08\\\/FW-HRD-Product3.jpg\",\"width\":600,\"height\":600,\"caption\":\"FireWrap HRD\"},{\"@type\":\"BreadcrumbList\",\"@id\":\"https:\\\/\\\/safetysourcefire.ca\\\/?product=firewrap-hrd#breadcrumb\",\"itemListElement\":[{\"@type\":\"ListItem\",\"position\":1,\"name\":\"Home\",\"item\":\"https:\\\/\\\/safetysourcefire.ca\\\/\"},{\"@type\":\"ListItem\",\"position\":2,\"name\":\"Products\",\"item\":\"https:\\\/\\\/safetysourcefire.ca\\\/shop\\\/\"},{\"@type\":\"ListItem\",\"position\":3,\"name\":\"FireWrap\u00ae HRD Grip Kit\"}]},{\"@type\":\"WebSite\",\"@id\":\"https:\\\/\\\/safetysourcefire.ca\\\/#website\",\"url\":\"https:\\\/\\\/safetysourcefire.ca\\\/\",\"name\":\"Safety Source Fire\",\"description\":\"\",\"publisher\":{\"@id\":\"https:\\\/\\\/safetysourcefire.ca\\\/#organization\"},\"potentialAction\":[{\"@type\":\"SearchAction\",\"target\":{\"@type\":\"EntryPoint\",\"urlTemplate\":\"https:\\\/\\\/safetysourcefire.ca\\\/?s={search_term_string}\"},\"query-input\":{\"@type\":\"PropertyValueSpecification\",\"valueRequired\":true,\"valueName\":\"search_term_string\"}}],\"inLanguage\":\"fr-CA\"},{\"@type\":\"Organization\",\"@id\":\"https:\\\/\\\/safetysourcefire.ca\\\/#organization\",\"name\":\"Safety Source Fire\",\"url\":\"https:\\\/\\\/safetysourcefire.ca\\\/\",\"logo\":{\"@type\":\"ImageObject\",\"inLanguage\":\"fr-CA\",\"@id\":\"https:\\\/\\\/safetysourcefire.ca\\\/#\\\/schema\\\/logo\\\/image\\\/\",\"url\":\"https:\\\/\\\/safetysourcefire.ca\\\/wp-content\\\/uploads\\\/2021\\\/01\\\/SSF_logo_CC0000-3.png\",\"contentUrl\":\"https:\\\/\\\/safetysourcefire.ca\\\/wp-content\\\/uploads\\\/2021\\\/01\\\/SSF_logo_CC0000-3.png\",\"width\":1107,\"height\":365,\"caption\":\"Safety Source Fire\"},\"image\":{\"@id\":\"https:\\\/\\\/safetysourcefire.ca\\\/#\\\/schema\\\/logo\\\/image\\\/\"},\"sameAs\":[\"https:\\\/\\\/www.facebook.com\\\/mmfssca\",\"https:\\\/\\\/x.com\\\/mmfssca\"]}]}<\/script>\n<!-- \/ Yoast SEO plugin. -->","yoast_head_json":{"title":"Kit de poign\u00e9es FireWrap\u00ae HRD - S\u00e9curit\u00e9 incendie","robots":{"index":"index","follow":"follow","max-snippet":"max-snippet:-1","max-image-preview":"max-image-preview:large","max-video-preview":"max-video-preview:-1"},"canonical":"https:\/\/safetysourcefire.ca\/fr\/?product=firewrap-hrd","og_locale":"fr_CA","og_type":"article","og_title":"FireWrap\u00ae HRD Grip Kit - Safety Source Fire","og_description":"FireWrap\u00ae HRD is a high-strength fiber reinforced tape embedded in water reactive resin.","og_url":"https:\/\/safetysourcefire.ca\/fr\/?product=firewrap-hrd","og_site_name":"Safety Source Fire","article_publisher":"https:\/\/www.facebook.com\/mmfssca","article_modified_time":"2024-08-27T19:31:21+00:00","og_image":[{"width":600,"height":600,"url":"https:\/\/safetysourcefire.ca\/wp-content\/uploads\/2024\/08\/FW-HRD-Product3.jpg","type":"image\/jpeg"}],"twitter_card":"summary_large_image","twitter_site":"@mmfssca","twitter_misc":{"Estimation du temps de lecture":"1 minute"},"schema":{"@context":"https:\/\/schema.org","@graph":[{"@type":"WebPage","@id":"https:\/\/safetysourcefire.ca\/?product=firewrap-hrd","url":"https:\/\/safetysourcefire.ca\/?product=firewrap-hrd","name":"Kit de poign\u00e9es FireWrap\u00ae HRD - S\u00e9curit\u00e9 incendie","isPartOf":{"@id":"https:\/\/safetysourcefire.ca\/#website"},"primaryImageOfPage":{"@id":"https:\/\/safetysourcefire.ca\/?product=firewrap-hrd#primaryimage"},"image":{"@id":"https:\/\/safetysourcefire.ca\/?product=firewrap-hrd#primaryimage"},"thumbnailUrl":"https:\/\/safetysourcefire.ca\/wp-content\/uploads\/2024\/08\/FW-HRD-Product3.jpg","datePublished":"2024-08-27T19:21:28+00:00","dateModified":"2024-08-27T19:31:21+00:00","breadcrumb":{"@id":"https:\/\/safetysourcefire.ca\/?product=firewrap-hrd#breadcrumb"},"inLanguage":"fr-CA","potentialAction":[{"@type":"ReadAction","target":["https:\/\/safetysourcefire.ca\/?product=firewrap-hrd"]}]},{"@type":"ImageObject","inLanguage":"fr-CA","@id":"https:\/\/safetysourcefire.ca\/?product=firewrap-hrd#primaryimage","url":"https:\/\/safetysourcefire.ca\/wp-content\/uploads\/2024\/08\/FW-HRD-Product3.jpg","contentUrl":"https:\/\/safetysourcefire.ca\/wp-content\/uploads\/2024\/08\/FW-HRD-Product3.jpg","width":600,"height":600,"caption":"FireWrap HRD"},{"@type":"BreadcrumbList","@id":"https:\/\/safetysourcefire.ca\/?product=firewrap-hrd#breadcrumb","itemListElement":[{"@type":"ListItem","position":1,"name":"Home","item":"https:\/\/safetysourcefire.ca\/"},{"@type":"ListItem","position":2,"name":"Products","item":"https:\/\/safetysourcefire.ca\/shop\/"},{"@type":"ListItem","position":3,"name":"FireWrap\u00ae HRD Grip Kit"}]},{"@type":"WebSite","@id":"https:\/\/safetysourcefire.ca\/#website","url":"https:\/\/safetysourcefire.ca\/","name":"Safety Source Fire","description":"","publisher":{"@id":"https:\/\/safetysourcefire.ca\/#organization"},"potentialAction":[{"@type":"SearchAction","target":{"@type":"EntryPoint","urlTemplate":"https:\/\/safetysourcefire.ca\/?s={search_term_string}"},"query-input":{"@type":"PropertyValueSpecification","valueRequired":true,"valueName":"search_term_string"}}],"inLanguage":"fr-CA"},{"@type":"Organization","@id":"https:\/\/safetysourcefire.ca\/#organization","name":"Safety Source Fire","url":"https:\/\/safetysourcefire.ca\/","logo":{"@type":"ImageObject","inLanguage":"fr-CA","@id":"https:\/\/safetysourcefire.ca\/#\/schema\/logo\/image\/","url":"https:\/\/safetysourcefire.ca\/wp-content\/uploads\/2021\/01\/SSF_logo_CC0000-3.png","contentUrl":"https:\/\/safetysourcefire.ca\/wp-content\/uploads\/2021\/01\/SSF_logo_CC0000-3.png","width":1107,"height":365,"caption":"Safety Source Fire"},"image":{"@id":"https:\/\/safetysourcefire.ca\/#\/schema\/logo\/image\/"},"sameAs":["https:\/\/www.facebook.com\/mmfssca","https:\/\/x.com\/mmfssca"]}]}},"_links":{"self":[{"href":"https:\/\/safetysourcefire.ca\/fr\/wp-json\/wp\/v2\/product\/29141","targetHints":{"allow":["GET"]}}],"collection":[{"href":"https:\/\/safetysourcefire.ca\/fr\/wp-json\/wp\/v2\/product"}],"about":[{"href":"https:\/\/safetysourcefire.ca\/fr\/wp-json\/wp\/v2\/types\/product"}],"wp:featuredmedia":[{"embeddable":true,"href":"https:\/\/safetysourcefire.ca\/fr\/wp-json\/wp\/v2\/media\/29142"}],"wp:attachment":[{"href":"https:\/\/safetysourcefire.ca\/fr\/wp-json\/wp\/v2\/media?parent=29141"}],"wp:term":[{"taxonomy":"product_brand","embeddable":true,"href":"https:\/\/safetysourcefire.ca\/fr\/wp-json\/wp\/v2\/product_brand?post=29141"},{"taxonomy":"product_cat","embeddable":true,"href":"https:\/\/safetysourcefire.ca\/fr\/wp-json\/wp\/v2\/product_cat?post=29141"},{"taxonomy":"product_tag","embeddable":true,"href":"https:\/\/safetysourcefire.ca\/fr\/wp-json\/wp\/v2\/product_tag?post=29141"}],"curies":[{"name":"wp","href":"https:\/\/api.w.org\/{rel}","templated":true}]}}