{"id":2926,"date":"2017-06-14T17:40:20","date_gmt":"2017-06-14T17:40:20","guid":{"rendered":"http:\/\/mmfss.ca\/?post_type=product&#038;p=2926"},"modified":"2022-01-27T20:42:04","modified_gmt":"2022-01-27T20:42:04","slug":"standard-folding-frame-water-tank","status":"publish","type":"product","link":"https:\/\/safetysourcefire.ca\/fr\/produit\/standard-folding-frame-water-tank\/","title":{"rendered":"R\u00e9servoir d'eau \u00e0 cadre pliant (standard)"},"content":{"rendered":"<ul>\n<li><strong>Tous les r\u00e9servoirs mesurent 29 pouces de hauteur<\/strong><\/li>\n<li><strong>\u00c9galement disponible en mod\u00e8le double pli<\/strong><\/li>\n<li><strong>R\u00e9servoirs sur mesure disponibles<\/strong><\/li>\n<\/ul>\n<p><strong>Types de cadre<\/strong><\/p>\n<h4>Acier<\/h4>\n<ul>\n<li>7\/8\u2033 od., 14 gauge (HREW P &amp; O). Tube rond en acier (tube carr\u00e9 3\/4\u2033 en acier de calibre 14 disponible)<\/li>\n<li>Conception de charni\u00e8re d\u00e9coup\u00e9e au laser de qualit\u00e9 sup\u00e9rieure<\/li>\n<li>Conception sans pincement<\/li>\n<li>Construction soud\u00e9e Mig, garantie !<\/li>\n<li>Tailles et conceptions personnalis\u00e9es disponibles<\/li>\n<\/ul>\n<h4>Aluminium:<\/h4>\n<ul>\n<li>1\u2033 x 1\u2033 x 1\/8\u2033 6061 Tube carr\u00e9 en aluminium<\/li>\n<li>Conception de charni\u00e8re d\u00e9coup\u00e9e au laser de qualit\u00e9 sup\u00e9rieure<\/li>\n<li>Gain de poids de 20-25% par rapport \u00e0 l'acier<\/li>\n<li>Conception sans pincement<\/li>\n<li>Construction soud\u00e9e mig en aluminium, garantie !<\/li>\n<li>Ne rouillera pas !<\/li>\n<li>Notre conception de charni\u00e8re permet aux cadres en aluminium de se replier jusqu&#039;\u00e0 7 \u00bd&quot;<\/li>\n<\/ul>\n<p><em><strong>Husky\u00ae<\/strong><\/em>\u00a0<strong>paquebots port-a-tank<\/strong> : con\u00e7us sans coins encombrants ni mat\u00e9riel en exc\u00e8s. Notre processus de fabrication brevet\u00e9 nous permet d'utiliser une pi\u00e8ce continue de vinyle de 22 oz. pour le panneau lat\u00e9ral, qui est ensuite soud\u00e9 \u00e0 notre <em><strong>Husky\u00ae<\/strong><\/em>\u00a0de 30 onces. Combin\u00e9 avec nos \u00ab\u00a0poign\u00e9es de levage faciles\u00a0\u00bb (en instance de brevet) soud\u00e9es au sol du rev\u00eatement <em><strong>Husky&#039;s\u00ae<\/strong><\/em>\u00a0et les doublures de r\u00e9servoir \u00e0 cadre les plus durables et les plus faciles \u00e0 utiliser sur le march\u00e9.<\/p>\n<ul>\n<li>Disponible en NSF-61 approuv\u00e9 (convient pour l&#039;eau potable)<\/li>\n<li>R\u00e9sistant aux produits chimiques et au carburant<\/li>\n<li>Plancher exclusif et r\u00e9sistant  (en instance de brevet) augmentant la durabilit\u00e9 de la doublure. Avec rev\u00eatement acrylique r\u00e9sistant 30 oz. norme mat\u00e9rielle de plancher. <em><strong>Husky&#039;s\u00ae<\/strong><\/em>vous offrent les r\u00e9servoirs \u00e0 cadre pliable les plus durables du march\u00e9. Mieux que l'Hypalon !<\/li>\n<li>Poign\u00e9es de levage faciles, offertes uniquement par <em><strong>Husky\u00ae<\/strong><\/em>, qui rendent le ramassage rapide et facile<\/li>\n<li>Tube de vidange de 10 po avec d\u00e9gagement rapide pour une vidange rapide ou un accouplement avec un autre r\u00e9servoir.\nN.B. Deux tubes de vidange sont fournis sur les r\u00e9servoirs de plus de 2500 gallons<\/li>\n<li>Oeillets en laiton massif #4<\/li>\n<li>Ourlets \u00e0 double couture et triple renfort<\/li>\n<li>Couvre sol et couvercle sup\u00e9rieure disponibles<\/li>\n<li>Doublure de panneau transparent (en option) comprenant un panneau en vinyle transparent renforc\u00e9 et robuste de 12 po de large qui permet de visualiser facilement le niveau d'eau sous n'importe quel angle<\/li>\n<\/ul>\n<ul>\n<li>Sangles de serrage (en option) gardant votre r\u00e9servoir \u00e0 cadre pliant bien pli\u00e9 pour lors du rangement<\/li>\n<li>Doublures en vinyle disponibles en rouge, jaune, bleu, orange, vert, noir ou <em>lime<\/em><\/li>\n<\/ul>","protected":false},"excerpt":{"rendered":"<p>Capacit\u00e9 de 500 \u00e0 5000 gallons<\/p>","protected":false},"featured_media":2924,"template":"","meta":[],"product_brand":[187],"product_cat":[44,67],"product_tag":[312,311],"class_list":{"0":"post-2926","1":"product","2":"type-product","3":"status-publish","4":"has-post-thumbnail","6":"product_brand-husky-portable-containment","7":"product_cat-fire-suppression","8":"product_cat-port-a-tanks","9":"product_tag-hpc","10":"product_tag-husky-portable-containment","12":"first","13":"instock","14":"shipping-taxable","15":"product-type-simple"},"yoast_head":"<!-- This site is optimized with the Yoast SEO plugin v27.4 - https:\/\/yoast.com\/product\/yoast-seo-wordpress\/ -->\n<title>Standard Folding Frame Water Tank - Safety Source Fire<\/title>\n<meta name=\"robots\" content=\"index, follow, max-snippet:-1, max-image-preview:large, max-video-preview:-1\" \/>\n<link rel=\"canonical\" href=\"https:\/\/safetysourcefire.ca\/fr\/?product=standard-folding-frame-water-tank\" \/>\n<meta property=\"og:locale\" content=\"fr_CA\" \/>\n<meta property=\"og:type\" content=\"article\" \/>\n<meta property=\"og:title\" content=\"Standard Folding Frame Water Tank - Safety Source Fire\" \/>\n<meta property=\"og:description\" content=\"500-5000 gallons\" \/>\n<meta property=\"og:url\" content=\"https:\/\/safetysourcefire.ca\/fr\/?product=standard-folding-frame-water-tank\" \/>\n<meta property=\"og:site_name\" content=\"Safety Source Fire\" \/>\n<meta property=\"article:publisher\" content=\"https:\/\/www.facebook.com\/mmfssca\" \/>\n<meta property=\"article:modified_time\" content=\"2022-01-27T20:42:04+00:00\" \/>\n<meta property=\"og:image\" content=\"https:\/\/safetysourcefire.ca\/wp-content\/uploads\/2017\/06\/Husky-Std-Folding-Frame-Tank.jpg\" \/>\n\t<meta property=\"og:image:width\" content=\"600\" \/>\n\t<meta property=\"og:image:height\" content=\"600\" \/>\n\t<meta property=\"og:image:type\" content=\"image\/jpeg\" \/>\n<meta name=\"twitter:card\" content=\"summary_large_image\" \/>\n<meta name=\"twitter:site\" content=\"@mmfssca\" \/>\n<meta name=\"twitter:label1\" content=\"Estimation du temps de lecture\" \/>\n\t<meta name=\"twitter:data1\" content=\"2 minutes\" \/>\n<script type=\"application\/ld+json\" class=\"yoast-schema-graph\">{\"@context\":\"https:\\\/\\\/schema.org\",\"@graph\":[{\"@type\":\"WebPage\",\"@id\":\"https:\\\/\\\/safetysourcefire.ca\\\/?product=standard-folding-frame-water-tank\",\"url\":\"https:\\\/\\\/safetysourcefire.ca\\\/?product=standard-folding-frame-water-tank\",\"name\":\"Standard Folding Frame Water Tank - Safety Source Fire\",\"isPartOf\":{\"@id\":\"https:\\\/\\\/safetysourcefire.ca\\\/#website\"},\"primaryImageOfPage\":{\"@id\":\"https:\\\/\\\/safetysourcefire.ca\\\/?product=standard-folding-frame-water-tank#primaryimage\"},\"image\":{\"@id\":\"https:\\\/\\\/safetysourcefire.ca\\\/?product=standard-folding-frame-water-tank#primaryimage\"},\"thumbnailUrl\":\"https:\\\/\\\/safetysourcefire.ca\\\/wp-content\\\/uploads\\\/2017\\\/06\\\/Husky-Std-Folding-Frame-Tank.jpg\",\"datePublished\":\"2017-06-14T17:40:20+00:00\",\"dateModified\":\"2022-01-27T20:42:04+00:00\",\"breadcrumb\":{\"@id\":\"https:\\\/\\\/safetysourcefire.ca\\\/?product=standard-folding-frame-water-tank#breadcrumb\"},\"inLanguage\":\"fr-CA\",\"potentialAction\":[{\"@type\":\"ReadAction\",\"target\":[\"https:\\\/\\\/safetysourcefire.ca\\\/?product=standard-folding-frame-water-tank\"]}]},{\"@type\":\"ImageObject\",\"inLanguage\":\"fr-CA\",\"@id\":\"https:\\\/\\\/safetysourcefire.ca\\\/?product=standard-folding-frame-water-tank#primaryimage\",\"url\":\"https:\\\/\\\/safetysourcefire.ca\\\/wp-content\\\/uploads\\\/2017\\\/06\\\/Husky-Std-Folding-Frame-Tank.jpg\",\"contentUrl\":\"https:\\\/\\\/safetysourcefire.ca\\\/wp-content\\\/uploads\\\/2017\\\/06\\\/Husky-Std-Folding-Frame-Tank.jpg\",\"width\":600,\"height\":600,\"caption\":\"folding frame tank\"},{\"@type\":\"BreadcrumbList\",\"@id\":\"https:\\\/\\\/safetysourcefire.ca\\\/?product=standard-folding-frame-water-tank#breadcrumb\",\"itemListElement\":[{\"@type\":\"ListItem\",\"position\":1,\"name\":\"Home\",\"item\":\"https:\\\/\\\/safetysourcefire.ca\\\/\"},{\"@type\":\"ListItem\",\"position\":2,\"name\":\"Products\",\"item\":\"https:\\\/\\\/safetysourcefire.ca\\\/shop\\\/\"},{\"@type\":\"ListItem\",\"position\":3,\"name\":\"Standard Folding Frame Water Tank\"}]},{\"@type\":\"WebSite\",\"@id\":\"https:\\\/\\\/safetysourcefire.ca\\\/#website\",\"url\":\"https:\\\/\\\/safetysourcefire.ca\\\/\",\"name\":\"Safety Source Fire\",\"description\":\"\",\"publisher\":{\"@id\":\"https:\\\/\\\/safetysourcefire.ca\\\/#organization\"},\"potentialAction\":[{\"@type\":\"SearchAction\",\"target\":{\"@type\":\"EntryPoint\",\"urlTemplate\":\"https:\\\/\\\/safetysourcefire.ca\\\/?s={search_term_string}\"},\"query-input\":{\"@type\":\"PropertyValueSpecification\",\"valueRequired\":true,\"valueName\":\"search_term_string\"}}],\"inLanguage\":\"fr-CA\"},{\"@type\":\"Organization\",\"@id\":\"https:\\\/\\\/safetysourcefire.ca\\\/#organization\",\"name\":\"Safety Source Fire\",\"url\":\"https:\\\/\\\/safetysourcefire.ca\\\/\",\"logo\":{\"@type\":\"ImageObject\",\"inLanguage\":\"fr-CA\",\"@id\":\"https:\\\/\\\/safetysourcefire.ca\\\/#\\\/schema\\\/logo\\\/image\\\/\",\"url\":\"https:\\\/\\\/safetysourcefire.ca\\\/wp-content\\\/uploads\\\/2021\\\/01\\\/SSF_logo_CC0000-3.png\",\"contentUrl\":\"https:\\\/\\\/safetysourcefire.ca\\\/wp-content\\\/uploads\\\/2021\\\/01\\\/SSF_logo_CC0000-3.png\",\"width\":1107,\"height\":365,\"caption\":\"Safety Source Fire\"},\"image\":{\"@id\":\"https:\\\/\\\/safetysourcefire.ca\\\/#\\\/schema\\\/logo\\\/image\\\/\"},\"sameAs\":[\"https:\\\/\\\/www.facebook.com\\\/mmfssca\",\"https:\\\/\\\/x.com\\\/mmfssca\"]}]}<\/script>\n<!-- \/ Yoast SEO plugin. -->","yoast_head_json":{"title":"R\u00e9servoir d&#039;eau \u00e0 cadre pliable standard - Source de s\u00e9curit\u00e9 incendie","robots":{"index":"index","follow":"follow","max-snippet":"max-snippet:-1","max-image-preview":"max-image-preview:large","max-video-preview":"max-video-preview:-1"},"canonical":"https:\/\/safetysourcefire.ca\/fr\/?product=standard-folding-frame-water-tank","og_locale":"fr_CA","og_type":"article","og_title":"Standard Folding Frame Water Tank - Safety Source Fire","og_description":"500-5000 gallons","og_url":"https:\/\/safetysourcefire.ca\/fr\/?product=standard-folding-frame-water-tank","og_site_name":"Safety Source Fire","article_publisher":"https:\/\/www.facebook.com\/mmfssca","article_modified_time":"2022-01-27T20:42:04+00:00","og_image":[{"width":600,"height":600,"url":"https:\/\/safetysourcefire.ca\/wp-content\/uploads\/2017\/06\/Husky-Std-Folding-Frame-Tank.jpg","type":"image\/jpeg"}],"twitter_card":"summary_large_image","twitter_site":"@mmfssca","twitter_misc":{"Estimation du temps de lecture":"2 minutes"},"schema":{"@context":"https:\/\/schema.org","@graph":[{"@type":"WebPage","@id":"https:\/\/safetysourcefire.ca\/?product=standard-folding-frame-water-tank","url":"https:\/\/safetysourcefire.ca\/?product=standard-folding-frame-water-tank","name":"R\u00e9servoir d&#039;eau \u00e0 cadre pliable standard - Source de s\u00e9curit\u00e9 incendie","isPartOf":{"@id":"https:\/\/safetysourcefire.ca\/#website"},"primaryImageOfPage":{"@id":"https:\/\/safetysourcefire.ca\/?product=standard-folding-frame-water-tank#primaryimage"},"image":{"@id":"https:\/\/safetysourcefire.ca\/?product=standard-folding-frame-water-tank#primaryimage"},"thumbnailUrl":"https:\/\/safetysourcefire.ca\/wp-content\/uploads\/2017\/06\/Husky-Std-Folding-Frame-Tank.jpg","datePublished":"2017-06-14T17:40:20+00:00","dateModified":"2022-01-27T20:42:04+00:00","breadcrumb":{"@id":"https:\/\/safetysourcefire.ca\/?product=standard-folding-frame-water-tank#breadcrumb"},"inLanguage":"fr-CA","potentialAction":[{"@type":"ReadAction","target":["https:\/\/safetysourcefire.ca\/?product=standard-folding-frame-water-tank"]}]},{"@type":"ImageObject","inLanguage":"fr-CA","@id":"https:\/\/safetysourcefire.ca\/?product=standard-folding-frame-water-tank#primaryimage","url":"https:\/\/safetysourcefire.ca\/wp-content\/uploads\/2017\/06\/Husky-Std-Folding-Frame-Tank.jpg","contentUrl":"https:\/\/safetysourcefire.ca\/wp-content\/uploads\/2017\/06\/Husky-Std-Folding-Frame-Tank.jpg","width":600,"height":600,"caption":"folding frame tank"},{"@type":"BreadcrumbList","@id":"https:\/\/safetysourcefire.ca\/?product=standard-folding-frame-water-tank#breadcrumb","itemListElement":[{"@type":"ListItem","position":1,"name":"Home","item":"https:\/\/safetysourcefire.ca\/"},{"@type":"ListItem","position":2,"name":"Products","item":"https:\/\/safetysourcefire.ca\/shop\/"},{"@type":"ListItem","position":3,"name":"Standard Folding Frame Water Tank"}]},{"@type":"WebSite","@id":"https:\/\/safetysourcefire.ca\/#website","url":"https:\/\/safetysourcefire.ca\/","name":"Safety Source Fire","description":"","publisher":{"@id":"https:\/\/safetysourcefire.ca\/#organization"},"potentialAction":[{"@type":"SearchAction","target":{"@type":"EntryPoint","urlTemplate":"https:\/\/safetysourcefire.ca\/?s={search_term_string}"},"query-input":{"@type":"PropertyValueSpecification","valueRequired":true,"valueName":"search_term_string"}}],"inLanguage":"fr-CA"},{"@type":"Organization","@id":"https:\/\/safetysourcefire.ca\/#organization","name":"Safety Source Fire","url":"https:\/\/safetysourcefire.ca\/","logo":{"@type":"ImageObject","inLanguage":"fr-CA","@id":"https:\/\/safetysourcefire.ca\/#\/schema\/logo\/image\/","url":"https:\/\/safetysourcefire.ca\/wp-content\/uploads\/2021\/01\/SSF_logo_CC0000-3.png","contentUrl":"https:\/\/safetysourcefire.ca\/wp-content\/uploads\/2021\/01\/SSF_logo_CC0000-3.png","width":1107,"height":365,"caption":"Safety Source Fire"},"image":{"@id":"https:\/\/safetysourcefire.ca\/#\/schema\/logo\/image\/"},"sameAs":["https:\/\/www.facebook.com\/mmfssca","https:\/\/x.com\/mmfssca"]}]}},"_links":{"self":[{"href":"https:\/\/safetysourcefire.ca\/fr\/wp-json\/wp\/v2\/product\/2926","targetHints":{"allow":["GET"]}}],"collection":[{"href":"https:\/\/safetysourcefire.ca\/fr\/wp-json\/wp\/v2\/product"}],"about":[{"href":"https:\/\/safetysourcefire.ca\/fr\/wp-json\/wp\/v2\/types\/product"}],"wp:featuredmedia":[{"embeddable":true,"href":"https:\/\/safetysourcefire.ca\/fr\/wp-json\/wp\/v2\/media\/2924"}],"wp:attachment":[{"href":"https:\/\/safetysourcefire.ca\/fr\/wp-json\/wp\/v2\/media?parent=2926"}],"wp:term":[{"taxonomy":"product_brand","embeddable":true,"href":"https:\/\/safetysourcefire.ca\/fr\/wp-json\/wp\/v2\/product_brand?post=2926"},{"taxonomy":"product_cat","embeddable":true,"href":"https:\/\/safetysourcefire.ca\/fr\/wp-json\/wp\/v2\/product_cat?post=2926"},{"taxonomy":"product_tag","embeddable":true,"href":"https:\/\/safetysourcefire.ca\/fr\/wp-json\/wp\/v2\/product_tag?post=2926"}],"curies":[{"name":"wp","href":"https:\/\/api.w.org\/{rel}","templated":true}]}}