{"id":29573,"date":"2025-03-10T20:07:29","date_gmt":"2025-03-10T20:07:29","guid":{"rendered":"https:\/\/safetysourcefire.ca\/?post_type=product&#038;p=29573"},"modified":"2025-03-10T20:43:32","modified_gmt":"2025-03-10T20:43:32","slug":"3335r-flashlight","status":"publish","type":"product","link":"https:\/\/safetysourcefire.ca\/fr\/produit\/3335r-flashlight\/","title":{"rendered":"Lampe de poche 3335R"},"content":{"rendered":"<p>Son design compact offre une prise en main confortable et la puissance n\u00e9cessaire pour affronter les pires conditions en toute s\u00e9curit\u00e9. La 3335R offre une puissance int\u00e9gr\u00e9e de 246 lumens, soit 58 heures d&#039;autonomie continue. Trois modes sont disponibles\u00a0: fort, faible et clignotant. Un indicateur de niveau de batterie permanent est int\u00e9gr\u00e9 \u00e0 l&#039;interrupteur, vous permettant de toujours savoir quand recharger. L&#039;adaptateur coud\u00e9 (#3317, vendu s\u00e9par\u00e9ment) transforme la lampe torche en lampe de travail portable, gr\u00e2ce \u00e0 sa t\u00eate articul\u00e9e, orientant la lumi\u00e8re exactement l\u00e0 o\u00f9 vous en avez besoin.<\/p>\n<ul>\n<li>246 lumens<\/li>\n<li>Certification de s\u00e9curit\u00e9 Classe I, Division 1 \/ IECEx ia\/InMetro<\/li>\n<li>Jusqu&#039;\u00e0 246 lumens<\/li>\n<li>Jusqu&#039;\u00e0 58 heures d&#039;autonomie<\/li>\n<li>Classement IP67<\/li>\n<li>3 modes Fort \/ Stroboscope \/ Faible<\/li>\n<li>Indication du niveau de batterie \u00e0 temps plein<\/li>\n<li>L&#039;accessoire \u00e0 angle droit (#3317, vendu s\u00e9par\u00e9ment) transforme le 3335R en lampe de poche portable mains libres avec capacit\u00e9 de rotation de la t\u00eate<\/li>\n<li>Cordon (inclus)<\/li>\n<li>Batterie rechargeable au lithium-ion incluse<\/li>\n<\/ul>","protected":false},"excerpt":{"rendered":"<p>La Pelican\u2122 3335R est une petite lampe de travail rechargeable et l\u00e9g\u00e8re, \u00e0 s\u00e9curit\u00e9 intrins\u00e8que.<\/p>","protected":false},"featured_media":29574,"template":"","meta":[],"product_brand":[146],"product_cat":[48,81],"product_tag":[330],"class_list":{"0":"post-29573","1":"product","2":"type-product","3":"status-publish","4":"has-post-thumbnail","6":"product_brand-pelican","7":"product_cat-lighting","8":"product_cat-personal-lighting","9":"product_tag-pelican","11":"first","12":"instock","13":"shipping-taxable","14":"product-type-simple"},"yoast_head":"<!-- This site is optimized with the Yoast SEO plugin v27.4 - https:\/\/yoast.com\/product\/yoast-seo-wordpress\/ -->\n<title>3335R Flashlight - Safety Source Fire<\/title>\n<meta name=\"robots\" content=\"index, follow, max-snippet:-1, max-image-preview:large, max-video-preview:-1\" \/>\n<link rel=\"canonical\" href=\"https:\/\/safetysourcefire.ca\/fr\/produit\/3335r-flashlight\/\" \/>\n<meta property=\"og:locale\" content=\"fr_CA\" \/>\n<meta property=\"og:type\" content=\"article\" \/>\n<meta property=\"og:title\" content=\"3335R Flashlight - Safety Source Fire\" \/>\n<meta property=\"og:description\" content=\"The Pelican\u2122 3335R is a small &amp; light rechargeable intrinsically safe work light.\" \/>\n<meta property=\"og:url\" content=\"https:\/\/safetysourcefire.ca\/fr\/produit\/3335r-flashlight\/\" \/>\n<meta property=\"og:site_name\" content=\"Safety Source Fire\" \/>\n<meta property=\"article:publisher\" content=\"https:\/\/www.facebook.com\/mmfssca\" \/>\n<meta property=\"article:modified_time\" content=\"2025-03-10T20:43:32+00:00\" \/>\n<meta property=\"og:image\" content=\"https:\/\/safetysourcefire.ca\/wp-content\/uploads\/2025\/03\/pelican-3335r-flashlight-01.jpg\" \/>\n\t<meta property=\"og:image:width\" content=\"600\" \/>\n\t<meta property=\"og:image:height\" content=\"600\" \/>\n\t<meta property=\"og:image:type\" content=\"image\/jpeg\" \/>\n<meta name=\"twitter:card\" content=\"summary_large_image\" \/>\n<meta name=\"twitter:site\" content=\"@mmfssca\" \/>\n<meta name=\"twitter:label1\" content=\"Estimation du temps de lecture\" \/>\n\t<meta name=\"twitter:data1\" content=\"1 minute\" \/>\n<script type=\"application\/ld+json\" class=\"yoast-schema-graph\">{\"@context\":\"https:\\\/\\\/schema.org\",\"@graph\":[{\"@type\":\"WebPage\",\"@id\":\"https:\\\/\\\/safetysourcefire.ca\\\/product\\\/3335r-flashlight\\\/\",\"url\":\"https:\\\/\\\/safetysourcefire.ca\\\/product\\\/3335r-flashlight\\\/\",\"name\":\"3335R Flashlight - Safety Source Fire\",\"isPartOf\":{\"@id\":\"https:\\\/\\\/safetysourcefire.ca\\\/#website\"},\"primaryImageOfPage\":{\"@id\":\"https:\\\/\\\/safetysourcefire.ca\\\/product\\\/3335r-flashlight\\\/#primaryimage\"},\"image\":{\"@id\":\"https:\\\/\\\/safetysourcefire.ca\\\/product\\\/3335r-flashlight\\\/#primaryimage\"},\"thumbnailUrl\":\"https:\\\/\\\/safetysourcefire.ca\\\/wp-content\\\/uploads\\\/2025\\\/03\\\/pelican-3335r-flashlight-01.jpg\",\"datePublished\":\"2025-03-10T20:07:29+00:00\",\"dateModified\":\"2025-03-10T20:43:32+00:00\",\"breadcrumb\":{\"@id\":\"https:\\\/\\\/safetysourcefire.ca\\\/product\\\/3335r-flashlight\\\/#breadcrumb\"},\"inLanguage\":\"fr-CA\",\"potentialAction\":[{\"@type\":\"ReadAction\",\"target\":[\"https:\\\/\\\/safetysourcefire.ca\\\/product\\\/3335r-flashlight\\\/\"]}]},{\"@type\":\"ImageObject\",\"inLanguage\":\"fr-CA\",\"@id\":\"https:\\\/\\\/safetysourcefire.ca\\\/product\\\/3335r-flashlight\\\/#primaryimage\",\"url\":\"https:\\\/\\\/safetysourcefire.ca\\\/wp-content\\\/uploads\\\/2025\\\/03\\\/pelican-3335r-flashlight-01.jpg\",\"contentUrl\":\"https:\\\/\\\/safetysourcefire.ca\\\/wp-content\\\/uploads\\\/2025\\\/03\\\/pelican-3335r-flashlight-01.jpg\",\"width\":600,\"height\":600,\"caption\":\"3335R flashlight\"},{\"@type\":\"BreadcrumbList\",\"@id\":\"https:\\\/\\\/safetysourcefire.ca\\\/product\\\/3335r-flashlight\\\/#breadcrumb\",\"itemListElement\":[{\"@type\":\"ListItem\",\"position\":1,\"name\":\"Home\",\"item\":\"https:\\\/\\\/safetysourcefire.ca\\\/\"},{\"@type\":\"ListItem\",\"position\":2,\"name\":\"Products\",\"item\":\"https:\\\/\\\/safetysourcefire.ca\\\/shop\\\/\"},{\"@type\":\"ListItem\",\"position\":3,\"name\":\"3335R Flashlight\"}]},{\"@type\":\"WebSite\",\"@id\":\"https:\\\/\\\/safetysourcefire.ca\\\/#website\",\"url\":\"https:\\\/\\\/safetysourcefire.ca\\\/\",\"name\":\"Safety Source Fire\",\"description\":\"\",\"publisher\":{\"@id\":\"https:\\\/\\\/safetysourcefire.ca\\\/#organization\"},\"potentialAction\":[{\"@type\":\"SearchAction\",\"target\":{\"@type\":\"EntryPoint\",\"urlTemplate\":\"https:\\\/\\\/safetysourcefire.ca\\\/?s={search_term_string}\"},\"query-input\":{\"@type\":\"PropertyValueSpecification\",\"valueRequired\":true,\"valueName\":\"search_term_string\"}}],\"inLanguage\":\"fr-CA\"},{\"@type\":\"Organization\",\"@id\":\"https:\\\/\\\/safetysourcefire.ca\\\/#organization\",\"name\":\"Safety Source Fire\",\"url\":\"https:\\\/\\\/safetysourcefire.ca\\\/\",\"logo\":{\"@type\":\"ImageObject\",\"inLanguage\":\"fr-CA\",\"@id\":\"https:\\\/\\\/safetysourcefire.ca\\\/#\\\/schema\\\/logo\\\/image\\\/\",\"url\":\"https:\\\/\\\/safetysourcefire.ca\\\/wp-content\\\/uploads\\\/2021\\\/01\\\/SSF_logo_CC0000-3.png\",\"contentUrl\":\"https:\\\/\\\/safetysourcefire.ca\\\/wp-content\\\/uploads\\\/2021\\\/01\\\/SSF_logo_CC0000-3.png\",\"width\":1107,\"height\":365,\"caption\":\"Safety Source Fire\"},\"image\":{\"@id\":\"https:\\\/\\\/safetysourcefire.ca\\\/#\\\/schema\\\/logo\\\/image\\\/\"},\"sameAs\":[\"https:\\\/\\\/www.facebook.com\\\/mmfssca\",\"https:\\\/\\\/x.com\\\/mmfssca\"]}]}<\/script>\n<!-- \/ Yoast SEO plugin. -->","yoast_head_json":{"title":"Lampe de poche 3335R - Source de s\u00e9curit\u00e9 incendie","robots":{"index":"index","follow":"follow","max-snippet":"max-snippet:-1","max-image-preview":"max-image-preview:large","max-video-preview":"max-video-preview:-1"},"canonical":"https:\/\/safetysourcefire.ca\/fr\/produit\/3335r-flashlight\/","og_locale":"fr_CA","og_type":"article","og_title":"3335R Flashlight - Safety Source Fire","og_description":"The Pelican\u2122 3335R is a small &amp; light rechargeable intrinsically safe work light.","og_url":"https:\/\/safetysourcefire.ca\/fr\/produit\/3335r-flashlight\/","og_site_name":"Safety Source Fire","article_publisher":"https:\/\/www.facebook.com\/mmfssca","article_modified_time":"2025-03-10T20:43:32+00:00","og_image":[{"width":600,"height":600,"url":"https:\/\/safetysourcefire.ca\/wp-content\/uploads\/2025\/03\/pelican-3335r-flashlight-01.jpg","type":"image\/jpeg"}],"twitter_card":"summary_large_image","twitter_site":"@mmfssca","twitter_misc":{"Estimation du temps de lecture":"1 minute"},"schema":{"@context":"https:\/\/schema.org","@graph":[{"@type":"WebPage","@id":"https:\/\/safetysourcefire.ca\/product\/3335r-flashlight\/","url":"https:\/\/safetysourcefire.ca\/product\/3335r-flashlight\/","name":"Lampe de poche 3335R - Source de s\u00e9curit\u00e9 incendie","isPartOf":{"@id":"https:\/\/safetysourcefire.ca\/#website"},"primaryImageOfPage":{"@id":"https:\/\/safetysourcefire.ca\/product\/3335r-flashlight\/#primaryimage"},"image":{"@id":"https:\/\/safetysourcefire.ca\/product\/3335r-flashlight\/#primaryimage"},"thumbnailUrl":"https:\/\/safetysourcefire.ca\/wp-content\/uploads\/2025\/03\/pelican-3335r-flashlight-01.jpg","datePublished":"2025-03-10T20:07:29+00:00","dateModified":"2025-03-10T20:43:32+00:00","breadcrumb":{"@id":"https:\/\/safetysourcefire.ca\/product\/3335r-flashlight\/#breadcrumb"},"inLanguage":"fr-CA","potentialAction":[{"@type":"ReadAction","target":["https:\/\/safetysourcefire.ca\/product\/3335r-flashlight\/"]}]},{"@type":"ImageObject","inLanguage":"fr-CA","@id":"https:\/\/safetysourcefire.ca\/product\/3335r-flashlight\/#primaryimage","url":"https:\/\/safetysourcefire.ca\/wp-content\/uploads\/2025\/03\/pelican-3335r-flashlight-01.jpg","contentUrl":"https:\/\/safetysourcefire.ca\/wp-content\/uploads\/2025\/03\/pelican-3335r-flashlight-01.jpg","width":600,"height":600,"caption":"3335R flashlight"},{"@type":"BreadcrumbList","@id":"https:\/\/safetysourcefire.ca\/product\/3335r-flashlight\/#breadcrumb","itemListElement":[{"@type":"ListItem","position":1,"name":"Home","item":"https:\/\/safetysourcefire.ca\/"},{"@type":"ListItem","position":2,"name":"Products","item":"https:\/\/safetysourcefire.ca\/shop\/"},{"@type":"ListItem","position":3,"name":"3335R Flashlight"}]},{"@type":"WebSite","@id":"https:\/\/safetysourcefire.ca\/#website","url":"https:\/\/safetysourcefire.ca\/","name":"Safety Source Fire","description":"","publisher":{"@id":"https:\/\/safetysourcefire.ca\/#organization"},"potentialAction":[{"@type":"SearchAction","target":{"@type":"EntryPoint","urlTemplate":"https:\/\/safetysourcefire.ca\/?s={search_term_string}"},"query-input":{"@type":"PropertyValueSpecification","valueRequired":true,"valueName":"search_term_string"}}],"inLanguage":"fr-CA"},{"@type":"Organization","@id":"https:\/\/safetysourcefire.ca\/#organization","name":"Safety Source Fire","url":"https:\/\/safetysourcefire.ca\/","logo":{"@type":"ImageObject","inLanguage":"fr-CA","@id":"https:\/\/safetysourcefire.ca\/#\/schema\/logo\/image\/","url":"https:\/\/safetysourcefire.ca\/wp-content\/uploads\/2021\/01\/SSF_logo_CC0000-3.png","contentUrl":"https:\/\/safetysourcefire.ca\/wp-content\/uploads\/2021\/01\/SSF_logo_CC0000-3.png","width":1107,"height":365,"caption":"Safety Source Fire"},"image":{"@id":"https:\/\/safetysourcefire.ca\/#\/schema\/logo\/image\/"},"sameAs":["https:\/\/www.facebook.com\/mmfssca","https:\/\/x.com\/mmfssca"]}]}},"_links":{"self":[{"href":"https:\/\/safetysourcefire.ca\/fr\/wp-json\/wp\/v2\/product\/29573","targetHints":{"allow":["GET"]}}],"collection":[{"href":"https:\/\/safetysourcefire.ca\/fr\/wp-json\/wp\/v2\/product"}],"about":[{"href":"https:\/\/safetysourcefire.ca\/fr\/wp-json\/wp\/v2\/types\/product"}],"wp:featuredmedia":[{"embeddable":true,"href":"https:\/\/safetysourcefire.ca\/fr\/wp-json\/wp\/v2\/media\/29574"}],"wp:attachment":[{"href":"https:\/\/safetysourcefire.ca\/fr\/wp-json\/wp\/v2\/media?parent=29573"}],"wp:term":[{"taxonomy":"product_brand","embeddable":true,"href":"https:\/\/safetysourcefire.ca\/fr\/wp-json\/wp\/v2\/product_brand?post=29573"},{"taxonomy":"product_cat","embeddable":true,"href":"https:\/\/safetysourcefire.ca\/fr\/wp-json\/wp\/v2\/product_cat?post=29573"},{"taxonomy":"product_tag","embeddable":true,"href":"https:\/\/safetysourcefire.ca\/fr\/wp-json\/wp\/v2\/product_tag?post=29573"}],"curies":[{"name":"wp","href":"https:\/\/api.w.org\/{rel}","templated":true}]}}