{"id":29586,"date":"2025-03-10T20:27:31","date_gmt":"2025-03-10T20:27:31","guid":{"rendered":"https:\/\/safetysourcefire.ca\/?post_type=product&#038;p=29586"},"modified":"2025-03-10T20:48:34","modified_gmt":"2025-03-10T20:48:34","slug":"2765-headlamp","status":"publish","type":"product","link":"https:\/\/safetysourcefire.ca\/fr\/produit\/2765-headlamp\/","title":{"rendered":"Lampe frontale 2765"},"content":{"rendered":"<p>Non seulement homologu\u00e9 Classe I Div 1, il est \u00e9galement ultra-compact et l\u00e9ger. \u00c9quip\u00e9 de trois LED positionn\u00e9es de mani\u00e8re unique, il produit jusqu&#039;\u00e0 155 lumens et offre jusqu&#039;\u00e0 8 heures d&#039;autonomie. Le Pelican 2765 offre plusieurs modes (fort, faible, bas, clignotant). Les LED bas \u00e9clairent les all\u00e9es (pour plus de s\u00e9curit\u00e9), les espaces de lecture (plus de praticit\u00e9) et sont particuli\u00e8rement appr\u00e9ci\u00e9es par vos interlocuteurs lors des interactions face \u00e0 face (plus d&#039;\u00e9blouissement pour votre partenaire). De plus, le Pelican 2765 est \u00e9quip\u00e9 d&#039;un indicateur de niveau de batterie permanent. Vous pourrez ainsi surveiller le niveau de batterie tout au long de sa dur\u00e9e de vie. Disponible en deux couleurs (jaune ou noir), Pelican vous offre le meilleur du design et de la technologie d&#039;\u00e9clairage.<\/p>\n<p>La nouvelle lampe frontale Pelican\u2122 2765 : vous guide en toute s\u00e9curit\u00e9 \u00e0 travers la zone dangereuse.<\/p>\n<ul>\n<li>155 lumens<\/li>\n<li>Qualit\u00e9 Pelican (tr\u00e8s robuste)<\/li>\n<li>Compatible avec la vision nocturne<\/li>\n<li>Certifi\u00e9 de s\u00e9curit\u00e9 - Classe I, Division I<\/li>\n<li>Conception mains libres<\/li>\n<li>Sangle en tissu confortable<\/li>\n<\/ul>","protected":false},"excerpt":{"rendered":"<p>Les lampes frontales approuv\u00e9es pour la s\u00e9curit\u00e9 Pelican\u2122 sont con\u00e7ues pour \u00eatre utilis\u00e9es dans des environnements dangereux.<\/p>","protected":false},"featured_media":29590,"template":"","meta":[],"product_brand":[146],"product_cat":[48,81],"product_tag":[330],"class_list":{"0":"post-29586","1":"product","2":"type-product","3":"status-publish","4":"has-post-thumbnail","6":"product_brand-pelican","7":"product_cat-lighting","8":"product_cat-personal-lighting","9":"product_tag-pelican","11":"first","12":"instock","13":"shipping-taxable","14":"product-type-simple"},"yoast_head":"<!-- This site is optimized with the Yoast SEO plugin v27.4 - https:\/\/yoast.com\/product\/yoast-seo-wordpress\/ -->\n<title>2765 Headlamp - Safety Source Fire<\/title>\n<meta name=\"robots\" content=\"index, follow, max-snippet:-1, max-image-preview:large, max-video-preview:-1\" \/>\n<link rel=\"canonical\" href=\"https:\/\/safetysourcefire.ca\/fr\/produit\/2765-headlamp\/\" \/>\n<meta property=\"og:locale\" content=\"fr_CA\" \/>\n<meta property=\"og:type\" content=\"article\" \/>\n<meta property=\"og:title\" content=\"2765 Headlamp - Safety Source Fire\" \/>\n<meta property=\"og:description\" content=\"Pelican\u2122 safety approved headlamps are designed for use in hazardous environments.\" \/>\n<meta property=\"og:url\" content=\"https:\/\/safetysourcefire.ca\/fr\/produit\/2765-headlamp\/\" \/>\n<meta property=\"og:site_name\" content=\"Safety Source Fire\" \/>\n<meta property=\"article:publisher\" content=\"https:\/\/www.facebook.com\/mmfssca\" \/>\n<meta property=\"article:modified_time\" content=\"2025-03-10T20:48:34+00:00\" \/>\n<meta property=\"og:image\" content=\"https:\/\/safetysourcefire.ca\/wp-content\/uploads\/2025\/03\/pelican-head-strap-light-led-headlamp.jpg\" \/>\n\t<meta property=\"og:image:width\" content=\"600\" \/>\n\t<meta property=\"og:image:height\" content=\"600\" \/>\n\t<meta property=\"og:image:type\" content=\"image\/jpeg\" \/>\n<meta name=\"twitter:card\" content=\"summary_large_image\" \/>\n<meta name=\"twitter:site\" content=\"@mmfssca\" \/>\n<meta name=\"twitter:label1\" content=\"Estimation du temps de lecture\" \/>\n\t<meta name=\"twitter:data1\" content=\"1 minute\" \/>\n<script type=\"application\/ld+json\" class=\"yoast-schema-graph\">{\"@context\":\"https:\\\/\\\/schema.org\",\"@graph\":[{\"@type\":\"WebPage\",\"@id\":\"https:\\\/\\\/safetysourcefire.ca\\\/product\\\/2765-headlamp\\\/\",\"url\":\"https:\\\/\\\/safetysourcefire.ca\\\/product\\\/2765-headlamp\\\/\",\"name\":\"2765 Headlamp - Safety Source Fire\",\"isPartOf\":{\"@id\":\"https:\\\/\\\/safetysourcefire.ca\\\/#website\"},\"primaryImageOfPage\":{\"@id\":\"https:\\\/\\\/safetysourcefire.ca\\\/product\\\/2765-headlamp\\\/#primaryimage\"},\"image\":{\"@id\":\"https:\\\/\\\/safetysourcefire.ca\\\/product\\\/2765-headlamp\\\/#primaryimage\"},\"thumbnailUrl\":\"https:\\\/\\\/safetysourcefire.ca\\\/wp-content\\\/uploads\\\/2025\\\/03\\\/pelican-head-strap-light-led-headlamp.jpg\",\"datePublished\":\"2025-03-10T20:27:31+00:00\",\"dateModified\":\"2025-03-10T20:48:34+00:00\",\"breadcrumb\":{\"@id\":\"https:\\\/\\\/safetysourcefire.ca\\\/product\\\/2765-headlamp\\\/#breadcrumb\"},\"inLanguage\":\"fr-CA\",\"potentialAction\":[{\"@type\":\"ReadAction\",\"target\":[\"https:\\\/\\\/safetysourcefire.ca\\\/product\\\/2765-headlamp\\\/\"]}]},{\"@type\":\"ImageObject\",\"inLanguage\":\"fr-CA\",\"@id\":\"https:\\\/\\\/safetysourcefire.ca\\\/product\\\/2765-headlamp\\\/#primaryimage\",\"url\":\"https:\\\/\\\/safetysourcefire.ca\\\/wp-content\\\/uploads\\\/2025\\\/03\\\/pelican-head-strap-light-led-headlamp.jpg\",\"contentUrl\":\"https:\\\/\\\/safetysourcefire.ca\\\/wp-content\\\/uploads\\\/2025\\\/03\\\/pelican-head-strap-light-led-headlamp.jpg\",\"width\":600,\"height\":600,\"caption\":\"2765 headlamp\"},{\"@type\":\"BreadcrumbList\",\"@id\":\"https:\\\/\\\/safetysourcefire.ca\\\/product\\\/2765-headlamp\\\/#breadcrumb\",\"itemListElement\":[{\"@type\":\"ListItem\",\"position\":1,\"name\":\"Home\",\"item\":\"https:\\\/\\\/safetysourcefire.ca\\\/\"},{\"@type\":\"ListItem\",\"position\":2,\"name\":\"Products\",\"item\":\"https:\\\/\\\/safetysourcefire.ca\\\/shop\\\/\"},{\"@type\":\"ListItem\",\"position\":3,\"name\":\"2765 Headlamp\"}]},{\"@type\":\"WebSite\",\"@id\":\"https:\\\/\\\/safetysourcefire.ca\\\/#website\",\"url\":\"https:\\\/\\\/safetysourcefire.ca\\\/\",\"name\":\"Safety Source Fire\",\"description\":\"\",\"publisher\":{\"@id\":\"https:\\\/\\\/safetysourcefire.ca\\\/#organization\"},\"potentialAction\":[{\"@type\":\"SearchAction\",\"target\":{\"@type\":\"EntryPoint\",\"urlTemplate\":\"https:\\\/\\\/safetysourcefire.ca\\\/?s={search_term_string}\"},\"query-input\":{\"@type\":\"PropertyValueSpecification\",\"valueRequired\":true,\"valueName\":\"search_term_string\"}}],\"inLanguage\":\"fr-CA\"},{\"@type\":\"Organization\",\"@id\":\"https:\\\/\\\/safetysourcefire.ca\\\/#organization\",\"name\":\"Safety Source Fire\",\"url\":\"https:\\\/\\\/safetysourcefire.ca\\\/\",\"logo\":{\"@type\":\"ImageObject\",\"inLanguage\":\"fr-CA\",\"@id\":\"https:\\\/\\\/safetysourcefire.ca\\\/#\\\/schema\\\/logo\\\/image\\\/\",\"url\":\"https:\\\/\\\/safetysourcefire.ca\\\/wp-content\\\/uploads\\\/2021\\\/01\\\/SSF_logo_CC0000-3.png\",\"contentUrl\":\"https:\\\/\\\/safetysourcefire.ca\\\/wp-content\\\/uploads\\\/2021\\\/01\\\/SSF_logo_CC0000-3.png\",\"width\":1107,\"height\":365,\"caption\":\"Safety Source Fire\"},\"image\":{\"@id\":\"https:\\\/\\\/safetysourcefire.ca\\\/#\\\/schema\\\/logo\\\/image\\\/\"},\"sameAs\":[\"https:\\\/\\\/www.facebook.com\\\/mmfssca\",\"https:\\\/\\\/x.com\\\/mmfssca\"]}]}<\/script>\n<!-- \/ Yoast SEO plugin. -->","yoast_head_json":{"title":"Lampe frontale 2765 - Source de s\u00e9curit\u00e9 incendie","robots":{"index":"index","follow":"follow","max-snippet":"max-snippet:-1","max-image-preview":"max-image-preview:large","max-video-preview":"max-video-preview:-1"},"canonical":"https:\/\/safetysourcefire.ca\/fr\/produit\/2765-headlamp\/","og_locale":"fr_CA","og_type":"article","og_title":"2765 Headlamp - Safety Source Fire","og_description":"Pelican\u2122 safety approved headlamps are designed for use in hazardous environments.","og_url":"https:\/\/safetysourcefire.ca\/fr\/produit\/2765-headlamp\/","og_site_name":"Safety Source Fire","article_publisher":"https:\/\/www.facebook.com\/mmfssca","article_modified_time":"2025-03-10T20:48:34+00:00","og_image":[{"width":600,"height":600,"url":"https:\/\/safetysourcefire.ca\/wp-content\/uploads\/2025\/03\/pelican-head-strap-light-led-headlamp.jpg","type":"image\/jpeg"}],"twitter_card":"summary_large_image","twitter_site":"@mmfssca","twitter_misc":{"Estimation du temps de lecture":"1 minute"},"schema":{"@context":"https:\/\/schema.org","@graph":[{"@type":"WebPage","@id":"https:\/\/safetysourcefire.ca\/product\/2765-headlamp\/","url":"https:\/\/safetysourcefire.ca\/product\/2765-headlamp\/","name":"Lampe frontale 2765 - Source de s\u00e9curit\u00e9 incendie","isPartOf":{"@id":"https:\/\/safetysourcefire.ca\/#website"},"primaryImageOfPage":{"@id":"https:\/\/safetysourcefire.ca\/product\/2765-headlamp\/#primaryimage"},"image":{"@id":"https:\/\/safetysourcefire.ca\/product\/2765-headlamp\/#primaryimage"},"thumbnailUrl":"https:\/\/safetysourcefire.ca\/wp-content\/uploads\/2025\/03\/pelican-head-strap-light-led-headlamp.jpg","datePublished":"2025-03-10T20:27:31+00:00","dateModified":"2025-03-10T20:48:34+00:00","breadcrumb":{"@id":"https:\/\/safetysourcefire.ca\/product\/2765-headlamp\/#breadcrumb"},"inLanguage":"fr-CA","potentialAction":[{"@type":"ReadAction","target":["https:\/\/safetysourcefire.ca\/product\/2765-headlamp\/"]}]},{"@type":"ImageObject","inLanguage":"fr-CA","@id":"https:\/\/safetysourcefire.ca\/product\/2765-headlamp\/#primaryimage","url":"https:\/\/safetysourcefire.ca\/wp-content\/uploads\/2025\/03\/pelican-head-strap-light-led-headlamp.jpg","contentUrl":"https:\/\/safetysourcefire.ca\/wp-content\/uploads\/2025\/03\/pelican-head-strap-light-led-headlamp.jpg","width":600,"height":600,"caption":"2765 headlamp"},{"@type":"BreadcrumbList","@id":"https:\/\/safetysourcefire.ca\/product\/2765-headlamp\/#breadcrumb","itemListElement":[{"@type":"ListItem","position":1,"name":"Home","item":"https:\/\/safetysourcefire.ca\/"},{"@type":"ListItem","position":2,"name":"Products","item":"https:\/\/safetysourcefire.ca\/shop\/"},{"@type":"ListItem","position":3,"name":"2765 Headlamp"}]},{"@type":"WebSite","@id":"https:\/\/safetysourcefire.ca\/#website","url":"https:\/\/safetysourcefire.ca\/","name":"Safety Source Fire","description":"","publisher":{"@id":"https:\/\/safetysourcefire.ca\/#organization"},"potentialAction":[{"@type":"SearchAction","target":{"@type":"EntryPoint","urlTemplate":"https:\/\/safetysourcefire.ca\/?s={search_term_string}"},"query-input":{"@type":"PropertyValueSpecification","valueRequired":true,"valueName":"search_term_string"}}],"inLanguage":"fr-CA"},{"@type":"Organization","@id":"https:\/\/safetysourcefire.ca\/#organization","name":"Safety Source Fire","url":"https:\/\/safetysourcefire.ca\/","logo":{"@type":"ImageObject","inLanguage":"fr-CA","@id":"https:\/\/safetysourcefire.ca\/#\/schema\/logo\/image\/","url":"https:\/\/safetysourcefire.ca\/wp-content\/uploads\/2021\/01\/SSF_logo_CC0000-3.png","contentUrl":"https:\/\/safetysourcefire.ca\/wp-content\/uploads\/2021\/01\/SSF_logo_CC0000-3.png","width":1107,"height":365,"caption":"Safety Source Fire"},"image":{"@id":"https:\/\/safetysourcefire.ca\/#\/schema\/logo\/image\/"},"sameAs":["https:\/\/www.facebook.com\/mmfssca","https:\/\/x.com\/mmfssca"]}]}},"_links":{"self":[{"href":"https:\/\/safetysourcefire.ca\/fr\/wp-json\/wp\/v2\/product\/29586","targetHints":{"allow":["GET"]}}],"collection":[{"href":"https:\/\/safetysourcefire.ca\/fr\/wp-json\/wp\/v2\/product"}],"about":[{"href":"https:\/\/safetysourcefire.ca\/fr\/wp-json\/wp\/v2\/types\/product"}],"wp:featuredmedia":[{"embeddable":true,"href":"https:\/\/safetysourcefire.ca\/fr\/wp-json\/wp\/v2\/media\/29590"}],"wp:attachment":[{"href":"https:\/\/safetysourcefire.ca\/fr\/wp-json\/wp\/v2\/media?parent=29586"}],"wp:term":[{"taxonomy":"product_brand","embeddable":true,"href":"https:\/\/safetysourcefire.ca\/fr\/wp-json\/wp\/v2\/product_brand?post=29586"},{"taxonomy":"product_cat","embeddable":true,"href":"https:\/\/safetysourcefire.ca\/fr\/wp-json\/wp\/v2\/product_cat?post=29586"},{"taxonomy":"product_tag","embeddable":true,"href":"https:\/\/safetysourcefire.ca\/fr\/wp-json\/wp\/v2\/product_tag?post=29586"}],"curies":[{"name":"wp","href":"https:\/\/api.w.org\/{rel}","templated":true}]}}