{"id":29787,"date":"2025-05-26T15:23:01","date_gmt":"2025-05-26T15:23:01","guid":{"rendered":"https:\/\/safetysourcefire.ca\/?post_type=product&#038;p=29787"},"modified":"2025-05-27T14:22:09","modified_gmt":"2025-05-27T14:22:09","slug":"squirt","status":"publish","type":"product","link":"https:\/\/safetysourcefire.ca\/fr\/produit\/squirt\/","title":{"rendered":"Jet"},"content":{"rendered":"<p>Ultra-l\u00e9ger et maniable, il permet aux \u00e9quipes de r\u00e9agir rapidement et d&#039;atteindre plus de zones. Malgr\u00e9 sa petite taille, nous n&#039;avons jamais sacrifi\u00e9 la puissance et les performances, permettant ainsi \u00e0 Squirt de surpasser ses concurrents plus imposants\u00a0!<\/p>\n<p><strong>Smart-Tec<\/strong><br \/>\n\u00c9quip\u00e9 de la batterie Smart-Tec, de l&#039;interface op\u00e9rateur et des diagnostics, ce ventilateur rend non seulement la possession et l&#039;utilisation d&#039;un BlowHard faciles et n\u00e9cessitent peu d&#039;entretien, mais affiche \u00e9galement des donn\u00e9es rapides, dynamiques et r\u00e9actives en temps r\u00e9el pour donner aux pompiers puissance et contr\u00f4le sur des situations impr\u00e9visibles et en constante \u00e9volution.<\/p>\n<p>Le Squirt est \u00e9galement \u00e9quip\u00e9 de :<\/p>\n<p><strong>Technologie de jet \u00e0 haut d\u00e9bit :<\/strong><br \/>\nUn jet d&#039;expansion con\u00e7u par BlowHard. Nos grandes batteries injectent une \u00e9norme quantit\u00e9 d&#039;\u00e9nergie dans le flux d&#039;air pour lui conf\u00e9rer une pression \u00e9lev\u00e9e. \u00c0 la sortie du ventilateur, le flux d&#039;air se dilate au-del\u00e0 de la taille du capot, ce qui augmente l&#039;entra\u00eenement d&#039;air et assure une \u00e9tanch\u00e9it\u00e9 optimale de la porte.<\/p>\n<p><strong>Pliage ergonomique :<\/strong><br \/>\nLe poids du ventilateur est r\u00e9parti sur sa base, pr\u00e8s du corps lors du transport, facilitant ainsi sa maniabilit\u00e9. Cette base lest\u00e9e maintient le ventilateur stable sur les pentes raides, m\u00eame \u00e0 pleine puissance, et offre un fonctionnement \u00e0 180 degr\u00e9s.<\/p>\n<p><strong>Opti-Max :<\/strong><br \/>\nLe capot et les pales sont con\u00e7us pour couvrir l&#039;encombrement total du ventilateur, avec une batterie de grande capacit\u00e9. L&#039;optimisation de l&#039;espace permet de r\u00e9duire la taille du ventilateur. Le Squirt est \u00e9quip\u00e9 d&#039;une batterie de grande capacit\u00e9, mais en adaptant la taille du ventilateur pour un flux d&#039;air plus important, nous augmentons \u00e9galement la puissance de la batterie, maximisant ainsi les performances de chaque ventilateur.<\/p>\n<table>\n<tbody>\n<tr>\n<td>CFM maximal<\/td>\n<td width=\"227\">11 200 \u00e9quivalent AMCA (19 028 m3\/h)<\/td>\n<\/tr>\n<tr>\n<td>Flux d&#039;air libre<\/td>\n<td>23\u00a0464 pi\u00b3\/min (39\u00a0866 m\u00b3\/h)<\/td>\n<\/tr>\n<tr>\n<td>Dur\u00e9e d&#039;ex\u00e9cution<\/td>\n<td width=\"227\">55+ minutes \u00e0 11 200 CFM (19 028 m3\/h), 6+ heures \u00e0 6 000 CFM (10 194 m3\/h)<\/td>\n<\/tr>\n<tr>\n<td>Jet d&#039;expansion \u00e0 haut d\u00e9bit<\/td>\n<td>Oui<\/td>\n<\/tr>\n<tr>\n<td width=\"138\">Protection contre les intrusions<\/td>\n<td width=\"227\">IP-67<\/td>\n<\/tr>\n<tr>\n<td width=\"138\">Son<\/td>\n<td width=\"227\">82 dB \u00e0 3 m (10 pi), 88 dB \u00e0 1 m (40 po)<\/td>\n<\/tr>\n<tr>\n<td>Inclinaison<\/td>\n<td width=\"227\">Pliage ergonomique 0 \u2013 180 degr\u00e9s<\/td>\n<\/tr>\n<tr>\n<td>\u00c9clairage<\/td>\n<td width=\"227\">\u00c9clairage de chemin marche\/arr\u00eat \u00e0 LED<\/td>\n<\/tr>\n<tr>\n<td>garantie<\/td>\n<td width=\"227\">Garantie compl\u00e8te de 2 ans, plus garantie coulissante de 3 \u00e0 5 ans<\/td>\n<\/tr>\n<tr>\n<td colspan=\"2\">\n<h4><strong>Mesures<\/strong><\/h4>\n<\/td>\n<\/tr>\n<tr>\n<td>Taille de la lame<\/td>\n<td width=\"227\">17\u201d (432 mm)<\/td>\n<\/tr>\n<tr>\n<td>Taille<\/td>\n<td width=\"227\">17,75\u201d x 18,1\u201d x 10,5\u201d (451 mm x 460 mm x 267 mm)<\/td>\n<\/tr>\n<tr>\n<td>Poids<\/td>\n<td width=\"227\">38 lb (17,7 kg)<\/td>\n<\/tr>\n<tr>\n<td colspan=\"2\">\n<h4><strong>Batterie et fonctionnement<\/strong><\/h4>\n<\/td>\n<\/tr>\n<tr>\n<td>Batterie<\/td>\n<td width=\"227\">Li-Ion<\/td>\n<\/tr>\n<tr>\n<td>Temps de charge<\/td>\n<td width=\"227\">0%-90% en 2 heures<\/td>\n<\/tr>\n<tr>\n<td width=\"138\">Temps de charge complet<\/td>\n<td width=\"227\">Temps de charge complet\u00a0: 3\u00a0heures. Pas de m\u00e9moire.<\/td>\n<\/tr>\n<tr>\n<td>Dur\u00e9e de vie de la batterie<\/td>\n<td width=\"227\">Jusqu&#039;\u00e0 1000 d\u00e9charges compl\u00e8tes<\/td>\n<\/tr>\n<tr>\n<td>Double alimentation<\/td>\n<td width=\"227\">Fonctionne sur batterie ou sur secteur, commutation automatique transparente<\/td>\n<\/tr>\n<tr>\n<td>Interface op\u00e9rateur<\/td>\n<td width=\"227\">Oui\u00a0: dynamique. Affichage du d\u00e9bit (CFM), de la pouss\u00e9e, du niveau de batterie et de l&#039;autonomie restante.<\/td>\n<\/tr>\n<\/tbody>\n<\/table>\n<p style=\"text-align: center;\"><iframe loading=\"lazy\" class=\"youtube-video\" title=\"lecteur vid\u00e9o YouTube\" src=\"https:\/\/www.youtube.com\/embed\/Ih9THTKgyOM?si=8OZqOewVgy7HbslA\" width=\"560\" height=\"315\" frameborder=\"0\" allowfullscreen=\"allowfullscreen\"><\/iframe><\/p>\n<p>&nbsp;<\/p>\n<p>&nbsp;<\/p>","protected":false},"excerpt":{"rendered":"<p>Avec son encombrement ultra r\u00e9duit, le BlowHard Squirt ne p\u00e8se que 38 lb et repr\u00e9sente une fraction de la taille des autres ventilateurs sur le march\u00e9 aujourd&#039;hui.<\/p>","protected":false},"featured_media":29789,"template":"","meta":[],"product_brand":[196],"product_cat":[129,51],"product_tag":[],"class_list":{"0":"post-29787","1":"product","2":"type-product","3":"status-publish","4":"has-post-thumbnail","6":"product_brand-blowhard","7":"product_cat-fans","8":"product_cat-rescue","10":"first","11":"instock","12":"featured","13":"shipping-taxable","14":"product-type-simple"},"yoast_head":"<!-- This site is optimized with the Yoast SEO plugin v27.4 - https:\/\/yoast.com\/product\/yoast-seo-wordpress\/ -->\n<title>Squirt - Safety Source Fire<\/title>\n<meta name=\"robots\" content=\"index, follow, max-snippet:-1, max-image-preview:large, max-video-preview:-1\" \/>\n<link rel=\"canonical\" href=\"https:\/\/safetysourcefire.ca\/fr\/produit\/squirt\/\" \/>\n<meta property=\"og:locale\" content=\"fr_CA\" \/>\n<meta property=\"og:type\" content=\"article\" \/>\n<meta property=\"og:title\" content=\"Squirt - Safety Source Fire\" \/>\n<meta property=\"og:description\" content=\"With its ultra small footprint, the BlowHard Squirt weighs in at only 38lbs and is a fraction of the size of other fans on the market today.\" \/>\n<meta property=\"og:url\" content=\"https:\/\/safetysourcefire.ca\/fr\/produit\/squirt\/\" \/>\n<meta property=\"og:site_name\" content=\"Safety Source Fire\" \/>\n<meta property=\"article:publisher\" content=\"https:\/\/www.facebook.com\/mmfssca\" \/>\n<meta property=\"article:modified_time\" content=\"2025-05-27T14:22:09+00:00\" \/>\n<meta property=\"og:image\" content=\"https:\/\/safetysourcefire.ca\/wp-content\/uploads\/2025\/05\/Squirt_600x600.jpg\" \/>\n\t<meta property=\"og:image:width\" content=\"600\" \/>\n\t<meta property=\"og:image:height\" content=\"600\" \/>\n\t<meta property=\"og:image:type\" content=\"image\/jpeg\" \/>\n<meta name=\"twitter:card\" content=\"summary_large_image\" \/>\n<meta name=\"twitter:site\" content=\"@mmfssca\" \/>\n<meta name=\"twitter:label1\" content=\"Estimation du temps de lecture\" \/>\n\t<meta name=\"twitter:data1\" content=\"2 minutes\" \/>\n<script type=\"application\/ld+json\" class=\"yoast-schema-graph\">{\"@context\":\"https:\\\/\\\/schema.org\",\"@graph\":[{\"@type\":\"WebPage\",\"@id\":\"https:\\\/\\\/safetysourcefire.ca\\\/product\\\/squirt\\\/\",\"url\":\"https:\\\/\\\/safetysourcefire.ca\\\/product\\\/squirt\\\/\",\"name\":\"Squirt - Safety Source Fire\",\"isPartOf\":{\"@id\":\"https:\\\/\\\/safetysourcefire.ca\\\/#website\"},\"primaryImageOfPage\":{\"@id\":\"https:\\\/\\\/safetysourcefire.ca\\\/product\\\/squirt\\\/#primaryimage\"},\"image\":{\"@id\":\"https:\\\/\\\/safetysourcefire.ca\\\/product\\\/squirt\\\/#primaryimage\"},\"thumbnailUrl\":\"https:\\\/\\\/safetysourcefire.ca\\\/wp-content\\\/uploads\\\/2025\\\/05\\\/Squirt_600x600.jpg\",\"datePublished\":\"2025-05-26T15:23:01+00:00\",\"dateModified\":\"2025-05-27T14:22:09+00:00\",\"breadcrumb\":{\"@id\":\"https:\\\/\\\/safetysourcefire.ca\\\/product\\\/squirt\\\/#breadcrumb\"},\"inLanguage\":\"fr-CA\",\"potentialAction\":[{\"@type\":\"ReadAction\",\"target\":[\"https:\\\/\\\/safetysourcefire.ca\\\/product\\\/squirt\\\/\"]}]},{\"@type\":\"ImageObject\",\"inLanguage\":\"fr-CA\",\"@id\":\"https:\\\/\\\/safetysourcefire.ca\\\/product\\\/squirt\\\/#primaryimage\",\"url\":\"https:\\\/\\\/safetysourcefire.ca\\\/wp-content\\\/uploads\\\/2025\\\/05\\\/Squirt_600x600.jpg\",\"contentUrl\":\"https:\\\/\\\/safetysourcefire.ca\\\/wp-content\\\/uploads\\\/2025\\\/05\\\/Squirt_600x600.jpg\",\"width\":600,\"height\":600,\"caption\":\"Squirt fan\"},{\"@type\":\"BreadcrumbList\",\"@id\":\"https:\\\/\\\/safetysourcefire.ca\\\/product\\\/squirt\\\/#breadcrumb\",\"itemListElement\":[{\"@type\":\"ListItem\",\"position\":1,\"name\":\"Home\",\"item\":\"https:\\\/\\\/safetysourcefire.ca\\\/\"},{\"@type\":\"ListItem\",\"position\":2,\"name\":\"Products\",\"item\":\"https:\\\/\\\/safetysourcefire.ca\\\/shop\\\/\"},{\"@type\":\"ListItem\",\"position\":3,\"name\":\"Squirt\"}]},{\"@type\":\"WebSite\",\"@id\":\"https:\\\/\\\/safetysourcefire.ca\\\/#website\",\"url\":\"https:\\\/\\\/safetysourcefire.ca\\\/\",\"name\":\"Safety Source Fire\",\"description\":\"\",\"publisher\":{\"@id\":\"https:\\\/\\\/safetysourcefire.ca\\\/#organization\"},\"potentialAction\":[{\"@type\":\"SearchAction\",\"target\":{\"@type\":\"EntryPoint\",\"urlTemplate\":\"https:\\\/\\\/safetysourcefire.ca\\\/?s={search_term_string}\"},\"query-input\":{\"@type\":\"PropertyValueSpecification\",\"valueRequired\":true,\"valueName\":\"search_term_string\"}}],\"inLanguage\":\"fr-CA\"},{\"@type\":\"Organization\",\"@id\":\"https:\\\/\\\/safetysourcefire.ca\\\/#organization\",\"name\":\"Safety Source Fire\",\"url\":\"https:\\\/\\\/safetysourcefire.ca\\\/\",\"logo\":{\"@type\":\"ImageObject\",\"inLanguage\":\"fr-CA\",\"@id\":\"https:\\\/\\\/safetysourcefire.ca\\\/#\\\/schema\\\/logo\\\/image\\\/\",\"url\":\"https:\\\/\\\/safetysourcefire.ca\\\/wp-content\\\/uploads\\\/2021\\\/01\\\/SSF_logo_CC0000-3.png\",\"contentUrl\":\"https:\\\/\\\/safetysourcefire.ca\\\/wp-content\\\/uploads\\\/2021\\\/01\\\/SSF_logo_CC0000-3.png\",\"width\":1107,\"height\":365,\"caption\":\"Safety Source Fire\"},\"image\":{\"@id\":\"https:\\\/\\\/safetysourcefire.ca\\\/#\\\/schema\\\/logo\\\/image\\\/\"},\"sameAs\":[\"https:\\\/\\\/www.facebook.com\\\/mmfssca\",\"https:\\\/\\\/x.com\\\/mmfssca\"]}]}<\/script>\n<!-- \/ Yoast SEO plugin. -->","yoast_head_json":{"title":"Jet - Source de s\u00e9curit\u00e9 incendie","robots":{"index":"index","follow":"follow","max-snippet":"max-snippet:-1","max-image-preview":"max-image-preview:large","max-video-preview":"max-video-preview:-1"},"canonical":"https:\/\/safetysourcefire.ca\/fr\/produit\/squirt\/","og_locale":"fr_CA","og_type":"article","og_title":"Squirt - Safety Source Fire","og_description":"With its ultra small footprint, the BlowHard Squirt weighs in at only 38lbs and is a fraction of the size of other fans on the market today.","og_url":"https:\/\/safetysourcefire.ca\/fr\/produit\/squirt\/","og_site_name":"Safety Source Fire","article_publisher":"https:\/\/www.facebook.com\/mmfssca","article_modified_time":"2025-05-27T14:22:09+00:00","og_image":[{"width":600,"height":600,"url":"https:\/\/safetysourcefire.ca\/wp-content\/uploads\/2025\/05\/Squirt_600x600.jpg","type":"image\/jpeg"}],"twitter_card":"summary_large_image","twitter_site":"@mmfssca","twitter_misc":{"Estimation du temps de lecture":"2 minutes"},"schema":{"@context":"https:\/\/schema.org","@graph":[{"@type":"WebPage","@id":"https:\/\/safetysourcefire.ca\/product\/squirt\/","url":"https:\/\/safetysourcefire.ca\/product\/squirt\/","name":"Jet - Source de s\u00e9curit\u00e9 incendie","isPartOf":{"@id":"https:\/\/safetysourcefire.ca\/#website"},"primaryImageOfPage":{"@id":"https:\/\/safetysourcefire.ca\/product\/squirt\/#primaryimage"},"image":{"@id":"https:\/\/safetysourcefire.ca\/product\/squirt\/#primaryimage"},"thumbnailUrl":"https:\/\/safetysourcefire.ca\/wp-content\/uploads\/2025\/05\/Squirt_600x600.jpg","datePublished":"2025-05-26T15:23:01+00:00","dateModified":"2025-05-27T14:22:09+00:00","breadcrumb":{"@id":"https:\/\/safetysourcefire.ca\/product\/squirt\/#breadcrumb"},"inLanguage":"fr-CA","potentialAction":[{"@type":"ReadAction","target":["https:\/\/safetysourcefire.ca\/product\/squirt\/"]}]},{"@type":"ImageObject","inLanguage":"fr-CA","@id":"https:\/\/safetysourcefire.ca\/product\/squirt\/#primaryimage","url":"https:\/\/safetysourcefire.ca\/wp-content\/uploads\/2025\/05\/Squirt_600x600.jpg","contentUrl":"https:\/\/safetysourcefire.ca\/wp-content\/uploads\/2025\/05\/Squirt_600x600.jpg","width":600,"height":600,"caption":"Squirt fan"},{"@type":"BreadcrumbList","@id":"https:\/\/safetysourcefire.ca\/product\/squirt\/#breadcrumb","itemListElement":[{"@type":"ListItem","position":1,"name":"Home","item":"https:\/\/safetysourcefire.ca\/"},{"@type":"ListItem","position":2,"name":"Products","item":"https:\/\/safetysourcefire.ca\/shop\/"},{"@type":"ListItem","position":3,"name":"Squirt"}]},{"@type":"WebSite","@id":"https:\/\/safetysourcefire.ca\/#website","url":"https:\/\/safetysourcefire.ca\/","name":"Safety Source Fire","description":"","publisher":{"@id":"https:\/\/safetysourcefire.ca\/#organization"},"potentialAction":[{"@type":"SearchAction","target":{"@type":"EntryPoint","urlTemplate":"https:\/\/safetysourcefire.ca\/?s={search_term_string}"},"query-input":{"@type":"PropertyValueSpecification","valueRequired":true,"valueName":"search_term_string"}}],"inLanguage":"fr-CA"},{"@type":"Organization","@id":"https:\/\/safetysourcefire.ca\/#organization","name":"Safety Source Fire","url":"https:\/\/safetysourcefire.ca\/","logo":{"@type":"ImageObject","inLanguage":"fr-CA","@id":"https:\/\/safetysourcefire.ca\/#\/schema\/logo\/image\/","url":"https:\/\/safetysourcefire.ca\/wp-content\/uploads\/2021\/01\/SSF_logo_CC0000-3.png","contentUrl":"https:\/\/safetysourcefire.ca\/wp-content\/uploads\/2021\/01\/SSF_logo_CC0000-3.png","width":1107,"height":365,"caption":"Safety Source Fire"},"image":{"@id":"https:\/\/safetysourcefire.ca\/#\/schema\/logo\/image\/"},"sameAs":["https:\/\/www.facebook.com\/mmfssca","https:\/\/x.com\/mmfssca"]}]}},"_links":{"self":[{"href":"https:\/\/safetysourcefire.ca\/fr\/wp-json\/wp\/v2\/product\/29787","targetHints":{"allow":["GET"]}}],"collection":[{"href":"https:\/\/safetysourcefire.ca\/fr\/wp-json\/wp\/v2\/product"}],"about":[{"href":"https:\/\/safetysourcefire.ca\/fr\/wp-json\/wp\/v2\/types\/product"}],"wp:featuredmedia":[{"embeddable":true,"href":"https:\/\/safetysourcefire.ca\/fr\/wp-json\/wp\/v2\/media\/29789"}],"wp:attachment":[{"href":"https:\/\/safetysourcefire.ca\/fr\/wp-json\/wp\/v2\/media?parent=29787"}],"wp:term":[{"taxonomy":"product_brand","embeddable":true,"href":"https:\/\/safetysourcefire.ca\/fr\/wp-json\/wp\/v2\/product_brand?post=29787"},{"taxonomy":"product_cat","embeddable":true,"href":"https:\/\/safetysourcefire.ca\/fr\/wp-json\/wp\/v2\/product_cat?post=29787"},{"taxonomy":"product_tag","embeddable":true,"href":"https:\/\/safetysourcefire.ca\/fr\/wp-json\/wp\/v2\/product_tag?post=29787"}],"curies":[{"name":"wp","href":"https:\/\/api.w.org\/{rel}","templated":true}]}}