{"id":29918,"date":"2025-08-07T18:47:33","date_gmt":"2025-08-07T18:47:33","guid":{"rendered":"https:\/\/safetysourcefire.ca\/?post_type=product&#038;p=29918"},"modified":"2025-08-07T19:16:57","modified_gmt":"2025-08-07T19:16:57","slug":"skylotec-sirius","status":"publish","type":"product","link":"https:\/\/safetysourcefire.ca\/fr\/produit\/skylotec-sirius\/","title":{"rendered":"SKYLOTEC Sirius"},"content":{"rendered":"<p>Il est homologu\u00e9 NFPA pour les cordes de 11 mm (7\/16&quot;) et 12,5 mm (1\/2&quot;) et r\u00e9pond aux normes ANSI.<\/p>\n<p>Caract\u00e9ristiques principales :<\/p>\n<ul>\n<li>Maniabilit\u00e9 exceptionnelle gr\u00e2ce \u00e0 une conception compacte et un parcours intuitif de la corde<\/li>\n<li>Durable et robuste : m\u00e9tal 100%<\/li>\n<li>Fonction de verrouillage automatique am\u00e9lior\u00e9e<\/li>\n<\/ul>\n<p>SIRIUS offre une prise en main optimale. Le levier de commande \u00e0 retour automatique offre un rayon de mouvement particuli\u00e8rement r\u00e9duit pour un travail rapide, pr\u00e9cis, confortable et s\u00fbr. L&#039;insertion de la corde, intuitive et simple, permet au mousqueton du harnais de rester connect\u00e9 \u00e0 l&#039;appareil. Le parcours de la corde a \u00e9t\u00e9 con\u00e7u de mani\u00e8re \u00e0 la prot\u00e9ger des torsions, des pliures et de l&#039;usure excessive. SIRIUS a \u00e9t\u00e9 d\u00e9velopp\u00e9 pour une utilisation prolong\u00e9e dans les conditions les plus difficiles. C&#039;est pourquoi il est compos\u00e9 de m\u00e9tal jusqu&#039;\u00e0 100 % %, sans aucune zone synth\u00e9tique vuln\u00e9rable. SIRIUS. Ergonomie optimale et longue dur\u00e9e de vie dans un format ultra-compact.<\/p>\n<p><a href=\"https:\/\/pmirope.com\/?action=export-product-pdf&amp;product_id=4441\">Fiche technique<\/a><\/p>","protected":false},"excerpt":{"rendered":"<p>SIRIUS regroupe les avantages des meilleurs descendeurs pour les applications industrielles et de sauvetage dans une conception extr\u00eamement compacte \u2013 pour une meilleure maniabilit\u00e9 et une longue dur\u00e9e de vie.<\/p>","protected":false},"featured_media":29919,"template":"","meta":[],"product_brand":[199],"product_cat":[51,131],"product_tag":[331],"class_list":{"0":"post-29918","1":"product","2":"type-product","3":"status-publish","4":"has-post-thumbnail","6":"product_brand-pmi","7":"product_cat-rescue","8":"product_cat-rope-rescue","9":"product_tag-pmi","11":"first","12":"instock","13":"shipping-taxable","14":"product-type-simple"},"yoast_head":"<!-- This site is optimized with the Yoast SEO plugin v27.4 - https:\/\/yoast.com\/product\/yoast-seo-wordpress\/ -->\n<title>SKYLOTEC Sirius - Safety Source Fire<\/title>\n<meta name=\"robots\" content=\"index, follow, max-snippet:-1, max-image-preview:large, max-video-preview:-1\" \/>\n<link rel=\"canonical\" href=\"https:\/\/safetysourcefire.ca\/fr\/produit\/skylotec-sirius\/\" \/>\n<meta property=\"og:locale\" content=\"fr_CA\" \/>\n<meta property=\"og:type\" content=\"article\" \/>\n<meta property=\"og:title\" content=\"SKYLOTEC Sirius - Safety Source Fire\" \/>\n<meta property=\"og:description\" content=\"SIRIUS packs the advantages of the best descenders for industrial and rescue applications into an extremely compact design \u2013 for better handling and long service life.\" \/>\n<meta property=\"og:url\" content=\"https:\/\/safetysourcefire.ca\/fr\/produit\/skylotec-sirius\/\" \/>\n<meta property=\"og:site_name\" content=\"Safety Source Fire\" \/>\n<meta property=\"article:publisher\" content=\"https:\/\/www.facebook.com\/mmfssca\" \/>\n<meta property=\"article:modified_time\" content=\"2025-08-07T19:16:57+00:00\" \/>\n<meta property=\"og:image\" content=\"https:\/\/safetysourcefire.ca\/wp-content\/uploads\/2025\/08\/a-050_s_01.jpg\" \/>\n\t<meta property=\"og:image:width\" content=\"600\" \/>\n\t<meta property=\"og:image:height\" content=\"600\" \/>\n\t<meta property=\"og:image:type\" content=\"image\/jpeg\" \/>\n<meta name=\"twitter:card\" content=\"summary_large_image\" \/>\n<meta name=\"twitter:site\" content=\"@mmfssca\" \/>\n<meta name=\"twitter:label1\" content=\"Estimation du temps de lecture\" \/>\n\t<meta name=\"twitter:data1\" content=\"1 minute\" \/>\n<script type=\"application\/ld+json\" class=\"yoast-schema-graph\">{\"@context\":\"https:\\\/\\\/schema.org\",\"@graph\":[{\"@type\":\"WebPage\",\"@id\":\"https:\\\/\\\/safetysourcefire.ca\\\/product\\\/skylotec-sirius\\\/\",\"url\":\"https:\\\/\\\/safetysourcefire.ca\\\/product\\\/skylotec-sirius\\\/\",\"name\":\"SKYLOTEC Sirius - Safety Source Fire\",\"isPartOf\":{\"@id\":\"https:\\\/\\\/safetysourcefire.ca\\\/#website\"},\"primaryImageOfPage\":{\"@id\":\"https:\\\/\\\/safetysourcefire.ca\\\/product\\\/skylotec-sirius\\\/#primaryimage\"},\"image\":{\"@id\":\"https:\\\/\\\/safetysourcefire.ca\\\/product\\\/skylotec-sirius\\\/#primaryimage\"},\"thumbnailUrl\":\"https:\\\/\\\/safetysourcefire.ca\\\/wp-content\\\/uploads\\\/2025\\\/08\\\/a-050_s_01.jpg\",\"datePublished\":\"2025-08-07T18:47:33+00:00\",\"dateModified\":\"2025-08-07T19:16:57+00:00\",\"breadcrumb\":{\"@id\":\"https:\\\/\\\/safetysourcefire.ca\\\/product\\\/skylotec-sirius\\\/#breadcrumb\"},\"inLanguage\":\"fr-CA\",\"potentialAction\":[{\"@type\":\"ReadAction\",\"target\":[\"https:\\\/\\\/safetysourcefire.ca\\\/product\\\/skylotec-sirius\\\/\"]}]},{\"@type\":\"ImageObject\",\"inLanguage\":\"fr-CA\",\"@id\":\"https:\\\/\\\/safetysourcefire.ca\\\/product\\\/skylotec-sirius\\\/#primaryimage\",\"url\":\"https:\\\/\\\/safetysourcefire.ca\\\/wp-content\\\/uploads\\\/2025\\\/08\\\/a-050_s_01.jpg\",\"contentUrl\":\"https:\\\/\\\/safetysourcefire.ca\\\/wp-content\\\/uploads\\\/2025\\\/08\\\/a-050_s_01.jpg\",\"width\":600,\"height\":600,\"caption\":\"descender\"},{\"@type\":\"BreadcrumbList\",\"@id\":\"https:\\\/\\\/safetysourcefire.ca\\\/product\\\/skylotec-sirius\\\/#breadcrumb\",\"itemListElement\":[{\"@type\":\"ListItem\",\"position\":1,\"name\":\"Home\",\"item\":\"https:\\\/\\\/safetysourcefire.ca\\\/\"},{\"@type\":\"ListItem\",\"position\":2,\"name\":\"Products\",\"item\":\"https:\\\/\\\/safetysourcefire.ca\\\/shop\\\/\"},{\"@type\":\"ListItem\",\"position\":3,\"name\":\"SKYLOTEC Sirius\"}]},{\"@type\":\"WebSite\",\"@id\":\"https:\\\/\\\/safetysourcefire.ca\\\/#website\",\"url\":\"https:\\\/\\\/safetysourcefire.ca\\\/\",\"name\":\"Safety Source Fire\",\"description\":\"\",\"publisher\":{\"@id\":\"https:\\\/\\\/safetysourcefire.ca\\\/#organization\"},\"potentialAction\":[{\"@type\":\"SearchAction\",\"target\":{\"@type\":\"EntryPoint\",\"urlTemplate\":\"https:\\\/\\\/safetysourcefire.ca\\\/?s={search_term_string}\"},\"query-input\":{\"@type\":\"PropertyValueSpecification\",\"valueRequired\":true,\"valueName\":\"search_term_string\"}}],\"inLanguage\":\"fr-CA\"},{\"@type\":\"Organization\",\"@id\":\"https:\\\/\\\/safetysourcefire.ca\\\/#organization\",\"name\":\"Safety Source Fire\",\"url\":\"https:\\\/\\\/safetysourcefire.ca\\\/\",\"logo\":{\"@type\":\"ImageObject\",\"inLanguage\":\"fr-CA\",\"@id\":\"https:\\\/\\\/safetysourcefire.ca\\\/#\\\/schema\\\/logo\\\/image\\\/\",\"url\":\"https:\\\/\\\/safetysourcefire.ca\\\/wp-content\\\/uploads\\\/2021\\\/01\\\/SSF_logo_CC0000-3.png\",\"contentUrl\":\"https:\\\/\\\/safetysourcefire.ca\\\/wp-content\\\/uploads\\\/2021\\\/01\\\/SSF_logo_CC0000-3.png\",\"width\":1107,\"height\":365,\"caption\":\"Safety Source Fire\"},\"image\":{\"@id\":\"https:\\\/\\\/safetysourcefire.ca\\\/#\\\/schema\\\/logo\\\/image\\\/\"},\"sameAs\":[\"https:\\\/\\\/www.facebook.com\\\/mmfssca\",\"https:\\\/\\\/x.com\\\/mmfssca\"]}]}<\/script>\n<!-- \/ Yoast SEO plugin. -->","yoast_head_json":{"title":"SKYLOTEC Sirius - Source de s\u00e9curit\u00e9 incendie","robots":{"index":"index","follow":"follow","max-snippet":"max-snippet:-1","max-image-preview":"max-image-preview:large","max-video-preview":"max-video-preview:-1"},"canonical":"https:\/\/safetysourcefire.ca\/fr\/produit\/skylotec-sirius\/","og_locale":"fr_CA","og_type":"article","og_title":"SKYLOTEC Sirius - Safety Source Fire","og_description":"SIRIUS packs the advantages of the best descenders for industrial and rescue applications into an extremely compact design \u2013 for better handling and long service life.","og_url":"https:\/\/safetysourcefire.ca\/fr\/produit\/skylotec-sirius\/","og_site_name":"Safety Source Fire","article_publisher":"https:\/\/www.facebook.com\/mmfssca","article_modified_time":"2025-08-07T19:16:57+00:00","og_image":[{"width":600,"height":600,"url":"https:\/\/safetysourcefire.ca\/wp-content\/uploads\/2025\/08\/a-050_s_01.jpg","type":"image\/jpeg"}],"twitter_card":"summary_large_image","twitter_site":"@mmfssca","twitter_misc":{"Estimation du temps de lecture":"1 minute"},"schema":{"@context":"https:\/\/schema.org","@graph":[{"@type":"WebPage","@id":"https:\/\/safetysourcefire.ca\/product\/skylotec-sirius\/","url":"https:\/\/safetysourcefire.ca\/product\/skylotec-sirius\/","name":"SKYLOTEC Sirius - Source de s\u00e9curit\u00e9 incendie","isPartOf":{"@id":"https:\/\/safetysourcefire.ca\/#website"},"primaryImageOfPage":{"@id":"https:\/\/safetysourcefire.ca\/product\/skylotec-sirius\/#primaryimage"},"image":{"@id":"https:\/\/safetysourcefire.ca\/product\/skylotec-sirius\/#primaryimage"},"thumbnailUrl":"https:\/\/safetysourcefire.ca\/wp-content\/uploads\/2025\/08\/a-050_s_01.jpg","datePublished":"2025-08-07T18:47:33+00:00","dateModified":"2025-08-07T19:16:57+00:00","breadcrumb":{"@id":"https:\/\/safetysourcefire.ca\/product\/skylotec-sirius\/#breadcrumb"},"inLanguage":"fr-CA","potentialAction":[{"@type":"ReadAction","target":["https:\/\/safetysourcefire.ca\/product\/skylotec-sirius\/"]}]},{"@type":"ImageObject","inLanguage":"fr-CA","@id":"https:\/\/safetysourcefire.ca\/product\/skylotec-sirius\/#primaryimage","url":"https:\/\/safetysourcefire.ca\/wp-content\/uploads\/2025\/08\/a-050_s_01.jpg","contentUrl":"https:\/\/safetysourcefire.ca\/wp-content\/uploads\/2025\/08\/a-050_s_01.jpg","width":600,"height":600,"caption":"descender"},{"@type":"BreadcrumbList","@id":"https:\/\/safetysourcefire.ca\/product\/skylotec-sirius\/#breadcrumb","itemListElement":[{"@type":"ListItem","position":1,"name":"Home","item":"https:\/\/safetysourcefire.ca\/"},{"@type":"ListItem","position":2,"name":"Products","item":"https:\/\/safetysourcefire.ca\/shop\/"},{"@type":"ListItem","position":3,"name":"SKYLOTEC Sirius"}]},{"@type":"WebSite","@id":"https:\/\/safetysourcefire.ca\/#website","url":"https:\/\/safetysourcefire.ca\/","name":"Safety Source Fire","description":"","publisher":{"@id":"https:\/\/safetysourcefire.ca\/#organization"},"potentialAction":[{"@type":"SearchAction","target":{"@type":"EntryPoint","urlTemplate":"https:\/\/safetysourcefire.ca\/?s={search_term_string}"},"query-input":{"@type":"PropertyValueSpecification","valueRequired":true,"valueName":"search_term_string"}}],"inLanguage":"fr-CA"},{"@type":"Organization","@id":"https:\/\/safetysourcefire.ca\/#organization","name":"Safety Source Fire","url":"https:\/\/safetysourcefire.ca\/","logo":{"@type":"ImageObject","inLanguage":"fr-CA","@id":"https:\/\/safetysourcefire.ca\/#\/schema\/logo\/image\/","url":"https:\/\/safetysourcefire.ca\/wp-content\/uploads\/2021\/01\/SSF_logo_CC0000-3.png","contentUrl":"https:\/\/safetysourcefire.ca\/wp-content\/uploads\/2021\/01\/SSF_logo_CC0000-3.png","width":1107,"height":365,"caption":"Safety Source Fire"},"image":{"@id":"https:\/\/safetysourcefire.ca\/#\/schema\/logo\/image\/"},"sameAs":["https:\/\/www.facebook.com\/mmfssca","https:\/\/x.com\/mmfssca"]}]}},"_links":{"self":[{"href":"https:\/\/safetysourcefire.ca\/fr\/wp-json\/wp\/v2\/product\/29918","targetHints":{"allow":["GET"]}}],"collection":[{"href":"https:\/\/safetysourcefire.ca\/fr\/wp-json\/wp\/v2\/product"}],"about":[{"href":"https:\/\/safetysourcefire.ca\/fr\/wp-json\/wp\/v2\/types\/product"}],"wp:featuredmedia":[{"embeddable":true,"href":"https:\/\/safetysourcefire.ca\/fr\/wp-json\/wp\/v2\/media\/29919"}],"wp:attachment":[{"href":"https:\/\/safetysourcefire.ca\/fr\/wp-json\/wp\/v2\/media?parent=29918"}],"wp:term":[{"taxonomy":"product_brand","embeddable":true,"href":"https:\/\/safetysourcefire.ca\/fr\/wp-json\/wp\/v2\/product_brand?post=29918"},{"taxonomy":"product_cat","embeddable":true,"href":"https:\/\/safetysourcefire.ca\/fr\/wp-json\/wp\/v2\/product_cat?post=29918"},{"taxonomy":"product_tag","embeddable":true,"href":"https:\/\/safetysourcefire.ca\/fr\/wp-json\/wp\/v2\/product_tag?post=29918"}],"curies":[{"name":"wp","href":"https:\/\/api.w.org\/{rel}","templated":true}]}}