{"id":30089,"date":"2025-12-01T15:03:14","date_gmt":"2025-12-01T15:03:14","guid":{"rendered":"https:\/\/safetysourcefire.ca\/?post_type=product&#038;p=30089"},"modified":"2026-03-20T20:34:31","modified_gmt":"2026-03-20T20:34:31","slug":"door-prop","status":"publish","type":"product","link":"https:\/\/safetysourcefire.ca\/fr\/produit\/door-prop\/","title":{"rendered":"cale de porte"},"content":{"rendered":"<p>Il est dot\u00e9 de surfaces de frappe interchangeables et d&#039;une conception modulaire facilitant son transport en camionnette et son utilisation sur ou \u00e0 proximit\u00e9 d&#039;une structure existante. Son prix est bien inf\u00e9rieur \u00e0 celui des autres accessoires commerciaux.<\/p>\n<p>Le kit comprend toutes les pi\u00e8ces m\u00e9talliques et la quincaillerie n\u00e9cessaires \u00e0 l&#039;installation d&#039;une double porte. Vous devrez vous procurer ou fabriquer localement une porte \u00e0 \u00e2me pleine, deux montants de 15 x 15 cm et une traverse de 30 x 5 x 25 cm.<\/p>\n<p>Le processus d&#039;assemblage du kit est tr\u00e8s simple, et le co\u00fbt de cette porte est BIEN inf\u00e9rieur \u00e0 celui de tous les autres accessoires disponibles dans le commerce.<\/p>\n<p>Parmi ses caract\u00e9ristiques, on note une base robuste pouvant \u00eatre boulonn\u00e9e \u00e0 une structure existante ou pos\u00e9e sur des planches de bois pour une utilisation en station. Deux lo<span class=\"text_exposed_show\">Les ensembles CK vous permettent de mettre la pression \u00e0 mesure que les membres gagnent en confiance, et les boulons \u00e0 poign\u00e9e en T \u00e9liminent le besoin de coincer constamment vos bandes 1\u00d72 dans la serrure \u00e0 chaque r\u00e9p\u00e9tition.<\/span><\/p>\n<p><span class=\"text_exposed_show\">Nous am\u00e9liorons constamment chaque d\u00e9tail. R\u00e9cemment, nous sommes pass\u00e9s d&#039;un angle pli\u00e9 pour le m\u00e9canisme de verrouillage de la porte \u00e0 une v\u00e9ritable d\u00e9coupe et soudure. Cela garantit un ajustement plus pr\u00e9cis et un jeu r\u00e9aliste pour vos ferronneries. Nos charni\u00e8res de porte utilisent une plaque de renfort s\u00e9par\u00e9e et <\/span><span class=\"text_exposed_show\">La quincaillerie fournie est boulonn\u00e9e de mani\u00e8re traversante au lieu d&#039;utiliser des tire-fonds, pour un ajustement serr\u00e9 qui r\u00e9sistera \u00e0 des milliers de r\u00e9p\u00e9titions sur la porte que vous installez.<br \/>\n<\/span><\/p>\n<p><span class=\"text_exposed_show\">Nous recevons de plus en plus de demandes pour les ensembles serrure, charni\u00e8re et chambranle sans plinthe ni traverse sup\u00e9rieure, de la part de services qui poss\u00e8dent d\u00e9j\u00e0 des b\u00e2timents de formation et souhaitent les installer dans leurs cadres de porte existants. Nous pouvons tout \u00e0 fait r\u00e9pondre \u00e0 ces commandes personnalis\u00e9es et nous r\u00e9jouissons de collaborer avec vous\u00a0!<\/span><\/p>\n<p>&nbsp;<\/p>\n<p style=\"text-align: center;\"><iframe class=\"youtube-video\" title=\"lecteur vid\u00e9o YouTube\" src=\"https:\/\/www.youtube.com\/embed\/h9YeUYaTmgc\" frameborder=\"0\" allowfullscreen=\"allowfullscreen\"><\/iframe><\/p>\n<p style=\"text-align: center;\"><iframe class=\"youtube-video\" title=\"lecteur vid\u00e9o YouTube\" src=\"https:\/\/www.youtube.com\/embed\/9KA8XeWVA6U\" frameborder=\"0\" allowfullscreen=\"allowfullscreen\"><\/iframe><\/p>\n<p style=\"text-align: center;\"><iframe class=\"youtube-video\" title=\"lecteur vid\u00e9o YouTube\" src=\"https:\/\/www.youtube.com\/embed\/HLDyaNj4EWw\" frameborder=\"0\" allowfullscreen=\"allowfullscreen\"><\/iframe><\/p>\n<p style=\"text-align: center;\"><iframe class=\"youtube-video\" title=\"lecteur vid\u00e9o YouTube\" src=\"https:\/\/www.youtube.com\/embed\/y20Q7wmGF9c\" frameborder=\"0\" allowfullscreen=\"allowfullscreen\"><\/iframe><\/p>\n<p>&nbsp;<\/p>","protected":false},"excerpt":{"rendered":"<p>Ces cales de porte sont un choix \u00e9conomique pour ce dont vous avez besoin : l&#039;essentiel.<\/p>","protected":false},"featured_media":30092,"template":"","meta":[],"product_brand":[634],"product_cat":[57],"product_tag":[635],"class_list":{"0":"post-30089","1":"product","2":"type-product","3":"status-publish","4":"has-post-thumbnail","6":"product_brand-iarescue","7":"product_cat-training-products","8":"product_tag-iowa-american-rescue","10":"first","11":"instock","12":"featured","13":"shipping-taxable","14":"product-type-simple"},"yoast_head":"<!-- This site is optimized with the Yoast SEO plugin v27.4 - https:\/\/yoast.com\/product\/yoast-seo-wordpress\/ -->\n<title>Door Prop - Safety Source Fire<\/title>\n<meta name=\"robots\" content=\"index, follow, max-snippet:-1, max-image-preview:large, max-video-preview:-1\" \/>\n<link rel=\"canonical\" href=\"https:\/\/safetysourcefire.ca\/fr\/produit\/door-prop\/\" \/>\n<meta property=\"og:locale\" content=\"fr_CA\" \/>\n<meta property=\"og:type\" content=\"article\" \/>\n<meta property=\"og:title\" content=\"Door Prop - Safety Source Fire\" \/>\n<meta property=\"og:description\" content=\"These door props are an economical choice for what you need them to be - the BASICS.\" \/>\n<meta property=\"og:url\" content=\"https:\/\/safetysourcefire.ca\/fr\/produit\/door-prop\/\" \/>\n<meta property=\"og:site_name\" content=\"Safety Source Fire\" \/>\n<meta property=\"article:publisher\" content=\"https:\/\/www.facebook.com\/mmfssca\" \/>\n<meta property=\"article:modified_time\" content=\"2026-03-20T20:34:31+00:00\" \/>\n<meta property=\"og:image\" content=\"https:\/\/safetysourcefire.ca\/wp-content\/uploads\/2025\/12\/door_prop.jpg\" \/>\n\t<meta property=\"og:image:width\" content=\"600\" \/>\n\t<meta property=\"og:image:height\" content=\"600\" \/>\n\t<meta property=\"og:image:type\" content=\"image\/jpeg\" \/>\n<meta name=\"twitter:card\" content=\"summary_large_image\" \/>\n<meta name=\"twitter:site\" content=\"@mmfssca\" \/>\n<meta name=\"twitter:label1\" content=\"Estimation du temps de lecture\" \/>\n\t<meta name=\"twitter:data1\" content=\"2 minutes\" \/>\n<script type=\"application\/ld+json\" class=\"yoast-schema-graph\">{\"@context\":\"https:\\\/\\\/schema.org\",\"@graph\":[{\"@type\":\"WebPage\",\"@id\":\"https:\\\/\\\/safetysourcefire.ca\\\/product\\\/door-prop\\\/\",\"url\":\"https:\\\/\\\/safetysourcefire.ca\\\/product\\\/door-prop\\\/\",\"name\":\"Door Prop - Safety Source Fire\",\"isPartOf\":{\"@id\":\"https:\\\/\\\/safetysourcefire.ca\\\/#website\"},\"primaryImageOfPage\":{\"@id\":\"https:\\\/\\\/safetysourcefire.ca\\\/product\\\/door-prop\\\/#primaryimage\"},\"image\":{\"@id\":\"https:\\\/\\\/safetysourcefire.ca\\\/product\\\/door-prop\\\/#primaryimage\"},\"thumbnailUrl\":\"https:\\\/\\\/safetysourcefire.ca\\\/wp-content\\\/uploads\\\/2025\\\/12\\\/door_prop.jpg\",\"datePublished\":\"2025-12-01T15:03:14+00:00\",\"dateModified\":\"2026-03-20T20:34:31+00:00\",\"breadcrumb\":{\"@id\":\"https:\\\/\\\/safetysourcefire.ca\\\/product\\\/door-prop\\\/#breadcrumb\"},\"inLanguage\":\"fr-CA\",\"potentialAction\":[{\"@type\":\"ReadAction\",\"target\":[\"https:\\\/\\\/safetysourcefire.ca\\\/product\\\/door-prop\\\/\"]}]},{\"@type\":\"ImageObject\",\"inLanguage\":\"fr-CA\",\"@id\":\"https:\\\/\\\/safetysourcefire.ca\\\/product\\\/door-prop\\\/#primaryimage\",\"url\":\"https:\\\/\\\/safetysourcefire.ca\\\/wp-content\\\/uploads\\\/2025\\\/12\\\/door_prop.jpg\",\"contentUrl\":\"https:\\\/\\\/safetysourcefire.ca\\\/wp-content\\\/uploads\\\/2025\\\/12\\\/door_prop.jpg\",\"width\":600,\"height\":600,\"caption\":\"door prop\"},{\"@type\":\"BreadcrumbList\",\"@id\":\"https:\\\/\\\/safetysourcefire.ca\\\/product\\\/door-prop\\\/#breadcrumb\",\"itemListElement\":[{\"@type\":\"ListItem\",\"position\":1,\"name\":\"Home\",\"item\":\"https:\\\/\\\/safetysourcefire.ca\\\/\"},{\"@type\":\"ListItem\",\"position\":2,\"name\":\"Products\",\"item\":\"https:\\\/\\\/safetysourcefire.ca\\\/shop\\\/\"},{\"@type\":\"ListItem\",\"position\":3,\"name\":\"Door Prop\"}]},{\"@type\":\"WebSite\",\"@id\":\"https:\\\/\\\/safetysourcefire.ca\\\/#website\",\"url\":\"https:\\\/\\\/safetysourcefire.ca\\\/\",\"name\":\"Safety Source Fire\",\"description\":\"\",\"publisher\":{\"@id\":\"https:\\\/\\\/safetysourcefire.ca\\\/#organization\"},\"potentialAction\":[{\"@type\":\"SearchAction\",\"target\":{\"@type\":\"EntryPoint\",\"urlTemplate\":\"https:\\\/\\\/safetysourcefire.ca\\\/?s={search_term_string}\"},\"query-input\":{\"@type\":\"PropertyValueSpecification\",\"valueRequired\":true,\"valueName\":\"search_term_string\"}}],\"inLanguage\":\"fr-CA\"},{\"@type\":\"Organization\",\"@id\":\"https:\\\/\\\/safetysourcefire.ca\\\/#organization\",\"name\":\"Safety Source Fire\",\"url\":\"https:\\\/\\\/safetysourcefire.ca\\\/\",\"logo\":{\"@type\":\"ImageObject\",\"inLanguage\":\"fr-CA\",\"@id\":\"https:\\\/\\\/safetysourcefire.ca\\\/#\\\/schema\\\/logo\\\/image\\\/\",\"url\":\"https:\\\/\\\/safetysourcefire.ca\\\/wp-content\\\/uploads\\\/2021\\\/01\\\/SSF_logo_CC0000-3.png\",\"contentUrl\":\"https:\\\/\\\/safetysourcefire.ca\\\/wp-content\\\/uploads\\\/2021\\\/01\\\/SSF_logo_CC0000-3.png\",\"width\":1107,\"height\":365,\"caption\":\"Safety Source Fire\"},\"image\":{\"@id\":\"https:\\\/\\\/safetysourcefire.ca\\\/#\\\/schema\\\/logo\\\/image\\\/\"},\"sameAs\":[\"https:\\\/\\\/www.facebook.com\\\/mmfssca\",\"https:\\\/\\\/x.com\\\/mmfssca\"]}]}<\/script>\n<!-- \/ Yoast SEO plugin. -->","yoast_head_json":{"title":"Barri\u00e8re de porte - Source de s\u00e9curit\u00e9 incendie","robots":{"index":"index","follow":"follow","max-snippet":"max-snippet:-1","max-image-preview":"max-image-preview:large","max-video-preview":"max-video-preview:-1"},"canonical":"https:\/\/safetysourcefire.ca\/fr\/produit\/door-prop\/","og_locale":"fr_CA","og_type":"article","og_title":"Door Prop - Safety Source Fire","og_description":"These door props are an economical choice for what you need them to be - the BASICS.","og_url":"https:\/\/safetysourcefire.ca\/fr\/produit\/door-prop\/","og_site_name":"Safety Source Fire","article_publisher":"https:\/\/www.facebook.com\/mmfssca","article_modified_time":"2026-03-20T20:34:31+00:00","og_image":[{"width":600,"height":600,"url":"https:\/\/safetysourcefire.ca\/wp-content\/uploads\/2025\/12\/door_prop.jpg","type":"image\/jpeg"}],"twitter_card":"summary_large_image","twitter_site":"@mmfssca","twitter_misc":{"Estimation du temps de lecture":"2 minutes"},"schema":{"@context":"https:\/\/schema.org","@graph":[{"@type":"WebPage","@id":"https:\/\/safetysourcefire.ca\/product\/door-prop\/","url":"https:\/\/safetysourcefire.ca\/product\/door-prop\/","name":"Barri\u00e8re de porte - Source de s\u00e9curit\u00e9 incendie","isPartOf":{"@id":"https:\/\/safetysourcefire.ca\/#website"},"primaryImageOfPage":{"@id":"https:\/\/safetysourcefire.ca\/product\/door-prop\/#primaryimage"},"image":{"@id":"https:\/\/safetysourcefire.ca\/product\/door-prop\/#primaryimage"},"thumbnailUrl":"https:\/\/safetysourcefire.ca\/wp-content\/uploads\/2025\/12\/door_prop.jpg","datePublished":"2025-12-01T15:03:14+00:00","dateModified":"2026-03-20T20:34:31+00:00","breadcrumb":{"@id":"https:\/\/safetysourcefire.ca\/product\/door-prop\/#breadcrumb"},"inLanguage":"fr-CA","potentialAction":[{"@type":"ReadAction","target":["https:\/\/safetysourcefire.ca\/product\/door-prop\/"]}]},{"@type":"ImageObject","inLanguage":"fr-CA","@id":"https:\/\/safetysourcefire.ca\/product\/door-prop\/#primaryimage","url":"https:\/\/safetysourcefire.ca\/wp-content\/uploads\/2025\/12\/door_prop.jpg","contentUrl":"https:\/\/safetysourcefire.ca\/wp-content\/uploads\/2025\/12\/door_prop.jpg","width":600,"height":600,"caption":"door prop"},{"@type":"BreadcrumbList","@id":"https:\/\/safetysourcefire.ca\/product\/door-prop\/#breadcrumb","itemListElement":[{"@type":"ListItem","position":1,"name":"Home","item":"https:\/\/safetysourcefire.ca\/"},{"@type":"ListItem","position":2,"name":"Products","item":"https:\/\/safetysourcefire.ca\/shop\/"},{"@type":"ListItem","position":3,"name":"Door Prop"}]},{"@type":"WebSite","@id":"https:\/\/safetysourcefire.ca\/#website","url":"https:\/\/safetysourcefire.ca\/","name":"Safety Source Fire","description":"","publisher":{"@id":"https:\/\/safetysourcefire.ca\/#organization"},"potentialAction":[{"@type":"SearchAction","target":{"@type":"EntryPoint","urlTemplate":"https:\/\/safetysourcefire.ca\/?s={search_term_string}"},"query-input":{"@type":"PropertyValueSpecification","valueRequired":true,"valueName":"search_term_string"}}],"inLanguage":"fr-CA"},{"@type":"Organization","@id":"https:\/\/safetysourcefire.ca\/#organization","name":"Safety Source Fire","url":"https:\/\/safetysourcefire.ca\/","logo":{"@type":"ImageObject","inLanguage":"fr-CA","@id":"https:\/\/safetysourcefire.ca\/#\/schema\/logo\/image\/","url":"https:\/\/safetysourcefire.ca\/wp-content\/uploads\/2021\/01\/SSF_logo_CC0000-3.png","contentUrl":"https:\/\/safetysourcefire.ca\/wp-content\/uploads\/2021\/01\/SSF_logo_CC0000-3.png","width":1107,"height":365,"caption":"Safety Source Fire"},"image":{"@id":"https:\/\/safetysourcefire.ca\/#\/schema\/logo\/image\/"},"sameAs":["https:\/\/www.facebook.com\/mmfssca","https:\/\/x.com\/mmfssca"]}]}},"_links":{"self":[{"href":"https:\/\/safetysourcefire.ca\/fr\/wp-json\/wp\/v2\/product\/30089","targetHints":{"allow":["GET"]}}],"collection":[{"href":"https:\/\/safetysourcefire.ca\/fr\/wp-json\/wp\/v2\/product"}],"about":[{"href":"https:\/\/safetysourcefire.ca\/fr\/wp-json\/wp\/v2\/types\/product"}],"wp:featuredmedia":[{"embeddable":true,"href":"https:\/\/safetysourcefire.ca\/fr\/wp-json\/wp\/v2\/media\/30092"}],"wp:attachment":[{"href":"https:\/\/safetysourcefire.ca\/fr\/wp-json\/wp\/v2\/media?parent=30089"}],"wp:term":[{"taxonomy":"product_brand","embeddable":true,"href":"https:\/\/safetysourcefire.ca\/fr\/wp-json\/wp\/v2\/product_brand?post=30089"},{"taxonomy":"product_cat","embeddable":true,"href":"https:\/\/safetysourcefire.ca\/fr\/wp-json\/wp\/v2\/product_cat?post=30089"},{"taxonomy":"product_tag","embeddable":true,"href":"https:\/\/safetysourcefire.ca\/fr\/wp-json\/wp\/v2\/product_tag?post=30089"}],"curies":[{"name":"wp","href":"https:\/\/api.w.org\/{rel}","templated":true}]}}