{"id":3025,"date":"2017-06-14T20:41:45","date_gmt":"2017-06-14T20:41:45","guid":{"rendered":"http:\/\/mmfss.ca\/?post_type=product&#038;p=3025"},"modified":"2025-03-18T13:04:06","modified_gmt":"2025-03-18T13:04:06","slug":"ld-extruded-nitrile-rubber-fire-hose","status":"publish","type":"product","link":"https:\/\/safetysourcefire.ca\/fr\/produit\/ld-extruded-nitrile-rubber-fire-hose\/","title":{"rendered":"Tuyau LD"},"content":{"rendered":"<p class=\"NoGap\">Durable, fiable, conception in\u00e9gal\u00e9e. LD est LE tuyau d'incendie recouvert de caoutchouc nitrile haut de gamme fabriqu\u00e9 \u00e0 l'aide d'un processus unique qui lie de mani\u00e8re permanente le renfort en nylon 6.6 \u00e0 la couverture\/doublure en caoutchouc nitrile. Les avantages : LD est un tuyau l\u00e9ger, facile \u00e0 enrouler, qui ne s'entortille pas. Il permet un haut d\u00e9bit et r\u00e9siste \u00e0 l'abrasion, aux produits chimiques, aux intemp\u00e9ries et \u00e0 l'ozone. La construction extrud\u00e9e tiss\u00e9e signifie qu'il ne poss\u00e8de pas d'adh\u00e9sifs, et donc pas de d\u00e9laminage, pour une dur\u00e9e de vie plus longue.<\/p>\n<ul class=\"ProductUL\">\n<li><b>Ultra fort.<\/b>\u00a0Ce tuyau d'incendie en caoutchouc nitrile extrud\u00e9 tiss\u00e9 avec renfort en fibres de nylon offre une durabilit\u00e9 sup\u00e9rieure.<\/li>\n<li><b>R\u00e9sistant.<\/b>\u00a0Tr\u00e8s r\u00e9sistant \u00e0 la fois au contact et \u00e0 la chaleur rayonnante. Un rev\u00eatement ext\u00e9rieur en \u00e9lastom\u00e8re permet une tr\u00e8s faible absorption des liquides.<\/li>\n<li><b>Souple.<\/b>\u00a0Reste flexible \u00e0 des temp\u00e9ratures aussi basses que -20 \u00b0F (-29 \u00b0C) et r\u00e9siste \u00e0 l&#039;ozone, \u00e0 l&#039;oxydation et \u00e0 la plupart des produits chimiques et p\u00e9troliers.<\/li>\n<li><b>Versatile.<\/b>\u00a0Con\u00e7u pour des usages multiples - peut \u00eatre utilis\u00e9 comme alternative \u00e0 tous les types de tuyaux conventionnels.<\/li>\n<li><b>Sans souci.<\/b>\u00a0Aucun entretien ni s\u00e9chage requis ; facile \u00e0 nettoyer.<\/li>\n<li><b>Homologu\u00e9.<\/b>\u00a0Fabriqu\u00e9 conform\u00e9ment \u00e0 la norme NFPA 1961, derni\u00e8re \u00e9dition de notre syst\u00e8me d&#039;assurance qualit\u00e9 certifi\u00e9 ISO-9001.<\/li>\n<\/ul>\n<p><a href=\"https:\/\/safetysourcefire.ca\/wp-content\/uploads\/2019\/07\/LD-data-sheet.pdf\">T\u00e9l\u00e9charger la fiche technique<\/a><\/p>","protected":false},"excerpt":{"rendered":"<p>Tuyau d&#039;incendie en caoutchouc nitrile extrud\u00e9<\/p>","protected":false},"featured_media":2949,"template":"","meta":[],"product_brand":[190],"product_cat":[44,65],"product_tag":[500],"class_list":{"0":"post-3025","1":"product","2":"type-product","3":"status-publish","4":"has-post-thumbnail","6":"product_brand-snap-tite-hose","7":"product_cat-fire-suppression","8":"product_cat-hose","9":"product_tag-snap-tite","11":"first","12":"instock","13":"shipping-taxable","14":"product-type-simple"},"yoast_head":"<!-- This site is optimized with the Yoast SEO plugin v27.4 - https:\/\/yoast.com\/product\/yoast-seo-wordpress\/ -->\n<title>LD Hose - Safety Source Fire<\/title>\n<meta name=\"robots\" content=\"index, follow, max-snippet:-1, max-image-preview:large, max-video-preview:-1\" \/>\n<link rel=\"canonical\" href=\"https:\/\/safetysourcefire.ca\/fr\/produit\/ld-extruded-nitrile-rubber-fire-hose\/\" \/>\n<meta property=\"og:locale\" content=\"fr_CA\" \/>\n<meta property=\"og:type\" content=\"article\" \/>\n<meta property=\"og:title\" content=\"LD Hose - Safety Source Fire\" \/>\n<meta property=\"og:description\" content=\"Extruded Nitrile Rubber Fire Hose\" \/>\n<meta property=\"og:url\" content=\"https:\/\/safetysourcefire.ca\/fr\/produit\/ld-extruded-nitrile-rubber-fire-hose\/\" \/>\n<meta property=\"og:site_name\" content=\"Safety Source Fire\" \/>\n<meta property=\"article:publisher\" content=\"https:\/\/www.facebook.com\/mmfssca\" \/>\n<meta property=\"article:modified_time\" content=\"2025-03-18T13:04:06+00:00\" \/>\n<meta property=\"og:image\" content=\"https:\/\/safetysourcefire.ca\/wp-content\/uploads\/2017\/06\/LD.jpg\" \/>\n\t<meta property=\"og:image:width\" content=\"600\" \/>\n\t<meta property=\"og:image:height\" content=\"600\" \/>\n\t<meta property=\"og:image:type\" content=\"image\/jpeg\" \/>\n<meta name=\"twitter:card\" content=\"summary_large_image\" \/>\n<meta name=\"twitter:site\" content=\"@mmfssca\" \/>\n<meta name=\"twitter:label1\" content=\"Estimation du temps de lecture\" \/>\n\t<meta name=\"twitter:data1\" content=\"1 minute\" \/>\n<script type=\"application\/ld+json\" class=\"yoast-schema-graph\">{\"@context\":\"https:\\\/\\\/schema.org\",\"@graph\":[{\"@type\":\"WebPage\",\"@id\":\"https:\\\/\\\/safetysourcefire.ca\\\/product\\\/ld-extruded-nitrile-rubber-fire-hose\\\/\",\"url\":\"https:\\\/\\\/safetysourcefire.ca\\\/product\\\/ld-extruded-nitrile-rubber-fire-hose\\\/\",\"name\":\"LD Hose - Safety Source Fire\",\"isPartOf\":{\"@id\":\"https:\\\/\\\/safetysourcefire.ca\\\/#website\"},\"primaryImageOfPage\":{\"@id\":\"https:\\\/\\\/safetysourcefire.ca\\\/product\\\/ld-extruded-nitrile-rubber-fire-hose\\\/#primaryimage\"},\"image\":{\"@id\":\"https:\\\/\\\/safetysourcefire.ca\\\/product\\\/ld-extruded-nitrile-rubber-fire-hose\\\/#primaryimage\"},\"thumbnailUrl\":\"https:\\\/\\\/safetysourcefire.ca\\\/wp-content\\\/uploads\\\/2017\\\/06\\\/LD.jpg\",\"datePublished\":\"2017-06-14T20:41:45+00:00\",\"dateModified\":\"2025-03-18T13:04:06+00:00\",\"breadcrumb\":{\"@id\":\"https:\\\/\\\/safetysourcefire.ca\\\/product\\\/ld-extruded-nitrile-rubber-fire-hose\\\/#breadcrumb\"},\"inLanguage\":\"fr-CA\",\"potentialAction\":[{\"@type\":\"ReadAction\",\"target\":[\"https:\\\/\\\/safetysourcefire.ca\\\/product\\\/ld-extruded-nitrile-rubber-fire-hose\\\/\"]}]},{\"@type\":\"ImageObject\",\"inLanguage\":\"fr-CA\",\"@id\":\"https:\\\/\\\/safetysourcefire.ca\\\/product\\\/ld-extruded-nitrile-rubber-fire-hose\\\/#primaryimage\",\"url\":\"https:\\\/\\\/safetysourcefire.ca\\\/wp-content\\\/uploads\\\/2017\\\/06\\\/LD.jpg\",\"contentUrl\":\"https:\\\/\\\/safetysourcefire.ca\\\/wp-content\\\/uploads\\\/2017\\\/06\\\/LD.jpg\",\"width\":600,\"height\":600,\"caption\":\"red hose\"},{\"@type\":\"BreadcrumbList\",\"@id\":\"https:\\\/\\\/safetysourcefire.ca\\\/product\\\/ld-extruded-nitrile-rubber-fire-hose\\\/#breadcrumb\",\"itemListElement\":[{\"@type\":\"ListItem\",\"position\":1,\"name\":\"Home\",\"item\":\"https:\\\/\\\/safetysourcefire.ca\\\/\"},{\"@type\":\"ListItem\",\"position\":2,\"name\":\"Products\",\"item\":\"https:\\\/\\\/safetysourcefire.ca\\\/shop\\\/\"},{\"@type\":\"ListItem\",\"position\":3,\"name\":\"LD Hose\"}]},{\"@type\":\"WebSite\",\"@id\":\"https:\\\/\\\/safetysourcefire.ca\\\/#website\",\"url\":\"https:\\\/\\\/safetysourcefire.ca\\\/\",\"name\":\"Safety Source Fire\",\"description\":\"\",\"publisher\":{\"@id\":\"https:\\\/\\\/safetysourcefire.ca\\\/#organization\"},\"potentialAction\":[{\"@type\":\"SearchAction\",\"target\":{\"@type\":\"EntryPoint\",\"urlTemplate\":\"https:\\\/\\\/safetysourcefire.ca\\\/?s={search_term_string}\"},\"query-input\":{\"@type\":\"PropertyValueSpecification\",\"valueRequired\":true,\"valueName\":\"search_term_string\"}}],\"inLanguage\":\"fr-CA\"},{\"@type\":\"Organization\",\"@id\":\"https:\\\/\\\/safetysourcefire.ca\\\/#organization\",\"name\":\"Safety Source Fire\",\"url\":\"https:\\\/\\\/safetysourcefire.ca\\\/\",\"logo\":{\"@type\":\"ImageObject\",\"inLanguage\":\"fr-CA\",\"@id\":\"https:\\\/\\\/safetysourcefire.ca\\\/#\\\/schema\\\/logo\\\/image\\\/\",\"url\":\"https:\\\/\\\/safetysourcefire.ca\\\/wp-content\\\/uploads\\\/2021\\\/01\\\/SSF_logo_CC0000-3.png\",\"contentUrl\":\"https:\\\/\\\/safetysourcefire.ca\\\/wp-content\\\/uploads\\\/2021\\\/01\\\/SSF_logo_CC0000-3.png\",\"width\":1107,\"height\":365,\"caption\":\"Safety Source Fire\"},\"image\":{\"@id\":\"https:\\\/\\\/safetysourcefire.ca\\\/#\\\/schema\\\/logo\\\/image\\\/\"},\"sameAs\":[\"https:\\\/\\\/www.facebook.com\\\/mmfssca\",\"https:\\\/\\\/x.com\\\/mmfssca\"]}]}<\/script>\n<!-- \/ Yoast SEO plugin. -->","yoast_head_json":{"title":"LD Hose - Safety Source Fire","robots":{"index":"index","follow":"follow","max-snippet":"max-snippet:-1","max-image-preview":"max-image-preview:large","max-video-preview":"max-video-preview:-1"},"canonical":"https:\/\/safetysourcefire.ca\/fr\/produit\/ld-extruded-nitrile-rubber-fire-hose\/","og_locale":"fr_CA","og_type":"article","og_title":"LD Hose - Safety Source Fire","og_description":"Extruded Nitrile Rubber Fire Hose","og_url":"https:\/\/safetysourcefire.ca\/fr\/produit\/ld-extruded-nitrile-rubber-fire-hose\/","og_site_name":"Safety Source Fire","article_publisher":"https:\/\/www.facebook.com\/mmfssca","article_modified_time":"2025-03-18T13:04:06+00:00","og_image":[{"width":600,"height":600,"url":"https:\/\/safetysourcefire.ca\/wp-content\/uploads\/2017\/06\/LD.jpg","type":"image\/jpeg"}],"twitter_card":"summary_large_image","twitter_site":"@mmfssca","twitter_misc":{"Estimation du temps de lecture":"1 minute"},"schema":{"@context":"https:\/\/schema.org","@graph":[{"@type":"WebPage","@id":"https:\/\/safetysourcefire.ca\/product\/ld-extruded-nitrile-rubber-fire-hose\/","url":"https:\/\/safetysourcefire.ca\/product\/ld-extruded-nitrile-rubber-fire-hose\/","name":"LD Hose - Safety Source Fire","isPartOf":{"@id":"https:\/\/safetysourcefire.ca\/#website"},"primaryImageOfPage":{"@id":"https:\/\/safetysourcefire.ca\/product\/ld-extruded-nitrile-rubber-fire-hose\/#primaryimage"},"image":{"@id":"https:\/\/safetysourcefire.ca\/product\/ld-extruded-nitrile-rubber-fire-hose\/#primaryimage"},"thumbnailUrl":"https:\/\/safetysourcefire.ca\/wp-content\/uploads\/2017\/06\/LD.jpg","datePublished":"2017-06-14T20:41:45+00:00","dateModified":"2025-03-18T13:04:06+00:00","breadcrumb":{"@id":"https:\/\/safetysourcefire.ca\/product\/ld-extruded-nitrile-rubber-fire-hose\/#breadcrumb"},"inLanguage":"fr-CA","potentialAction":[{"@type":"ReadAction","target":["https:\/\/safetysourcefire.ca\/product\/ld-extruded-nitrile-rubber-fire-hose\/"]}]},{"@type":"ImageObject","inLanguage":"fr-CA","@id":"https:\/\/safetysourcefire.ca\/product\/ld-extruded-nitrile-rubber-fire-hose\/#primaryimage","url":"https:\/\/safetysourcefire.ca\/wp-content\/uploads\/2017\/06\/LD.jpg","contentUrl":"https:\/\/safetysourcefire.ca\/wp-content\/uploads\/2017\/06\/LD.jpg","width":600,"height":600,"caption":"red hose"},{"@type":"BreadcrumbList","@id":"https:\/\/safetysourcefire.ca\/product\/ld-extruded-nitrile-rubber-fire-hose\/#breadcrumb","itemListElement":[{"@type":"ListItem","position":1,"name":"Home","item":"https:\/\/safetysourcefire.ca\/"},{"@type":"ListItem","position":2,"name":"Products","item":"https:\/\/safetysourcefire.ca\/shop\/"},{"@type":"ListItem","position":3,"name":"LD Hose"}]},{"@type":"WebSite","@id":"https:\/\/safetysourcefire.ca\/#website","url":"https:\/\/safetysourcefire.ca\/","name":"Safety Source Fire","description":"","publisher":{"@id":"https:\/\/safetysourcefire.ca\/#organization"},"potentialAction":[{"@type":"SearchAction","target":{"@type":"EntryPoint","urlTemplate":"https:\/\/safetysourcefire.ca\/?s={search_term_string}"},"query-input":{"@type":"PropertyValueSpecification","valueRequired":true,"valueName":"search_term_string"}}],"inLanguage":"fr-CA"},{"@type":"Organization","@id":"https:\/\/safetysourcefire.ca\/#organization","name":"Safety Source Fire","url":"https:\/\/safetysourcefire.ca\/","logo":{"@type":"ImageObject","inLanguage":"fr-CA","@id":"https:\/\/safetysourcefire.ca\/#\/schema\/logo\/image\/","url":"https:\/\/safetysourcefire.ca\/wp-content\/uploads\/2021\/01\/SSF_logo_CC0000-3.png","contentUrl":"https:\/\/safetysourcefire.ca\/wp-content\/uploads\/2021\/01\/SSF_logo_CC0000-3.png","width":1107,"height":365,"caption":"Safety Source Fire"},"image":{"@id":"https:\/\/safetysourcefire.ca\/#\/schema\/logo\/image\/"},"sameAs":["https:\/\/www.facebook.com\/mmfssca","https:\/\/x.com\/mmfssca"]}]}},"_links":{"self":[{"href":"https:\/\/safetysourcefire.ca\/fr\/wp-json\/wp\/v2\/product\/3025","targetHints":{"allow":["GET"]}}],"collection":[{"href":"https:\/\/safetysourcefire.ca\/fr\/wp-json\/wp\/v2\/product"}],"about":[{"href":"https:\/\/safetysourcefire.ca\/fr\/wp-json\/wp\/v2\/types\/product"}],"wp:featuredmedia":[{"embeddable":true,"href":"https:\/\/safetysourcefire.ca\/fr\/wp-json\/wp\/v2\/media\/2949"}],"wp:attachment":[{"href":"https:\/\/safetysourcefire.ca\/fr\/wp-json\/wp\/v2\/media?parent=3025"}],"wp:term":[{"taxonomy":"product_brand","embeddable":true,"href":"https:\/\/safetysourcefire.ca\/fr\/wp-json\/wp\/v2\/product_brand?post=3025"},{"taxonomy":"product_cat","embeddable":true,"href":"https:\/\/safetysourcefire.ca\/fr\/wp-json\/wp\/v2\/product_cat?post=3025"},{"taxonomy":"product_tag","embeddable":true,"href":"https:\/\/safetysourcefire.ca\/fr\/wp-json\/wp\/v2\/product_tag?post=3025"}],"curies":[{"name":"wp","href":"https:\/\/api.w.org\/{rel}","templated":true}]}}