{"id":30271,"date":"2026-03-23T13:25:11","date_gmt":"2026-03-23T13:25:11","guid":{"rendered":"https:\/\/safetysourcefire.ca\/?post_type=product&#038;p=30271"},"modified":"2026-03-23T17:08:55","modified_gmt":"2026-03-23T17:08:55","slug":"mark-3-essential-high-pressure-fire-pump","status":"publish","type":"product","link":"https:\/\/safetysourcefire.ca\/fr\/produit\/mark-3-essential-high-pressure-fire-pump\/","title":{"rendered":"Pompe \u00e0 incendie haute pression essentielle MARK-3\u00ae"},"content":{"rendered":"<p>Con\u00e7ue pour les \u00e9quipes qui privil\u00e9gient la durabilit\u00e9 et la simplicit\u00e9 d&#039;utilisation, cette pompe offre une fiabilit\u00e9 enti\u00e8rement m\u00e9canique, sans \u00e9lectronique, sans interfaces num\u00e9riques et sans rien de superflu\u00a0: une puissance fiable dans tous les environnements, qu&#039;ils soient naturels ou industriels.<\/p>\n<p><strong>Applications<\/strong><\/p>\n<ul>\n<li>Op\u00e9rations d&#039;attaque directe contre les feux de for\u00eat.<\/li>\n<li>Pompage relais des r\u00e9servoirs pour l&#039;arrosage \u00e0 distance lors des op\u00e9rations de lutte contre les incendies.<\/li>\n<li>Lutte contre les incendies en haute altitude dans les zones montagneuses.<\/li>\n<li>En pompage en s\u00e9rie sur de longues distances.<\/li>\n<li>Pompage en parall\u00e8le pour des volumes plus importants.<\/li>\n<\/ul>\n<p><strong>Caract\u00e9ristiques et avantages<\/strong><\/p>\n<ul>\n<li>Collier de serrage \u00e0 d\u00e9gagement rapide et extr\u00e9mit\u00e9 de pompe d\u00e9tachable pour un temps d&#039;arr\u00eat minimal de l&#039;\u00e9quipement.<\/li>\n<li>Roulement \u00e9tanche pour \u00e9liminer le graissage de l&#039;extr\u00e9mit\u00e9 de la pompe sur le terrain.<\/li>\n<li>Composants de pompe en alliage d&#039;aluminium et pi\u00e8ces anodis\u00e9es pour un poids plus l\u00e9ger et une meilleure r\u00e9sistance \u00e0 la corrosion.<\/li>\n<li>Le dispositif anti-inondation r\u00e9duit consid\u00e9rablement le risque d&#039;inondation des moteurs.<\/li>\n<li>Bretelles de sac \u00e0 dos en option.<\/li>\n<\/ul>","protected":false},"excerpt":{"rendered":"<p>La pompe \u00e0 incendie haute pression MARK-3 Essential offre les performances haute pression fiables de la plateforme MARK-3 dans sa forme la plus simple et la plus robuste.<\/p>","protected":false},"featured_media":30272,"template":"","meta":[],"product_brand":[185],"product_cat":[462,44,68,463],"product_tag":[],"class_list":{"0":"post-30271","1":"product","2":"type-product","3":"status-publish","4":"has-post-thumbnail","6":"product_brand-waterax","7":"product_cat-emergency-preparedness","8":"product_cat-fire-suppression","9":"product_cat-portable-pumps","10":"product_cat-wildland-fire","12":"first","13":"instock","14":"shipping-taxable","15":"product-type-simple"},"yoast_head":"<!-- This site is optimized with the Yoast SEO plugin v27.4 - https:\/\/yoast.com\/product\/yoast-seo-wordpress\/ -->\n<title>MARK-3\u00ae Essential High-Pressure Fire Pump - Safety Source Fire<\/title>\n<meta name=\"robots\" content=\"index, follow, max-snippet:-1, max-image-preview:large, max-video-preview:-1\" \/>\n<link rel=\"canonical\" href=\"https:\/\/safetysourcefire.ca\/fr\/produit\/mark-3-essential-high-pressure-fire-pump\/\" \/>\n<meta property=\"og:locale\" content=\"fr_CA\" \/>\n<meta property=\"og:type\" content=\"article\" \/>\n<meta property=\"og:title\" content=\"MARK-3\u00ae Essential High-Pressure Fire Pump - Safety Source Fire\" \/>\n<meta property=\"og:description\" content=\"The MARK-3 Essential High-Pressure Fire Pump delivers the trusted high\u2011pressure performance of the MARK\u20113 platform in its simplest and most rugged form.\" \/>\n<meta property=\"og:url\" content=\"https:\/\/safetysourcefire.ca\/fr\/produit\/mark-3-essential-high-pressure-fire-pump\/\" \/>\n<meta property=\"og:site_name\" content=\"Safety Source Fire\" \/>\n<meta property=\"article:publisher\" content=\"https:\/\/www.facebook.com\/mmfssca\" \/>\n<meta property=\"article:modified_time\" content=\"2026-03-23T17:08:55+00:00\" \/>\n<meta property=\"og:image\" content=\"https:\/\/safetysourcefire.ca\/wp-content\/uploads\/2026\/03\/MK3-ES.jpg\" \/>\n\t<meta property=\"og:image:width\" content=\"600\" \/>\n\t<meta property=\"og:image:height\" content=\"600\" \/>\n\t<meta property=\"og:image:type\" content=\"image\/jpeg\" \/>\n<meta name=\"twitter:card\" content=\"summary_large_image\" \/>\n<meta name=\"twitter:site\" content=\"@mmfssca\" \/>\n<meta name=\"twitter:label1\" content=\"Estimation du temps de lecture\" \/>\n\t<meta name=\"twitter:data1\" content=\"1 minute\" \/>\n<script type=\"application\/ld+json\" class=\"yoast-schema-graph\">{\"@context\":\"https:\\\/\\\/schema.org\",\"@graph\":[{\"@type\":\"WebPage\",\"@id\":\"https:\\\/\\\/safetysourcefire.ca\\\/product\\\/mark-3-essential-high-pressure-fire-pump\\\/\",\"url\":\"https:\\\/\\\/safetysourcefire.ca\\\/product\\\/mark-3-essential-high-pressure-fire-pump\\\/\",\"name\":\"MARK-3\u00ae Essential High-Pressure Fire Pump - Safety Source Fire\",\"isPartOf\":{\"@id\":\"https:\\\/\\\/safetysourcefire.ca\\\/#website\"},\"primaryImageOfPage\":{\"@id\":\"https:\\\/\\\/safetysourcefire.ca\\\/product\\\/mark-3-essential-high-pressure-fire-pump\\\/#primaryimage\"},\"image\":{\"@id\":\"https:\\\/\\\/safetysourcefire.ca\\\/product\\\/mark-3-essential-high-pressure-fire-pump\\\/#primaryimage\"},\"thumbnailUrl\":\"https:\\\/\\\/safetysourcefire.ca\\\/wp-content\\\/uploads\\\/2026\\\/03\\\/MK3-ES.jpg\",\"datePublished\":\"2026-03-23T13:25:11+00:00\",\"dateModified\":\"2026-03-23T17:08:55+00:00\",\"breadcrumb\":{\"@id\":\"https:\\\/\\\/safetysourcefire.ca\\\/product\\\/mark-3-essential-high-pressure-fire-pump\\\/#breadcrumb\"},\"inLanguage\":\"fr-CA\",\"potentialAction\":[{\"@type\":\"ReadAction\",\"target\":[\"https:\\\/\\\/safetysourcefire.ca\\\/product\\\/mark-3-essential-high-pressure-fire-pump\\\/\"]}]},{\"@type\":\"ImageObject\",\"inLanguage\":\"fr-CA\",\"@id\":\"https:\\\/\\\/safetysourcefire.ca\\\/product\\\/mark-3-essential-high-pressure-fire-pump\\\/#primaryimage\",\"url\":\"https:\\\/\\\/safetysourcefire.ca\\\/wp-content\\\/uploads\\\/2026\\\/03\\\/MK3-ES.jpg\",\"contentUrl\":\"https:\\\/\\\/safetysourcefire.ca\\\/wp-content\\\/uploads\\\/2026\\\/03\\\/MK3-ES.jpg\",\"width\":600,\"height\":600,\"caption\":\"Mark-3 Essential\"},{\"@type\":\"BreadcrumbList\",\"@id\":\"https:\\\/\\\/safetysourcefire.ca\\\/product\\\/mark-3-essential-high-pressure-fire-pump\\\/#breadcrumb\",\"itemListElement\":[{\"@type\":\"ListItem\",\"position\":1,\"name\":\"Home\",\"item\":\"https:\\\/\\\/safetysourcefire.ca\\\/\"},{\"@type\":\"ListItem\",\"position\":2,\"name\":\"Products\",\"item\":\"https:\\\/\\\/safetysourcefire.ca\\\/shop\\\/\"},{\"@type\":\"ListItem\",\"position\":3,\"name\":\"MARK-3\u00ae Essential High-Pressure Fire Pump\"}]},{\"@type\":\"WebSite\",\"@id\":\"https:\\\/\\\/safetysourcefire.ca\\\/#website\",\"url\":\"https:\\\/\\\/safetysourcefire.ca\\\/\",\"name\":\"Safety Source Fire\",\"description\":\"\",\"publisher\":{\"@id\":\"https:\\\/\\\/safetysourcefire.ca\\\/#organization\"},\"potentialAction\":[{\"@type\":\"SearchAction\",\"target\":{\"@type\":\"EntryPoint\",\"urlTemplate\":\"https:\\\/\\\/safetysourcefire.ca\\\/?s={search_term_string}\"},\"query-input\":{\"@type\":\"PropertyValueSpecification\",\"valueRequired\":true,\"valueName\":\"search_term_string\"}}],\"inLanguage\":\"fr-CA\"},{\"@type\":\"Organization\",\"@id\":\"https:\\\/\\\/safetysourcefire.ca\\\/#organization\",\"name\":\"Safety Source Fire\",\"url\":\"https:\\\/\\\/safetysourcefire.ca\\\/\",\"logo\":{\"@type\":\"ImageObject\",\"inLanguage\":\"fr-CA\",\"@id\":\"https:\\\/\\\/safetysourcefire.ca\\\/#\\\/schema\\\/logo\\\/image\\\/\",\"url\":\"https:\\\/\\\/safetysourcefire.ca\\\/wp-content\\\/uploads\\\/2021\\\/01\\\/SSF_logo_CC0000-3.png\",\"contentUrl\":\"https:\\\/\\\/safetysourcefire.ca\\\/wp-content\\\/uploads\\\/2021\\\/01\\\/SSF_logo_CC0000-3.png\",\"width\":1107,\"height\":365,\"caption\":\"Safety Source Fire\"},\"image\":{\"@id\":\"https:\\\/\\\/safetysourcefire.ca\\\/#\\\/schema\\\/logo\\\/image\\\/\"},\"sameAs\":[\"https:\\\/\\\/www.facebook.com\\\/mmfssca\",\"https:\\\/\\\/x.com\\\/mmfssca\"]}]}<\/script>\n<!-- \/ Yoast SEO plugin. -->","yoast_head_json":{"title":"MARK-3\u00ae Essential High-Pressure Fire Pump - Safety Source Fire","robots":{"index":"index","follow":"follow","max-snippet":"max-snippet:-1","max-image-preview":"max-image-preview:large","max-video-preview":"max-video-preview:-1"},"canonical":"https:\/\/safetysourcefire.ca\/fr\/produit\/mark-3-essential-high-pressure-fire-pump\/","og_locale":"fr_CA","og_type":"article","og_title":"MARK-3\u00ae Essential High-Pressure Fire Pump - Safety Source Fire","og_description":"The MARK-3 Essential High-Pressure Fire Pump delivers the trusted high\u2011pressure performance of the MARK\u20113 platform in its simplest and most rugged form.","og_url":"https:\/\/safetysourcefire.ca\/fr\/produit\/mark-3-essential-high-pressure-fire-pump\/","og_site_name":"Safety Source Fire","article_publisher":"https:\/\/www.facebook.com\/mmfssca","article_modified_time":"2026-03-23T17:08:55+00:00","og_image":[{"width":600,"height":600,"url":"https:\/\/safetysourcefire.ca\/wp-content\/uploads\/2026\/03\/MK3-ES.jpg","type":"image\/jpeg"}],"twitter_card":"summary_large_image","twitter_site":"@mmfssca","twitter_misc":{"Estimation du temps de lecture":"1 minute"},"schema":{"@context":"https:\/\/schema.org","@graph":[{"@type":"WebPage","@id":"https:\/\/safetysourcefire.ca\/product\/mark-3-essential-high-pressure-fire-pump\/","url":"https:\/\/safetysourcefire.ca\/product\/mark-3-essential-high-pressure-fire-pump\/","name":"MARK-3\u00ae Essential High-Pressure Fire Pump - Safety Source Fire","isPartOf":{"@id":"https:\/\/safetysourcefire.ca\/#website"},"primaryImageOfPage":{"@id":"https:\/\/safetysourcefire.ca\/product\/mark-3-essential-high-pressure-fire-pump\/#primaryimage"},"image":{"@id":"https:\/\/safetysourcefire.ca\/product\/mark-3-essential-high-pressure-fire-pump\/#primaryimage"},"thumbnailUrl":"https:\/\/safetysourcefire.ca\/wp-content\/uploads\/2026\/03\/MK3-ES.jpg","datePublished":"2026-03-23T13:25:11+00:00","dateModified":"2026-03-23T17:08:55+00:00","breadcrumb":{"@id":"https:\/\/safetysourcefire.ca\/product\/mark-3-essential-high-pressure-fire-pump\/#breadcrumb"},"inLanguage":"fr-CA","potentialAction":[{"@type":"ReadAction","target":["https:\/\/safetysourcefire.ca\/product\/mark-3-essential-high-pressure-fire-pump\/"]}]},{"@type":"ImageObject","inLanguage":"fr-CA","@id":"https:\/\/safetysourcefire.ca\/product\/mark-3-essential-high-pressure-fire-pump\/#primaryimage","url":"https:\/\/safetysourcefire.ca\/wp-content\/uploads\/2026\/03\/MK3-ES.jpg","contentUrl":"https:\/\/safetysourcefire.ca\/wp-content\/uploads\/2026\/03\/MK3-ES.jpg","width":600,"height":600,"caption":"Mark-3 Essential"},{"@type":"BreadcrumbList","@id":"https:\/\/safetysourcefire.ca\/product\/mark-3-essential-high-pressure-fire-pump\/#breadcrumb","itemListElement":[{"@type":"ListItem","position":1,"name":"Home","item":"https:\/\/safetysourcefire.ca\/"},{"@type":"ListItem","position":2,"name":"Products","item":"https:\/\/safetysourcefire.ca\/shop\/"},{"@type":"ListItem","position":3,"name":"MARK-3\u00ae Essential High-Pressure Fire Pump"}]},{"@type":"WebSite","@id":"https:\/\/safetysourcefire.ca\/#website","url":"https:\/\/safetysourcefire.ca\/","name":"Safety Source Fire","description":"","publisher":{"@id":"https:\/\/safetysourcefire.ca\/#organization"},"potentialAction":[{"@type":"SearchAction","target":{"@type":"EntryPoint","urlTemplate":"https:\/\/safetysourcefire.ca\/?s={search_term_string}"},"query-input":{"@type":"PropertyValueSpecification","valueRequired":true,"valueName":"search_term_string"}}],"inLanguage":"fr-CA"},{"@type":"Organization","@id":"https:\/\/safetysourcefire.ca\/#organization","name":"Safety Source Fire","url":"https:\/\/safetysourcefire.ca\/","logo":{"@type":"ImageObject","inLanguage":"fr-CA","@id":"https:\/\/safetysourcefire.ca\/#\/schema\/logo\/image\/","url":"https:\/\/safetysourcefire.ca\/wp-content\/uploads\/2021\/01\/SSF_logo_CC0000-3.png","contentUrl":"https:\/\/safetysourcefire.ca\/wp-content\/uploads\/2021\/01\/SSF_logo_CC0000-3.png","width":1107,"height":365,"caption":"Safety Source Fire"},"image":{"@id":"https:\/\/safetysourcefire.ca\/#\/schema\/logo\/image\/"},"sameAs":["https:\/\/www.facebook.com\/mmfssca","https:\/\/x.com\/mmfssca"]}]}},"_links":{"self":[{"href":"https:\/\/safetysourcefire.ca\/fr\/wp-json\/wp\/v2\/product\/30271","targetHints":{"allow":["GET"]}}],"collection":[{"href":"https:\/\/safetysourcefire.ca\/fr\/wp-json\/wp\/v2\/product"}],"about":[{"href":"https:\/\/safetysourcefire.ca\/fr\/wp-json\/wp\/v2\/types\/product"}],"wp:featuredmedia":[{"embeddable":true,"href":"https:\/\/safetysourcefire.ca\/fr\/wp-json\/wp\/v2\/media\/30272"}],"wp:attachment":[{"href":"https:\/\/safetysourcefire.ca\/fr\/wp-json\/wp\/v2\/media?parent=30271"}],"wp:term":[{"taxonomy":"product_brand","embeddable":true,"href":"https:\/\/safetysourcefire.ca\/fr\/wp-json\/wp\/v2\/product_brand?post=30271"},{"taxonomy":"product_cat","embeddable":true,"href":"https:\/\/safetysourcefire.ca\/fr\/wp-json\/wp\/v2\/product_cat?post=30271"},{"taxonomy":"product_tag","embeddable":true,"href":"https:\/\/safetysourcefire.ca\/fr\/wp-json\/wp\/v2\/product_tag?post=30271"}],"curies":[{"name":"wp","href":"https:\/\/api.w.org\/{rel}","templated":true}]}}