{"id":30281,"date":"2026-03-23T14:15:46","date_gmt":"2026-03-23T14:15:46","guid":{"rendered":"https:\/\/safetysourcefire.ca\/?post_type=product&#038;p=30281"},"modified":"2026-03-23T17:06:31","modified_gmt":"2026-03-23T17:06:31","slug":"b2x-mid-range-pump-diesel","status":"publish","type":"product","link":"https:\/\/safetysourcefire.ca\/fr\/produit\/b2x-mid-range-pump-diesel\/","title":{"rendered":"Pompe diesel B2X de moyenne gamme"},"content":{"rendered":"<p>Gr\u00e2ce \u00e0 ses performances exceptionnelles en termes de pression et de d\u00e9bit, cette pompe est id\u00e9ale pour les applications mont\u00e9es sur v\u00e9hicules, notamment pour les op\u00e9rations municipales et les zones d&#039;interface entre les milieux naturels et urbains. Le syst\u00e8me de fixation rapide WATERAX fourni avec la pompe B2X facilite la maintenance sans d\u00e9montage complet, r\u00e9duisant ainsi consid\u00e9rablement les temps d&#039;arr\u00eat.<\/p>\n<p>Cet appareil est disponible en diff\u00e9rentes configurations\u00a0:<\/p>\n<ul>\n<li>Orientation d&#039;entra\u00eenement horizontale et verticale<\/li>\n<\/ul>\n<p>Applications<\/p>\n<ul>\n<li>Applications mont\u00e9es sur v\u00e9hicule<\/li>\n<li>Camions de broussailles<\/li>\n<li>unit\u00e9s d&#039;attaque initiales<\/li>\n<li>Unit\u00e9s \u00e0 enfiler<\/li>\n<li>2 lignes d&#039;attaque simultan\u00e9es de 1-1\/2 po<\/li>\n<li>Protection des structures<\/li>\n<li>Transfert d&#039;eau<\/li>\n<li>pompe \u00e0 incendie pour bateau<\/li>\n<\/ul>\n<p>Caract\u00e9ristiques et avantages<\/p>\n<ul>\n<li>Extr\u00e9mit\u00e9 de pompe d\u00e9tachable pour faciliter l&#039;entretien<\/li>\n<li>Syst\u00e8me de transmission par courroie pour des performances fiables et n\u00e9cessitant peu d&#039;entretien<\/li>\n<li>Composants de pompe en alliage d&#039;aluminium et pi\u00e8ces anodis\u00e9es pour un poids plus l\u00e9ger et une meilleure r\u00e9sistance \u00e0 la corrosion<\/li>\n<li>certifi\u00e9 EPA<\/li>\n<\/ul>\n<p><a href=\"https:\/\/waterax.imgix.net\/products\/documents\/B2X-D902-One%20Pager.pdf\">Document d&#039;une page B2X-D902<\/a><\/p>","protected":false},"excerpt":{"rendered":"<p>Le groupe \u00e9lectrog\u00e8ne diesel B2X-D902 est une pompe \u00e0 incendie de milieu de gamme id\u00e9ale pour les camions de lutte contre les broussailles utilis\u00e9s dans les op\u00e9rations en zone foresti\u00e8re et \u00e0 l&#039;interface urbaine.<\/p>","protected":false},"featured_media":30282,"template":"","meta":[],"product_brand":[185],"product_cat":[462,44,608,463],"product_tag":[],"class_list":{"0":"post-30281","1":"product","2":"type-product","3":"status-publish","4":"has-post-thumbnail","6":"product_brand-waterax","7":"product_cat-emergency-preparedness","8":"product_cat-fire-suppression","9":"product_cat-vehicle-mounted-pumps","10":"product_cat-wildland-fire","12":"first","13":"instock","14":"shipping-taxable","15":"product-type-simple"},"yoast_head":"<!-- This site is optimized with the Yoast SEO plugin v27.4 - https:\/\/yoast.com\/product\/yoast-seo-wordpress\/ -->\n<title>B2X Mid-Range Pump Diesel - Safety Source Fire<\/title>\n<meta name=\"robots\" content=\"index, follow, max-snippet:-1, max-image-preview:large, max-video-preview:-1\" \/>\n<link rel=\"canonical\" href=\"https:\/\/safetysourcefire.ca\/fr\/produit\/b2x-mid-range-pump-diesel\/\" \/>\n<meta property=\"og:locale\" content=\"fr_CA\" \/>\n<meta property=\"og:type\" content=\"article\" \/>\n<meta property=\"og:title\" content=\"B2X Mid-Range Pump Diesel - Safety Source Fire\" \/>\n<meta property=\"og:description\" content=\"The B2X-D902 diesel unit is a mid-range fire pump ideal for brush trucks used in wildland and urban interface operations.\" \/>\n<meta property=\"og:url\" content=\"https:\/\/safetysourcefire.ca\/fr\/produit\/b2x-mid-range-pump-diesel\/\" \/>\n<meta property=\"og:site_name\" content=\"Safety Source Fire\" \/>\n<meta property=\"article:publisher\" content=\"https:\/\/www.facebook.com\/mmfssca\" \/>\n<meta property=\"article:modified_time\" content=\"2026-03-23T17:06:31+00:00\" \/>\n<meta property=\"og:image\" content=\"https:\/\/safetysourcefire.ca\/wp-content\/uploads\/2026\/03\/B2X-D.jpg\" \/>\n\t<meta property=\"og:image:width\" content=\"600\" \/>\n\t<meta property=\"og:image:height\" content=\"600\" \/>\n\t<meta property=\"og:image:type\" content=\"image\/jpeg\" \/>\n<meta name=\"twitter:card\" content=\"summary_large_image\" \/>\n<meta name=\"twitter:site\" content=\"@mmfssca\" \/>\n<meta name=\"twitter:label1\" content=\"Estimation du temps de lecture\" \/>\n\t<meta name=\"twitter:data1\" content=\"1 minute\" \/>\n<script type=\"application\/ld+json\" class=\"yoast-schema-graph\">{\"@context\":\"https:\\\/\\\/schema.org\",\"@graph\":[{\"@type\":\"WebPage\",\"@id\":\"https:\\\/\\\/safetysourcefire.ca\\\/product\\\/b2x-mid-range-pump-diesel\\\/\",\"url\":\"https:\\\/\\\/safetysourcefire.ca\\\/product\\\/b2x-mid-range-pump-diesel\\\/\",\"name\":\"B2X Mid-Range Pump Diesel - Safety Source Fire\",\"isPartOf\":{\"@id\":\"https:\\\/\\\/safetysourcefire.ca\\\/#website\"},\"primaryImageOfPage\":{\"@id\":\"https:\\\/\\\/safetysourcefire.ca\\\/product\\\/b2x-mid-range-pump-diesel\\\/#primaryimage\"},\"image\":{\"@id\":\"https:\\\/\\\/safetysourcefire.ca\\\/product\\\/b2x-mid-range-pump-diesel\\\/#primaryimage\"},\"thumbnailUrl\":\"https:\\\/\\\/safetysourcefire.ca\\\/wp-content\\\/uploads\\\/2026\\\/03\\\/B2X-D.jpg\",\"datePublished\":\"2026-03-23T14:15:46+00:00\",\"dateModified\":\"2026-03-23T17:06:31+00:00\",\"breadcrumb\":{\"@id\":\"https:\\\/\\\/safetysourcefire.ca\\\/product\\\/b2x-mid-range-pump-diesel\\\/#breadcrumb\"},\"inLanguage\":\"fr-CA\",\"potentialAction\":[{\"@type\":\"ReadAction\",\"target\":[\"https:\\\/\\\/safetysourcefire.ca\\\/product\\\/b2x-mid-range-pump-diesel\\\/\"]}]},{\"@type\":\"ImageObject\",\"inLanguage\":\"fr-CA\",\"@id\":\"https:\\\/\\\/safetysourcefire.ca\\\/product\\\/b2x-mid-range-pump-diesel\\\/#primaryimage\",\"url\":\"https:\\\/\\\/safetysourcefire.ca\\\/wp-content\\\/uploads\\\/2026\\\/03\\\/B2X-D.jpg\",\"contentUrl\":\"https:\\\/\\\/safetysourcefire.ca\\\/wp-content\\\/uploads\\\/2026\\\/03\\\/B2X-D.jpg\",\"width\":600,\"height\":600,\"caption\":\"B2X diesel\"},{\"@type\":\"BreadcrumbList\",\"@id\":\"https:\\\/\\\/safetysourcefire.ca\\\/product\\\/b2x-mid-range-pump-diesel\\\/#breadcrumb\",\"itemListElement\":[{\"@type\":\"ListItem\",\"position\":1,\"name\":\"Home\",\"item\":\"https:\\\/\\\/safetysourcefire.ca\\\/\"},{\"@type\":\"ListItem\",\"position\":2,\"name\":\"Products\",\"item\":\"https:\\\/\\\/safetysourcefire.ca\\\/shop\\\/\"},{\"@type\":\"ListItem\",\"position\":3,\"name\":\"B2X Mid-Range Pump Diesel\"}]},{\"@type\":\"WebSite\",\"@id\":\"https:\\\/\\\/safetysourcefire.ca\\\/#website\",\"url\":\"https:\\\/\\\/safetysourcefire.ca\\\/\",\"name\":\"Safety Source Fire\",\"description\":\"\",\"publisher\":{\"@id\":\"https:\\\/\\\/safetysourcefire.ca\\\/#organization\"},\"potentialAction\":[{\"@type\":\"SearchAction\",\"target\":{\"@type\":\"EntryPoint\",\"urlTemplate\":\"https:\\\/\\\/safetysourcefire.ca\\\/?s={search_term_string}\"},\"query-input\":{\"@type\":\"PropertyValueSpecification\",\"valueRequired\":true,\"valueName\":\"search_term_string\"}}],\"inLanguage\":\"fr-CA\"},{\"@type\":\"Organization\",\"@id\":\"https:\\\/\\\/safetysourcefire.ca\\\/#organization\",\"name\":\"Safety Source Fire\",\"url\":\"https:\\\/\\\/safetysourcefire.ca\\\/\",\"logo\":{\"@type\":\"ImageObject\",\"inLanguage\":\"fr-CA\",\"@id\":\"https:\\\/\\\/safetysourcefire.ca\\\/#\\\/schema\\\/logo\\\/image\\\/\",\"url\":\"https:\\\/\\\/safetysourcefire.ca\\\/wp-content\\\/uploads\\\/2021\\\/01\\\/SSF_logo_CC0000-3.png\",\"contentUrl\":\"https:\\\/\\\/safetysourcefire.ca\\\/wp-content\\\/uploads\\\/2021\\\/01\\\/SSF_logo_CC0000-3.png\",\"width\":1107,\"height\":365,\"caption\":\"Safety Source Fire\"},\"image\":{\"@id\":\"https:\\\/\\\/safetysourcefire.ca\\\/#\\\/schema\\\/logo\\\/image\\\/\"},\"sameAs\":[\"https:\\\/\\\/www.facebook.com\\\/mmfssca\",\"https:\\\/\\\/x.com\\\/mmfssca\"]}]}<\/script>\n<!-- \/ Yoast SEO plugin. -->","yoast_head_json":{"title":"B2X Mid-Range Pump Diesel - Safety Source Fire","robots":{"index":"index","follow":"follow","max-snippet":"max-snippet:-1","max-image-preview":"max-image-preview:large","max-video-preview":"max-video-preview:-1"},"canonical":"https:\/\/safetysourcefire.ca\/fr\/produit\/b2x-mid-range-pump-diesel\/","og_locale":"fr_CA","og_type":"article","og_title":"B2X Mid-Range Pump Diesel - Safety Source Fire","og_description":"The B2X-D902 diesel unit is a mid-range fire pump ideal for brush trucks used in wildland and urban interface operations.","og_url":"https:\/\/safetysourcefire.ca\/fr\/produit\/b2x-mid-range-pump-diesel\/","og_site_name":"Safety Source Fire","article_publisher":"https:\/\/www.facebook.com\/mmfssca","article_modified_time":"2026-03-23T17:06:31+00:00","og_image":[{"width":600,"height":600,"url":"https:\/\/safetysourcefire.ca\/wp-content\/uploads\/2026\/03\/B2X-D.jpg","type":"image\/jpeg"}],"twitter_card":"summary_large_image","twitter_site":"@mmfssca","twitter_misc":{"Estimation du temps de lecture":"1 minute"},"schema":{"@context":"https:\/\/schema.org","@graph":[{"@type":"WebPage","@id":"https:\/\/safetysourcefire.ca\/product\/b2x-mid-range-pump-diesel\/","url":"https:\/\/safetysourcefire.ca\/product\/b2x-mid-range-pump-diesel\/","name":"B2X Mid-Range Pump Diesel - Safety Source Fire","isPartOf":{"@id":"https:\/\/safetysourcefire.ca\/#website"},"primaryImageOfPage":{"@id":"https:\/\/safetysourcefire.ca\/product\/b2x-mid-range-pump-diesel\/#primaryimage"},"image":{"@id":"https:\/\/safetysourcefire.ca\/product\/b2x-mid-range-pump-diesel\/#primaryimage"},"thumbnailUrl":"https:\/\/safetysourcefire.ca\/wp-content\/uploads\/2026\/03\/B2X-D.jpg","datePublished":"2026-03-23T14:15:46+00:00","dateModified":"2026-03-23T17:06:31+00:00","breadcrumb":{"@id":"https:\/\/safetysourcefire.ca\/product\/b2x-mid-range-pump-diesel\/#breadcrumb"},"inLanguage":"fr-CA","potentialAction":[{"@type":"ReadAction","target":["https:\/\/safetysourcefire.ca\/product\/b2x-mid-range-pump-diesel\/"]}]},{"@type":"ImageObject","inLanguage":"fr-CA","@id":"https:\/\/safetysourcefire.ca\/product\/b2x-mid-range-pump-diesel\/#primaryimage","url":"https:\/\/safetysourcefire.ca\/wp-content\/uploads\/2026\/03\/B2X-D.jpg","contentUrl":"https:\/\/safetysourcefire.ca\/wp-content\/uploads\/2026\/03\/B2X-D.jpg","width":600,"height":600,"caption":"B2X diesel"},{"@type":"BreadcrumbList","@id":"https:\/\/safetysourcefire.ca\/product\/b2x-mid-range-pump-diesel\/#breadcrumb","itemListElement":[{"@type":"ListItem","position":1,"name":"Home","item":"https:\/\/safetysourcefire.ca\/"},{"@type":"ListItem","position":2,"name":"Products","item":"https:\/\/safetysourcefire.ca\/shop\/"},{"@type":"ListItem","position":3,"name":"B2X Mid-Range Pump Diesel"}]},{"@type":"WebSite","@id":"https:\/\/safetysourcefire.ca\/#website","url":"https:\/\/safetysourcefire.ca\/","name":"Safety Source Fire","description":"","publisher":{"@id":"https:\/\/safetysourcefire.ca\/#organization"},"potentialAction":[{"@type":"SearchAction","target":{"@type":"EntryPoint","urlTemplate":"https:\/\/safetysourcefire.ca\/?s={search_term_string}"},"query-input":{"@type":"PropertyValueSpecification","valueRequired":true,"valueName":"search_term_string"}}],"inLanguage":"fr-CA"},{"@type":"Organization","@id":"https:\/\/safetysourcefire.ca\/#organization","name":"Safety Source Fire","url":"https:\/\/safetysourcefire.ca\/","logo":{"@type":"ImageObject","inLanguage":"fr-CA","@id":"https:\/\/safetysourcefire.ca\/#\/schema\/logo\/image\/","url":"https:\/\/safetysourcefire.ca\/wp-content\/uploads\/2021\/01\/SSF_logo_CC0000-3.png","contentUrl":"https:\/\/safetysourcefire.ca\/wp-content\/uploads\/2021\/01\/SSF_logo_CC0000-3.png","width":1107,"height":365,"caption":"Safety Source Fire"},"image":{"@id":"https:\/\/safetysourcefire.ca\/#\/schema\/logo\/image\/"},"sameAs":["https:\/\/www.facebook.com\/mmfssca","https:\/\/x.com\/mmfssca"]}]}},"_links":{"self":[{"href":"https:\/\/safetysourcefire.ca\/fr\/wp-json\/wp\/v2\/product\/30281","targetHints":{"allow":["GET"]}}],"collection":[{"href":"https:\/\/safetysourcefire.ca\/fr\/wp-json\/wp\/v2\/product"}],"about":[{"href":"https:\/\/safetysourcefire.ca\/fr\/wp-json\/wp\/v2\/types\/product"}],"wp:featuredmedia":[{"embeddable":true,"href":"https:\/\/safetysourcefire.ca\/fr\/wp-json\/wp\/v2\/media\/30282"}],"wp:attachment":[{"href":"https:\/\/safetysourcefire.ca\/fr\/wp-json\/wp\/v2\/media?parent=30281"}],"wp:term":[{"taxonomy":"product_brand","embeddable":true,"href":"https:\/\/safetysourcefire.ca\/fr\/wp-json\/wp\/v2\/product_brand?post=30281"},{"taxonomy":"product_cat","embeddable":true,"href":"https:\/\/safetysourcefire.ca\/fr\/wp-json\/wp\/v2\/product_cat?post=30281"},{"taxonomy":"product_tag","embeddable":true,"href":"https:\/\/safetysourcefire.ca\/fr\/wp-json\/wp\/v2\/product_tag?post=30281"}],"curies":[{"name":"wp","href":"https:\/\/api.w.org\/{rel}","templated":true}]}}