{"id":30285,"date":"2026-03-23T17:05:34","date_gmt":"2026-03-23T17:05:34","guid":{"rendered":"https:\/\/safetysourcefire.ca\/?post_type=product&#038;p=30285"},"modified":"2026-03-23T17:10:34","modified_gmt":"2026-03-23T17:10:34","slug":"striker-high-pressure-fire-pump","status":"publish","type":"product","link":"https:\/\/safetysourcefire.ca\/fr\/produit\/striker-high-pressure-fire-pump\/","title":{"rendered":"Pompe \u00e0 incendie haute pression STRIKER\u2122"},"content":{"rendered":"<p>Ces syst\u00e8mes sont utilis\u00e9s notamment pour les unit\u00e9s de skidage, la protection des cabines et la production de neige. Ils partagent des pi\u00e8ces communes avec les pompes MARK-3\u00ae et BB-4\u00ae et sont reconnus pour leur durabilit\u00e9 et leur fiabilit\u00e9 \u00e9quivalentes.<\/p>\n<p>Applications<\/p>\n<ul>\n<li>Op\u00e9rations de lutte contre les incendies par attaque directe<\/li>\n<li>D\u00e9ploiement de longs tuyaux pour l&#039;arrosage \u00e0 distance lors des op\u00e9rations de lutte contre les incendies<\/li>\n<li>Lutte contre les incendies en haute altitude dans les zones montagneuses<\/li>\n<li>En pompage en s\u00e9rie sur de longues distances<\/li>\n<li>Pompage en parall\u00e8le pour des volumes plus \u00e9lev\u00e9s<\/li>\n<li>Unit\u00e9s \u00e0 enfiler<\/li>\n<li>Production de neige<\/li>\n<\/ul>\n<p>Caract\u00e9ristiques et avantages<\/p>\n<ul>\n<li>Collier de serrage \u00e0 d\u00e9gagement rapide et extr\u00e9mit\u00e9 de pompe d\u00e9tachable pour minimiser les temps d&#039;arr\u00eat et les stocks.<\/li>\n<li>Joint rotatif m\u00e9canique unique r\u00e9sistant aux bulles pour prolonger la dur\u00e9e de vie de l&#039;extr\u00e9mit\u00e9 de la pompe<\/li>\n<li>Roulement \u00e9tanche pour \u00e9liminer le graissage de l&#039;extr\u00e9mit\u00e9 de la pompe sur le terrain<\/li>\n<li>Syst\u00e8me de transmission par courroie pour des performances fiables et n\u00e9cessitant peu d&#039;entretien<\/li>\n<li>Composants de pompe en alliage d&#039;aluminium et pi\u00e8ces anodis\u00e9es pour un poids plus l\u00e9ger et une meilleure r\u00e9sistance \u00e0 la corrosion<\/li>\n<li>C\u00e2ble Fastwire inclus sur toutes les unit\u00e9s mont\u00e9es sur v\u00e9hicule<\/li>\n<li>certifi\u00e9 EPA<\/li>\n<\/ul>\n<p><a href=\"https:\/\/waterax.imgix.net\/products\/documents\/STRIKER-2%20Matrix.pdf\">Matrice de s\u00e9lection des produits STRIKER-2<\/a><\/p>\n<p><a href=\"https:\/\/waterax.imgix.net\/products\/documents\/STRIKER-2%20Data-sheet.pdf\">Fiche technique STRIKER 2<\/a><\/p>","protected":false},"excerpt":{"rendered":"<p>Les pompes haute pression STRIKER\u2122 associent un moteur 4 temps Honda ou Briggs &amp; Stratton Vanguard \u00e0 une extr\u00e9mit\u00e9 de pompe WATERAX \u00e0 2 ou 3 \u00e9tages.<\/p>","protected":false},"featured_media":30286,"template":"","meta":[],"product_brand":[185],"product_cat":[462,44,68,608,463],"product_tag":[],"class_list":{"0":"post-30285","1":"product","2":"type-product","3":"status-publish","4":"has-post-thumbnail","6":"product_brand-waterax","7":"product_cat-emergency-preparedness","8":"product_cat-fire-suppression","9":"product_cat-portable-pumps","10":"product_cat-vehicle-mounted-pumps","11":"product_cat-wildland-fire","13":"first","14":"instock","15":"shipping-taxable","16":"product-type-simple"},"yoast_head":"<!-- This site is optimized with the Yoast SEO plugin v27.4 - https:\/\/yoast.com\/product\/yoast-seo-wordpress\/ -->\n<title>STRIKER\u2122 High-Pressure Fire Pump - Safety Source Fire<\/title>\n<meta name=\"robots\" content=\"index, follow, max-snippet:-1, max-image-preview:large, max-video-preview:-1\" \/>\n<link rel=\"canonical\" href=\"https:\/\/safetysourcefire.ca\/fr\/produit\/striker-high-pressure-fire-pump\/\" \/>\n<meta property=\"og:locale\" content=\"fr_CA\" \/>\n<meta property=\"og:type\" content=\"article\" \/>\n<meta property=\"og:title\" content=\"STRIKER\u2122 High-Pressure Fire Pump - Safety Source Fire\" \/>\n<meta property=\"og:description\" content=\"STRIKER\u2122 high-pressure pumps pair a Honda or a Briggs &amp; Stratton Vanguard 4-stroke engine with either 2 or 3 stage WATERAX pump end.\" \/>\n<meta property=\"og:url\" content=\"https:\/\/safetysourcefire.ca\/fr\/produit\/striker-high-pressure-fire-pump\/\" \/>\n<meta property=\"og:site_name\" content=\"Safety Source Fire\" \/>\n<meta property=\"article:publisher\" content=\"https:\/\/www.facebook.com\/mmfssca\" \/>\n<meta property=\"article:modified_time\" content=\"2026-03-23T17:10:34+00:00\" \/>\n<meta property=\"og:image\" content=\"https:\/\/safetysourcefire.ca\/wp-content\/uploads\/2026\/03\/STR2-13P.jpg\" \/>\n\t<meta property=\"og:image:width\" content=\"600\" \/>\n\t<meta property=\"og:image:height\" content=\"600\" \/>\n\t<meta property=\"og:image:type\" content=\"image\/jpeg\" \/>\n<meta name=\"twitter:card\" content=\"summary_large_image\" \/>\n<meta name=\"twitter:site\" content=\"@mmfssca\" \/>\n<meta name=\"twitter:label1\" content=\"Estimation du temps de lecture\" \/>\n\t<meta name=\"twitter:data1\" content=\"1 minute\" \/>\n<script type=\"application\/ld+json\" class=\"yoast-schema-graph\">{\"@context\":\"https:\\\/\\\/schema.org\",\"@graph\":[{\"@type\":\"WebPage\",\"@id\":\"https:\\\/\\\/safetysourcefire.ca\\\/product\\\/striker-high-pressure-fire-pump\\\/\",\"url\":\"https:\\\/\\\/safetysourcefire.ca\\\/product\\\/striker-high-pressure-fire-pump\\\/\",\"name\":\"STRIKER\u2122 High-Pressure Fire Pump - Safety Source Fire\",\"isPartOf\":{\"@id\":\"https:\\\/\\\/safetysourcefire.ca\\\/#website\"},\"primaryImageOfPage\":{\"@id\":\"https:\\\/\\\/safetysourcefire.ca\\\/product\\\/striker-high-pressure-fire-pump\\\/#primaryimage\"},\"image\":{\"@id\":\"https:\\\/\\\/safetysourcefire.ca\\\/product\\\/striker-high-pressure-fire-pump\\\/#primaryimage\"},\"thumbnailUrl\":\"https:\\\/\\\/safetysourcefire.ca\\\/wp-content\\\/uploads\\\/2026\\\/03\\\/STR2-13P.jpg\",\"datePublished\":\"2026-03-23T17:05:34+00:00\",\"dateModified\":\"2026-03-23T17:10:34+00:00\",\"breadcrumb\":{\"@id\":\"https:\\\/\\\/safetysourcefire.ca\\\/product\\\/striker-high-pressure-fire-pump\\\/#breadcrumb\"},\"inLanguage\":\"fr-CA\",\"potentialAction\":[{\"@type\":\"ReadAction\",\"target\":[\"https:\\\/\\\/safetysourcefire.ca\\\/product\\\/striker-high-pressure-fire-pump\\\/\"]}]},{\"@type\":\"ImageObject\",\"inLanguage\":\"fr-CA\",\"@id\":\"https:\\\/\\\/safetysourcefire.ca\\\/product\\\/striker-high-pressure-fire-pump\\\/#primaryimage\",\"url\":\"https:\\\/\\\/safetysourcefire.ca\\\/wp-content\\\/uploads\\\/2026\\\/03\\\/STR2-13P.jpg\",\"contentUrl\":\"https:\\\/\\\/safetysourcefire.ca\\\/wp-content\\\/uploads\\\/2026\\\/03\\\/STR2-13P.jpg\",\"width\":600,\"height\":600,\"caption\":\"Striker pump\"},{\"@type\":\"BreadcrumbList\",\"@id\":\"https:\\\/\\\/safetysourcefire.ca\\\/product\\\/striker-high-pressure-fire-pump\\\/#breadcrumb\",\"itemListElement\":[{\"@type\":\"ListItem\",\"position\":1,\"name\":\"Home\",\"item\":\"https:\\\/\\\/safetysourcefire.ca\\\/\"},{\"@type\":\"ListItem\",\"position\":2,\"name\":\"Products\",\"item\":\"https:\\\/\\\/safetysourcefire.ca\\\/shop\\\/\"},{\"@type\":\"ListItem\",\"position\":3,\"name\":\"STRIKER\u2122 High-Pressure Fire Pump\"}]},{\"@type\":\"WebSite\",\"@id\":\"https:\\\/\\\/safetysourcefire.ca\\\/#website\",\"url\":\"https:\\\/\\\/safetysourcefire.ca\\\/\",\"name\":\"Safety Source Fire\",\"description\":\"\",\"publisher\":{\"@id\":\"https:\\\/\\\/safetysourcefire.ca\\\/#organization\"},\"potentialAction\":[{\"@type\":\"SearchAction\",\"target\":{\"@type\":\"EntryPoint\",\"urlTemplate\":\"https:\\\/\\\/safetysourcefire.ca\\\/?s={search_term_string}\"},\"query-input\":{\"@type\":\"PropertyValueSpecification\",\"valueRequired\":true,\"valueName\":\"search_term_string\"}}],\"inLanguage\":\"fr-CA\"},{\"@type\":\"Organization\",\"@id\":\"https:\\\/\\\/safetysourcefire.ca\\\/#organization\",\"name\":\"Safety Source Fire\",\"url\":\"https:\\\/\\\/safetysourcefire.ca\\\/\",\"logo\":{\"@type\":\"ImageObject\",\"inLanguage\":\"fr-CA\",\"@id\":\"https:\\\/\\\/safetysourcefire.ca\\\/#\\\/schema\\\/logo\\\/image\\\/\",\"url\":\"https:\\\/\\\/safetysourcefire.ca\\\/wp-content\\\/uploads\\\/2021\\\/01\\\/SSF_logo_CC0000-3.png\",\"contentUrl\":\"https:\\\/\\\/safetysourcefire.ca\\\/wp-content\\\/uploads\\\/2021\\\/01\\\/SSF_logo_CC0000-3.png\",\"width\":1107,\"height\":365,\"caption\":\"Safety Source Fire\"},\"image\":{\"@id\":\"https:\\\/\\\/safetysourcefire.ca\\\/#\\\/schema\\\/logo\\\/image\\\/\"},\"sameAs\":[\"https:\\\/\\\/www.facebook.com\\\/mmfssca\",\"https:\\\/\\\/x.com\\\/mmfssca\"]}]}<\/script>\n<!-- \/ Yoast SEO plugin. -->","yoast_head_json":{"title":"STRIKER\u2122 High-Pressure Fire Pump - Safety Source Fire","robots":{"index":"index","follow":"follow","max-snippet":"max-snippet:-1","max-image-preview":"max-image-preview:large","max-video-preview":"max-video-preview:-1"},"canonical":"https:\/\/safetysourcefire.ca\/fr\/produit\/striker-high-pressure-fire-pump\/","og_locale":"fr_CA","og_type":"article","og_title":"STRIKER\u2122 High-Pressure Fire Pump - Safety Source Fire","og_description":"STRIKER\u2122 high-pressure pumps pair a Honda or a Briggs &amp; Stratton Vanguard 4-stroke engine with either 2 or 3 stage WATERAX pump end.","og_url":"https:\/\/safetysourcefire.ca\/fr\/produit\/striker-high-pressure-fire-pump\/","og_site_name":"Safety Source Fire","article_publisher":"https:\/\/www.facebook.com\/mmfssca","article_modified_time":"2026-03-23T17:10:34+00:00","og_image":[{"width":600,"height":600,"url":"https:\/\/safetysourcefire.ca\/wp-content\/uploads\/2026\/03\/STR2-13P.jpg","type":"image\/jpeg"}],"twitter_card":"summary_large_image","twitter_site":"@mmfssca","twitter_misc":{"Estimation du temps de lecture":"1 minute"},"schema":{"@context":"https:\/\/schema.org","@graph":[{"@type":"WebPage","@id":"https:\/\/safetysourcefire.ca\/product\/striker-high-pressure-fire-pump\/","url":"https:\/\/safetysourcefire.ca\/product\/striker-high-pressure-fire-pump\/","name":"STRIKER\u2122 High-Pressure Fire Pump - Safety Source Fire","isPartOf":{"@id":"https:\/\/safetysourcefire.ca\/#website"},"primaryImageOfPage":{"@id":"https:\/\/safetysourcefire.ca\/product\/striker-high-pressure-fire-pump\/#primaryimage"},"image":{"@id":"https:\/\/safetysourcefire.ca\/product\/striker-high-pressure-fire-pump\/#primaryimage"},"thumbnailUrl":"https:\/\/safetysourcefire.ca\/wp-content\/uploads\/2026\/03\/STR2-13P.jpg","datePublished":"2026-03-23T17:05:34+00:00","dateModified":"2026-03-23T17:10:34+00:00","breadcrumb":{"@id":"https:\/\/safetysourcefire.ca\/product\/striker-high-pressure-fire-pump\/#breadcrumb"},"inLanguage":"fr-CA","potentialAction":[{"@type":"ReadAction","target":["https:\/\/safetysourcefire.ca\/product\/striker-high-pressure-fire-pump\/"]}]},{"@type":"ImageObject","inLanguage":"fr-CA","@id":"https:\/\/safetysourcefire.ca\/product\/striker-high-pressure-fire-pump\/#primaryimage","url":"https:\/\/safetysourcefire.ca\/wp-content\/uploads\/2026\/03\/STR2-13P.jpg","contentUrl":"https:\/\/safetysourcefire.ca\/wp-content\/uploads\/2026\/03\/STR2-13P.jpg","width":600,"height":600,"caption":"Striker pump"},{"@type":"BreadcrumbList","@id":"https:\/\/safetysourcefire.ca\/product\/striker-high-pressure-fire-pump\/#breadcrumb","itemListElement":[{"@type":"ListItem","position":1,"name":"Home","item":"https:\/\/safetysourcefire.ca\/"},{"@type":"ListItem","position":2,"name":"Products","item":"https:\/\/safetysourcefire.ca\/shop\/"},{"@type":"ListItem","position":3,"name":"STRIKER\u2122 High-Pressure Fire Pump"}]},{"@type":"WebSite","@id":"https:\/\/safetysourcefire.ca\/#website","url":"https:\/\/safetysourcefire.ca\/","name":"Safety Source Fire","description":"","publisher":{"@id":"https:\/\/safetysourcefire.ca\/#organization"},"potentialAction":[{"@type":"SearchAction","target":{"@type":"EntryPoint","urlTemplate":"https:\/\/safetysourcefire.ca\/?s={search_term_string}"},"query-input":{"@type":"PropertyValueSpecification","valueRequired":true,"valueName":"search_term_string"}}],"inLanguage":"fr-CA"},{"@type":"Organization","@id":"https:\/\/safetysourcefire.ca\/#organization","name":"Safety Source Fire","url":"https:\/\/safetysourcefire.ca\/","logo":{"@type":"ImageObject","inLanguage":"fr-CA","@id":"https:\/\/safetysourcefire.ca\/#\/schema\/logo\/image\/","url":"https:\/\/safetysourcefire.ca\/wp-content\/uploads\/2021\/01\/SSF_logo_CC0000-3.png","contentUrl":"https:\/\/safetysourcefire.ca\/wp-content\/uploads\/2021\/01\/SSF_logo_CC0000-3.png","width":1107,"height":365,"caption":"Safety Source Fire"},"image":{"@id":"https:\/\/safetysourcefire.ca\/#\/schema\/logo\/image\/"},"sameAs":["https:\/\/www.facebook.com\/mmfssca","https:\/\/x.com\/mmfssca"]}]}},"_links":{"self":[{"href":"https:\/\/safetysourcefire.ca\/fr\/wp-json\/wp\/v2\/product\/30285","targetHints":{"allow":["GET"]}}],"collection":[{"href":"https:\/\/safetysourcefire.ca\/fr\/wp-json\/wp\/v2\/product"}],"about":[{"href":"https:\/\/safetysourcefire.ca\/fr\/wp-json\/wp\/v2\/types\/product"}],"wp:featuredmedia":[{"embeddable":true,"href":"https:\/\/safetysourcefire.ca\/fr\/wp-json\/wp\/v2\/media\/30286"}],"wp:attachment":[{"href":"https:\/\/safetysourcefire.ca\/fr\/wp-json\/wp\/v2\/media?parent=30285"}],"wp:term":[{"taxonomy":"product_brand","embeddable":true,"href":"https:\/\/safetysourcefire.ca\/fr\/wp-json\/wp\/v2\/product_brand?post=30285"},{"taxonomy":"product_cat","embeddable":true,"href":"https:\/\/safetysourcefire.ca\/fr\/wp-json\/wp\/v2\/product_cat?post=30285"},{"taxonomy":"product_tag","embeddable":true,"href":"https:\/\/safetysourcefire.ca\/fr\/wp-json\/wp\/v2\/product_tag?post=30285"}],"curies":[{"name":"wp","href":"https:\/\/api.w.org\/{rel}","templated":true}]}}