{"id":3031,"date":"2017-06-14T20:54:35","date_gmt":"2017-06-14T20:54:35","guid":{"rendered":"http:\/\/mmfss.ca\/?post_type=product&#038;p=3031"},"modified":"2025-03-14T14:28:36","modified_gmt":"2025-03-14T14:28:36","slug":"hi-vol","status":"publish","type":"product","link":"https:\/\/safetysourcefire.ca\/fr\/produit\/hi-vol\/","title":{"rendered":"Hi-Vol"},"content":{"rendered":"<p>Son rev\u00eatement et sa doublure \u00e0 haute r\u00e9sistance, imbriqu\u00e9s avec le renfort synth\u00e9tique, offrent une plus grande endurance \u00e0 l'abrasion tout en \u00e9tant r\u00e9sistants aux accrocs, aux plis, \u00e0 la moisissure et \u00e0 la pourriture. L'\u00e9tiquetage UL n'est disponible que sur les mod\u00e8les 4 \u201d(100 mm) et 5\u201d (125 mm). L'\u00e9tiquetage ULC est standard sur 4 \u201d(100 mm) et 5\u201d (125 mm).<\/p>\n<p>Le 4 \u201d(100 mm) Hi-Vol est homologu\u00e9 ULC pour une pression d'essai de service de 250 psi.<\/p>\n<p>Les couleurs standards pour Hi-Vol sont le jaune ou le rouge.<\/p>\n<p><strong>FAITES MONTER LA PRESSION <\/strong><\/p>\n<p>Pour rester comp\u00e9titif, le mat\u00e9riel de lutte contre les incendies doit \u00eatre capable de transporter plus d'eau, plus rapidement, \u00e0 travers une grande vari\u00e9t\u00e9 de dispositifs de distribution. Le Hi-Vol de 4 pouces est homologu\u00e9 ULC pour une utilisation \u00e0 250 psi; une cote 25% plus \u00e9lev\u00e9e que les tuyaux en caoutchouc concurrents dans la m\u00eame cat\u00e9gorie. De plus, le Hi-Vol de 4 pouces a \u00e9t\u00e9 examin\u00e9 par UL pour la perte de friction. La perte par frottement du Hi-Vol est inf\u00e9rieure \u00e0 celle de tout autre LDH sur le march\u00e9. Hi-Vol prend la pression sur les \u00e9paules des pompiers et la met l\u00e0 o\u00f9 elle doit \u00eatre - sur le feu!  Disponible en 3 \", 4\", 5 \"et 6\".<\/p>","protected":false},"excerpt":{"rendered":"<p>Hi-Vol est un tuyau robuste de grand diam\u00e8tre capable de fournir plus d'eau \u00e0 moindre co\u00fbt. Mais cen n'est pas tout! Il est l\u00e9ger, compact et durable avec une haute r\u00e9sistance aux huiles, aux produits chimiques, \u00e0 l'ozone et \u00e0 la chaleur.<\/p>","protected":false},"featured_media":2972,"template":"","meta":[],"product_brand":[381],"product_cat":[44,65],"product_tag":[382],"class_list":{"0":"post-3031","1":"product","2":"type-product","3":"status-publish","4":"has-post-thumbnail","6":"product_brand-bulldog-hose","7":"product_cat-fire-suppression","8":"product_cat-hose","9":"product_tag-bulldog-hose","11":"first","12":"instock","13":"shipping-taxable","14":"product-type-simple"},"yoast_head":"<!-- This site is optimized with the Yoast SEO plugin v27.4 - https:\/\/yoast.com\/product\/yoast-seo-wordpress\/ -->\n<title>Hi-Vol - Safety Source Fire<\/title>\n<meta name=\"robots\" content=\"index, follow, max-snippet:-1, max-image-preview:large, max-video-preview:-1\" \/>\n<link rel=\"canonical\" href=\"https:\/\/safetysourcefire.ca\/fr\/produit\/hi-vol\/\" \/>\n<meta property=\"og:locale\" content=\"fr_CA\" \/>\n<meta property=\"og:type\" content=\"article\" \/>\n<meta property=\"og:title\" content=\"Hi-Vol - Safety Source Fire\" \/>\n<meta property=\"og:description\" content=\"Hi-Vol is a tough large diameter hose with the ability to deliver more water at a lower cost. But it doesn\u2019t stop there. It is lightweight, compact and durable with a high resistance to oils, chemicals, ozone and heat.\" \/>\n<meta property=\"og:url\" content=\"https:\/\/safetysourcefire.ca\/fr\/produit\/hi-vol\/\" \/>\n<meta property=\"og:site_name\" content=\"Safety Source Fire\" \/>\n<meta property=\"article:publisher\" content=\"https:\/\/www.facebook.com\/mmfssca\" \/>\n<meta property=\"article:modified_time\" content=\"2025-03-14T14:28:36+00:00\" \/>\n<meta property=\"og:image\" content=\"https:\/\/safetysourcefire.ca\/wp-content\/uploads\/2017\/06\/Hi-Vol-group-2.jpg\" \/>\n\t<meta property=\"og:image:width\" content=\"600\" \/>\n\t<meta property=\"og:image:height\" content=\"600\" \/>\n\t<meta property=\"og:image:type\" content=\"image\/jpeg\" \/>\n<meta name=\"twitter:card\" content=\"summary_large_image\" \/>\n<meta name=\"twitter:site\" content=\"@mmfssca\" \/>\n<meta name=\"twitter:label1\" content=\"Estimation du temps de lecture\" \/>\n\t<meta name=\"twitter:data1\" content=\"1 minute\" \/>\n<script type=\"application\/ld+json\" class=\"yoast-schema-graph\">{\"@context\":\"https:\\\/\\\/schema.org\",\"@graph\":[{\"@type\":\"WebPage\",\"@id\":\"https:\\\/\\\/safetysourcefire.ca\\\/product\\\/hi-vol\\\/\",\"url\":\"https:\\\/\\\/safetysourcefire.ca\\\/product\\\/hi-vol\\\/\",\"name\":\"Hi-Vol - Safety Source Fire\",\"isPartOf\":{\"@id\":\"https:\\\/\\\/safetysourcefire.ca\\\/#website\"},\"primaryImageOfPage\":{\"@id\":\"https:\\\/\\\/safetysourcefire.ca\\\/product\\\/hi-vol\\\/#primaryimage\"},\"image\":{\"@id\":\"https:\\\/\\\/safetysourcefire.ca\\\/product\\\/hi-vol\\\/#primaryimage\"},\"thumbnailUrl\":\"https:\\\/\\\/safetysourcefire.ca\\\/wp-content\\\/uploads\\\/2017\\\/06\\\/Hi-Vol-group-2.jpg\",\"datePublished\":\"2017-06-14T20:54:35+00:00\",\"dateModified\":\"2025-03-14T14:28:36+00:00\",\"breadcrumb\":{\"@id\":\"https:\\\/\\\/safetysourcefire.ca\\\/product\\\/hi-vol\\\/#breadcrumb\"},\"inLanguage\":\"fr-CA\",\"potentialAction\":[{\"@type\":\"ReadAction\",\"target\":[\"https:\\\/\\\/safetysourcefire.ca\\\/product\\\/hi-vol\\\/\"]}]},{\"@type\":\"ImageObject\",\"inLanguage\":\"fr-CA\",\"@id\":\"https:\\\/\\\/safetysourcefire.ca\\\/product\\\/hi-vol\\\/#primaryimage\",\"url\":\"https:\\\/\\\/safetysourcefire.ca\\\/wp-content\\\/uploads\\\/2017\\\/06\\\/Hi-Vol-group-2.jpg\",\"contentUrl\":\"https:\\\/\\\/safetysourcefire.ca\\\/wp-content\\\/uploads\\\/2017\\\/06\\\/Hi-Vol-group-2.jpg\",\"width\":600,\"height\":600,\"caption\":\"red and yellow hose\"},{\"@type\":\"BreadcrumbList\",\"@id\":\"https:\\\/\\\/safetysourcefire.ca\\\/product\\\/hi-vol\\\/#breadcrumb\",\"itemListElement\":[{\"@type\":\"ListItem\",\"position\":1,\"name\":\"Home\",\"item\":\"https:\\\/\\\/safetysourcefire.ca\\\/\"},{\"@type\":\"ListItem\",\"position\":2,\"name\":\"Products\",\"item\":\"https:\\\/\\\/safetysourcefire.ca\\\/shop\\\/\"},{\"@type\":\"ListItem\",\"position\":3,\"name\":\"Hi-Vol\"}]},{\"@type\":\"WebSite\",\"@id\":\"https:\\\/\\\/safetysourcefire.ca\\\/#website\",\"url\":\"https:\\\/\\\/safetysourcefire.ca\\\/\",\"name\":\"Safety Source Fire\",\"description\":\"\",\"publisher\":{\"@id\":\"https:\\\/\\\/safetysourcefire.ca\\\/#organization\"},\"potentialAction\":[{\"@type\":\"SearchAction\",\"target\":{\"@type\":\"EntryPoint\",\"urlTemplate\":\"https:\\\/\\\/safetysourcefire.ca\\\/?s={search_term_string}\"},\"query-input\":{\"@type\":\"PropertyValueSpecification\",\"valueRequired\":true,\"valueName\":\"search_term_string\"}}],\"inLanguage\":\"fr-CA\"},{\"@type\":\"Organization\",\"@id\":\"https:\\\/\\\/safetysourcefire.ca\\\/#organization\",\"name\":\"Safety Source Fire\",\"url\":\"https:\\\/\\\/safetysourcefire.ca\\\/\",\"logo\":{\"@type\":\"ImageObject\",\"inLanguage\":\"fr-CA\",\"@id\":\"https:\\\/\\\/safetysourcefire.ca\\\/#\\\/schema\\\/logo\\\/image\\\/\",\"url\":\"https:\\\/\\\/safetysourcefire.ca\\\/wp-content\\\/uploads\\\/2021\\\/01\\\/SSF_logo_CC0000-3.png\",\"contentUrl\":\"https:\\\/\\\/safetysourcefire.ca\\\/wp-content\\\/uploads\\\/2021\\\/01\\\/SSF_logo_CC0000-3.png\",\"width\":1107,\"height\":365,\"caption\":\"Safety Source Fire\"},\"image\":{\"@id\":\"https:\\\/\\\/safetysourcefire.ca\\\/#\\\/schema\\\/logo\\\/image\\\/\"},\"sameAs\":[\"https:\\\/\\\/www.facebook.com\\\/mmfssca\",\"https:\\\/\\\/x.com\\\/mmfssca\"]}]}<\/script>\n<!-- \/ Yoast SEO plugin. -->","yoast_head_json":{"title":"Hi-Vol - Source de s\u00e9curit\u00e9 incendie","robots":{"index":"index","follow":"follow","max-snippet":"max-snippet:-1","max-image-preview":"max-image-preview:large","max-video-preview":"max-video-preview:-1"},"canonical":"https:\/\/safetysourcefire.ca\/fr\/produit\/hi-vol\/","og_locale":"fr_CA","og_type":"article","og_title":"Hi-Vol - Safety Source Fire","og_description":"Hi-Vol is a tough large diameter hose with the ability to deliver more water at a lower cost. But it doesn\u2019t stop there. It is lightweight, compact and durable with a high resistance to oils, chemicals, ozone and heat.","og_url":"https:\/\/safetysourcefire.ca\/fr\/produit\/hi-vol\/","og_site_name":"Safety Source Fire","article_publisher":"https:\/\/www.facebook.com\/mmfssca","article_modified_time":"2025-03-14T14:28:36+00:00","og_image":[{"width":600,"height":600,"url":"https:\/\/safetysourcefire.ca\/wp-content\/uploads\/2017\/06\/Hi-Vol-group-2.jpg","type":"image\/jpeg"}],"twitter_card":"summary_large_image","twitter_site":"@mmfssca","twitter_misc":{"Estimation du temps de lecture":"1 minute"},"schema":{"@context":"https:\/\/schema.org","@graph":[{"@type":"WebPage","@id":"https:\/\/safetysourcefire.ca\/product\/hi-vol\/","url":"https:\/\/safetysourcefire.ca\/product\/hi-vol\/","name":"Hi-Vol - Source de s\u00e9curit\u00e9 incendie","isPartOf":{"@id":"https:\/\/safetysourcefire.ca\/#website"},"primaryImageOfPage":{"@id":"https:\/\/safetysourcefire.ca\/product\/hi-vol\/#primaryimage"},"image":{"@id":"https:\/\/safetysourcefire.ca\/product\/hi-vol\/#primaryimage"},"thumbnailUrl":"https:\/\/safetysourcefire.ca\/wp-content\/uploads\/2017\/06\/Hi-Vol-group-2.jpg","datePublished":"2017-06-14T20:54:35+00:00","dateModified":"2025-03-14T14:28:36+00:00","breadcrumb":{"@id":"https:\/\/safetysourcefire.ca\/product\/hi-vol\/#breadcrumb"},"inLanguage":"fr-CA","potentialAction":[{"@type":"ReadAction","target":["https:\/\/safetysourcefire.ca\/product\/hi-vol\/"]}]},{"@type":"ImageObject","inLanguage":"fr-CA","@id":"https:\/\/safetysourcefire.ca\/product\/hi-vol\/#primaryimage","url":"https:\/\/safetysourcefire.ca\/wp-content\/uploads\/2017\/06\/Hi-Vol-group-2.jpg","contentUrl":"https:\/\/safetysourcefire.ca\/wp-content\/uploads\/2017\/06\/Hi-Vol-group-2.jpg","width":600,"height":600,"caption":"red and yellow hose"},{"@type":"BreadcrumbList","@id":"https:\/\/safetysourcefire.ca\/product\/hi-vol\/#breadcrumb","itemListElement":[{"@type":"ListItem","position":1,"name":"Home","item":"https:\/\/safetysourcefire.ca\/"},{"@type":"ListItem","position":2,"name":"Products","item":"https:\/\/safetysourcefire.ca\/shop\/"},{"@type":"ListItem","position":3,"name":"Hi-Vol"}]},{"@type":"WebSite","@id":"https:\/\/safetysourcefire.ca\/#website","url":"https:\/\/safetysourcefire.ca\/","name":"Safety Source Fire","description":"","publisher":{"@id":"https:\/\/safetysourcefire.ca\/#organization"},"potentialAction":[{"@type":"SearchAction","target":{"@type":"EntryPoint","urlTemplate":"https:\/\/safetysourcefire.ca\/?s={search_term_string}"},"query-input":{"@type":"PropertyValueSpecification","valueRequired":true,"valueName":"search_term_string"}}],"inLanguage":"fr-CA"},{"@type":"Organization","@id":"https:\/\/safetysourcefire.ca\/#organization","name":"Safety Source Fire","url":"https:\/\/safetysourcefire.ca\/","logo":{"@type":"ImageObject","inLanguage":"fr-CA","@id":"https:\/\/safetysourcefire.ca\/#\/schema\/logo\/image\/","url":"https:\/\/safetysourcefire.ca\/wp-content\/uploads\/2021\/01\/SSF_logo_CC0000-3.png","contentUrl":"https:\/\/safetysourcefire.ca\/wp-content\/uploads\/2021\/01\/SSF_logo_CC0000-3.png","width":1107,"height":365,"caption":"Safety Source Fire"},"image":{"@id":"https:\/\/safetysourcefire.ca\/#\/schema\/logo\/image\/"},"sameAs":["https:\/\/www.facebook.com\/mmfssca","https:\/\/x.com\/mmfssca"]}]}},"_links":{"self":[{"href":"https:\/\/safetysourcefire.ca\/fr\/wp-json\/wp\/v2\/product\/3031","targetHints":{"allow":["GET"]}}],"collection":[{"href":"https:\/\/safetysourcefire.ca\/fr\/wp-json\/wp\/v2\/product"}],"about":[{"href":"https:\/\/safetysourcefire.ca\/fr\/wp-json\/wp\/v2\/types\/product"}],"wp:featuredmedia":[{"embeddable":true,"href":"https:\/\/safetysourcefire.ca\/fr\/wp-json\/wp\/v2\/media\/2972"}],"wp:attachment":[{"href":"https:\/\/safetysourcefire.ca\/fr\/wp-json\/wp\/v2\/media?parent=3031"}],"wp:term":[{"taxonomy":"product_brand","embeddable":true,"href":"https:\/\/safetysourcefire.ca\/fr\/wp-json\/wp\/v2\/product_brand?post=3031"},{"taxonomy":"product_cat","embeddable":true,"href":"https:\/\/safetysourcefire.ca\/fr\/wp-json\/wp\/v2\/product_cat?post=3031"},{"taxonomy":"product_tag","embeddable":true,"href":"https:\/\/safetysourcefire.ca\/fr\/wp-json\/wp\/v2\/product_tag?post=3031"}],"curies":[{"name":"wp","href":"https:\/\/api.w.org\/{rel}","templated":true}]}}