{"id":30313,"date":"2026-03-27T14:59:19","date_gmt":"2026-03-27T14:59:19","guid":{"rendered":"https:\/\/safetysourcefire.ca\/?post_type=product&#038;p=30313"},"modified":"2026-03-31T19:13:25","modified_gmt":"2026-03-31T19:13:25","slug":"rit-pak-iii-emergency-air-supply-system","status":"publish","type":"product","link":"https:\/\/safetysourcefire.ca\/fr\/produit\/rit-pak-iii-emergency-air-supply-system\/","title":{"rendered":"Syst\u00e8me d&#039;alimentation en air d&#039;urgence RIT-Pak III"},"content":{"rendered":"<p>Con\u00e7u et test\u00e9 sur le terrain, le RIT-Pak III a \u00e9t\u00e9 d\u00e9velopp\u00e9 en collaboration avec des instructeurs du RIT et des pompiers de tout le pays. Il comprend un d\u00e9tendeur, une lance de remplissage haute pression, un tuyau d&#039;alimentation en air basse pression, un r\u00e9gulateur de respiration int\u00e9gr\u00e9 au masque, un masque facial et une mallette de transport ultra-r\u00e9sistante.<\/p>\n<p>Points forts<\/p>\n<ul>\n<li>Pistolet de gonflage haute pression compatible avec tous les ARI \u00e9quip\u00e9s d&#039;un RIC\/UAC<\/li>\n<li>Compatible avec les mod\u00e8les d&#039;appareils respiratoires autonomes 3M Scott Air-Pak \u00e9quip\u00e9s d&#039;un syst\u00e8me EBSS ou Dual EBSS.<\/li>\n<li>Compatible avec tous les appareils respiratoires autonomes conformes \u00e0 la norme NFPA 1981, \u00e9dition 2018 et \u00e9quip\u00e9s d&#039;un syst\u00e8me EBSS universel.<\/li>\n<li>Le tuyau et le collecteur basse pression assurent la compatibilit\u00e9 avec d&#039;autres appareils respiratoires autonomes Scott non 3M, gr\u00e2ce \u00e0 des adaptateurs et des raccords de conduite d&#039;air s\u00e9par\u00e9s.<\/li>\n<li>Orange haute visibilit\u00e9 avec mat\u00e9riau r\u00e9fl\u00e9chissant 3M\u2122 Scotchlite\u2122<\/li>\n<li>Plaque de protection pour faciliter le remorquage et am\u00e9liorer la durabilit\u00e9<\/li>\n<li>Manom\u00e8tre externe avec voyants de type HUD<\/li>\n<li>Alarme sonore pour diff\u00e9rencier l&#039;alarme de faible d\u00e9bit d&#039;air des autres appareils respiratoires autonomes des pompiers<\/li>\n<li>Disponible en pressions de cylindre de 2,2, 4,5 ou 5,5<\/li>\n<li>Peut contenir une bouteille de gaz d&#039;une dur\u00e9e maximale de 75 minutes.<\/li>\n<\/ul>\n<p><a href=\"https:\/\/multimedia.3m.com\/mws\/media\/1892782O\/3m-scott-rit-pak-iii-emergency-air-supply-system-brochure.pdf?&amp;fn=RIT-PakIII_Brochure_4p_US_Sept2020.pdf\">T\u00e9l\u00e9charger la brochure<\/a><\/p>","protected":false},"excerpt":{"rendered":"<p class=\"mds-font_paragraph MMM--gapBottom\">Le RIT-Pak III est le premier syst\u00e8me d&#039;alimentation en air portable tout-en-un du secteur des services d&#039;incendie et l&#039;un des syst\u00e8mes RIT les plus complets disponibles sur le march\u00e9.<\/p>","protected":false},"featured_media":30314,"template":"","meta":[],"product_brand":[157],"product_cat":[137,45,58],"product_tag":[],"class_list":{"0":"post-30313","1":"product","2":"type-product","3":"status-publish","4":"has-post-thumbnail","6":"product_brand-3m-scott","7":"product_cat-fire","8":"product_cat-respiratory","9":"product_cat-accessories-scba","11":"first","12":"instock","13":"shipping-taxable","14":"product-type-simple"},"yoast_head":"<!-- This site is optimized with the Yoast SEO plugin v27.4 - https:\/\/yoast.com\/product\/yoast-seo-wordpress\/ -->\n<title>RIT-Pak III Emergency Air Supply System - Safety Source Fire<\/title>\n<meta name=\"robots\" content=\"index, follow, max-snippet:-1, max-image-preview:large, max-video-preview:-1\" \/>\n<link rel=\"canonical\" href=\"https:\/\/safetysourcefire.ca\/fr\/produit\/rit-pak-iii-emergency-air-supply-system\/\" \/>\n<meta property=\"og:locale\" content=\"fr_CA\" \/>\n<meta property=\"og:type\" content=\"article\" \/>\n<meta property=\"og:title\" content=\"RIT-Pak III Emergency Air Supply System - Safety Source Fire\" \/>\n<meta property=\"og:description\" content=\"The RIT-Pak III is the fire service industry\u2019s first, all-inclusive portable air supply system and one of the most comprehensive RIT systems available on the market.\" \/>\n<meta property=\"og:url\" content=\"https:\/\/safetysourcefire.ca\/fr\/produit\/rit-pak-iii-emergency-air-supply-system\/\" \/>\n<meta property=\"og:site_name\" content=\"Safety Source Fire\" \/>\n<meta property=\"article:publisher\" content=\"https:\/\/www.facebook.com\/mmfssca\" \/>\n<meta property=\"article:modified_time\" content=\"2026-03-31T19:13:25+00:00\" \/>\n<meta property=\"og:image\" content=\"https:\/\/safetysourcefire.ca\/wp-content\/uploads\/2026\/03\/3m-scott-rit-pak-iii-self-contained-breathing-apparatus.jpg\" \/>\n\t<meta property=\"og:image:width\" content=\"600\" \/>\n\t<meta property=\"og:image:height\" content=\"600\" \/>\n\t<meta property=\"og:image:type\" content=\"image\/jpeg\" \/>\n<meta name=\"twitter:card\" content=\"summary_large_image\" \/>\n<meta name=\"twitter:site\" content=\"@mmfssca\" \/>\n<meta name=\"twitter:label1\" content=\"Estimation du temps de lecture\" \/>\n\t<meta name=\"twitter:data1\" content=\"1 minute\" \/>\n<script type=\"application\/ld+json\" class=\"yoast-schema-graph\">{\"@context\":\"https:\\\/\\\/schema.org\",\"@graph\":[{\"@type\":\"WebPage\",\"@id\":\"https:\\\/\\\/safetysourcefire.ca\\\/product\\\/rit-pak-iii-emergency-air-supply-system\\\/\",\"url\":\"https:\\\/\\\/safetysourcefire.ca\\\/product\\\/rit-pak-iii-emergency-air-supply-system\\\/\",\"name\":\"RIT-Pak III Emergency Air Supply System - Safety Source Fire\",\"isPartOf\":{\"@id\":\"https:\\\/\\\/safetysourcefire.ca\\\/#website\"},\"primaryImageOfPage\":{\"@id\":\"https:\\\/\\\/safetysourcefire.ca\\\/product\\\/rit-pak-iii-emergency-air-supply-system\\\/#primaryimage\"},\"image\":{\"@id\":\"https:\\\/\\\/safetysourcefire.ca\\\/product\\\/rit-pak-iii-emergency-air-supply-system\\\/#primaryimage\"},\"thumbnailUrl\":\"https:\\\/\\\/safetysourcefire.ca\\\/wp-content\\\/uploads\\\/2026\\\/03\\\/3m-scott-rit-pak-iii-self-contained-breathing-apparatus.jpg\",\"datePublished\":\"2026-03-27T14:59:19+00:00\",\"dateModified\":\"2026-03-31T19:13:25+00:00\",\"breadcrumb\":{\"@id\":\"https:\\\/\\\/safetysourcefire.ca\\\/product\\\/rit-pak-iii-emergency-air-supply-system\\\/#breadcrumb\"},\"inLanguage\":\"fr-CA\",\"potentialAction\":[{\"@type\":\"ReadAction\",\"target\":[\"https:\\\/\\\/safetysourcefire.ca\\\/product\\\/rit-pak-iii-emergency-air-supply-system\\\/\"]}]},{\"@type\":\"ImageObject\",\"inLanguage\":\"fr-CA\",\"@id\":\"https:\\\/\\\/safetysourcefire.ca\\\/product\\\/rit-pak-iii-emergency-air-supply-system\\\/#primaryimage\",\"url\":\"https:\\\/\\\/safetysourcefire.ca\\\/wp-content\\\/uploads\\\/2026\\\/03\\\/3m-scott-rit-pak-iii-self-contained-breathing-apparatus.jpg\",\"contentUrl\":\"https:\\\/\\\/safetysourcefire.ca\\\/wp-content\\\/uploads\\\/2026\\\/03\\\/3m-scott-rit-pak-iii-self-contained-breathing-apparatus.jpg\",\"width\":600,\"height\":600,\"caption\":\"RIT-pak III\"},{\"@type\":\"BreadcrumbList\",\"@id\":\"https:\\\/\\\/safetysourcefire.ca\\\/product\\\/rit-pak-iii-emergency-air-supply-system\\\/#breadcrumb\",\"itemListElement\":[{\"@type\":\"ListItem\",\"position\":1,\"name\":\"Home\",\"item\":\"https:\\\/\\\/safetysourcefire.ca\\\/\"},{\"@type\":\"ListItem\",\"position\":2,\"name\":\"Products\",\"item\":\"https:\\\/\\\/safetysourcefire.ca\\\/shop\\\/\"},{\"@type\":\"ListItem\",\"position\":3,\"name\":\"RIT-Pak III Emergency Air Supply System\"}]},{\"@type\":\"WebSite\",\"@id\":\"https:\\\/\\\/safetysourcefire.ca\\\/#website\",\"url\":\"https:\\\/\\\/safetysourcefire.ca\\\/\",\"name\":\"Safety Source Fire\",\"description\":\"\",\"publisher\":{\"@id\":\"https:\\\/\\\/safetysourcefire.ca\\\/#organization\"},\"potentialAction\":[{\"@type\":\"SearchAction\",\"target\":{\"@type\":\"EntryPoint\",\"urlTemplate\":\"https:\\\/\\\/safetysourcefire.ca\\\/?s={search_term_string}\"},\"query-input\":{\"@type\":\"PropertyValueSpecification\",\"valueRequired\":true,\"valueName\":\"search_term_string\"}}],\"inLanguage\":\"fr-CA\"},{\"@type\":\"Organization\",\"@id\":\"https:\\\/\\\/safetysourcefire.ca\\\/#organization\",\"name\":\"Safety Source Fire\",\"url\":\"https:\\\/\\\/safetysourcefire.ca\\\/\",\"logo\":{\"@type\":\"ImageObject\",\"inLanguage\":\"fr-CA\",\"@id\":\"https:\\\/\\\/safetysourcefire.ca\\\/#\\\/schema\\\/logo\\\/image\\\/\",\"url\":\"https:\\\/\\\/safetysourcefire.ca\\\/wp-content\\\/uploads\\\/2021\\\/01\\\/SSF_logo_CC0000-3.png\",\"contentUrl\":\"https:\\\/\\\/safetysourcefire.ca\\\/wp-content\\\/uploads\\\/2021\\\/01\\\/SSF_logo_CC0000-3.png\",\"width\":1107,\"height\":365,\"caption\":\"Safety Source Fire\"},\"image\":{\"@id\":\"https:\\\/\\\/safetysourcefire.ca\\\/#\\\/schema\\\/logo\\\/image\\\/\"},\"sameAs\":[\"https:\\\/\\\/www.facebook.com\\\/mmfssca\",\"https:\\\/\\\/x.com\\\/mmfssca\"]}]}<\/script>\n<!-- \/ Yoast SEO plugin. -->","yoast_head_json":{"title":"RIT-Pak III Emergency Air Supply System - Safety Source Fire","robots":{"index":"index","follow":"follow","max-snippet":"max-snippet:-1","max-image-preview":"max-image-preview:large","max-video-preview":"max-video-preview:-1"},"canonical":"https:\/\/safetysourcefire.ca\/fr\/produit\/rit-pak-iii-emergency-air-supply-system\/","og_locale":"fr_CA","og_type":"article","og_title":"RIT-Pak III Emergency Air Supply System - Safety Source Fire","og_description":"The RIT-Pak III is the fire service industry\u2019s first, all-inclusive portable air supply system and one of the most comprehensive RIT systems available on the market.","og_url":"https:\/\/safetysourcefire.ca\/fr\/produit\/rit-pak-iii-emergency-air-supply-system\/","og_site_name":"Safety Source Fire","article_publisher":"https:\/\/www.facebook.com\/mmfssca","article_modified_time":"2026-03-31T19:13:25+00:00","og_image":[{"width":600,"height":600,"url":"https:\/\/safetysourcefire.ca\/wp-content\/uploads\/2026\/03\/3m-scott-rit-pak-iii-self-contained-breathing-apparatus.jpg","type":"image\/jpeg"}],"twitter_card":"summary_large_image","twitter_site":"@mmfssca","twitter_misc":{"Estimation du temps de lecture":"1 minute"},"schema":{"@context":"https:\/\/schema.org","@graph":[{"@type":"WebPage","@id":"https:\/\/safetysourcefire.ca\/product\/rit-pak-iii-emergency-air-supply-system\/","url":"https:\/\/safetysourcefire.ca\/product\/rit-pak-iii-emergency-air-supply-system\/","name":"RIT-Pak III Emergency Air Supply System - Safety Source Fire","isPartOf":{"@id":"https:\/\/safetysourcefire.ca\/#website"},"primaryImageOfPage":{"@id":"https:\/\/safetysourcefire.ca\/product\/rit-pak-iii-emergency-air-supply-system\/#primaryimage"},"image":{"@id":"https:\/\/safetysourcefire.ca\/product\/rit-pak-iii-emergency-air-supply-system\/#primaryimage"},"thumbnailUrl":"https:\/\/safetysourcefire.ca\/wp-content\/uploads\/2026\/03\/3m-scott-rit-pak-iii-self-contained-breathing-apparatus.jpg","datePublished":"2026-03-27T14:59:19+00:00","dateModified":"2026-03-31T19:13:25+00:00","breadcrumb":{"@id":"https:\/\/safetysourcefire.ca\/product\/rit-pak-iii-emergency-air-supply-system\/#breadcrumb"},"inLanguage":"fr-CA","potentialAction":[{"@type":"ReadAction","target":["https:\/\/safetysourcefire.ca\/product\/rit-pak-iii-emergency-air-supply-system\/"]}]},{"@type":"ImageObject","inLanguage":"fr-CA","@id":"https:\/\/safetysourcefire.ca\/product\/rit-pak-iii-emergency-air-supply-system\/#primaryimage","url":"https:\/\/safetysourcefire.ca\/wp-content\/uploads\/2026\/03\/3m-scott-rit-pak-iii-self-contained-breathing-apparatus.jpg","contentUrl":"https:\/\/safetysourcefire.ca\/wp-content\/uploads\/2026\/03\/3m-scott-rit-pak-iii-self-contained-breathing-apparatus.jpg","width":600,"height":600,"caption":"RIT-pak III"},{"@type":"BreadcrumbList","@id":"https:\/\/safetysourcefire.ca\/product\/rit-pak-iii-emergency-air-supply-system\/#breadcrumb","itemListElement":[{"@type":"ListItem","position":1,"name":"Home","item":"https:\/\/safetysourcefire.ca\/"},{"@type":"ListItem","position":2,"name":"Products","item":"https:\/\/safetysourcefire.ca\/shop\/"},{"@type":"ListItem","position":3,"name":"RIT-Pak III Emergency Air Supply System"}]},{"@type":"WebSite","@id":"https:\/\/safetysourcefire.ca\/#website","url":"https:\/\/safetysourcefire.ca\/","name":"Safety Source Fire","description":"","publisher":{"@id":"https:\/\/safetysourcefire.ca\/#organization"},"potentialAction":[{"@type":"SearchAction","target":{"@type":"EntryPoint","urlTemplate":"https:\/\/safetysourcefire.ca\/?s={search_term_string}"},"query-input":{"@type":"PropertyValueSpecification","valueRequired":true,"valueName":"search_term_string"}}],"inLanguage":"fr-CA"},{"@type":"Organization","@id":"https:\/\/safetysourcefire.ca\/#organization","name":"Safety Source Fire","url":"https:\/\/safetysourcefire.ca\/","logo":{"@type":"ImageObject","inLanguage":"fr-CA","@id":"https:\/\/safetysourcefire.ca\/#\/schema\/logo\/image\/","url":"https:\/\/safetysourcefire.ca\/wp-content\/uploads\/2021\/01\/SSF_logo_CC0000-3.png","contentUrl":"https:\/\/safetysourcefire.ca\/wp-content\/uploads\/2021\/01\/SSF_logo_CC0000-3.png","width":1107,"height":365,"caption":"Safety Source Fire"},"image":{"@id":"https:\/\/safetysourcefire.ca\/#\/schema\/logo\/image\/"},"sameAs":["https:\/\/www.facebook.com\/mmfssca","https:\/\/x.com\/mmfssca"]}]}},"_links":{"self":[{"href":"https:\/\/safetysourcefire.ca\/fr\/wp-json\/wp\/v2\/product\/30313","targetHints":{"allow":["GET"]}}],"collection":[{"href":"https:\/\/safetysourcefire.ca\/fr\/wp-json\/wp\/v2\/product"}],"about":[{"href":"https:\/\/safetysourcefire.ca\/fr\/wp-json\/wp\/v2\/types\/product"}],"wp:featuredmedia":[{"embeddable":true,"href":"https:\/\/safetysourcefire.ca\/fr\/wp-json\/wp\/v2\/media\/30314"}],"wp:attachment":[{"href":"https:\/\/safetysourcefire.ca\/fr\/wp-json\/wp\/v2\/media?parent=30313"}],"wp:term":[{"taxonomy":"product_brand","embeddable":true,"href":"https:\/\/safetysourcefire.ca\/fr\/wp-json\/wp\/v2\/product_brand?post=30313"},{"taxonomy":"product_cat","embeddable":true,"href":"https:\/\/safetysourcefire.ca\/fr\/wp-json\/wp\/v2\/product_cat?post=30313"},{"taxonomy":"product_tag","embeddable":true,"href":"https:\/\/safetysourcefire.ca\/fr\/wp-json\/wp\/v2\/product_tag?post=30313"}],"curies":[{"name":"wp","href":"https:\/\/api.w.org\/{rel}","templated":true}]}}