{"id":30325,"date":"2026-03-27T18:42:45","date_gmt":"2026-03-27T18:42:45","guid":{"rendered":"https:\/\/safetysourcefire.ca\/?post_type=product&#038;p=30325"},"modified":"2026-03-27T18:44:24","modified_gmt":"2026-03-27T18:44:24","slug":"peltor-electronic-earplug","status":"publish","type":"product","link":"https:\/\/safetysourcefire.ca\/fr\/produit\/peltor-electronic-earplug\/","title":{"rendered":"Bouchons d&#039;oreille \u00e9lectroniques PELTOR\u2122"},"content":{"rendered":"<p>Ce kit comprend un \u00e9tui de chargement protecteur et un assortiment d&#039;embouts auriculaires.<\/p>\n<p>Les oreillettes se rechargent via une prise micro-USB situ\u00e9e sur l&#039;\u00e9tui de chargement. Ce dernier permet \u00e9galement de ranger facilement et de fa\u00e7on pratique les oreillettes lorsqu&#039;elles ne sont pas utilis\u00e9es.<\/p>\n<p>Sa conception compacte et l\u00e9g\u00e8re contribue \u00e0 am\u00e9liorer le confort et l&#039;exp\u00e9rience utilisateur, et la rend compatible avec la plupart des \u00e9quipements de protection individuelle (EPI) port\u00e9s sur la t\u00eate, tels que les casques et les visi\u00e8res. Les oreillettes et l&#039;\u00e9tui sont de couleur verte.<\/p>\n<p>Points forts<\/p>\n<ul>\n<li>Contribue \u00e0 la protection auditive dans les environnements bruyants.<\/li>\n<li>Les microphones externes vous aident \u00e0 entendre les communications et les sons ambiants.<\/li>\n<li>Con\u00e7u par 3M PELTOR et fabriqu\u00e9 pour r\u00e9sister aux conditions difficiles des professionnels.<\/li>\n<li>Une commande intuitive \u00e0 un seul bouton permet d&#039;allumer\/\u00e9teindre l&#039;\u00e9couteur et de s\u00e9lectionner le niveau de volume.<\/li>\n<li>Batterie lithium-ion rechargeable, c\u00e2ble de chargement inclus<\/li>\n<li>\u00c9couteurs et bo\u00eetier de charge r\u00e9sistants aux intemp\u00e9ries (IP54)<\/li>\n<li>Conception compacte et l\u00e9g\u00e8re<\/li>\n<li>Compatible avec la plupart des \u00e9quipements de protection individuelle port\u00e9s sur la t\u00eate, tels que les casques, les casques de chantier, les lunettes de protection et les \u00e9crans faciaux.<\/li>\n<li>Choix d&#039;embouts de communication rempla\u00e7ables con\u00e7us pour s&#039;adapter \u00e0 la plupart des conduits auditifs\u00a0: embout de communication UltraFit\u2122 (23\u00a0dB), Triple C<\/li>\n<li>Embout de communication (27 dB) et embout de communication \u00e0 vis cr\u00e2nienne (30 dB)<\/li>\n<li>3M recommande fortement de proc\u00e9der \u00e0 un essai individuel d&#039;ajustement des protections auditives. Si l&#039;indice NRR est utilis\u00e9 pour estimer la protection typique en milieu de travail, 3M recommande de r\u00e9duire la valeur de r\u00e9duction du bruit de 50% ou conform\u00e9ment \u00e0 la r\u00e9glementation applicable.<\/li>\n<\/ul>","protected":false},"excerpt":{"rendered":"<p>Les bouchons d&#039;oreille \u00e9lectroniques 3M PELTOR EEP-100 aident \u00e0 prot\u00e9ger votre audition et peuvent contribuer \u00e0 am\u00e9liorer la perception de l&#039;environnement et les communications dans des environnements difficiles.<\/p>","protected":false},"featured_media":30326,"template":"","meta":[],"product_brand":[401],"product_cat":[452,50],"product_tag":[],"class_list":{"0":"post-30325","1":"product","2":"type-product","3":"status-publish","4":"has-post-thumbnail","6":"product_brand-3m","7":"product_cat-miscellaneous-ppe","8":"product_cat-personal-protective-equipment","10":"first","11":"instock","12":"shipping-taxable","13":"product-type-simple"},"yoast_head":"<!-- This site is optimized with the Yoast SEO plugin v27.4 - https:\/\/yoast.com\/product\/yoast-seo-wordpress\/ -->\n<title>PELTOR\u2122 Electronic Earplug - Safety Source Fire<\/title>\n<meta name=\"robots\" content=\"index, follow, max-snippet:-1, max-image-preview:large, max-video-preview:-1\" \/>\n<link rel=\"canonical\" href=\"https:\/\/safetysourcefire.ca\/fr\/produit\/peltor-electronic-earplug\/\" \/>\n<meta property=\"og:locale\" content=\"fr_CA\" \/>\n<meta property=\"og:type\" content=\"article\" \/>\n<meta property=\"og:title\" content=\"PELTOR\u2122 Electronic Earplug - Safety Source Fire\" \/>\n<meta property=\"og:description\" content=\"The 3M PELTOR EEP-100 Electronic Earplug helps protect your hearing, and can help improve situational awareness and communications in challenging environments.\" \/>\n<meta property=\"og:url\" content=\"https:\/\/safetysourcefire.ca\/fr\/produit\/peltor-electronic-earplug\/\" \/>\n<meta property=\"og:site_name\" content=\"Safety Source Fire\" \/>\n<meta property=\"article:publisher\" content=\"https:\/\/www.facebook.com\/mmfssca\" \/>\n<meta property=\"article:modified_time\" content=\"2026-03-27T18:44:24+00:00\" \/>\n<meta property=\"og:image\" content=\"https:\/\/safetysourcefire.ca\/wp-content\/uploads\/2026\/03\/Peltor-electronic-earplug.jpg\" \/>\n\t<meta property=\"og:image:width\" content=\"600\" \/>\n\t<meta property=\"og:image:height\" content=\"600\" \/>\n\t<meta property=\"og:image:type\" content=\"image\/jpeg\" \/>\n<meta name=\"twitter:card\" content=\"summary_large_image\" \/>\n<meta name=\"twitter:site\" content=\"@mmfssca\" \/>\n<meta name=\"twitter:label1\" content=\"Estimation du temps de lecture\" \/>\n\t<meta name=\"twitter:data1\" content=\"2 minutes\" \/>\n<script type=\"application\/ld+json\" class=\"yoast-schema-graph\">{\"@context\":\"https:\\\/\\\/schema.org\",\"@graph\":[{\"@type\":\"WebPage\",\"@id\":\"https:\\\/\\\/safetysourcefire.ca\\\/product\\\/peltor-electronic-earplug\\\/\",\"url\":\"https:\\\/\\\/safetysourcefire.ca\\\/product\\\/peltor-electronic-earplug\\\/\",\"name\":\"PELTOR\u2122 Electronic Earplug - Safety Source Fire\",\"isPartOf\":{\"@id\":\"https:\\\/\\\/safetysourcefire.ca\\\/#website\"},\"primaryImageOfPage\":{\"@id\":\"https:\\\/\\\/safetysourcefire.ca\\\/product\\\/peltor-electronic-earplug\\\/#primaryimage\"},\"image\":{\"@id\":\"https:\\\/\\\/safetysourcefire.ca\\\/product\\\/peltor-electronic-earplug\\\/#primaryimage\"},\"thumbnailUrl\":\"https:\\\/\\\/safetysourcefire.ca\\\/wp-content\\\/uploads\\\/2026\\\/03\\\/Peltor-electronic-earplug.jpg\",\"datePublished\":\"2026-03-27T18:42:45+00:00\",\"dateModified\":\"2026-03-27T18:44:24+00:00\",\"breadcrumb\":{\"@id\":\"https:\\\/\\\/safetysourcefire.ca\\\/product\\\/peltor-electronic-earplug\\\/#breadcrumb\"},\"inLanguage\":\"fr-CA\",\"potentialAction\":[{\"@type\":\"ReadAction\",\"target\":[\"https:\\\/\\\/safetysourcefire.ca\\\/product\\\/peltor-electronic-earplug\\\/\"]}]},{\"@type\":\"ImageObject\",\"inLanguage\":\"fr-CA\",\"@id\":\"https:\\\/\\\/safetysourcefire.ca\\\/product\\\/peltor-electronic-earplug\\\/#primaryimage\",\"url\":\"https:\\\/\\\/safetysourcefire.ca\\\/wp-content\\\/uploads\\\/2026\\\/03\\\/Peltor-electronic-earplug.jpg\",\"contentUrl\":\"https:\\\/\\\/safetysourcefire.ca\\\/wp-content\\\/uploads\\\/2026\\\/03\\\/Peltor-electronic-earplug.jpg\",\"width\":600,\"height\":600,\"caption\":\"Electronic earplugs\"},{\"@type\":\"BreadcrumbList\",\"@id\":\"https:\\\/\\\/safetysourcefire.ca\\\/product\\\/peltor-electronic-earplug\\\/#breadcrumb\",\"itemListElement\":[{\"@type\":\"ListItem\",\"position\":1,\"name\":\"Home\",\"item\":\"https:\\\/\\\/safetysourcefire.ca\\\/\"},{\"@type\":\"ListItem\",\"position\":2,\"name\":\"Products\",\"item\":\"https:\\\/\\\/safetysourcefire.ca\\\/shop\\\/\"},{\"@type\":\"ListItem\",\"position\":3,\"name\":\"PELTOR\u2122 Electronic Earplug\"}]},{\"@type\":\"WebSite\",\"@id\":\"https:\\\/\\\/safetysourcefire.ca\\\/#website\",\"url\":\"https:\\\/\\\/safetysourcefire.ca\\\/\",\"name\":\"Safety Source Fire\",\"description\":\"\",\"publisher\":{\"@id\":\"https:\\\/\\\/safetysourcefire.ca\\\/#organization\"},\"potentialAction\":[{\"@type\":\"SearchAction\",\"target\":{\"@type\":\"EntryPoint\",\"urlTemplate\":\"https:\\\/\\\/safetysourcefire.ca\\\/?s={search_term_string}\"},\"query-input\":{\"@type\":\"PropertyValueSpecification\",\"valueRequired\":true,\"valueName\":\"search_term_string\"}}],\"inLanguage\":\"fr-CA\"},{\"@type\":\"Organization\",\"@id\":\"https:\\\/\\\/safetysourcefire.ca\\\/#organization\",\"name\":\"Safety Source Fire\",\"url\":\"https:\\\/\\\/safetysourcefire.ca\\\/\",\"logo\":{\"@type\":\"ImageObject\",\"inLanguage\":\"fr-CA\",\"@id\":\"https:\\\/\\\/safetysourcefire.ca\\\/#\\\/schema\\\/logo\\\/image\\\/\",\"url\":\"https:\\\/\\\/safetysourcefire.ca\\\/wp-content\\\/uploads\\\/2021\\\/01\\\/SSF_logo_CC0000-3.png\",\"contentUrl\":\"https:\\\/\\\/safetysourcefire.ca\\\/wp-content\\\/uploads\\\/2021\\\/01\\\/SSF_logo_CC0000-3.png\",\"width\":1107,\"height\":365,\"caption\":\"Safety Source Fire\"},\"image\":{\"@id\":\"https:\\\/\\\/safetysourcefire.ca\\\/#\\\/schema\\\/logo\\\/image\\\/\"},\"sameAs\":[\"https:\\\/\\\/www.facebook.com\\\/mmfssca\",\"https:\\\/\\\/x.com\\\/mmfssca\"]}]}<\/script>\n<!-- \/ Yoast SEO plugin. -->","yoast_head_json":{"title":"PELTOR\u2122 Electronic Earplug - Safety Source Fire","robots":{"index":"index","follow":"follow","max-snippet":"max-snippet:-1","max-image-preview":"max-image-preview:large","max-video-preview":"max-video-preview:-1"},"canonical":"https:\/\/safetysourcefire.ca\/fr\/produit\/peltor-electronic-earplug\/","og_locale":"fr_CA","og_type":"article","og_title":"PELTOR\u2122 Electronic Earplug - Safety Source Fire","og_description":"The 3M PELTOR EEP-100 Electronic Earplug helps protect your hearing, and can help improve situational awareness and communications in challenging environments.","og_url":"https:\/\/safetysourcefire.ca\/fr\/produit\/peltor-electronic-earplug\/","og_site_name":"Safety Source Fire","article_publisher":"https:\/\/www.facebook.com\/mmfssca","article_modified_time":"2026-03-27T18:44:24+00:00","og_image":[{"width":600,"height":600,"url":"https:\/\/safetysourcefire.ca\/wp-content\/uploads\/2026\/03\/Peltor-electronic-earplug.jpg","type":"image\/jpeg"}],"twitter_card":"summary_large_image","twitter_site":"@mmfssca","twitter_misc":{"Estimation du temps de lecture":"2 minutes"},"schema":{"@context":"https:\/\/schema.org","@graph":[{"@type":"WebPage","@id":"https:\/\/safetysourcefire.ca\/product\/peltor-electronic-earplug\/","url":"https:\/\/safetysourcefire.ca\/product\/peltor-electronic-earplug\/","name":"PELTOR\u2122 Electronic Earplug - Safety Source Fire","isPartOf":{"@id":"https:\/\/safetysourcefire.ca\/#website"},"primaryImageOfPage":{"@id":"https:\/\/safetysourcefire.ca\/product\/peltor-electronic-earplug\/#primaryimage"},"image":{"@id":"https:\/\/safetysourcefire.ca\/product\/peltor-electronic-earplug\/#primaryimage"},"thumbnailUrl":"https:\/\/safetysourcefire.ca\/wp-content\/uploads\/2026\/03\/Peltor-electronic-earplug.jpg","datePublished":"2026-03-27T18:42:45+00:00","dateModified":"2026-03-27T18:44:24+00:00","breadcrumb":{"@id":"https:\/\/safetysourcefire.ca\/product\/peltor-electronic-earplug\/#breadcrumb"},"inLanguage":"fr-CA","potentialAction":[{"@type":"ReadAction","target":["https:\/\/safetysourcefire.ca\/product\/peltor-electronic-earplug\/"]}]},{"@type":"ImageObject","inLanguage":"fr-CA","@id":"https:\/\/safetysourcefire.ca\/product\/peltor-electronic-earplug\/#primaryimage","url":"https:\/\/safetysourcefire.ca\/wp-content\/uploads\/2026\/03\/Peltor-electronic-earplug.jpg","contentUrl":"https:\/\/safetysourcefire.ca\/wp-content\/uploads\/2026\/03\/Peltor-electronic-earplug.jpg","width":600,"height":600,"caption":"Electronic earplugs"},{"@type":"BreadcrumbList","@id":"https:\/\/safetysourcefire.ca\/product\/peltor-electronic-earplug\/#breadcrumb","itemListElement":[{"@type":"ListItem","position":1,"name":"Home","item":"https:\/\/safetysourcefire.ca\/"},{"@type":"ListItem","position":2,"name":"Products","item":"https:\/\/safetysourcefire.ca\/shop\/"},{"@type":"ListItem","position":3,"name":"PELTOR\u2122 Electronic Earplug"}]},{"@type":"WebSite","@id":"https:\/\/safetysourcefire.ca\/#website","url":"https:\/\/safetysourcefire.ca\/","name":"Safety Source Fire","description":"","publisher":{"@id":"https:\/\/safetysourcefire.ca\/#organization"},"potentialAction":[{"@type":"SearchAction","target":{"@type":"EntryPoint","urlTemplate":"https:\/\/safetysourcefire.ca\/?s={search_term_string}"},"query-input":{"@type":"PropertyValueSpecification","valueRequired":true,"valueName":"search_term_string"}}],"inLanguage":"fr-CA"},{"@type":"Organization","@id":"https:\/\/safetysourcefire.ca\/#organization","name":"Safety Source Fire","url":"https:\/\/safetysourcefire.ca\/","logo":{"@type":"ImageObject","inLanguage":"fr-CA","@id":"https:\/\/safetysourcefire.ca\/#\/schema\/logo\/image\/","url":"https:\/\/safetysourcefire.ca\/wp-content\/uploads\/2021\/01\/SSF_logo_CC0000-3.png","contentUrl":"https:\/\/safetysourcefire.ca\/wp-content\/uploads\/2021\/01\/SSF_logo_CC0000-3.png","width":1107,"height":365,"caption":"Safety Source Fire"},"image":{"@id":"https:\/\/safetysourcefire.ca\/#\/schema\/logo\/image\/"},"sameAs":["https:\/\/www.facebook.com\/mmfssca","https:\/\/x.com\/mmfssca"]}]}},"_links":{"self":[{"href":"https:\/\/safetysourcefire.ca\/fr\/wp-json\/wp\/v2\/product\/30325","targetHints":{"allow":["GET"]}}],"collection":[{"href":"https:\/\/safetysourcefire.ca\/fr\/wp-json\/wp\/v2\/product"}],"about":[{"href":"https:\/\/safetysourcefire.ca\/fr\/wp-json\/wp\/v2\/types\/product"}],"wp:featuredmedia":[{"embeddable":true,"href":"https:\/\/safetysourcefire.ca\/fr\/wp-json\/wp\/v2\/media\/30326"}],"wp:attachment":[{"href":"https:\/\/safetysourcefire.ca\/fr\/wp-json\/wp\/v2\/media?parent=30325"}],"wp:term":[{"taxonomy":"product_brand","embeddable":true,"href":"https:\/\/safetysourcefire.ca\/fr\/wp-json\/wp\/v2\/product_brand?post=30325"},{"taxonomy":"product_cat","embeddable":true,"href":"https:\/\/safetysourcefire.ca\/fr\/wp-json\/wp\/v2\/product_cat?post=30325"},{"taxonomy":"product_tag","embeddable":true,"href":"https:\/\/safetysourcefire.ca\/fr\/wp-json\/wp\/v2\/product_tag?post=30325"}],"curies":[{"name":"wp","href":"https:\/\/api.w.org\/{rel}","templated":true}]}}