{"id":30328,"date":"2026-03-30T18:13:51","date_gmt":"2026-03-30T18:13:51","guid":{"rendered":"https:\/\/safetysourcefire.ca\/?post_type=product&#038;p=30328"},"modified":"2026-03-30T18:14:01","modified_gmt":"2026-03-30T18:14:01","slug":"aerofit-respirator-fit-tester","status":"publish","type":"product","link":"https:\/\/safetysourcefire.ca\/fr\/produit\/aerofit-respirator-fit-tester\/","title":{"rendered":"Testeur d&#039;ajustement de respirateur AeroFit\u00ae"},"content":{"rendered":"<p><strong>Con\u00e7u pour l&#039;exp\u00e9rience utilisateur et l&#039;efficacit\u00e9<\/strong><\/p>\n<p>D\u00e9couvrez un processus de test d&#039;ajustement intuitif et autonome gr\u00e2ce \u00e0 l&#039;\u00e9cran interactif int\u00e9gr\u00e9 d&#039;AeroFit\u00ae.<\/p>\n<ul>\n<li>Fonctionnement silencieux (brevet en instance)<br \/>\n\u00c9limine le bruit associ\u00e9 aux autres appareils d&#039;essai d&#039;ajustement pour une exp\u00e9rience plus agr\u00e9able.<\/li>\n<li>Exp\u00e9rience de test interactive<br \/>\nLes sujets test\u00e9s sont guid\u00e9s tout au long du processus gr\u00e2ce \u00e0 des animations et des instructions.<\/li>\n<li>Gestion de la g\u00e9n\u00e9ration de particules (brevet en instance)<br \/>\nGarantit un environnement de test d&#039;ajustement optimal tout au long du processus de test.<\/li>\n<li>Listes de respirateurs pr\u00e9charg\u00e9es<br \/>\nS\u00e9lectionnez les respirateurs de la liste exhaustive d&#039;AeroFit\u00ae pour les associer \u00e0 la technologie et au protocole appropri\u00e9s.<\/li>\n<li>V\u00e9rification quotidienne automatis\u00e9e<br \/>\nRationalisez la v\u00e9rification quotidienne gr\u00e2ce \u00e0 une s\u00e9lection intelligente des respirateurs et \u00e0 un port z\u00e9ro int\u00e9gr\u00e9.<\/li>\n<\/ul>\n<p><strong>Technologie de comptage des noyaux de condensation (CNC)<\/strong><\/p>\n<p>AeroFit\u00ae exploite la puissance de la technologie CNC pour fournir des tests d&#039;ajustement pr\u00e9cis et fiables des respirateurs N95 et \u00e9lastom\u00e8res.<\/p>\n<ul>\n<li>Technologie CNC<br \/>\nUtilise les particules en suspension dans l&#039;air pour mesurer l&#039;ajustement, fournissant une \u00e9valuation pr\u00e9cise des fuites du respirateur.<\/li>\n<li>Conformit\u00e9 aux normes internationales<br \/>\nConforme aux normes OSHA, ISO et HSE pour garantir que vos tests d&#039;ajustement respectent les protocoles de s\u00e9curit\u00e9 les plus rigoureux.<\/li>\n<li>Tests d&#039;ajustement universel<br \/>\nQue vous testiez des masques N95 ou des respirateurs \u00e9lastom\u00e8res, AeroFit\u00ae a la solution.<\/li>\n<\/ul>\n<p><strong>Portabilit\u00e9 et commodit\u00e9 pour tous les respirateurs<\/strong><\/p>\n<p>AeroFit\u00ae est con\u00e7u pour rendre les tests d&#039;ajustement plus faciles et plus rapides pour tous les respirateurs, y compris les N95 jetables et les respirateurs \u00e9lastom\u00e8res.<\/p>\n<ul>\n<li>Configuration rapide<br \/>\nD\u00e9marrez rapidement vos tests gr\u00e2ce \u00e0 un processus de configuration simple et une s\u00e9lection guid\u00e9e des respirateurs.<\/li>\n<li>Libert\u00e9 sans fil<br \/>\nLes batteries rechargeables offrent des heures d&#039;autonomie pour les tests, que vous soyez sur le terrain ou au bureau.<\/li>\n<li>Tests rapides<br \/>\nAeroFit\u00ae prend en charge les protocoles OSHA et ISO, y compris le protocole OSHA Fast Fit, permettant de r\u00e9aliser les tests d&#039;ajustement en moins de trois minutes.<\/li>\n<\/ul>","protected":false},"excerpt":{"rendered":"<p>Dispositif de test d&#039;ajustement de nouvelle g\u00e9n\u00e9ration pour les respirateurs \u00e9lastom\u00e8res et jetables<\/p>","protected":false},"featured_media":30336,"template":"","meta":[],"product_brand":[504],"product_cat":[45,58],"product_tag":[],"class_list":{"0":"post-30328","1":"product","2":"type-product","3":"status-publish","4":"has-post-thumbnail","6":"product_brand-ohd","7":"product_cat-respiratory","8":"product_cat-accessories-scba","10":"first","11":"instock","12":"shipping-taxable","13":"product-type-simple"},"yoast_head":"<!-- This site is optimized with the Yoast SEO plugin v27.4 - https:\/\/yoast.com\/product\/yoast-seo-wordpress\/ -->\n<title>AeroFit\u00ae Respirator Fit Tester - Safety Source Fire<\/title>\n<meta name=\"robots\" content=\"index, follow, max-snippet:-1, max-image-preview:large, max-video-preview:-1\" \/>\n<link rel=\"canonical\" href=\"https:\/\/safetysourcefire.ca\/fr\/produit\/aerofit-respirator-fit-tester\/\" \/>\n<meta property=\"og:locale\" content=\"fr_CA\" \/>\n<meta property=\"og:type\" content=\"article\" \/>\n<meta property=\"og:title\" content=\"AeroFit\u00ae Respirator Fit Tester - Safety Source Fire\" \/>\n<meta property=\"og:description\" content=\"Next Generation Fit Testing Device for Elastomeric and Disposable Respirators\" \/>\n<meta property=\"og:url\" content=\"https:\/\/safetysourcefire.ca\/fr\/produit\/aerofit-respirator-fit-tester\/\" \/>\n<meta property=\"og:site_name\" content=\"Safety Source Fire\" \/>\n<meta property=\"article:publisher\" content=\"https:\/\/www.facebook.com\/mmfssca\" \/>\n<meta property=\"article:modified_time\" content=\"2026-03-30T18:14:01+00:00\" \/>\n<meta property=\"og:image\" content=\"https:\/\/safetysourcefire.ca\/wp-content\/uploads\/2026\/03\/aerofit-2024-product.jpg\" \/>\n\t<meta property=\"og:image:width\" content=\"600\" \/>\n\t<meta property=\"og:image:height\" content=\"600\" \/>\n\t<meta property=\"og:image:type\" content=\"image\/jpeg\" \/>\n<meta name=\"twitter:card\" content=\"summary_large_image\" \/>\n<meta name=\"twitter:site\" content=\"@mmfssca\" \/>\n<meta name=\"twitter:label1\" content=\"Estimation du temps de lecture\" \/>\n\t<meta name=\"twitter:data1\" content=\"2 minutes\" \/>\n<script type=\"application\/ld+json\" class=\"yoast-schema-graph\">{\"@context\":\"https:\\\/\\\/schema.org\",\"@graph\":[{\"@type\":\"WebPage\",\"@id\":\"https:\\\/\\\/safetysourcefire.ca\\\/product\\\/aerofit-respirator-fit-tester\\\/\",\"url\":\"https:\\\/\\\/safetysourcefire.ca\\\/product\\\/aerofit-respirator-fit-tester\\\/\",\"name\":\"AeroFit\u00ae Respirator Fit Tester - Safety Source Fire\",\"isPartOf\":{\"@id\":\"https:\\\/\\\/safetysourcefire.ca\\\/#website\"},\"primaryImageOfPage\":{\"@id\":\"https:\\\/\\\/safetysourcefire.ca\\\/product\\\/aerofit-respirator-fit-tester\\\/#primaryimage\"},\"image\":{\"@id\":\"https:\\\/\\\/safetysourcefire.ca\\\/product\\\/aerofit-respirator-fit-tester\\\/#primaryimage\"},\"thumbnailUrl\":\"https:\\\/\\\/safetysourcefire.ca\\\/wp-content\\\/uploads\\\/2026\\\/03\\\/aerofit-2024-product.jpg\",\"datePublished\":\"2026-03-30T18:13:51+00:00\",\"dateModified\":\"2026-03-30T18:14:01+00:00\",\"breadcrumb\":{\"@id\":\"https:\\\/\\\/safetysourcefire.ca\\\/product\\\/aerofit-respirator-fit-tester\\\/#breadcrumb\"},\"inLanguage\":\"fr-CA\",\"potentialAction\":[{\"@type\":\"ReadAction\",\"target\":[\"https:\\\/\\\/safetysourcefire.ca\\\/product\\\/aerofit-respirator-fit-tester\\\/\"]}]},{\"@type\":\"ImageObject\",\"inLanguage\":\"fr-CA\",\"@id\":\"https:\\\/\\\/safetysourcefire.ca\\\/product\\\/aerofit-respirator-fit-tester\\\/#primaryimage\",\"url\":\"https:\\\/\\\/safetysourcefire.ca\\\/wp-content\\\/uploads\\\/2026\\\/03\\\/aerofit-2024-product.jpg\",\"contentUrl\":\"https:\\\/\\\/safetysourcefire.ca\\\/wp-content\\\/uploads\\\/2026\\\/03\\\/aerofit-2024-product.jpg\",\"width\":600,\"height\":600,\"caption\":\"Aerofit\"},{\"@type\":\"BreadcrumbList\",\"@id\":\"https:\\\/\\\/safetysourcefire.ca\\\/product\\\/aerofit-respirator-fit-tester\\\/#breadcrumb\",\"itemListElement\":[{\"@type\":\"ListItem\",\"position\":1,\"name\":\"Home\",\"item\":\"https:\\\/\\\/safetysourcefire.ca\\\/\"},{\"@type\":\"ListItem\",\"position\":2,\"name\":\"Products\",\"item\":\"https:\\\/\\\/safetysourcefire.ca\\\/shop\\\/\"},{\"@type\":\"ListItem\",\"position\":3,\"name\":\"AeroFit\u00ae Respirator Fit Tester\"}]},{\"@type\":\"WebSite\",\"@id\":\"https:\\\/\\\/safetysourcefire.ca\\\/#website\",\"url\":\"https:\\\/\\\/safetysourcefire.ca\\\/\",\"name\":\"Safety Source Fire\",\"description\":\"\",\"publisher\":{\"@id\":\"https:\\\/\\\/safetysourcefire.ca\\\/#organization\"},\"potentialAction\":[{\"@type\":\"SearchAction\",\"target\":{\"@type\":\"EntryPoint\",\"urlTemplate\":\"https:\\\/\\\/safetysourcefire.ca\\\/?s={search_term_string}\"},\"query-input\":{\"@type\":\"PropertyValueSpecification\",\"valueRequired\":true,\"valueName\":\"search_term_string\"}}],\"inLanguage\":\"fr-CA\"},{\"@type\":\"Organization\",\"@id\":\"https:\\\/\\\/safetysourcefire.ca\\\/#organization\",\"name\":\"Safety Source Fire\",\"url\":\"https:\\\/\\\/safetysourcefire.ca\\\/\",\"logo\":{\"@type\":\"ImageObject\",\"inLanguage\":\"fr-CA\",\"@id\":\"https:\\\/\\\/safetysourcefire.ca\\\/#\\\/schema\\\/logo\\\/image\\\/\",\"url\":\"https:\\\/\\\/safetysourcefire.ca\\\/wp-content\\\/uploads\\\/2021\\\/01\\\/SSF_logo_CC0000-3.png\",\"contentUrl\":\"https:\\\/\\\/safetysourcefire.ca\\\/wp-content\\\/uploads\\\/2021\\\/01\\\/SSF_logo_CC0000-3.png\",\"width\":1107,\"height\":365,\"caption\":\"Safety Source Fire\"},\"image\":{\"@id\":\"https:\\\/\\\/safetysourcefire.ca\\\/#\\\/schema\\\/logo\\\/image\\\/\"},\"sameAs\":[\"https:\\\/\\\/www.facebook.com\\\/mmfssca\",\"https:\\\/\\\/x.com\\\/mmfssca\"]}]}<\/script>\n<!-- \/ Yoast SEO plugin. -->","yoast_head_json":{"title":"AeroFit\u00ae Respirator Fit Tester - Safety Source Fire","robots":{"index":"index","follow":"follow","max-snippet":"max-snippet:-1","max-image-preview":"max-image-preview:large","max-video-preview":"max-video-preview:-1"},"canonical":"https:\/\/safetysourcefire.ca\/fr\/produit\/aerofit-respirator-fit-tester\/","og_locale":"fr_CA","og_type":"article","og_title":"AeroFit\u00ae Respirator Fit Tester - Safety Source Fire","og_description":"Next Generation Fit Testing Device for Elastomeric and Disposable Respirators","og_url":"https:\/\/safetysourcefire.ca\/fr\/produit\/aerofit-respirator-fit-tester\/","og_site_name":"Safety Source Fire","article_publisher":"https:\/\/www.facebook.com\/mmfssca","article_modified_time":"2026-03-30T18:14:01+00:00","og_image":[{"width":600,"height":600,"url":"https:\/\/safetysourcefire.ca\/wp-content\/uploads\/2026\/03\/aerofit-2024-product.jpg","type":"image\/jpeg"}],"twitter_card":"summary_large_image","twitter_site":"@mmfssca","twitter_misc":{"Estimation du temps de lecture":"2 minutes"},"schema":{"@context":"https:\/\/schema.org","@graph":[{"@type":"WebPage","@id":"https:\/\/safetysourcefire.ca\/product\/aerofit-respirator-fit-tester\/","url":"https:\/\/safetysourcefire.ca\/product\/aerofit-respirator-fit-tester\/","name":"AeroFit\u00ae Respirator Fit Tester - Safety Source Fire","isPartOf":{"@id":"https:\/\/safetysourcefire.ca\/#website"},"primaryImageOfPage":{"@id":"https:\/\/safetysourcefire.ca\/product\/aerofit-respirator-fit-tester\/#primaryimage"},"image":{"@id":"https:\/\/safetysourcefire.ca\/product\/aerofit-respirator-fit-tester\/#primaryimage"},"thumbnailUrl":"https:\/\/safetysourcefire.ca\/wp-content\/uploads\/2026\/03\/aerofit-2024-product.jpg","datePublished":"2026-03-30T18:13:51+00:00","dateModified":"2026-03-30T18:14:01+00:00","breadcrumb":{"@id":"https:\/\/safetysourcefire.ca\/product\/aerofit-respirator-fit-tester\/#breadcrumb"},"inLanguage":"fr-CA","potentialAction":[{"@type":"ReadAction","target":["https:\/\/safetysourcefire.ca\/product\/aerofit-respirator-fit-tester\/"]}]},{"@type":"ImageObject","inLanguage":"fr-CA","@id":"https:\/\/safetysourcefire.ca\/product\/aerofit-respirator-fit-tester\/#primaryimage","url":"https:\/\/safetysourcefire.ca\/wp-content\/uploads\/2026\/03\/aerofit-2024-product.jpg","contentUrl":"https:\/\/safetysourcefire.ca\/wp-content\/uploads\/2026\/03\/aerofit-2024-product.jpg","width":600,"height":600,"caption":"Aerofit"},{"@type":"BreadcrumbList","@id":"https:\/\/safetysourcefire.ca\/product\/aerofit-respirator-fit-tester\/#breadcrumb","itemListElement":[{"@type":"ListItem","position":1,"name":"Home","item":"https:\/\/safetysourcefire.ca\/"},{"@type":"ListItem","position":2,"name":"Products","item":"https:\/\/safetysourcefire.ca\/shop\/"},{"@type":"ListItem","position":3,"name":"AeroFit\u00ae Respirator Fit Tester"}]},{"@type":"WebSite","@id":"https:\/\/safetysourcefire.ca\/#website","url":"https:\/\/safetysourcefire.ca\/","name":"Safety Source Fire","description":"","publisher":{"@id":"https:\/\/safetysourcefire.ca\/#organization"},"potentialAction":[{"@type":"SearchAction","target":{"@type":"EntryPoint","urlTemplate":"https:\/\/safetysourcefire.ca\/?s={search_term_string}"},"query-input":{"@type":"PropertyValueSpecification","valueRequired":true,"valueName":"search_term_string"}}],"inLanguage":"fr-CA"},{"@type":"Organization","@id":"https:\/\/safetysourcefire.ca\/#organization","name":"Safety Source Fire","url":"https:\/\/safetysourcefire.ca\/","logo":{"@type":"ImageObject","inLanguage":"fr-CA","@id":"https:\/\/safetysourcefire.ca\/#\/schema\/logo\/image\/","url":"https:\/\/safetysourcefire.ca\/wp-content\/uploads\/2021\/01\/SSF_logo_CC0000-3.png","contentUrl":"https:\/\/safetysourcefire.ca\/wp-content\/uploads\/2021\/01\/SSF_logo_CC0000-3.png","width":1107,"height":365,"caption":"Safety Source Fire"},"image":{"@id":"https:\/\/safetysourcefire.ca\/#\/schema\/logo\/image\/"},"sameAs":["https:\/\/www.facebook.com\/mmfssca","https:\/\/x.com\/mmfssca"]}]}},"_links":{"self":[{"href":"https:\/\/safetysourcefire.ca\/fr\/wp-json\/wp\/v2\/product\/30328","targetHints":{"allow":["GET"]}}],"collection":[{"href":"https:\/\/safetysourcefire.ca\/fr\/wp-json\/wp\/v2\/product"}],"about":[{"href":"https:\/\/safetysourcefire.ca\/fr\/wp-json\/wp\/v2\/types\/product"}],"wp:featuredmedia":[{"embeddable":true,"href":"https:\/\/safetysourcefire.ca\/fr\/wp-json\/wp\/v2\/media\/30336"}],"wp:attachment":[{"href":"https:\/\/safetysourcefire.ca\/fr\/wp-json\/wp\/v2\/media?parent=30328"}],"wp:term":[{"taxonomy":"product_brand","embeddable":true,"href":"https:\/\/safetysourcefire.ca\/fr\/wp-json\/wp\/v2\/product_brand?post=30328"},{"taxonomy":"product_cat","embeddable":true,"href":"https:\/\/safetysourcefire.ca\/fr\/wp-json\/wp\/v2\/product_cat?post=30328"},{"taxonomy":"product_tag","embeddable":true,"href":"https:\/\/safetysourcefire.ca\/fr\/wp-json\/wp\/v2\/product_tag?post=30328"}],"curies":[{"name":"wp","href":"https:\/\/api.w.org\/{rel}","templated":true}]}}