{"id":30348,"date":"2026-04-07T18:44:10","date_gmt":"2026-04-07T18:44:10","guid":{"rendered":"https:\/\/safetysourcefire.ca\/?post_type=product&#038;p=30348"},"modified":"2026-04-07T18:44:10","modified_gmt":"2026-04-07T18:44:10","slug":"positive-pressure-ventilator","status":"publish","type":"product","link":"https:\/\/safetysourcefire.ca\/fr\/produit\/positive-pressure-ventilator\/","title":{"rendered":"Ventilateur \u00e0 pression positive (VPP)"},"content":{"rendered":"<p>Aliment\u00e9 par deux batteries Holmatro.<\/p>\n<p>Le mod\u00e8le PPV20M est \u00e9quip\u00e9 de buses de brumisation int\u00e9gr\u00e9es permettant de refroidir activement les secouristes apr\u00e8s une exposition au stress thermique.<\/p>\n<p><strong>Fonctionnalit\u00e9s:<\/strong><\/p>\n<p>Pr\u00eat \u00e0 relever tous les d\u00e9fis en mati\u00e8re de ventilation<\/p>\n<ul>\n<li>Flux d&#039;air \u00e0 haut d\u00e9bit \u2013 D\u00e9place de grands volumes d&#039;air pour \u00e9liminer rapidement la fum\u00e9e, la chaleur et les gaz toxiques.<\/li>\n<li>Flux d&#039;air \u00e0 haute pression \u2013 Force l&#039;air frais \u00e0 p\u00e9n\u00e9trer profond\u00e9ment dans les structures et cr\u00e9e une surpression maximale, maintenant ainsi les zones de s\u00e9curit\u00e9 d\u00e9gag\u00e9es.<\/li>\n<li>D\u00e9bit d&#039;air constant \u2013 Aucune baisse m\u00eame lorsque la charge de la batterie diminue<\/li>\n<li>Con\u00e7u pour toutes les situations \u2013 Pr\u00eat \u00e0 l&#039;emploi dans de multiples tactiques de ventilation. Id\u00e9al pour l&#039;\u00e9limination de la fum\u00e9e et des gaz, la d\u00e9fense et l&#039;attaque des v\u00e9hicules blind\u00e9s de transport de troupes.<\/li>\n<\/ul>\n<p>Manipulation sans effort<\/p>\n<ul>\n<li>Emportez le PPV partout, rapidement \u2013 L\u00e9ger, compact et facile \u00e0 transporter<\/li>\n<li>Pr\u00eat en un seul geste \u2013 D\u00e9ployer ou repositionner d&#039;une seule main<\/li>\n<li>Contr\u00f4le du flux d&#039;air du bout des doigts \u2013 Utilisez les cinq niveaux pr\u00e9d\u00e9finis sur le PPV ou contr\u00f4lez le flux en continu dans l&#039;application MyHolmatro<\/li>\n<\/ul>\n<p>Gestion simplifi\u00e9e de la batterie<\/p>\n<ul>\n<li>Une seule plateforme de batteries \u2013 les batteries Holmatro alimentent le PPV, la pompe \u00e0 batterie, les outils Pentheon, les entretoises OmniLock et les futures innovations Holmatro<\/li>\n<li>Recharge sur l&#039;outil \u2013 Restez aliment\u00e9 en rechargeant les batteries directement sur le PPV<\/li>\n<li>Charge prioritaire \u2013 Les batteries de l&#039;outil sont toujours charg\u00e9es en premier, avant celles d&#039;un chargeur s\u00e9par\u00e9.<\/li>\n<li>Branchez jusqu&#039;\u00e0 trois chargeurs sur une seule prise \u2013 Rechargez automatiquement jusqu&#039;\u00e0 neuf batteries<\/li>\n<li>Le logiciel intelligent de la batterie garantit des performances et une autonomie optimales.<\/li>\n<\/ul>\n<p>Poursuivez toujours votre mission<\/p>\n<ul>\n<li>Prolongez l&#039;autonomie en rempla\u00e7ant facilement \u00e0 chaud les batteries Holmatro<\/li>\n<li>Pr\u00eat \u00e0 affronter toutes les conditions \u2013 Fonctionnement impeccable m\u00eame par forte chaleur, grand froid, pluie ou neige.<\/li>\n<li>Communication facilit\u00e9e et concentration accrue sur la t\u00e2che \u2013 Niveaux sonores op\u00e9rationnels les plus bas de sa cat\u00e9gorie<\/li>\n<li>Meilleure visibilit\u00e9 dans l&#039;obscurit\u00e9 \u2013 Feux LED int\u00e9gr\u00e9s, aliment\u00e9s par la batterie principale<\/li>\n<\/ul>\n<p>Des op\u00e9rations plus intelligentes avec l&#039;application MyHolmatro<\/p>\n<ul>\n<li>Connectez facilement le PPV \u00e0 votre tablette ou \u00e0 votre t\u00e9l\u00e9phone via Bluetooth\u00ae.<\/li>\n<li>G\u00e9rez votre PPV \u00e0 distance de s\u00e9curit\u00e9<\/li>\n<li>R\u00e9glez le flux d&#039;air en continu dans l&#039;application.<\/li>\n<li>Surveillez l&#039;autonomie et le niveau de charge de la batterie.<\/li>\n<li>Allumer et \u00e9teindre les lumi\u00e8res du PPV<\/li>\n<li>Effectuez un autocontr\u00f4le rapide et facile du r\u00e9gime moteur, de la consommation d&#039;\u00e9nergie et de l&#039;\u00e9tat de la batterie<\/li>\n<\/ul>\n<p>Refroidissement apr\u00e8s exposition \u00e0 un stress thermique (Mod\u00e8le PPV20M)<\/p>\n<ul>\n<li>Soulagement efficace de la chaleur pour les premiers intervenants \u2013 4 buses int\u00e9gr\u00e9es produisent une fine brume<\/li>\n<li>Reprenez votre mission rapidement \u2013 Brume fra\u00eeche et rafra\u00eechissante pour une r\u00e9cup\u00e9ration rapide<\/li>\n<li>Plusieurs options d&#039;alimentation en eau \u2013 Raccordez votre tuyau d&#039;incendie ou d&#039;arrosage au PPV<\/li>\n<\/ul>\n<p><a href=\"https:\/\/www.holmatro.com\/app\/uploads\/2026\/03\/F0029490_0001.pdf\">T\u00e9l\u00e9charger la brochure<\/a><\/p>\n<p>&nbsp;<\/p>\n<p style=\"text-align: center;\"><iframe class=\"youtube-video\" title=\"lecteur vid\u00e9o YouTube\" src=\"https:\/\/www.youtube.com\/embed\/2Y-wTsXRCZE?si=lRlj1bqL0wfLrIvJ\" frameborder=\"0\" allowfullscreen=\"allowfullscreen\"><span data-mce-type=\"bookmark\" style=\"display: inline-block; width: 0px; overflow: hidden; line-height: 0;\" class=\"mce_SELRES_start\"><\/span><\/iframe><\/p>","protected":false},"excerpt":{"rendered":"<p>Ventilateur compact et l\u00e9ger \u00e0 d\u00e9bit et pression d&#039;air \u00e9lev\u00e9s. Con\u00e7u pour une installation et une utilisation faciles.<\/p>","protected":false},"featured_media":30350,"template":"","meta":[],"product_brand":[174],"product_cat":[129,51],"product_tag":[309,638],"class_list":{"0":"post-30348","1":"product","2":"type-product","3":"status-publish","4":"has-post-thumbnail","6":"product_brand-holmatro","7":"product_cat-fans","8":"product_cat-rescue","9":"product_tag-holmatro","10":"product_tag-ppv","12":"first","13":"instock","14":"shipping-taxable","15":"product-type-simple"},"yoast_head":"<!-- This site is optimized with the Yoast SEO plugin v27.5 - https:\/\/yoast.com\/product\/yoast-seo-wordpress\/ -->\n<title>Positive Pressure Ventilator (PPV) - Safety Source Fire<\/title>\n<meta name=\"robots\" content=\"index, follow, max-snippet:-1, max-image-preview:large, max-video-preview:-1\" \/>\n<link rel=\"canonical\" href=\"https:\/\/safetysourcefire.ca\/fr\/produit\/positive-pressure-ventilator\/\" \/>\n<meta property=\"og:locale\" content=\"fr_CA\" \/>\n<meta property=\"og:type\" content=\"article\" \/>\n<meta property=\"og:title\" content=\"Positive Pressure Ventilator (PPV) - Safety Source Fire\" \/>\n<meta property=\"og:description\" content=\"Compact and lightweight ventilator with high-flow and high-pressure airstream. Designed for easy deployment and operation.\" \/>\n<meta property=\"og:url\" content=\"https:\/\/safetysourcefire.ca\/fr\/produit\/positive-pressure-ventilator\/\" \/>\n<meta property=\"og:site_name\" content=\"Safety Source Fire\" \/>\n<meta property=\"article:publisher\" content=\"https:\/\/www.facebook.com\/mmfssca\" \/>\n<meta property=\"og:image\" content=\"https:\/\/safetysourcefire.ca\/wp-content\/uploads\/2026\/04\/PPV20M_E0029072-1024x768-1.jpg\" \/>\n\t<meta property=\"og:image:width\" content=\"600\" \/>\n\t<meta property=\"og:image:height\" content=\"600\" \/>\n\t<meta property=\"og:image:type\" content=\"image\/jpeg\" \/>\n<meta name=\"twitter:card\" content=\"summary_large_image\" \/>\n<meta name=\"twitter:site\" content=\"@mmfssca\" \/>\n<meta name=\"twitter:label1\" content=\"Estimation du temps de lecture\" \/>\n\t<meta name=\"twitter:data1\" content=\"2 minutes\" \/>\n<script type=\"application\/ld+json\" class=\"yoast-schema-graph\">{\"@context\":\"https:\\\/\\\/schema.org\",\"@graph\":[{\"@type\":\"WebPage\",\"@id\":\"https:\\\/\\\/safetysourcefire.ca\\\/product\\\/positive-pressure-ventilator\\\/\",\"url\":\"https:\\\/\\\/safetysourcefire.ca\\\/product\\\/positive-pressure-ventilator\\\/\",\"name\":\"Positive Pressure Ventilator (PPV) - Safety Source Fire\",\"isPartOf\":{\"@id\":\"https:\\\/\\\/safetysourcefire.ca\\\/#website\"},\"primaryImageOfPage\":{\"@id\":\"https:\\\/\\\/safetysourcefire.ca\\\/product\\\/positive-pressure-ventilator\\\/#primaryimage\"},\"image\":{\"@id\":\"https:\\\/\\\/safetysourcefire.ca\\\/product\\\/positive-pressure-ventilator\\\/#primaryimage\"},\"thumbnailUrl\":\"https:\\\/\\\/safetysourcefire.ca\\\/wp-content\\\/uploads\\\/2026\\\/04\\\/PPV20M_E0029072-1024x768-1.jpg\",\"datePublished\":\"2026-04-07T18:44:10+00:00\",\"breadcrumb\":{\"@id\":\"https:\\\/\\\/safetysourcefire.ca\\\/product\\\/positive-pressure-ventilator\\\/#breadcrumb\"},\"inLanguage\":\"fr-CA\",\"potentialAction\":[{\"@type\":\"ReadAction\",\"target\":[\"https:\\\/\\\/safetysourcefire.ca\\\/product\\\/positive-pressure-ventilator\\\/\"]}]},{\"@type\":\"ImageObject\",\"inLanguage\":\"fr-CA\",\"@id\":\"https:\\\/\\\/safetysourcefire.ca\\\/product\\\/positive-pressure-ventilator\\\/#primaryimage\",\"url\":\"https:\\\/\\\/safetysourcefire.ca\\\/wp-content\\\/uploads\\\/2026\\\/04\\\/PPV20M_E0029072-1024x768-1.jpg\",\"contentUrl\":\"https:\\\/\\\/safetysourcefire.ca\\\/wp-content\\\/uploads\\\/2026\\\/04\\\/PPV20M_E0029072-1024x768-1.jpg\",\"width\":600,\"height\":600,\"caption\":\"PPV20M\"},{\"@type\":\"BreadcrumbList\",\"@id\":\"https:\\\/\\\/safetysourcefire.ca\\\/product\\\/positive-pressure-ventilator\\\/#breadcrumb\",\"itemListElement\":[{\"@type\":\"ListItem\",\"position\":1,\"name\":\"Home\",\"item\":\"https:\\\/\\\/safetysourcefire.ca\\\/\"},{\"@type\":\"ListItem\",\"position\":2,\"name\":\"Products\",\"item\":\"https:\\\/\\\/safetysourcefire.ca\\\/shop\\\/\"},{\"@type\":\"ListItem\",\"position\":3,\"name\":\"Positive Pressure Ventilator (PPV)\"}]},{\"@type\":\"WebSite\",\"@id\":\"https:\\\/\\\/safetysourcefire.ca\\\/#website\",\"url\":\"https:\\\/\\\/safetysourcefire.ca\\\/\",\"name\":\"Safety Source Fire\",\"description\":\"\",\"publisher\":{\"@id\":\"https:\\\/\\\/safetysourcefire.ca\\\/#organization\"},\"potentialAction\":[{\"@type\":\"SearchAction\",\"target\":{\"@type\":\"EntryPoint\",\"urlTemplate\":\"https:\\\/\\\/safetysourcefire.ca\\\/?s={search_term_string}\"},\"query-input\":{\"@type\":\"PropertyValueSpecification\",\"valueRequired\":true,\"valueName\":\"search_term_string\"}}],\"inLanguage\":\"fr-CA\"},{\"@type\":\"Organization\",\"@id\":\"https:\\\/\\\/safetysourcefire.ca\\\/#organization\",\"name\":\"Safety Source Fire\",\"url\":\"https:\\\/\\\/safetysourcefire.ca\\\/\",\"logo\":{\"@type\":\"ImageObject\",\"inLanguage\":\"fr-CA\",\"@id\":\"https:\\\/\\\/safetysourcefire.ca\\\/#\\\/schema\\\/logo\\\/image\\\/\",\"url\":\"https:\\\/\\\/safetysourcefire.ca\\\/wp-content\\\/uploads\\\/2021\\\/01\\\/SSF_logo_CC0000-3.png\",\"contentUrl\":\"https:\\\/\\\/safetysourcefire.ca\\\/wp-content\\\/uploads\\\/2021\\\/01\\\/SSF_logo_CC0000-3.png\",\"width\":1107,\"height\":365,\"caption\":\"Safety Source Fire\"},\"image\":{\"@id\":\"https:\\\/\\\/safetysourcefire.ca\\\/#\\\/schema\\\/logo\\\/image\\\/\"},\"sameAs\":[\"https:\\\/\\\/www.facebook.com\\\/mmfssca\",\"https:\\\/\\\/x.com\\\/mmfssca\"]}]}<\/script>\n<!-- \/ Yoast SEO plugin. -->","yoast_head_json":{"title":"Positive Pressure Ventilator (PPV) - Safety Source Fire","robots":{"index":"index","follow":"follow","max-snippet":"max-snippet:-1","max-image-preview":"max-image-preview:large","max-video-preview":"max-video-preview:-1"},"canonical":"https:\/\/safetysourcefire.ca\/fr\/produit\/positive-pressure-ventilator\/","og_locale":"fr_CA","og_type":"article","og_title":"Positive Pressure Ventilator (PPV) - Safety Source Fire","og_description":"Compact and lightweight ventilator with high-flow and high-pressure airstream. Designed for easy deployment and operation.","og_url":"https:\/\/safetysourcefire.ca\/fr\/produit\/positive-pressure-ventilator\/","og_site_name":"Safety Source Fire","article_publisher":"https:\/\/www.facebook.com\/mmfssca","og_image":[{"width":600,"height":600,"url":"https:\/\/safetysourcefire.ca\/wp-content\/uploads\/2026\/04\/PPV20M_E0029072-1024x768-1.jpg","type":"image\/jpeg"}],"twitter_card":"summary_large_image","twitter_site":"@mmfssca","twitter_misc":{"Estimation du temps de lecture":"2 minutes"},"schema":{"@context":"https:\/\/schema.org","@graph":[{"@type":"WebPage","@id":"https:\/\/safetysourcefire.ca\/product\/positive-pressure-ventilator\/","url":"https:\/\/safetysourcefire.ca\/product\/positive-pressure-ventilator\/","name":"Positive Pressure Ventilator (PPV) - Safety Source Fire","isPartOf":{"@id":"https:\/\/safetysourcefire.ca\/#website"},"primaryImageOfPage":{"@id":"https:\/\/safetysourcefire.ca\/product\/positive-pressure-ventilator\/#primaryimage"},"image":{"@id":"https:\/\/safetysourcefire.ca\/product\/positive-pressure-ventilator\/#primaryimage"},"thumbnailUrl":"https:\/\/safetysourcefire.ca\/wp-content\/uploads\/2026\/04\/PPV20M_E0029072-1024x768-1.jpg","datePublished":"2026-04-07T18:44:10+00:00","breadcrumb":{"@id":"https:\/\/safetysourcefire.ca\/product\/positive-pressure-ventilator\/#breadcrumb"},"inLanguage":"fr-CA","potentialAction":[{"@type":"ReadAction","target":["https:\/\/safetysourcefire.ca\/product\/positive-pressure-ventilator\/"]}]},{"@type":"ImageObject","inLanguage":"fr-CA","@id":"https:\/\/safetysourcefire.ca\/product\/positive-pressure-ventilator\/#primaryimage","url":"https:\/\/safetysourcefire.ca\/wp-content\/uploads\/2026\/04\/PPV20M_E0029072-1024x768-1.jpg","contentUrl":"https:\/\/safetysourcefire.ca\/wp-content\/uploads\/2026\/04\/PPV20M_E0029072-1024x768-1.jpg","width":600,"height":600,"caption":"PPV20M"},{"@type":"BreadcrumbList","@id":"https:\/\/safetysourcefire.ca\/product\/positive-pressure-ventilator\/#breadcrumb","itemListElement":[{"@type":"ListItem","position":1,"name":"Home","item":"https:\/\/safetysourcefire.ca\/"},{"@type":"ListItem","position":2,"name":"Products","item":"https:\/\/safetysourcefire.ca\/shop\/"},{"@type":"ListItem","position":3,"name":"Positive Pressure Ventilator (PPV)"}]},{"@type":"WebSite","@id":"https:\/\/safetysourcefire.ca\/#website","url":"https:\/\/safetysourcefire.ca\/","name":"Safety Source Fire","description":"","publisher":{"@id":"https:\/\/safetysourcefire.ca\/#organization"},"potentialAction":[{"@type":"SearchAction","target":{"@type":"EntryPoint","urlTemplate":"https:\/\/safetysourcefire.ca\/?s={search_term_string}"},"query-input":{"@type":"PropertyValueSpecification","valueRequired":true,"valueName":"search_term_string"}}],"inLanguage":"fr-CA"},{"@type":"Organization","@id":"https:\/\/safetysourcefire.ca\/#organization","name":"Safety Source Fire","url":"https:\/\/safetysourcefire.ca\/","logo":{"@type":"ImageObject","inLanguage":"fr-CA","@id":"https:\/\/safetysourcefire.ca\/#\/schema\/logo\/image\/","url":"https:\/\/safetysourcefire.ca\/wp-content\/uploads\/2021\/01\/SSF_logo_CC0000-3.png","contentUrl":"https:\/\/safetysourcefire.ca\/wp-content\/uploads\/2021\/01\/SSF_logo_CC0000-3.png","width":1107,"height":365,"caption":"Safety Source Fire"},"image":{"@id":"https:\/\/safetysourcefire.ca\/#\/schema\/logo\/image\/"},"sameAs":["https:\/\/www.facebook.com\/mmfssca","https:\/\/x.com\/mmfssca"]}]}},"_links":{"self":[{"href":"https:\/\/safetysourcefire.ca\/fr\/wp-json\/wp\/v2\/product\/30348","targetHints":{"allow":["GET"]}}],"collection":[{"href":"https:\/\/safetysourcefire.ca\/fr\/wp-json\/wp\/v2\/product"}],"about":[{"href":"https:\/\/safetysourcefire.ca\/fr\/wp-json\/wp\/v2\/types\/product"}],"wp:featuredmedia":[{"embeddable":true,"href":"https:\/\/safetysourcefire.ca\/fr\/wp-json\/wp\/v2\/media\/30350"}],"wp:attachment":[{"href":"https:\/\/safetysourcefire.ca\/fr\/wp-json\/wp\/v2\/media?parent=30348"}],"wp:term":[{"taxonomy":"product_brand","embeddable":true,"href":"https:\/\/safetysourcefire.ca\/fr\/wp-json\/wp\/v2\/product_brand?post=30348"},{"taxonomy":"product_cat","embeddable":true,"href":"https:\/\/safetysourcefire.ca\/fr\/wp-json\/wp\/v2\/product_cat?post=30348"},{"taxonomy":"product_tag","embeddable":true,"href":"https:\/\/safetysourcefire.ca\/fr\/wp-json\/wp\/v2\/product_tag?post=30348"}],"curies":[{"name":"wp","href":"https:\/\/api.w.org\/{rel}","templated":true}]}}