{"id":30461,"date":"2026-05-08T17:38:18","date_gmt":"2026-05-08T17:38:18","guid":{"rendered":"https:\/\/safetysourcefire.ca\/?post_type=product&#038;p=30461"},"modified":"2026-05-08T17:38:18","modified_gmt":"2026-05-08T17:38:18","slug":"combi-tool-ct-5160","status":"publish","type":"product","link":"https:\/\/safetysourcefire.ca\/fr\/produit\/combi-tool-ct-5160\/","title":{"rendered":"Combi Tool CT 5160"},"content":{"rendered":"<p>Fait partie de la s\u00e9rie 5000: pas de compromis sur les performances &amp; le poids le plus bas de sa cat\u00e9gorie.<\/p>\n<p>Options incluses:<\/p>\n<ul>\n<li>Embouts d&#039;\u00e9pandage amovibles<\/li>\n<li>Poign\u00e9e de transport avec \u00e9clairage LED int\u00e9gr\u00e9<\/li>\n<li>Technologie i-Bolt<\/li>\n<li>Poign\u00e9e de commande ergonomique repens\u00e9e avec une meilleure prise en main<\/li>\n<li>Technologie CORE: plus rapide, plus s\u00e9curitaire, plus facile d'utilisation<\/li>\n<\/ul>\n<p><strong>Fonctionnalit\u00e9s:<\/strong><\/p>\n<p>Large spreading distance<\/p>\n<ul>\n<li>Convient pour une grande vari\u00e9t\u00e9 d'op\u00e9rations<\/li>\n<li>To create all the space you need<\/li>\n<\/ul>\n<p>Big cutting opening<\/p>\n<ul>\n<li>Offre une grande flexibilit\u00e9 op\u00e9rationnelle<\/li>\n<li>Allows you to cut wider materials<\/li>\n<\/ul>\n<p>Embouts d&#039;\u00e9pandage amovibles<\/p>\n<ul>\n<li>Con\u00e7u pour terminer une coupe sans \u00e9craser les mat\u00e9riaux entre les pointes<\/li>\n<li>Con\u00e7u en une seule pi\u00e8ce pour \u00e9viter de perdre des morceaux<\/li>\n<li>Peut \u00eatre retir\u00e9 rapidement d'une seule main, m\u00eame avec des gants<\/li>\n<li>Poss\u00e8de des marques r\u00e9fl\u00e9chissantes pour une visibilit\u00e9 optimale dans l'obscurit\u00e9<\/li>\n<\/ul>\n<p>Dents de pr\u00e9hension sur les deux lames<\/p>\n<ul>\n<li>Plus de mordant lors de la coupe<\/li>\n<li>To prevent wider materials from being pushed out of the blade<\/li>\n<\/ul>\n<p>i-Bolt<\/p>\n<ul>\n<li>Construction avec boulon central plat serrant les lames ensemble directement et plus \u00e9troitement<\/li>\n<li>Minimise la s\u00e9paration des lames et maximise les performances de coupe<\/li>\n<\/ul>\n<p>Poign\u00e9e de transport ergonomique<\/p>\n<ul>\n<li>Poign\u00e9e de transport ergonomique optimis\u00e9e con\u00e7ue pour un confort accru de l'op\u00e9rateur dans diverses positions de travail<\/li>\n<\/ul>\n<p>\u00c9clairage LED int\u00e9gr\u00e9<\/p>\n<ul>\n<li>Six lumi\u00e8res LED \u00e0 haut rendement sont pr\u00e9sentes dans la poign\u00e9e de transport afin d'assurer une zone de travail toujours bien \u00e9clair\u00e9e<\/li>\n<li>Travaillez nuit et jour sans jamais \u00eatre g\u00ean\u00e9 par votre ombre<\/li>\n<\/ul>\n<p>Nouvelle poign\u00e9e de contr\u00f4le<\/p>\n<ul>\n<li>Conception ergonomique am\u00e9lior\u00e9e, offrant une meilleure prise en main pour un contr\u00f4le optimal de l&#039;outil<\/li>\n<\/ul>\n<p style=\"text-align: center;\"><iframe class=\"youtube-video\" title=\"lecteur vid\u00e9o YouTube\" src=\"https:\/\/www.youtube.com\/embed\/-tfMpvu9eYQ?si=BNVXSvGdMEE0IwB8\" frameborder=\"0\" allowfullscreen=\"allowfullscreen\"><\/iframe><\/p>","protected":false},"excerpt":{"rendered":"<p>Heavy duty combi tool for spreading, cutting, squeezing and pulling &#8211; CORE version.<\/p>","protected":false},"featured_media":30462,"template":"","meta":[],"product_brand":[174],"product_cat":[128,51],"product_tag":[],"class_list":{"0":"post-30461","1":"product","2":"type-product","3":"status-publish","4":"has-post-thumbnail","6":"product_brand-holmatro","7":"product_cat-extrication-rescue","8":"product_cat-rescue","10":"first","11":"instock","12":"shipping-taxable","13":"product-type-simple"},"yoast_head":"<!-- This site is optimized with the Yoast SEO plugin v27.5 - https:\/\/yoast.com\/product\/yoast-seo-wordpress\/ -->\n<title>Combi Tool CT 5160 - Safety Source Fire<\/title>\n<meta name=\"robots\" content=\"index, follow, max-snippet:-1, max-image-preview:large, max-video-preview:-1\" \/>\n<link rel=\"canonical\" href=\"https:\/\/safetysourcefire.ca\/fr\/produit\/combi-tool-ct-5160\/\" \/>\n<meta property=\"og:locale\" content=\"fr_CA\" \/>\n<meta property=\"og:type\" content=\"article\" \/>\n<meta property=\"og:title\" content=\"Combi Tool CT 5160 - Safety Source Fire\" \/>\n<meta property=\"og:description\" content=\"Heavy duty combi tool for spreading, cutting, squeezing and pulling - CORE version.\" \/>\n<meta property=\"og:url\" content=\"https:\/\/safetysourcefire.ca\/fr\/produit\/combi-tool-ct-5160\/\" \/>\n<meta property=\"og:site_name\" content=\"Safety Source Fire\" \/>\n<meta property=\"article:publisher\" content=\"https:\/\/www.facebook.com\/mmfssca\" \/>\n<meta property=\"og:image\" content=\"https:\/\/safetysourcefire.ca\/wp-content\/uploads\/2026\/05\/Combi5160_1.jpg\" \/>\n\t<meta property=\"og:image:width\" content=\"600\" \/>\n\t<meta property=\"og:image:height\" content=\"600\" \/>\n\t<meta property=\"og:image:type\" content=\"image\/jpeg\" \/>\n<meta name=\"twitter:card\" content=\"summary_large_image\" \/>\n<meta name=\"twitter:site\" content=\"@mmfssca\" \/>\n<meta name=\"twitter:label1\" content=\"Estimation du temps de lecture\" \/>\n\t<meta name=\"twitter:data1\" content=\"2 minutes\" \/>\n<script type=\"application\/ld+json\" class=\"yoast-schema-graph\">{\"@context\":\"https:\\\/\\\/schema.org\",\"@graph\":[{\"@type\":\"WebPage\",\"@id\":\"https:\\\/\\\/safetysourcefire.ca\\\/product\\\/combi-tool-ct-5160\\\/\",\"url\":\"https:\\\/\\\/safetysourcefire.ca\\\/product\\\/combi-tool-ct-5160\\\/\",\"name\":\"Combi Tool CT 5160 - Safety Source Fire\",\"isPartOf\":{\"@id\":\"https:\\\/\\\/safetysourcefire.ca\\\/#website\"},\"primaryImageOfPage\":{\"@id\":\"https:\\\/\\\/safetysourcefire.ca\\\/product\\\/combi-tool-ct-5160\\\/#primaryimage\"},\"image\":{\"@id\":\"https:\\\/\\\/safetysourcefire.ca\\\/product\\\/combi-tool-ct-5160\\\/#primaryimage\"},\"thumbnailUrl\":\"https:\\\/\\\/safetysourcefire.ca\\\/wp-content\\\/uploads\\\/2026\\\/05\\\/Combi5160_1.jpg\",\"datePublished\":\"2026-05-08T17:38:18+00:00\",\"breadcrumb\":{\"@id\":\"https:\\\/\\\/safetysourcefire.ca\\\/product\\\/combi-tool-ct-5160\\\/#breadcrumb\"},\"inLanguage\":\"fr-CA\",\"potentialAction\":[{\"@type\":\"ReadAction\",\"target\":[\"https:\\\/\\\/safetysourcefire.ca\\\/product\\\/combi-tool-ct-5160\\\/\"]}]},{\"@type\":\"ImageObject\",\"inLanguage\":\"fr-CA\",\"@id\":\"https:\\\/\\\/safetysourcefire.ca\\\/product\\\/combi-tool-ct-5160\\\/#primaryimage\",\"url\":\"https:\\\/\\\/safetysourcefire.ca\\\/wp-content\\\/uploads\\\/2026\\\/05\\\/Combi5160_1.jpg\",\"contentUrl\":\"https:\\\/\\\/safetysourcefire.ca\\\/wp-content\\\/uploads\\\/2026\\\/05\\\/Combi5160_1.jpg\",\"width\":600,\"height\":600,\"caption\":\"Combi 5160\"},{\"@type\":\"BreadcrumbList\",\"@id\":\"https:\\\/\\\/safetysourcefire.ca\\\/product\\\/combi-tool-ct-5160\\\/#breadcrumb\",\"itemListElement\":[{\"@type\":\"ListItem\",\"position\":1,\"name\":\"Home\",\"item\":\"https:\\\/\\\/safetysourcefire.ca\\\/\"},{\"@type\":\"ListItem\",\"position\":2,\"name\":\"Products\",\"item\":\"https:\\\/\\\/safetysourcefire.ca\\\/shop\\\/\"},{\"@type\":\"ListItem\",\"position\":3,\"name\":\"Combi Tool CT 5160\"}]},{\"@type\":\"WebSite\",\"@id\":\"https:\\\/\\\/safetysourcefire.ca\\\/#website\",\"url\":\"https:\\\/\\\/safetysourcefire.ca\\\/\",\"name\":\"Safety Source Fire\",\"description\":\"\",\"publisher\":{\"@id\":\"https:\\\/\\\/safetysourcefire.ca\\\/#organization\"},\"potentialAction\":[{\"@type\":\"SearchAction\",\"target\":{\"@type\":\"EntryPoint\",\"urlTemplate\":\"https:\\\/\\\/safetysourcefire.ca\\\/?s={search_term_string}\"},\"query-input\":{\"@type\":\"PropertyValueSpecification\",\"valueRequired\":true,\"valueName\":\"search_term_string\"}}],\"inLanguage\":\"fr-CA\"},{\"@type\":\"Organization\",\"@id\":\"https:\\\/\\\/safetysourcefire.ca\\\/#organization\",\"name\":\"Safety Source Fire\",\"url\":\"https:\\\/\\\/safetysourcefire.ca\\\/\",\"logo\":{\"@type\":\"ImageObject\",\"inLanguage\":\"fr-CA\",\"@id\":\"https:\\\/\\\/safetysourcefire.ca\\\/#\\\/schema\\\/logo\\\/image\\\/\",\"url\":\"https:\\\/\\\/safetysourcefire.ca\\\/wp-content\\\/uploads\\\/2021\\\/01\\\/SSF_logo_CC0000-3.png\",\"contentUrl\":\"https:\\\/\\\/safetysourcefire.ca\\\/wp-content\\\/uploads\\\/2021\\\/01\\\/SSF_logo_CC0000-3.png\",\"width\":1107,\"height\":365,\"caption\":\"Safety Source Fire\"},\"image\":{\"@id\":\"https:\\\/\\\/safetysourcefire.ca\\\/#\\\/schema\\\/logo\\\/image\\\/\"},\"sameAs\":[\"https:\\\/\\\/www.facebook.com\\\/mmfssca\",\"https:\\\/\\\/x.com\\\/mmfssca\"]}]}<\/script>\n<!-- \/ Yoast SEO plugin. -->","yoast_head_json":{"title":"Combi Tool CT 5160 - Safety Source Fire","robots":{"index":"index","follow":"follow","max-snippet":"max-snippet:-1","max-image-preview":"max-image-preview:large","max-video-preview":"max-video-preview:-1"},"canonical":"https:\/\/safetysourcefire.ca\/fr\/produit\/combi-tool-ct-5160\/","og_locale":"fr_CA","og_type":"article","og_title":"Combi Tool CT 5160 - Safety Source Fire","og_description":"Heavy duty combi tool for spreading, cutting, squeezing and pulling - CORE version.","og_url":"https:\/\/safetysourcefire.ca\/fr\/produit\/combi-tool-ct-5160\/","og_site_name":"Safety Source Fire","article_publisher":"https:\/\/www.facebook.com\/mmfssca","og_image":[{"width":600,"height":600,"url":"https:\/\/safetysourcefire.ca\/wp-content\/uploads\/2026\/05\/Combi5160_1.jpg","type":"image\/jpeg"}],"twitter_card":"summary_large_image","twitter_site":"@mmfssca","twitter_misc":{"Estimation du temps de lecture":"2 minutes"},"schema":{"@context":"https:\/\/schema.org","@graph":[{"@type":"WebPage","@id":"https:\/\/safetysourcefire.ca\/product\/combi-tool-ct-5160\/","url":"https:\/\/safetysourcefire.ca\/product\/combi-tool-ct-5160\/","name":"Combi Tool CT 5160 - Safety Source Fire","isPartOf":{"@id":"https:\/\/safetysourcefire.ca\/#website"},"primaryImageOfPage":{"@id":"https:\/\/safetysourcefire.ca\/product\/combi-tool-ct-5160\/#primaryimage"},"image":{"@id":"https:\/\/safetysourcefire.ca\/product\/combi-tool-ct-5160\/#primaryimage"},"thumbnailUrl":"https:\/\/safetysourcefire.ca\/wp-content\/uploads\/2026\/05\/Combi5160_1.jpg","datePublished":"2026-05-08T17:38:18+00:00","breadcrumb":{"@id":"https:\/\/safetysourcefire.ca\/product\/combi-tool-ct-5160\/#breadcrumb"},"inLanguage":"fr-CA","potentialAction":[{"@type":"ReadAction","target":["https:\/\/safetysourcefire.ca\/product\/combi-tool-ct-5160\/"]}]},{"@type":"ImageObject","inLanguage":"fr-CA","@id":"https:\/\/safetysourcefire.ca\/product\/combi-tool-ct-5160\/#primaryimage","url":"https:\/\/safetysourcefire.ca\/wp-content\/uploads\/2026\/05\/Combi5160_1.jpg","contentUrl":"https:\/\/safetysourcefire.ca\/wp-content\/uploads\/2026\/05\/Combi5160_1.jpg","width":600,"height":600,"caption":"Combi 5160"},{"@type":"BreadcrumbList","@id":"https:\/\/safetysourcefire.ca\/product\/combi-tool-ct-5160\/#breadcrumb","itemListElement":[{"@type":"ListItem","position":1,"name":"Home","item":"https:\/\/safetysourcefire.ca\/"},{"@type":"ListItem","position":2,"name":"Products","item":"https:\/\/safetysourcefire.ca\/shop\/"},{"@type":"ListItem","position":3,"name":"Combi Tool CT 5160"}]},{"@type":"WebSite","@id":"https:\/\/safetysourcefire.ca\/#website","url":"https:\/\/safetysourcefire.ca\/","name":"Safety Source Fire","description":"","publisher":{"@id":"https:\/\/safetysourcefire.ca\/#organization"},"potentialAction":[{"@type":"SearchAction","target":{"@type":"EntryPoint","urlTemplate":"https:\/\/safetysourcefire.ca\/?s={search_term_string}"},"query-input":{"@type":"PropertyValueSpecification","valueRequired":true,"valueName":"search_term_string"}}],"inLanguage":"fr-CA"},{"@type":"Organization","@id":"https:\/\/safetysourcefire.ca\/#organization","name":"Safety Source Fire","url":"https:\/\/safetysourcefire.ca\/","logo":{"@type":"ImageObject","inLanguage":"fr-CA","@id":"https:\/\/safetysourcefire.ca\/#\/schema\/logo\/image\/","url":"https:\/\/safetysourcefire.ca\/wp-content\/uploads\/2021\/01\/SSF_logo_CC0000-3.png","contentUrl":"https:\/\/safetysourcefire.ca\/wp-content\/uploads\/2021\/01\/SSF_logo_CC0000-3.png","width":1107,"height":365,"caption":"Safety Source Fire"},"image":{"@id":"https:\/\/safetysourcefire.ca\/#\/schema\/logo\/image\/"},"sameAs":["https:\/\/www.facebook.com\/mmfssca","https:\/\/x.com\/mmfssca"]}]}},"_links":{"self":[{"href":"https:\/\/safetysourcefire.ca\/fr\/wp-json\/wp\/v2\/product\/30461","targetHints":{"allow":["GET"]}}],"collection":[{"href":"https:\/\/safetysourcefire.ca\/fr\/wp-json\/wp\/v2\/product"}],"about":[{"href":"https:\/\/safetysourcefire.ca\/fr\/wp-json\/wp\/v2\/types\/product"}],"wp:featuredmedia":[{"embeddable":true,"href":"https:\/\/safetysourcefire.ca\/fr\/wp-json\/wp\/v2\/media\/30462"}],"wp:attachment":[{"href":"https:\/\/safetysourcefire.ca\/fr\/wp-json\/wp\/v2\/media?parent=30461"}],"wp:term":[{"taxonomy":"product_brand","embeddable":true,"href":"https:\/\/safetysourcefire.ca\/fr\/wp-json\/wp\/v2\/product_brand?post=30461"},{"taxonomy":"product_cat","embeddable":true,"href":"https:\/\/safetysourcefire.ca\/fr\/wp-json\/wp\/v2\/product_cat?post=30461"},{"taxonomy":"product_tag","embeddable":true,"href":"https:\/\/safetysourcefire.ca\/fr\/wp-json\/wp\/v2\/product_tag?post=30461"}],"curies":[{"name":"wp","href":"https:\/\/api.w.org\/{rel}","templated":true}]}}