{"id":30479,"date":"2026-05-08T18:18:20","date_gmt":"2026-05-08T18:18:20","guid":{"rendered":"https:\/\/safetysourcefire.ca\/?post_type=product&#038;p=30479"},"modified":"2026-05-08T18:18:20","modified_gmt":"2026-05-08T18:18:20","slug":"door-ram-pdr20","status":"publish","type":"product","link":"https:\/\/safetysourcefire.ca\/fr\/produit\/door-ram-pdr20\/","title":{"rendered":"V\u00e9rin de porte PDR20"},"content":{"rendered":"<p><strong>Fonctionnalit\u00e9s:<\/strong><\/p>\n<p>Hautement efficace<\/p>\n<ul>\n<li>Gr\u00e2ce \u00e0 la longue capacit\u00e9 d'\u00e9cartement, m\u00eame les portes les plus flexibles peuvent \u00eatre ouvertes<\/li>\n<li>Unlike combi tool style door openers the door ram has a constant high spreading force over its full stroke, to provide full power where you need it<\/li>\n<\/ul>\n<p>Facilit\u00e9 de placement<\/p>\n<ul>\n<li>With its small toe height the door ram can be easily inserted into the door frame<\/li>\n<\/ul>\n<p>S\u00e9curit\u00e9 renforc\u00e9e pour l&#039;op\u00e9rateur<\/p>\n<ul>\n<li>The toe is attached at a 90-degree angle to the tool body, so you need not be in front of the door to operate the tool. You can work from a position next to the door, out of harm&#8217;s way<\/li>\n<\/ul>\n<p>Unparalleled speed for faster operations<\/p>\n<ul>\n<li>Fastest door ram on the market thanks to Stepless Speed Maximization (patented) \u2013 The tool continuously optimizes its motor and pump settings, giving you maximum speed at any tool load<\/li>\n<li>Maximum operating flexibility with two operation modes \u2013 Reduced speed training\/demo mode and high speed Pentheon mode<\/li>\n<\/ul>\n<p>Ultimate speed control for more controlled tool handling<\/p>\n<ul>\n<li>Two-speed inline control handle \u2013 Switch between high-speed and low-speed and keep perfect control at all times<\/li>\n<\/ul>\n<p>Guaranteed maximum power during a tool\u2019s entire lifespan<\/p>\n<ul>\n<li>Electronic motor control and pressure monitoring \u2013 Constant lifetime performance for every Pentheon tool<\/li>\n<\/ul>\n<p>Gestion simplifi\u00e9e de la batterie<\/p>\n<ul>\n<li>Charge batteries directly on the tools with the On-Tool Charging System<\/li>\n<li>Priority charging for on-tool batteries over batteries on a separate charger<\/li>\n<li>Charge up to six batteries automatically \u2013 Connect up to three chargers to one single outlet<\/li>\n<li>Holmatro battery \u2013 Power Pentheon tools, OmniLock struts and other upcoming Holmatro products<\/li>\n<\/ul>\n<p>Superb ergonomics for effortless handling<\/p>\n<ul>\n<li>Easy tool operation \u2013 Inline control handle with 360\u00b0 access<\/li>\n<\/ul>\n<p>Continue your mission under all conditions<\/p>\n<ul>\n<li>Flawless performance under water, at high and low outdoor temperatures and in rain and snow<\/li>\n<li>Easier communication during operations \u2013 A new and improved drive system ensures tool operation at a lower sound level<\/li>\n<li>Automatic LED lights, powered by the main battery. The lights can also be operated manually<\/li>\n<\/ul>\n<p>Realtime tool insights to adapt and change tactics<\/p>\n<ul>\n<li>Connect every tool to your tablet or phone with Bluetooth\u00ae<\/li>\n<li>Easy to use and intuitive MyHolmatro app<\/li>\n<li>Realtime diagnostics during every operation \u2013 Monitor battery state of health and state of charge, pump stage, motor temperature, working pressure (including peak pressure) and speed mode<\/li>\n<\/ul>\n<p>Automatically keep your tools in perfect condition<\/p>\n<ul>\n<li>Quickly and easily perform an automated Pentheon Self Check with the MyHolmatro app<\/li>\n<li>Automatically check the drive system, speed and pressure, battery firmware and battery state of health<\/li>\n<\/ul>\n<p style=\"text-align: center;\"><iframe class=\"youtube-video\" title=\"lecteur vid\u00e9o YouTube\" src=\"https:\/\/www.youtube.com\/embed\/rmwRy_4ps04\" frameborder=\"0\" allowfullscreen=\"allowfullscreen\"><\/iframe><\/p>\n<p style=\"text-align: center;\"><iframe class=\"youtube-video\" title=\"lecteur vid\u00e9o YouTube\" src=\"https:\/\/www.youtube.com\/embed\/7acMZ5eF-Lg\" frameborder=\"0\" allowfullscreen=\"allowfullscreen\"><\/iframe><\/p>","protected":false},"excerpt":{"rendered":"<p>B\u00e9lier de porte Pentheon \u00e0 double effet, aliment\u00e9 par batterie. Con\u00e7u pour forcer les portes s&#039;ouvrant vers l&#039;int\u00e9rieur et \u00e9quip\u00e9es de plusieurs serrures. Convient \u00e9galement aux portes s&#039;ouvrant vers l&#039;ext\u00e9rieur, en combinaison avec un outil d&#039;effraction manuel.<\/p>","protected":false},"featured_media":30480,"template":"","meta":[],"product_brand":[174],"product_cat":[128,51],"product_tag":[],"class_list":{"0":"post-30479","1":"product","2":"type-product","3":"status-publish","4":"has-post-thumbnail","6":"product_brand-holmatro","7":"product_cat-extrication-rescue","8":"product_cat-rescue","10":"first","11":"instock","12":"shipping-taxable","13":"product-type-simple"},"yoast_head":"<!-- This site is optimized with the Yoast SEO plugin v27.5 - https:\/\/yoast.com\/product\/yoast-seo-wordpress\/ -->\n<title>Door Ram PDR20 - Safety Source Fire<\/title>\n<meta name=\"robots\" content=\"index, follow, max-snippet:-1, max-image-preview:large, max-video-preview:-1\" \/>\n<link rel=\"canonical\" href=\"https:\/\/safetysourcefire.ca\/fr\/produit\/door-ram-pdr20\/\" \/>\n<meta property=\"og:locale\" content=\"fr_CA\" \/>\n<meta property=\"og:type\" content=\"article\" \/>\n<meta property=\"og:title\" content=\"Door Ram PDR20 - Safety Source Fire\" \/>\n<meta property=\"og:description\" content=\"Battery-powered double-acting Pentheon door ram. Designed for breaching inward opening doors with multiple locks. Also suitable for outward opening doors, when used in combination with a manual breaching tool.\" \/>\n<meta property=\"og:url\" content=\"https:\/\/safetysourcefire.ca\/fr\/produit\/door-ram-pdr20\/\" \/>\n<meta property=\"og:site_name\" content=\"Safety Source Fire\" \/>\n<meta property=\"article:publisher\" content=\"https:\/\/www.facebook.com\/mmfssca\" \/>\n<meta property=\"og:image\" content=\"https:\/\/safetysourcefire.ca\/wp-content\/uploads\/2026\/05\/PDR200_1.jpg\" \/>\n\t<meta property=\"og:image:width\" content=\"600\" \/>\n\t<meta property=\"og:image:height\" content=\"600\" \/>\n\t<meta property=\"og:image:type\" content=\"image\/jpeg\" \/>\n<meta name=\"twitter:card\" content=\"summary_large_image\" \/>\n<meta name=\"twitter:site\" content=\"@mmfssca\" \/>\n<meta name=\"twitter:label1\" content=\"Estimation du temps de lecture\" \/>\n\t<meta name=\"twitter:data1\" content=\"2 minutes\" \/>\n<script type=\"application\/ld+json\" class=\"yoast-schema-graph\">{\"@context\":\"https:\\\/\\\/schema.org\",\"@graph\":[{\"@type\":\"WebPage\",\"@id\":\"https:\\\/\\\/safetysourcefire.ca\\\/product\\\/door-ram-pdr20\\\/\",\"url\":\"https:\\\/\\\/safetysourcefire.ca\\\/product\\\/door-ram-pdr20\\\/\",\"name\":\"Door Ram PDR20 - Safety Source Fire\",\"isPartOf\":{\"@id\":\"https:\\\/\\\/safetysourcefire.ca\\\/#website\"},\"primaryImageOfPage\":{\"@id\":\"https:\\\/\\\/safetysourcefire.ca\\\/product\\\/door-ram-pdr20\\\/#primaryimage\"},\"image\":{\"@id\":\"https:\\\/\\\/safetysourcefire.ca\\\/product\\\/door-ram-pdr20\\\/#primaryimage\"},\"thumbnailUrl\":\"https:\\\/\\\/safetysourcefire.ca\\\/wp-content\\\/uploads\\\/2026\\\/05\\\/PDR200_1.jpg\",\"datePublished\":\"2026-05-08T18:18:20+00:00\",\"breadcrumb\":{\"@id\":\"https:\\\/\\\/safetysourcefire.ca\\\/product\\\/door-ram-pdr20\\\/#breadcrumb\"},\"inLanguage\":\"fr-CA\",\"potentialAction\":[{\"@type\":\"ReadAction\",\"target\":[\"https:\\\/\\\/safetysourcefire.ca\\\/product\\\/door-ram-pdr20\\\/\"]}]},{\"@type\":\"ImageObject\",\"inLanguage\":\"fr-CA\",\"@id\":\"https:\\\/\\\/safetysourcefire.ca\\\/product\\\/door-ram-pdr20\\\/#primaryimage\",\"url\":\"https:\\\/\\\/safetysourcefire.ca\\\/wp-content\\\/uploads\\\/2026\\\/05\\\/PDR200_1.jpg\",\"contentUrl\":\"https:\\\/\\\/safetysourcefire.ca\\\/wp-content\\\/uploads\\\/2026\\\/05\\\/PDR200_1.jpg\",\"width\":600,\"height\":600,\"caption\":\"PDR200 door ram\"},{\"@type\":\"BreadcrumbList\",\"@id\":\"https:\\\/\\\/safetysourcefire.ca\\\/product\\\/door-ram-pdr20\\\/#breadcrumb\",\"itemListElement\":[{\"@type\":\"ListItem\",\"position\":1,\"name\":\"Home\",\"item\":\"https:\\\/\\\/safetysourcefire.ca\\\/\"},{\"@type\":\"ListItem\",\"position\":2,\"name\":\"Products\",\"item\":\"https:\\\/\\\/safetysourcefire.ca\\\/shop\\\/\"},{\"@type\":\"ListItem\",\"position\":3,\"name\":\"Door Ram PDR20\"}]},{\"@type\":\"WebSite\",\"@id\":\"https:\\\/\\\/safetysourcefire.ca\\\/#website\",\"url\":\"https:\\\/\\\/safetysourcefire.ca\\\/\",\"name\":\"Safety Source Fire\",\"description\":\"\",\"publisher\":{\"@id\":\"https:\\\/\\\/safetysourcefire.ca\\\/#organization\"},\"potentialAction\":[{\"@type\":\"SearchAction\",\"target\":{\"@type\":\"EntryPoint\",\"urlTemplate\":\"https:\\\/\\\/safetysourcefire.ca\\\/?s={search_term_string}\"},\"query-input\":{\"@type\":\"PropertyValueSpecification\",\"valueRequired\":true,\"valueName\":\"search_term_string\"}}],\"inLanguage\":\"fr-CA\"},{\"@type\":\"Organization\",\"@id\":\"https:\\\/\\\/safetysourcefire.ca\\\/#organization\",\"name\":\"Safety Source Fire\",\"url\":\"https:\\\/\\\/safetysourcefire.ca\\\/\",\"logo\":{\"@type\":\"ImageObject\",\"inLanguage\":\"fr-CA\",\"@id\":\"https:\\\/\\\/safetysourcefire.ca\\\/#\\\/schema\\\/logo\\\/image\\\/\",\"url\":\"https:\\\/\\\/safetysourcefire.ca\\\/wp-content\\\/uploads\\\/2021\\\/01\\\/SSF_logo_CC0000-3.png\",\"contentUrl\":\"https:\\\/\\\/safetysourcefire.ca\\\/wp-content\\\/uploads\\\/2021\\\/01\\\/SSF_logo_CC0000-3.png\",\"width\":1107,\"height\":365,\"caption\":\"Safety Source Fire\"},\"image\":{\"@id\":\"https:\\\/\\\/safetysourcefire.ca\\\/#\\\/schema\\\/logo\\\/image\\\/\"},\"sameAs\":[\"https:\\\/\\\/www.facebook.com\\\/mmfssca\",\"https:\\\/\\\/x.com\\\/mmfssca\"]}]}<\/script>\n<!-- \/ Yoast SEO plugin. -->","yoast_head_json":{"title":"Door Ram PDR20 - Safety Source Fire","robots":{"index":"index","follow":"follow","max-snippet":"max-snippet:-1","max-image-preview":"max-image-preview:large","max-video-preview":"max-video-preview:-1"},"canonical":"https:\/\/safetysourcefire.ca\/fr\/produit\/door-ram-pdr20\/","og_locale":"fr_CA","og_type":"article","og_title":"Door Ram PDR20 - Safety Source Fire","og_description":"Battery-powered double-acting Pentheon door ram. Designed for breaching inward opening doors with multiple locks. Also suitable for outward opening doors, when used in combination with a manual breaching tool.","og_url":"https:\/\/safetysourcefire.ca\/fr\/produit\/door-ram-pdr20\/","og_site_name":"Safety Source Fire","article_publisher":"https:\/\/www.facebook.com\/mmfssca","og_image":[{"width":600,"height":600,"url":"https:\/\/safetysourcefire.ca\/wp-content\/uploads\/2026\/05\/PDR200_1.jpg","type":"image\/jpeg"}],"twitter_card":"summary_large_image","twitter_site":"@mmfssca","twitter_misc":{"Estimation du temps de lecture":"2 minutes"},"schema":{"@context":"https:\/\/schema.org","@graph":[{"@type":"WebPage","@id":"https:\/\/safetysourcefire.ca\/product\/door-ram-pdr20\/","url":"https:\/\/safetysourcefire.ca\/product\/door-ram-pdr20\/","name":"Door Ram PDR20 - Safety Source Fire","isPartOf":{"@id":"https:\/\/safetysourcefire.ca\/#website"},"primaryImageOfPage":{"@id":"https:\/\/safetysourcefire.ca\/product\/door-ram-pdr20\/#primaryimage"},"image":{"@id":"https:\/\/safetysourcefire.ca\/product\/door-ram-pdr20\/#primaryimage"},"thumbnailUrl":"https:\/\/safetysourcefire.ca\/wp-content\/uploads\/2026\/05\/PDR200_1.jpg","datePublished":"2026-05-08T18:18:20+00:00","breadcrumb":{"@id":"https:\/\/safetysourcefire.ca\/product\/door-ram-pdr20\/#breadcrumb"},"inLanguage":"fr-CA","potentialAction":[{"@type":"ReadAction","target":["https:\/\/safetysourcefire.ca\/product\/door-ram-pdr20\/"]}]},{"@type":"ImageObject","inLanguage":"fr-CA","@id":"https:\/\/safetysourcefire.ca\/product\/door-ram-pdr20\/#primaryimage","url":"https:\/\/safetysourcefire.ca\/wp-content\/uploads\/2026\/05\/PDR200_1.jpg","contentUrl":"https:\/\/safetysourcefire.ca\/wp-content\/uploads\/2026\/05\/PDR200_1.jpg","width":600,"height":600,"caption":"PDR200 door ram"},{"@type":"BreadcrumbList","@id":"https:\/\/safetysourcefire.ca\/product\/door-ram-pdr20\/#breadcrumb","itemListElement":[{"@type":"ListItem","position":1,"name":"Home","item":"https:\/\/safetysourcefire.ca\/"},{"@type":"ListItem","position":2,"name":"Products","item":"https:\/\/safetysourcefire.ca\/shop\/"},{"@type":"ListItem","position":3,"name":"Door Ram PDR20"}]},{"@type":"WebSite","@id":"https:\/\/safetysourcefire.ca\/#website","url":"https:\/\/safetysourcefire.ca\/","name":"Safety Source Fire","description":"","publisher":{"@id":"https:\/\/safetysourcefire.ca\/#organization"},"potentialAction":[{"@type":"SearchAction","target":{"@type":"EntryPoint","urlTemplate":"https:\/\/safetysourcefire.ca\/?s={search_term_string}"},"query-input":{"@type":"PropertyValueSpecification","valueRequired":true,"valueName":"search_term_string"}}],"inLanguage":"fr-CA"},{"@type":"Organization","@id":"https:\/\/safetysourcefire.ca\/#organization","name":"Safety Source Fire","url":"https:\/\/safetysourcefire.ca\/","logo":{"@type":"ImageObject","inLanguage":"fr-CA","@id":"https:\/\/safetysourcefire.ca\/#\/schema\/logo\/image\/","url":"https:\/\/safetysourcefire.ca\/wp-content\/uploads\/2021\/01\/SSF_logo_CC0000-3.png","contentUrl":"https:\/\/safetysourcefire.ca\/wp-content\/uploads\/2021\/01\/SSF_logo_CC0000-3.png","width":1107,"height":365,"caption":"Safety Source Fire"},"image":{"@id":"https:\/\/safetysourcefire.ca\/#\/schema\/logo\/image\/"},"sameAs":["https:\/\/www.facebook.com\/mmfssca","https:\/\/x.com\/mmfssca"]}]}},"_links":{"self":[{"href":"https:\/\/safetysourcefire.ca\/fr\/wp-json\/wp\/v2\/product\/30479","targetHints":{"allow":["GET"]}}],"collection":[{"href":"https:\/\/safetysourcefire.ca\/fr\/wp-json\/wp\/v2\/product"}],"about":[{"href":"https:\/\/safetysourcefire.ca\/fr\/wp-json\/wp\/v2\/types\/product"}],"wp:featuredmedia":[{"embeddable":true,"href":"https:\/\/safetysourcefire.ca\/fr\/wp-json\/wp\/v2\/media\/30480"}],"wp:attachment":[{"href":"https:\/\/safetysourcefire.ca\/fr\/wp-json\/wp\/v2\/media?parent=30479"}],"wp:term":[{"taxonomy":"product_brand","embeddable":true,"href":"https:\/\/safetysourcefire.ca\/fr\/wp-json\/wp\/v2\/product_brand?post=30479"},{"taxonomy":"product_cat","embeddable":true,"href":"https:\/\/safetysourcefire.ca\/fr\/wp-json\/wp\/v2\/product_cat?post=30479"},{"taxonomy":"product_tag","embeddable":true,"href":"https:\/\/safetysourcefire.ca\/fr\/wp-json\/wp\/v2\/product_tag?post=30479"}],"curies":[{"name":"wp","href":"https:\/\/api.w.org\/{rel}","templated":true}]}}