{"id":3130,"date":"2017-06-14T23:17:38","date_gmt":"2017-06-14T23:17:38","guid":{"rendered":"http:\/\/mmfss.ca\/?post_type=product&#038;p=3130"},"modified":"2018-03-19T13:08:02","modified_gmt":"2018-03-19T13:08:02","slug":"dual-purpose-dryer","status":"publish","type":"product","link":"https:\/\/safetysourcefire.ca\/fr\/produit\/dual-purpose-dryer\/","title":{"rendered":"S\u00e9cheuse \u00e0 double usage"},"content":{"rendered":"<p>Les armoires de s\u00e9chage Circul-Air offrent une alternative s\u00fbre et \u00e9conomique pour le s\u00e9chage du mat\u00e9riel. Son utilisation est beaucoup plus efficace que le s\u00e9chage sur une chauss\u00e9e chaude ou \u00e0 la lumi\u00e8re intense du soleil - qui ont tous deux le potentiel d'endommager les \u00e9quipements co\u00fbteux avec lesquels travaillent nos \u00e9quipes.<\/p>\n<p>L'air frais est aspir\u00e9 sur des bandes chauffantes de 1000 watts \u00e0 commande thermostatique par un ventilateur axial \u00e0 haut volume mont\u00e9 sur le dessus. Les r\u00e9glages variables du s\u00e9choir peuvent maintenir une temp\u00e9rature de s\u00e9chage optimale du tuyau. Si d\u00e9sir\u00e9, le r\u00e9glage d'air ambiant peut aussi s\u00e8cher les \u00e9quipements, sans chaleur ajout\u00e9e.<\/p>\n<p>Le s\u00e9cheur \u00e0 double usage de Circul-Air permet de s\u00e9cher les tuyaux et les \u00e9quipements en toute s\u00e9curit\u00e9 , minimisant le risque de r\u00e9tr\u00e9cissement tout en garantissant une remise en service rapide. En effet, en cas d'urgence, vous voulez que votre \u00e9quipement soit pr\u00eat \u00e0 l'emploi, il est donc essentiel de remettre les tuyaux et les \u00e9quipement de service le plus rapidement possible apr\u00e8s leur utilisation. L'armoire de s\u00e9chage haute capacit\u00e9 de Circul-Air g\u00e8re jusqu'\u00e0 500 pieds de tuyau de 5 pouces. Dix \u00e9tag\u00e8res amovibles en acier galvanis\u00e9 permettent de s\u00e9cher d'autres articles dans l'armoire, et une minuterie de 12 heures arr\u00eate automatiquement le s\u00e9choir. Vous utiliserez moins d'\u00e9nergie et ne surchaufferez jamais vos tuyaux en utilisant les produits Circul-Air.<\/p>","protected":false},"excerpt":{"rendered":"<p>Une fois que les tuyaux et le mat\u00e9riel contamin\u00e9s ont \u00e9t\u00e9 lav\u00e9s \u00e0 fond, il est n\u00e9cessaire de les s\u00e9cher de mani\u00e8re rapide et s\u00e9curitaire.<\/p>","protected":false},"featured_media":3001,"template":"","meta":[],"product_brand":[195],"product_cat":[44,65],"product_tag":[272,273],"class_list":{"0":"post-3130","1":"product","2":"type-product","3":"status-publish","4":"has-post-thumbnail","6":"product_brand-circul-air","7":"product_cat-fire-suppression","8":"product_cat-hose","9":"product_tag-circul-air","10":"product_tag-circulair","12":"first","13":"instock","14":"shipping-taxable","15":"product-type-simple"},"yoast_head":"<!-- This site is optimized with the Yoast SEO plugin v27.4 - https:\/\/yoast.com\/product\/yoast-seo-wordpress\/ -->\n<title>Dual Purpose Dryer - Safety Source Fire<\/title>\n<meta name=\"robots\" content=\"index, follow, max-snippet:-1, max-image-preview:large, max-video-preview:-1\" \/>\n<link rel=\"canonical\" href=\"https:\/\/safetysourcefire.ca\/fr\/produit\/dual-purpose-dryer\/\" \/>\n<meta property=\"og:locale\" content=\"fr_CA\" \/>\n<meta property=\"og:type\" content=\"article\" \/>\n<meta property=\"og:title\" content=\"Dual Purpose Dryer - Safety Source Fire\" \/>\n<meta property=\"og:description\" content=\"After contaminated hose and turnout gear has been thoroughly and safely washed, it is necessary for it to be dried in a quick and safe manner.\" \/>\n<meta property=\"og:url\" content=\"https:\/\/safetysourcefire.ca\/fr\/produit\/dual-purpose-dryer\/\" \/>\n<meta property=\"og:site_name\" content=\"Safety Source Fire\" \/>\n<meta property=\"article:publisher\" content=\"https:\/\/www.facebook.com\/mmfssca\" \/>\n<meta property=\"article:modified_time\" content=\"2018-03-19T13:08:02+00:00\" \/>\n<meta property=\"og:image\" content=\"https:\/\/safetysourcefire.ca\/wp-content\/uploads\/2017\/06\/Circul-Air-Dual-Purpose-Dryer.jpg\" \/>\n\t<meta property=\"og:image:width\" content=\"600\" \/>\n\t<meta property=\"og:image:height\" content=\"600\" \/>\n\t<meta property=\"og:image:type\" content=\"image\/jpeg\" \/>\n<meta name=\"twitter:card\" content=\"summary_large_image\" \/>\n<meta name=\"twitter:site\" content=\"@mmfssca\" \/>\n<meta name=\"twitter:label1\" content=\"Estimation du temps de lecture\" \/>\n\t<meta name=\"twitter:data1\" content=\"1 minute\" \/>\n<script type=\"application\/ld+json\" class=\"yoast-schema-graph\">{\"@context\":\"https:\\\/\\\/schema.org\",\"@graph\":[{\"@type\":\"WebPage\",\"@id\":\"https:\\\/\\\/safetysourcefire.ca\\\/product\\\/dual-purpose-dryer\\\/\",\"url\":\"https:\\\/\\\/safetysourcefire.ca\\\/product\\\/dual-purpose-dryer\\\/\",\"name\":\"Dual Purpose Dryer - Safety Source Fire\",\"isPartOf\":{\"@id\":\"https:\\\/\\\/safetysourcefire.ca\\\/#website\"},\"primaryImageOfPage\":{\"@id\":\"https:\\\/\\\/safetysourcefire.ca\\\/product\\\/dual-purpose-dryer\\\/#primaryimage\"},\"image\":{\"@id\":\"https:\\\/\\\/safetysourcefire.ca\\\/product\\\/dual-purpose-dryer\\\/#primaryimage\"},\"thumbnailUrl\":\"https:\\\/\\\/safetysourcefire.ca\\\/wp-content\\\/uploads\\\/2017\\\/06\\\/Circul-Air-Dual-Purpose-Dryer.jpg\",\"datePublished\":\"2017-06-14T23:17:38+00:00\",\"dateModified\":\"2018-03-19T13:08:02+00:00\",\"breadcrumb\":{\"@id\":\"https:\\\/\\\/safetysourcefire.ca\\\/product\\\/dual-purpose-dryer\\\/#breadcrumb\"},\"inLanguage\":\"fr-CA\",\"potentialAction\":[{\"@type\":\"ReadAction\",\"target\":[\"https:\\\/\\\/safetysourcefire.ca\\\/product\\\/dual-purpose-dryer\\\/\"]}]},{\"@type\":\"ImageObject\",\"inLanguage\":\"fr-CA\",\"@id\":\"https:\\\/\\\/safetysourcefire.ca\\\/product\\\/dual-purpose-dryer\\\/#primaryimage\",\"url\":\"https:\\\/\\\/safetysourcefire.ca\\\/wp-content\\\/uploads\\\/2017\\\/06\\\/Circul-Air-Dual-Purpose-Dryer.jpg\",\"contentUrl\":\"https:\\\/\\\/safetysourcefire.ca\\\/wp-content\\\/uploads\\\/2017\\\/06\\\/Circul-Air-Dual-Purpose-Dryer.jpg\",\"width\":600,\"height\":600,\"caption\":\"dryer\"},{\"@type\":\"BreadcrumbList\",\"@id\":\"https:\\\/\\\/safetysourcefire.ca\\\/product\\\/dual-purpose-dryer\\\/#breadcrumb\",\"itemListElement\":[{\"@type\":\"ListItem\",\"position\":1,\"name\":\"Home\",\"item\":\"https:\\\/\\\/safetysourcefire.ca\\\/\"},{\"@type\":\"ListItem\",\"position\":2,\"name\":\"Products\",\"item\":\"https:\\\/\\\/safetysourcefire.ca\\\/shop\\\/\"},{\"@type\":\"ListItem\",\"position\":3,\"name\":\"Dual Purpose Dryer\"}]},{\"@type\":\"WebSite\",\"@id\":\"https:\\\/\\\/safetysourcefire.ca\\\/#website\",\"url\":\"https:\\\/\\\/safetysourcefire.ca\\\/\",\"name\":\"Safety Source Fire\",\"description\":\"\",\"publisher\":{\"@id\":\"https:\\\/\\\/safetysourcefire.ca\\\/#organization\"},\"potentialAction\":[{\"@type\":\"SearchAction\",\"target\":{\"@type\":\"EntryPoint\",\"urlTemplate\":\"https:\\\/\\\/safetysourcefire.ca\\\/?s={search_term_string}\"},\"query-input\":{\"@type\":\"PropertyValueSpecification\",\"valueRequired\":true,\"valueName\":\"search_term_string\"}}],\"inLanguage\":\"fr-CA\"},{\"@type\":\"Organization\",\"@id\":\"https:\\\/\\\/safetysourcefire.ca\\\/#organization\",\"name\":\"Safety Source Fire\",\"url\":\"https:\\\/\\\/safetysourcefire.ca\\\/\",\"logo\":{\"@type\":\"ImageObject\",\"inLanguage\":\"fr-CA\",\"@id\":\"https:\\\/\\\/safetysourcefire.ca\\\/#\\\/schema\\\/logo\\\/image\\\/\",\"url\":\"https:\\\/\\\/safetysourcefire.ca\\\/wp-content\\\/uploads\\\/2021\\\/01\\\/SSF_logo_CC0000-3.png\",\"contentUrl\":\"https:\\\/\\\/safetysourcefire.ca\\\/wp-content\\\/uploads\\\/2021\\\/01\\\/SSF_logo_CC0000-3.png\",\"width\":1107,\"height\":365,\"caption\":\"Safety Source Fire\"},\"image\":{\"@id\":\"https:\\\/\\\/safetysourcefire.ca\\\/#\\\/schema\\\/logo\\\/image\\\/\"},\"sameAs\":[\"https:\\\/\\\/www.facebook.com\\\/mmfssca\",\"https:\\\/\\\/x.com\\\/mmfssca\"]}]}<\/script>\n<!-- \/ Yoast SEO plugin. -->","yoast_head_json":{"title":"S\u00e9choir \u00e0 double usage - Source de s\u00e9curit\u00e9 incendie","robots":{"index":"index","follow":"follow","max-snippet":"max-snippet:-1","max-image-preview":"max-image-preview:large","max-video-preview":"max-video-preview:-1"},"canonical":"https:\/\/safetysourcefire.ca\/fr\/produit\/dual-purpose-dryer\/","og_locale":"fr_CA","og_type":"article","og_title":"Dual Purpose Dryer - Safety Source Fire","og_description":"After contaminated hose and turnout gear has been thoroughly and safely washed, it is necessary for it to be dried in a quick and safe manner.","og_url":"https:\/\/safetysourcefire.ca\/fr\/produit\/dual-purpose-dryer\/","og_site_name":"Safety Source Fire","article_publisher":"https:\/\/www.facebook.com\/mmfssca","article_modified_time":"2018-03-19T13:08:02+00:00","og_image":[{"width":600,"height":600,"url":"https:\/\/safetysourcefire.ca\/wp-content\/uploads\/2017\/06\/Circul-Air-Dual-Purpose-Dryer.jpg","type":"image\/jpeg"}],"twitter_card":"summary_large_image","twitter_site":"@mmfssca","twitter_misc":{"Estimation du temps de lecture":"1 minute"},"schema":{"@context":"https:\/\/schema.org","@graph":[{"@type":"WebPage","@id":"https:\/\/safetysourcefire.ca\/product\/dual-purpose-dryer\/","url":"https:\/\/safetysourcefire.ca\/product\/dual-purpose-dryer\/","name":"S\u00e9choir \u00e0 double usage - Source de s\u00e9curit\u00e9 incendie","isPartOf":{"@id":"https:\/\/safetysourcefire.ca\/#website"},"primaryImageOfPage":{"@id":"https:\/\/safetysourcefire.ca\/product\/dual-purpose-dryer\/#primaryimage"},"image":{"@id":"https:\/\/safetysourcefire.ca\/product\/dual-purpose-dryer\/#primaryimage"},"thumbnailUrl":"https:\/\/safetysourcefire.ca\/wp-content\/uploads\/2017\/06\/Circul-Air-Dual-Purpose-Dryer.jpg","datePublished":"2017-06-14T23:17:38+00:00","dateModified":"2018-03-19T13:08:02+00:00","breadcrumb":{"@id":"https:\/\/safetysourcefire.ca\/product\/dual-purpose-dryer\/#breadcrumb"},"inLanguage":"fr-CA","potentialAction":[{"@type":"ReadAction","target":["https:\/\/safetysourcefire.ca\/product\/dual-purpose-dryer\/"]}]},{"@type":"ImageObject","inLanguage":"fr-CA","@id":"https:\/\/safetysourcefire.ca\/product\/dual-purpose-dryer\/#primaryimage","url":"https:\/\/safetysourcefire.ca\/wp-content\/uploads\/2017\/06\/Circul-Air-Dual-Purpose-Dryer.jpg","contentUrl":"https:\/\/safetysourcefire.ca\/wp-content\/uploads\/2017\/06\/Circul-Air-Dual-Purpose-Dryer.jpg","width":600,"height":600,"caption":"dryer"},{"@type":"BreadcrumbList","@id":"https:\/\/safetysourcefire.ca\/product\/dual-purpose-dryer\/#breadcrumb","itemListElement":[{"@type":"ListItem","position":1,"name":"Home","item":"https:\/\/safetysourcefire.ca\/"},{"@type":"ListItem","position":2,"name":"Products","item":"https:\/\/safetysourcefire.ca\/shop\/"},{"@type":"ListItem","position":3,"name":"Dual Purpose Dryer"}]},{"@type":"WebSite","@id":"https:\/\/safetysourcefire.ca\/#website","url":"https:\/\/safetysourcefire.ca\/","name":"Safety Source Fire","description":"","publisher":{"@id":"https:\/\/safetysourcefire.ca\/#organization"},"potentialAction":[{"@type":"SearchAction","target":{"@type":"EntryPoint","urlTemplate":"https:\/\/safetysourcefire.ca\/?s={search_term_string}"},"query-input":{"@type":"PropertyValueSpecification","valueRequired":true,"valueName":"search_term_string"}}],"inLanguage":"fr-CA"},{"@type":"Organization","@id":"https:\/\/safetysourcefire.ca\/#organization","name":"Safety Source Fire","url":"https:\/\/safetysourcefire.ca\/","logo":{"@type":"ImageObject","inLanguage":"fr-CA","@id":"https:\/\/safetysourcefire.ca\/#\/schema\/logo\/image\/","url":"https:\/\/safetysourcefire.ca\/wp-content\/uploads\/2021\/01\/SSF_logo_CC0000-3.png","contentUrl":"https:\/\/safetysourcefire.ca\/wp-content\/uploads\/2021\/01\/SSF_logo_CC0000-3.png","width":1107,"height":365,"caption":"Safety Source Fire"},"image":{"@id":"https:\/\/safetysourcefire.ca\/#\/schema\/logo\/image\/"},"sameAs":["https:\/\/www.facebook.com\/mmfssca","https:\/\/x.com\/mmfssca"]}]}},"_links":{"self":[{"href":"https:\/\/safetysourcefire.ca\/fr\/wp-json\/wp\/v2\/product\/3130","targetHints":{"allow":["GET"]}}],"collection":[{"href":"https:\/\/safetysourcefire.ca\/fr\/wp-json\/wp\/v2\/product"}],"about":[{"href":"https:\/\/safetysourcefire.ca\/fr\/wp-json\/wp\/v2\/types\/product"}],"wp:featuredmedia":[{"embeddable":true,"href":"https:\/\/safetysourcefire.ca\/fr\/wp-json\/wp\/v2\/media\/3001"}],"wp:attachment":[{"href":"https:\/\/safetysourcefire.ca\/fr\/wp-json\/wp\/v2\/media?parent=3130"}],"wp:term":[{"taxonomy":"product_brand","embeddable":true,"href":"https:\/\/safetysourcefire.ca\/fr\/wp-json\/wp\/v2\/product_brand?post=3130"},{"taxonomy":"product_cat","embeddable":true,"href":"https:\/\/safetysourcefire.ca\/fr\/wp-json\/wp\/v2\/product_cat?post=3130"},{"taxonomy":"product_tag","embeddable":true,"href":"https:\/\/safetysourcefire.ca\/fr\/wp-json\/wp\/v2\/product_tag?post=3130"}],"curies":[{"name":"wp","href":"https:\/\/api.w.org\/{rel}","templated":true}]}}