{"id":3265,"date":"2017-06-19T15:19:01","date_gmt":"2017-06-19T15:19:01","guid":{"rendered":"http:\/\/mmfss.ca\/?post_type=product&#038;p=3265"},"modified":"2023-06-16T19:05:29","modified_gmt":"2023-06-16T19:05:29","slug":"bh-20-blowhard-fan","status":"publish","type":"product","link":"https:\/\/safetysourcefire.ca\/fr\/produit\/bh-20-blowhard-fan\/","title":{"rendered":"BH-20"},"content":{"rendered":"<p>D\u00e9marrage plus rapide<\/p>\n<ul>\n<li>D\u00e9marre instantan\u00e9ment sur batterie\n<ul>\n<li>Pas de temps perdu \u00e0 chercher les prises de courant (batterie en option)<\/li>\n<\/ul>\n<\/li>\n<li>S'installe entre 2 \u00e0 6 minutes plus rapidement que les autres ventilateurs PPV<\/li>\n<li>Ultra portable, con\u00e7u de mani\u00e8re ergonomique pour \u00eatre port\u00e9 par une seule personne, m\u00eame \u00e0 la course\n<ul>\n<li>Poids de base de 47 livres.  Poids de 59 livres avec batterie (en option)<\/li>\n<li>Positionnement rapide et facile m\u00eame dans les endroits difficiles d'acc\u00e8s. Peut fonctionner \u00e0 partir d'une porte (de 6 \u00e0 20 pieds plus loin)<\/li>\n<\/ul>\n<\/li>\n<\/ul>\n<p>Souffle plus fort<\/p>\n<ul>\n<li>Con\u00e7u pour conduire la ventilation avec une haute pression\n<ul>\n<li>Le jet \u00e0 grande vitesse p\u00e9n\u00e8tre en profondeur pour augmenter la pression et refroidir la structure<\/li>\n<li>Une pression interne plus \u00e9lev\u00e9e permet une meilleure ventilation pour \u00e9vacuer la fum\u00e9e de la structure<\/li>\n<\/ul>\n<\/li>\n<li>Le BH-20 surpasse la cote des ventilateurs PPV \u00e0 un CFM plus \u00e9lev\u00e9. La capacit\u00e9 de conduire la ventilation en augmentant la pression dans la structure se traduit par un mouvement d&#039;air \u00e9quivalent \u00e0 la plupart des ventilateurs de 15 000 CFM dans des conditions r\u00e9elles.<\/li>\n<li>Vous voulez voir le r\u00e9sultat en action? Visionnez  la vid\u00e9o \"Battle of the Fans\"<\/li>\n<\/ul>\n<p>Stockage compact<\/p>\n<ul>\n<li>Deux BH-20 tiennent dans l&#039;espace d&#039;un PPV comparable<\/li>\n<li>Gr\u00e2ce \u00e0 la commande de moteur \u00e0 vitesse variable, le BH-20 peut \u00e9galement servir de ventilateur PPV, ce qui permet d'\u00e9conomiser de l'espace et de l'argent<\/li>\n<\/ul>\n<p>Caract\u00e9ristiques<\/p>\n<table width=\"488\">\n<tbody>\n<tr>\n<td width=\"65\">Dimensions:<\/td>\n<td width=\"119\">24\u2033x24\u2033x10\u2033-IN<br \/>\n61x61x25.4-CM<\/td>\n<td width=\"23\"><\/td>\n<td width=\"87\">Poids:<\/td>\n<td width=\"177\">47 lb, 59 lb avec batterie<br \/>\n21KG, 27KG avec batterie<\/td>\n<\/tr>\n<tr>\n<td>La batterie:<\/td>\n<td>Li-ION \u2013 30-180 Min. 2000 cycles de recharge<\/td>\n<td><\/td>\n<td>Puissance:<\/td>\n<td>110-220 VAC \u2013 7 amp\u00e8res de fonctionnement 3,5 amp\u00e8res de charge<\/td>\n<\/tr>\n<tr>\n<td>Revers:<\/td>\n<td>6 \u2013 18 pieds<\/td>\n<td><\/td>\n<td>Inclinaison:<\/td>\n<td>5 \u2013 20 degr\u00e9s, r\u00e9glable<\/td>\n<\/tr>\n<tr>\n<td>Capacit\u00e9:<\/td>\n<td>10 200 PCM<\/td>\n<td><\/td>\n<td>Vitesse du ventilateur:<\/td>\n<td>0-3 900 tr\/min<\/td>\n<\/tr>\n<tr>\n<td>Moteur:<\/td>\n<td>Moteur BLDC<\/td>\n<td><\/td>\n<td>Contr\u00f4le moteur:<\/td>\n<td>Vitesse variable avec d\u00e9marrage progressif<\/td>\n<\/tr>\n<\/tbody>\n<\/table>\n<p>&nbsp;<\/p>","protected":false},"excerpt":{"rendered":"<p>Agit plus vite, souffle plus fort. Rangement compact.<\/p>","protected":false},"featured_media":3262,"template":"","meta":[],"product_brand":[196],"product_cat":[129,51],"product_tag":[264,225],"class_list":{"0":"post-3265","1":"product","2":"type-product","3":"status-publish","4":"has-post-thumbnail","6":"product_brand-blowhard","7":"product_cat-fans","8":"product_cat-rescue","9":"product_tag-blowhard","10":"product_tag-fans","12":"first","13":"instock","14":"shipping-taxable","15":"product-type-simple"},"yoast_head":"<!-- This site is optimized with the Yoast SEO plugin v27.4 - https:\/\/yoast.com\/product\/yoast-seo-wordpress\/ -->\n<title>BH-20 - Safety Source Fire<\/title>\n<meta name=\"robots\" content=\"index, follow, max-snippet:-1, max-image-preview:large, max-video-preview:-1\" \/>\n<link rel=\"canonical\" href=\"https:\/\/safetysourcefire.ca\/fr\/produit\/bh-20-blowhard-fan\/\" \/>\n<meta property=\"og:locale\" content=\"fr_CA\" \/>\n<meta property=\"og:type\" content=\"article\" \/>\n<meta property=\"og:title\" content=\"BH-20 - Safety Source Fire\" \/>\n<meta property=\"og:description\" content=\"Responds Faster, Blows Harder. Compact Storage.\" \/>\n<meta property=\"og:url\" content=\"https:\/\/safetysourcefire.ca\/fr\/produit\/bh-20-blowhard-fan\/\" \/>\n<meta property=\"og:site_name\" content=\"Safety Source Fire\" \/>\n<meta property=\"article:publisher\" content=\"https:\/\/www.facebook.com\/mmfssca\" \/>\n<meta property=\"article:modified_time\" content=\"2023-06-16T19:05:29+00:00\" \/>\n<meta property=\"og:image\" content=\"https:\/\/safetysourcefire.ca\/wp-content\/uploads\/2017\/06\/Blowhard-Fan.jpg\" \/>\n\t<meta property=\"og:image:width\" content=\"600\" \/>\n\t<meta property=\"og:image:height\" content=\"600\" \/>\n\t<meta property=\"og:image:type\" content=\"image\/jpeg\" \/>\n<meta name=\"twitter:card\" content=\"summary_large_image\" \/>\n<meta name=\"twitter:site\" content=\"@mmfssca\" \/>\n<meta name=\"twitter:label1\" content=\"Estimation du temps de lecture\" \/>\n\t<meta name=\"twitter:data1\" content=\"1 minute\" \/>\n<script type=\"application\/ld+json\" class=\"yoast-schema-graph\">{\"@context\":\"https:\\\/\\\/schema.org\",\"@graph\":[{\"@type\":\"WebPage\",\"@id\":\"https:\\\/\\\/safetysourcefire.ca\\\/product\\\/bh-20-blowhard-fan\\\/\",\"url\":\"https:\\\/\\\/safetysourcefire.ca\\\/product\\\/bh-20-blowhard-fan\\\/\",\"name\":\"BH-20 - Safety Source Fire\",\"isPartOf\":{\"@id\":\"https:\\\/\\\/safetysourcefire.ca\\\/#website\"},\"primaryImageOfPage\":{\"@id\":\"https:\\\/\\\/safetysourcefire.ca\\\/product\\\/bh-20-blowhard-fan\\\/#primaryimage\"},\"image\":{\"@id\":\"https:\\\/\\\/safetysourcefire.ca\\\/product\\\/bh-20-blowhard-fan\\\/#primaryimage\"},\"thumbnailUrl\":\"https:\\\/\\\/safetysourcefire.ca\\\/wp-content\\\/uploads\\\/2017\\\/06\\\/Blowhard-Fan.jpg\",\"datePublished\":\"2017-06-19T15:19:01+00:00\",\"dateModified\":\"2023-06-16T19:05:29+00:00\",\"breadcrumb\":{\"@id\":\"https:\\\/\\\/safetysourcefire.ca\\\/product\\\/bh-20-blowhard-fan\\\/#breadcrumb\"},\"inLanguage\":\"fr-CA\",\"potentialAction\":[{\"@type\":\"ReadAction\",\"target\":[\"https:\\\/\\\/safetysourcefire.ca\\\/product\\\/bh-20-blowhard-fan\\\/\"]}]},{\"@type\":\"ImageObject\",\"inLanguage\":\"fr-CA\",\"@id\":\"https:\\\/\\\/safetysourcefire.ca\\\/product\\\/bh-20-blowhard-fan\\\/#primaryimage\",\"url\":\"https:\\\/\\\/safetysourcefire.ca\\\/wp-content\\\/uploads\\\/2017\\\/06\\\/Blowhard-Fan.jpg\",\"contentUrl\":\"https:\\\/\\\/safetysourcefire.ca\\\/wp-content\\\/uploads\\\/2017\\\/06\\\/Blowhard-Fan.jpg\",\"width\":600,\"height\":600,\"caption\":\"red fan\"},{\"@type\":\"BreadcrumbList\",\"@id\":\"https:\\\/\\\/safetysourcefire.ca\\\/product\\\/bh-20-blowhard-fan\\\/#breadcrumb\",\"itemListElement\":[{\"@type\":\"ListItem\",\"position\":1,\"name\":\"Home\",\"item\":\"https:\\\/\\\/safetysourcefire.ca\\\/\"},{\"@type\":\"ListItem\",\"position\":2,\"name\":\"Products\",\"item\":\"https:\\\/\\\/safetysourcefire.ca\\\/shop\\\/\"},{\"@type\":\"ListItem\",\"position\":3,\"name\":\"BH-20\"}]},{\"@type\":\"WebSite\",\"@id\":\"https:\\\/\\\/safetysourcefire.ca\\\/#website\",\"url\":\"https:\\\/\\\/safetysourcefire.ca\\\/\",\"name\":\"Safety Source Fire\",\"description\":\"\",\"publisher\":{\"@id\":\"https:\\\/\\\/safetysourcefire.ca\\\/#organization\"},\"potentialAction\":[{\"@type\":\"SearchAction\",\"target\":{\"@type\":\"EntryPoint\",\"urlTemplate\":\"https:\\\/\\\/safetysourcefire.ca\\\/?s={search_term_string}\"},\"query-input\":{\"@type\":\"PropertyValueSpecification\",\"valueRequired\":true,\"valueName\":\"search_term_string\"}}],\"inLanguage\":\"fr-CA\"},{\"@type\":\"Organization\",\"@id\":\"https:\\\/\\\/safetysourcefire.ca\\\/#organization\",\"name\":\"Safety Source Fire\",\"url\":\"https:\\\/\\\/safetysourcefire.ca\\\/\",\"logo\":{\"@type\":\"ImageObject\",\"inLanguage\":\"fr-CA\",\"@id\":\"https:\\\/\\\/safetysourcefire.ca\\\/#\\\/schema\\\/logo\\\/image\\\/\",\"url\":\"https:\\\/\\\/safetysourcefire.ca\\\/wp-content\\\/uploads\\\/2021\\\/01\\\/SSF_logo_CC0000-3.png\",\"contentUrl\":\"https:\\\/\\\/safetysourcefire.ca\\\/wp-content\\\/uploads\\\/2021\\\/01\\\/SSF_logo_CC0000-3.png\",\"width\":1107,\"height\":365,\"caption\":\"Safety Source Fire\"},\"image\":{\"@id\":\"https:\\\/\\\/safetysourcefire.ca\\\/#\\\/schema\\\/logo\\\/image\\\/\"},\"sameAs\":[\"https:\\\/\\\/www.facebook.com\\\/mmfssca\",\"https:\\\/\\\/x.com\\\/mmfssca\"]}]}<\/script>\n<!-- \/ Yoast SEO plugin. -->","yoast_head_json":{"title":"BH-20 - Incendie de source de s\u00e9curit\u00e9","robots":{"index":"index","follow":"follow","max-snippet":"max-snippet:-1","max-image-preview":"max-image-preview:large","max-video-preview":"max-video-preview:-1"},"canonical":"https:\/\/safetysourcefire.ca\/fr\/produit\/bh-20-blowhard-fan\/","og_locale":"fr_CA","og_type":"article","og_title":"BH-20 - Safety Source Fire","og_description":"Responds Faster, Blows Harder. Compact Storage.","og_url":"https:\/\/safetysourcefire.ca\/fr\/produit\/bh-20-blowhard-fan\/","og_site_name":"Safety Source Fire","article_publisher":"https:\/\/www.facebook.com\/mmfssca","article_modified_time":"2023-06-16T19:05:29+00:00","og_image":[{"width":600,"height":600,"url":"https:\/\/safetysourcefire.ca\/wp-content\/uploads\/2017\/06\/Blowhard-Fan.jpg","type":"image\/jpeg"}],"twitter_card":"summary_large_image","twitter_site":"@mmfssca","twitter_misc":{"Estimation du temps de lecture":"1 minute"},"schema":{"@context":"https:\/\/schema.org","@graph":[{"@type":"WebPage","@id":"https:\/\/safetysourcefire.ca\/product\/bh-20-blowhard-fan\/","url":"https:\/\/safetysourcefire.ca\/product\/bh-20-blowhard-fan\/","name":"BH-20 - Incendie de source de s\u00e9curit\u00e9","isPartOf":{"@id":"https:\/\/safetysourcefire.ca\/#website"},"primaryImageOfPage":{"@id":"https:\/\/safetysourcefire.ca\/product\/bh-20-blowhard-fan\/#primaryimage"},"image":{"@id":"https:\/\/safetysourcefire.ca\/product\/bh-20-blowhard-fan\/#primaryimage"},"thumbnailUrl":"https:\/\/safetysourcefire.ca\/wp-content\/uploads\/2017\/06\/Blowhard-Fan.jpg","datePublished":"2017-06-19T15:19:01+00:00","dateModified":"2023-06-16T19:05:29+00:00","breadcrumb":{"@id":"https:\/\/safetysourcefire.ca\/product\/bh-20-blowhard-fan\/#breadcrumb"},"inLanguage":"fr-CA","potentialAction":[{"@type":"ReadAction","target":["https:\/\/safetysourcefire.ca\/product\/bh-20-blowhard-fan\/"]}]},{"@type":"ImageObject","inLanguage":"fr-CA","@id":"https:\/\/safetysourcefire.ca\/product\/bh-20-blowhard-fan\/#primaryimage","url":"https:\/\/safetysourcefire.ca\/wp-content\/uploads\/2017\/06\/Blowhard-Fan.jpg","contentUrl":"https:\/\/safetysourcefire.ca\/wp-content\/uploads\/2017\/06\/Blowhard-Fan.jpg","width":600,"height":600,"caption":"red fan"},{"@type":"BreadcrumbList","@id":"https:\/\/safetysourcefire.ca\/product\/bh-20-blowhard-fan\/#breadcrumb","itemListElement":[{"@type":"ListItem","position":1,"name":"Home","item":"https:\/\/safetysourcefire.ca\/"},{"@type":"ListItem","position":2,"name":"Products","item":"https:\/\/safetysourcefire.ca\/shop\/"},{"@type":"ListItem","position":3,"name":"BH-20"}]},{"@type":"WebSite","@id":"https:\/\/safetysourcefire.ca\/#website","url":"https:\/\/safetysourcefire.ca\/","name":"Safety Source Fire","description":"","publisher":{"@id":"https:\/\/safetysourcefire.ca\/#organization"},"potentialAction":[{"@type":"SearchAction","target":{"@type":"EntryPoint","urlTemplate":"https:\/\/safetysourcefire.ca\/?s={search_term_string}"},"query-input":{"@type":"PropertyValueSpecification","valueRequired":true,"valueName":"search_term_string"}}],"inLanguage":"fr-CA"},{"@type":"Organization","@id":"https:\/\/safetysourcefire.ca\/#organization","name":"Safety Source Fire","url":"https:\/\/safetysourcefire.ca\/","logo":{"@type":"ImageObject","inLanguage":"fr-CA","@id":"https:\/\/safetysourcefire.ca\/#\/schema\/logo\/image\/","url":"https:\/\/safetysourcefire.ca\/wp-content\/uploads\/2021\/01\/SSF_logo_CC0000-3.png","contentUrl":"https:\/\/safetysourcefire.ca\/wp-content\/uploads\/2021\/01\/SSF_logo_CC0000-3.png","width":1107,"height":365,"caption":"Safety Source Fire"},"image":{"@id":"https:\/\/safetysourcefire.ca\/#\/schema\/logo\/image\/"},"sameAs":["https:\/\/www.facebook.com\/mmfssca","https:\/\/x.com\/mmfssca"]}]}},"_links":{"self":[{"href":"https:\/\/safetysourcefire.ca\/fr\/wp-json\/wp\/v2\/product\/3265","targetHints":{"allow":["GET"]}}],"collection":[{"href":"https:\/\/safetysourcefire.ca\/fr\/wp-json\/wp\/v2\/product"}],"about":[{"href":"https:\/\/safetysourcefire.ca\/fr\/wp-json\/wp\/v2\/types\/product"}],"wp:featuredmedia":[{"embeddable":true,"href":"https:\/\/safetysourcefire.ca\/fr\/wp-json\/wp\/v2\/media\/3262"}],"wp:attachment":[{"href":"https:\/\/safetysourcefire.ca\/fr\/wp-json\/wp\/v2\/media?parent=3265"}],"wp:term":[{"taxonomy":"product_brand","embeddable":true,"href":"https:\/\/safetysourcefire.ca\/fr\/wp-json\/wp\/v2\/product_brand?post=3265"},{"taxonomy":"product_cat","embeddable":true,"href":"https:\/\/safetysourcefire.ca\/fr\/wp-json\/wp\/v2\/product_cat?post=3265"},{"taxonomy":"product_tag","embeddable":true,"href":"https:\/\/safetysourcefire.ca\/fr\/wp-json\/wp\/v2\/product_tag?post=3265"}],"curies":[{"name":"wp","href":"https:\/\/api.w.org\/{rel}","templated":true}]}}