{"id":3280,"date":"2017-06-19T15:44:14","date_gmt":"2017-06-19T15:44:14","guid":{"rendered":"http:\/\/mmfss.ca\/?post_type=product&#038;p=3280"},"modified":"2018-03-19T14:26:49","modified_gmt":"2018-03-19T14:26:49","slug":"18%e2%80%b3-gas-powered-ppv-2","status":"publish","type":"product","link":"https:\/\/safetysourcefire.ca\/fr\/produit\/18%e2%80%b3-gas-powered-ppv-2\/","title":{"rendered":"Ventilateur PPV 18 '' \u00e0 gaz"},"content":{"rendered":"<p><strong>Fonctionnalit\u00e9s:<\/strong><\/p>\n<ul>\n<li><strong>Lame en fonte d&#039;aluminium \u00e0 7 pointes<\/strong>\u00a0\u2013Plus r\u00e9sistant que le plastique face aux hautes temp\u00e9ratures<\/li>\n<li><strong>Car\u00e9nage en acier fil\u00e9 avec pr\u00e9cision<\/strong>\u00a0\u2013 durabilit\u00e9 et d\u00e9bit d'air maximal<\/li>\n<li><strong>Cadre de cage complet en acier<\/strong>\u00a0\u2013 prot\u00e8ge les composants cl\u00e9s<\/li>\n<li><strong>Pneus anti-crevaisons<\/strong>\u00a0\u2013 caoutchouc r\u00e9sistant, anti-crevaison, roulant sans probl\u00e8me dans les escaliers et sur les bordures<\/li>\n<li><strong>Cadre inclinable \u00e0 4 positions<\/strong>\u00a0\u2013 -10\u00b0, 0\u00b0, 10\u00b0, 20\u00b0<\/li>\n<li><strong>C\u00f4ne d'air<\/strong>\u00a0\u2013 design classique disponible pour un d\u00e9bit d'air maximal, protection StreamShaper en option<\/li>\n<li><strong>Poign\u00e9e r\u00e9tractable<\/strong>\u00a0- se replie dans le cadre pour un rangement efficace. Prise facile, m\u00eame avec des gants<\/li>\n<li><strong>Garantie 5 ans<\/strong><strong>\u00a0<\/strong><\/li>\n<\/ul>\n<p><strong>Sp\u00e9cifications<\/strong><\/p>\n<ul>\n<li><strong>Moteur<\/strong>\u00a0\u2013 Honda GC160<\/li>\n<li><strong>HxLxP<\/strong>\u00a0\u2013 22\u2033 x 23,5\u2033 x 19,5\u2033 \u2013\u00a0<em>559 mm x 597 mm x 495 mm<\/em><\/li>\n<li><strong>Diam\u00e8tre de la lame<\/strong>\u00a0\u2013 18\u2033 \u2013\u00a0<em>457 mm<\/em><\/li>\n<li><strong>Poids<\/strong>\u00a0\u2013 74 livres \u2013\u00a0<em>33,5 kg<\/em><\/li>\n<li><strong>RPM<\/strong>\u00a0\u2013 3360<\/li>\n<li><strong>Arri\u00e8re<\/strong>\u00a0\u2013 6 pieds<\/li>\n<li><strong>Angle<\/strong>\u00a0\u2013 18\u00b0<\/li>\n<li><strong>Production<\/strong>\u00a0\u2013 14 810 pcm \u2013\u00a0<em>25 160 cm\/h<\/em><\/li>\n<\/ul>","protected":false},"excerpt":{"rendered":"<p>Le 718GC est un PPV de 18 pouces, aliment\u00e9 au gaz. Mont\u00e9 sur cadre classique de la s\u00e9rie 7. Une combinaison parfaite de taille et de puissance pour les services \u00e0 la recherche d'un ventilateur PPV utilisable tous les jours. Ce ventilateur vous propose une installation rapide et une ind\u00e9pendance totale des g\u00e9n\u00e9rateurs et de l'\u00e9lectricit\u00e9.<\/p>","protected":false},"featured_media":3243,"template":"","meta":[],"product_brand":[197],"product_cat":[129,51],"product_tag":[225,353,352],"class_list":{"0":"post-3280","1":"product","2":"type-product","3":"status-publish","4":"has-post-thumbnail","6":"product_brand-supervac","7":"product_cat-fans","8":"product_cat-rescue","9":"product_tag-fans","10":"product_tag-super-vac","11":"product_tag-supervac","13":"first","14":"instock","15":"shipping-taxable","16":"product-type-simple"},"yoast_head":"<!-- This site is optimized with the Yoast SEO plugin v27.4 - https:\/\/yoast.com\/product\/yoast-seo-wordpress\/ -->\n<title>18\u2033 Gas Powered\u00a0PPV Fan - Safety Source Fire<\/title>\n<meta name=\"robots\" content=\"index, follow, max-snippet:-1, max-image-preview:large, max-video-preview:-1\" \/>\n<link rel=\"canonical\" href=\"https:\/\/safetysourcefire.ca\/fr\/produit\/18\u2033-gas-powered-ppv-2\/\" \/>\n<meta property=\"og:locale\" content=\"fr_CA\" \/>\n<meta property=\"og:type\" content=\"article\" \/>\n<meta property=\"og:title\" content=\"18\u2033 Gas Powered\u00a0PPV Fan - Safety Source Fire\" \/>\n<meta property=\"og:description\" content=\"The 718GC is an 18\u2033, gas powered\u00a0PPV set on the classic\u00a07-Series frame. \u00a0A perfect combination of size and power\u00a0for departments looking for an every day PPV fan\u00a0in need of a quick set-up and not dependent on generators or electricity.\" \/>\n<meta property=\"og:url\" content=\"https:\/\/safetysourcefire.ca\/fr\/produit\/18\u2033-gas-powered-ppv-2\/\" \/>\n<meta property=\"og:site_name\" content=\"Safety Source Fire\" \/>\n<meta property=\"article:publisher\" content=\"https:\/\/www.facebook.com\/mmfssca\" \/>\n<meta property=\"article:modified_time\" content=\"2018-03-19T14:26:49+00:00\" \/>\n<meta property=\"og:image\" content=\"https:\/\/safetysourcefire.ca\/wp-content\/uploads\/2017\/06\/718GC.jpg\" \/>\n\t<meta property=\"og:image:width\" content=\"600\" \/>\n\t<meta property=\"og:image:height\" content=\"600\" \/>\n\t<meta property=\"og:image:type\" content=\"image\/jpeg\" \/>\n<meta name=\"twitter:card\" content=\"summary_large_image\" \/>\n<meta name=\"twitter:site\" content=\"@mmfssca\" \/>\n<meta name=\"twitter:label1\" content=\"Estimation du temps de lecture\" \/>\n\t<meta name=\"twitter:data1\" content=\"1 minute\" \/>\n<script type=\"application\/ld+json\" class=\"yoast-schema-graph\">{\"@context\":\"https:\\\/\\\/schema.org\",\"@graph\":[{\"@type\":\"WebPage\",\"@id\":\"https:\\\/\\\/safetysourcefire.ca\\\/product\\\/18%e2%80%b3-gas-powered-ppv-2\\\/\",\"url\":\"https:\\\/\\\/safetysourcefire.ca\\\/product\\\/18%e2%80%b3-gas-powered-ppv-2\\\/\",\"name\":\"18\u2033 Gas Powered\u00a0PPV Fan - Safety Source Fire\",\"isPartOf\":{\"@id\":\"https:\\\/\\\/safetysourcefire.ca\\\/#website\"},\"primaryImageOfPage\":{\"@id\":\"https:\\\/\\\/safetysourcefire.ca\\\/product\\\/18%e2%80%b3-gas-powered-ppv-2\\\/#primaryimage\"},\"image\":{\"@id\":\"https:\\\/\\\/safetysourcefire.ca\\\/product\\\/18%e2%80%b3-gas-powered-ppv-2\\\/#primaryimage\"},\"thumbnailUrl\":\"https:\\\/\\\/safetysourcefire.ca\\\/wp-content\\\/uploads\\\/2017\\\/06\\\/718GC.jpg\",\"datePublished\":\"2017-06-19T15:44:14+00:00\",\"dateModified\":\"2018-03-19T14:26:49+00:00\",\"breadcrumb\":{\"@id\":\"https:\\\/\\\/safetysourcefire.ca\\\/product\\\/18%e2%80%b3-gas-powered-ppv-2\\\/#breadcrumb\"},\"inLanguage\":\"fr-CA\",\"potentialAction\":[{\"@type\":\"ReadAction\",\"target\":[\"https:\\\/\\\/safetysourcefire.ca\\\/product\\\/18%e2%80%b3-gas-powered-ppv-2\\\/\"]}]},{\"@type\":\"ImageObject\",\"inLanguage\":\"fr-CA\",\"@id\":\"https:\\\/\\\/safetysourcefire.ca\\\/product\\\/18%e2%80%b3-gas-powered-ppv-2\\\/#primaryimage\",\"url\":\"https:\\\/\\\/safetysourcefire.ca\\\/wp-content\\\/uploads\\\/2017\\\/06\\\/718GC.jpg\",\"contentUrl\":\"https:\\\/\\\/safetysourcefire.ca\\\/wp-content\\\/uploads\\\/2017\\\/06\\\/718GC.jpg\",\"width\":600,\"height\":600,\"caption\":\"fan\"},{\"@type\":\"BreadcrumbList\",\"@id\":\"https:\\\/\\\/safetysourcefire.ca\\\/product\\\/18%e2%80%b3-gas-powered-ppv-2\\\/#breadcrumb\",\"itemListElement\":[{\"@type\":\"ListItem\",\"position\":1,\"name\":\"Home\",\"item\":\"https:\\\/\\\/safetysourcefire.ca\\\/\"},{\"@type\":\"ListItem\",\"position\":2,\"name\":\"Products\",\"item\":\"https:\\\/\\\/safetysourcefire.ca\\\/shop\\\/\"},{\"@type\":\"ListItem\",\"position\":3,\"name\":\"18\u2033 Gas Powered\u00a0PPV Fan\"}]},{\"@type\":\"WebSite\",\"@id\":\"https:\\\/\\\/safetysourcefire.ca\\\/#website\",\"url\":\"https:\\\/\\\/safetysourcefire.ca\\\/\",\"name\":\"Safety Source Fire\",\"description\":\"\",\"publisher\":{\"@id\":\"https:\\\/\\\/safetysourcefire.ca\\\/#organization\"},\"potentialAction\":[{\"@type\":\"SearchAction\",\"target\":{\"@type\":\"EntryPoint\",\"urlTemplate\":\"https:\\\/\\\/safetysourcefire.ca\\\/?s={search_term_string}\"},\"query-input\":{\"@type\":\"PropertyValueSpecification\",\"valueRequired\":true,\"valueName\":\"search_term_string\"}}],\"inLanguage\":\"fr-CA\"},{\"@type\":\"Organization\",\"@id\":\"https:\\\/\\\/safetysourcefire.ca\\\/#organization\",\"name\":\"Safety Source Fire\",\"url\":\"https:\\\/\\\/safetysourcefire.ca\\\/\",\"logo\":{\"@type\":\"ImageObject\",\"inLanguage\":\"fr-CA\",\"@id\":\"https:\\\/\\\/safetysourcefire.ca\\\/#\\\/schema\\\/logo\\\/image\\\/\",\"url\":\"https:\\\/\\\/safetysourcefire.ca\\\/wp-content\\\/uploads\\\/2021\\\/01\\\/SSF_logo_CC0000-3.png\",\"contentUrl\":\"https:\\\/\\\/safetysourcefire.ca\\\/wp-content\\\/uploads\\\/2021\\\/01\\\/SSF_logo_CC0000-3.png\",\"width\":1107,\"height\":365,\"caption\":\"Safety Source Fire\"},\"image\":{\"@id\":\"https:\\\/\\\/safetysourcefire.ca\\\/#\\\/schema\\\/logo\\\/image\\\/\"},\"sameAs\":[\"https:\\\/\\\/www.facebook.com\\\/mmfssca\",\"https:\\\/\\\/x.com\\\/mmfssca\"]}]}<\/script>\n<!-- \/ Yoast SEO plugin. -->","yoast_head_json":{"title":"Ventilateur PPV \u00e0 gaz de 18 pouces - Safety Source Fire","robots":{"index":"index","follow":"follow","max-snippet":"max-snippet:-1","max-image-preview":"max-image-preview:large","max-video-preview":"max-video-preview:-1"},"canonical":"https:\/\/safetysourcefire.ca\/fr\/produit\/18\u2033-gas-powered-ppv-2\/","og_locale":"fr_CA","og_type":"article","og_title":"18\u2033 Gas Powered\u00a0PPV Fan - Safety Source Fire","og_description":"The 718GC is an 18\u2033, gas powered\u00a0PPV set on the classic\u00a07-Series frame. \u00a0A perfect combination of size and power\u00a0for departments looking for an every day PPV fan\u00a0in need of a quick set-up and not dependent on generators or electricity.","og_url":"https:\/\/safetysourcefire.ca\/fr\/produit\/18\u2033-gas-powered-ppv-2\/","og_site_name":"Safety Source Fire","article_publisher":"https:\/\/www.facebook.com\/mmfssca","article_modified_time":"2018-03-19T14:26:49+00:00","og_image":[{"width":600,"height":600,"url":"https:\/\/safetysourcefire.ca\/wp-content\/uploads\/2017\/06\/718GC.jpg","type":"image\/jpeg"}],"twitter_card":"summary_large_image","twitter_site":"@mmfssca","twitter_misc":{"Estimation du temps de lecture":"1 minute"},"schema":{"@context":"https:\/\/schema.org","@graph":[{"@type":"WebPage","@id":"https:\/\/safetysourcefire.ca\/product\/18%e2%80%b3-gas-powered-ppv-2\/","url":"https:\/\/safetysourcefire.ca\/product\/18%e2%80%b3-gas-powered-ppv-2\/","name":"Ventilateur PPV \u00e0 gaz de 18 pouces - Safety Source Fire","isPartOf":{"@id":"https:\/\/safetysourcefire.ca\/#website"},"primaryImageOfPage":{"@id":"https:\/\/safetysourcefire.ca\/product\/18%e2%80%b3-gas-powered-ppv-2\/#primaryimage"},"image":{"@id":"https:\/\/safetysourcefire.ca\/product\/18%e2%80%b3-gas-powered-ppv-2\/#primaryimage"},"thumbnailUrl":"https:\/\/safetysourcefire.ca\/wp-content\/uploads\/2017\/06\/718GC.jpg","datePublished":"2017-06-19T15:44:14+00:00","dateModified":"2018-03-19T14:26:49+00:00","breadcrumb":{"@id":"https:\/\/safetysourcefire.ca\/product\/18%e2%80%b3-gas-powered-ppv-2\/#breadcrumb"},"inLanguage":"fr-CA","potentialAction":[{"@type":"ReadAction","target":["https:\/\/safetysourcefire.ca\/product\/18%e2%80%b3-gas-powered-ppv-2\/"]}]},{"@type":"ImageObject","inLanguage":"fr-CA","@id":"https:\/\/safetysourcefire.ca\/product\/18%e2%80%b3-gas-powered-ppv-2\/#primaryimage","url":"https:\/\/safetysourcefire.ca\/wp-content\/uploads\/2017\/06\/718GC.jpg","contentUrl":"https:\/\/safetysourcefire.ca\/wp-content\/uploads\/2017\/06\/718GC.jpg","width":600,"height":600,"caption":"fan"},{"@type":"BreadcrumbList","@id":"https:\/\/safetysourcefire.ca\/product\/18%e2%80%b3-gas-powered-ppv-2\/#breadcrumb","itemListElement":[{"@type":"ListItem","position":1,"name":"Home","item":"https:\/\/safetysourcefire.ca\/"},{"@type":"ListItem","position":2,"name":"Products","item":"https:\/\/safetysourcefire.ca\/shop\/"},{"@type":"ListItem","position":3,"name":"18\u2033 Gas Powered\u00a0PPV Fan"}]},{"@type":"WebSite","@id":"https:\/\/safetysourcefire.ca\/#website","url":"https:\/\/safetysourcefire.ca\/","name":"Safety Source Fire","description":"","publisher":{"@id":"https:\/\/safetysourcefire.ca\/#organization"},"potentialAction":[{"@type":"SearchAction","target":{"@type":"EntryPoint","urlTemplate":"https:\/\/safetysourcefire.ca\/?s={search_term_string}"},"query-input":{"@type":"PropertyValueSpecification","valueRequired":true,"valueName":"search_term_string"}}],"inLanguage":"fr-CA"},{"@type":"Organization","@id":"https:\/\/safetysourcefire.ca\/#organization","name":"Safety Source Fire","url":"https:\/\/safetysourcefire.ca\/","logo":{"@type":"ImageObject","inLanguage":"fr-CA","@id":"https:\/\/safetysourcefire.ca\/#\/schema\/logo\/image\/","url":"https:\/\/safetysourcefire.ca\/wp-content\/uploads\/2021\/01\/SSF_logo_CC0000-3.png","contentUrl":"https:\/\/safetysourcefire.ca\/wp-content\/uploads\/2021\/01\/SSF_logo_CC0000-3.png","width":1107,"height":365,"caption":"Safety Source Fire"},"image":{"@id":"https:\/\/safetysourcefire.ca\/#\/schema\/logo\/image\/"},"sameAs":["https:\/\/www.facebook.com\/mmfssca","https:\/\/x.com\/mmfssca"]}]}},"_links":{"self":[{"href":"https:\/\/safetysourcefire.ca\/fr\/wp-json\/wp\/v2\/product\/3280","targetHints":{"allow":["GET"]}}],"collection":[{"href":"https:\/\/safetysourcefire.ca\/fr\/wp-json\/wp\/v2\/product"}],"about":[{"href":"https:\/\/safetysourcefire.ca\/fr\/wp-json\/wp\/v2\/types\/product"}],"wp:featuredmedia":[{"embeddable":true,"href":"https:\/\/safetysourcefire.ca\/fr\/wp-json\/wp\/v2\/media\/3243"}],"wp:attachment":[{"href":"https:\/\/safetysourcefire.ca\/fr\/wp-json\/wp\/v2\/media?parent=3280"}],"wp:term":[{"taxonomy":"product_brand","embeddable":true,"href":"https:\/\/safetysourcefire.ca\/fr\/wp-json\/wp\/v2\/product_brand?post=3280"},{"taxonomy":"product_cat","embeddable":true,"href":"https:\/\/safetysourcefire.ca\/fr\/wp-json\/wp\/v2\/product_cat?post=3280"},{"taxonomy":"product_tag","embeddable":true,"href":"https:\/\/safetysourcefire.ca\/fr\/wp-json\/wp\/v2\/product_tag?post=3280"}],"curies":[{"name":"wp","href":"https:\/\/api.w.org\/{rel}","templated":true}]}}