{"id":3448,"date":"2017-06-20T22:24:58","date_gmt":"2017-06-20T22:24:58","guid":{"rendered":"http:\/\/mmfss.ca\/?post_type=product&#038;p=3448"},"modified":"2019-03-26T13:34:04","modified_gmt":"2019-03-26T13:34:04","slug":"nxt-thermal-imager","status":"publish","type":"product","link":"https:\/\/safetysourcefire.ca\/fr\/produit\/nxt-thermal-imager\/","title":{"rendered":"Cam\u00e9ra thermique NXT"},"content":{"rendered":"<p><strong>INNOVATION<\/strong>\u00a0.<\/p>\n<p>La cam\u00e9ra Bullard NXT est con\u00e7ue non seulement pour un service de longue dur\u00e9e en premi\u00e8re ligne, mais \u00e9galement pour un faible co\u00fbt total de possession du c\u00f4t\u00e9 administratif. Elle est sp\u00e9cialement con\u00e7ue pour les services d'incendie d'aujourd'hui, y compris la certification NFPA.<\/p>\n<ul>\n<li>Meilleure autonomie de la batterie<\/li>\n<li>Meilleure qualit\u00e9 d&#039;image<\/li>\n<li>Facteur de forme accru<\/li>\n<li>Premier syst\u00e8me de recharge sans fil<\/li>\n<li>Durabilit\u00e9 \u00e9prouv\u00e9e<\/li>\n<li>Imageur de premier plan et garantie de batterie<\/li>\n<\/ul>\n<p><strong>Performance exceptionnelle<\/strong><\/p>\n<p>La clart\u00e9 d'image que vous avez connue avec les produits X Factor est encore plus affin\u00e9e dans la cam\u00e9ra NXT. \u00c9quip\u00e9e d'un \u00e9cran LCD ultra-performant qui augmente consid\u00e9rablement la luminosit\u00e9 et le contraste, la NXT permet aux pompiers de voir plus clairement dans la fum\u00e9e et la lumi\u00e8re directe du soleil. Le NXT de Bullard peut d\u00e9passer huit heures de fonctionnement continu pour des performances ultimes dans des conditions d'incendie.<\/p>\n<p><strong>Fonctionnalit\u00e9s avanc\u00e9es<\/strong><\/p>\n<p>Le Bullard NXT est dot\u00e9 de fonctionnalit\u00e9s avanc\u00e9es, notamment la colorisation Super Red Hot, la mise en \u00e9vidence intuitive des sc\u00e8nes \u00e0 haute temp\u00e9rature dans des tons brillants de jaune, orange et rouge, et la mesure de la temp\u00e9rature dans des formats d'indicateur de chaleur num\u00e9rique et relative. Les fonctionnalit\u00e9s optionnelles incluent l'Electronic Thermal Throttle\u00ae exclusif de Bullard, qui permet aux pompiers d'optimiser les sc\u00e8nes d'une simple pression sur un bouton. Le zoom num\u00e9rique 2X\/4X permet aux pompiers de se rapprocher de l'action, et l'enregistreur vid\u00e9o num\u00e9rique SceneCatcher interne de Bullard permet aux pompiers de capturer cinq heures de vid\u00e9o et\/ou des centaines d'images fixes.<\/p>\n<p><strong>Facile \u00e0 utiliser<\/strong><\/p>\n<p>Comme le populaire mod\u00e8le LDX, le NXT de Bullard se distingue des autres cam\u00e9ras thermiques par son ergonomie compacte sp\u00e9cialement con\u00e7ue pour les pompiers. La conception du bouton d'alimentation de l'imageur permet d'allumer ou \u00e9teindre l'appareil facilement avec une main gant\u00e9e. De plus, plusieurs couleurs sont disponibles pour l'identification du service. Les syst\u00e8mes de charge sans fil sont compacts, simples et permettent une utilisation continue facile.<\/p>\n<p><strong>Durabilit\u00e9 in\u00e9gal\u00e9e<\/strong><\/p>\n<p>Le NXT est par con\u00e7u Bullard Tough pour convenir \u00e0 la fa\u00e7on dont les pompiers travaillent. La cam\u00e9ra est livr\u00e9e de base avec une garantie de cinq ans, la meilleure de l'industrie. La garantie couvre \u00e9galement la batterie.<\/p>","protected":false},"excerpt":{"rendered":"<p>\u00c9quip\u00e9 de la technologie X Factor et poss\u00e9dant la plus grande autonomie de batterie de l'industrie, la cam\u00e9ra Bullard NXT est petite, l\u00e9g\u00e8re et certifi\u00e9e NFPA. Cette cam\u00e9ra permet aux pompiers de se concentrer sur les d\u00e9tails les plus critiques lorsqu'ils en ont le plus besoin.<\/p>","protected":false},"featured_media":3371,"template":"","meta":[],"product_brand":[201],"product_cat":[51,134],"product_tag":[265,413],"class_list":{"0":"post-3448","1":"product","2":"type-product","3":"status-publish","4":"has-post-thumbnail","6":"product_brand-bullard","7":"product_cat-rescue","8":"product_cat-thermal-imaging","9":"product_tag-bullard","10":"product_tag-tic","12":"first","13":"instock","14":"shipping-taxable","15":"product-type-simple"},"yoast_head":"<!-- This site is optimized with the Yoast SEO plugin v27.4 - https:\/\/yoast.com\/product\/yoast-seo-wordpress\/ -->\n<title>NXT Thermal Imager - Safety Source Fire<\/title>\n<meta name=\"robots\" content=\"index, follow, max-snippet:-1, max-image-preview:large, max-video-preview:-1\" \/>\n<link rel=\"canonical\" href=\"https:\/\/safetysourcefire.ca\/fr\/produit\/nxt-thermal-imager\/\" \/>\n<meta property=\"og:locale\" content=\"fr_CA\" \/>\n<meta property=\"og:type\" content=\"article\" \/>\n<meta property=\"og:title\" content=\"NXT Thermal Imager - Safety Source Fire\" \/>\n<meta property=\"og:description\" content=\"Equipped with X Factor technology and the industry\u2019s longest battery run time, the small, lightweight, NFPA Certified Bullard NXT lets firefighters focus on seeing the most critical details in the heat of the fire when they need it most.\" \/>\n<meta property=\"og:url\" content=\"https:\/\/safetysourcefire.ca\/fr\/produit\/nxt-thermal-imager\/\" \/>\n<meta property=\"og:site_name\" content=\"Safety Source Fire\" \/>\n<meta property=\"article:publisher\" content=\"https:\/\/www.facebook.com\/mmfssca\" \/>\n<meta property=\"article:modified_time\" content=\"2019-03-26T13:34:04+00:00\" \/>\n<meta property=\"og:image\" content=\"https:\/\/safetysourcefire.ca\/wp-content\/uploads\/2017\/06\/NXT.jpg\" \/>\n\t<meta property=\"og:image:width\" content=\"600\" \/>\n\t<meta property=\"og:image:height\" content=\"600\" \/>\n\t<meta property=\"og:image:type\" content=\"image\/jpeg\" \/>\n<meta name=\"twitter:card\" content=\"summary_large_image\" \/>\n<meta name=\"twitter:site\" content=\"@mmfssca\" \/>\n<meta name=\"twitter:label1\" content=\"Estimation du temps de lecture\" \/>\n\t<meta name=\"twitter:data1\" content=\"2 minutes\" \/>\n<script type=\"application\/ld+json\" class=\"yoast-schema-graph\">{\"@context\":\"https:\\\/\\\/schema.org\",\"@graph\":[{\"@type\":\"WebPage\",\"@id\":\"https:\\\/\\\/safetysourcefire.ca\\\/product\\\/nxt-thermal-imager\\\/\",\"url\":\"https:\\\/\\\/safetysourcefire.ca\\\/product\\\/nxt-thermal-imager\\\/\",\"name\":\"NXT Thermal Imager - Safety Source Fire\",\"isPartOf\":{\"@id\":\"https:\\\/\\\/safetysourcefire.ca\\\/#website\"},\"primaryImageOfPage\":{\"@id\":\"https:\\\/\\\/safetysourcefire.ca\\\/product\\\/nxt-thermal-imager\\\/#primaryimage\"},\"image\":{\"@id\":\"https:\\\/\\\/safetysourcefire.ca\\\/product\\\/nxt-thermal-imager\\\/#primaryimage\"},\"thumbnailUrl\":\"https:\\\/\\\/safetysourcefire.ca\\\/wp-content\\\/uploads\\\/2017\\\/06\\\/NXT.jpg\",\"datePublished\":\"2017-06-20T22:24:58+00:00\",\"dateModified\":\"2019-03-26T13:34:04+00:00\",\"breadcrumb\":{\"@id\":\"https:\\\/\\\/safetysourcefire.ca\\\/product\\\/nxt-thermal-imager\\\/#breadcrumb\"},\"inLanguage\":\"fr-CA\",\"potentialAction\":[{\"@type\":\"ReadAction\",\"target\":[\"https:\\\/\\\/safetysourcefire.ca\\\/product\\\/nxt-thermal-imager\\\/\"]}]},{\"@type\":\"ImageObject\",\"inLanguage\":\"fr-CA\",\"@id\":\"https:\\\/\\\/safetysourcefire.ca\\\/product\\\/nxt-thermal-imager\\\/#primaryimage\",\"url\":\"https:\\\/\\\/safetysourcefire.ca\\\/wp-content\\\/uploads\\\/2017\\\/06\\\/NXT.jpg\",\"contentUrl\":\"https:\\\/\\\/safetysourcefire.ca\\\/wp-content\\\/uploads\\\/2017\\\/06\\\/NXT.jpg\",\"width\":600,\"height\":600,\"caption\":\"thermal imager\"},{\"@type\":\"BreadcrumbList\",\"@id\":\"https:\\\/\\\/safetysourcefire.ca\\\/product\\\/nxt-thermal-imager\\\/#breadcrumb\",\"itemListElement\":[{\"@type\":\"ListItem\",\"position\":1,\"name\":\"Home\",\"item\":\"https:\\\/\\\/safetysourcefire.ca\\\/\"},{\"@type\":\"ListItem\",\"position\":2,\"name\":\"Products\",\"item\":\"https:\\\/\\\/safetysourcefire.ca\\\/shop\\\/\"},{\"@type\":\"ListItem\",\"position\":3,\"name\":\"NXT Thermal Imager\"}]},{\"@type\":\"WebSite\",\"@id\":\"https:\\\/\\\/safetysourcefire.ca\\\/#website\",\"url\":\"https:\\\/\\\/safetysourcefire.ca\\\/\",\"name\":\"Safety Source Fire\",\"description\":\"\",\"publisher\":{\"@id\":\"https:\\\/\\\/safetysourcefire.ca\\\/#organization\"},\"potentialAction\":[{\"@type\":\"SearchAction\",\"target\":{\"@type\":\"EntryPoint\",\"urlTemplate\":\"https:\\\/\\\/safetysourcefire.ca\\\/?s={search_term_string}\"},\"query-input\":{\"@type\":\"PropertyValueSpecification\",\"valueRequired\":true,\"valueName\":\"search_term_string\"}}],\"inLanguage\":\"fr-CA\"},{\"@type\":\"Organization\",\"@id\":\"https:\\\/\\\/safetysourcefire.ca\\\/#organization\",\"name\":\"Safety Source Fire\",\"url\":\"https:\\\/\\\/safetysourcefire.ca\\\/\",\"logo\":{\"@type\":\"ImageObject\",\"inLanguage\":\"fr-CA\",\"@id\":\"https:\\\/\\\/safetysourcefire.ca\\\/#\\\/schema\\\/logo\\\/image\\\/\",\"url\":\"https:\\\/\\\/safetysourcefire.ca\\\/wp-content\\\/uploads\\\/2021\\\/01\\\/SSF_logo_CC0000-3.png\",\"contentUrl\":\"https:\\\/\\\/safetysourcefire.ca\\\/wp-content\\\/uploads\\\/2021\\\/01\\\/SSF_logo_CC0000-3.png\",\"width\":1107,\"height\":365,\"caption\":\"Safety Source Fire\"},\"image\":{\"@id\":\"https:\\\/\\\/safetysourcefire.ca\\\/#\\\/schema\\\/logo\\\/image\\\/\"},\"sameAs\":[\"https:\\\/\\\/www.facebook.com\\\/mmfssca\",\"https:\\\/\\\/x.com\\\/mmfssca\"]}]}<\/script>\n<!-- \/ Yoast SEO plugin. -->","yoast_head_json":{"title":"Imageur thermique NXT - Incendie de source de s\u00e9curit\u00e9","robots":{"index":"index","follow":"follow","max-snippet":"max-snippet:-1","max-image-preview":"max-image-preview:large","max-video-preview":"max-video-preview:-1"},"canonical":"https:\/\/safetysourcefire.ca\/fr\/produit\/nxt-thermal-imager\/","og_locale":"fr_CA","og_type":"article","og_title":"NXT Thermal Imager - Safety Source Fire","og_description":"Equipped with X Factor technology and the industry\u2019s longest battery run time, the small, lightweight, NFPA Certified Bullard NXT lets firefighters focus on seeing the most critical details in the heat of the fire when they need it most.","og_url":"https:\/\/safetysourcefire.ca\/fr\/produit\/nxt-thermal-imager\/","og_site_name":"Safety Source Fire","article_publisher":"https:\/\/www.facebook.com\/mmfssca","article_modified_time":"2019-03-26T13:34:04+00:00","og_image":[{"width":600,"height":600,"url":"https:\/\/safetysourcefire.ca\/wp-content\/uploads\/2017\/06\/NXT.jpg","type":"image\/jpeg"}],"twitter_card":"summary_large_image","twitter_site":"@mmfssca","twitter_misc":{"Estimation du temps de lecture":"2 minutes"},"schema":{"@context":"https:\/\/schema.org","@graph":[{"@type":"WebPage","@id":"https:\/\/safetysourcefire.ca\/product\/nxt-thermal-imager\/","url":"https:\/\/safetysourcefire.ca\/product\/nxt-thermal-imager\/","name":"Imageur thermique NXT - Incendie de source de s\u00e9curit\u00e9","isPartOf":{"@id":"https:\/\/safetysourcefire.ca\/#website"},"primaryImageOfPage":{"@id":"https:\/\/safetysourcefire.ca\/product\/nxt-thermal-imager\/#primaryimage"},"image":{"@id":"https:\/\/safetysourcefire.ca\/product\/nxt-thermal-imager\/#primaryimage"},"thumbnailUrl":"https:\/\/safetysourcefire.ca\/wp-content\/uploads\/2017\/06\/NXT.jpg","datePublished":"2017-06-20T22:24:58+00:00","dateModified":"2019-03-26T13:34:04+00:00","breadcrumb":{"@id":"https:\/\/safetysourcefire.ca\/product\/nxt-thermal-imager\/#breadcrumb"},"inLanguage":"fr-CA","potentialAction":[{"@type":"ReadAction","target":["https:\/\/safetysourcefire.ca\/product\/nxt-thermal-imager\/"]}]},{"@type":"ImageObject","inLanguage":"fr-CA","@id":"https:\/\/safetysourcefire.ca\/product\/nxt-thermal-imager\/#primaryimage","url":"https:\/\/safetysourcefire.ca\/wp-content\/uploads\/2017\/06\/NXT.jpg","contentUrl":"https:\/\/safetysourcefire.ca\/wp-content\/uploads\/2017\/06\/NXT.jpg","width":600,"height":600,"caption":"thermal imager"},{"@type":"BreadcrumbList","@id":"https:\/\/safetysourcefire.ca\/product\/nxt-thermal-imager\/#breadcrumb","itemListElement":[{"@type":"ListItem","position":1,"name":"Home","item":"https:\/\/safetysourcefire.ca\/"},{"@type":"ListItem","position":2,"name":"Products","item":"https:\/\/safetysourcefire.ca\/shop\/"},{"@type":"ListItem","position":3,"name":"NXT Thermal Imager"}]},{"@type":"WebSite","@id":"https:\/\/safetysourcefire.ca\/#website","url":"https:\/\/safetysourcefire.ca\/","name":"Safety Source Fire","description":"","publisher":{"@id":"https:\/\/safetysourcefire.ca\/#organization"},"potentialAction":[{"@type":"SearchAction","target":{"@type":"EntryPoint","urlTemplate":"https:\/\/safetysourcefire.ca\/?s={search_term_string}"},"query-input":{"@type":"PropertyValueSpecification","valueRequired":true,"valueName":"search_term_string"}}],"inLanguage":"fr-CA"},{"@type":"Organization","@id":"https:\/\/safetysourcefire.ca\/#organization","name":"Safety Source Fire","url":"https:\/\/safetysourcefire.ca\/","logo":{"@type":"ImageObject","inLanguage":"fr-CA","@id":"https:\/\/safetysourcefire.ca\/#\/schema\/logo\/image\/","url":"https:\/\/safetysourcefire.ca\/wp-content\/uploads\/2021\/01\/SSF_logo_CC0000-3.png","contentUrl":"https:\/\/safetysourcefire.ca\/wp-content\/uploads\/2021\/01\/SSF_logo_CC0000-3.png","width":1107,"height":365,"caption":"Safety Source Fire"},"image":{"@id":"https:\/\/safetysourcefire.ca\/#\/schema\/logo\/image\/"},"sameAs":["https:\/\/www.facebook.com\/mmfssca","https:\/\/x.com\/mmfssca"]}]}},"_links":{"self":[{"href":"https:\/\/safetysourcefire.ca\/fr\/wp-json\/wp\/v2\/product\/3448","targetHints":{"allow":["GET"]}}],"collection":[{"href":"https:\/\/safetysourcefire.ca\/fr\/wp-json\/wp\/v2\/product"}],"about":[{"href":"https:\/\/safetysourcefire.ca\/fr\/wp-json\/wp\/v2\/types\/product"}],"wp:featuredmedia":[{"embeddable":true,"href":"https:\/\/safetysourcefire.ca\/fr\/wp-json\/wp\/v2\/media\/3371"}],"wp:attachment":[{"href":"https:\/\/safetysourcefire.ca\/fr\/wp-json\/wp\/v2\/media?parent=3448"}],"wp:term":[{"taxonomy":"product_brand","embeddable":true,"href":"https:\/\/safetysourcefire.ca\/fr\/wp-json\/wp\/v2\/product_brand?post=3448"},{"taxonomy":"product_cat","embeddable":true,"href":"https:\/\/safetysourcefire.ca\/fr\/wp-json\/wp\/v2\/product_cat?post=3448"},{"taxonomy":"product_tag","embeddable":true,"href":"https:\/\/safetysourcefire.ca\/fr\/wp-json\/wp\/v2\/product_tag?post=3448"}],"curies":[{"name":"wp","href":"https:\/\/api.w.org\/{rel}","templated":true}]}}