{"id":3449,"date":"2017-06-20T22:26:41","date_gmt":"2017-06-20T22:26:41","guid":{"rendered":"http:\/\/mmfss.ca\/?post_type=product&#038;p=3449"},"modified":"2019-03-26T13:34:04","modified_gmt":"2019-03-26T13:34:04","slug":"qxt-thermal-imager","status":"publish","type":"product","link":"https:\/\/safetysourcefire.ca\/fr\/produit\/qxt-thermal-imager\/","title":{"rendered":"Cam\u00e9ra thermique QXT"},"content":{"rendered":"<p><strong>INNOVATION<\/strong>\u00a0.<\/p>\n<ul>\n<li>Meilleure autonomie de la batterie<\/li>\n<li>Meilleure qualit\u00e9 d&#039;image<\/li>\n<li>Facteur de forme accru<\/li>\n<li>Premier syst\u00e8me de recharge sans fil<\/li>\n<li>Durabilit\u00e9 prouv\u00e9e<\/li>\n<li>Garantie de premier plan<\/li>\n<\/ul>\n<p><strong>PERFORMANCES IN\u00c9GAL\u00c9ES<\/strong><\/p>\n<p>Une clart\u00e9 d'image comme vous n'avez jamais vu. \u00c9quip\u00e9 d'un \u00e9cran LCD ultra-performant qui augmente consid\u00e9rablement la luminosit\u00e9 et le contraste. La cam\u00e9ra QXT permet aux pompiers de voir plus clairement dans la fum\u00e9e et la lumi\u00e8re directe du soleil. Cette cam\u00e9ra peut d\u00e9passer huit heures de fonctionnement continu &amp; fourni des performances ultimes dans des conditions d'incendie.<\/p>\n<p><strong>Fonctionnalit\u00e9s avanc\u00e9es<\/strong><\/p>\n<p>La cam\u00e9ra Bullard QXT est dot\u00e9e de fonctionnalit\u00e9s avanc\u00e9es, notamment la colorisation Super Red Hot, la mise en \u00e9vidence intuitive des sc\u00e8nes \u00e0 haute temp\u00e9rature dans des tons brillants de jaune, orange et rouge, ainsi que la mesure des temp\u00e9ratures dans des formats num\u00e9riques et relatifs. Les fonctionnalit\u00e9s optionnelles incluent l'Electronic Thermal Throttle\u00ae exclusif \u00e0 Bullard, qui permet aux pompiers d'optimiser les sc\u00e8nes gr\u00e2ce \u00e0 la simple pression d'n bouton, le zoom num\u00e9rique 2X\/4X qui permet aux pompiers de se rapprocher de l'action, et l'enregistreur vid\u00e9o num\u00e9rique SceneCatcher qui permet aux pompiers de capturer cinq heures de vid\u00e9o et\/ou des centaines d'images fixes.<\/p>\n<p><strong>OP\u00c9RATIONS SIMPLES<\/strong><\/p>\n<p>Comme la populaire LDX, la QXT de Bullard se distingue des autres cam\u00e9ras thermiques par son ergonomie compacte sp\u00e9cialement con\u00e7ue pour les pompiers. La conception du bouton d'alimentation permet d'allumer et d'\u00e9teindre facilement l'appareil avec une main gant\u00e9e. De plus, plusieurs couleurs sont disponibles pour l'identification de votre service. Les syst\u00e8mes de charge sans fil sont compacts, simples et permettent une utilisation continue facile.<\/p>\n<p><strong>ROBUSTE<\/strong><\/p>\n<p>La cam\u00e9ra QXT est construit selon le standard ''Bullard Tough''. L'appareil est livr\u00e9 de base avec une garantie de cinq ans, la meilleure du secteur. Cette garantie est applicable \u00e0 la cam\u00e9ra et \u00e9galement sur sa batterie.<\/p>","protected":false},"excerpt":{"rendered":"<p>La cam\u00e9ra Bullard QXT est con\u00e7ue non seulement pour un service de longue dur\u00e9e en premi\u00e8re ligne, mais \u00e9galement pour un faible co\u00fbt total de possession du c\u00f4t\u00e9 administratif. Cet outil est sp\u00e9cialement con\u00e7u pour les services d'incendie d'aujourd'hui.<\/p>","protected":false},"featured_media":3374,"template":"","meta":[],"product_brand":[201],"product_cat":[51,134],"product_tag":[265,413],"class_list":{"0":"post-3449","1":"product","2":"type-product","3":"status-publish","4":"has-post-thumbnail","6":"product_brand-bullard","7":"product_cat-rescue","8":"product_cat-thermal-imaging","9":"product_tag-bullard","10":"product_tag-tic","12":"first","13":"instock","14":"shipping-taxable","15":"product-type-simple"},"yoast_head":"<!-- This site is optimized with the Yoast SEO plugin v27.4 - https:\/\/yoast.com\/product\/yoast-seo-wordpress\/ -->\n<title>QXT Thermal Imager - Safety Source Fire<\/title>\n<meta name=\"robots\" content=\"index, follow, max-snippet:-1, max-image-preview:large, max-video-preview:-1\" \/>\n<link rel=\"canonical\" href=\"https:\/\/safetysourcefire.ca\/fr\/produit\/qxt-thermal-imager\/\" \/>\n<meta property=\"og:locale\" content=\"fr_CA\" \/>\n<meta property=\"og:type\" content=\"article\" \/>\n<meta property=\"og:title\" content=\"QXT Thermal Imager - Safety Source Fire\" \/>\n<meta property=\"og:description\" content=\"The Bullard QXT is designed not only for long-lasting service on the front line but also low total cost of ownership in the back office. It is purpose-built for today\u2019s fire service including the industry\u2019s:\" \/>\n<meta property=\"og:url\" content=\"https:\/\/safetysourcefire.ca\/fr\/produit\/qxt-thermal-imager\/\" \/>\n<meta property=\"og:site_name\" content=\"Safety Source Fire\" \/>\n<meta property=\"article:publisher\" content=\"https:\/\/www.facebook.com\/mmfssca\" \/>\n<meta property=\"article:modified_time\" content=\"2019-03-26T13:34:04+00:00\" \/>\n<meta property=\"og:image\" content=\"https:\/\/safetysourcefire.ca\/wp-content\/uploads\/2017\/06\/QXT.jpg\" \/>\n\t<meta property=\"og:image:width\" content=\"600\" \/>\n\t<meta property=\"og:image:height\" content=\"600\" \/>\n\t<meta property=\"og:image:type\" content=\"image\/jpeg\" \/>\n<meta name=\"twitter:card\" content=\"summary_large_image\" \/>\n<meta name=\"twitter:site\" content=\"@mmfssca\" \/>\n<meta name=\"twitter:label1\" content=\"Estimation du temps de lecture\" \/>\n\t<meta name=\"twitter:data1\" content=\"1 minute\" \/>\n<script type=\"application\/ld+json\" class=\"yoast-schema-graph\">{\"@context\":\"https:\\\/\\\/schema.org\",\"@graph\":[{\"@type\":\"WebPage\",\"@id\":\"https:\\\/\\\/safetysourcefire.ca\\\/product\\\/qxt-thermal-imager\\\/\",\"url\":\"https:\\\/\\\/safetysourcefire.ca\\\/product\\\/qxt-thermal-imager\\\/\",\"name\":\"QXT Thermal Imager - Safety Source Fire\",\"isPartOf\":{\"@id\":\"https:\\\/\\\/safetysourcefire.ca\\\/#website\"},\"primaryImageOfPage\":{\"@id\":\"https:\\\/\\\/safetysourcefire.ca\\\/product\\\/qxt-thermal-imager\\\/#primaryimage\"},\"image\":{\"@id\":\"https:\\\/\\\/safetysourcefire.ca\\\/product\\\/qxt-thermal-imager\\\/#primaryimage\"},\"thumbnailUrl\":\"https:\\\/\\\/safetysourcefire.ca\\\/wp-content\\\/uploads\\\/2017\\\/06\\\/QXT.jpg\",\"datePublished\":\"2017-06-20T22:26:41+00:00\",\"dateModified\":\"2019-03-26T13:34:04+00:00\",\"breadcrumb\":{\"@id\":\"https:\\\/\\\/safetysourcefire.ca\\\/product\\\/qxt-thermal-imager\\\/#breadcrumb\"},\"inLanguage\":\"fr-CA\",\"potentialAction\":[{\"@type\":\"ReadAction\",\"target\":[\"https:\\\/\\\/safetysourcefire.ca\\\/product\\\/qxt-thermal-imager\\\/\"]}]},{\"@type\":\"ImageObject\",\"inLanguage\":\"fr-CA\",\"@id\":\"https:\\\/\\\/safetysourcefire.ca\\\/product\\\/qxt-thermal-imager\\\/#primaryimage\",\"url\":\"https:\\\/\\\/safetysourcefire.ca\\\/wp-content\\\/uploads\\\/2017\\\/06\\\/QXT.jpg\",\"contentUrl\":\"https:\\\/\\\/safetysourcefire.ca\\\/wp-content\\\/uploads\\\/2017\\\/06\\\/QXT.jpg\",\"width\":600,\"height\":600,\"caption\":\"thermal imager\"},{\"@type\":\"BreadcrumbList\",\"@id\":\"https:\\\/\\\/safetysourcefire.ca\\\/product\\\/qxt-thermal-imager\\\/#breadcrumb\",\"itemListElement\":[{\"@type\":\"ListItem\",\"position\":1,\"name\":\"Home\",\"item\":\"https:\\\/\\\/safetysourcefire.ca\\\/\"},{\"@type\":\"ListItem\",\"position\":2,\"name\":\"Products\",\"item\":\"https:\\\/\\\/safetysourcefire.ca\\\/shop\\\/\"},{\"@type\":\"ListItem\",\"position\":3,\"name\":\"QXT Thermal Imager\"}]},{\"@type\":\"WebSite\",\"@id\":\"https:\\\/\\\/safetysourcefire.ca\\\/#website\",\"url\":\"https:\\\/\\\/safetysourcefire.ca\\\/\",\"name\":\"Safety Source Fire\",\"description\":\"\",\"publisher\":{\"@id\":\"https:\\\/\\\/safetysourcefire.ca\\\/#organization\"},\"potentialAction\":[{\"@type\":\"SearchAction\",\"target\":{\"@type\":\"EntryPoint\",\"urlTemplate\":\"https:\\\/\\\/safetysourcefire.ca\\\/?s={search_term_string}\"},\"query-input\":{\"@type\":\"PropertyValueSpecification\",\"valueRequired\":true,\"valueName\":\"search_term_string\"}}],\"inLanguage\":\"fr-CA\"},{\"@type\":\"Organization\",\"@id\":\"https:\\\/\\\/safetysourcefire.ca\\\/#organization\",\"name\":\"Safety Source Fire\",\"url\":\"https:\\\/\\\/safetysourcefire.ca\\\/\",\"logo\":{\"@type\":\"ImageObject\",\"inLanguage\":\"fr-CA\",\"@id\":\"https:\\\/\\\/safetysourcefire.ca\\\/#\\\/schema\\\/logo\\\/image\\\/\",\"url\":\"https:\\\/\\\/safetysourcefire.ca\\\/wp-content\\\/uploads\\\/2021\\\/01\\\/SSF_logo_CC0000-3.png\",\"contentUrl\":\"https:\\\/\\\/safetysourcefire.ca\\\/wp-content\\\/uploads\\\/2021\\\/01\\\/SSF_logo_CC0000-3.png\",\"width\":1107,\"height\":365,\"caption\":\"Safety Source Fire\"},\"image\":{\"@id\":\"https:\\\/\\\/safetysourcefire.ca\\\/#\\\/schema\\\/logo\\\/image\\\/\"},\"sameAs\":[\"https:\\\/\\\/www.facebook.com\\\/mmfssca\",\"https:\\\/\\\/x.com\\\/mmfssca\"]}]}<\/script>\n<!-- \/ Yoast SEO plugin. -->","yoast_head_json":{"title":"Imageur thermique QXT - Incendie de source de s\u00e9curit\u00e9","robots":{"index":"index","follow":"follow","max-snippet":"max-snippet:-1","max-image-preview":"max-image-preview:large","max-video-preview":"max-video-preview:-1"},"canonical":"https:\/\/safetysourcefire.ca\/fr\/produit\/qxt-thermal-imager\/","og_locale":"fr_CA","og_type":"article","og_title":"QXT Thermal Imager - Safety Source Fire","og_description":"The Bullard QXT is designed not only for long-lasting service on the front line but also low total cost of ownership in the back office. It is purpose-built for today\u2019s fire service including the industry\u2019s:","og_url":"https:\/\/safetysourcefire.ca\/fr\/produit\/qxt-thermal-imager\/","og_site_name":"Safety Source Fire","article_publisher":"https:\/\/www.facebook.com\/mmfssca","article_modified_time":"2019-03-26T13:34:04+00:00","og_image":[{"width":600,"height":600,"url":"https:\/\/safetysourcefire.ca\/wp-content\/uploads\/2017\/06\/QXT.jpg","type":"image\/jpeg"}],"twitter_card":"summary_large_image","twitter_site":"@mmfssca","twitter_misc":{"Estimation du temps de lecture":"1 minute"},"schema":{"@context":"https:\/\/schema.org","@graph":[{"@type":"WebPage","@id":"https:\/\/safetysourcefire.ca\/product\/qxt-thermal-imager\/","url":"https:\/\/safetysourcefire.ca\/product\/qxt-thermal-imager\/","name":"Imageur thermique QXT - Incendie de source de s\u00e9curit\u00e9","isPartOf":{"@id":"https:\/\/safetysourcefire.ca\/#website"},"primaryImageOfPage":{"@id":"https:\/\/safetysourcefire.ca\/product\/qxt-thermal-imager\/#primaryimage"},"image":{"@id":"https:\/\/safetysourcefire.ca\/product\/qxt-thermal-imager\/#primaryimage"},"thumbnailUrl":"https:\/\/safetysourcefire.ca\/wp-content\/uploads\/2017\/06\/QXT.jpg","datePublished":"2017-06-20T22:26:41+00:00","dateModified":"2019-03-26T13:34:04+00:00","breadcrumb":{"@id":"https:\/\/safetysourcefire.ca\/product\/qxt-thermal-imager\/#breadcrumb"},"inLanguage":"fr-CA","potentialAction":[{"@type":"ReadAction","target":["https:\/\/safetysourcefire.ca\/product\/qxt-thermal-imager\/"]}]},{"@type":"ImageObject","inLanguage":"fr-CA","@id":"https:\/\/safetysourcefire.ca\/product\/qxt-thermal-imager\/#primaryimage","url":"https:\/\/safetysourcefire.ca\/wp-content\/uploads\/2017\/06\/QXT.jpg","contentUrl":"https:\/\/safetysourcefire.ca\/wp-content\/uploads\/2017\/06\/QXT.jpg","width":600,"height":600,"caption":"thermal imager"},{"@type":"BreadcrumbList","@id":"https:\/\/safetysourcefire.ca\/product\/qxt-thermal-imager\/#breadcrumb","itemListElement":[{"@type":"ListItem","position":1,"name":"Home","item":"https:\/\/safetysourcefire.ca\/"},{"@type":"ListItem","position":2,"name":"Products","item":"https:\/\/safetysourcefire.ca\/shop\/"},{"@type":"ListItem","position":3,"name":"QXT Thermal Imager"}]},{"@type":"WebSite","@id":"https:\/\/safetysourcefire.ca\/#website","url":"https:\/\/safetysourcefire.ca\/","name":"Safety Source Fire","description":"","publisher":{"@id":"https:\/\/safetysourcefire.ca\/#organization"},"potentialAction":[{"@type":"SearchAction","target":{"@type":"EntryPoint","urlTemplate":"https:\/\/safetysourcefire.ca\/?s={search_term_string}"},"query-input":{"@type":"PropertyValueSpecification","valueRequired":true,"valueName":"search_term_string"}}],"inLanguage":"fr-CA"},{"@type":"Organization","@id":"https:\/\/safetysourcefire.ca\/#organization","name":"Safety Source Fire","url":"https:\/\/safetysourcefire.ca\/","logo":{"@type":"ImageObject","inLanguage":"fr-CA","@id":"https:\/\/safetysourcefire.ca\/#\/schema\/logo\/image\/","url":"https:\/\/safetysourcefire.ca\/wp-content\/uploads\/2021\/01\/SSF_logo_CC0000-3.png","contentUrl":"https:\/\/safetysourcefire.ca\/wp-content\/uploads\/2021\/01\/SSF_logo_CC0000-3.png","width":1107,"height":365,"caption":"Safety Source Fire"},"image":{"@id":"https:\/\/safetysourcefire.ca\/#\/schema\/logo\/image\/"},"sameAs":["https:\/\/www.facebook.com\/mmfssca","https:\/\/x.com\/mmfssca"]}]}},"_links":{"self":[{"href":"https:\/\/safetysourcefire.ca\/fr\/wp-json\/wp\/v2\/product\/3449","targetHints":{"allow":["GET"]}}],"collection":[{"href":"https:\/\/safetysourcefire.ca\/fr\/wp-json\/wp\/v2\/product"}],"about":[{"href":"https:\/\/safetysourcefire.ca\/fr\/wp-json\/wp\/v2\/types\/product"}],"wp:featuredmedia":[{"embeddable":true,"href":"https:\/\/safetysourcefire.ca\/fr\/wp-json\/wp\/v2\/media\/3374"}],"wp:attachment":[{"href":"https:\/\/safetysourcefire.ca\/fr\/wp-json\/wp\/v2\/media?parent=3449"}],"wp:term":[{"taxonomy":"product_brand","embeddable":true,"href":"https:\/\/safetysourcefire.ca\/fr\/wp-json\/wp\/v2\/product_brand?post=3449"},{"taxonomy":"product_cat","embeddable":true,"href":"https:\/\/safetysourcefire.ca\/fr\/wp-json\/wp\/v2\/product_cat?post=3449"},{"taxonomy":"product_tag","embeddable":true,"href":"https:\/\/safetysourcefire.ca\/fr\/wp-json\/wp\/v2\/product_tag?post=3449"}],"curies":[{"name":"wp","href":"https:\/\/api.w.org\/{rel}","templated":true}]}}