{"id":3457,"date":"2017-06-20T22:44:47","date_gmt":"2017-06-20T22:44:47","guid":{"rendered":"http:\/\/mmfss.ca\/?post_type=product&#038;p=3457"},"modified":"2018-03-19T13:03:07","modified_gmt":"2018-03-19T13:03:07","slug":"scenecatcher-handle-digital-video-recorder","status":"publish","type":"product","link":"https:\/\/safetysourcefire.ca\/fr\/produit\/scenecatcher-handle-digital-video-recorder\/","title":{"rendered":"Enregistreur vid\u00e9o num\u00e9rique int\u00e9gr\u00e9 SceneCatcher"},"content":{"rendered":"<p>Les images \u00e0 plus haute r\u00e9solution et les fr\u00e9quences d'images plus rapides rendent l'exp\u00e9rience de visionnement encore plus r\u00e9aliste. De plus, le transfert de fichiers vers votre PC est maintenant plus rapide que jamais gr\u00e2ce \u00e0 la mise \u00e0 jour technologique USB 2.0. La connexion pratique mini-USB vers USB ainsi que l'interface ''Plug and Play'' vous permettent d'\u00e9viter toute installation compliqu\u00e9e.*<\/p>\n<p>* Aucun logiciel de visualisation s\u00e9par\u00e9 n'est requis. Les images et les vid\u00e9os peuvent \u00eatre visualis\u00e9es \u00e0 l'aide de programmes tels que Windows\u00ae Picture, Fax Viewer et Windows\u00ae Media Player.<\/p>\n<p><strong>Regardez l'action<\/strong><\/p>\n<ul>\n<li>Poign\u00e9e robuste<\/li>\n<li>Parfaite pour les cam\u00e9ras thermiques des s\u00e9ries T3 et T4<\/li>\n<\/ul>\n<p><strong>Enregistrez la s\u00e9quence<\/strong><\/p>\n<ul>\n<li>Capturez des images ou des vid\u00e9os tout en transmettant une vid\u00e9o par technologie sans fil<\/li>\n<li>Capturez jusqu'\u00e0 cinq heures de vid\u00e9o et des centaines d'images fixes<\/li>\n<\/ul>\n<p><strong>Transferts faciles<\/strong><\/p>\n<ul>\n<li>T\u00e9l\u00e9chargez facilement des images et des vid\u00e9os via une connexion USB<\/li>\n<li>\u00c9metteur pouvant transmettre jusqu'\u00e0 600 pieds (en option)<\/li>\n<\/ul>\n<p>Le SceneCatcher permet aux pompiers de prendre \u00e0 la fois des vid\u00e9os et des images fixes \u00e0 partir des cam\u00e9ras thermiques Bullard T3 et T4. Ce nouvel outil permet une meilleure compr\u00e9hension de la propagation du feu et de l'activit\u00e9 thermique. Il peut aussi aider lors de la r\u00e9vision. Pour une utilisation autonome ou coupl\u00e9 \u00e0 un \u00e9metteur Bullard, le SceneCatcher vous permet d'archiver les incidents sans en oublier les moindres d\u00e9tails. L'unit\u00e9 se monte facilement sur les cam\u00e9ras thermiques Bullard T3 et T4.<\/p>\n<table>\n<tbody>\n<tr>\n<td colspan=\"2\"><strong>Sp\u00e9cifications techniques du SceneCatcher<\/strong><\/td>\n<\/tr>\n<tr>\n<td>Format vid\u00e9o : NTSC<br \/>\nType de fichier vid\u00e9o : AVI<br \/>\nTaille de l&#039;image vid\u00e9o : 640 x 480<br \/>\nDur\u00e9e d&#039;enregistrement vid\u00e9o\u00a0: 5\u00a0heures<\/td>\n<td>Exportation d&#039;images fixes\u00a0: JPEG<br \/>\nR\u00e9solution d&#039;image fixe : 640 x 480<br \/>\nCapacit\u00e9 d&#039;images fixes : 300 images*<br \/>\nConnexion : mini-USB vers USB<\/td>\n<\/tr>\n<tr>\n<td colspan=\"2\"><strong>Sp\u00e9cifications techniques du transmetteur<\/strong><\/td>\n<\/tr>\n<tr>\n<td>Montage : Externe<br \/>\nType d'antenne : Dipolaire<br \/>\nPuissance de sortie\u00a0: 750\u00a0mW<br \/>\nConsommation \u00e9lectrique : 2,6 W<br \/>\nPort\u00e9e nominale : 600 pieds (avec construction de cadre typique)<\/td>\n<td>Type de signal\u00a0: analogique<br \/>\nFr\u00e9quence de transmission\u00a0: 2,4\u00a0GHz<br \/>\nAlimentation : Interne<br \/>\nLicence FCC : Partie 90<br \/>\n* Tout en gardant 5 heures de vid\u00e9o : peut enregistrer jusqu'\u00e0 80 000 images sans vid\u00e9o<\/td>\n<\/tr>\n<\/tbody>\n<\/table>\n<p><strong>\u00c0 NOTER:<\/strong><br \/>\nLa poign\u00e9e d'enregistrement SceneCatcher peut \u00e9galement inclure un \u00e9metteur. Avec l'\u00e9metteur \u00e0 deux canaux en option, les utilisateurs peuvent enregistrer des images et des vid\u00e9os et les transmettre simultan\u00e9ment \u00e0 un ou plusieurs appareils de r\u00e9ception, tels que le r\u00e9cepteur portable Bullard MobileLink ou le Mobile Command Center. Vous utilisez d\u00e9j\u00e0 un \u00e9metteur Bullard ? Vous pouvez mettre \u00e0 niveau votre poign\u00e9e d'\u00e9metteur pour inclure le SceneCatcher.<\/p>","protected":false},"excerpt":{"rendered":"<p>SceneCatcher fournit aux pompiers la technologie et les capacit\u00e9s n\u00e9cessaires pour enregistrer des vid\u00e9os et des images fixes d'imagerie thermique vitales. Avec la capacit\u00e9 d'enregistrer jusqu'\u00e0 cinq heures de vid\u00e9os et des centaines d'images fixes, SceneCatcher documente tout ce que vous vivez sur le terrain.<\/p>","protected":false},"featured_media":3376,"template":"","meta":[],"product_brand":[201],"product_cat":[51,134],"product_tag":[265],"class_list":{"0":"post-3457","1":"product","2":"type-product","3":"status-publish","4":"has-post-thumbnail","6":"product_brand-bullard","7":"product_cat-rescue","8":"product_cat-thermal-imaging","9":"product_tag-bullard","11":"first","12":"instock","13":"shipping-taxable","14":"product-type-simple"},"yoast_head":"<!-- This site is optimized with the Yoast SEO plugin v27.4 - https:\/\/yoast.com\/product\/yoast-seo-wordpress\/ -->\n<title>SceneCatcher In-Handle Digital Video Recorder - Safety Source Fire<\/title>\n<meta name=\"robots\" content=\"index, follow, max-snippet:-1, max-image-preview:large, max-video-preview:-1\" \/>\n<link rel=\"canonical\" href=\"https:\/\/safetysourcefire.ca\/fr\/produit\/scenecatcher-handle-digital-video-recorder\/\" \/>\n<meta property=\"og:locale\" content=\"fr_CA\" \/>\n<meta property=\"og:type\" content=\"article\" \/>\n<meta property=\"og:title\" content=\"SceneCatcher In-Handle Digital Video Recorder - Safety Source Fire\" \/>\n<meta property=\"og:description\" content=\"SceneCatcher provides firefighters the technology and capability needed for recording and storing vital thermal imaging video and still images. Now, with capacity to record five hours of video and hundreds of still images, SceneCatcher documents everything you need on the fire ground.\" \/>\n<meta property=\"og:url\" content=\"https:\/\/safetysourcefire.ca\/fr\/produit\/scenecatcher-handle-digital-video-recorder\/\" \/>\n<meta property=\"og:site_name\" content=\"Safety Source Fire\" \/>\n<meta property=\"article:publisher\" content=\"https:\/\/www.facebook.com\/mmfssca\" \/>\n<meta property=\"article:modified_time\" content=\"2018-03-19T13:03:07+00:00\" \/>\n<meta property=\"og:image\" content=\"https:\/\/safetysourcefire.ca\/wp-content\/uploads\/2017\/06\/SceneCatcher.jpg\" \/>\n\t<meta property=\"og:image:width\" content=\"600\" \/>\n\t<meta property=\"og:image:height\" content=\"600\" \/>\n\t<meta property=\"og:image:type\" content=\"image\/jpeg\" \/>\n<meta name=\"twitter:card\" content=\"summary_large_image\" \/>\n<meta name=\"twitter:site\" content=\"@mmfssca\" \/>\n<meta name=\"twitter:label1\" content=\"Estimation du temps de lecture\" \/>\n\t<meta name=\"twitter:data1\" content=\"2 minutes\" \/>\n<script type=\"application\/ld+json\" class=\"yoast-schema-graph\">{\"@context\":\"https:\\\/\\\/schema.org\",\"@graph\":[{\"@type\":\"WebPage\",\"@id\":\"https:\\\/\\\/safetysourcefire.ca\\\/product\\\/scenecatcher-handle-digital-video-recorder\\\/\",\"url\":\"https:\\\/\\\/safetysourcefire.ca\\\/product\\\/scenecatcher-handle-digital-video-recorder\\\/\",\"name\":\"SceneCatcher In-Handle Digital Video Recorder - Safety Source Fire\",\"isPartOf\":{\"@id\":\"https:\\\/\\\/safetysourcefire.ca\\\/#website\"},\"primaryImageOfPage\":{\"@id\":\"https:\\\/\\\/safetysourcefire.ca\\\/product\\\/scenecatcher-handle-digital-video-recorder\\\/#primaryimage\"},\"image\":{\"@id\":\"https:\\\/\\\/safetysourcefire.ca\\\/product\\\/scenecatcher-handle-digital-video-recorder\\\/#primaryimage\"},\"thumbnailUrl\":\"https:\\\/\\\/safetysourcefire.ca\\\/wp-content\\\/uploads\\\/2017\\\/06\\\/SceneCatcher.jpg\",\"datePublished\":\"2017-06-20T22:44:47+00:00\",\"dateModified\":\"2018-03-19T13:03:07+00:00\",\"breadcrumb\":{\"@id\":\"https:\\\/\\\/safetysourcefire.ca\\\/product\\\/scenecatcher-handle-digital-video-recorder\\\/#breadcrumb\"},\"inLanguage\":\"fr-CA\",\"potentialAction\":[{\"@type\":\"ReadAction\",\"target\":[\"https:\\\/\\\/safetysourcefire.ca\\\/product\\\/scenecatcher-handle-digital-video-recorder\\\/\"]}]},{\"@type\":\"ImageObject\",\"inLanguage\":\"fr-CA\",\"@id\":\"https:\\\/\\\/safetysourcefire.ca\\\/product\\\/scenecatcher-handle-digital-video-recorder\\\/#primaryimage\",\"url\":\"https:\\\/\\\/safetysourcefire.ca\\\/wp-content\\\/uploads\\\/2017\\\/06\\\/SceneCatcher.jpg\",\"contentUrl\":\"https:\\\/\\\/safetysourcefire.ca\\\/wp-content\\\/uploads\\\/2017\\\/06\\\/SceneCatcher.jpg\",\"width\":600,\"height\":600,\"caption\":\"handle\"},{\"@type\":\"BreadcrumbList\",\"@id\":\"https:\\\/\\\/safetysourcefire.ca\\\/product\\\/scenecatcher-handle-digital-video-recorder\\\/#breadcrumb\",\"itemListElement\":[{\"@type\":\"ListItem\",\"position\":1,\"name\":\"Home\",\"item\":\"https:\\\/\\\/safetysourcefire.ca\\\/\"},{\"@type\":\"ListItem\",\"position\":2,\"name\":\"Products\",\"item\":\"https:\\\/\\\/safetysourcefire.ca\\\/shop\\\/\"},{\"@type\":\"ListItem\",\"position\":3,\"name\":\"SceneCatcher In-Handle Digital Video Recorder\"}]},{\"@type\":\"WebSite\",\"@id\":\"https:\\\/\\\/safetysourcefire.ca\\\/#website\",\"url\":\"https:\\\/\\\/safetysourcefire.ca\\\/\",\"name\":\"Safety Source Fire\",\"description\":\"\",\"publisher\":{\"@id\":\"https:\\\/\\\/safetysourcefire.ca\\\/#organization\"},\"potentialAction\":[{\"@type\":\"SearchAction\",\"target\":{\"@type\":\"EntryPoint\",\"urlTemplate\":\"https:\\\/\\\/safetysourcefire.ca\\\/?s={search_term_string}\"},\"query-input\":{\"@type\":\"PropertyValueSpecification\",\"valueRequired\":true,\"valueName\":\"search_term_string\"}}],\"inLanguage\":\"fr-CA\"},{\"@type\":\"Organization\",\"@id\":\"https:\\\/\\\/safetysourcefire.ca\\\/#organization\",\"name\":\"Safety Source Fire\",\"url\":\"https:\\\/\\\/safetysourcefire.ca\\\/\",\"logo\":{\"@type\":\"ImageObject\",\"inLanguage\":\"fr-CA\",\"@id\":\"https:\\\/\\\/safetysourcefire.ca\\\/#\\\/schema\\\/logo\\\/image\\\/\",\"url\":\"https:\\\/\\\/safetysourcefire.ca\\\/wp-content\\\/uploads\\\/2021\\\/01\\\/SSF_logo_CC0000-3.png\",\"contentUrl\":\"https:\\\/\\\/safetysourcefire.ca\\\/wp-content\\\/uploads\\\/2021\\\/01\\\/SSF_logo_CC0000-3.png\",\"width\":1107,\"height\":365,\"caption\":\"Safety Source Fire\"},\"image\":{\"@id\":\"https:\\\/\\\/safetysourcefire.ca\\\/#\\\/schema\\\/logo\\\/image\\\/\"},\"sameAs\":[\"https:\\\/\\\/www.facebook.com\\\/mmfssca\",\"https:\\\/\\\/x.com\\\/mmfssca\"]}]}<\/script>\n<!-- \/ Yoast SEO plugin. -->","yoast_head_json":{"title":"Enregistreur vid\u00e9o num\u00e9rique SceneCatcher avec poign\u00e9e - Safety Source Fire","robots":{"index":"index","follow":"follow","max-snippet":"max-snippet:-1","max-image-preview":"max-image-preview:large","max-video-preview":"max-video-preview:-1"},"canonical":"https:\/\/safetysourcefire.ca\/fr\/produit\/scenecatcher-handle-digital-video-recorder\/","og_locale":"fr_CA","og_type":"article","og_title":"SceneCatcher In-Handle Digital Video Recorder - Safety Source Fire","og_description":"SceneCatcher provides firefighters the technology and capability needed for recording and storing vital thermal imaging video and still images. Now, with capacity to record five hours of video and hundreds of still images, SceneCatcher documents everything you need on the fire ground.","og_url":"https:\/\/safetysourcefire.ca\/fr\/produit\/scenecatcher-handle-digital-video-recorder\/","og_site_name":"Safety Source Fire","article_publisher":"https:\/\/www.facebook.com\/mmfssca","article_modified_time":"2018-03-19T13:03:07+00:00","og_image":[{"width":600,"height":600,"url":"https:\/\/safetysourcefire.ca\/wp-content\/uploads\/2017\/06\/SceneCatcher.jpg","type":"image\/jpeg"}],"twitter_card":"summary_large_image","twitter_site":"@mmfssca","twitter_misc":{"Estimation du temps de lecture":"2 minutes"},"schema":{"@context":"https:\/\/schema.org","@graph":[{"@type":"WebPage","@id":"https:\/\/safetysourcefire.ca\/product\/scenecatcher-handle-digital-video-recorder\/","url":"https:\/\/safetysourcefire.ca\/product\/scenecatcher-handle-digital-video-recorder\/","name":"Enregistreur vid\u00e9o num\u00e9rique SceneCatcher avec poign\u00e9e - Safety Source Fire","isPartOf":{"@id":"https:\/\/safetysourcefire.ca\/#website"},"primaryImageOfPage":{"@id":"https:\/\/safetysourcefire.ca\/product\/scenecatcher-handle-digital-video-recorder\/#primaryimage"},"image":{"@id":"https:\/\/safetysourcefire.ca\/product\/scenecatcher-handle-digital-video-recorder\/#primaryimage"},"thumbnailUrl":"https:\/\/safetysourcefire.ca\/wp-content\/uploads\/2017\/06\/SceneCatcher.jpg","datePublished":"2017-06-20T22:44:47+00:00","dateModified":"2018-03-19T13:03:07+00:00","breadcrumb":{"@id":"https:\/\/safetysourcefire.ca\/product\/scenecatcher-handle-digital-video-recorder\/#breadcrumb"},"inLanguage":"fr-CA","potentialAction":[{"@type":"ReadAction","target":["https:\/\/safetysourcefire.ca\/product\/scenecatcher-handle-digital-video-recorder\/"]}]},{"@type":"ImageObject","inLanguage":"fr-CA","@id":"https:\/\/safetysourcefire.ca\/product\/scenecatcher-handle-digital-video-recorder\/#primaryimage","url":"https:\/\/safetysourcefire.ca\/wp-content\/uploads\/2017\/06\/SceneCatcher.jpg","contentUrl":"https:\/\/safetysourcefire.ca\/wp-content\/uploads\/2017\/06\/SceneCatcher.jpg","width":600,"height":600,"caption":"handle"},{"@type":"BreadcrumbList","@id":"https:\/\/safetysourcefire.ca\/product\/scenecatcher-handle-digital-video-recorder\/#breadcrumb","itemListElement":[{"@type":"ListItem","position":1,"name":"Home","item":"https:\/\/safetysourcefire.ca\/"},{"@type":"ListItem","position":2,"name":"Products","item":"https:\/\/safetysourcefire.ca\/shop\/"},{"@type":"ListItem","position":3,"name":"SceneCatcher In-Handle Digital Video Recorder"}]},{"@type":"WebSite","@id":"https:\/\/safetysourcefire.ca\/#website","url":"https:\/\/safetysourcefire.ca\/","name":"Safety Source Fire","description":"","publisher":{"@id":"https:\/\/safetysourcefire.ca\/#organization"},"potentialAction":[{"@type":"SearchAction","target":{"@type":"EntryPoint","urlTemplate":"https:\/\/safetysourcefire.ca\/?s={search_term_string}"},"query-input":{"@type":"PropertyValueSpecification","valueRequired":true,"valueName":"search_term_string"}}],"inLanguage":"fr-CA"},{"@type":"Organization","@id":"https:\/\/safetysourcefire.ca\/#organization","name":"Safety Source Fire","url":"https:\/\/safetysourcefire.ca\/","logo":{"@type":"ImageObject","inLanguage":"fr-CA","@id":"https:\/\/safetysourcefire.ca\/#\/schema\/logo\/image\/","url":"https:\/\/safetysourcefire.ca\/wp-content\/uploads\/2021\/01\/SSF_logo_CC0000-3.png","contentUrl":"https:\/\/safetysourcefire.ca\/wp-content\/uploads\/2021\/01\/SSF_logo_CC0000-3.png","width":1107,"height":365,"caption":"Safety Source Fire"},"image":{"@id":"https:\/\/safetysourcefire.ca\/#\/schema\/logo\/image\/"},"sameAs":["https:\/\/www.facebook.com\/mmfssca","https:\/\/x.com\/mmfssca"]}]}},"_links":{"self":[{"href":"https:\/\/safetysourcefire.ca\/fr\/wp-json\/wp\/v2\/product\/3457","targetHints":{"allow":["GET"]}}],"collection":[{"href":"https:\/\/safetysourcefire.ca\/fr\/wp-json\/wp\/v2\/product"}],"about":[{"href":"https:\/\/safetysourcefire.ca\/fr\/wp-json\/wp\/v2\/types\/product"}],"wp:featuredmedia":[{"embeddable":true,"href":"https:\/\/safetysourcefire.ca\/fr\/wp-json\/wp\/v2\/media\/3376"}],"wp:attachment":[{"href":"https:\/\/safetysourcefire.ca\/fr\/wp-json\/wp\/v2\/media?parent=3457"}],"wp:term":[{"taxonomy":"product_brand","embeddable":true,"href":"https:\/\/safetysourcefire.ca\/fr\/wp-json\/wp\/v2\/product_brand?post=3457"},{"taxonomy":"product_cat","embeddable":true,"href":"https:\/\/safetysourcefire.ca\/fr\/wp-json\/wp\/v2\/product_cat?post=3457"},{"taxonomy":"product_tag","embeddable":true,"href":"https:\/\/safetysourcefire.ca\/fr\/wp-json\/wp\/v2\/product_tag?post=3457"}],"curies":[{"name":"wp","href":"https:\/\/api.w.org\/{rel}","templated":true}]}}