{"id":350,"date":"2018-12-11T07:00:58","date_gmt":"2018-12-11T07:00:58","guid":{"rendered":"http:\/\/mmfss.ca\/?post_type=product&#038;p=350"},"modified":"2020-07-15T13:42:57","modified_gmt":"2020-07-15T13:42:57","slug":"streamlight-survivor-led","status":"publish","type":"product","link":"https:\/\/safetysourcefire.ca\/fr\/produit\/streamlight-survivor-led\/","title":{"rendered":"DEL Survivor\u00ae"},"content":{"rendered":"<p>Obtenez un \u00e9clairage encore plus performant avec l'option Smoke Cutter<sup>\u00ae<\/sup>\u00a0(en option), et des prises qui vous permettent de personnaliser le faisceau selon vos pr\u00e9f\u00e9rences, sans modifier le rendement lumineux. Nous avons \u00e9galement repens\u00e9 l'attache et ajout\u00e9 un anneau en D renforc\u00e9 pour que votre lumi\u00e8re pende vers l'avant.<\/p>\n<p>Cat\u00e9goris\u00e9e classe 1, Div. 1<\/p>\n<ul>\n<li>Disponible en mod\u00e8les rechargeables et alcalins<\/li>\n<li>Caract\u00e9ristiques C4<sup>\u00ae<\/sup>\u00a0Technologie LED avec quatre modes d&#039;\u00e9clairage :\n<ul>\n<li><u>Mod\u00e8le rechargeable :<\/u>\n<ul>\n<li>\u00c9lev\u00e9 pour un faisceau ultra-lumineux qui transperce la fum\u00e9e\u00a0: 41\u00a0000 candelas\u00a0; 175 lumens\u00a0; distance de faisceau de 405 m; fonctionne 3,5 heures<\/li>\n<li>Faible pour une lumi\u00e8re vive et une dur\u00e9e de fonctionnement plus longue\u00a0: 14\u00a0000 candelas\u00a0; 60 lumens ; distance de faisceau de 237 m; fonctionne 13 heures (NiCd)<\/li>\n<li>Clignotant pour la signalisation : fonctionne 8 heures<\/li>\n<li>Le mode ''clair de lune'' fournit un \u00e9clairage de faible niveau pour la conservation de la batterie : fonctionne 20 jours<\/li>\n<\/ul>\n<\/li>\n<li><u>Mod\u00e8le alcalin\u00a0:<\/u>\n<ul>\n<li>\u00c9lev\u00e9 pour un faisceau ultra-lumineux qui transperce la fum\u00e9e : 41 000 candelas ; 175 lumens ; distance de faisceau de 405 m; fonctionne 4 heures<\/li>\n<li>Faible pour une lumi\u00e8re vive et une dur\u00e9e de fonctionnement plus longue\u00a0: 14\u00a0000 candelas\u00a0; 60 lumens ; distance de faisceau de 237 m; fonctionne 15 heures<\/li>\n<li>Clignotant pour la signalisation : fonctionne 8 heures<\/li>\n<li>Le mode ''clair de lune'' fournit un \u00e9clairage de faible niveau pour la conservation de la batterie : fonctionne 20 jours<\/li>\n<\/ul>\n<\/li>\n<\/ul>\n<\/li>\n<li>Con\u00e7ue sur mesure avec l'option Smoke Cutter<sup>\u00ae<\/sup>\u00a0. Prises diff\u00e9rentes pour les divers faisceaux :\n<ul>\n<li>La prise noire r\u00e9duit consid\u00e9rablement la lumi\u00e8re p\u00e9riph\u00e9rique pour un faisceau plus serr\u00e9<\/li>\n<li>La prise ambre r\u00e9duit la lumi\u00e8re p\u00e9riph\u00e9rique et la fatigue oculaire caus\u00e9es par l&#039;\u00e9blouissement<\/li>\n<li>En n&#039;utilisant aucune prise, vous obtenez le faisceau traditionnel de Survivor<\/li>\n<\/ul>\n<\/li>\n<li>L'attache \u00e0 ressort solide s'accroche en toute s\u00e9curit\u00e9 aux ceintures et \u00e0 l'\u00e9quipement\u00a0; L'anneau en D permet une orientation de suspension vers l'avant<\/li>\n<li>Intensit\u00e9 r\u00e9gul\u00e9e \u00e9lectroniquement<\/li>\n<li>La batterie NiCd rechargeable industrielle peut \u00eatre recharg\u00e9e jusqu&#039;\u00e0 1 000 fois. Accepte \u00e9galement quatre piles alcalines non rechargeables \u00ab\u00a0AA\u00a0\u00bb pour un remplacement rapide par des piles facilement disponibles.<\/li>\n<li>L&#039;interrupteur \u00e0 bouton-poussoir \u00e0 d\u00f4me en caoutchouc permet une utilisation facile m\u00eame avec des gants \u00e9pais; interrupteur \u00e0 bouton-poussoir soud\u00e9 par ultrasons con\u00e7u pour une dur\u00e9e de vie extr\u00eamement longue<\/li>\n<li>La construction en nylon permet une super r\u00e9sistance aux chocs et offre une durabilit\u00e9 exceptionnelle. Lentille en polycarbonate scell\u00e9e et incassable avec joint torique et rev\u00eatement en silicone anti-rayures. Assemblage robuste<\/li>\n<li>IPX4 r\u00e9sistant \u00e0 l'eau; R\u00e9sistance aux chocs de 2 m\u00e8tres (test\u00e9)<\/li>\n<li>S\u00e9rialis\u00e9 pour identification formelle<\/li>\n<li>H x L x P : 7,06\u2033 x 2,85\u2033 x 2,87\u2033 (17,92 x 7,24 x 7,29 cm) \u2014 Hauteur dans le chargeur : 8,67\u2033 (22,02 cm)<\/li>\n<li>Ni-Cd\u00a0: 1 lb 1,9 oz (508 g) Alcaline\u00a0: 13,1 oz (371 g)<\/li>\n<li>Couleurs disponibles: Orange s\u00e9curit\u00e9, jaune haute visibilit\u00e9 ou noir<\/li>\n<li>Assembl\u00e9 aux \u00c9tats-Unis<\/li>\n<\/ul>\n<p>&nbsp;<\/p>\n<p style=\"text-align: center;\"><iframe loading=\"lazy\" src=\"https:\/\/www.youtube.com\/embed\/ze0UKaB7qS4\" width=\"560\" height=\"315\" frameborder=\"0\" allowfullscreen=\"allowfullscreen\"><\/iframe><\/p>","protected":false},"excerpt":{"rendered":"<p>\u00c9clairage personnel \u00e0 angle droit \u00e0 haute cote de s\u00e9curit\u00e9. Le \u00abDEL Survivor\u00bb redessin\u00e9 dispose d'un boitier qui n'interf\u00e8re pas avec le reste de votre mat\u00e9riel ou \u00e9quipement.<\/p>","protected":false},"featured_media":1195,"template":"","meta":[],"product_brand":[144],"product_cat":[48,81],"product_tag":[394,351,350],"class_list":{"0":"post-350","1":"product","2":"type-product","3":"status-publish","4":"has-post-thumbnail","6":"product_brand-streamlight","7":"product_cat-lighting","8":"product_cat-personal-lighting","9":"product_tag-light","10":"product_tag-stream-light","11":"product_tag-streamlight","13":"first","14":"instock","15":"shipping-taxable","16":"product-type-simple"},"yoast_head":"<!-- This site is optimized with the Yoast SEO plugin v27.4 - https:\/\/yoast.com\/product\/yoast-seo-wordpress\/ -->\n<title>Survivor\u00ae LED - Safety Source Fire<\/title>\n<meta name=\"robots\" content=\"index, follow, max-snippet:-1, max-image-preview:large, max-video-preview:-1\" \/>\n<link rel=\"canonical\" href=\"https:\/\/safetysourcefire.ca\/fr\/?product=streamlight-survivor-led\" \/>\n<meta property=\"og:locale\" content=\"fr_CA\" \/>\n<meta property=\"og:type\" content=\"article\" \/>\n<meta property=\"og:title\" content=\"Survivor\u00ae LED - Safety Source Fire\" \/>\n<meta property=\"og:description\" content=\"Right-Angle, Safety-Rated Personal Light. The redesigned Survivor features a low-profile bezel that doesn\u2019t interfere with gear and equipment.\" \/>\n<meta property=\"og:url\" content=\"https:\/\/safetysourcefire.ca\/fr\/?product=streamlight-survivor-led\" \/>\n<meta property=\"og:site_name\" content=\"Safety Source Fire\" \/>\n<meta property=\"article:publisher\" content=\"https:\/\/www.facebook.com\/mmfssca\" \/>\n<meta property=\"article:modified_time\" content=\"2020-07-15T13:42:57+00:00\" \/>\n<meta property=\"og:image\" content=\"https:\/\/safetysourcefire.ca\/wp-content\/uploads\/2017\/05\/Survivor.jpg\" \/>\n\t<meta property=\"og:image:width\" content=\"600\" \/>\n\t<meta property=\"og:image:height\" content=\"600\" \/>\n\t<meta property=\"og:image:type\" content=\"image\/jpeg\" \/>\n<meta name=\"twitter:card\" content=\"summary_large_image\" \/>\n<meta name=\"twitter:site\" content=\"@mmfssca\" \/>\n<meta name=\"twitter:label1\" content=\"Estimation du temps de lecture\" \/>\n\t<meta name=\"twitter:data1\" content=\"2 minutes\" \/>\n<script type=\"application\/ld+json\" class=\"yoast-schema-graph\">{\"@context\":\"https:\\\/\\\/schema.org\",\"@graph\":[{\"@type\":\"WebPage\",\"@id\":\"https:\\\/\\\/safetysourcefire.ca\\\/?product=streamlight-survivor-led\",\"url\":\"https:\\\/\\\/safetysourcefire.ca\\\/?product=streamlight-survivor-led\",\"name\":\"Survivor\u00ae LED - Safety Source Fire\",\"isPartOf\":{\"@id\":\"https:\\\/\\\/safetysourcefire.ca\\\/#website\"},\"primaryImageOfPage\":{\"@id\":\"https:\\\/\\\/safetysourcefire.ca\\\/?product=streamlight-survivor-led#primaryimage\"},\"image\":{\"@id\":\"https:\\\/\\\/safetysourcefire.ca\\\/?product=streamlight-survivor-led#primaryimage\"},\"thumbnailUrl\":\"https:\\\/\\\/safetysourcefire.ca\\\/wp-content\\\/uploads\\\/2017\\\/05\\\/Survivor.jpg\",\"datePublished\":\"2018-12-11T07:00:58+00:00\",\"dateModified\":\"2020-07-15T13:42:57+00:00\",\"breadcrumb\":{\"@id\":\"https:\\\/\\\/safetysourcefire.ca\\\/?product=streamlight-survivor-led#breadcrumb\"},\"inLanguage\":\"fr-CA\",\"potentialAction\":[{\"@type\":\"ReadAction\",\"target\":[\"https:\\\/\\\/safetysourcefire.ca\\\/?product=streamlight-survivor-led\"]}]},{\"@type\":\"ImageObject\",\"inLanguage\":\"fr-CA\",\"@id\":\"https:\\\/\\\/safetysourcefire.ca\\\/?product=streamlight-survivor-led#primaryimage\",\"url\":\"https:\\\/\\\/safetysourcefire.ca\\\/wp-content\\\/uploads\\\/2017\\\/05\\\/Survivor.jpg\",\"contentUrl\":\"https:\\\/\\\/safetysourcefire.ca\\\/wp-content\\\/uploads\\\/2017\\\/05\\\/Survivor.jpg\",\"width\":600,\"height\":600,\"caption\":\"Survivor\u00ae, RIGHT-ANGLE, SAFETY-RATED PERSONAL LIGHT\"},{\"@type\":\"BreadcrumbList\",\"@id\":\"https:\\\/\\\/safetysourcefire.ca\\\/?product=streamlight-survivor-led#breadcrumb\",\"itemListElement\":[{\"@type\":\"ListItem\",\"position\":1,\"name\":\"Home\",\"item\":\"https:\\\/\\\/safetysourcefire.ca\\\/\"},{\"@type\":\"ListItem\",\"position\":2,\"name\":\"Products\",\"item\":\"https:\\\/\\\/safetysourcefire.ca\\\/shop\\\/\"},{\"@type\":\"ListItem\",\"position\":3,\"name\":\"Survivor\u00ae LED\"}]},{\"@type\":\"WebSite\",\"@id\":\"https:\\\/\\\/safetysourcefire.ca\\\/#website\",\"url\":\"https:\\\/\\\/safetysourcefire.ca\\\/\",\"name\":\"Safety Source Fire\",\"description\":\"\",\"publisher\":{\"@id\":\"https:\\\/\\\/safetysourcefire.ca\\\/#organization\"},\"potentialAction\":[{\"@type\":\"SearchAction\",\"target\":{\"@type\":\"EntryPoint\",\"urlTemplate\":\"https:\\\/\\\/safetysourcefire.ca\\\/?s={search_term_string}\"},\"query-input\":{\"@type\":\"PropertyValueSpecification\",\"valueRequired\":true,\"valueName\":\"search_term_string\"}}],\"inLanguage\":\"fr-CA\"},{\"@type\":\"Organization\",\"@id\":\"https:\\\/\\\/safetysourcefire.ca\\\/#organization\",\"name\":\"Safety Source Fire\",\"url\":\"https:\\\/\\\/safetysourcefire.ca\\\/\",\"logo\":{\"@type\":\"ImageObject\",\"inLanguage\":\"fr-CA\",\"@id\":\"https:\\\/\\\/safetysourcefire.ca\\\/#\\\/schema\\\/logo\\\/image\\\/\",\"url\":\"https:\\\/\\\/safetysourcefire.ca\\\/wp-content\\\/uploads\\\/2021\\\/01\\\/SSF_logo_CC0000-3.png\",\"contentUrl\":\"https:\\\/\\\/safetysourcefire.ca\\\/wp-content\\\/uploads\\\/2021\\\/01\\\/SSF_logo_CC0000-3.png\",\"width\":1107,\"height\":365,\"caption\":\"Safety Source Fire\"},\"image\":{\"@id\":\"https:\\\/\\\/safetysourcefire.ca\\\/#\\\/schema\\\/logo\\\/image\\\/\"},\"sameAs\":[\"https:\\\/\\\/www.facebook.com\\\/mmfssca\",\"https:\\\/\\\/x.com\\\/mmfssca\"]}]}<\/script>\n<!-- \/ Yoast SEO plugin. -->","yoast_head_json":{"title":"Survivor\u00ae LED - Safety Source Fire","robots":{"index":"index","follow":"follow","max-snippet":"max-snippet:-1","max-image-preview":"max-image-preview:large","max-video-preview":"max-video-preview:-1"},"canonical":"https:\/\/safetysourcefire.ca\/fr\/?product=streamlight-survivor-led","og_locale":"fr_CA","og_type":"article","og_title":"Survivor\u00ae LED - Safety Source Fire","og_description":"Right-Angle, Safety-Rated Personal Light. The redesigned Survivor features a low-profile bezel that doesn\u2019t interfere with gear and equipment.","og_url":"https:\/\/safetysourcefire.ca\/fr\/?product=streamlight-survivor-led","og_site_name":"Safety Source Fire","article_publisher":"https:\/\/www.facebook.com\/mmfssca","article_modified_time":"2020-07-15T13:42:57+00:00","og_image":[{"width":600,"height":600,"url":"https:\/\/safetysourcefire.ca\/wp-content\/uploads\/2017\/05\/Survivor.jpg","type":"image\/jpeg"}],"twitter_card":"summary_large_image","twitter_site":"@mmfssca","twitter_misc":{"Estimation du temps de lecture":"2 minutes"},"schema":{"@context":"https:\/\/schema.org","@graph":[{"@type":"WebPage","@id":"https:\/\/safetysourcefire.ca\/?product=streamlight-survivor-led","url":"https:\/\/safetysourcefire.ca\/?product=streamlight-survivor-led","name":"Survivor\u00ae LED - Safety Source Fire","isPartOf":{"@id":"https:\/\/safetysourcefire.ca\/#website"},"primaryImageOfPage":{"@id":"https:\/\/safetysourcefire.ca\/?product=streamlight-survivor-led#primaryimage"},"image":{"@id":"https:\/\/safetysourcefire.ca\/?product=streamlight-survivor-led#primaryimage"},"thumbnailUrl":"https:\/\/safetysourcefire.ca\/wp-content\/uploads\/2017\/05\/Survivor.jpg","datePublished":"2018-12-11T07:00:58+00:00","dateModified":"2020-07-15T13:42:57+00:00","breadcrumb":{"@id":"https:\/\/safetysourcefire.ca\/?product=streamlight-survivor-led#breadcrumb"},"inLanguage":"fr-CA","potentialAction":[{"@type":"ReadAction","target":["https:\/\/safetysourcefire.ca\/?product=streamlight-survivor-led"]}]},{"@type":"ImageObject","inLanguage":"fr-CA","@id":"https:\/\/safetysourcefire.ca\/?product=streamlight-survivor-led#primaryimage","url":"https:\/\/safetysourcefire.ca\/wp-content\/uploads\/2017\/05\/Survivor.jpg","contentUrl":"https:\/\/safetysourcefire.ca\/wp-content\/uploads\/2017\/05\/Survivor.jpg","width":600,"height":600,"caption":"Survivor\u00ae, RIGHT-ANGLE, SAFETY-RATED PERSONAL LIGHT"},{"@type":"BreadcrumbList","@id":"https:\/\/safetysourcefire.ca\/?product=streamlight-survivor-led#breadcrumb","itemListElement":[{"@type":"ListItem","position":1,"name":"Home","item":"https:\/\/safetysourcefire.ca\/"},{"@type":"ListItem","position":2,"name":"Products","item":"https:\/\/safetysourcefire.ca\/shop\/"},{"@type":"ListItem","position":3,"name":"Survivor\u00ae LED"}]},{"@type":"WebSite","@id":"https:\/\/safetysourcefire.ca\/#website","url":"https:\/\/safetysourcefire.ca\/","name":"Safety Source Fire","description":"","publisher":{"@id":"https:\/\/safetysourcefire.ca\/#organization"},"potentialAction":[{"@type":"SearchAction","target":{"@type":"EntryPoint","urlTemplate":"https:\/\/safetysourcefire.ca\/?s={search_term_string}"},"query-input":{"@type":"PropertyValueSpecification","valueRequired":true,"valueName":"search_term_string"}}],"inLanguage":"fr-CA"},{"@type":"Organization","@id":"https:\/\/safetysourcefire.ca\/#organization","name":"Safety Source Fire","url":"https:\/\/safetysourcefire.ca\/","logo":{"@type":"ImageObject","inLanguage":"fr-CA","@id":"https:\/\/safetysourcefire.ca\/#\/schema\/logo\/image\/","url":"https:\/\/safetysourcefire.ca\/wp-content\/uploads\/2021\/01\/SSF_logo_CC0000-3.png","contentUrl":"https:\/\/safetysourcefire.ca\/wp-content\/uploads\/2021\/01\/SSF_logo_CC0000-3.png","width":1107,"height":365,"caption":"Safety Source Fire"},"image":{"@id":"https:\/\/safetysourcefire.ca\/#\/schema\/logo\/image\/"},"sameAs":["https:\/\/www.facebook.com\/mmfssca","https:\/\/x.com\/mmfssca"]}]}},"_links":{"self":[{"href":"https:\/\/safetysourcefire.ca\/fr\/wp-json\/wp\/v2\/product\/350","targetHints":{"allow":["GET"]}}],"collection":[{"href":"https:\/\/safetysourcefire.ca\/fr\/wp-json\/wp\/v2\/product"}],"about":[{"href":"https:\/\/safetysourcefire.ca\/fr\/wp-json\/wp\/v2\/types\/product"}],"wp:featuredmedia":[{"embeddable":true,"href":"https:\/\/safetysourcefire.ca\/fr\/wp-json\/wp\/v2\/media\/1195"}],"wp:attachment":[{"href":"https:\/\/safetysourcefire.ca\/fr\/wp-json\/wp\/v2\/media?parent=350"}],"wp:term":[{"taxonomy":"product_brand","embeddable":true,"href":"https:\/\/safetysourcefire.ca\/fr\/wp-json\/wp\/v2\/product_brand?post=350"},{"taxonomy":"product_cat","embeddable":true,"href":"https:\/\/safetysourcefire.ca\/fr\/wp-json\/wp\/v2\/product_cat?post=350"},{"taxonomy":"product_tag","embeddable":true,"href":"https:\/\/safetysourcefire.ca\/fr\/wp-json\/wp\/v2\/product_tag?post=350"}],"curies":[{"name":"wp","href":"https:\/\/api.w.org\/{rel}","templated":true}]}}