{"id":3586,"date":"2017-06-21T12:07:41","date_gmt":"2017-06-21T12:07:41","guid":{"rendered":"http:\/\/mmfss.ca\/?post_type=product&#038;p=3586"},"modified":"2018-03-19T14:26:47","modified_gmt":"2018-03-19T14:26:47","slug":"sv3-16-rescue-chain-saw","status":"publish","type":"product","link":"https:\/\/safetysourcefire.ca\/fr\/produit\/sv3-16-rescue-chain-saw\/","title":{"rendered":"Scie \u00e0 cha\u00eene SV3-16 pour sauvetage"},"content":{"rendered":"<p><strong>Caract\u00e9ristiques SVC3-16<\/strong><\/p>\n<p><strong>Jauge de profondeur compl\u00e8te<\/strong>\u00a0\u2013 plus de s\u00e9curit\u00e9, r\u00e9gl\u00e9 de 0\u2033 \u00e0 8\u2033<\/p>\n<p><strong>Cha\u00eene en ciseau<\/strong>\u00a0- La cha\u00eene \u00e0 dents en carbure .404 passe \u00e0 travers plusieurs couches \u00e0 la fois<\/p>\n<p><strong>D\u00e9marrage facile \u2013\u00a0<\/strong>comprend un interrupteur \u00e0 contact momentan\u00e9 qui laisse la scie en position allum\u00e9e (ON), un d\u00e9compresseur qui r\u00e9duit la pression du cylindre de 50% et un bouton d\u00e9marrage qui r\u00e8gle simultan\u00e9ment l'acc\u00e9l\u00e9rateur et le d\u00e9marreur<\/p>\n<p><strong>Poign\u00e9e de traction en aluminium \u2013\u00a0<\/strong>durable et con\u00e7ue pour \u00eatre manipul\u00e9e avec des gants de sauvetage \u00e9pais<\/p>\n<p><strong>Syst\u00e8me de filtration Airmaster<\/strong>\u00a0\u2013 Le syst\u00e8me \u00e0 3 chambres arr\u00eate les grosses particules avant qu&#039;elles n&#039;atteignent le filtre secondaire<\/p>\n<p><strong>Poign\u00e9e enveloppante compl\u00e8te<\/strong>\u00a0\u2013 facilite les op\u00e9rations frontales et a\u00e9riennes<\/p>\n<p><strong>Tension lat\u00e9rale de la cha\u00eene<\/strong>\u00a0\u2013 d\u00e9velopp\u00e9 pour permettre des ajustements rapides et en d\u00e9placement<\/p>\n<p><strong>Garantie de 2 ans<\/strong><\/p>","protected":false},"excerpt":{"rendered":"<p>La SV3-16 est une tron\u00e7onneuse fiable et puissante con\u00e7ue pour les op\u00e9rations de ventilation et de sauvetage. Capacit\u00e9 \u00e9prouv\u00e9e \u00e0 couper les toitures r\u00e9sidentielles \u00e0 couches multiples, les arbres abattus et les mat\u00e9riaux de construction.<\/p>","protected":false},"featured_media":3357,"template":"","meta":[],"product_brand":[197],"product_cat":[51,132],"product_tag":[353,352],"class_list":{"0":"post-3586","1":"product","2":"type-product","3":"status-publish","4":"has-post-thumbnail","6":"product_brand-supervac","7":"product_cat-rescue","8":"product_cat-saws","9":"product_tag-super-vac","10":"product_tag-supervac","12":"first","13":"instock","14":"shipping-taxable","15":"product-type-simple"},"yoast_head":"<!-- This site is optimized with the Yoast SEO plugin v27.4 - https:\/\/yoast.com\/product\/yoast-seo-wordpress\/ -->\n<title>SV3-16 Rescue Chain Saw - Safety Source Fire<\/title>\n<meta name=\"robots\" content=\"index, follow, max-snippet:-1, max-image-preview:large, max-video-preview:-1\" \/>\n<link rel=\"canonical\" href=\"https:\/\/safetysourcefire.ca\/fr\/produit\/sv3-16-rescue-chain-saw\/\" \/>\n<meta property=\"og:locale\" content=\"fr_CA\" \/>\n<meta property=\"og:type\" content=\"article\" \/>\n<meta property=\"og:title\" content=\"SV3-16 Rescue Chain Saw - Safety Source Fire\" \/>\n<meta property=\"og:description\" content=\"The SV3-16 is a high power, reliable chain saw made for venting and rescue operations. \u00a0 Proven ability to cut\u00a0layered residential roofing, downed trees and building materials.\" \/>\n<meta property=\"og:url\" content=\"https:\/\/safetysourcefire.ca\/fr\/produit\/sv3-16-rescue-chain-saw\/\" \/>\n<meta property=\"og:site_name\" content=\"Safety Source Fire\" \/>\n<meta property=\"article:publisher\" content=\"https:\/\/www.facebook.com\/mmfssca\" \/>\n<meta property=\"article:modified_time\" content=\"2018-03-19T14:26:47+00:00\" \/>\n<meta property=\"og:image\" content=\"https:\/\/safetysourcefire.ca\/wp-content\/uploads\/2017\/06\/SV3-16.jpg\" \/>\n\t<meta property=\"og:image:width\" content=\"600\" \/>\n\t<meta property=\"og:image:height\" content=\"600\" \/>\n\t<meta property=\"og:image:type\" content=\"image\/jpeg\" \/>\n<meta name=\"twitter:card\" content=\"summary_large_image\" \/>\n<meta name=\"twitter:site\" content=\"@mmfssca\" \/>\n<meta name=\"twitter:label1\" content=\"Estimation du temps de lecture\" \/>\n\t<meta name=\"twitter:data1\" content=\"1 minute\" \/>\n<script type=\"application\/ld+json\" class=\"yoast-schema-graph\">{\"@context\":\"https:\\\/\\\/schema.org\",\"@graph\":[{\"@type\":\"WebPage\",\"@id\":\"https:\\\/\\\/safetysourcefire.ca\\\/product\\\/sv3-16-rescue-chain-saw\\\/\",\"url\":\"https:\\\/\\\/safetysourcefire.ca\\\/product\\\/sv3-16-rescue-chain-saw\\\/\",\"name\":\"SV3-16 Rescue Chain Saw - Safety Source Fire\",\"isPartOf\":{\"@id\":\"https:\\\/\\\/safetysourcefire.ca\\\/#website\"},\"primaryImageOfPage\":{\"@id\":\"https:\\\/\\\/safetysourcefire.ca\\\/product\\\/sv3-16-rescue-chain-saw\\\/#primaryimage\"},\"image\":{\"@id\":\"https:\\\/\\\/safetysourcefire.ca\\\/product\\\/sv3-16-rescue-chain-saw\\\/#primaryimage\"},\"thumbnailUrl\":\"https:\\\/\\\/safetysourcefire.ca\\\/wp-content\\\/uploads\\\/2017\\\/06\\\/SV3-16.jpg\",\"datePublished\":\"2017-06-21T12:07:41+00:00\",\"dateModified\":\"2018-03-19T14:26:47+00:00\",\"breadcrumb\":{\"@id\":\"https:\\\/\\\/safetysourcefire.ca\\\/product\\\/sv3-16-rescue-chain-saw\\\/#breadcrumb\"},\"inLanguage\":\"fr-CA\",\"potentialAction\":[{\"@type\":\"ReadAction\",\"target\":[\"https:\\\/\\\/safetysourcefire.ca\\\/product\\\/sv3-16-rescue-chain-saw\\\/\"]}]},{\"@type\":\"ImageObject\",\"inLanguage\":\"fr-CA\",\"@id\":\"https:\\\/\\\/safetysourcefire.ca\\\/product\\\/sv3-16-rescue-chain-saw\\\/#primaryimage\",\"url\":\"https:\\\/\\\/safetysourcefire.ca\\\/wp-content\\\/uploads\\\/2017\\\/06\\\/SV3-16.jpg\",\"contentUrl\":\"https:\\\/\\\/safetysourcefire.ca\\\/wp-content\\\/uploads\\\/2017\\\/06\\\/SV3-16.jpg\",\"width\":600,\"height\":600,\"caption\":\"chainsaw\"},{\"@type\":\"BreadcrumbList\",\"@id\":\"https:\\\/\\\/safetysourcefire.ca\\\/product\\\/sv3-16-rescue-chain-saw\\\/#breadcrumb\",\"itemListElement\":[{\"@type\":\"ListItem\",\"position\":1,\"name\":\"Home\",\"item\":\"https:\\\/\\\/safetysourcefire.ca\\\/\"},{\"@type\":\"ListItem\",\"position\":2,\"name\":\"Products\",\"item\":\"https:\\\/\\\/safetysourcefire.ca\\\/shop\\\/\"},{\"@type\":\"ListItem\",\"position\":3,\"name\":\"SV3-16 Rescue Chain Saw\"}]},{\"@type\":\"WebSite\",\"@id\":\"https:\\\/\\\/safetysourcefire.ca\\\/#website\",\"url\":\"https:\\\/\\\/safetysourcefire.ca\\\/\",\"name\":\"Safety Source Fire\",\"description\":\"\",\"publisher\":{\"@id\":\"https:\\\/\\\/safetysourcefire.ca\\\/#organization\"},\"potentialAction\":[{\"@type\":\"SearchAction\",\"target\":{\"@type\":\"EntryPoint\",\"urlTemplate\":\"https:\\\/\\\/safetysourcefire.ca\\\/?s={search_term_string}\"},\"query-input\":{\"@type\":\"PropertyValueSpecification\",\"valueRequired\":true,\"valueName\":\"search_term_string\"}}],\"inLanguage\":\"fr-CA\"},{\"@type\":\"Organization\",\"@id\":\"https:\\\/\\\/safetysourcefire.ca\\\/#organization\",\"name\":\"Safety Source Fire\",\"url\":\"https:\\\/\\\/safetysourcefire.ca\\\/\",\"logo\":{\"@type\":\"ImageObject\",\"inLanguage\":\"fr-CA\",\"@id\":\"https:\\\/\\\/safetysourcefire.ca\\\/#\\\/schema\\\/logo\\\/image\\\/\",\"url\":\"https:\\\/\\\/safetysourcefire.ca\\\/wp-content\\\/uploads\\\/2021\\\/01\\\/SSF_logo_CC0000-3.png\",\"contentUrl\":\"https:\\\/\\\/safetysourcefire.ca\\\/wp-content\\\/uploads\\\/2021\\\/01\\\/SSF_logo_CC0000-3.png\",\"width\":1107,\"height\":365,\"caption\":\"Safety Source Fire\"},\"image\":{\"@id\":\"https:\\\/\\\/safetysourcefire.ca\\\/#\\\/schema\\\/logo\\\/image\\\/\"},\"sameAs\":[\"https:\\\/\\\/www.facebook.com\\\/mmfssca\",\"https:\\\/\\\/x.com\\\/mmfssca\"]}]}<\/script>\n<!-- \/ Yoast SEO plugin. -->","yoast_head_json":{"title":"Tron\u00e7onneuse de sauvetage SV3-16 - Safety Source Fire","robots":{"index":"index","follow":"follow","max-snippet":"max-snippet:-1","max-image-preview":"max-image-preview:large","max-video-preview":"max-video-preview:-1"},"canonical":"https:\/\/safetysourcefire.ca\/fr\/produit\/sv3-16-rescue-chain-saw\/","og_locale":"fr_CA","og_type":"article","og_title":"SV3-16 Rescue Chain Saw - Safety Source Fire","og_description":"The SV3-16 is a high power, reliable chain saw made for venting and rescue operations. \u00a0 Proven ability to cut\u00a0layered residential roofing, downed trees and building materials.","og_url":"https:\/\/safetysourcefire.ca\/fr\/produit\/sv3-16-rescue-chain-saw\/","og_site_name":"Safety Source Fire","article_publisher":"https:\/\/www.facebook.com\/mmfssca","article_modified_time":"2018-03-19T14:26:47+00:00","og_image":[{"width":600,"height":600,"url":"https:\/\/safetysourcefire.ca\/wp-content\/uploads\/2017\/06\/SV3-16.jpg","type":"image\/jpeg"}],"twitter_card":"summary_large_image","twitter_site":"@mmfssca","twitter_misc":{"Estimation du temps de lecture":"1 minute"},"schema":{"@context":"https:\/\/schema.org","@graph":[{"@type":"WebPage","@id":"https:\/\/safetysourcefire.ca\/product\/sv3-16-rescue-chain-saw\/","url":"https:\/\/safetysourcefire.ca\/product\/sv3-16-rescue-chain-saw\/","name":"Tron\u00e7onneuse de sauvetage SV3-16 - Safety Source Fire","isPartOf":{"@id":"https:\/\/safetysourcefire.ca\/#website"},"primaryImageOfPage":{"@id":"https:\/\/safetysourcefire.ca\/product\/sv3-16-rescue-chain-saw\/#primaryimage"},"image":{"@id":"https:\/\/safetysourcefire.ca\/product\/sv3-16-rescue-chain-saw\/#primaryimage"},"thumbnailUrl":"https:\/\/safetysourcefire.ca\/wp-content\/uploads\/2017\/06\/SV3-16.jpg","datePublished":"2017-06-21T12:07:41+00:00","dateModified":"2018-03-19T14:26:47+00:00","breadcrumb":{"@id":"https:\/\/safetysourcefire.ca\/product\/sv3-16-rescue-chain-saw\/#breadcrumb"},"inLanguage":"fr-CA","potentialAction":[{"@type":"ReadAction","target":["https:\/\/safetysourcefire.ca\/product\/sv3-16-rescue-chain-saw\/"]}]},{"@type":"ImageObject","inLanguage":"fr-CA","@id":"https:\/\/safetysourcefire.ca\/product\/sv3-16-rescue-chain-saw\/#primaryimage","url":"https:\/\/safetysourcefire.ca\/wp-content\/uploads\/2017\/06\/SV3-16.jpg","contentUrl":"https:\/\/safetysourcefire.ca\/wp-content\/uploads\/2017\/06\/SV3-16.jpg","width":600,"height":600,"caption":"chainsaw"},{"@type":"BreadcrumbList","@id":"https:\/\/safetysourcefire.ca\/product\/sv3-16-rescue-chain-saw\/#breadcrumb","itemListElement":[{"@type":"ListItem","position":1,"name":"Home","item":"https:\/\/safetysourcefire.ca\/"},{"@type":"ListItem","position":2,"name":"Products","item":"https:\/\/safetysourcefire.ca\/shop\/"},{"@type":"ListItem","position":3,"name":"SV3-16 Rescue Chain Saw"}]},{"@type":"WebSite","@id":"https:\/\/safetysourcefire.ca\/#website","url":"https:\/\/safetysourcefire.ca\/","name":"Safety Source Fire","description":"","publisher":{"@id":"https:\/\/safetysourcefire.ca\/#organization"},"potentialAction":[{"@type":"SearchAction","target":{"@type":"EntryPoint","urlTemplate":"https:\/\/safetysourcefire.ca\/?s={search_term_string}"},"query-input":{"@type":"PropertyValueSpecification","valueRequired":true,"valueName":"search_term_string"}}],"inLanguage":"fr-CA"},{"@type":"Organization","@id":"https:\/\/safetysourcefire.ca\/#organization","name":"Safety Source Fire","url":"https:\/\/safetysourcefire.ca\/","logo":{"@type":"ImageObject","inLanguage":"fr-CA","@id":"https:\/\/safetysourcefire.ca\/#\/schema\/logo\/image\/","url":"https:\/\/safetysourcefire.ca\/wp-content\/uploads\/2021\/01\/SSF_logo_CC0000-3.png","contentUrl":"https:\/\/safetysourcefire.ca\/wp-content\/uploads\/2021\/01\/SSF_logo_CC0000-3.png","width":1107,"height":365,"caption":"Safety Source Fire"},"image":{"@id":"https:\/\/safetysourcefire.ca\/#\/schema\/logo\/image\/"},"sameAs":["https:\/\/www.facebook.com\/mmfssca","https:\/\/x.com\/mmfssca"]}]}},"_links":{"self":[{"href":"https:\/\/safetysourcefire.ca\/fr\/wp-json\/wp\/v2\/product\/3586","targetHints":{"allow":["GET"]}}],"collection":[{"href":"https:\/\/safetysourcefire.ca\/fr\/wp-json\/wp\/v2\/product"}],"about":[{"href":"https:\/\/safetysourcefire.ca\/fr\/wp-json\/wp\/v2\/types\/product"}],"wp:featuredmedia":[{"embeddable":true,"href":"https:\/\/safetysourcefire.ca\/fr\/wp-json\/wp\/v2\/media\/3357"}],"wp:attachment":[{"href":"https:\/\/safetysourcefire.ca\/fr\/wp-json\/wp\/v2\/media?parent=3586"}],"wp:term":[{"taxonomy":"product_brand","embeddable":true,"href":"https:\/\/safetysourcefire.ca\/fr\/wp-json\/wp\/v2\/product_brand?post=3586"},{"taxonomy":"product_cat","embeddable":true,"href":"https:\/\/safetysourcefire.ca\/fr\/wp-json\/wp\/v2\/product_cat?post=3586"},{"taxonomy":"product_tag","embeddable":true,"href":"https:\/\/safetysourcefire.ca\/fr\/wp-json\/wp\/v2\/product_tag?post=3586"}],"curies":[{"name":"wp","href":"https:\/\/api.w.org\/{rel}","templated":true}]}}