{"id":3589,"date":"2017-06-21T12:14:59","date_gmt":"2017-06-21T12:14:59","guid":{"rendered":"http:\/\/mmfss.ca\/?post_type=product&#038;p=3589"},"modified":"2018-03-19T14:26:46","modified_gmt":"2018-03-19T14:26:46","slug":"svc4-rescue-cutoff-saw","status":"publish","type":"product","link":"https:\/\/safetysourcefire.ca\/fr\/produit\/svc4-rescue-cutoff-saw\/","title":{"rendered":"Scie tron\u00e7onneuse de sauvetage SVC4"},"content":{"rendered":"<p><strong>Caract\u00e9ristiques SVC4<\/strong><\/p>\n<p><strong>Lame en diamant ''Tiger tooth''<\/strong>\u00a0\u2013 sp\u00e9cialement con\u00e7u pour les travaux les plus difficiles<\/p>\n<p><strong>D\u00e9marrage facile \u2013\u00a0<\/strong>Le d\u00e9marreur et la pompe d'amor\u00e7age \u00e0 ressorts combin\u00e9s \u00e0 une gestion optimis\u00e9e du moteur r\u00e9duisent consid\u00e9rablement la r\u00e9sistance<\/p>\n<p><strong>Touchez et arr\u00eatez \u2013\u00a0<\/strong>Comprend une commande \u00e0 levier avec des positions clairement d\u00e9finies pour le d\u00e9marrage \u00e0 froid, le fonctionnement et l'arr\u00eat. Les moteurs s'\u00e9teignent d'une simple pression<\/p>\n<p><strong>Poign\u00e9e de traction en aluminium \u2013\u00a0<\/strong>durable et con\u00e7ue pour \u00eatre manipul\u00e9e avec des gants de sauvetage \u00e9pais<\/p>\n<p><strong>Syst\u00e8me de d\u00e9bris ultime<\/strong>\u00a0\u2013 taux de s\u00e9paration salet\u00e9\/d\u00e9bris de 90%<\/p>\n<p><strong>Remplissage de carburant vertical<\/strong>\u00a0\u2013 emp\u00eache les d\u00e9versements. Poss\u00e8de aussi une fen\u00eatre int\u00e9gr\u00e9e pour v\u00e9rifier le niveau de carburant rapidement<\/p>\n<p><strong>Ceinture \u00e0 nervures multiples<\/strong>\u00a0\u2013 pour une transmission plus puissance et une endurance \u00e9lev\u00e9e<\/p>\n<p><strong>Entr\u00e9e d&#039;alimentation en eau<\/strong>\u00a0\u2013 avec filtre d&#039;admission et r\u00e9glage fin pour une protection ad\u00e9quate contre la poussi\u00e8re<\/p>\n<p><strong>Garantie de 2 ans<\/strong><\/p>","protected":false},"excerpt":{"rendered":"<p>La SVC4 combine parfaitement force et mobilit\u00e9. Cette tron\u00e7onneuse de secours, poss\u00e8de une capacit\u00e9 \u00e9prouv\u00e9e \u00e0 couper le b\u00e9ton, l'asphalte, la pierre, l'acier, les barres d'armature, l'aluminium, les toitures commerciales et plus encore<\/p>","protected":false},"featured_media":3593,"template":"","meta":[],"product_brand":[197],"product_cat":[51,132],"product_tag":[353,352],"class_list":{"0":"post-3589","1":"product","2":"type-product","3":"status-publish","4":"has-post-thumbnail","6":"product_brand-supervac","7":"product_cat-rescue","8":"product_cat-saws","9":"product_tag-super-vac","10":"product_tag-supervac","12":"first","13":"instock","14":"shipping-taxable","15":"product-type-simple"},"yoast_head":"<!-- This site is optimized with the Yoast SEO plugin v27.4 - https:\/\/yoast.com\/product\/yoast-seo-wordpress\/ -->\n<title>SVC4 Rescue Cutoff Saw - Safety Source Fire<\/title>\n<meta name=\"robots\" content=\"index, follow, max-snippet:-1, max-image-preview:large, max-video-preview:-1\" \/>\n<link rel=\"canonical\" href=\"https:\/\/safetysourcefire.ca\/fr\/produit\/svc4-rescue-cutoff-saw\/\" \/>\n<meta property=\"og:locale\" content=\"fr_CA\" \/>\n<meta property=\"og:type\" content=\"article\" \/>\n<meta property=\"og:title\" content=\"SVC4 Rescue Cutoff Saw - Safety Source Fire\" \/>\n<meta property=\"og:description\" content=\"The SVC4 is the perfect combination of strength and mobility in a rescue cut off saw. \u00a0Proven ability to cut concrete, asphalt, stone, steel, rebar, aluminum, commercial roofing and more\" \/>\n<meta property=\"og:url\" content=\"https:\/\/safetysourcefire.ca\/fr\/produit\/svc4-rescue-cutoff-saw\/\" \/>\n<meta property=\"og:site_name\" content=\"Safety Source Fire\" \/>\n<meta property=\"article:publisher\" content=\"https:\/\/www.facebook.com\/mmfssca\" \/>\n<meta property=\"article:modified_time\" content=\"2018-03-19T14:26:46+00:00\" \/>\n<meta property=\"og:image\" content=\"https:\/\/safetysourcefire.ca\/wp-content\/uploads\/2017\/06\/SVC4.jpg\" \/>\n\t<meta property=\"og:image:width\" content=\"600\" \/>\n\t<meta property=\"og:image:height\" content=\"600\" \/>\n\t<meta property=\"og:image:type\" content=\"image\/jpeg\" \/>\n<meta name=\"twitter:card\" content=\"summary_large_image\" \/>\n<meta name=\"twitter:site\" content=\"@mmfssca\" \/>\n<meta name=\"twitter:label1\" content=\"Estimation du temps de lecture\" \/>\n\t<meta name=\"twitter:data1\" content=\"1 minute\" \/>\n<script type=\"application\/ld+json\" class=\"yoast-schema-graph\">{\"@context\":\"https:\\\/\\\/schema.org\",\"@graph\":[{\"@type\":\"WebPage\",\"@id\":\"https:\\\/\\\/safetysourcefire.ca\\\/product\\\/svc4-rescue-cutoff-saw\\\/\",\"url\":\"https:\\\/\\\/safetysourcefire.ca\\\/product\\\/svc4-rescue-cutoff-saw\\\/\",\"name\":\"SVC4 Rescue Cutoff Saw - Safety Source Fire\",\"isPartOf\":{\"@id\":\"https:\\\/\\\/safetysourcefire.ca\\\/#website\"},\"primaryImageOfPage\":{\"@id\":\"https:\\\/\\\/safetysourcefire.ca\\\/product\\\/svc4-rescue-cutoff-saw\\\/#primaryimage\"},\"image\":{\"@id\":\"https:\\\/\\\/safetysourcefire.ca\\\/product\\\/svc4-rescue-cutoff-saw\\\/#primaryimage\"},\"thumbnailUrl\":\"https:\\\/\\\/safetysourcefire.ca\\\/wp-content\\\/uploads\\\/2017\\\/06\\\/SVC4.jpg\",\"datePublished\":\"2017-06-21T12:14:59+00:00\",\"dateModified\":\"2018-03-19T14:26:46+00:00\",\"breadcrumb\":{\"@id\":\"https:\\\/\\\/safetysourcefire.ca\\\/product\\\/svc4-rescue-cutoff-saw\\\/#breadcrumb\"},\"inLanguage\":\"fr-CA\",\"potentialAction\":[{\"@type\":\"ReadAction\",\"target\":[\"https:\\\/\\\/safetysourcefire.ca\\\/product\\\/svc4-rescue-cutoff-saw\\\/\"]}]},{\"@type\":\"ImageObject\",\"inLanguage\":\"fr-CA\",\"@id\":\"https:\\\/\\\/safetysourcefire.ca\\\/product\\\/svc4-rescue-cutoff-saw\\\/#primaryimage\",\"url\":\"https:\\\/\\\/safetysourcefire.ca\\\/wp-content\\\/uploads\\\/2017\\\/06\\\/SVC4.jpg\",\"contentUrl\":\"https:\\\/\\\/safetysourcefire.ca\\\/wp-content\\\/uploads\\\/2017\\\/06\\\/SVC4.jpg\",\"width\":600,\"height\":600,\"caption\":\"saw\"},{\"@type\":\"BreadcrumbList\",\"@id\":\"https:\\\/\\\/safetysourcefire.ca\\\/product\\\/svc4-rescue-cutoff-saw\\\/#breadcrumb\",\"itemListElement\":[{\"@type\":\"ListItem\",\"position\":1,\"name\":\"Home\",\"item\":\"https:\\\/\\\/safetysourcefire.ca\\\/\"},{\"@type\":\"ListItem\",\"position\":2,\"name\":\"Products\",\"item\":\"https:\\\/\\\/safetysourcefire.ca\\\/shop\\\/\"},{\"@type\":\"ListItem\",\"position\":3,\"name\":\"SVC4 Rescue Cutoff Saw\"}]},{\"@type\":\"WebSite\",\"@id\":\"https:\\\/\\\/safetysourcefire.ca\\\/#website\",\"url\":\"https:\\\/\\\/safetysourcefire.ca\\\/\",\"name\":\"Safety Source Fire\",\"description\":\"\",\"publisher\":{\"@id\":\"https:\\\/\\\/safetysourcefire.ca\\\/#organization\"},\"potentialAction\":[{\"@type\":\"SearchAction\",\"target\":{\"@type\":\"EntryPoint\",\"urlTemplate\":\"https:\\\/\\\/safetysourcefire.ca\\\/?s={search_term_string}\"},\"query-input\":{\"@type\":\"PropertyValueSpecification\",\"valueRequired\":true,\"valueName\":\"search_term_string\"}}],\"inLanguage\":\"fr-CA\"},{\"@type\":\"Organization\",\"@id\":\"https:\\\/\\\/safetysourcefire.ca\\\/#organization\",\"name\":\"Safety Source Fire\",\"url\":\"https:\\\/\\\/safetysourcefire.ca\\\/\",\"logo\":{\"@type\":\"ImageObject\",\"inLanguage\":\"fr-CA\",\"@id\":\"https:\\\/\\\/safetysourcefire.ca\\\/#\\\/schema\\\/logo\\\/image\\\/\",\"url\":\"https:\\\/\\\/safetysourcefire.ca\\\/wp-content\\\/uploads\\\/2021\\\/01\\\/SSF_logo_CC0000-3.png\",\"contentUrl\":\"https:\\\/\\\/safetysourcefire.ca\\\/wp-content\\\/uploads\\\/2021\\\/01\\\/SSF_logo_CC0000-3.png\",\"width\":1107,\"height\":365,\"caption\":\"Safety Source Fire\"},\"image\":{\"@id\":\"https:\\\/\\\/safetysourcefire.ca\\\/#\\\/schema\\\/logo\\\/image\\\/\"},\"sameAs\":[\"https:\\\/\\\/www.facebook.com\\\/mmfssca\",\"https:\\\/\\\/x.com\\\/mmfssca\"]}]}<\/script>\n<!-- \/ Yoast SEO plugin. -->","yoast_head_json":{"title":"Scie \u00e0 tron\u00e7onner de sauvetage SVC4 - Source de s\u00e9curit\u00e9 incendie","robots":{"index":"index","follow":"follow","max-snippet":"max-snippet:-1","max-image-preview":"max-image-preview:large","max-video-preview":"max-video-preview:-1"},"canonical":"https:\/\/safetysourcefire.ca\/fr\/produit\/svc4-rescue-cutoff-saw\/","og_locale":"fr_CA","og_type":"article","og_title":"SVC4 Rescue Cutoff Saw - Safety Source Fire","og_description":"The SVC4 is the perfect combination of strength and mobility in a rescue cut off saw. \u00a0Proven ability to cut concrete, asphalt, stone, steel, rebar, aluminum, commercial roofing and more","og_url":"https:\/\/safetysourcefire.ca\/fr\/produit\/svc4-rescue-cutoff-saw\/","og_site_name":"Safety Source Fire","article_publisher":"https:\/\/www.facebook.com\/mmfssca","article_modified_time":"2018-03-19T14:26:46+00:00","og_image":[{"width":600,"height":600,"url":"https:\/\/safetysourcefire.ca\/wp-content\/uploads\/2017\/06\/SVC4.jpg","type":"image\/jpeg"}],"twitter_card":"summary_large_image","twitter_site":"@mmfssca","twitter_misc":{"Estimation du temps de lecture":"1 minute"},"schema":{"@context":"https:\/\/schema.org","@graph":[{"@type":"WebPage","@id":"https:\/\/safetysourcefire.ca\/product\/svc4-rescue-cutoff-saw\/","url":"https:\/\/safetysourcefire.ca\/product\/svc4-rescue-cutoff-saw\/","name":"Scie \u00e0 tron\u00e7onner de sauvetage SVC4 - Source de s\u00e9curit\u00e9 incendie","isPartOf":{"@id":"https:\/\/safetysourcefire.ca\/#website"},"primaryImageOfPage":{"@id":"https:\/\/safetysourcefire.ca\/product\/svc4-rescue-cutoff-saw\/#primaryimage"},"image":{"@id":"https:\/\/safetysourcefire.ca\/product\/svc4-rescue-cutoff-saw\/#primaryimage"},"thumbnailUrl":"https:\/\/safetysourcefire.ca\/wp-content\/uploads\/2017\/06\/SVC4.jpg","datePublished":"2017-06-21T12:14:59+00:00","dateModified":"2018-03-19T14:26:46+00:00","breadcrumb":{"@id":"https:\/\/safetysourcefire.ca\/product\/svc4-rescue-cutoff-saw\/#breadcrumb"},"inLanguage":"fr-CA","potentialAction":[{"@type":"ReadAction","target":["https:\/\/safetysourcefire.ca\/product\/svc4-rescue-cutoff-saw\/"]}]},{"@type":"ImageObject","inLanguage":"fr-CA","@id":"https:\/\/safetysourcefire.ca\/product\/svc4-rescue-cutoff-saw\/#primaryimage","url":"https:\/\/safetysourcefire.ca\/wp-content\/uploads\/2017\/06\/SVC4.jpg","contentUrl":"https:\/\/safetysourcefire.ca\/wp-content\/uploads\/2017\/06\/SVC4.jpg","width":600,"height":600,"caption":"saw"},{"@type":"BreadcrumbList","@id":"https:\/\/safetysourcefire.ca\/product\/svc4-rescue-cutoff-saw\/#breadcrumb","itemListElement":[{"@type":"ListItem","position":1,"name":"Home","item":"https:\/\/safetysourcefire.ca\/"},{"@type":"ListItem","position":2,"name":"Products","item":"https:\/\/safetysourcefire.ca\/shop\/"},{"@type":"ListItem","position":3,"name":"SVC4 Rescue Cutoff Saw"}]},{"@type":"WebSite","@id":"https:\/\/safetysourcefire.ca\/#website","url":"https:\/\/safetysourcefire.ca\/","name":"Safety Source Fire","description":"","publisher":{"@id":"https:\/\/safetysourcefire.ca\/#organization"},"potentialAction":[{"@type":"SearchAction","target":{"@type":"EntryPoint","urlTemplate":"https:\/\/safetysourcefire.ca\/?s={search_term_string}"},"query-input":{"@type":"PropertyValueSpecification","valueRequired":true,"valueName":"search_term_string"}}],"inLanguage":"fr-CA"},{"@type":"Organization","@id":"https:\/\/safetysourcefire.ca\/#organization","name":"Safety Source Fire","url":"https:\/\/safetysourcefire.ca\/","logo":{"@type":"ImageObject","inLanguage":"fr-CA","@id":"https:\/\/safetysourcefire.ca\/#\/schema\/logo\/image\/","url":"https:\/\/safetysourcefire.ca\/wp-content\/uploads\/2021\/01\/SSF_logo_CC0000-3.png","contentUrl":"https:\/\/safetysourcefire.ca\/wp-content\/uploads\/2021\/01\/SSF_logo_CC0000-3.png","width":1107,"height":365,"caption":"Safety Source Fire"},"image":{"@id":"https:\/\/safetysourcefire.ca\/#\/schema\/logo\/image\/"},"sameAs":["https:\/\/www.facebook.com\/mmfssca","https:\/\/x.com\/mmfssca"]}]}},"_links":{"self":[{"href":"https:\/\/safetysourcefire.ca\/fr\/wp-json\/wp\/v2\/product\/3589","targetHints":{"allow":["GET"]}}],"collection":[{"href":"https:\/\/safetysourcefire.ca\/fr\/wp-json\/wp\/v2\/product"}],"about":[{"href":"https:\/\/safetysourcefire.ca\/fr\/wp-json\/wp\/v2\/types\/product"}],"wp:featuredmedia":[{"embeddable":true,"href":"https:\/\/safetysourcefire.ca\/fr\/wp-json\/wp\/v2\/media\/3593"}],"wp:attachment":[{"href":"https:\/\/safetysourcefire.ca\/fr\/wp-json\/wp\/v2\/media?parent=3589"}],"wp:term":[{"taxonomy":"product_brand","embeddable":true,"href":"https:\/\/safetysourcefire.ca\/fr\/wp-json\/wp\/v2\/product_brand?post=3589"},{"taxonomy":"product_cat","embeddable":true,"href":"https:\/\/safetysourcefire.ca\/fr\/wp-json\/wp\/v2\/product_cat?post=3589"},{"taxonomy":"product_tag","embeddable":true,"href":"https:\/\/safetysourcefire.ca\/fr\/wp-json\/wp\/v2\/product_tag?post=3589"}],"curies":[{"name":"wp","href":"https:\/\/api.w.org\/{rel}","templated":true}]}}