{"id":3607,"date":"2017-06-21T12:40:38","date_gmt":"2017-06-21T12:40:38","guid":{"rendered":"http:\/\/mmfss.ca\/?post_type=product&#038;p=3607"},"modified":"2018-03-19T14:08:01","modified_gmt":"2018-03-19T14:08:01","slug":"12-5mm-classic-rope-ez-bend","status":"publish","type":"product","link":"https:\/\/safetysourcefire.ca\/fr\/produit\/12-5mm-classic-rope-ez-bend\/","title":{"rendered":"Corde classique 12,5 mm EZ-Bend"},"content":{"rendered":"<p><strong>Principales caract\u00e9ristiques:<\/strong><\/p>\n<ul>\n<li>Certifi\u00e9 NFPA<\/li>\n<li>Construction portante 16<\/li>\n<li>CI 1801<\/li>\n<li>Tierce partie certifi\u00e9e par UL (Underwriters Laboratories)<\/li>\n<li>CE<\/li>\n<li>Nylon \u00e0 filament continu \u00e9quilibr\u00e9 en torsion<\/li>\n<li>Disponible en plusieurs couleurs<\/li>\n<li>\u00c9galement disponible dans des couleurs et des longueurs personnalis\u00e9es<\/li>\n<\/ul>\n<p><strong><br \/>\n<\/strong>Couleurs disponibles : blanc\/orange, noir, bleu, bleu\/blanc, vert OD, orange\/blanc, rouge, rouge\/blanc, jaune\/blanc<br \/>\nMBS : 42 kN (9442 lbf)<br \/>\nPoids : 104 g\/m<br \/>\nDiam\u00e8tre : 12,5 mm (1\/2\u2033)<br \/>\nAllongement : 1.3% \u00e0 300 lbf | 2.9% \u00e0 600 lbf | 4.7% \u00e0 1000 lbf<br \/>\nAllongement @ 10% MBS : 4.2%<br \/>\nNouabilit\u00e9\u00a0:\u00a01.4<br \/>\nRetrait : 2.7%<br \/>\nContenu de la gaine : 41.0%<br \/>\nMat\u00e9riel: gaine en nylon\/noyau en nylon<\/p>\n<p>&nbsp;<\/p>\n<p>NFPA 1983 (2012), G<\/p>\n<p>ANSI Z359.1 (2007)<\/p>\n<p>EN 1891-A<\/p>\n<p>CI 1801, Statique<\/p>\n<p>Conforme \u00e0 la norme Berry<\/p>","protected":false},"excerpt":{"rendered":"<p>Cette corde PMI\u00ae de 12,5 mm est la corde qu'il vous faut pour travailler dans tout environnement accident\u00e9 ou difficile. Sa haute r\u00e9sistance \u00e0 l'abrasion en fait la corde la plus r\u00e9sistante qu'il soit. Fait de nylon 6,6.<\/p>","protected":false},"featured_media":3338,"template":"","meta":[],"product_brand":[199],"product_cat":[51,131],"product_tag":[332,331],"class_list":{"0":"post-3607","1":"product","2":"type-product","3":"status-publish","4":"has-post-thumbnail","6":"product_brand-pmi","7":"product_cat-rescue","8":"product_cat-rope-rescue","9":"product_tag-pigeon-mountain-industries","10":"product_tag-pmi","12":"first","13":"instock","14":"shipping-taxable","15":"product-type-simple"},"yoast_head":"<!-- This site is optimized with the Yoast SEO plugin v27.4 - https:\/\/yoast.com\/product\/yoast-seo-wordpress\/ -->\n<title>12.5mm Classic Rope EZ-Bend - Safety Source Fire<\/title>\n<meta name=\"robots\" content=\"index, follow, max-snippet:-1, max-image-preview:large, max-video-preview:-1\" \/>\n<link rel=\"canonical\" href=\"https:\/\/safetysourcefire.ca\/fr\/produit\/12-5mm-classic-rope-ez-bend\/\" \/>\n<meta property=\"og:locale\" content=\"fr_CA\" \/>\n<meta property=\"og:type\" content=\"article\" \/>\n<meta property=\"og:title\" content=\"12.5mm Classic Rope EZ-Bend - Safety Source Fire\" \/>\n<meta property=\"og:description\" content=\"PMI\u00ae 12.5 mm is the classic 6,6 nylon line for any rugged or harsh environment. High abrasion resistance makes this the toughest rope for any professional.\" \/>\n<meta property=\"og:url\" content=\"https:\/\/safetysourcefire.ca\/fr\/produit\/12-5mm-classic-rope-ez-bend\/\" \/>\n<meta property=\"og:site_name\" content=\"Safety Source Fire\" \/>\n<meta property=\"article:publisher\" content=\"https:\/\/www.facebook.com\/mmfssca\" \/>\n<meta property=\"article:modified_time\" content=\"2018-03-19T14:08:01+00:00\" \/>\n<meta property=\"og:image\" content=\"https:\/\/safetysourcefire.ca\/wp-content\/uploads\/2017\/06\/rr125wo200.jpg\" \/>\n\t<meta property=\"og:image:width\" content=\"600\" \/>\n\t<meta property=\"og:image:height\" content=\"600\" \/>\n\t<meta property=\"og:image:type\" content=\"image\/jpeg\" \/>\n<meta name=\"twitter:card\" content=\"summary_large_image\" \/>\n<meta name=\"twitter:site\" content=\"@mmfssca\" \/>\n<script type=\"application\/ld+json\" class=\"yoast-schema-graph\">{\"@context\":\"https:\\\/\\\/schema.org\",\"@graph\":[{\"@type\":\"WebPage\",\"@id\":\"https:\\\/\\\/safetysourcefire.ca\\\/product\\\/12-5mm-classic-rope-ez-bend\\\/\",\"url\":\"https:\\\/\\\/safetysourcefire.ca\\\/product\\\/12-5mm-classic-rope-ez-bend\\\/\",\"name\":\"12.5mm Classic Rope EZ-Bend - Safety Source Fire\",\"isPartOf\":{\"@id\":\"https:\\\/\\\/safetysourcefire.ca\\\/#website\"},\"primaryImageOfPage\":{\"@id\":\"https:\\\/\\\/safetysourcefire.ca\\\/product\\\/12-5mm-classic-rope-ez-bend\\\/#primaryimage\"},\"image\":{\"@id\":\"https:\\\/\\\/safetysourcefire.ca\\\/product\\\/12-5mm-classic-rope-ez-bend\\\/#primaryimage\"},\"thumbnailUrl\":\"https:\\\/\\\/safetysourcefire.ca\\\/wp-content\\\/uploads\\\/2017\\\/06\\\/rr125wo200.jpg\",\"datePublished\":\"2017-06-21T12:40:38+00:00\",\"dateModified\":\"2018-03-19T14:08:01+00:00\",\"breadcrumb\":{\"@id\":\"https:\\\/\\\/safetysourcefire.ca\\\/product\\\/12-5mm-classic-rope-ez-bend\\\/#breadcrumb\"},\"inLanguage\":\"fr-CA\",\"potentialAction\":[{\"@type\":\"ReadAction\",\"target\":[\"https:\\\/\\\/safetysourcefire.ca\\\/product\\\/12-5mm-classic-rope-ez-bend\\\/\"]}]},{\"@type\":\"ImageObject\",\"inLanguage\":\"fr-CA\",\"@id\":\"https:\\\/\\\/safetysourcefire.ca\\\/product\\\/12-5mm-classic-rope-ez-bend\\\/#primaryimage\",\"url\":\"https:\\\/\\\/safetysourcefire.ca\\\/wp-content\\\/uploads\\\/2017\\\/06\\\/rr125wo200.jpg\",\"contentUrl\":\"https:\\\/\\\/safetysourcefire.ca\\\/wp-content\\\/uploads\\\/2017\\\/06\\\/rr125wo200.jpg\",\"width\":600,\"height\":600,\"caption\":\"rope\"},{\"@type\":\"BreadcrumbList\",\"@id\":\"https:\\\/\\\/safetysourcefire.ca\\\/product\\\/12-5mm-classic-rope-ez-bend\\\/#breadcrumb\",\"itemListElement\":[{\"@type\":\"ListItem\",\"position\":1,\"name\":\"Home\",\"item\":\"https:\\\/\\\/safetysourcefire.ca\\\/\"},{\"@type\":\"ListItem\",\"position\":2,\"name\":\"Products\",\"item\":\"https:\\\/\\\/safetysourcefire.ca\\\/shop\\\/\"},{\"@type\":\"ListItem\",\"position\":3,\"name\":\"12.5mm Classic Rope EZ-Bend\"}]},{\"@type\":\"WebSite\",\"@id\":\"https:\\\/\\\/safetysourcefire.ca\\\/#website\",\"url\":\"https:\\\/\\\/safetysourcefire.ca\\\/\",\"name\":\"Safety Source Fire\",\"description\":\"\",\"publisher\":{\"@id\":\"https:\\\/\\\/safetysourcefire.ca\\\/#organization\"},\"potentialAction\":[{\"@type\":\"SearchAction\",\"target\":{\"@type\":\"EntryPoint\",\"urlTemplate\":\"https:\\\/\\\/safetysourcefire.ca\\\/?s={search_term_string}\"},\"query-input\":{\"@type\":\"PropertyValueSpecification\",\"valueRequired\":true,\"valueName\":\"search_term_string\"}}],\"inLanguage\":\"fr-CA\"},{\"@type\":\"Organization\",\"@id\":\"https:\\\/\\\/safetysourcefire.ca\\\/#organization\",\"name\":\"Safety Source Fire\",\"url\":\"https:\\\/\\\/safetysourcefire.ca\\\/\",\"logo\":{\"@type\":\"ImageObject\",\"inLanguage\":\"fr-CA\",\"@id\":\"https:\\\/\\\/safetysourcefire.ca\\\/#\\\/schema\\\/logo\\\/image\\\/\",\"url\":\"https:\\\/\\\/safetysourcefire.ca\\\/wp-content\\\/uploads\\\/2021\\\/01\\\/SSF_logo_CC0000-3.png\",\"contentUrl\":\"https:\\\/\\\/safetysourcefire.ca\\\/wp-content\\\/uploads\\\/2021\\\/01\\\/SSF_logo_CC0000-3.png\",\"width\":1107,\"height\":365,\"caption\":\"Safety Source Fire\"},\"image\":{\"@id\":\"https:\\\/\\\/safetysourcefire.ca\\\/#\\\/schema\\\/logo\\\/image\\\/\"},\"sameAs\":[\"https:\\\/\\\/www.facebook.com\\\/mmfssca\",\"https:\\\/\\\/x.com\\\/mmfssca\"]}]}<\/script>\n<!-- \/ Yoast SEO plugin. -->","yoast_head_json":{"title":"Corde classique 12,5 mm EZ-Bend - Safety Source Fire","robots":{"index":"index","follow":"follow","max-snippet":"max-snippet:-1","max-image-preview":"max-image-preview:large","max-video-preview":"max-video-preview:-1"},"canonical":"https:\/\/safetysourcefire.ca\/fr\/produit\/12-5mm-classic-rope-ez-bend\/","og_locale":"fr_CA","og_type":"article","og_title":"12.5mm Classic Rope EZ-Bend - Safety Source Fire","og_description":"PMI\u00ae 12.5 mm is the classic 6,6 nylon line for any rugged or harsh environment. High abrasion resistance makes this the toughest rope for any professional.","og_url":"https:\/\/safetysourcefire.ca\/fr\/produit\/12-5mm-classic-rope-ez-bend\/","og_site_name":"Safety Source Fire","article_publisher":"https:\/\/www.facebook.com\/mmfssca","article_modified_time":"2018-03-19T14:08:01+00:00","og_image":[{"width":600,"height":600,"url":"https:\/\/safetysourcefire.ca\/wp-content\/uploads\/2017\/06\/rr125wo200.jpg","type":"image\/jpeg"}],"twitter_card":"summary_large_image","twitter_site":"@mmfssca","schema":{"@context":"https:\/\/schema.org","@graph":[{"@type":"WebPage","@id":"https:\/\/safetysourcefire.ca\/product\/12-5mm-classic-rope-ez-bend\/","url":"https:\/\/safetysourcefire.ca\/product\/12-5mm-classic-rope-ez-bend\/","name":"Corde classique 12,5 mm EZ-Bend - Safety Source Fire","isPartOf":{"@id":"https:\/\/safetysourcefire.ca\/#website"},"primaryImageOfPage":{"@id":"https:\/\/safetysourcefire.ca\/product\/12-5mm-classic-rope-ez-bend\/#primaryimage"},"image":{"@id":"https:\/\/safetysourcefire.ca\/product\/12-5mm-classic-rope-ez-bend\/#primaryimage"},"thumbnailUrl":"https:\/\/safetysourcefire.ca\/wp-content\/uploads\/2017\/06\/rr125wo200.jpg","datePublished":"2017-06-21T12:40:38+00:00","dateModified":"2018-03-19T14:08:01+00:00","breadcrumb":{"@id":"https:\/\/safetysourcefire.ca\/product\/12-5mm-classic-rope-ez-bend\/#breadcrumb"},"inLanguage":"fr-CA","potentialAction":[{"@type":"ReadAction","target":["https:\/\/safetysourcefire.ca\/product\/12-5mm-classic-rope-ez-bend\/"]}]},{"@type":"ImageObject","inLanguage":"fr-CA","@id":"https:\/\/safetysourcefire.ca\/product\/12-5mm-classic-rope-ez-bend\/#primaryimage","url":"https:\/\/safetysourcefire.ca\/wp-content\/uploads\/2017\/06\/rr125wo200.jpg","contentUrl":"https:\/\/safetysourcefire.ca\/wp-content\/uploads\/2017\/06\/rr125wo200.jpg","width":600,"height":600,"caption":"rope"},{"@type":"BreadcrumbList","@id":"https:\/\/safetysourcefire.ca\/product\/12-5mm-classic-rope-ez-bend\/#breadcrumb","itemListElement":[{"@type":"ListItem","position":1,"name":"Home","item":"https:\/\/safetysourcefire.ca\/"},{"@type":"ListItem","position":2,"name":"Products","item":"https:\/\/safetysourcefire.ca\/shop\/"},{"@type":"ListItem","position":3,"name":"12.5mm Classic Rope EZ-Bend"}]},{"@type":"WebSite","@id":"https:\/\/safetysourcefire.ca\/#website","url":"https:\/\/safetysourcefire.ca\/","name":"Safety Source Fire","description":"","publisher":{"@id":"https:\/\/safetysourcefire.ca\/#organization"},"potentialAction":[{"@type":"SearchAction","target":{"@type":"EntryPoint","urlTemplate":"https:\/\/safetysourcefire.ca\/?s={search_term_string}"},"query-input":{"@type":"PropertyValueSpecification","valueRequired":true,"valueName":"search_term_string"}}],"inLanguage":"fr-CA"},{"@type":"Organization","@id":"https:\/\/safetysourcefire.ca\/#organization","name":"Safety Source Fire","url":"https:\/\/safetysourcefire.ca\/","logo":{"@type":"ImageObject","inLanguage":"fr-CA","@id":"https:\/\/safetysourcefire.ca\/#\/schema\/logo\/image\/","url":"https:\/\/safetysourcefire.ca\/wp-content\/uploads\/2021\/01\/SSF_logo_CC0000-3.png","contentUrl":"https:\/\/safetysourcefire.ca\/wp-content\/uploads\/2021\/01\/SSF_logo_CC0000-3.png","width":1107,"height":365,"caption":"Safety Source Fire"},"image":{"@id":"https:\/\/safetysourcefire.ca\/#\/schema\/logo\/image\/"},"sameAs":["https:\/\/www.facebook.com\/mmfssca","https:\/\/x.com\/mmfssca"]}]}},"_links":{"self":[{"href":"https:\/\/safetysourcefire.ca\/fr\/wp-json\/wp\/v2\/product\/3607","targetHints":{"allow":["GET"]}}],"collection":[{"href":"https:\/\/safetysourcefire.ca\/fr\/wp-json\/wp\/v2\/product"}],"about":[{"href":"https:\/\/safetysourcefire.ca\/fr\/wp-json\/wp\/v2\/types\/product"}],"wp:featuredmedia":[{"embeddable":true,"href":"https:\/\/safetysourcefire.ca\/fr\/wp-json\/wp\/v2\/media\/3338"}],"wp:attachment":[{"href":"https:\/\/safetysourcefire.ca\/fr\/wp-json\/wp\/v2\/media?parent=3607"}],"wp:term":[{"taxonomy":"product_brand","embeddable":true,"href":"https:\/\/safetysourcefire.ca\/fr\/wp-json\/wp\/v2\/product_brand?post=3607"},{"taxonomy":"product_cat","embeddable":true,"href":"https:\/\/safetysourcefire.ca\/fr\/wp-json\/wp\/v2\/product_cat?post=3607"},{"taxonomy":"product_tag","embeddable":true,"href":"https:\/\/safetysourcefire.ca\/fr\/wp-json\/wp\/v2\/product_tag?post=3607"}],"curies":[{"name":"wp","href":"https:\/\/api.w.org\/{rel}","templated":true}]}}