{"id":3618,"date":"2017-06-21T13:13:33","date_gmt":"2017-06-21T13:13:33","guid":{"rendered":"http:\/\/mmfss.ca\/?post_type=product&#038;p=3618"},"modified":"2018-03-19T14:07:55","modified_gmt":"2018-03-19T14:07:55","slug":"smc-locking-d-alum-carabiner-nfpa-bright","status":"publish","type":"product","link":"https:\/\/safetysourcefire.ca\/fr\/produit\/smc-locking-d-alum-carabiner-nfpa-bright\/","title":{"rendered":"Mousqueton verrouillable SMC D Alum NFPA-Bright"},"content":{"rendered":"<p>Extr\u00eamement l\u00e9ger, il offre une r\u00e9sistance \u00e9lev\u00e9e et une grande ouverture pour une polyvalence fonctionnelle. Le manchon de verrouillage engage la porte plut\u00f4t que le cadre, afin d'\u00e9viter les coincements.<br \/>\n<strong>Principales caract\u00e9ristiques:<\/strong><\/p>\n<ul>\n<li>Forme en \u00ab D \u00bb modifi\u00e9e<\/li>\n<li>Ouverture \u00e0 vis avec verrou<\/li>\n<li>Aluminium<\/li>\n<li>Ressorts et goupilles en acier inoxydable<\/li>\n<li>Mod\u00e8les NFPA 1983 disponibles<\/li>\n<\/ul>\n<p><strong>Couleur:\u00a0<\/strong>Brillant<br \/>\n<strong>Type:\u00a0<\/strong>Verrou viss\u00e9<br \/>\n<strong>MBS\u00a0:\u00a0<\/strong>27 kN (6070 lbf)<br \/>\n<strong>Poids:\u00a0<\/strong>2,6 onces (74 g)<br \/>\n<strong>Longueur:\u00a0<\/strong>4.37\u2033 (11.1cm)<br \/>\n<strong>Largeur:\u00a0<\/strong>2.56\u2033 (6.5cm)<br \/>\n<strong>Ouverture :\u00a0<\/strong>0.82\u2033 (20.8mm)<br \/>\n<strong>Axe majeur\u00a0:\u00a0<\/strong>27 kN (6070 lbf)<br \/>\n<strong>Axe mineur\u00a0:\u00a0<\/strong>7 kN (1574 lbf)<br \/>\n<strong>Grandeur de l'ouverture\u00a0:\u00a0<\/strong>7 kN (1574 lbf)<br \/>\n<strong>Mat\u00e9riel:\u00a0<\/strong>Aluminium poli<\/p>\n<p>&nbsp;<\/p>\n<p>NFPA 1983 (2012), T<\/p>\n<p>Conforme \u00e0 la norme Berry<\/p>","protected":false},"excerpt":{"rendered":"<p>Ce mousqueton \u00e9tablit la norme dans les applications d&#039;escalade, d&#039;alpinisme et de sauvetage.<\/p>","protected":false},"featured_media":3342,"template":"","meta":[],"product_brand":[199],"product_cat":[51,131],"product_tag":[332,331],"class_list":{"0":"post-3618","1":"product","2":"type-product","3":"status-publish","4":"has-post-thumbnail","6":"product_brand-pmi","7":"product_cat-rescue","8":"product_cat-rope-rescue","9":"product_tag-pigeon-mountain-industries","10":"product_tag-pmi","12":"first","13":"instock","14":"shipping-taxable","15":"product-type-simple"},"yoast_head":"<!-- This site is optimized with the Yoast SEO plugin v27.4 - https:\/\/yoast.com\/product\/yoast-seo-wordpress\/ -->\n<title>SMC Locking D Alum Carabiner NFPA-Bright - Safety Source Fire<\/title>\n<meta name=\"robots\" content=\"index, follow, max-snippet:-1, max-image-preview:large, max-video-preview:-1\" \/>\n<link rel=\"canonical\" href=\"https:\/\/safetysourcefire.ca\/fr\/produit\/smc-locking-d-alum-carabiner-nfpa-bright\/\" \/>\n<meta property=\"og:locale\" content=\"fr_CA\" \/>\n<meta property=\"og:type\" content=\"article\" \/>\n<meta property=\"og:title\" content=\"SMC Locking D Alum Carabiner NFPA-Bright - Safety Source Fire\" \/>\n<meta property=\"og:description\" content=\"This carabiner sets the standard in climbing, mountaineering, and rescue applications.\" \/>\n<meta property=\"og:url\" content=\"https:\/\/safetysourcefire.ca\/fr\/produit\/smc-locking-d-alum-carabiner-nfpa-bright\/\" \/>\n<meta property=\"og:site_name\" content=\"Safety Source Fire\" \/>\n<meta property=\"article:publisher\" content=\"https:\/\/www.facebook.com\/mmfssca\" \/>\n<meta property=\"article:modified_time\" content=\"2018-03-19T14:07:55+00:00\" \/>\n<meta property=\"og:image\" content=\"https:\/\/safetysourcefire.ca\/wp-content\/uploads\/2017\/06\/sm18501n.jpg\" \/>\n\t<meta property=\"og:image:width\" content=\"600\" \/>\n\t<meta property=\"og:image:height\" content=\"600\" \/>\n\t<meta property=\"og:image:type\" content=\"image\/jpeg\" \/>\n<meta name=\"twitter:card\" content=\"summary_large_image\" \/>\n<meta name=\"twitter:site\" content=\"@mmfssca\" \/>\n<script type=\"application\/ld+json\" class=\"yoast-schema-graph\">{\"@context\":\"https:\\\/\\\/schema.org\",\"@graph\":[{\"@type\":\"WebPage\",\"@id\":\"https:\\\/\\\/safetysourcefire.ca\\\/product\\\/smc-locking-d-alum-carabiner-nfpa-bright\\\/\",\"url\":\"https:\\\/\\\/safetysourcefire.ca\\\/product\\\/smc-locking-d-alum-carabiner-nfpa-bright\\\/\",\"name\":\"SMC Locking D Alum Carabiner NFPA-Bright - Safety Source Fire\",\"isPartOf\":{\"@id\":\"https:\\\/\\\/safetysourcefire.ca\\\/#website\"},\"primaryImageOfPage\":{\"@id\":\"https:\\\/\\\/safetysourcefire.ca\\\/product\\\/smc-locking-d-alum-carabiner-nfpa-bright\\\/#primaryimage\"},\"image\":{\"@id\":\"https:\\\/\\\/safetysourcefire.ca\\\/product\\\/smc-locking-d-alum-carabiner-nfpa-bright\\\/#primaryimage\"},\"thumbnailUrl\":\"https:\\\/\\\/safetysourcefire.ca\\\/wp-content\\\/uploads\\\/2017\\\/06\\\/sm18501n.jpg\",\"datePublished\":\"2017-06-21T13:13:33+00:00\",\"dateModified\":\"2018-03-19T14:07:55+00:00\",\"breadcrumb\":{\"@id\":\"https:\\\/\\\/safetysourcefire.ca\\\/product\\\/smc-locking-d-alum-carabiner-nfpa-bright\\\/#breadcrumb\"},\"inLanguage\":\"fr-CA\",\"potentialAction\":[{\"@type\":\"ReadAction\",\"target\":[\"https:\\\/\\\/safetysourcefire.ca\\\/product\\\/smc-locking-d-alum-carabiner-nfpa-bright\\\/\"]}]},{\"@type\":\"ImageObject\",\"inLanguage\":\"fr-CA\",\"@id\":\"https:\\\/\\\/safetysourcefire.ca\\\/product\\\/smc-locking-d-alum-carabiner-nfpa-bright\\\/#primaryimage\",\"url\":\"https:\\\/\\\/safetysourcefire.ca\\\/wp-content\\\/uploads\\\/2017\\\/06\\\/sm18501n.jpg\",\"contentUrl\":\"https:\\\/\\\/safetysourcefire.ca\\\/wp-content\\\/uploads\\\/2017\\\/06\\\/sm18501n.jpg\",\"width\":600,\"height\":600,\"caption\":\"carabiner\"},{\"@type\":\"BreadcrumbList\",\"@id\":\"https:\\\/\\\/safetysourcefire.ca\\\/product\\\/smc-locking-d-alum-carabiner-nfpa-bright\\\/#breadcrumb\",\"itemListElement\":[{\"@type\":\"ListItem\",\"position\":1,\"name\":\"Home\",\"item\":\"https:\\\/\\\/safetysourcefire.ca\\\/\"},{\"@type\":\"ListItem\",\"position\":2,\"name\":\"Products\",\"item\":\"https:\\\/\\\/safetysourcefire.ca\\\/shop\\\/\"},{\"@type\":\"ListItem\",\"position\":3,\"name\":\"SMC Locking D Alum Carabiner NFPA-Bright\"}]},{\"@type\":\"WebSite\",\"@id\":\"https:\\\/\\\/safetysourcefire.ca\\\/#website\",\"url\":\"https:\\\/\\\/safetysourcefire.ca\\\/\",\"name\":\"Safety Source Fire\",\"description\":\"\",\"publisher\":{\"@id\":\"https:\\\/\\\/safetysourcefire.ca\\\/#organization\"},\"potentialAction\":[{\"@type\":\"SearchAction\",\"target\":{\"@type\":\"EntryPoint\",\"urlTemplate\":\"https:\\\/\\\/safetysourcefire.ca\\\/?s={search_term_string}\"},\"query-input\":{\"@type\":\"PropertyValueSpecification\",\"valueRequired\":true,\"valueName\":\"search_term_string\"}}],\"inLanguage\":\"fr-CA\"},{\"@type\":\"Organization\",\"@id\":\"https:\\\/\\\/safetysourcefire.ca\\\/#organization\",\"name\":\"Safety Source Fire\",\"url\":\"https:\\\/\\\/safetysourcefire.ca\\\/\",\"logo\":{\"@type\":\"ImageObject\",\"inLanguage\":\"fr-CA\",\"@id\":\"https:\\\/\\\/safetysourcefire.ca\\\/#\\\/schema\\\/logo\\\/image\\\/\",\"url\":\"https:\\\/\\\/safetysourcefire.ca\\\/wp-content\\\/uploads\\\/2021\\\/01\\\/SSF_logo_CC0000-3.png\",\"contentUrl\":\"https:\\\/\\\/safetysourcefire.ca\\\/wp-content\\\/uploads\\\/2021\\\/01\\\/SSF_logo_CC0000-3.png\",\"width\":1107,\"height\":365,\"caption\":\"Safety Source Fire\"},\"image\":{\"@id\":\"https:\\\/\\\/safetysourcefire.ca\\\/#\\\/schema\\\/logo\\\/image\\\/\"},\"sameAs\":[\"https:\\\/\\\/www.facebook.com\\\/mmfssca\",\"https:\\\/\\\/x.com\\\/mmfssca\"]}]}<\/script>\n<!-- \/ Yoast SEO plugin. -->","yoast_head_json":{"title":"Mousqueton SMC verrouillable en aluminium NFPA-Bright - Safety Source Fire","robots":{"index":"index","follow":"follow","max-snippet":"max-snippet:-1","max-image-preview":"max-image-preview:large","max-video-preview":"max-video-preview:-1"},"canonical":"https:\/\/safetysourcefire.ca\/fr\/produit\/smc-locking-d-alum-carabiner-nfpa-bright\/","og_locale":"fr_CA","og_type":"article","og_title":"SMC Locking D Alum Carabiner NFPA-Bright - Safety Source Fire","og_description":"This carabiner sets the standard in climbing, mountaineering, and rescue applications.","og_url":"https:\/\/safetysourcefire.ca\/fr\/produit\/smc-locking-d-alum-carabiner-nfpa-bright\/","og_site_name":"Safety Source Fire","article_publisher":"https:\/\/www.facebook.com\/mmfssca","article_modified_time":"2018-03-19T14:07:55+00:00","og_image":[{"width":600,"height":600,"url":"https:\/\/safetysourcefire.ca\/wp-content\/uploads\/2017\/06\/sm18501n.jpg","type":"image\/jpeg"}],"twitter_card":"summary_large_image","twitter_site":"@mmfssca","schema":{"@context":"https:\/\/schema.org","@graph":[{"@type":"WebPage","@id":"https:\/\/safetysourcefire.ca\/product\/smc-locking-d-alum-carabiner-nfpa-bright\/","url":"https:\/\/safetysourcefire.ca\/product\/smc-locking-d-alum-carabiner-nfpa-bright\/","name":"Mousqueton SMC verrouillable en aluminium NFPA-Bright - Safety Source Fire","isPartOf":{"@id":"https:\/\/safetysourcefire.ca\/#website"},"primaryImageOfPage":{"@id":"https:\/\/safetysourcefire.ca\/product\/smc-locking-d-alum-carabiner-nfpa-bright\/#primaryimage"},"image":{"@id":"https:\/\/safetysourcefire.ca\/product\/smc-locking-d-alum-carabiner-nfpa-bright\/#primaryimage"},"thumbnailUrl":"https:\/\/safetysourcefire.ca\/wp-content\/uploads\/2017\/06\/sm18501n.jpg","datePublished":"2017-06-21T13:13:33+00:00","dateModified":"2018-03-19T14:07:55+00:00","breadcrumb":{"@id":"https:\/\/safetysourcefire.ca\/product\/smc-locking-d-alum-carabiner-nfpa-bright\/#breadcrumb"},"inLanguage":"fr-CA","potentialAction":[{"@type":"ReadAction","target":["https:\/\/safetysourcefire.ca\/product\/smc-locking-d-alum-carabiner-nfpa-bright\/"]}]},{"@type":"ImageObject","inLanguage":"fr-CA","@id":"https:\/\/safetysourcefire.ca\/product\/smc-locking-d-alum-carabiner-nfpa-bright\/#primaryimage","url":"https:\/\/safetysourcefire.ca\/wp-content\/uploads\/2017\/06\/sm18501n.jpg","contentUrl":"https:\/\/safetysourcefire.ca\/wp-content\/uploads\/2017\/06\/sm18501n.jpg","width":600,"height":600,"caption":"carabiner"},{"@type":"BreadcrumbList","@id":"https:\/\/safetysourcefire.ca\/product\/smc-locking-d-alum-carabiner-nfpa-bright\/#breadcrumb","itemListElement":[{"@type":"ListItem","position":1,"name":"Home","item":"https:\/\/safetysourcefire.ca\/"},{"@type":"ListItem","position":2,"name":"Products","item":"https:\/\/safetysourcefire.ca\/shop\/"},{"@type":"ListItem","position":3,"name":"SMC Locking D Alum Carabiner NFPA-Bright"}]},{"@type":"WebSite","@id":"https:\/\/safetysourcefire.ca\/#website","url":"https:\/\/safetysourcefire.ca\/","name":"Safety Source Fire","description":"","publisher":{"@id":"https:\/\/safetysourcefire.ca\/#organization"},"potentialAction":[{"@type":"SearchAction","target":{"@type":"EntryPoint","urlTemplate":"https:\/\/safetysourcefire.ca\/?s={search_term_string}"},"query-input":{"@type":"PropertyValueSpecification","valueRequired":true,"valueName":"search_term_string"}}],"inLanguage":"fr-CA"},{"@type":"Organization","@id":"https:\/\/safetysourcefire.ca\/#organization","name":"Safety Source Fire","url":"https:\/\/safetysourcefire.ca\/","logo":{"@type":"ImageObject","inLanguage":"fr-CA","@id":"https:\/\/safetysourcefire.ca\/#\/schema\/logo\/image\/","url":"https:\/\/safetysourcefire.ca\/wp-content\/uploads\/2021\/01\/SSF_logo_CC0000-3.png","contentUrl":"https:\/\/safetysourcefire.ca\/wp-content\/uploads\/2021\/01\/SSF_logo_CC0000-3.png","width":1107,"height":365,"caption":"Safety Source Fire"},"image":{"@id":"https:\/\/safetysourcefire.ca\/#\/schema\/logo\/image\/"},"sameAs":["https:\/\/www.facebook.com\/mmfssca","https:\/\/x.com\/mmfssca"]}]}},"_links":{"self":[{"href":"https:\/\/safetysourcefire.ca\/fr\/wp-json\/wp\/v2\/product\/3618","targetHints":{"allow":["GET"]}}],"collection":[{"href":"https:\/\/safetysourcefire.ca\/fr\/wp-json\/wp\/v2\/product"}],"about":[{"href":"https:\/\/safetysourcefire.ca\/fr\/wp-json\/wp\/v2\/types\/product"}],"wp:featuredmedia":[{"embeddable":true,"href":"https:\/\/safetysourcefire.ca\/fr\/wp-json\/wp\/v2\/media\/3342"}],"wp:attachment":[{"href":"https:\/\/safetysourcefire.ca\/fr\/wp-json\/wp\/v2\/media?parent=3618"}],"wp:term":[{"taxonomy":"product_brand","embeddable":true,"href":"https:\/\/safetysourcefire.ca\/fr\/wp-json\/wp\/v2\/product_brand?post=3618"},{"taxonomy":"product_cat","embeddable":true,"href":"https:\/\/safetysourcefire.ca\/fr\/wp-json\/wp\/v2\/product_cat?post=3618"},{"taxonomy":"product_tag","embeddable":true,"href":"https:\/\/safetysourcefire.ca\/fr\/wp-json\/wp\/v2\/product_tag?post=3618"}],"curies":[{"name":"wp","href":"https:\/\/api.w.org\/{rel}","templated":true}]}}