{"id":3619,"date":"2017-06-21T13:14:58","date_gmt":"2017-06-21T13:14:58","guid":{"rendered":"http:\/\/mmfss.ca\/?post_type=product&#038;p=3619"},"modified":"2018-03-19T14:07:54","modified_gmt":"2018-03-19T14:07:54","slug":"smc-crossover-screw-lock-carabiner-nfpa-blue","status":"publish","type":"product","link":"https:\/\/safetysourcefire.ca\/fr\/produit\/smc-crossover-screw-lock-carabiner-nfpa-blue\/","title":{"rendered":"Mousqueton vissable SMC Crossover NFPA-Bleu"},"content":{"rendered":"<p>Les Crossovers ont \u00e9t\u00e9 sp\u00e9cialement con\u00e7us pour r\u00e9pondre \u00e0 tous les besoins de s\u00e9curit\u00e9 de votre environnement de travail. Les manchons \u00e0 verrouillage automatique double ou triple faciles \u00e0 utiliser permettent des op\u00e9rations \u00e0 une seule main, tout en travaillant dans des environnements critiques. Une version traditionnelle qui se visse normalement est \u00e9galement disponible.<\/p>\n<p><strong>Principales caract\u00e9ristiques:<\/strong><\/p>\n<ul>\n<li>Choix de trois options de loquet<\/li>\n<li>Conception l\u00e9g\u00e8re<\/li>\n<li>Nouveau design<\/li>\n<li>Conformes \u00e0 la norme ANSI Z359 (mod\u00e8les Dual-Lock et Tri-Lock)<\/li>\n<\/ul>\n<p><strong>Couleur:\u00a0<\/strong>\u00c9tain<br \/>\n<strong>Type:\u00a0<\/strong>Verrou viss\u00e9<br \/>\n<strong>MBS\u00a0:\u00a0<\/strong>40 kN (8992 lbf)<br \/>\n<strong>Poids:\u00a0<\/strong>5,1 onces (145 g)<br \/>\n<strong>Longueur:\u00a0<\/strong>5.53\u2033 (14.0cm)<br \/>\n<strong>Largeur:\u00a0<\/strong>3.34\u2033 (8.5cm)<br \/>\n<strong>Ouverture :\u00a0<\/strong>1.00\u2033 (25.4mm)<br \/>\n<strong>Axe majeur\u00a0:\u00a0<\/strong>40 kN (8992 lbf)<br \/>\n<strong>Axe mineur\u00a0:\u00a0<\/strong>16 kN (3600 lbf)<br \/>\n<strong>Grandeur de l'ouverture\u00a0:\u00a0<\/strong>18 kN (4046 lbf)<br \/>\n<strong>Mat\u00e9riel:\u00a0<\/strong>Aluminium anodis\u00e9<\/p>\n<p>&nbsp;<\/p>\n<p>NFPA 1983 (2012), G<\/p>\n<p>Conforme \u00e0 la norme Berry<\/p>","protected":false},"excerpt":{"rendered":"<p>Ces mousquetons vous offrent un cadre ergonomique permettant des op\u00e9rations faciles \u00e0 une seule main.<\/p>","protected":false},"featured_media":3347,"template":"","meta":[],"product_brand":[199],"product_cat":[51,131],"product_tag":[332,331],"class_list":{"0":"post-3619","1":"product","2":"type-product","3":"status-publish","4":"has-post-thumbnail","6":"product_brand-pmi","7":"product_cat-rescue","8":"product_cat-rope-rescue","9":"product_tag-pigeon-mountain-industries","10":"product_tag-pmi","12":"first","13":"instock","14":"shipping-taxable","15":"product-type-simple"},"yoast_head":"<!-- This site is optimized with the Yoast SEO plugin v27.4 - https:\/\/yoast.com\/product\/yoast-seo-wordpress\/ -->\n<title>SMC Crossover Screw-Lock Carabiner NFPA-Blue - Safety Source Fire<\/title>\n<meta name=\"robots\" content=\"index, follow, max-snippet:-1, max-image-preview:large, max-video-preview:-1\" \/>\n<link rel=\"canonical\" href=\"https:\/\/safetysourcefire.ca\/fr\/produit\/smc-crossover-screw-lock-carabiner-nfpa-blue\/\" \/>\n<meta property=\"og:locale\" content=\"fr_CA\" \/>\n<meta property=\"og:type\" content=\"article\" \/>\n<meta property=\"og:title\" content=\"SMC Crossover Screw-Lock Carabiner NFPA-Blue - Safety Source Fire\" \/>\n<meta property=\"og:description\" content=\"These carabiners feature a new ergonomic single hand frame geometry allowing easy single hand operations.\" \/>\n<meta property=\"og:url\" content=\"https:\/\/safetysourcefire.ca\/fr\/produit\/smc-crossover-screw-lock-carabiner-nfpa-blue\/\" \/>\n<meta property=\"og:site_name\" content=\"Safety Source Fire\" \/>\n<meta property=\"article:publisher\" content=\"https:\/\/www.facebook.com\/mmfssca\" \/>\n<meta property=\"article:modified_time\" content=\"2018-03-19T14:07:54+00:00\" \/>\n<meta property=\"og:image\" content=\"https:\/\/safetysourcefire.ca\/wp-content\/uploads\/2017\/06\/sm205500n.jpg\" \/>\n\t<meta property=\"og:image:width\" content=\"600\" \/>\n\t<meta property=\"og:image:height\" content=\"600\" \/>\n\t<meta property=\"og:image:type\" content=\"image\/jpeg\" \/>\n<meta name=\"twitter:card\" content=\"summary_large_image\" \/>\n<meta name=\"twitter:site\" content=\"@mmfssca\" \/>\n<script type=\"application\/ld+json\" class=\"yoast-schema-graph\">{\"@context\":\"https:\\\/\\\/schema.org\",\"@graph\":[{\"@type\":\"WebPage\",\"@id\":\"https:\\\/\\\/safetysourcefire.ca\\\/product\\\/smc-crossover-screw-lock-carabiner-nfpa-blue\\\/\",\"url\":\"https:\\\/\\\/safetysourcefire.ca\\\/product\\\/smc-crossover-screw-lock-carabiner-nfpa-blue\\\/\",\"name\":\"SMC Crossover Screw-Lock Carabiner NFPA-Blue - Safety Source Fire\",\"isPartOf\":{\"@id\":\"https:\\\/\\\/safetysourcefire.ca\\\/#website\"},\"primaryImageOfPage\":{\"@id\":\"https:\\\/\\\/safetysourcefire.ca\\\/product\\\/smc-crossover-screw-lock-carabiner-nfpa-blue\\\/#primaryimage\"},\"image\":{\"@id\":\"https:\\\/\\\/safetysourcefire.ca\\\/product\\\/smc-crossover-screw-lock-carabiner-nfpa-blue\\\/#primaryimage\"},\"thumbnailUrl\":\"https:\\\/\\\/safetysourcefire.ca\\\/wp-content\\\/uploads\\\/2017\\\/06\\\/sm205500n.jpg\",\"datePublished\":\"2017-06-21T13:14:58+00:00\",\"dateModified\":\"2018-03-19T14:07:54+00:00\",\"breadcrumb\":{\"@id\":\"https:\\\/\\\/safetysourcefire.ca\\\/product\\\/smc-crossover-screw-lock-carabiner-nfpa-blue\\\/#breadcrumb\"},\"inLanguage\":\"fr-CA\",\"potentialAction\":[{\"@type\":\"ReadAction\",\"target\":[\"https:\\\/\\\/safetysourcefire.ca\\\/product\\\/smc-crossover-screw-lock-carabiner-nfpa-blue\\\/\"]}]},{\"@type\":\"ImageObject\",\"inLanguage\":\"fr-CA\",\"@id\":\"https:\\\/\\\/safetysourcefire.ca\\\/product\\\/smc-crossover-screw-lock-carabiner-nfpa-blue\\\/#primaryimage\",\"url\":\"https:\\\/\\\/safetysourcefire.ca\\\/wp-content\\\/uploads\\\/2017\\\/06\\\/sm205500n.jpg\",\"contentUrl\":\"https:\\\/\\\/safetysourcefire.ca\\\/wp-content\\\/uploads\\\/2017\\\/06\\\/sm205500n.jpg\",\"width\":600,\"height\":600,\"caption\":\"carabiner\"},{\"@type\":\"BreadcrumbList\",\"@id\":\"https:\\\/\\\/safetysourcefire.ca\\\/product\\\/smc-crossover-screw-lock-carabiner-nfpa-blue\\\/#breadcrumb\",\"itemListElement\":[{\"@type\":\"ListItem\",\"position\":1,\"name\":\"Home\",\"item\":\"https:\\\/\\\/safetysourcefire.ca\\\/\"},{\"@type\":\"ListItem\",\"position\":2,\"name\":\"Products\",\"item\":\"https:\\\/\\\/safetysourcefire.ca\\\/shop\\\/\"},{\"@type\":\"ListItem\",\"position\":3,\"name\":\"SMC Crossover Screw-Lock Carabiner NFPA-Blue\"}]},{\"@type\":\"WebSite\",\"@id\":\"https:\\\/\\\/safetysourcefire.ca\\\/#website\",\"url\":\"https:\\\/\\\/safetysourcefire.ca\\\/\",\"name\":\"Safety Source Fire\",\"description\":\"\",\"publisher\":{\"@id\":\"https:\\\/\\\/safetysourcefire.ca\\\/#organization\"},\"potentialAction\":[{\"@type\":\"SearchAction\",\"target\":{\"@type\":\"EntryPoint\",\"urlTemplate\":\"https:\\\/\\\/safetysourcefire.ca\\\/?s={search_term_string}\"},\"query-input\":{\"@type\":\"PropertyValueSpecification\",\"valueRequired\":true,\"valueName\":\"search_term_string\"}}],\"inLanguage\":\"fr-CA\"},{\"@type\":\"Organization\",\"@id\":\"https:\\\/\\\/safetysourcefire.ca\\\/#organization\",\"name\":\"Safety Source Fire\",\"url\":\"https:\\\/\\\/safetysourcefire.ca\\\/\",\"logo\":{\"@type\":\"ImageObject\",\"inLanguage\":\"fr-CA\",\"@id\":\"https:\\\/\\\/safetysourcefire.ca\\\/#\\\/schema\\\/logo\\\/image\\\/\",\"url\":\"https:\\\/\\\/safetysourcefire.ca\\\/wp-content\\\/uploads\\\/2021\\\/01\\\/SSF_logo_CC0000-3.png\",\"contentUrl\":\"https:\\\/\\\/safetysourcefire.ca\\\/wp-content\\\/uploads\\\/2021\\\/01\\\/SSF_logo_CC0000-3.png\",\"width\":1107,\"height\":365,\"caption\":\"Safety Source Fire\"},\"image\":{\"@id\":\"https:\\\/\\\/safetysourcefire.ca\\\/#\\\/schema\\\/logo\\\/image\\\/\"},\"sameAs\":[\"https:\\\/\\\/www.facebook.com\\\/mmfssca\",\"https:\\\/\\\/x.com\\\/mmfssca\"]}]}<\/script>\n<!-- \/ Yoast SEO plugin. -->","yoast_head_json":{"title":"Mousqueton \u00e0 vis crois\u00e9 SMC NFPA-Bleu - Safety Source Fire","robots":{"index":"index","follow":"follow","max-snippet":"max-snippet:-1","max-image-preview":"max-image-preview:large","max-video-preview":"max-video-preview:-1"},"canonical":"https:\/\/safetysourcefire.ca\/fr\/produit\/smc-crossover-screw-lock-carabiner-nfpa-blue\/","og_locale":"fr_CA","og_type":"article","og_title":"SMC Crossover Screw-Lock Carabiner NFPA-Blue - Safety Source Fire","og_description":"These carabiners feature a new ergonomic single hand frame geometry allowing easy single hand operations.","og_url":"https:\/\/safetysourcefire.ca\/fr\/produit\/smc-crossover-screw-lock-carabiner-nfpa-blue\/","og_site_name":"Safety Source Fire","article_publisher":"https:\/\/www.facebook.com\/mmfssca","article_modified_time":"2018-03-19T14:07:54+00:00","og_image":[{"width":600,"height":600,"url":"https:\/\/safetysourcefire.ca\/wp-content\/uploads\/2017\/06\/sm205500n.jpg","type":"image\/jpeg"}],"twitter_card":"summary_large_image","twitter_site":"@mmfssca","schema":{"@context":"https:\/\/schema.org","@graph":[{"@type":"WebPage","@id":"https:\/\/safetysourcefire.ca\/product\/smc-crossover-screw-lock-carabiner-nfpa-blue\/","url":"https:\/\/safetysourcefire.ca\/product\/smc-crossover-screw-lock-carabiner-nfpa-blue\/","name":"Mousqueton \u00e0 vis crois\u00e9 SMC NFPA-Bleu - Safety Source Fire","isPartOf":{"@id":"https:\/\/safetysourcefire.ca\/#website"},"primaryImageOfPage":{"@id":"https:\/\/safetysourcefire.ca\/product\/smc-crossover-screw-lock-carabiner-nfpa-blue\/#primaryimage"},"image":{"@id":"https:\/\/safetysourcefire.ca\/product\/smc-crossover-screw-lock-carabiner-nfpa-blue\/#primaryimage"},"thumbnailUrl":"https:\/\/safetysourcefire.ca\/wp-content\/uploads\/2017\/06\/sm205500n.jpg","datePublished":"2017-06-21T13:14:58+00:00","dateModified":"2018-03-19T14:07:54+00:00","breadcrumb":{"@id":"https:\/\/safetysourcefire.ca\/product\/smc-crossover-screw-lock-carabiner-nfpa-blue\/#breadcrumb"},"inLanguage":"fr-CA","potentialAction":[{"@type":"ReadAction","target":["https:\/\/safetysourcefire.ca\/product\/smc-crossover-screw-lock-carabiner-nfpa-blue\/"]}]},{"@type":"ImageObject","inLanguage":"fr-CA","@id":"https:\/\/safetysourcefire.ca\/product\/smc-crossover-screw-lock-carabiner-nfpa-blue\/#primaryimage","url":"https:\/\/safetysourcefire.ca\/wp-content\/uploads\/2017\/06\/sm205500n.jpg","contentUrl":"https:\/\/safetysourcefire.ca\/wp-content\/uploads\/2017\/06\/sm205500n.jpg","width":600,"height":600,"caption":"carabiner"},{"@type":"BreadcrumbList","@id":"https:\/\/safetysourcefire.ca\/product\/smc-crossover-screw-lock-carabiner-nfpa-blue\/#breadcrumb","itemListElement":[{"@type":"ListItem","position":1,"name":"Home","item":"https:\/\/safetysourcefire.ca\/"},{"@type":"ListItem","position":2,"name":"Products","item":"https:\/\/safetysourcefire.ca\/shop\/"},{"@type":"ListItem","position":3,"name":"SMC Crossover Screw-Lock Carabiner NFPA-Blue"}]},{"@type":"WebSite","@id":"https:\/\/safetysourcefire.ca\/#website","url":"https:\/\/safetysourcefire.ca\/","name":"Safety Source Fire","description":"","publisher":{"@id":"https:\/\/safetysourcefire.ca\/#organization"},"potentialAction":[{"@type":"SearchAction","target":{"@type":"EntryPoint","urlTemplate":"https:\/\/safetysourcefire.ca\/?s={search_term_string}"},"query-input":{"@type":"PropertyValueSpecification","valueRequired":true,"valueName":"search_term_string"}}],"inLanguage":"fr-CA"},{"@type":"Organization","@id":"https:\/\/safetysourcefire.ca\/#organization","name":"Safety Source Fire","url":"https:\/\/safetysourcefire.ca\/","logo":{"@type":"ImageObject","inLanguage":"fr-CA","@id":"https:\/\/safetysourcefire.ca\/#\/schema\/logo\/image\/","url":"https:\/\/safetysourcefire.ca\/wp-content\/uploads\/2021\/01\/SSF_logo_CC0000-3.png","contentUrl":"https:\/\/safetysourcefire.ca\/wp-content\/uploads\/2021\/01\/SSF_logo_CC0000-3.png","width":1107,"height":365,"caption":"Safety Source Fire"},"image":{"@id":"https:\/\/safetysourcefire.ca\/#\/schema\/logo\/image\/"},"sameAs":["https:\/\/www.facebook.com\/mmfssca","https:\/\/x.com\/mmfssca"]}]}},"_links":{"self":[{"href":"https:\/\/safetysourcefire.ca\/fr\/wp-json\/wp\/v2\/product\/3619","targetHints":{"allow":["GET"]}}],"collection":[{"href":"https:\/\/safetysourcefire.ca\/fr\/wp-json\/wp\/v2\/product"}],"about":[{"href":"https:\/\/safetysourcefire.ca\/fr\/wp-json\/wp\/v2\/types\/product"}],"wp:featuredmedia":[{"embeddable":true,"href":"https:\/\/safetysourcefire.ca\/fr\/wp-json\/wp\/v2\/media\/3347"}],"wp:attachment":[{"href":"https:\/\/safetysourcefire.ca\/fr\/wp-json\/wp\/v2\/media?parent=3619"}],"wp:term":[{"taxonomy":"product_brand","embeddable":true,"href":"https:\/\/safetysourcefire.ca\/fr\/wp-json\/wp\/v2\/product_brand?post=3619"},{"taxonomy":"product_cat","embeddable":true,"href":"https:\/\/safetysourcefire.ca\/fr\/wp-json\/wp\/v2\/product_cat?post=3619"},{"taxonomy":"product_tag","embeddable":true,"href":"https:\/\/safetysourcefire.ca\/fr\/wp-json\/wp\/v2\/product_tag?post=3619"}],"curies":[{"name":"wp","href":"https:\/\/api.w.org\/{rel}","templated":true}]}}