{"id":375,"date":"2018-09-06T10:00:07","date_gmt":"2018-09-06T10:00:07","guid":{"rendered":"http:\/\/mmfss.ca\/?post_type=product&#038;p=375"},"modified":"2021-04-09T16:02:50","modified_gmt":"2021-04-09T16:02:50","slug":"streamlight-polytac-90-led","status":"publish","type":"product","link":"https:\/\/safetysourcefire.ca\/fr\/produit\/streamlight-polytac-90-led\/","title":{"rendered":"LED PolyTac 90\u00ae"},"content":{"rendered":"<ul>\n<li><strong><em>Technologie DEL C4\u00ae<\/em><\/strong> avec dur\u00e9e de vie de 50 000 heures.<\/li>\n<li>Lentille en verre, joint scell\u00e9.<\/li>\n<li>3 modes :<br \/>\n<strong>Haute<\/strong> \u2013 Intensit\u00e9 maximale du faisceau de 7000 candelas, 170 lumens, autonomie de 3,75 heures<br \/>\n<strong>Faible<\/strong> \u2013 Intensit\u00e9 maximale du faisceau de 700 candelas, 17 lumens, autonomie de 30 heures<br \/>\n<strong>Clignotant<\/strong> - 6 heures d&#039;autonomie<\/li>\n<li>Deux piles lithium 3 volts \u00ab CR 123A \u00bb d&#039;une dur\u00e9e de vie de dix ans.<\/li>\n<li>L'interrupteur \u00e0 bouton-poussoir permet de travailler en \u00e9clairage momentan\u00e9 ou constant et peut s'activer d'une seule main. Poussez rapidement deux fois le bouton pour activer le mode clignotant ou trois fois pour le mode \u00e0 faible intensit\u00e9.<\/li>\n<li>T\u00eate \u00e0 90\u00b0. R\u00e9sistance aux chocs test\u00e9e \u00e0 1 m\u00e8tre. Conception class\u00e9e IPX7\u00a0; \u00e9tanche \u00e0 un m\u00e8tre pendant 30 minutes. Anneau en D de style mousqueton int\u00e9gr\u00e9 pour une vari\u00e9t\u00e9 de m\u00e9thodes de fixation. Attache r\u00e9versible, rotative et amovible pour permettre une vari\u00e9t\u00e9 de positions de montage. La r\u00e9gulation de l'alimentation \u00e0 semi-conducteurs LED fournit un flux lumineux maximal tout au long de la dur\u00e9e de vie de la batterie. S\u00e9rialis\u00e9 individuellement pour identification formelle.<\/li>\n<li>Le syst\u00e8me Gear Keeper\u00ae (en option) vous permet  d'attacher la lumi\u00e8re \u00e0 l'\u00e9quipement d'intervention ou aux v\u00eatements<\/li>\n<li>Gear Keeper\u00ae est un syst\u00e8me de fixation r\u00e9tractable avec attache en nylon haute r\u00e9sistance. Permet une extension de 36 \"et 6 oz. de la force de r\u00e9traction.<\/li>\n<li>L x l x P\u00a0: 5,22&quot; x 1,25&quot; x 1&quot; (13,3 x 3,18 x 2,54 cm)<\/li>\n<li>4,1 onces (116 g)<\/li>\n<li>Noir, jaune ou orange<\/li>\n<\/ul>\n<p>&nbsp;<\/p>","protected":false},"excerpt":{"rendered":"<p>Lampe de poche compacte &amp; polyvalente qui peut s'accrocher sur un \u00e9quipement ext\u00e9rieur, un ACH ou sur notre nouvelle bandouli\u00e8re \u00e9lastique pour lampe frontale. En plus de sa puissante lumi\u00e8re et son bo\u00eetier en polym\u00e8re de nylon pratiquement indestructible, vous appr\u00e9cierez cette lampe de poche car elle peut \u00eatre facilement utilis\u00e9e, m\u00eame en portant des gants.<\/p>","protected":false},"featured_media":1203,"template":"","meta":[],"product_brand":[144],"product_cat":[48,81],"product_tag":[394,351,350],"class_list":{"0":"post-375","1":"product","2":"type-product","3":"status-publish","4":"has-post-thumbnail","6":"product_brand-streamlight","7":"product_cat-lighting","8":"product_cat-personal-lighting","9":"product_tag-light","10":"product_tag-stream-light","11":"product_tag-streamlight","13":"first","14":"instock","15":"shipping-taxable","16":"product-type-simple"},"yoast_head":"<!-- This site is optimized with the Yoast SEO plugin v27.4 - https:\/\/yoast.com\/product\/yoast-seo-wordpress\/ -->\n<title>PolyTac 90\u00ae LED - Safety Source Fire<\/title>\n<meta name=\"robots\" content=\"index, follow, max-snippet:-1, max-image-preview:large, max-video-preview:-1\" \/>\n<link rel=\"canonical\" href=\"https:\/\/safetysourcefire.ca\/fr\/?product=streamlight-polytac-90-led\" \/>\n<meta property=\"og:locale\" content=\"fr_CA\" \/>\n<meta property=\"og:type\" content=\"article\" \/>\n<meta property=\"og:title\" content=\"PolyTac 90\u00ae LED - Safety Source Fire\" \/>\n<meta property=\"og:description\" content=\"This versatile right angle compact tactical flashlight can clip onto a turn-out gear, ACH or onto our new elastic head strap for a headlamp. It\u2019s super bright, can be operated easily with gloves and is encased in a virtually indestructible nylon polymer housing.\" \/>\n<meta property=\"og:url\" content=\"https:\/\/safetysourcefire.ca\/fr\/?product=streamlight-polytac-90-led\" \/>\n<meta property=\"og:site_name\" content=\"Safety Source Fire\" \/>\n<meta property=\"article:publisher\" content=\"https:\/\/www.facebook.com\/mmfssca\" \/>\n<meta property=\"article:modified_time\" content=\"2021-04-09T16:02:50+00:00\" \/>\n<meta property=\"og:image\" content=\"https:\/\/safetysourcefire.ca\/wp-content\/uploads\/2017\/05\/Polytac-90.jpg\" \/>\n\t<meta property=\"og:image:width\" content=\"600\" \/>\n\t<meta property=\"og:image:height\" content=\"600\" \/>\n\t<meta property=\"og:image:type\" content=\"image\/jpeg\" \/>\n<meta name=\"twitter:card\" content=\"summary_large_image\" \/>\n<meta name=\"twitter:site\" content=\"@mmfssca\" \/>\n<meta name=\"twitter:label1\" content=\"Estimation du temps de lecture\" \/>\n\t<meta name=\"twitter:data1\" content=\"1 minute\" \/>\n<script type=\"application\/ld+json\" class=\"yoast-schema-graph\">{\"@context\":\"https:\\\/\\\/schema.org\",\"@graph\":[{\"@type\":\"WebPage\",\"@id\":\"https:\\\/\\\/safetysourcefire.ca\\\/?product=streamlight-polytac-90-led\",\"url\":\"https:\\\/\\\/safetysourcefire.ca\\\/?product=streamlight-polytac-90-led\",\"name\":\"PolyTac 90\u00ae LED - Safety Source Fire\",\"isPartOf\":{\"@id\":\"https:\\\/\\\/safetysourcefire.ca\\\/#website\"},\"primaryImageOfPage\":{\"@id\":\"https:\\\/\\\/safetysourcefire.ca\\\/?product=streamlight-polytac-90-led#primaryimage\"},\"image\":{\"@id\":\"https:\\\/\\\/safetysourcefire.ca\\\/?product=streamlight-polytac-90-led#primaryimage\"},\"thumbnailUrl\":\"https:\\\/\\\/safetysourcefire.ca\\\/wp-content\\\/uploads\\\/2017\\\/05\\\/Polytac-90.jpg\",\"datePublished\":\"2018-09-06T10:00:07+00:00\",\"dateModified\":\"2021-04-09T16:02:50+00:00\",\"breadcrumb\":{\"@id\":\"https:\\\/\\\/safetysourcefire.ca\\\/?product=streamlight-polytac-90-led#breadcrumb\"},\"inLanguage\":\"fr-CA\",\"potentialAction\":[{\"@type\":\"ReadAction\",\"target\":[\"https:\\\/\\\/safetysourcefire.ca\\\/?product=streamlight-polytac-90-led\"]}]},{\"@type\":\"ImageObject\",\"inLanguage\":\"fr-CA\",\"@id\":\"https:\\\/\\\/safetysourcefire.ca\\\/?product=streamlight-polytac-90-led#primaryimage\",\"url\":\"https:\\\/\\\/safetysourcefire.ca\\\/wp-content\\\/uploads\\\/2017\\\/05\\\/Polytac-90.jpg\",\"contentUrl\":\"https:\\\/\\\/safetysourcefire.ca\\\/wp-content\\\/uploads\\\/2017\\\/05\\\/Polytac-90.jpg\",\"width\":600,\"height\":600,\"caption\":\"PolyTac 90\u00ae LED flashlight\"},{\"@type\":\"BreadcrumbList\",\"@id\":\"https:\\\/\\\/safetysourcefire.ca\\\/?product=streamlight-polytac-90-led#breadcrumb\",\"itemListElement\":[{\"@type\":\"ListItem\",\"position\":1,\"name\":\"Home\",\"item\":\"https:\\\/\\\/safetysourcefire.ca\\\/\"},{\"@type\":\"ListItem\",\"position\":2,\"name\":\"Products\",\"item\":\"https:\\\/\\\/safetysourcefire.ca\\\/shop\\\/\"},{\"@type\":\"ListItem\",\"position\":3,\"name\":\"PolyTac 90\u00ae LED\"}]},{\"@type\":\"WebSite\",\"@id\":\"https:\\\/\\\/safetysourcefire.ca\\\/#website\",\"url\":\"https:\\\/\\\/safetysourcefire.ca\\\/\",\"name\":\"Safety Source Fire\",\"description\":\"\",\"publisher\":{\"@id\":\"https:\\\/\\\/safetysourcefire.ca\\\/#organization\"},\"potentialAction\":[{\"@type\":\"SearchAction\",\"target\":{\"@type\":\"EntryPoint\",\"urlTemplate\":\"https:\\\/\\\/safetysourcefire.ca\\\/?s={search_term_string}\"},\"query-input\":{\"@type\":\"PropertyValueSpecification\",\"valueRequired\":true,\"valueName\":\"search_term_string\"}}],\"inLanguage\":\"fr-CA\"},{\"@type\":\"Organization\",\"@id\":\"https:\\\/\\\/safetysourcefire.ca\\\/#organization\",\"name\":\"Safety Source Fire\",\"url\":\"https:\\\/\\\/safetysourcefire.ca\\\/\",\"logo\":{\"@type\":\"ImageObject\",\"inLanguage\":\"fr-CA\",\"@id\":\"https:\\\/\\\/safetysourcefire.ca\\\/#\\\/schema\\\/logo\\\/image\\\/\",\"url\":\"https:\\\/\\\/safetysourcefire.ca\\\/wp-content\\\/uploads\\\/2021\\\/01\\\/SSF_logo_CC0000-3.png\",\"contentUrl\":\"https:\\\/\\\/safetysourcefire.ca\\\/wp-content\\\/uploads\\\/2021\\\/01\\\/SSF_logo_CC0000-3.png\",\"width\":1107,\"height\":365,\"caption\":\"Safety Source Fire\"},\"image\":{\"@id\":\"https:\\\/\\\/safetysourcefire.ca\\\/#\\\/schema\\\/logo\\\/image\\\/\"},\"sameAs\":[\"https:\\\/\\\/www.facebook.com\\\/mmfssca\",\"https:\\\/\\\/x.com\\\/mmfssca\"]}]}<\/script>\n<!-- \/ Yoast SEO plugin. -->","yoast_head_json":{"title":"PolyTac 90\u00ae LED - Safety Source Fire","robots":{"index":"index","follow":"follow","max-snippet":"max-snippet:-1","max-image-preview":"max-image-preview:large","max-video-preview":"max-video-preview:-1"},"canonical":"https:\/\/safetysourcefire.ca\/fr\/?product=streamlight-polytac-90-led","og_locale":"fr_CA","og_type":"article","og_title":"PolyTac 90\u00ae LED - Safety Source Fire","og_description":"This versatile right angle compact tactical flashlight can clip onto a turn-out gear, ACH or onto our new elastic head strap for a headlamp. It\u2019s super bright, can be operated easily with gloves and is encased in a virtually indestructible nylon polymer housing.","og_url":"https:\/\/safetysourcefire.ca\/fr\/?product=streamlight-polytac-90-led","og_site_name":"Safety Source Fire","article_publisher":"https:\/\/www.facebook.com\/mmfssca","article_modified_time":"2021-04-09T16:02:50+00:00","og_image":[{"width":600,"height":600,"url":"https:\/\/safetysourcefire.ca\/wp-content\/uploads\/2017\/05\/Polytac-90.jpg","type":"image\/jpeg"}],"twitter_card":"summary_large_image","twitter_site":"@mmfssca","twitter_misc":{"Estimation du temps de lecture":"1 minute"},"schema":{"@context":"https:\/\/schema.org","@graph":[{"@type":"WebPage","@id":"https:\/\/safetysourcefire.ca\/?product=streamlight-polytac-90-led","url":"https:\/\/safetysourcefire.ca\/?product=streamlight-polytac-90-led","name":"PolyTac 90\u00ae LED - Safety Source Fire","isPartOf":{"@id":"https:\/\/safetysourcefire.ca\/#website"},"primaryImageOfPage":{"@id":"https:\/\/safetysourcefire.ca\/?product=streamlight-polytac-90-led#primaryimage"},"image":{"@id":"https:\/\/safetysourcefire.ca\/?product=streamlight-polytac-90-led#primaryimage"},"thumbnailUrl":"https:\/\/safetysourcefire.ca\/wp-content\/uploads\/2017\/05\/Polytac-90.jpg","datePublished":"2018-09-06T10:00:07+00:00","dateModified":"2021-04-09T16:02:50+00:00","breadcrumb":{"@id":"https:\/\/safetysourcefire.ca\/?product=streamlight-polytac-90-led#breadcrumb"},"inLanguage":"fr-CA","potentialAction":[{"@type":"ReadAction","target":["https:\/\/safetysourcefire.ca\/?product=streamlight-polytac-90-led"]}]},{"@type":"ImageObject","inLanguage":"fr-CA","@id":"https:\/\/safetysourcefire.ca\/?product=streamlight-polytac-90-led#primaryimage","url":"https:\/\/safetysourcefire.ca\/wp-content\/uploads\/2017\/05\/Polytac-90.jpg","contentUrl":"https:\/\/safetysourcefire.ca\/wp-content\/uploads\/2017\/05\/Polytac-90.jpg","width":600,"height":600,"caption":"PolyTac 90\u00ae LED flashlight"},{"@type":"BreadcrumbList","@id":"https:\/\/safetysourcefire.ca\/?product=streamlight-polytac-90-led#breadcrumb","itemListElement":[{"@type":"ListItem","position":1,"name":"Home","item":"https:\/\/safetysourcefire.ca\/"},{"@type":"ListItem","position":2,"name":"Products","item":"https:\/\/safetysourcefire.ca\/shop\/"},{"@type":"ListItem","position":3,"name":"PolyTac 90\u00ae LED"}]},{"@type":"WebSite","@id":"https:\/\/safetysourcefire.ca\/#website","url":"https:\/\/safetysourcefire.ca\/","name":"Safety Source Fire","description":"","publisher":{"@id":"https:\/\/safetysourcefire.ca\/#organization"},"potentialAction":[{"@type":"SearchAction","target":{"@type":"EntryPoint","urlTemplate":"https:\/\/safetysourcefire.ca\/?s={search_term_string}"},"query-input":{"@type":"PropertyValueSpecification","valueRequired":true,"valueName":"search_term_string"}}],"inLanguage":"fr-CA"},{"@type":"Organization","@id":"https:\/\/safetysourcefire.ca\/#organization","name":"Safety Source Fire","url":"https:\/\/safetysourcefire.ca\/","logo":{"@type":"ImageObject","inLanguage":"fr-CA","@id":"https:\/\/safetysourcefire.ca\/#\/schema\/logo\/image\/","url":"https:\/\/safetysourcefire.ca\/wp-content\/uploads\/2021\/01\/SSF_logo_CC0000-3.png","contentUrl":"https:\/\/safetysourcefire.ca\/wp-content\/uploads\/2021\/01\/SSF_logo_CC0000-3.png","width":1107,"height":365,"caption":"Safety Source Fire"},"image":{"@id":"https:\/\/safetysourcefire.ca\/#\/schema\/logo\/image\/"},"sameAs":["https:\/\/www.facebook.com\/mmfssca","https:\/\/x.com\/mmfssca"]}]}},"_links":{"self":[{"href":"https:\/\/safetysourcefire.ca\/fr\/wp-json\/wp\/v2\/product\/375","targetHints":{"allow":["GET"]}}],"collection":[{"href":"https:\/\/safetysourcefire.ca\/fr\/wp-json\/wp\/v2\/product"}],"about":[{"href":"https:\/\/safetysourcefire.ca\/fr\/wp-json\/wp\/v2\/types\/product"}],"wp:featuredmedia":[{"embeddable":true,"href":"https:\/\/safetysourcefire.ca\/fr\/wp-json\/wp\/v2\/media\/1203"}],"wp:attachment":[{"href":"https:\/\/safetysourcefire.ca\/fr\/wp-json\/wp\/v2\/media?parent=375"}],"wp:term":[{"taxonomy":"product_brand","embeddable":true,"href":"https:\/\/safetysourcefire.ca\/fr\/wp-json\/wp\/v2\/product_brand?post=375"},{"taxonomy":"product_cat","embeddable":true,"href":"https:\/\/safetysourcefire.ca\/fr\/wp-json\/wp\/v2\/product_cat?post=375"},{"taxonomy":"product_tag","embeddable":true,"href":"https:\/\/safetysourcefire.ca\/fr\/wp-json\/wp\/v2\/product_tag?post=375"}],"curies":[{"name":"wp","href":"https:\/\/api.w.org\/{rel}","templated":true}]}}