{"id":382,"date":"2017-04-21T17:09:45","date_gmt":"2017-04-21T17:09:45","guid":{"rendered":"http:\/\/mmfss.ca\/?post_type=product&#038;p=382"},"modified":"2018-05-22T14:19:31","modified_gmt":"2018-05-22T14:19:31","slug":"fire-vulcan-led-rechargeable-lantern","status":"publish","type":"product","link":"https:\/\/safetysourcefire.ca\/fr\/produit\/fire-vulcan-led-rechargeable-lantern\/","title":{"rendered":"Lanterne rechargeable \u00e0 DEL Fire Vulcan\u00ae"},"content":{"rendered":"<ul>\n<li>C4<sup>\u00ae<\/sup>\u00a0LED, insensible aux chocs avec une dur\u00e9e de vie de 50 000 heures<\/li>\n<li>Sortie de la lumi\u00e8re:\n<ul>\n<li>\u00c9lev\u00e9\u00a0: 80 000 candelas d&#039;intensit\u00e9 maximale du faisceau\u00a0; 145 lumens ; distance de faisceau de 566 m ; fonctionne 3 heures<\/li>\n<li>Faible\u00a0: intensit\u00e9 maximale du faisceau de 40\u00a0000 candelas\u00a0; 70 lumens ; fonctionne 6 heures<\/li>\n<\/ul>\n<\/li>\n<li>Le r\u00e9flecteur parabolique profond produit un faisceau \u00e9troit avec un \u00e9clairage p\u00e9riph\u00e9rique optimal pour faciliter la navigation ; L&#039;\u00e9lectronique optimis\u00e9e fournit une intensit\u00e9 r\u00e9gul\u00e9e<\/li>\n<li>Les LED de feux arri\u00e8re bleus ultra-lumineux vous permettent d&#039;\u00eatre vu m\u00eame dans une \u00e9paisse fum\u00e9e<\/li>\n<li>Deux cellules nanotechnologiques lithium-ion l\u00e9g\u00e8res\u00a0; se recharge en 5h<\/li>\n<li>8 fonctions de commutation programmables<\/li>\n<li>Anneaux en D renforc\u00e9s<\/li>\n<li>Interrupteur \u00e0 bascule facile \u00e0 utiliser<\/li>\n<li>Conception class\u00e9e IPX7 - \u00e9tanche \u00e0 1 m\u00e8tre pendant 30 minutes<\/li>\n<li>Convient aux chargeurs Streamlight Vulcan existants<\/li>\n<li>Deux mod\u00e8les : syst\u00e8me standard avec AC\/DC et support de v\u00e9hicule avec support de charge \u00e0 fil direct 12 V DC ; les deux mod\u00e8les incluent une sangle \u00e0 boucle \u00e0 d\u00e9gagement rapide<\/li>\n<li>Poids l\u00e9ger. Seulement 1,85 lb<\/li>\n<li>S\u00e9rialis\u00e9 pour identification formelle<\/li>\n<li>Garantie \u00e0 vie (limit\u00e9e)<\/li>\n<li>Sangle \u00e0 d\u00e9gagement rapide fonctionnant comme une boucle de ceinture de s\u00e9curit\u00e9 pour connection\/d\u00e9connection rapide et facile des bretelles<\/li>\n<li>Assembl\u00e9 aux \u00c9tats-Unis<\/li>\n<\/ul>","protected":false},"excerpt":{"rendered":"<p>Cette lanterne LED rechargeable l\u00e9g\u00e8re est un outil essentiel de lutte contre les incendies. En plus de flotter si \u00e9chapp\u00e9e dans l'eau, le faisceau lumineux lumineux atteint de longues distances tout en offrant un \u00e9clairage p\u00e9riph\u00e9rique optimal pour faciliter la navigation. Gr\u00e2ce aux deux LED bleues situ\u00e9es derri\u00e8re, vous pourrez toujours \u00eatre vu par vos co\u00e9quipiers, m\u00eame dans une \u00e9paisse fum\u00e9e.<\/p>","protected":false},"featured_media":1210,"template":"","meta":[],"product_brand":[144],"product_cat":[48,81],"product_tag":[394,351,350],"class_list":{"0":"post-382","1":"product","2":"type-product","3":"status-publish","4":"has-post-thumbnail","6":"product_brand-streamlight","7":"product_cat-lighting","8":"product_cat-personal-lighting","9":"product_tag-light","10":"product_tag-stream-light","11":"product_tag-streamlight","13":"first","14":"instock","15":"shipping-taxable","16":"product-type-simple"},"yoast_head":"<!-- This site is optimized with the Yoast SEO plugin v27.4 - https:\/\/yoast.com\/product\/yoast-seo-wordpress\/ -->\n<title>Fire Vulcan\u00ae LED Rechargeable Lantern - Safety Source Fire<\/title>\n<meta name=\"robots\" content=\"index, follow, max-snippet:-1, max-image-preview:large, max-video-preview:-1\" \/>\n<link rel=\"canonical\" href=\"https:\/\/safetysourcefire.ca\/fr\/?product=fire-vulcan-led-rechargeable-lantern\" \/>\n<meta property=\"og:locale\" content=\"fr_CA\" \/>\n<meta property=\"og:type\" content=\"article\" \/>\n<meta property=\"og:title\" content=\"Fire Vulcan\u00ae LED Rechargeable Lantern - Safety Source Fire\" \/>\n<meta property=\"og:description\" content=\"This lightweight rechargeable LED lantern is a critical firefighting tool that will even float in water! Its bright beam of light reaches long distances while still providing optimum peripheral illumination to aid navigation, and two blue taillight LEDs make certain you can be seen by your partners in thick smoke.\" \/>\n<meta property=\"og:url\" content=\"https:\/\/safetysourcefire.ca\/fr\/?product=fire-vulcan-led-rechargeable-lantern\" \/>\n<meta property=\"og:site_name\" content=\"Safety Source Fire\" \/>\n<meta property=\"article:publisher\" content=\"https:\/\/www.facebook.com\/mmfssca\" \/>\n<meta property=\"article:modified_time\" content=\"2018-05-22T14:19:31+00:00\" \/>\n<meta property=\"og:image\" content=\"https:\/\/safetysourcefire.ca\/wp-content\/uploads\/2017\/05\/Streamlight-Fire-Vulcan-LED.jpg\" \/>\n\t<meta property=\"og:image:width\" content=\"600\" \/>\n\t<meta property=\"og:image:height\" content=\"600\" \/>\n\t<meta property=\"og:image:type\" content=\"image\/jpeg\" \/>\n<meta name=\"twitter:card\" content=\"summary_large_image\" \/>\n<meta name=\"twitter:site\" content=\"@mmfssca\" \/>\n<meta name=\"twitter:label1\" content=\"Estimation du temps de lecture\" \/>\n\t<meta name=\"twitter:data1\" content=\"1 minute\" \/>\n<script type=\"application\/ld+json\" class=\"yoast-schema-graph\">{\"@context\":\"https:\\\/\\\/schema.org\",\"@graph\":[{\"@type\":\"WebPage\",\"@id\":\"https:\\\/\\\/safetysourcefire.ca\\\/?product=fire-vulcan-led-rechargeable-lantern\",\"url\":\"https:\\\/\\\/safetysourcefire.ca\\\/?product=fire-vulcan-led-rechargeable-lantern\",\"name\":\"Fire Vulcan\u00ae LED Rechargeable Lantern - Safety Source Fire\",\"isPartOf\":{\"@id\":\"https:\\\/\\\/safetysourcefire.ca\\\/#website\"},\"primaryImageOfPage\":{\"@id\":\"https:\\\/\\\/safetysourcefire.ca\\\/?product=fire-vulcan-led-rechargeable-lantern#primaryimage\"},\"image\":{\"@id\":\"https:\\\/\\\/safetysourcefire.ca\\\/?product=fire-vulcan-led-rechargeable-lantern#primaryimage\"},\"thumbnailUrl\":\"https:\\\/\\\/safetysourcefire.ca\\\/wp-content\\\/uploads\\\/2017\\\/05\\\/Streamlight-Fire-Vulcan-LED.jpg\",\"datePublished\":\"2017-04-21T17:09:45+00:00\",\"dateModified\":\"2018-05-22T14:19:31+00:00\",\"breadcrumb\":{\"@id\":\"https:\\\/\\\/safetysourcefire.ca\\\/?product=fire-vulcan-led-rechargeable-lantern#breadcrumb\"},\"inLanguage\":\"fr-CA\",\"potentialAction\":[{\"@type\":\"ReadAction\",\"target\":[\"https:\\\/\\\/safetysourcefire.ca\\\/?product=fire-vulcan-led-rechargeable-lantern\"]}]},{\"@type\":\"ImageObject\",\"inLanguage\":\"fr-CA\",\"@id\":\"https:\\\/\\\/safetysourcefire.ca\\\/?product=fire-vulcan-led-rechargeable-lantern#primaryimage\",\"url\":\"https:\\\/\\\/safetysourcefire.ca\\\/wp-content\\\/uploads\\\/2017\\\/05\\\/Streamlight-Fire-Vulcan-LED.jpg\",\"contentUrl\":\"https:\\\/\\\/safetysourcefire.ca\\\/wp-content\\\/uploads\\\/2017\\\/05\\\/Streamlight-Fire-Vulcan-LED.jpg\",\"width\":600,\"height\":600,\"caption\":\"Fire Vulcan\u00ae LED, Rechargeable Lantern\"},{\"@type\":\"BreadcrumbList\",\"@id\":\"https:\\\/\\\/safetysourcefire.ca\\\/?product=fire-vulcan-led-rechargeable-lantern#breadcrumb\",\"itemListElement\":[{\"@type\":\"ListItem\",\"position\":1,\"name\":\"Home\",\"item\":\"https:\\\/\\\/safetysourcefire.ca\\\/\"},{\"@type\":\"ListItem\",\"position\":2,\"name\":\"Products\",\"item\":\"https:\\\/\\\/safetysourcefire.ca\\\/shop\\\/\"},{\"@type\":\"ListItem\",\"position\":3,\"name\":\"Fire Vulcan\u00ae LED Rechargeable Lantern\"}]},{\"@type\":\"WebSite\",\"@id\":\"https:\\\/\\\/safetysourcefire.ca\\\/#website\",\"url\":\"https:\\\/\\\/safetysourcefire.ca\\\/\",\"name\":\"Safety Source Fire\",\"description\":\"\",\"publisher\":{\"@id\":\"https:\\\/\\\/safetysourcefire.ca\\\/#organization\"},\"potentialAction\":[{\"@type\":\"SearchAction\",\"target\":{\"@type\":\"EntryPoint\",\"urlTemplate\":\"https:\\\/\\\/safetysourcefire.ca\\\/?s={search_term_string}\"},\"query-input\":{\"@type\":\"PropertyValueSpecification\",\"valueRequired\":true,\"valueName\":\"search_term_string\"}}],\"inLanguage\":\"fr-CA\"},{\"@type\":\"Organization\",\"@id\":\"https:\\\/\\\/safetysourcefire.ca\\\/#organization\",\"name\":\"Safety Source Fire\",\"url\":\"https:\\\/\\\/safetysourcefire.ca\\\/\",\"logo\":{\"@type\":\"ImageObject\",\"inLanguage\":\"fr-CA\",\"@id\":\"https:\\\/\\\/safetysourcefire.ca\\\/#\\\/schema\\\/logo\\\/image\\\/\",\"url\":\"https:\\\/\\\/safetysourcefire.ca\\\/wp-content\\\/uploads\\\/2021\\\/01\\\/SSF_logo_CC0000-3.png\",\"contentUrl\":\"https:\\\/\\\/safetysourcefire.ca\\\/wp-content\\\/uploads\\\/2021\\\/01\\\/SSF_logo_CC0000-3.png\",\"width\":1107,\"height\":365,\"caption\":\"Safety Source Fire\"},\"image\":{\"@id\":\"https:\\\/\\\/safetysourcefire.ca\\\/#\\\/schema\\\/logo\\\/image\\\/\"},\"sameAs\":[\"https:\\\/\\\/www.facebook.com\\\/mmfssca\",\"https:\\\/\\\/x.com\\\/mmfssca\"]}]}<\/script>\n<!-- \/ Yoast SEO plugin. -->","yoast_head_json":{"title":"Fire Vulcan\u00ae LED Rechargeable Lantern - Safety Source Fire","robots":{"index":"index","follow":"follow","max-snippet":"max-snippet:-1","max-image-preview":"max-image-preview:large","max-video-preview":"max-video-preview:-1"},"canonical":"https:\/\/safetysourcefire.ca\/fr\/?product=fire-vulcan-led-rechargeable-lantern","og_locale":"fr_CA","og_type":"article","og_title":"Fire Vulcan\u00ae LED Rechargeable Lantern - Safety Source Fire","og_description":"This lightweight rechargeable LED lantern is a critical firefighting tool that will even float in water! Its bright beam of light reaches long distances while still providing optimum peripheral illumination to aid navigation, and two blue taillight LEDs make certain you can be seen by your partners in thick smoke.","og_url":"https:\/\/safetysourcefire.ca\/fr\/?product=fire-vulcan-led-rechargeable-lantern","og_site_name":"Safety Source Fire","article_publisher":"https:\/\/www.facebook.com\/mmfssca","article_modified_time":"2018-05-22T14:19:31+00:00","og_image":[{"width":600,"height":600,"url":"https:\/\/safetysourcefire.ca\/wp-content\/uploads\/2017\/05\/Streamlight-Fire-Vulcan-LED.jpg","type":"image\/jpeg"}],"twitter_card":"summary_large_image","twitter_site":"@mmfssca","twitter_misc":{"Estimation du temps de lecture":"1 minute"},"schema":{"@context":"https:\/\/schema.org","@graph":[{"@type":"WebPage","@id":"https:\/\/safetysourcefire.ca\/?product=fire-vulcan-led-rechargeable-lantern","url":"https:\/\/safetysourcefire.ca\/?product=fire-vulcan-led-rechargeable-lantern","name":"Fire Vulcan\u00ae LED Rechargeable Lantern - Safety Source Fire","isPartOf":{"@id":"https:\/\/safetysourcefire.ca\/#website"},"primaryImageOfPage":{"@id":"https:\/\/safetysourcefire.ca\/?product=fire-vulcan-led-rechargeable-lantern#primaryimage"},"image":{"@id":"https:\/\/safetysourcefire.ca\/?product=fire-vulcan-led-rechargeable-lantern#primaryimage"},"thumbnailUrl":"https:\/\/safetysourcefire.ca\/wp-content\/uploads\/2017\/05\/Streamlight-Fire-Vulcan-LED.jpg","datePublished":"2017-04-21T17:09:45+00:00","dateModified":"2018-05-22T14:19:31+00:00","breadcrumb":{"@id":"https:\/\/safetysourcefire.ca\/?product=fire-vulcan-led-rechargeable-lantern#breadcrumb"},"inLanguage":"fr-CA","potentialAction":[{"@type":"ReadAction","target":["https:\/\/safetysourcefire.ca\/?product=fire-vulcan-led-rechargeable-lantern"]}]},{"@type":"ImageObject","inLanguage":"fr-CA","@id":"https:\/\/safetysourcefire.ca\/?product=fire-vulcan-led-rechargeable-lantern#primaryimage","url":"https:\/\/safetysourcefire.ca\/wp-content\/uploads\/2017\/05\/Streamlight-Fire-Vulcan-LED.jpg","contentUrl":"https:\/\/safetysourcefire.ca\/wp-content\/uploads\/2017\/05\/Streamlight-Fire-Vulcan-LED.jpg","width":600,"height":600,"caption":"Fire Vulcan\u00ae LED, Rechargeable Lantern"},{"@type":"BreadcrumbList","@id":"https:\/\/safetysourcefire.ca\/?product=fire-vulcan-led-rechargeable-lantern#breadcrumb","itemListElement":[{"@type":"ListItem","position":1,"name":"Home","item":"https:\/\/safetysourcefire.ca\/"},{"@type":"ListItem","position":2,"name":"Products","item":"https:\/\/safetysourcefire.ca\/shop\/"},{"@type":"ListItem","position":3,"name":"Fire Vulcan\u00ae LED Rechargeable Lantern"}]},{"@type":"WebSite","@id":"https:\/\/safetysourcefire.ca\/#website","url":"https:\/\/safetysourcefire.ca\/","name":"Safety Source Fire","description":"","publisher":{"@id":"https:\/\/safetysourcefire.ca\/#organization"},"potentialAction":[{"@type":"SearchAction","target":{"@type":"EntryPoint","urlTemplate":"https:\/\/safetysourcefire.ca\/?s={search_term_string}"},"query-input":{"@type":"PropertyValueSpecification","valueRequired":true,"valueName":"search_term_string"}}],"inLanguage":"fr-CA"},{"@type":"Organization","@id":"https:\/\/safetysourcefire.ca\/#organization","name":"Safety Source Fire","url":"https:\/\/safetysourcefire.ca\/","logo":{"@type":"ImageObject","inLanguage":"fr-CA","@id":"https:\/\/safetysourcefire.ca\/#\/schema\/logo\/image\/","url":"https:\/\/safetysourcefire.ca\/wp-content\/uploads\/2021\/01\/SSF_logo_CC0000-3.png","contentUrl":"https:\/\/safetysourcefire.ca\/wp-content\/uploads\/2021\/01\/SSF_logo_CC0000-3.png","width":1107,"height":365,"caption":"Safety Source Fire"},"image":{"@id":"https:\/\/safetysourcefire.ca\/#\/schema\/logo\/image\/"},"sameAs":["https:\/\/www.facebook.com\/mmfssca","https:\/\/x.com\/mmfssca"]}]}},"_links":{"self":[{"href":"https:\/\/safetysourcefire.ca\/fr\/wp-json\/wp\/v2\/product\/382","targetHints":{"allow":["GET"]}}],"collection":[{"href":"https:\/\/safetysourcefire.ca\/fr\/wp-json\/wp\/v2\/product"}],"about":[{"href":"https:\/\/safetysourcefire.ca\/fr\/wp-json\/wp\/v2\/types\/product"}],"wp:featuredmedia":[{"embeddable":true,"href":"https:\/\/safetysourcefire.ca\/fr\/wp-json\/wp\/v2\/media\/1210"}],"wp:attachment":[{"href":"https:\/\/safetysourcefire.ca\/fr\/wp-json\/wp\/v2\/media?parent=382"}],"wp:term":[{"taxonomy":"product_brand","embeddable":true,"href":"https:\/\/safetysourcefire.ca\/fr\/wp-json\/wp\/v2\/product_brand?post=382"},{"taxonomy":"product_cat","embeddable":true,"href":"https:\/\/safetysourcefire.ca\/fr\/wp-json\/wp\/v2\/product_cat?post=382"},{"taxonomy":"product_tag","embeddable":true,"href":"https:\/\/safetysourcefire.ca\/fr\/wp-json\/wp\/v2\/product_tag?post=382"}],"curies":[{"name":"wp","href":"https:\/\/api.w.org\/{rel}","templated":true}]}}