{"id":383,"date":"2017-04-21T17:15:08","date_gmt":"2017-04-21T17:15:08","guid":{"rendered":"http:\/\/mmfss.ca\/?post_type=product&#038;p=383"},"modified":"2020-05-01T18:57:26","modified_gmt":"2020-05-01T18:57:26","slug":"the-siege-compact-alkaline-hand-lantern","status":"publish","type":"product","link":"https:\/\/safetysourcefire.ca\/fr\/produit\/the-siege-compact-alkaline-hand-lantern\/","title":{"rendered":"The Siege\u00ae - Lanterne \u00e0 main alcaline compacte"},"content":{"rendered":"<ul>\n<li>Modes multiples\u00a0:\n<ul>\n<li><strong>DEL blanche\u00a0<\/strong>(quatre C4<sup>\u00ae<\/sup>\u00a0LED) offrant plusieurs modes d'op\u00e9ration\u00a0:\n<ul>\n<li>\u00c9lev\u00e9:  pour la lumi\u00e8re la plus brillante\u00a0; 340 lumens ; fonctionne 30 heures<\/li>\n<li>Moyen: pour une lumi\u00e8re vive et des temps d'ex\u00e9cution plus longs\u00a0; 175 lumens ; fonctionne 70 heures<\/li>\n<li>Faible: offre des dur\u00e9es de fonctionnement prolong\u00e9es lorsque moins de lumi\u00e8re est n\u00e9cessaire\u00a0; 33 lumens ; dure jusqu'\u00e0 295 heures<\/li>\n<\/ul>\n<\/li>\n<li><strong>DEL rouge\u00a0<\/strong>(une LED rouge)\n<ul>\n<li>LED rouge \u00e9lev\u00e9e \u2013 fixe (mode de pr\u00e9servation de la vision nocturne)\u00a0; 10 lumens ; fonctionne 235 heures<\/li>\n<li>Mode Flash SOS pour la signalisation d&#039;urgence\u00a0; 10 lumens ; fonctionne 430 heures<\/li>\n<li>Mode nocturne de pr\u00e9servation de la vision: prolonge le temps d'ex\u00e9cution pour la pr\u00e9paration aux situations d'urgence<\/li>\n<\/ul>\n<\/li>\n<\/ul>\n<\/li>\n<li>Le couvercle anti-\u00e9blouissant en polycarbonate offre une distribution de lumi\u00e8re douce et uniforme \u00e0 360 \u00b0; confortable \u00e0 utiliser de pr\u00e8s sans alt\u00e9rer la vision; le couvercle est amovible pour \u00e9clairer de grandes surfaces si d\u00e9sir\u00e9<\/li>\n<li>Utilisez la debout, comme plafonnier ou accrochez-la avec l'anneau en D situ\u00e9 \u00e0 la base de la lanterne<\/li>\n<li>* Anneaux en ''D'' incorpor\u00e9s en haut et en bas de la lanterne \u2013 accrochez-la en position invers\u00e9e ou verticale. N.B. les anneaux sont \u00e0 ressorts ce qui permet de les ranger lorsqu'ils ne sont pas utilis\u00e9s<\/li>\n<li>Poign\u00e9e ergonomique con\u00e7ue pour se verrouiller en position verticale ou rang\u00e9e; le crochet int\u00e9gr\u00e9 permet d'accrocher la lanterne sur une corde horizontale, des c\u00e2bles ou des tuyaux<\/li>\n<li>Utilise trois piles alcalines \u00ab\u00a0D\u00a0\u00bb (vendues s\u00e9par\u00e9ment)<\/li>\n<li>La trappe pour le changement de batterie s'op\u00e8re facilement, m\u00eame dans l'obscurit\u00e9<\/li>\n<li>Le bouton d'alimentation encastr\u00e9 emp\u00eache l'accrochage accidentel. L'appareil dispose d'un indicateur du niveau de batterie<\/li>\n<li>L&#039;indicateur de niveau de batterie passe du vert au jaune, au rouge, puis au rouge clignotant lorsque les batteries atteignent la fin de leur dur\u00e9e de vie<\/li>\n<li>Construction en polym\u00e8re durable avec base moul\u00e9e en caoutchouc qui offre une stabilit\u00e9 sur les surfaces glissantes ou in\u00e9gales<\/li>\n<li>IPX7 est \u00e9tanche jusqu'\u00e0 1 m\u00e8tre d'immersion et il poss\u00e8de une r\u00e9sistance aux chocs de 2 m (test\u00e9)<\/li>\n<li>Flotte si \u00e9chapp\u00e9 dans l'eau<\/li>\n<li>7,25 po. (18,41 cm) ; 1 lb 15 oz (878,83 grammes) avec piles<\/li>\n<li>Disponible en coyote<\/li>\n<li>Conforme RoHS<\/li>\n<\/ul>\n<p>&nbsp;<\/p>","protected":false},"excerpt":{"rendered":"<p>Lanterne robuste, sans fil, aliment\u00e9e par piles alcalines. Fournit 360 \u00b0 de lumi\u00e8re douce et uniforme. Peut illuminer de grandes surfaces.<\/p>","protected":false},"featured_media":1208,"template":"","meta":[],"product_brand":[144],"product_cat":[462,464,465,48,81],"product_tag":[394,351,350],"class_list":{"0":"post-383","1":"product","2":"type-product","3":"status-publish","4":"has-post-thumbnail","6":"product_brand-streamlight","7":"product_cat-emergency-preparedness","8":"product_cat-flood","9":"product_cat-hurricane","10":"product_cat-lighting","11":"product_cat-personal-lighting","12":"product_tag-light","13":"product_tag-stream-light","14":"product_tag-streamlight","16":"first","17":"instock","18":"shipping-taxable","19":"product-type-simple"},"yoast_head":"<!-- This site is optimized with the Yoast SEO plugin v27.4 - https:\/\/yoast.com\/product\/yoast-seo-wordpress\/ -->\n<title>The Siege\u00ae \u2013 Compact, Alkaline Hand Lantern - Safety Source Fire<\/title>\n<meta name=\"robots\" content=\"index, follow, max-snippet:-1, max-image-preview:large, max-video-preview:-1\" \/>\n<link rel=\"canonical\" href=\"https:\/\/safetysourcefire.ca\/fr\/?product=the-siege-compact-alkaline-hand-lantern\" \/>\n<meta property=\"og:locale\" content=\"fr_CA\" \/>\n<meta property=\"og:type\" content=\"article\" \/>\n<meta property=\"og:title\" content=\"The Siege\u00ae \u2013 Compact, Alkaline Hand Lantern - Safety Source Fire\" \/>\n<meta property=\"og:description\" content=\"Rugged, cordless, alkaline battery-powered lantern provides 360\u00b0 of soft, even light that illuminates a large area.\" \/>\n<meta property=\"og:url\" content=\"https:\/\/safetysourcefire.ca\/fr\/?product=the-siege-compact-alkaline-hand-lantern\" \/>\n<meta property=\"og:site_name\" content=\"Safety Source Fire\" \/>\n<meta property=\"article:publisher\" content=\"https:\/\/www.facebook.com\/mmfssca\" \/>\n<meta property=\"article:modified_time\" content=\"2020-05-01T18:57:26+00:00\" \/>\n<meta property=\"og:image\" content=\"https:\/\/safetysourcefire.ca\/wp-content\/uploads\/2017\/05\/Siege.jpg\" \/>\n\t<meta property=\"og:image:width\" content=\"600\" \/>\n\t<meta property=\"og:image:height\" content=\"600\" \/>\n\t<meta property=\"og:image:type\" content=\"image\/jpeg\" \/>\n<meta name=\"twitter:card\" content=\"summary_large_image\" \/>\n<meta name=\"twitter:site\" content=\"@mmfssca\" \/>\n<meta name=\"twitter:label1\" content=\"Estimation du temps de lecture\" \/>\n\t<meta name=\"twitter:data1\" content=\"1 minute\" \/>\n<script type=\"application\/ld+json\" class=\"yoast-schema-graph\">{\"@context\":\"https:\\\/\\\/schema.org\",\"@graph\":[{\"@type\":\"WebPage\",\"@id\":\"https:\\\/\\\/safetysourcefire.ca\\\/?product=the-siege-compact-alkaline-hand-lantern\",\"url\":\"https:\\\/\\\/safetysourcefire.ca\\\/?product=the-siege-compact-alkaline-hand-lantern\",\"name\":\"The Siege\u00ae \u2013 Compact, Alkaline Hand Lantern - Safety Source Fire\",\"isPartOf\":{\"@id\":\"https:\\\/\\\/safetysourcefire.ca\\\/#website\"},\"primaryImageOfPage\":{\"@id\":\"https:\\\/\\\/safetysourcefire.ca\\\/?product=the-siege-compact-alkaline-hand-lantern#primaryimage\"},\"image\":{\"@id\":\"https:\\\/\\\/safetysourcefire.ca\\\/?product=the-siege-compact-alkaline-hand-lantern#primaryimage\"},\"thumbnailUrl\":\"https:\\\/\\\/safetysourcefire.ca\\\/wp-content\\\/uploads\\\/2017\\\/05\\\/Siege.jpg\",\"datePublished\":\"2017-04-21T17:15:08+00:00\",\"dateModified\":\"2020-05-01T18:57:26+00:00\",\"breadcrumb\":{\"@id\":\"https:\\\/\\\/safetysourcefire.ca\\\/?product=the-siege-compact-alkaline-hand-lantern#breadcrumb\"},\"inLanguage\":\"fr-CA\",\"potentialAction\":[{\"@type\":\"ReadAction\",\"target\":[\"https:\\\/\\\/safetysourcefire.ca\\\/?product=the-siege-compact-alkaline-hand-lantern\"]}]},{\"@type\":\"ImageObject\",\"inLanguage\":\"fr-CA\",\"@id\":\"https:\\\/\\\/safetysourcefire.ca\\\/?product=the-siege-compact-alkaline-hand-lantern#primaryimage\",\"url\":\"https:\\\/\\\/safetysourcefire.ca\\\/wp-content\\\/uploads\\\/2017\\\/05\\\/Siege.jpg\",\"contentUrl\":\"https:\\\/\\\/safetysourcefire.ca\\\/wp-content\\\/uploads\\\/2017\\\/05\\\/Siege.jpg\",\"width\":600,\"height\":600,\"caption\":\"The Siege\u00ae, COMPACT, ALKALINE HAND LANTERN\"},{\"@type\":\"BreadcrumbList\",\"@id\":\"https:\\\/\\\/safetysourcefire.ca\\\/?product=the-siege-compact-alkaline-hand-lantern#breadcrumb\",\"itemListElement\":[{\"@type\":\"ListItem\",\"position\":1,\"name\":\"Home\",\"item\":\"https:\\\/\\\/safetysourcefire.ca\\\/\"},{\"@type\":\"ListItem\",\"position\":2,\"name\":\"Products\",\"item\":\"https:\\\/\\\/safetysourcefire.ca\\\/shop\\\/\"},{\"@type\":\"ListItem\",\"position\":3,\"name\":\"The Siege\u00ae \u2013 Compact, Alkaline Hand Lantern\"}]},{\"@type\":\"WebSite\",\"@id\":\"https:\\\/\\\/safetysourcefire.ca\\\/#website\",\"url\":\"https:\\\/\\\/safetysourcefire.ca\\\/\",\"name\":\"Safety Source Fire\",\"description\":\"\",\"publisher\":{\"@id\":\"https:\\\/\\\/safetysourcefire.ca\\\/#organization\"},\"potentialAction\":[{\"@type\":\"SearchAction\",\"target\":{\"@type\":\"EntryPoint\",\"urlTemplate\":\"https:\\\/\\\/safetysourcefire.ca\\\/?s={search_term_string}\"},\"query-input\":{\"@type\":\"PropertyValueSpecification\",\"valueRequired\":true,\"valueName\":\"search_term_string\"}}],\"inLanguage\":\"fr-CA\"},{\"@type\":\"Organization\",\"@id\":\"https:\\\/\\\/safetysourcefire.ca\\\/#organization\",\"name\":\"Safety Source Fire\",\"url\":\"https:\\\/\\\/safetysourcefire.ca\\\/\",\"logo\":{\"@type\":\"ImageObject\",\"inLanguage\":\"fr-CA\",\"@id\":\"https:\\\/\\\/safetysourcefire.ca\\\/#\\\/schema\\\/logo\\\/image\\\/\",\"url\":\"https:\\\/\\\/safetysourcefire.ca\\\/wp-content\\\/uploads\\\/2021\\\/01\\\/SSF_logo_CC0000-3.png\",\"contentUrl\":\"https:\\\/\\\/safetysourcefire.ca\\\/wp-content\\\/uploads\\\/2021\\\/01\\\/SSF_logo_CC0000-3.png\",\"width\":1107,\"height\":365,\"caption\":\"Safety Source Fire\"},\"image\":{\"@id\":\"https:\\\/\\\/safetysourcefire.ca\\\/#\\\/schema\\\/logo\\\/image\\\/\"},\"sameAs\":[\"https:\\\/\\\/www.facebook.com\\\/mmfssca\",\"https:\\\/\\\/x.com\\\/mmfssca\"]}]}<\/script>\n<!-- \/ Yoast SEO plugin. -->","yoast_head_json":{"title":"The Siege\u00ae \u2013 Lanterne portative compacte et alcaline \u2013 Safety Source Fire","robots":{"index":"index","follow":"follow","max-snippet":"max-snippet:-1","max-image-preview":"max-image-preview:large","max-video-preview":"max-video-preview:-1"},"canonical":"https:\/\/safetysourcefire.ca\/fr\/?product=the-siege-compact-alkaline-hand-lantern","og_locale":"fr_CA","og_type":"article","og_title":"The Siege\u00ae \u2013 Compact, Alkaline Hand Lantern - Safety Source Fire","og_description":"Rugged, cordless, alkaline battery-powered lantern provides 360\u00b0 of soft, even light that illuminates a large area.","og_url":"https:\/\/safetysourcefire.ca\/fr\/?product=the-siege-compact-alkaline-hand-lantern","og_site_name":"Safety Source Fire","article_publisher":"https:\/\/www.facebook.com\/mmfssca","article_modified_time":"2020-05-01T18:57:26+00:00","og_image":[{"width":600,"height":600,"url":"https:\/\/safetysourcefire.ca\/wp-content\/uploads\/2017\/05\/Siege.jpg","type":"image\/jpeg"}],"twitter_card":"summary_large_image","twitter_site":"@mmfssca","twitter_misc":{"Estimation du temps de lecture":"1 minute"},"schema":{"@context":"https:\/\/schema.org","@graph":[{"@type":"WebPage","@id":"https:\/\/safetysourcefire.ca\/?product=the-siege-compact-alkaline-hand-lantern","url":"https:\/\/safetysourcefire.ca\/?product=the-siege-compact-alkaline-hand-lantern","name":"The Siege\u00ae \u2013 Lanterne portative compacte et alcaline \u2013 Safety Source Fire","isPartOf":{"@id":"https:\/\/safetysourcefire.ca\/#website"},"primaryImageOfPage":{"@id":"https:\/\/safetysourcefire.ca\/?product=the-siege-compact-alkaline-hand-lantern#primaryimage"},"image":{"@id":"https:\/\/safetysourcefire.ca\/?product=the-siege-compact-alkaline-hand-lantern#primaryimage"},"thumbnailUrl":"https:\/\/safetysourcefire.ca\/wp-content\/uploads\/2017\/05\/Siege.jpg","datePublished":"2017-04-21T17:15:08+00:00","dateModified":"2020-05-01T18:57:26+00:00","breadcrumb":{"@id":"https:\/\/safetysourcefire.ca\/?product=the-siege-compact-alkaline-hand-lantern#breadcrumb"},"inLanguage":"fr-CA","potentialAction":[{"@type":"ReadAction","target":["https:\/\/safetysourcefire.ca\/?product=the-siege-compact-alkaline-hand-lantern"]}]},{"@type":"ImageObject","inLanguage":"fr-CA","@id":"https:\/\/safetysourcefire.ca\/?product=the-siege-compact-alkaline-hand-lantern#primaryimage","url":"https:\/\/safetysourcefire.ca\/wp-content\/uploads\/2017\/05\/Siege.jpg","contentUrl":"https:\/\/safetysourcefire.ca\/wp-content\/uploads\/2017\/05\/Siege.jpg","width":600,"height":600,"caption":"The Siege\u00ae, COMPACT, ALKALINE HAND LANTERN"},{"@type":"BreadcrumbList","@id":"https:\/\/safetysourcefire.ca\/?product=the-siege-compact-alkaline-hand-lantern#breadcrumb","itemListElement":[{"@type":"ListItem","position":1,"name":"Home","item":"https:\/\/safetysourcefire.ca\/"},{"@type":"ListItem","position":2,"name":"Products","item":"https:\/\/safetysourcefire.ca\/shop\/"},{"@type":"ListItem","position":3,"name":"The Siege\u00ae \u2013 Compact, Alkaline Hand Lantern"}]},{"@type":"WebSite","@id":"https:\/\/safetysourcefire.ca\/#website","url":"https:\/\/safetysourcefire.ca\/","name":"Safety Source Fire","description":"","publisher":{"@id":"https:\/\/safetysourcefire.ca\/#organization"},"potentialAction":[{"@type":"SearchAction","target":{"@type":"EntryPoint","urlTemplate":"https:\/\/safetysourcefire.ca\/?s={search_term_string}"},"query-input":{"@type":"PropertyValueSpecification","valueRequired":true,"valueName":"search_term_string"}}],"inLanguage":"fr-CA"},{"@type":"Organization","@id":"https:\/\/safetysourcefire.ca\/#organization","name":"Safety Source Fire","url":"https:\/\/safetysourcefire.ca\/","logo":{"@type":"ImageObject","inLanguage":"fr-CA","@id":"https:\/\/safetysourcefire.ca\/#\/schema\/logo\/image\/","url":"https:\/\/safetysourcefire.ca\/wp-content\/uploads\/2021\/01\/SSF_logo_CC0000-3.png","contentUrl":"https:\/\/safetysourcefire.ca\/wp-content\/uploads\/2021\/01\/SSF_logo_CC0000-3.png","width":1107,"height":365,"caption":"Safety Source Fire"},"image":{"@id":"https:\/\/safetysourcefire.ca\/#\/schema\/logo\/image\/"},"sameAs":["https:\/\/www.facebook.com\/mmfssca","https:\/\/x.com\/mmfssca"]}]}},"_links":{"self":[{"href":"https:\/\/safetysourcefire.ca\/fr\/wp-json\/wp\/v2\/product\/383","targetHints":{"allow":["GET"]}}],"collection":[{"href":"https:\/\/safetysourcefire.ca\/fr\/wp-json\/wp\/v2\/product"}],"about":[{"href":"https:\/\/safetysourcefire.ca\/fr\/wp-json\/wp\/v2\/types\/product"}],"wp:featuredmedia":[{"embeddable":true,"href":"https:\/\/safetysourcefire.ca\/fr\/wp-json\/wp\/v2\/media\/1208"}],"wp:attachment":[{"href":"https:\/\/safetysourcefire.ca\/fr\/wp-json\/wp\/v2\/media?parent=383"}],"wp:term":[{"taxonomy":"product_brand","embeddable":true,"href":"https:\/\/safetysourcefire.ca\/fr\/wp-json\/wp\/v2\/product_brand?post=383"},{"taxonomy":"product_cat","embeddable":true,"href":"https:\/\/safetysourcefire.ca\/fr\/wp-json\/wp\/v2\/product_cat?post=383"},{"taxonomy":"product_tag","embeddable":true,"href":"https:\/\/safetysourcefire.ca\/fr\/wp-json\/wp\/v2\/product_tag?post=383"}],"curies":[{"name":"wp","href":"https:\/\/api.w.org\/{rel}","templated":true}]}}